{"id":28503,"date":"2022-06-15T11:08:59","date_gmt":"2022-06-15T11:08:59","guid":{"rendered":"https:\/\/penosil.com\/de\/?post_type=product&#038;p=28503"},"modified":"2026-01-09T01:16:54","modified_gmt":"2026-01-09T01:16:54","slug":"2k-tuerzargenschaum-b2-207-rasche-aushaertung","status":"publish","type":"product","link":"https:\/\/penosil.com\/de\/produkt\/2k-tuerzargenschaum-b2-207-rasche-aushaertung\/","title":{"rendered":"2K Zargen- und Wannentr\u00e4gerschaum B2 207"},"content":{"rendered":"<p>PENOSIL 2K Zargen- und Wannentr\u00e4gerschaum B2 207 ist ein Zweikomponentiger Montageschaum mit der Brandklasse B2, schnell aush\u00e4rtend. Haftet gut auf den meisten g\u00e4ngigen Baumaterialien wie Holz, Beton, Stein, Putz, Metall, PVC und Polystyrol.<\/p>\n","protected":false},"excerpt":{"rendered":"2-Komponenten-Schaum ","protected":false},"author":7,"featured_media":30060,"template":"","meta":{"_acf_changed":false,"advgb_blocks_editor_width":"","advgb_blocks_columns_visual_guide":"","footnotes":""},"product_brand":[],"product_cat":[2566,2514,2553,2569,2559],"product_tag":[],"class_list":{"0":"post-28503","1":"product","2":"type-product","3":"status-publish","4":"has-post-thumbnail","6":"product_cat-pu-schaume","7":"product_cat-anwendungsbereiche","8":"product_cat-fenster-tueren","9":"product_cat-montageschaume","10":"product_cat-produktgruppen","12":"first","13":"outofstock","14":"taxable","15":"shipping-taxable","16":"purchasable","17":"product-type-simple"},"acf":[],"yoast_head":"<!-- This site is optimized with the Yoast SEO plugin v27.2 - https:\/\/yoast.com\/product\/yoast-seo-wordpress\/ -->\n<title>2K T\u00fcrzargenschaum B2 207 Rasche Aush\u00e4rtung | Penosil DE<\/title>\n<meta name=\"description\" content=\"PENOSIL 2K Zargen- und Wannentr\u00e4gerschaum B2 207 Einbau von Fenstern und T\u00fcren, F\u00fcllen und Isolieren von schwer zug\u00e4nglichen Bereichen.\" \/>\n<meta name=\"robots\" content=\"index, follow, max-snippet:-1, max-image-preview:large, max-video-preview:-1\" \/>\n<link rel=\"canonical\" href=\"https:\/\/penosil.com\/de\/produkt\/2k-tuerzargenschaum-b2-207-rasche-aushaertung\/\" \/>\n<meta property=\"og:locale\" content=\"de_DE\" \/>\n<meta property=\"og:type\" content=\"article\" \/>\n<meta property=\"og:title\" content=\"2K T\u00fcrzargenschaum B2 207 Rasche Aush\u00e4rtung | Penosil DE\" \/>\n<meta property=\"og:description\" content=\"PENOSIL 2K Zargen- und Wannentr\u00e4gerschaum B2 207 Einbau von Fenstern und T\u00fcren, F\u00fcllen und Isolieren von schwer zug\u00e4nglichen Bereichen.\" \/>\n<meta property=\"og:url\" content=\"https:\/\/penosil.com\/de\/produkt\/2k-tuerzargenschaum-b2-207-rasche-aushaertung\/\" \/>\n<meta property=\"og:site_name\" content=\"Penosil Germany\" \/>\n<meta property=\"article:modified_time\" content=\"2026-01-09T01:16:54+00:00\" \/>\n<meta property=\"og:image\" content=\"https:\/\/penosil.com\/de\/wp-content\/uploads\/sites\/33\/2024\/08\/207_2K_Zargen-und_WannentrC3A4gerschaum_B2_207_DE.png\" \/>\n\t<meta property=\"og:image:width\" content=\"523\" \/>\n\t<meta property=\"og:image:height\" content=\"1080\" \/>\n\t<meta property=\"og:image:type\" content=\"image\/png\" \/>\n<meta name=\"twitter:card\" content=\"summary_large_image\" \/>\n<meta name=\"twitter:label1\" content=\"Gesch\u00e4tzte Lesezeit\" \/>\n\t<meta name=\"twitter:data1\" content=\"5\u00a0Minuten\" \/>\n<script type=\"application\/ld+json\" class=\"yoast-schema-graph\">{\"@context\":\"https:\/\/schema.org\",\"@graph\":[{\"@type\":\"WebPage\",\"@id\":\"https:\/\/penosil.com\/de\/produkt\/2k-tuerzargenschaum-b2-207-rasche-aushaertung\/\",\"url\":\"https:\/\/penosil.com\/de\/produkt\/2k-tuerzargenschaum-b2-207-rasche-aushaertung\/\",\"name\":\"2K T\u00fcrzargenschaum B2 207 Rasche Aush\u00e4rtung | Penosil DE\",\"isPartOf\":{\"@id\":\"https:\/\/penosil.com\/de\/#website\"},\"primaryImageOfPage\":{\"@id\":\"https:\/\/penosil.com\/de\/produkt\/2k-tuerzargenschaum-b2-207-rasche-aushaertung\/#primaryimage\"},\"image\":{\"@id\":\"https:\/\/penosil.com\/de\/produkt\/2k-tuerzargenschaum-b2-207-rasche-aushaertung\/#primaryimage\"},\"thumbnailUrl\":\"https:\/\/penosil.com\/de\/wp-content\/uploads\/sites\/33\/2024\/08\/207_2K_Zargen-und_WannentrC3A4gerschaum_B2_207_DE.png\",\"datePublished\":\"2022-06-15T11:08:59+00:00\",\"dateModified\":\"2026-01-09T01:16:54+00:00\",\"description\":\"PENOSIL 2K Zargen- und Wannentr\u00e4gerschaum B2 207 Einbau von Fenstern und T\u00fcren, F\u00fcllen und Isolieren von schwer zug\u00e4nglichen Bereichen.\",\"breadcrumb\":{\"@id\":\"https:\/\/penosil.com\/de\/produkt\/2k-tuerzargenschaum-b2-207-rasche-aushaertung\/#breadcrumb\"},\"inLanguage\":\"de\",\"potentialAction\":[{\"@type\":\"ReadAction\",\"target\":[\"https:\/\/penosil.com\/de\/produkt\/2k-tuerzargenschaum-b2-207-rasche-aushaertung\/\"]}]},{\"@type\":\"ImageObject\",\"inLanguage\":\"de\",\"@id\":\"https:\/\/penosil.com\/de\/produkt\/2k-tuerzargenschaum-b2-207-rasche-aushaertung\/#primaryimage\",\"url\":\"https:\/\/penosil.com\/de\/wp-content\/uploads\/sites\/33\/2024\/08\/207_2K_Zargen-und_WannentrC3A4gerschaum_B2_207_DE.png\",\"contentUrl\":\"https:\/\/penosil.com\/de\/wp-content\/uploads\/sites\/33\/2024\/08\/207_2K_Zargen-und_WannentrC3A4gerschaum_B2_207_DE.png\",\"width\":523,\"height\":1080,\"caption\":\"2K T\u00fcrzargenschaum B2 207 Rasche Aush\u00e4rtung\"},{\"@type\":\"BreadcrumbList\",\"@id\":\"https:\/\/penosil.com\/de\/produkt\/2k-tuerzargenschaum-b2-207-rasche-aushaertung\/#breadcrumb\",\"itemListElement\":[{\"@type\":\"ListItem\",\"position\":1,\"name\":\"Starseite\",\"item\":\"https:\/\/penosil.com\/de\/\"},{\"@type\":\"ListItem\",\"position\":2,\"name\":\"Produkte\",\"item\":\"https:\/\/penosil.com\/de\/produkte\/\"},{\"@type\":\"ListItem\",\"position\":3,\"name\":\"2K Zargen- und Wannentr\u00e4gerschaum B2 207\"}]},{\"@type\":\"WebSite\",\"@id\":\"https:\/\/penosil.com\/de\/#website\",\"url\":\"https:\/\/penosil.com\/de\/\",\"name\":\"Penosil Germany\",\"description\":\"\",\"potentialAction\":[{\"@type\":\"SearchAction\",\"target\":{\"@type\":\"EntryPoint\",\"urlTemplate\":\"https:\/\/penosil.com\/de\/?s={search_term_string}\"},\"query-input\":{\"@type\":\"PropertyValueSpecification\",\"valueRequired\":true,\"valueName\":\"search_term_string\"}}],\"inLanguage\":\"de\"}]}<\/script>\n<!-- \/ Yoast SEO plugin. -->","yoast_head_json":{"title":"2K T\u00fcrzargenschaum B2 207 Rasche Aush\u00e4rtung | Penosil DE","description":"PENOSIL 2K Zargen- und Wannentr\u00e4gerschaum B2 207 Einbau von Fenstern und T\u00fcren, F\u00fcllen und Isolieren von schwer zug\u00e4nglichen Bereichen.","robots":{"index":"index","follow":"follow","max-snippet":"max-snippet:-1","max-image-preview":"max-image-preview:large","max-video-preview":"max-video-preview:-1"},"canonical":"https:\/\/penosil.com\/de\/produkt\/2k-tuerzargenschaum-b2-207-rasche-aushaertung\/","og_locale":"de_DE","og_type":"article","og_title":"2K T\u00fcrzargenschaum B2 207 Rasche Aush\u00e4rtung | Penosil DE","og_description":"PENOSIL 2K Zargen- und Wannentr\u00e4gerschaum B2 207 Einbau von Fenstern und T\u00fcren, F\u00fcllen und Isolieren von schwer zug\u00e4nglichen Bereichen.","og_url":"https:\/\/penosil.com\/de\/produkt\/2k-tuerzargenschaum-b2-207-rasche-aushaertung\/","og_site_name":"Penosil Germany","article_modified_time":"2026-01-09T01:16:54+00:00","og_image":[{"width":523,"height":1080,"url":"https:\/\/penosil.com\/de\/wp-content\/uploads\/sites\/33\/2024\/08\/207_2K_Zargen-und_WannentrC3A4gerschaum_B2_207_DE.png","type":"image\/png"}],"twitter_card":"summary_large_image","twitter_misc":{"Gesch\u00e4tzte Lesezeit":"5\u00a0Minuten"},"schema":{"@context":"https:\/\/schema.org","@graph":[{"@type":"WebPage","@id":"https:\/\/penosil.com\/de\/produkt\/2k-tuerzargenschaum-b2-207-rasche-aushaertung\/","url":"https:\/\/penosil.com\/de\/produkt\/2k-tuerzargenschaum-b2-207-rasche-aushaertung\/","name":"2K T\u00fcrzargenschaum B2 207 Rasche Aush\u00e4rtung | Penosil DE","isPartOf":{"@id":"https:\/\/penosil.com\/de\/#website"},"primaryImageOfPage":{"@id":"https:\/\/penosil.com\/de\/produkt\/2k-tuerzargenschaum-b2-207-rasche-aushaertung\/#primaryimage"},"image":{"@id":"https:\/\/penosil.com\/de\/produkt\/2k-tuerzargenschaum-b2-207-rasche-aushaertung\/#primaryimage"},"thumbnailUrl":"https:\/\/penosil.com\/de\/wp-content\/uploads\/sites\/33\/2024\/08\/207_2K_Zargen-und_WannentrC3A4gerschaum_B2_207_DE.png","datePublished":"2022-06-15T11:08:59+00:00","dateModified":"2026-01-09T01:16:54+00:00","description":"PENOSIL 2K Zargen- und Wannentr\u00e4gerschaum B2 207 Einbau von Fenstern und T\u00fcren, F\u00fcllen und Isolieren von schwer zug\u00e4nglichen Bereichen.","breadcrumb":{"@id":"https:\/\/penosil.com\/de\/produkt\/2k-tuerzargenschaum-b2-207-rasche-aushaertung\/#breadcrumb"},"inLanguage":"de","potentialAction":[{"@type":"ReadAction","target":["https:\/\/penosil.com\/de\/produkt\/2k-tuerzargenschaum-b2-207-rasche-aushaertung\/"]}]},{"@type":"ImageObject","inLanguage":"de","@id":"https:\/\/penosil.com\/de\/produkt\/2k-tuerzargenschaum-b2-207-rasche-aushaertung\/#primaryimage","url":"https:\/\/penosil.com\/de\/wp-content\/uploads\/sites\/33\/2024\/08\/207_2K_Zargen-und_WannentrC3A4gerschaum_B2_207_DE.png","contentUrl":"https:\/\/penosil.com\/de\/wp-content\/uploads\/sites\/33\/2024\/08\/207_2K_Zargen-und_WannentrC3A4gerschaum_B2_207_DE.png","width":523,"height":1080,"caption":"2K T\u00fcrzargenschaum B2 207 Rasche Aush\u00e4rtung"},{"@type":"BreadcrumbList","@id":"https:\/\/penosil.com\/de\/produkt\/2k-tuerzargenschaum-b2-207-rasche-aushaertung\/#breadcrumb","itemListElement":[{"@type":"ListItem","position":1,"name":"Starseite","item":"https:\/\/penosil.com\/de\/"},{"@type":"ListItem","position":2,"name":"Produkte","item":"https:\/\/penosil.com\/de\/produkte\/"},{"@type":"ListItem","position":3,"name":"2K Zargen- und Wannentr\u00e4gerschaum B2 207"}]},{"@type":"WebSite","@id":"https:\/\/penosil.com\/de\/#website","url":"https:\/\/penosil.com\/de\/","name":"Penosil Germany","description":"","potentialAction":[{"@type":"SearchAction","target":{"@type":"EntryPoint","urlTemplate":"https:\/\/penosil.com\/de\/?s={search_term_string}"},"query-input":{"@type":"PropertyValueSpecification","valueRequired":true,"valueName":"search_term_string"}}],"inLanguage":"de"}]}},"featured_img":"https:\/\/penosil.com\/de\/wp-content\/uploads\/sites\/33\/2024\/08\/207_2K_Zargen-und_WannentrC3A4gerschaum_B2_207_DE.png","coauthors":[],"author_meta":{"author_link":"https:\/\/penosil.com\/de\/author\/yanina\/","display_name":"Yanina Leskova"},"relative_dates":{"created":"Posted 4\u00a0Jahren ago","modified":"Updated 3\u00a0Monaten ago"},"absolute_dates":{"created":"Posted on 15. Juni 2022","modified":"Updated on 9. Januar 2026"},"absolute_dates_time":{"created":"Posted on 15. Juni 2022 11:08","modified":"Updated on 9. Januar 2026 1:16"},"featured_img_caption":"","tax_additional":{"product_brand":{"linked":[],"unlinked":[],"slug":"product_brand","name":"Marken"},"product_type":{"linked":["<a href=\"https:\/\/penosil.com\/de\/?taxonomy=product_type&#038;term=simple\" class=\"advgb-post-tax-term\">simple<\/a>"],"unlinked":["<span class=\"advgb-post-tax-term\">simple<\/span>"],"slug":"product_type","name":"Produkttyp"},"product_visibility":{"linked":["<a href=\"https:\/\/penosil.com\/de\/en\/?taxonomy=product_visibility&#038;term=outofstock\" class=\"advgb-post-tax-term\">outofstock<\/a>"],"unlinked":["<span class=\"advgb-post-tax-term\">outofstock<\/span>"],"slug":"product_visibility","name":"Sichtbarkeit des Produkts"},"product_cat":{"linked":["<a href=\"https:\/\/penosil.com\/de\/produkt-kategorie\/produktgruppen\/pu-schaume\/\" class=\"advgb-post-tax-term\">PU-Sch\u00e4ume<\/a>","<a href=\"https:\/\/penosil.com\/de\/produkt-kategorie\/anwendungsbereiche\/\" class=\"advgb-post-tax-term\">Anwendungsbereiche<\/a>","<a href=\"https:\/\/penosil.com\/de\/produkt-kategorie\/anwendungsbereiche\/fenster-tueren\/\" class=\"advgb-post-tax-term\">Fenster &amp; T\u00fcren<\/a>","<a href=\"https:\/\/penosil.com\/de\/produkt-kategorie\/produktgruppen\/pu-schaume\/montageschaume\/\" class=\"advgb-post-tax-term\">Montagesch\u00e4ume<\/a>","<a href=\"https:\/\/penosil.com\/de\/produkt-kategorie\/produktgruppen\/\" class=\"advgb-post-tax-term\">Produktgruppen<\/a>"],"unlinked":["<span class=\"advgb-post-tax-term\">PU-Sch\u00e4ume<\/span>","<span class=\"advgb-post-tax-term\">Anwendungsbereiche<\/span>","<span class=\"advgb-post-tax-term\">Fenster &amp; T\u00fcren<\/span>","<span class=\"advgb-post-tax-term\">Montagesch\u00e4ume<\/span>","<span class=\"advgb-post-tax-term\">Produktgruppen<\/span>"],"slug":"product_cat","name":"Produkt-Kategorien"},"product_tag":{"linked":[],"unlinked":[],"slug":"product_tag","name":"Produkt-Schlagw\u00f6rter"},"product_shipping_class":{"linked":[],"unlinked":[],"slug":"product_shipping_class","name":"Produkt Versandklasse"},"pos_product_visibility":{"linked":[],"unlinked":[],"slug":"pos_product_visibility","name":"POS-Produkt-Sichtbarkeit."},"pa_diameter":{"linked":[],"unlinked":[],"slug":"pa_diameter","name":"Product Diameter"},"pa_farbe":{"linked":["<a href=\"https:\/\/penosil.com\/de\/?taxonomy=pa_farbe&#038;term=grun\" class=\"advgb-post-tax-term\">Gr\u00fcn<\/a>"],"unlinked":["<span class=\"advgb-post-tax-term\">Gr\u00fcn<\/span>"],"slug":"pa_farbe","name":"Product Farbe"},"pa_roll":{"linked":[],"unlinked":[],"slug":"pa_roll","name":"Product Roll"},"pa_verpackung":{"linked":[],"unlinked":[],"slug":"pa_verpackung","name":"Product Verpackung"},"pa_widths":{"linked":[],"unlinked":[],"slug":"pa_widths","name":"Product Widths"},"translation_priority":{"linked":["<a href=\"https:\/\/penosil.com\/de\/?taxonomy=translation_priority&#038;term=optional-de\" class=\"advgb-post-tax-term\">Optional<\/a>"],"unlinked":["<span class=\"advgb-post-tax-term\">Optional<\/span>"],"slug":"translation_priority","name":"\u00dcbersetzungspriorit\u00e4ten"}},"series_order":"","_links":{"self":[{"href":"https:\/\/penosil.com\/de\/wp-json\/wp\/v2\/product\/28503","targetHints":{"allow":["GET"]}}],"collection":[{"href":"https:\/\/penosil.com\/de\/wp-json\/wp\/v2\/product"}],"about":[{"href":"https:\/\/penosil.com\/de\/wp-json\/wp\/v2\/types\/product"}],"version-history":[{"count":11,"href":"https:\/\/penosil.com\/de\/wp-json\/wp\/v2\/product\/28503\/revisions"}],"predecessor-version":[{"id":31828,"href":"https:\/\/penosil.com\/de\/wp-json\/wp\/v2\/product\/28503\/revisions\/31828"}],"wp:featuredmedia":[{"embeddable":true,"href":"https:\/\/penosil.com\/de\/wp-json\/wp\/v2\/media\/30060"}],"wp:attachment":[{"href":"https:\/\/penosil.com\/de\/wp-json\/wp\/v2\/media?parent=28503"}],"wp:term":[{"taxonomy":"product_brand","embeddable":true,"href":"https:\/\/penosil.com\/de\/wp-json\/wp\/v2\/product_brand?post=28503"},{"taxonomy":"product_cat","embeddable":true,"href":"https:\/\/penosil.com\/de\/wp-json\/wp\/v2\/product_cat?post=28503"},{"taxonomy":"product_tag","embeddable":true,"href":"https:\/\/penosil.com\/de\/wp-json\/wp\/v2\/product_tag?post=28503"}],"curies":[{"name":"wp","href":"https:\/\/api.w.org\/{rel}","templated":true}]}}