{"id":28507,"date":"2022-06-15T13:12:03","date_gmt":"2022-06-15T13:12:03","guid":{"rendered":"https:\/\/penosil.com\/de\/?post_type=product&#038;p=28507"},"modified":"2026-01-17T01:09:04","modified_gmt":"2026-01-17T01:09:04","slug":"korniges-acryl","status":"publish","type":"product","link":"https:\/\/penosil.com\/de\/produkt\/korniges-acryl\/","title":{"rendered":"Struktur Acryl 655"},"content":{"rendered":"<p>PENOSIL Struktur Acryl 655 ist ein elastisch-plastischer Acryl-Dichtstoff auf Wasserbasis mit k\u00f6rniger Struktur f\u00fcr das Verf\u00fcllen und Abdichten kleinerer Spalten und Risse auf rauen Oberfl\u00e4chen. K\u00f6rnige Formel f\u00fcr gleichm\u00e4\u00dfige, wetterfeste Oberfl\u00e4chen auf rauem Untergrund wie z.B. Putz.<\/p>\n","protected":false},"excerpt":{"rendered":"K\u00f6rniger Dichtstoff auf Acrylbasis","protected":false},"author":7,"featured_media":29492,"template":"","meta":{"_acf_changed":false,"advgb_blocks_editor_width":"","advgb_blocks_columns_visual_guide":"","footnotes":""},"product_brand":[],"product_cat":[2514,2570,2559,2571,2526],"product_tag":[],"class_list":{"0":"post-28507","1":"product","2":"type-product","3":"status-publish","4":"has-post-thumbnail","6":"product_cat-anwendungsbereiche","7":"product_cat-dichtstoffe","8":"product_cat-produktgruppen","9":"product_cat-acryl-dichtstoffe","10":"product_cat-dekoration","12":"first","13":"outofstock","14":"taxable","15":"shipping-taxable","16":"purchasable","17":"product-type-simple"},"acf":[],"yoast_head":"<!-- This site is optimized with the Yoast SEO plugin v27.2 - https:\/\/yoast.com\/product\/yoast-seo-wordpress\/ -->\n<title>PENOSIL Struktur Acryl 655 k\u00f6rniges Acryl f\u00fcr raue Oberfl\u00e4chen<\/title>\n<meta name=\"description\" content=\"PENOSIL Struktur Acryl 655 k\u00f6rniges Acryl zum Verf\u00fcllen von Rissen in Putz und anderen rauen Oberfl\u00e4chen. Erfahren Sie mehr!\" \/>\n<meta name=\"robots\" content=\"index, follow, max-snippet:-1, max-image-preview:large, max-video-preview:-1\" \/>\n<link rel=\"canonical\" href=\"https:\/\/penosil.com\/de\/produkt\/korniges-acryl\/\" \/>\n<meta property=\"og:locale\" content=\"de_DE\" \/>\n<meta property=\"og:type\" content=\"article\" \/>\n<meta property=\"og:title\" content=\"PENOSIL Struktur Acryl 655 k\u00f6rniges Acryl f\u00fcr raue Oberfl\u00e4chen\" \/>\n<meta property=\"og:description\" content=\"PENOSIL Struktur Acryl 655 k\u00f6rniges Acryl zum Verf\u00fcllen von Rissen in Putz und anderen rauen Oberfl\u00e4chen. Erfahren Sie mehr!\" \/>\n<meta property=\"og:url\" content=\"https:\/\/penosil.com\/de\/produkt\/korniges-acryl\/\" \/>\n<meta property=\"og:site_name\" content=\"Penosil Germany\" \/>\n<meta property=\"article:modified_time\" content=\"2026-01-17T01:09:04+00:00\" \/>\n<meta property=\"og:image\" content=\"https:\/\/penosil.com\/de\/wp-content\/uploads\/sites\/33\/2024\/05\/655_Struktur_Acryl_655_DE2028129.png\" \/>\n\t<meta property=\"og:image:width\" content=\"387\" \/>\n\t<meta property=\"og:image:height\" content=\"1080\" \/>\n\t<meta property=\"og:image:type\" content=\"image\/png\" \/>\n<meta name=\"twitter:card\" content=\"summary_large_image\" \/>\n<meta name=\"twitter:label1\" content=\"Gesch\u00e4tzte Lesezeit\" \/>\n\t<meta name=\"twitter:data1\" content=\"3\u00a0Minuten\" \/>\n<script type=\"application\/ld+json\" class=\"yoast-schema-graph\">{\"@context\":\"https:\/\/schema.org\",\"@graph\":[{\"@type\":\"WebPage\",\"@id\":\"https:\/\/penosil.com\/de\/produkt\/korniges-acryl\/\",\"url\":\"https:\/\/penosil.com\/de\/produkt\/korniges-acryl\/\",\"name\":\"PENOSIL Struktur Acryl 655 k\u00f6rniges Acryl f\u00fcr raue Oberfl\u00e4chen\",\"isPartOf\":{\"@id\":\"https:\/\/penosil.com\/de\/#website\"},\"primaryImageOfPage\":{\"@id\":\"https:\/\/penosil.com\/de\/produkt\/korniges-acryl\/#primaryimage\"},\"image\":{\"@id\":\"https:\/\/penosil.com\/de\/produkt\/korniges-acryl\/#primaryimage\"},\"thumbnailUrl\":\"https:\/\/penosil.com\/de\/wp-content\/uploads\/sites\/33\/2024\/05\/655_Struktur_Acryl_655_DE2028129.png\",\"datePublished\":\"2022-06-15T13:12:03+00:00\",\"dateModified\":\"2026-01-17T01:09:04+00:00\",\"description\":\"PENOSIL Struktur Acryl 655 k\u00f6rniges Acryl zum Verf\u00fcllen von Rissen in Putz und anderen rauen Oberfl\u00e4chen. Erfahren Sie mehr!\",\"breadcrumb\":{\"@id\":\"https:\/\/penosil.com\/de\/produkt\/korniges-acryl\/#breadcrumb\"},\"inLanguage\":\"de\",\"potentialAction\":[{\"@type\":\"ReadAction\",\"target\":[\"https:\/\/penosil.com\/de\/produkt\/korniges-acryl\/\"]}]},{\"@type\":\"ImageObject\",\"inLanguage\":\"de\",\"@id\":\"https:\/\/penosil.com\/de\/produkt\/korniges-acryl\/#primaryimage\",\"url\":\"https:\/\/penosil.com\/de\/wp-content\/uploads\/sites\/33\/2024\/05\/655_Struktur_Acryl_655_DE2028129.png\",\"contentUrl\":\"https:\/\/penosil.com\/de\/wp-content\/uploads\/sites\/33\/2024\/05\/655_Struktur_Acryl_655_DE2028129.png\",\"width\":387,\"height\":1080},{\"@type\":\"BreadcrumbList\",\"@id\":\"https:\/\/penosil.com\/de\/produkt\/korniges-acryl\/#breadcrumb\",\"itemListElement\":[{\"@type\":\"ListItem\",\"position\":1,\"name\":\"Starseite\",\"item\":\"https:\/\/penosil.com\/de\/\"},{\"@type\":\"ListItem\",\"position\":2,\"name\":\"Produkte\",\"item\":\"https:\/\/penosil.com\/de\/produkte\/\"},{\"@type\":\"ListItem\",\"position\":3,\"name\":\"Struktur Acryl 655\"}]},{\"@type\":\"WebSite\",\"@id\":\"https:\/\/penosil.com\/de\/#website\",\"url\":\"https:\/\/penosil.com\/de\/\",\"name\":\"Penosil Germany\",\"description\":\"\",\"potentialAction\":[{\"@type\":\"SearchAction\",\"target\":{\"@type\":\"EntryPoint\",\"urlTemplate\":\"https:\/\/penosil.com\/de\/?s={search_term_string}\"},\"query-input\":{\"@type\":\"PropertyValueSpecification\",\"valueRequired\":true,\"valueName\":\"search_term_string\"}}],\"inLanguage\":\"de\"}]}<\/script>\n<!-- \/ Yoast SEO plugin. -->","yoast_head_json":{"title":"PENOSIL Struktur Acryl 655 k\u00f6rniges Acryl f\u00fcr raue Oberfl\u00e4chen","description":"PENOSIL Struktur Acryl 655 k\u00f6rniges Acryl zum Verf\u00fcllen von Rissen in Putz und anderen rauen Oberfl\u00e4chen. Erfahren Sie mehr!","robots":{"index":"index","follow":"follow","max-snippet":"max-snippet:-1","max-image-preview":"max-image-preview:large","max-video-preview":"max-video-preview:-1"},"canonical":"https:\/\/penosil.com\/de\/produkt\/korniges-acryl\/","og_locale":"de_DE","og_type":"article","og_title":"PENOSIL Struktur Acryl 655 k\u00f6rniges Acryl f\u00fcr raue Oberfl\u00e4chen","og_description":"PENOSIL Struktur Acryl 655 k\u00f6rniges Acryl zum Verf\u00fcllen von Rissen in Putz und anderen rauen Oberfl\u00e4chen. Erfahren Sie mehr!","og_url":"https:\/\/penosil.com\/de\/produkt\/korniges-acryl\/","og_site_name":"Penosil Germany","article_modified_time":"2026-01-17T01:09:04+00:00","og_image":[{"width":387,"height":1080,"url":"https:\/\/penosil.com\/de\/wp-content\/uploads\/sites\/33\/2024\/05\/655_Struktur_Acryl_655_DE2028129.png","type":"image\/png"}],"twitter_card":"summary_large_image","twitter_misc":{"Gesch\u00e4tzte Lesezeit":"3\u00a0Minuten"},"schema":{"@context":"https:\/\/schema.org","@graph":[{"@type":"WebPage","@id":"https:\/\/penosil.com\/de\/produkt\/korniges-acryl\/","url":"https:\/\/penosil.com\/de\/produkt\/korniges-acryl\/","name":"PENOSIL Struktur Acryl 655 k\u00f6rniges Acryl f\u00fcr raue Oberfl\u00e4chen","isPartOf":{"@id":"https:\/\/penosil.com\/de\/#website"},"primaryImageOfPage":{"@id":"https:\/\/penosil.com\/de\/produkt\/korniges-acryl\/#primaryimage"},"image":{"@id":"https:\/\/penosil.com\/de\/produkt\/korniges-acryl\/#primaryimage"},"thumbnailUrl":"https:\/\/penosil.com\/de\/wp-content\/uploads\/sites\/33\/2024\/05\/655_Struktur_Acryl_655_DE2028129.png","datePublished":"2022-06-15T13:12:03+00:00","dateModified":"2026-01-17T01:09:04+00:00","description":"PENOSIL Struktur Acryl 655 k\u00f6rniges Acryl zum Verf\u00fcllen von Rissen in Putz und anderen rauen Oberfl\u00e4chen. Erfahren Sie mehr!","breadcrumb":{"@id":"https:\/\/penosil.com\/de\/produkt\/korniges-acryl\/#breadcrumb"},"inLanguage":"de","potentialAction":[{"@type":"ReadAction","target":["https:\/\/penosil.com\/de\/produkt\/korniges-acryl\/"]}]},{"@type":"ImageObject","inLanguage":"de","@id":"https:\/\/penosil.com\/de\/produkt\/korniges-acryl\/#primaryimage","url":"https:\/\/penosil.com\/de\/wp-content\/uploads\/sites\/33\/2024\/05\/655_Struktur_Acryl_655_DE2028129.png","contentUrl":"https:\/\/penosil.com\/de\/wp-content\/uploads\/sites\/33\/2024\/05\/655_Struktur_Acryl_655_DE2028129.png","width":387,"height":1080},{"@type":"BreadcrumbList","@id":"https:\/\/penosil.com\/de\/produkt\/korniges-acryl\/#breadcrumb","itemListElement":[{"@type":"ListItem","position":1,"name":"Starseite","item":"https:\/\/penosil.com\/de\/"},{"@type":"ListItem","position":2,"name":"Produkte","item":"https:\/\/penosil.com\/de\/produkte\/"},{"@type":"ListItem","position":3,"name":"Struktur Acryl 655"}]},{"@type":"WebSite","@id":"https:\/\/penosil.com\/de\/#website","url":"https:\/\/penosil.com\/de\/","name":"Penosil Germany","description":"","potentialAction":[{"@type":"SearchAction","target":{"@type":"EntryPoint","urlTemplate":"https:\/\/penosil.com\/de\/?s={search_term_string}"},"query-input":{"@type":"PropertyValueSpecification","valueRequired":true,"valueName":"search_term_string"}}],"inLanguage":"de"}]}},"featured_img":"https:\/\/penosil.com\/de\/wp-content\/uploads\/sites\/33\/2024\/05\/655_Struktur_Acryl_655_DE2028129.png","coauthors":[],"author_meta":{"author_link":"https:\/\/penosil.com\/de\/author\/yanina\/","display_name":"Yanina Leskova"},"relative_dates":{"created":"Posted 4\u00a0Jahren ago","modified":"Updated 3\u00a0Monaten ago"},"absolute_dates":{"created":"Posted on 15. Juni 2022","modified":"Updated on 17. Januar 2026"},"absolute_dates_time":{"created":"Posted on 15. Juni 2022 13:12","modified":"Updated on 17. Januar 2026 1:09"},"featured_img_caption":"","tax_additional":{"product_brand":{"linked":[],"unlinked":[],"slug":"product_brand","name":"Marken"},"product_type":{"linked":["<a href=\"https:\/\/penosil.com\/de\/?taxonomy=product_type&#038;term=simple\" class=\"advgb-post-tax-term\">simple<\/a>"],"unlinked":["<span class=\"advgb-post-tax-term\">simple<\/span>"],"slug":"product_type","name":"Produkttyp"},"product_visibility":{"linked":["<a href=\"https:\/\/penosil.com\/de\/en\/?taxonomy=product_visibility&#038;term=outofstock\" class=\"advgb-post-tax-term\">outofstock<\/a>"],"unlinked":["<span class=\"advgb-post-tax-term\">outofstock<\/span>"],"slug":"product_visibility","name":"Sichtbarkeit des Produkts"},"product_cat":{"linked":["<a href=\"https:\/\/penosil.com\/de\/produkt-kategorie\/anwendungsbereiche\/\" class=\"advgb-post-tax-term\">Anwendungsbereiche<\/a>","<a href=\"https:\/\/penosil.com\/de\/produkt-kategorie\/produktgruppen\/dichtstoffe\/\" class=\"advgb-post-tax-term\">Dichtstoffe<\/a>","<a href=\"https:\/\/penosil.com\/de\/produkt-kategorie\/produktgruppen\/\" class=\"advgb-post-tax-term\">Produktgruppen<\/a>","<a href=\"https:\/\/penosil.com\/de\/produkt-kategorie\/produktgruppen\/dichtstoffe\/acryl-dichtstoffe\/\" class=\"advgb-post-tax-term\">Acryl-Dichtstoffe<\/a>","<a href=\"https:\/\/penosil.com\/de\/produkt-kategorie\/anwendungsbereiche\/dekoration\/\" class=\"advgb-post-tax-term\">Dekoration<\/a>"],"unlinked":["<span class=\"advgb-post-tax-term\">Anwendungsbereiche<\/span>","<span class=\"advgb-post-tax-term\">Dichtstoffe<\/span>","<span class=\"advgb-post-tax-term\">Produktgruppen<\/span>","<span class=\"advgb-post-tax-term\">Acryl-Dichtstoffe<\/span>","<span class=\"advgb-post-tax-term\">Dekoration<\/span>"],"slug":"product_cat","name":"Produkt-Kategorien"},"product_tag":{"linked":[],"unlinked":[],"slug":"product_tag","name":"Produkt-Schlagw\u00f6rter"},"product_shipping_class":{"linked":[],"unlinked":[],"slug":"product_shipping_class","name":"Produkt Versandklasse"},"pos_product_visibility":{"linked":[],"unlinked":[],"slug":"pos_product_visibility","name":"POS-Produkt-Sichtbarkeit."},"pa_diameter":{"linked":[],"unlinked":[],"slug":"pa_diameter","name":"Product Diameter"},"pa_farbe":{"linked":["<a href=\"https:\/\/penosil.com\/de\/?taxonomy=pa_farbe&#038;term=weiss\" class=\"advgb-post-tax-term\">Wei\u00df<\/a>"],"unlinked":["<span class=\"advgb-post-tax-term\">Wei\u00df<\/span>"],"slug":"pa_farbe","name":"Product Farbe"},"pa_roll":{"linked":[],"unlinked":[],"slug":"pa_roll","name":"Product Roll"},"pa_verpackung":{"linked":[],"unlinked":[],"slug":"pa_verpackung","name":"Product Verpackung"},"pa_widths":{"linked":[],"unlinked":[],"slug":"pa_widths","name":"Product Widths"},"translation_priority":{"linked":["<a href=\"https:\/\/penosil.com\/de\/?taxonomy=translation_priority&#038;term=optional-de\" class=\"advgb-post-tax-term\">Optional<\/a>"],"unlinked":["<span class=\"advgb-post-tax-term\">Optional<\/span>"],"slug":"translation_priority","name":"\u00dcbersetzungspriorit\u00e4ten"}},"series_order":"","_links":{"self":[{"href":"https:\/\/penosil.com\/de\/wp-json\/wp\/v2\/product\/28507","targetHints":{"allow":["GET"]}}],"collection":[{"href":"https:\/\/penosil.com\/de\/wp-json\/wp\/v2\/product"}],"about":[{"href":"https:\/\/penosil.com\/de\/wp-json\/wp\/v2\/types\/product"}],"version-history":[{"count":5,"href":"https:\/\/penosil.com\/de\/wp-json\/wp\/v2\/product\/28507\/revisions"}],"predecessor-version":[{"id":31888,"href":"https:\/\/penosil.com\/de\/wp-json\/wp\/v2\/product\/28507\/revisions\/31888"}],"wp:featuredmedia":[{"embeddable":true,"href":"https:\/\/penosil.com\/de\/wp-json\/wp\/v2\/media\/29492"}],"wp:attachment":[{"href":"https:\/\/penosil.com\/de\/wp-json\/wp\/v2\/media?parent=28507"}],"wp:term":[{"taxonomy":"product_brand","embeddable":true,"href":"https:\/\/penosil.com\/de\/wp-json\/wp\/v2\/product_brand?post=28507"},{"taxonomy":"product_cat","embeddable":true,"href":"https:\/\/penosil.com\/de\/wp-json\/wp\/v2\/product_cat?post=28507"},{"taxonomy":"product_tag","embeddable":true,"href":"https:\/\/penosil.com\/de\/wp-json\/wp\/v2\/product_tag?post=28507"}],"curies":[{"name":"wp","href":"https:\/\/api.w.org\/{rel}","templated":true}]}}