{"id":28621,"date":"2022-09-09T12:47:45","date_gmt":"2022-09-09T12:47:45","guid":{"rendered":"https:\/\/penosil.com\/de\/?post_type=product&#038;p=28621"},"modified":"2026-01-21T01:05:28","modified_gmt":"2026-01-21T01:05:28","slug":"versiegelung-von-holzfussboden","status":"publish","type":"product","link":"https:\/\/penosil.com\/de\/produkt\/versiegelung-von-holzfussboden\/","title":{"rendered":"Parkett Acryl 630"},"content":{"rendered":"<p>PENOSIL Parkett Acryl 630 ist ein plastoelastischer Acryl-Dichtstoff auf Wasserbasis zum Abdichten, F\u00fcllen und Reparieren von Holzfugen. Bildet eine solide Versiegelung bei vielen por\u00f6sen und nicht por\u00f6sen Materialien wie Beton, Ziegel, Metall und Gipskarton.<\/p>\n","protected":false},"excerpt":{"rendered":"Acryl-Parkett-Dichtstoff","protected":false},"author":22,"featured_media":29493,"template":"","meta":{"_acf_changed":false,"advgb_blocks_editor_width":"","advgb_blocks_columns_visual_guide":"","footnotes":""},"product_brand":[],"product_cat":[2514,2570,2559,2535,2571],"product_tag":[],"class_list":{"0":"post-28621","1":"product","2":"type-product","3":"status-publish","4":"has-post-thumbnail","6":"product_cat-anwendungsbereiche","7":"product_cat-dichtstoffe","8":"product_cat-produktgruppen","9":"product_cat-boden","10":"product_cat-acryl-dichtstoffe","12":"first","13":"outofstock","14":"taxable","15":"shipping-taxable","16":"purchasable","17":"product-type-variable"},"acf":[],"yoast_head":"<!-- This site is optimized with the Yoast SEO plugin v27.2 - https:\/\/yoast.com\/product\/yoast-seo-wordpress\/ -->\n<title>PENOSIL Parkett Acryl 630 zur Versiegelung von Holzfu\u00dfb\u00f6den<\/title>\n<meta name=\"description\" content=\"PENOSIL Parkett Acryl 630 zum F\u00fcllen und Versiegelung von Holzfu\u00dfb\u00f6den, z.B. Parkett- und Laminatbodenfugen. Mehr erfahren!\" \/>\n<meta name=\"robots\" content=\"index, follow, max-snippet:-1, max-image-preview:large, max-video-preview:-1\" \/>\n<link rel=\"canonical\" href=\"https:\/\/penosil.com\/de\/produkt\/versiegelung-von-holzfussboden\/\" \/>\n<meta property=\"og:locale\" content=\"de_DE\" \/>\n<meta property=\"og:type\" content=\"article\" \/>\n<meta property=\"og:title\" content=\"PENOSIL Parkett Acryl 630 zur Versiegelung von Holzfu\u00dfb\u00f6den\" \/>\n<meta property=\"og:description\" content=\"PENOSIL Parkett Acryl 630 zum F\u00fcllen und Versiegelung von Holzfu\u00dfb\u00f6den, z.B. Parkett- und Laminatbodenfugen. Mehr erfahren!\" \/>\n<meta property=\"og:url\" content=\"https:\/\/penosil.com\/de\/produkt\/versiegelung-von-holzfussboden\/\" \/>\n<meta property=\"og:site_name\" content=\"Penosil Germany\" \/>\n<meta property=\"article:modified_time\" content=\"2026-01-21T01:05:28+00:00\" \/>\n<meta property=\"og:image\" content=\"https:\/\/penosil.com\/de\/wp-content\/uploads\/sites\/33\/2024\/05\/630_Parkett_Acryl_630_DE2028129.png\" \/>\n\t<meta property=\"og:image:width\" content=\"387\" \/>\n\t<meta property=\"og:image:height\" content=\"1080\" \/>\n\t<meta property=\"og:image:type\" content=\"image\/png\" \/>\n<meta name=\"twitter:card\" content=\"summary_large_image\" \/>\n<meta name=\"twitter:label1\" content=\"Gesch\u00e4tzte Lesezeit\" \/>\n\t<meta name=\"twitter:data1\" content=\"3\u00a0Minuten\" \/>\n<script type=\"application\/ld+json\" class=\"yoast-schema-graph\">{\"@context\":\"https:\/\/schema.org\",\"@graph\":[{\"@type\":\"WebPage\",\"@id\":\"https:\/\/penosil.com\/de\/produkt\/versiegelung-von-holzfussboden\/\",\"url\":\"https:\/\/penosil.com\/de\/produkt\/versiegelung-von-holzfussboden\/\",\"name\":\"PENOSIL Parkett Acryl 630 zur Versiegelung von Holzfu\u00dfb\u00f6den\",\"isPartOf\":{\"@id\":\"https:\/\/penosil.com\/de\/#website\"},\"primaryImageOfPage\":{\"@id\":\"https:\/\/penosil.com\/de\/produkt\/versiegelung-von-holzfussboden\/#primaryimage\"},\"image\":{\"@id\":\"https:\/\/penosil.com\/de\/produkt\/versiegelung-von-holzfussboden\/#primaryimage\"},\"thumbnailUrl\":\"https:\/\/penosil.com\/de\/wp-content\/uploads\/sites\/33\/2024\/05\/630_Parkett_Acryl_630_DE2028129.png\",\"datePublished\":\"2022-09-09T12:47:45+00:00\",\"dateModified\":\"2026-01-21T01:05:28+00:00\",\"description\":\"PENOSIL Parkett Acryl 630 zum F\u00fcllen und Versiegelung von Holzfu\u00dfb\u00f6den, z.B. Parkett- und Laminatbodenfugen. Mehr erfahren!\",\"breadcrumb\":{\"@id\":\"https:\/\/penosil.com\/de\/produkt\/versiegelung-von-holzfussboden\/#breadcrumb\"},\"inLanguage\":\"de\",\"potentialAction\":[{\"@type\":\"ReadAction\",\"target\":[\"https:\/\/penosil.com\/de\/produkt\/versiegelung-von-holzfussboden\/\"]}]},{\"@type\":\"ImageObject\",\"inLanguage\":\"de\",\"@id\":\"https:\/\/penosil.com\/de\/produkt\/versiegelung-von-holzfussboden\/#primaryimage\",\"url\":\"https:\/\/penosil.com\/de\/wp-content\/uploads\/sites\/33\/2024\/05\/630_Parkett_Acryl_630_DE2028129.png\",\"contentUrl\":\"https:\/\/penosil.com\/de\/wp-content\/uploads\/sites\/33\/2024\/05\/630_Parkett_Acryl_630_DE2028129.png\",\"width\":387,\"height\":1080},{\"@type\":\"BreadcrumbList\",\"@id\":\"https:\/\/penosil.com\/de\/produkt\/versiegelung-von-holzfussboden\/#breadcrumb\",\"itemListElement\":[{\"@type\":\"ListItem\",\"position\":1,\"name\":\"Starseite\",\"item\":\"https:\/\/penosil.com\/de\/\"},{\"@type\":\"ListItem\",\"position\":2,\"name\":\"Produkte\",\"item\":\"https:\/\/penosil.com\/de\/produkte\/\"},{\"@type\":\"ListItem\",\"position\":3,\"name\":\"Parkett Acryl 630\"}]},{\"@type\":\"WebSite\",\"@id\":\"https:\/\/penosil.com\/de\/#website\",\"url\":\"https:\/\/penosil.com\/de\/\",\"name\":\"Penosil Germany\",\"description\":\"\",\"potentialAction\":[{\"@type\":\"SearchAction\",\"target\":{\"@type\":\"EntryPoint\",\"urlTemplate\":\"https:\/\/penosil.com\/de\/?s={search_term_string}\"},\"query-input\":{\"@type\":\"PropertyValueSpecification\",\"valueRequired\":true,\"valueName\":\"search_term_string\"}}],\"inLanguage\":\"de\"}]}<\/script>\n<!-- \/ Yoast SEO plugin. -->","yoast_head_json":{"title":"PENOSIL Parkett Acryl 630 zur Versiegelung von Holzfu\u00dfb\u00f6den","description":"PENOSIL Parkett Acryl 630 zum F\u00fcllen und Versiegelung von Holzfu\u00dfb\u00f6den, z.B. Parkett- und Laminatbodenfugen. Mehr erfahren!","robots":{"index":"index","follow":"follow","max-snippet":"max-snippet:-1","max-image-preview":"max-image-preview:large","max-video-preview":"max-video-preview:-1"},"canonical":"https:\/\/penosil.com\/de\/produkt\/versiegelung-von-holzfussboden\/","og_locale":"de_DE","og_type":"article","og_title":"PENOSIL Parkett Acryl 630 zur Versiegelung von Holzfu\u00dfb\u00f6den","og_description":"PENOSIL Parkett Acryl 630 zum F\u00fcllen und Versiegelung von Holzfu\u00dfb\u00f6den, z.B. Parkett- und Laminatbodenfugen. Mehr erfahren!","og_url":"https:\/\/penosil.com\/de\/produkt\/versiegelung-von-holzfussboden\/","og_site_name":"Penosil Germany","article_modified_time":"2026-01-21T01:05:28+00:00","og_image":[{"width":387,"height":1080,"url":"https:\/\/penosil.com\/de\/wp-content\/uploads\/sites\/33\/2024\/05\/630_Parkett_Acryl_630_DE2028129.png","type":"image\/png"}],"twitter_card":"summary_large_image","twitter_misc":{"Gesch\u00e4tzte Lesezeit":"3\u00a0Minuten"},"schema":{"@context":"https:\/\/schema.org","@graph":[{"@type":"WebPage","@id":"https:\/\/penosil.com\/de\/produkt\/versiegelung-von-holzfussboden\/","url":"https:\/\/penosil.com\/de\/produkt\/versiegelung-von-holzfussboden\/","name":"PENOSIL Parkett Acryl 630 zur Versiegelung von Holzfu\u00dfb\u00f6den","isPartOf":{"@id":"https:\/\/penosil.com\/de\/#website"},"primaryImageOfPage":{"@id":"https:\/\/penosil.com\/de\/produkt\/versiegelung-von-holzfussboden\/#primaryimage"},"image":{"@id":"https:\/\/penosil.com\/de\/produkt\/versiegelung-von-holzfussboden\/#primaryimage"},"thumbnailUrl":"https:\/\/penosil.com\/de\/wp-content\/uploads\/sites\/33\/2024\/05\/630_Parkett_Acryl_630_DE2028129.png","datePublished":"2022-09-09T12:47:45+00:00","dateModified":"2026-01-21T01:05:28+00:00","description":"PENOSIL Parkett Acryl 630 zum F\u00fcllen und Versiegelung von Holzfu\u00dfb\u00f6den, z.B. Parkett- und Laminatbodenfugen. Mehr erfahren!","breadcrumb":{"@id":"https:\/\/penosil.com\/de\/produkt\/versiegelung-von-holzfussboden\/#breadcrumb"},"inLanguage":"de","potentialAction":[{"@type":"ReadAction","target":["https:\/\/penosil.com\/de\/produkt\/versiegelung-von-holzfussboden\/"]}]},{"@type":"ImageObject","inLanguage":"de","@id":"https:\/\/penosil.com\/de\/produkt\/versiegelung-von-holzfussboden\/#primaryimage","url":"https:\/\/penosil.com\/de\/wp-content\/uploads\/sites\/33\/2024\/05\/630_Parkett_Acryl_630_DE2028129.png","contentUrl":"https:\/\/penosil.com\/de\/wp-content\/uploads\/sites\/33\/2024\/05\/630_Parkett_Acryl_630_DE2028129.png","width":387,"height":1080},{"@type":"BreadcrumbList","@id":"https:\/\/penosil.com\/de\/produkt\/versiegelung-von-holzfussboden\/#breadcrumb","itemListElement":[{"@type":"ListItem","position":1,"name":"Starseite","item":"https:\/\/penosil.com\/de\/"},{"@type":"ListItem","position":2,"name":"Produkte","item":"https:\/\/penosil.com\/de\/produkte\/"},{"@type":"ListItem","position":3,"name":"Parkett Acryl 630"}]},{"@type":"WebSite","@id":"https:\/\/penosil.com\/de\/#website","url":"https:\/\/penosil.com\/de\/","name":"Penosil Germany","description":"","potentialAction":[{"@type":"SearchAction","target":{"@type":"EntryPoint","urlTemplate":"https:\/\/penosil.com\/de\/?s={search_term_string}"},"query-input":{"@type":"PropertyValueSpecification","valueRequired":true,"valueName":"search_term_string"}}],"inLanguage":"de"}]}},"featured_img":"https:\/\/penosil.com\/de\/wp-content\/uploads\/sites\/33\/2024\/05\/630_Parkett_Acryl_630_DE2028129.png","coauthors":[],"author_meta":{"author_link":"https:\/\/penosil.com\/de\/author\/kristin\/","display_name":"kristin"},"relative_dates":{"created":"Posted 4\u00a0Jahren ago","modified":"Updated 3\u00a0Monaten ago"},"absolute_dates":{"created":"Posted on 9. September 2022","modified":"Updated on 21. Januar 2026"},"absolute_dates_time":{"created":"Posted on 9. September 2022 12:47","modified":"Updated on 21. Januar 2026 1:05"},"featured_img_caption":"","tax_additional":{"product_brand":{"linked":[],"unlinked":[],"slug":"product_brand","name":"Marken"},"product_type":{"linked":["<a href=\"https:\/\/penosil.com\/de\/?taxonomy=product_type&#038;term=variable\" class=\"advgb-post-tax-term\">variable<\/a>"],"unlinked":["<span class=\"advgb-post-tax-term\">variable<\/span>"],"slug":"product_type","name":"Produkttyp"},"product_visibility":{"linked":["<a href=\"https:\/\/penosil.com\/de\/en\/?taxonomy=product_visibility&#038;term=outofstock\" class=\"advgb-post-tax-term\">outofstock<\/a>"],"unlinked":["<span class=\"advgb-post-tax-term\">outofstock<\/span>"],"slug":"product_visibility","name":"Sichtbarkeit des Produkts"},"product_cat":{"linked":["<a href=\"https:\/\/penosil.com\/de\/produkt-kategorie\/anwendungsbereiche\/\" class=\"advgb-post-tax-term\">Anwendungsbereiche<\/a>","<a href=\"https:\/\/penosil.com\/de\/produkt-kategorie\/produktgruppen\/dichtstoffe\/\" class=\"advgb-post-tax-term\">Dichtstoffe<\/a>","<a href=\"https:\/\/penosil.com\/de\/produkt-kategorie\/produktgruppen\/\" class=\"advgb-post-tax-term\">Produktgruppen<\/a>","<a href=\"https:\/\/penosil.com\/de\/produkt-kategorie\/anwendungsbereiche\/boden\/\" class=\"advgb-post-tax-term\">Boden<\/a>","<a href=\"https:\/\/penosil.com\/de\/produkt-kategorie\/produktgruppen\/dichtstoffe\/acryl-dichtstoffe\/\" class=\"advgb-post-tax-term\">Acryl-Dichtstoffe<\/a>"],"unlinked":["<span class=\"advgb-post-tax-term\">Anwendungsbereiche<\/span>","<span class=\"advgb-post-tax-term\">Dichtstoffe<\/span>","<span class=\"advgb-post-tax-term\">Produktgruppen<\/span>","<span class=\"advgb-post-tax-term\">Boden<\/span>","<span class=\"advgb-post-tax-term\">Acryl-Dichtstoffe<\/span>"],"slug":"product_cat","name":"Produkt-Kategorien"},"product_tag":{"linked":[],"unlinked":[],"slug":"product_tag","name":"Produkt-Schlagw\u00f6rter"},"product_shipping_class":{"linked":[],"unlinked":[],"slug":"product_shipping_class","name":"Produkt Versandklasse"},"pos_product_visibility":{"linked":[],"unlinked":[],"slug":"pos_product_visibility","name":"POS-Produkt-Sichtbarkeit."},"pa_diameter":{"linked":[],"unlinked":[],"slug":"pa_diameter","name":"Product Diameter"},"pa_farbe":{"linked":["<a href=\"https:\/\/penosil.com\/de\/?taxonomy=pa_farbe&#038;term=dunkle-eiche\" class=\"advgb-post-tax-term\">Dunkle Eiche<\/a>","<a href=\"https:\/\/penosil.com\/de\/?taxonomy=pa_farbe&#038;term=mahagoni\" class=\"advgb-post-tax-term\">Mahagoni<\/a>","<a href=\"https:\/\/penosil.com\/de\/?taxonomy=pa_farbe&#038;term=ahorn\" class=\"advgb-post-tax-term\">Ahorn<\/a>","<a href=\"https:\/\/penosil.com\/de\/?taxonomy=pa_farbe&#038;term=eiche\" class=\"advgb-post-tax-term\">Eiche<\/a>","<a href=\"https:\/\/penosil.com\/de\/?taxonomy=pa_farbe&#038;term=rotlichbraune-erle\" class=\"advgb-post-tax-term\">R\u00f6tlichbraune Erle<\/a>","<a href=\"https:\/\/penosil.com\/de\/?taxonomy=pa_farbe&#038;term=erle\" class=\"advgb-post-tax-term\">Erle<\/a>","<a href=\"https:\/\/penosil.com\/de\/?taxonomy=pa_farbe&#038;term=buche\" class=\"advgb-post-tax-term\">Buche<\/a>","<a href=\"https:\/\/penosil.com\/de\/?taxonomy=pa_farbe&#038;term=dunkle-kirsche-walnuss\" class=\"advgb-post-tax-term\">Dunkle Kirsche, Walnuss<\/a>"],"unlinked":["<span class=\"advgb-post-tax-term\">Dunkle Eiche<\/span>","<span class=\"advgb-post-tax-term\">Mahagoni<\/span>","<span class=\"advgb-post-tax-term\">Ahorn<\/span>","<span class=\"advgb-post-tax-term\">Eiche<\/span>","<span class=\"advgb-post-tax-term\">R\u00f6tlichbraune Erle<\/span>","<span class=\"advgb-post-tax-term\">Erle<\/span>","<span class=\"advgb-post-tax-term\">Buche<\/span>","<span class=\"advgb-post-tax-term\">Dunkle Kirsche, Walnuss<\/span>"],"slug":"pa_farbe","name":"Product Farbe"},"pa_roll":{"linked":[],"unlinked":[],"slug":"pa_roll","name":"Product Roll"},"pa_verpackung":{"linked":[],"unlinked":[],"slug":"pa_verpackung","name":"Product Verpackung"},"pa_widths":{"linked":[],"unlinked":[],"slug":"pa_widths","name":"Product Widths"},"translation_priority":{"linked":["<a href=\"https:\/\/penosil.com\/de\/?taxonomy=translation_priority&#038;term=optional-de\" class=\"advgb-post-tax-term\">Optional<\/a>"],"unlinked":["<span class=\"advgb-post-tax-term\">Optional<\/span>"],"slug":"translation_priority","name":"\u00dcbersetzungspriorit\u00e4ten"}},"series_order":"","_links":{"self":[{"href":"https:\/\/penosil.com\/de\/wp-json\/wp\/v2\/product\/28621","targetHints":{"allow":["GET"]}}],"collection":[{"href":"https:\/\/penosil.com\/de\/wp-json\/wp\/v2\/product"}],"about":[{"href":"https:\/\/penosil.com\/de\/wp-json\/wp\/v2\/types\/product"}],"version-history":[{"count":5,"href":"https:\/\/penosil.com\/de\/wp-json\/wp\/v2\/product\/28621\/revisions"}],"predecessor-version":[{"id":31913,"href":"https:\/\/penosil.com\/de\/wp-json\/wp\/v2\/product\/28621\/revisions\/31913"}],"wp:featuredmedia":[{"embeddable":true,"href":"https:\/\/penosil.com\/de\/wp-json\/wp\/v2\/media\/29493"}],"wp:attachment":[{"href":"https:\/\/penosil.com\/de\/wp-json\/wp\/v2\/media?parent=28621"}],"wp:term":[{"taxonomy":"product_brand","embeddable":true,"href":"https:\/\/penosil.com\/de\/wp-json\/wp\/v2\/product_brand?post=28621"},{"taxonomy":"product_cat","embeddable":true,"href":"https:\/\/penosil.com\/de\/wp-json\/wp\/v2\/product_cat?post=28621"},{"taxonomy":"product_tag","embeddable":true,"href":"https:\/\/penosil.com\/de\/wp-json\/wp\/v2\/product_tag?post=28621"}],"curies":[{"name":"wp","href":"https:\/\/api.w.org\/{rel}","templated":true}]}}