{"id":28651,"date":"2022-09-01T13:02:02","date_gmt":"2022-09-01T13:02:02","guid":{"rendered":"https:\/\/penosil.com\/de\/?post_type=product&#038;p=28651"},"modified":"2026-01-24T01:07:40","modified_gmt":"2026-01-24T01:07:40","slug":"kaminabdichtung-fuer-hochtemperaturen-1500c","status":"publish","type":"product","link":"https:\/\/penosil.com\/de\/produkt\/kaminabdichtung-fuer-hochtemperaturen-1500c\/","title":{"rendered":"Hochtemperatur Dichtstoff +1500\u00b0C"},"content":{"rendered":"<p>PENOSIL Hochtemperatur Dichtstoff &#43;1500\u00b0C ist ein Extrem temperaturbest\u00e4ndiger Dichtstoff auf Silikatbasis zum F\u00fcllen und Isolieren von Fugen und Rissen in Schornsteinen, \u00d6fen, Kaminen und Herden. Nach dem Erhitzen wird der Dichtstoff dunkelgrau, extra hart und hochtemperaturbest\u00e4ndig (kurzzeitig kann er Temperaturen bis zu &#43;1500\u00b0C ausgesetzt werden).<\/p>\n","protected":false},"excerpt":{"rendered":"Hochtemperaturbest\u00e4ndiger Dichtstoff","protected":false},"author":22,"featured_media":31943,"template":"","meta":{"_acf_changed":false,"advgb_blocks_editor_width":"","advgb_blocks_columns_visual_guide":"","footnotes":""},"product_brand":[],"product_cat":[2514,2689,2559,2661,2530],"product_tag":[],"class_list":{"0":"post-28651","1":"product","2":"type-product","3":"status-publish","4":"has-post-thumbnail","6":"product_cat-anwendungsbereiche","7":"product_cat-spachtelmassen","8":"product_cat-produktgruppen","9":"product_cat-oberflachenbehandlung","10":"product_cat-feuerfes-hochtemperatur","12":"first","13":"outofstock","14":"taxable","15":"shipping-taxable","16":"purchasable","17":"product-type-simple"},"acf":[],"yoast_head":"<!-- This site is optimized with the Yoast SEO plugin v27.2 - https:\/\/yoast.com\/product\/yoast-seo-wordpress\/ -->\n<title>Kaminabdichtung f\u00fcr Hochtemperaturen +1500\u00b0C | Penosil DE<\/title>\n<meta name=\"description\" content=\"Penosil Hochtemperatur Dichtstoff +1500\u00b0C ist ein hochtemperaturbest\u00e4ndiger Dichtstoff f\u00fcr Schornstein-, Ofen-, Herd- und Kaminabdichtung. Jetzt online kaufen!\" \/>\n<meta name=\"robots\" content=\"index, follow, max-snippet:-1, max-image-preview:large, max-video-preview:-1\" \/>\n<link rel=\"canonical\" href=\"https:\/\/penosil.com\/de\/produkt\/kaminabdichtung-fuer-hochtemperaturen-1500c\/\" \/>\n<meta property=\"og:locale\" content=\"de_DE\" \/>\n<meta property=\"og:type\" content=\"article\" \/>\n<meta property=\"og:title\" content=\"Kaminabdichtung f\u00fcr Hochtemperaturen +1500\u00b0C | Penosil DE\" \/>\n<meta property=\"og:description\" content=\"Penosil Hochtemperatur Dichtstoff +1500\u00b0C ist ein hochtemperaturbest\u00e4ndiger Dichtstoff f\u00fcr Schornstein-, Ofen-, Herd- und Kaminabdichtung. Jetzt online kaufen!\" \/>\n<meta property=\"og:url\" content=\"https:\/\/penosil.com\/de\/produkt\/kaminabdichtung-fuer-hochtemperaturen-1500c\/\" \/>\n<meta property=\"og:site_name\" content=\"Penosil Germany\" \/>\n<meta property=\"article:modified_time\" content=\"2026-01-24T01:07:40+00:00\" \/>\n<meta property=\"og:image\" content=\"https:\/\/penosil.com\/de\/wp-content\/uploads\/sites\/33\/2025\/01\/1500-C2B0C_HighTemp_Sealant_-1500-C2B0C_new.png\" \/>\n\t<meta property=\"og:image:width\" content=\"387\" \/>\n\t<meta property=\"og:image:height\" content=\"1080\" \/>\n\t<meta property=\"og:image:type\" content=\"image\/png\" \/>\n<meta name=\"twitter:card\" content=\"summary_large_image\" \/>\n<meta name=\"twitter:label1\" content=\"Gesch\u00e4tzte Lesezeit\" \/>\n\t<meta name=\"twitter:data1\" content=\"3\u00a0Minuten\" \/>\n<script type=\"application\/ld+json\" class=\"yoast-schema-graph\">{\"@context\":\"https:\/\/schema.org\",\"@graph\":[{\"@type\":\"WebPage\",\"@id\":\"https:\/\/penosil.com\/de\/produkt\/kaminabdichtung-fuer-hochtemperaturen-1500c\/\",\"url\":\"https:\/\/penosil.com\/de\/produkt\/kaminabdichtung-fuer-hochtemperaturen-1500c\/\",\"name\":\"Kaminabdichtung f\u00fcr Hochtemperaturen +1500\u00b0C | Penosil DE\",\"isPartOf\":{\"@id\":\"https:\/\/penosil.com\/de\/#website\"},\"primaryImageOfPage\":{\"@id\":\"https:\/\/penosil.com\/de\/produkt\/kaminabdichtung-fuer-hochtemperaturen-1500c\/#primaryimage\"},\"image\":{\"@id\":\"https:\/\/penosil.com\/de\/produkt\/kaminabdichtung-fuer-hochtemperaturen-1500c\/#primaryimage\"},\"thumbnailUrl\":\"https:\/\/penosil.com\/de\/wp-content\/uploads\/sites\/33\/2026\/01\/1500-C2B0C_HighTemp_Sealant_-1500-C2B0C.png\",\"datePublished\":\"2022-09-01T13:02:02+00:00\",\"dateModified\":\"2026-01-24T01:07:40+00:00\",\"description\":\"Penosil Hochtemperatur Dichtstoff +1500\u00b0C ist ein hochtemperaturbest\u00e4ndiger Dichtstoff f\u00fcr Schornstein-, Ofen-, Herd- und Kaminabdichtung. Jetzt online kaufen!\",\"breadcrumb\":{\"@id\":\"https:\/\/penosil.com\/de\/produkt\/kaminabdichtung-fuer-hochtemperaturen-1500c\/#breadcrumb\"},\"inLanguage\":\"de\",\"potentialAction\":[{\"@type\":\"ReadAction\",\"target\":[\"https:\/\/penosil.com\/de\/produkt\/kaminabdichtung-fuer-hochtemperaturen-1500c\/\"]}]},{\"@type\":\"ImageObject\",\"inLanguage\":\"de\",\"@id\":\"https:\/\/penosil.com\/de\/produkt\/kaminabdichtung-fuer-hochtemperaturen-1500c\/#primaryimage\",\"url\":\"https:\/\/penosil.com\/de\/wp-content\/uploads\/sites\/33\/2026\/01\/1500-C2B0C_HighTemp_Sealant_-1500-C2B0C.png\",\"contentUrl\":\"https:\/\/penosil.com\/de\/wp-content\/uploads\/sites\/33\/2026\/01\/1500-C2B0C_HighTemp_Sealant_-1500-C2B0C.png\",\"width\":387,\"height\":1080},{\"@type\":\"BreadcrumbList\",\"@id\":\"https:\/\/penosil.com\/de\/produkt\/kaminabdichtung-fuer-hochtemperaturen-1500c\/#breadcrumb\",\"itemListElement\":[{\"@type\":\"ListItem\",\"position\":1,\"name\":\"Starseite\",\"item\":\"https:\/\/penosil.com\/de\/\"},{\"@type\":\"ListItem\",\"position\":2,\"name\":\"Produkte\",\"item\":\"https:\/\/penosil.com\/de\/produkte\/\"},{\"@type\":\"ListItem\",\"position\":3,\"name\":\"Hochtemperatur Dichtstoff +1500\u00b0C\"}]},{\"@type\":\"WebSite\",\"@id\":\"https:\/\/penosil.com\/de\/#website\",\"url\":\"https:\/\/penosil.com\/de\/\",\"name\":\"Penosil Germany\",\"description\":\"\",\"potentialAction\":[{\"@type\":\"SearchAction\",\"target\":{\"@type\":\"EntryPoint\",\"urlTemplate\":\"https:\/\/penosil.com\/de\/?s={search_term_string}\"},\"query-input\":{\"@type\":\"PropertyValueSpecification\",\"valueRequired\":true,\"valueName\":\"search_term_string\"}}],\"inLanguage\":\"de\"}]}<\/script>\n<!-- \/ Yoast SEO plugin. -->","yoast_head_json":{"title":"Kaminabdichtung f\u00fcr Hochtemperaturen +1500\u00b0C | Penosil DE","description":"Penosil Hochtemperatur Dichtstoff +1500\u00b0C ist ein hochtemperaturbest\u00e4ndiger Dichtstoff f\u00fcr Schornstein-, Ofen-, Herd- und Kaminabdichtung. Jetzt online kaufen!","robots":{"index":"index","follow":"follow","max-snippet":"max-snippet:-1","max-image-preview":"max-image-preview:large","max-video-preview":"max-video-preview:-1"},"canonical":"https:\/\/penosil.com\/de\/produkt\/kaminabdichtung-fuer-hochtemperaturen-1500c\/","og_locale":"de_DE","og_type":"article","og_title":"Kaminabdichtung f\u00fcr Hochtemperaturen +1500\u00b0C | Penosil DE","og_description":"Penosil Hochtemperatur Dichtstoff +1500\u00b0C ist ein hochtemperaturbest\u00e4ndiger Dichtstoff f\u00fcr Schornstein-, Ofen-, Herd- und Kaminabdichtung. Jetzt online kaufen!","og_url":"https:\/\/penosil.com\/de\/produkt\/kaminabdichtung-fuer-hochtemperaturen-1500c\/","og_site_name":"Penosil Germany","article_modified_time":"2026-01-24T01:07:40+00:00","og_image":[{"width":387,"height":1080,"url":"https:\/\/penosil.com\/de\/wp-content\/uploads\/sites\/33\/2025\/01\/1500-C2B0C_HighTemp_Sealant_-1500-C2B0C_new.png","type":"image\/png"}],"twitter_card":"summary_large_image","twitter_misc":{"Gesch\u00e4tzte Lesezeit":"3\u00a0Minuten"},"schema":{"@context":"https:\/\/schema.org","@graph":[{"@type":"WebPage","@id":"https:\/\/penosil.com\/de\/produkt\/kaminabdichtung-fuer-hochtemperaturen-1500c\/","url":"https:\/\/penosil.com\/de\/produkt\/kaminabdichtung-fuer-hochtemperaturen-1500c\/","name":"Kaminabdichtung f\u00fcr Hochtemperaturen +1500\u00b0C | Penosil DE","isPartOf":{"@id":"https:\/\/penosil.com\/de\/#website"},"primaryImageOfPage":{"@id":"https:\/\/penosil.com\/de\/produkt\/kaminabdichtung-fuer-hochtemperaturen-1500c\/#primaryimage"},"image":{"@id":"https:\/\/penosil.com\/de\/produkt\/kaminabdichtung-fuer-hochtemperaturen-1500c\/#primaryimage"},"thumbnailUrl":"https:\/\/penosil.com\/de\/wp-content\/uploads\/sites\/33\/2026\/01\/1500-C2B0C_HighTemp_Sealant_-1500-C2B0C.png","datePublished":"2022-09-01T13:02:02+00:00","dateModified":"2026-01-24T01:07:40+00:00","description":"Penosil Hochtemperatur Dichtstoff +1500\u00b0C ist ein hochtemperaturbest\u00e4ndiger Dichtstoff f\u00fcr Schornstein-, Ofen-, Herd- und Kaminabdichtung. Jetzt online kaufen!","breadcrumb":{"@id":"https:\/\/penosil.com\/de\/produkt\/kaminabdichtung-fuer-hochtemperaturen-1500c\/#breadcrumb"},"inLanguage":"de","potentialAction":[{"@type":"ReadAction","target":["https:\/\/penosil.com\/de\/produkt\/kaminabdichtung-fuer-hochtemperaturen-1500c\/"]}]},{"@type":"ImageObject","inLanguage":"de","@id":"https:\/\/penosil.com\/de\/produkt\/kaminabdichtung-fuer-hochtemperaturen-1500c\/#primaryimage","url":"https:\/\/penosil.com\/de\/wp-content\/uploads\/sites\/33\/2026\/01\/1500-C2B0C_HighTemp_Sealant_-1500-C2B0C.png","contentUrl":"https:\/\/penosil.com\/de\/wp-content\/uploads\/sites\/33\/2026\/01\/1500-C2B0C_HighTemp_Sealant_-1500-C2B0C.png","width":387,"height":1080},{"@type":"BreadcrumbList","@id":"https:\/\/penosil.com\/de\/produkt\/kaminabdichtung-fuer-hochtemperaturen-1500c\/#breadcrumb","itemListElement":[{"@type":"ListItem","position":1,"name":"Starseite","item":"https:\/\/penosil.com\/de\/"},{"@type":"ListItem","position":2,"name":"Produkte","item":"https:\/\/penosil.com\/de\/produkte\/"},{"@type":"ListItem","position":3,"name":"Hochtemperatur Dichtstoff +1500\u00b0C"}]},{"@type":"WebSite","@id":"https:\/\/penosil.com\/de\/#website","url":"https:\/\/penosil.com\/de\/","name":"Penosil Germany","description":"","potentialAction":[{"@type":"SearchAction","target":{"@type":"EntryPoint","urlTemplate":"https:\/\/penosil.com\/de\/?s={search_term_string}"},"query-input":{"@type":"PropertyValueSpecification","valueRequired":true,"valueName":"search_term_string"}}],"inLanguage":"de"}]}},"featured_img":"https:\/\/penosil.com\/de\/wp-content\/uploads\/sites\/33\/2026\/01\/1500-C2B0C_HighTemp_Sealant_-1500-C2B0C.png","coauthors":[],"author_meta":{"author_link":"https:\/\/penosil.com\/de\/author\/kristin\/","display_name":"kristin"},"relative_dates":{"created":"Posted 4\u00a0Jahren ago","modified":"Updated 3\u00a0Monaten ago"},"absolute_dates":{"created":"Posted on 1. September 2022","modified":"Updated on 24. Januar 2026"},"absolute_dates_time":{"created":"Posted on 1. September 2022 13:02","modified":"Updated on 24. Januar 2026 1:07"},"featured_img_caption":"","tax_additional":{"product_brand":{"linked":[],"unlinked":[],"slug":"product_brand","name":"Marken"},"product_type":{"linked":["<a href=\"https:\/\/penosil.com\/de\/?taxonomy=product_type&#038;term=simple\" class=\"advgb-post-tax-term\">simple<\/a>"],"unlinked":["<span class=\"advgb-post-tax-term\">simple<\/span>"],"slug":"product_type","name":"Produkttyp"},"product_visibility":{"linked":["<a href=\"https:\/\/penosil.com\/de\/en\/?taxonomy=product_visibility&#038;term=outofstock\" class=\"advgb-post-tax-term\">outofstock<\/a>"],"unlinked":["<span class=\"advgb-post-tax-term\">outofstock<\/span>"],"slug":"product_visibility","name":"Sichtbarkeit des Produkts"},"product_cat":{"linked":["<a href=\"https:\/\/penosil.com\/de\/produkt-kategorie\/anwendungsbereiche\/\" class=\"advgb-post-tax-term\">Anwendungsbereiche<\/a>","<a href=\"https:\/\/penosil.com\/de\/produkt-kategorie\/produktgruppen\/oberflachenbehandlung\/spachtelmassen\/\" class=\"advgb-post-tax-term\">Spachtelmassen<\/a>","<a href=\"https:\/\/penosil.com\/de\/produkt-kategorie\/produktgruppen\/\" class=\"advgb-post-tax-term\">Produktgruppen<\/a>","<a href=\"https:\/\/penosil.com\/de\/produkt-kategorie\/produktgruppen\/oberflachenbehandlung\/\" class=\"advgb-post-tax-term\">Oberfl\u00e4chenbehandlung<\/a>","<a href=\"https:\/\/penosil.com\/de\/produkt-kategorie\/anwendungsbereiche\/feuerfes-hochtemperatur\/\" class=\"advgb-post-tax-term\">Feuerfest \/ Hochtemperatur<\/a>"],"unlinked":["<span class=\"advgb-post-tax-term\">Anwendungsbereiche<\/span>","<span class=\"advgb-post-tax-term\">Spachtelmassen<\/span>","<span class=\"advgb-post-tax-term\">Produktgruppen<\/span>","<span class=\"advgb-post-tax-term\">Oberfl\u00e4chenbehandlung<\/span>","<span class=\"advgb-post-tax-term\">Feuerfest \/ Hochtemperatur<\/span>"],"slug":"product_cat","name":"Produkt-Kategorien"},"product_tag":{"linked":[],"unlinked":[],"slug":"product_tag","name":"Produkt-Schlagw\u00f6rter"},"product_shipping_class":{"linked":[],"unlinked":[],"slug":"product_shipping_class","name":"Produkt Versandklasse"},"pos_product_visibility":{"linked":[],"unlinked":[],"slug":"pos_product_visibility","name":"POS-Produkt-Sichtbarkeit."},"pa_diameter":{"linked":[],"unlinked":[],"slug":"pa_diameter","name":"Product Diameter"},"pa_farbe":{"linked":["<a href=\"https:\/\/penosil.com\/de\/?taxonomy=pa_farbe&#038;term=schwarz\" class=\"advgb-post-tax-term\">Schwarz<\/a>"],"unlinked":["<span class=\"advgb-post-tax-term\">Schwarz<\/span>"],"slug":"pa_farbe","name":"Product Farbe"},"pa_roll":{"linked":[],"unlinked":[],"slug":"pa_roll","name":"Product Roll"},"pa_verpackung":{"linked":[],"unlinked":[],"slug":"pa_verpackung","name":"Product Verpackung"},"pa_widths":{"linked":[],"unlinked":[],"slug":"pa_widths","name":"Product Widths"},"translation_priority":{"linked":["<a href=\"https:\/\/penosil.com\/de\/?taxonomy=translation_priority&#038;term=optional-de\" class=\"advgb-post-tax-term\">Optional<\/a>"],"unlinked":["<span class=\"advgb-post-tax-term\">Optional<\/span>"],"slug":"translation_priority","name":"\u00dcbersetzungspriorit\u00e4ten"}},"series_order":"","_links":{"self":[{"href":"https:\/\/penosil.com\/de\/wp-json\/wp\/v2\/product\/28651","targetHints":{"allow":["GET"]}}],"collection":[{"href":"https:\/\/penosil.com\/de\/wp-json\/wp\/v2\/product"}],"about":[{"href":"https:\/\/penosil.com\/de\/wp-json\/wp\/v2\/types\/product"}],"version-history":[{"count":10,"href":"https:\/\/penosil.com\/de\/wp-json\/wp\/v2\/product\/28651\/revisions"}],"predecessor-version":[{"id":31942,"href":"https:\/\/penosil.com\/de\/wp-json\/wp\/v2\/product\/28651\/revisions\/31942"}],"wp:featuredmedia":[{"embeddable":true,"href":"https:\/\/penosil.com\/de\/wp-json\/wp\/v2\/media\/31943"}],"wp:attachment":[{"href":"https:\/\/penosil.com\/de\/wp-json\/wp\/v2\/media?parent=28651"}],"wp:term":[{"taxonomy":"product_brand","embeddable":true,"href":"https:\/\/penosil.com\/de\/wp-json\/wp\/v2\/product_brand?post=28651"},{"taxonomy":"product_cat","embeddable":true,"href":"https:\/\/penosil.com\/de\/wp-json\/wp\/v2\/product_cat?post=28651"},{"taxonomy":"product_tag","embeddable":true,"href":"https:\/\/penosil.com\/de\/wp-json\/wp\/v2\/product_tag?post=28651"}],"curies":[{"name":"wp","href":"https:\/\/api.w.org\/{rel}","templated":true}]}}