{"id":28704,"date":"2022-10-28T10:06:35","date_gmt":"2022-10-28T10:06:35","guid":{"rendered":"https:\/\/penosil.com\/de\/?post_type=product&#038;p=28704"},"modified":"2026-01-20T01:07:38","modified_gmt":"2026-01-20T01:07:38","slug":"leichtspachtel","status":"publish","type":"product","link":"https:\/\/penosil.com\/de\/produkt\/leichtspachtel\/","title":{"rendered":"PlasterSeal 650"},"content":{"rendered":"<p>PENOSIL PlasterSeal 650 ist ein schnelltrocknende und fertig gemischte leichte Acrylspachtelmasse zum F\u00fcllen von Gipskartonfugen. Sie ist sehr einfach und schnell anzubringen, da keine Fugenb\u00e4nder erforderlich sind und der Spachtel aufgrund des sehr geringen Schrumpfs nur einmal angebracht werden muss.<\/p>\n","protected":false},"excerpt":{"rendered":"Leichtspachtel ","protected":false},"author":22,"featured_media":29488,"template":"","meta":{"_acf_changed":false,"advgb_blocks_editor_width":"","advgb_blocks_columns_visual_guide":"","footnotes":""},"product_brand":[],"product_cat":[2514,2689,2559,2661,2526],"product_tag":[],"class_list":{"0":"post-28704","1":"product","2":"type-product","3":"status-publish","4":"has-post-thumbnail","6":"product_cat-anwendungsbereiche","7":"product_cat-spachtelmassen","8":"product_cat-produktgruppen","9":"product_cat-oberflachenbehandlung","10":"product_cat-dekoration","12":"first","13":"outofstock","14":"taxable","15":"shipping-taxable","16":"purchasable","17":"product-type-variable","18":"has-default-attributes"},"acf":[],"yoast_head":"<!-- This site is optimized with the Yoast SEO plugin v27.2 - https:\/\/yoast.com\/product\/yoast-seo-wordpress\/ -->\n<title>PENOSIL PlasterSeal 650 Leichtspachtel f\u00fcr Gipskartonfugen<\/title>\n<meta name=\"description\" content=\"PENOSIL PlasterSeal 650 ist ein Leichtspachtel zum F\u00fcllen von Gipskartonfugen in einem Arbeitsgang und ohne Fugenb\u00e4nder. Mehr erfahren!\" \/>\n<meta name=\"robots\" content=\"index, follow, max-snippet:-1, max-image-preview:large, max-video-preview:-1\" \/>\n<link rel=\"canonical\" href=\"https:\/\/penosil.com\/de\/produkt\/leichtspachtel\/\" \/>\n<meta property=\"og:locale\" content=\"de_DE\" \/>\n<meta property=\"og:type\" content=\"article\" \/>\n<meta property=\"og:title\" content=\"PENOSIL PlasterSeal 650 Leichtspachtel f\u00fcr Gipskartonfugen\" \/>\n<meta property=\"og:description\" content=\"PENOSIL PlasterSeal 650 ist ein Leichtspachtel zum F\u00fcllen von Gipskartonfugen in einem Arbeitsgang und ohne Fugenb\u00e4nder. Mehr erfahren!\" \/>\n<meta property=\"og:url\" content=\"https:\/\/penosil.com\/de\/produkt\/leichtspachtel\/\" \/>\n<meta property=\"og:site_name\" content=\"Penosil Germany\" \/>\n<meta property=\"article:modified_time\" content=\"2026-01-20T01:07:38+00:00\" \/>\n<meta property=\"og:image\" content=\"https:\/\/penosil.com\/de\/wp-content\/uploads\/sites\/33\/2024\/05\/650_PlasterSeal_650_DE2028129.png\" \/>\n\t<meta property=\"og:image:width\" content=\"1080\" \/>\n\t<meta property=\"og:image:height\" content=\"608\" \/>\n\t<meta property=\"og:image:type\" content=\"image\/png\" \/>\n<meta name=\"twitter:card\" content=\"summary_large_image\" \/>\n<meta name=\"twitter:label1\" content=\"Gesch\u00e4tzte Lesezeit\" \/>\n\t<meta name=\"twitter:data1\" content=\"3\u00a0Minuten\" \/>\n<script type=\"application\/ld+json\" class=\"yoast-schema-graph\">{\"@context\":\"https:\/\/schema.org\",\"@graph\":[{\"@type\":\"WebPage\",\"@id\":\"https:\/\/penosil.com\/de\/produkt\/leichtspachtel\/\",\"url\":\"https:\/\/penosil.com\/de\/produkt\/leichtspachtel\/\",\"name\":\"PENOSIL PlasterSeal 650 Leichtspachtel f\u00fcr Gipskartonfugen\",\"isPartOf\":{\"@id\":\"https:\/\/penosil.com\/de\/#website\"},\"primaryImageOfPage\":{\"@id\":\"https:\/\/penosil.com\/de\/produkt\/leichtspachtel\/#primaryimage\"},\"image\":{\"@id\":\"https:\/\/penosil.com\/de\/produkt\/leichtspachtel\/#primaryimage\"},\"thumbnailUrl\":\"https:\/\/penosil.com\/de\/wp-content\/uploads\/sites\/33\/2024\/05\/650_PlasterSeal_650_DE2028129.png\",\"datePublished\":\"2022-10-28T10:06:35+00:00\",\"dateModified\":\"2026-01-20T01:07:38+00:00\",\"description\":\"PENOSIL PlasterSeal 650 ist ein Leichtspachtel zum F\u00fcllen von Gipskartonfugen in einem Arbeitsgang und ohne Fugenb\u00e4nder. Mehr erfahren!\",\"breadcrumb\":{\"@id\":\"https:\/\/penosil.com\/de\/produkt\/leichtspachtel\/#breadcrumb\"},\"inLanguage\":\"de\",\"potentialAction\":[{\"@type\":\"ReadAction\",\"target\":[\"https:\/\/penosil.com\/de\/produkt\/leichtspachtel\/\"]}]},{\"@type\":\"ImageObject\",\"inLanguage\":\"de\",\"@id\":\"https:\/\/penosil.com\/de\/produkt\/leichtspachtel\/#primaryimage\",\"url\":\"https:\/\/penosil.com\/de\/wp-content\/uploads\/sites\/33\/2024\/05\/650_PlasterSeal_650_DE2028129.png\",\"contentUrl\":\"https:\/\/penosil.com\/de\/wp-content\/uploads\/sites\/33\/2024\/05\/650_PlasterSeal_650_DE2028129.png\",\"width\":1080,\"height\":608},{\"@type\":\"BreadcrumbList\",\"@id\":\"https:\/\/penosil.com\/de\/produkt\/leichtspachtel\/#breadcrumb\",\"itemListElement\":[{\"@type\":\"ListItem\",\"position\":1,\"name\":\"Starseite\",\"item\":\"https:\/\/penosil.com\/de\/\"},{\"@type\":\"ListItem\",\"position\":2,\"name\":\"Produkte\",\"item\":\"https:\/\/penosil.com\/de\/produkte\/\"},{\"@type\":\"ListItem\",\"position\":3,\"name\":\"PlasterSeal 650\"}]},{\"@type\":\"WebSite\",\"@id\":\"https:\/\/penosil.com\/de\/#website\",\"url\":\"https:\/\/penosil.com\/de\/\",\"name\":\"Penosil Germany\",\"description\":\"\",\"potentialAction\":[{\"@type\":\"SearchAction\",\"target\":{\"@type\":\"EntryPoint\",\"urlTemplate\":\"https:\/\/penosil.com\/de\/?s={search_term_string}\"},\"query-input\":{\"@type\":\"PropertyValueSpecification\",\"valueRequired\":true,\"valueName\":\"search_term_string\"}}],\"inLanguage\":\"de\"}]}<\/script>\n<!-- \/ Yoast SEO plugin. -->","yoast_head_json":{"title":"PENOSIL PlasterSeal 650 Leichtspachtel f\u00fcr Gipskartonfugen","description":"PENOSIL PlasterSeal 650 ist ein Leichtspachtel zum F\u00fcllen von Gipskartonfugen in einem Arbeitsgang und ohne Fugenb\u00e4nder. Mehr erfahren!","robots":{"index":"index","follow":"follow","max-snippet":"max-snippet:-1","max-image-preview":"max-image-preview:large","max-video-preview":"max-video-preview:-1"},"canonical":"https:\/\/penosil.com\/de\/produkt\/leichtspachtel\/","og_locale":"de_DE","og_type":"article","og_title":"PENOSIL PlasterSeal 650 Leichtspachtel f\u00fcr Gipskartonfugen","og_description":"PENOSIL PlasterSeal 650 ist ein Leichtspachtel zum F\u00fcllen von Gipskartonfugen in einem Arbeitsgang und ohne Fugenb\u00e4nder. Mehr erfahren!","og_url":"https:\/\/penosil.com\/de\/produkt\/leichtspachtel\/","og_site_name":"Penosil Germany","article_modified_time":"2026-01-20T01:07:38+00:00","og_image":[{"width":1080,"height":608,"url":"https:\/\/penosil.com\/de\/wp-content\/uploads\/sites\/33\/2024\/05\/650_PlasterSeal_650_DE2028129.png","type":"image\/png"}],"twitter_card":"summary_large_image","twitter_misc":{"Gesch\u00e4tzte Lesezeit":"3\u00a0Minuten"},"schema":{"@context":"https:\/\/schema.org","@graph":[{"@type":"WebPage","@id":"https:\/\/penosil.com\/de\/produkt\/leichtspachtel\/","url":"https:\/\/penosil.com\/de\/produkt\/leichtspachtel\/","name":"PENOSIL PlasterSeal 650 Leichtspachtel f\u00fcr Gipskartonfugen","isPartOf":{"@id":"https:\/\/penosil.com\/de\/#website"},"primaryImageOfPage":{"@id":"https:\/\/penosil.com\/de\/produkt\/leichtspachtel\/#primaryimage"},"image":{"@id":"https:\/\/penosil.com\/de\/produkt\/leichtspachtel\/#primaryimage"},"thumbnailUrl":"https:\/\/penosil.com\/de\/wp-content\/uploads\/sites\/33\/2024\/05\/650_PlasterSeal_650_DE2028129.png","datePublished":"2022-10-28T10:06:35+00:00","dateModified":"2026-01-20T01:07:38+00:00","description":"PENOSIL PlasterSeal 650 ist ein Leichtspachtel zum F\u00fcllen von Gipskartonfugen in einem Arbeitsgang und ohne Fugenb\u00e4nder. Mehr erfahren!","breadcrumb":{"@id":"https:\/\/penosil.com\/de\/produkt\/leichtspachtel\/#breadcrumb"},"inLanguage":"de","potentialAction":[{"@type":"ReadAction","target":["https:\/\/penosil.com\/de\/produkt\/leichtspachtel\/"]}]},{"@type":"ImageObject","inLanguage":"de","@id":"https:\/\/penosil.com\/de\/produkt\/leichtspachtel\/#primaryimage","url":"https:\/\/penosil.com\/de\/wp-content\/uploads\/sites\/33\/2024\/05\/650_PlasterSeal_650_DE2028129.png","contentUrl":"https:\/\/penosil.com\/de\/wp-content\/uploads\/sites\/33\/2024\/05\/650_PlasterSeal_650_DE2028129.png","width":1080,"height":608},{"@type":"BreadcrumbList","@id":"https:\/\/penosil.com\/de\/produkt\/leichtspachtel\/#breadcrumb","itemListElement":[{"@type":"ListItem","position":1,"name":"Starseite","item":"https:\/\/penosil.com\/de\/"},{"@type":"ListItem","position":2,"name":"Produkte","item":"https:\/\/penosil.com\/de\/produkte\/"},{"@type":"ListItem","position":3,"name":"PlasterSeal 650"}]},{"@type":"WebSite","@id":"https:\/\/penosil.com\/de\/#website","url":"https:\/\/penosil.com\/de\/","name":"Penosil Germany","description":"","potentialAction":[{"@type":"SearchAction","target":{"@type":"EntryPoint","urlTemplate":"https:\/\/penosil.com\/de\/?s={search_term_string}"},"query-input":{"@type":"PropertyValueSpecification","valueRequired":true,"valueName":"search_term_string"}}],"inLanguage":"de"}]}},"featured_img":"https:\/\/penosil.com\/de\/wp-content\/uploads\/sites\/33\/2024\/05\/650_PlasterSeal_650_DE2028129.png","coauthors":[],"author_meta":{"author_link":"https:\/\/penosil.com\/de\/author\/kristin\/","display_name":"kristin"},"relative_dates":{"created":"Posted 3\u00a0Jahren ago","modified":"Updated 3\u00a0Monaten ago"},"absolute_dates":{"created":"Posted on 28. Oktober 2022","modified":"Updated on 20. Januar 2026"},"absolute_dates_time":{"created":"Posted on 28. Oktober 2022 10:06","modified":"Updated on 20. Januar 2026 1:07"},"featured_img_caption":"","tax_additional":{"product_brand":{"linked":[],"unlinked":[],"slug":"product_brand","name":"Marken"},"product_type":{"linked":["<a href=\"https:\/\/penosil.com\/de\/?taxonomy=product_type&#038;term=variable\" class=\"advgb-post-tax-term\">variable<\/a>"],"unlinked":["<span class=\"advgb-post-tax-term\">variable<\/span>"],"slug":"product_type","name":"Produkttyp"},"product_visibility":{"linked":["<a href=\"https:\/\/penosil.com\/de\/en\/?taxonomy=product_visibility&#038;term=outofstock\" class=\"advgb-post-tax-term\">outofstock<\/a>"],"unlinked":["<span class=\"advgb-post-tax-term\">outofstock<\/span>"],"slug":"product_visibility","name":"Sichtbarkeit des Produkts"},"product_cat":{"linked":["<a href=\"https:\/\/penosil.com\/de\/produkt-kategorie\/anwendungsbereiche\/\" class=\"advgb-post-tax-term\">Anwendungsbereiche<\/a>","<a href=\"https:\/\/penosil.com\/de\/produkt-kategorie\/produktgruppen\/oberflachenbehandlung\/spachtelmassen\/\" class=\"advgb-post-tax-term\">Spachtelmassen<\/a>","<a href=\"https:\/\/penosil.com\/de\/produkt-kategorie\/produktgruppen\/\" class=\"advgb-post-tax-term\">Produktgruppen<\/a>","<a href=\"https:\/\/penosil.com\/de\/produkt-kategorie\/produktgruppen\/oberflachenbehandlung\/\" class=\"advgb-post-tax-term\">Oberfl\u00e4chenbehandlung<\/a>","<a href=\"https:\/\/penosil.com\/de\/produkt-kategorie\/anwendungsbereiche\/dekoration\/\" class=\"advgb-post-tax-term\">Dekoration<\/a>"],"unlinked":["<span class=\"advgb-post-tax-term\">Anwendungsbereiche<\/span>","<span class=\"advgb-post-tax-term\">Spachtelmassen<\/span>","<span class=\"advgb-post-tax-term\">Produktgruppen<\/span>","<span class=\"advgb-post-tax-term\">Oberfl\u00e4chenbehandlung<\/span>","<span class=\"advgb-post-tax-term\">Dekoration<\/span>"],"slug":"product_cat","name":"Produkt-Kategorien"},"product_tag":{"linked":[],"unlinked":[],"slug":"product_tag","name":"Produkt-Schlagw\u00f6rter"},"product_shipping_class":{"linked":[],"unlinked":[],"slug":"product_shipping_class","name":"Produkt Versandklasse"},"pos_product_visibility":{"linked":[],"unlinked":[],"slug":"pos_product_visibility","name":"POS-Produkt-Sichtbarkeit."},"pa_diameter":{"linked":[],"unlinked":[],"slug":"pa_diameter","name":"Product Diameter"},"pa_farbe":{"linked":["<a href=\"https:\/\/penosil.com\/de\/?taxonomy=pa_farbe&#038;term=weiss\" class=\"advgb-post-tax-term\">Wei\u00df<\/a>"],"unlinked":["<span class=\"advgb-post-tax-term\">Wei\u00df<\/span>"],"slug":"pa_farbe","name":"Product Farbe"},"pa_roll":{"linked":[],"unlinked":[],"slug":"pa_roll","name":"Product Roll"},"pa_verpackung":{"linked":["<a href=\"https:\/\/penosil.com\/de\/?taxonomy=pa_verpackung&#038;term=5-l-3\" class=\"advgb-post-tax-term\">5 L<\/a>","<a href=\"https:\/\/penosil.com\/de\/?taxonomy=pa_verpackung&#038;term=16-l\" class=\"advgb-post-tax-term\">16 L<\/a>"],"unlinked":["<span class=\"advgb-post-tax-term\">5 L<\/span>","<span class=\"advgb-post-tax-term\">16 L<\/span>"],"slug":"pa_verpackung","name":"Product Verpackung"},"pa_widths":{"linked":[],"unlinked":[],"slug":"pa_widths","name":"Product Widths"},"translation_priority":{"linked":["<a href=\"https:\/\/penosil.com\/de\/?taxonomy=translation_priority&#038;term=optional-de\" class=\"advgb-post-tax-term\">Optional<\/a>"],"unlinked":["<span class=\"advgb-post-tax-term\">Optional<\/span>"],"slug":"translation_priority","name":"\u00dcbersetzungspriorit\u00e4ten"}},"series_order":"","_links":{"self":[{"href":"https:\/\/penosil.com\/de\/wp-json\/wp\/v2\/product\/28704","targetHints":{"allow":["GET"]}}],"collection":[{"href":"https:\/\/penosil.com\/de\/wp-json\/wp\/v2\/product"}],"about":[{"href":"https:\/\/penosil.com\/de\/wp-json\/wp\/v2\/types\/product"}],"version-history":[{"count":4,"href":"https:\/\/penosil.com\/de\/wp-json\/wp\/v2\/product\/28704\/revisions"}],"predecessor-version":[{"id":31626,"href":"https:\/\/penosil.com\/de\/wp-json\/wp\/v2\/product\/28704\/revisions\/31626"}],"wp:featuredmedia":[{"embeddable":true,"href":"https:\/\/penosil.com\/de\/wp-json\/wp\/v2\/media\/29488"}],"wp:attachment":[{"href":"https:\/\/penosil.com\/de\/wp-json\/wp\/v2\/media?parent=28704"}],"wp:term":[{"taxonomy":"product_brand","embeddable":true,"href":"https:\/\/penosil.com\/de\/wp-json\/wp\/v2\/product_brand?post=28704"},{"taxonomy":"product_cat","embeddable":true,"href":"https:\/\/penosil.com\/de\/wp-json\/wp\/v2\/product_cat?post=28704"},{"taxonomy":"product_tag","embeddable":true,"href":"https:\/\/penosil.com\/de\/wp-json\/wp\/v2\/product_tag?post=28704"}],"curies":[{"name":"wp","href":"https:\/\/api.w.org\/{rel}","templated":true}]}}