{"id":28783,"date":"2022-12-15T13:52:07","date_gmt":"2022-12-15T13:52:07","guid":{"rendered":"https:\/\/penosil.com\/de\/?post_type=product&#038;p=28783"},"modified":"2026-01-29T01:09:14","modified_gmt":"2026-01-29T01:09:14","slug":"hybridklebstoff-fur-verklebungen","status":"publish","type":"product","link":"https:\/\/penosil.com\/de\/produkt\/hybridklebstoff-fur-verklebungen\/","title":{"rendered":"Kleb und Dicht Strong 700"},"content":{"rendered":"<p>PENOSIL Kleb und Dicht Strong 700 ist ein Mehrzweck-Hybridklebstoff mit hoher Anfangshaftung f\u00fcr den Innen- und Au\u00dfenbereich. Bildet eine schnelle und starke Verbindung mit einer Vielzahl von Materialien. Geeignet f\u00fcr Metall- und unebene Oberfl\u00e4chen und f\u00fcr bewegliche Fugen.<\/p>\n","protected":false},"excerpt":{"rendered":"Elastischer Hybridklebstoff","protected":false},"author":22,"featured_media":30057,"template":"","meta":{"_acf_changed":false,"advgb_blocks_editor_width":"","advgb_blocks_columns_visual_guide":"","footnotes":""},"product_brand":[],"product_cat":[2514,2686,2559,2560,2515],"product_tag":[],"class_list":{"0":"post-28783","1":"product","2":"type-product","3":"status-publish","4":"has-post-thumbnail","6":"product_cat-anwendungsbereiche","7":"product_cat-hybrid-klebstoffe","8":"product_cat-produktgruppen","9":"product_cat-klebstoffe","10":"product_cat-kleben","12":"first","13":"outofstock","14":"taxable","15":"shipping-taxable","16":"purchasable","17":"product-type-variable","18":"has-default-attributes"},"acf":[],"yoast_head":"<!-- This site is optimized with the Yoast SEO plugin v27.2 - https:\/\/yoast.com\/product\/yoast-seo-wordpress\/ -->\n<title>PENOSIL Kleb und Dicht Strong 700 f\u00fcr schnelle Verbindungen<\/title>\n<meta name=\"description\" content=\"PENOSIL Kleb und Dicht Strong 700 Hybridklebstoff f\u00fcr schnelle und starke Verklebungen. Geignet f\u00fcr bewegliche Fugen. Weiterlesen!\" \/>\n<meta name=\"robots\" content=\"index, follow, max-snippet:-1, max-image-preview:large, max-video-preview:-1\" \/>\n<link rel=\"canonical\" href=\"https:\/\/penosil.com\/de\/produkt\/hybridklebstoff-fur-verklebungen\/\" \/>\n<meta property=\"og:locale\" content=\"de_DE\" \/>\n<meta property=\"og:type\" content=\"article\" \/>\n<meta property=\"og:title\" content=\"PENOSIL Kleb und Dicht Strong 700 f\u00fcr schnelle Verbindungen\" \/>\n<meta property=\"og:description\" content=\"PENOSIL Kleb und Dicht Strong 700 Hybridklebstoff f\u00fcr schnelle und starke Verklebungen. Geignet f\u00fcr bewegliche Fugen. Weiterlesen!\" \/>\n<meta property=\"og:url\" content=\"https:\/\/penosil.com\/de\/produkt\/hybridklebstoff-fur-verklebungen\/\" \/>\n<meta property=\"og:site_name\" content=\"Penosil Germany\" \/>\n<meta property=\"article:modified_time\" content=\"2026-01-29T01:09:14+00:00\" \/>\n<meta property=\"og:image\" content=\"https:\/\/penosil.com\/de\/wp-content\/uploads\/sites\/33\/2024\/07\/700_Kleb_und_Dicht_Strong_700_2_DE.png\" \/>\n\t<meta property=\"og:image:width\" content=\"387\" \/>\n\t<meta property=\"og:image:height\" content=\"1080\" \/>\n\t<meta property=\"og:image:type\" content=\"image\/png\" \/>\n<meta name=\"twitter:card\" content=\"summary_large_image\" \/>\n<meta name=\"twitter:label1\" content=\"Gesch\u00e4tzte Lesezeit\" \/>\n\t<meta name=\"twitter:data1\" content=\"4\u00a0Minuten\" \/>\n<script type=\"application\/ld+json\" class=\"yoast-schema-graph\">{\"@context\":\"https:\/\/schema.org\",\"@graph\":[{\"@type\":\"WebPage\",\"@id\":\"https:\/\/penosil.com\/de\/produkt\/hybridklebstoff-fur-verklebungen\/\",\"url\":\"https:\/\/penosil.com\/de\/produkt\/hybridklebstoff-fur-verklebungen\/\",\"name\":\"PENOSIL Kleb und Dicht Strong 700 f\u00fcr schnelle Verbindungen\",\"isPartOf\":{\"@id\":\"https:\/\/penosil.com\/de\/#website\"},\"primaryImageOfPage\":{\"@id\":\"https:\/\/penosil.com\/de\/produkt\/hybridklebstoff-fur-verklebungen\/#primaryimage\"},\"image\":{\"@id\":\"https:\/\/penosil.com\/de\/produkt\/hybridklebstoff-fur-verklebungen\/#primaryimage\"},\"thumbnailUrl\":\"https:\/\/penosil.com\/de\/wp-content\/uploads\/sites\/33\/2024\/07\/700_Kleb_und_Dicht_Strong_700_2_DE.png\",\"datePublished\":\"2022-12-15T13:52:07+00:00\",\"dateModified\":\"2026-01-29T01:09:14+00:00\",\"description\":\"PENOSIL Kleb und Dicht Strong 700 Hybridklebstoff f\u00fcr schnelle und starke Verklebungen. Geignet f\u00fcr bewegliche Fugen. Weiterlesen!\",\"breadcrumb\":{\"@id\":\"https:\/\/penosil.com\/de\/produkt\/hybridklebstoff-fur-verklebungen\/#breadcrumb\"},\"inLanguage\":\"de\",\"potentialAction\":[{\"@type\":\"ReadAction\",\"target\":[\"https:\/\/penosil.com\/de\/produkt\/hybridklebstoff-fur-verklebungen\/\"]}]},{\"@type\":\"ImageObject\",\"inLanguage\":\"de\",\"@id\":\"https:\/\/penosil.com\/de\/produkt\/hybridklebstoff-fur-verklebungen\/#primaryimage\",\"url\":\"https:\/\/penosil.com\/de\/wp-content\/uploads\/sites\/33\/2024\/07\/700_Kleb_und_Dicht_Strong_700_2_DE.png\",\"contentUrl\":\"https:\/\/penosil.com\/de\/wp-content\/uploads\/sites\/33\/2024\/07\/700_Kleb_und_Dicht_Strong_700_2_DE.png\",\"width\":387,\"height\":1080,\"caption\":\"Kleb und Dicht Strong 700 ist ein Mehrzweck-Hybridklebstoff\"},{\"@type\":\"BreadcrumbList\",\"@id\":\"https:\/\/penosil.com\/de\/produkt\/hybridklebstoff-fur-verklebungen\/#breadcrumb\",\"itemListElement\":[{\"@type\":\"ListItem\",\"position\":1,\"name\":\"Starseite\",\"item\":\"https:\/\/penosil.com\/de\/\"},{\"@type\":\"ListItem\",\"position\":2,\"name\":\"Produkte\",\"item\":\"https:\/\/penosil.com\/de\/produkte\/\"},{\"@type\":\"ListItem\",\"position\":3,\"name\":\"Kleb und Dicht Strong 700\"}]},{\"@type\":\"WebSite\",\"@id\":\"https:\/\/penosil.com\/de\/#website\",\"url\":\"https:\/\/penosil.com\/de\/\",\"name\":\"Penosil Germany\",\"description\":\"\",\"potentialAction\":[{\"@type\":\"SearchAction\",\"target\":{\"@type\":\"EntryPoint\",\"urlTemplate\":\"https:\/\/penosil.com\/de\/?s={search_term_string}\"},\"query-input\":{\"@type\":\"PropertyValueSpecification\",\"valueRequired\":true,\"valueName\":\"search_term_string\"}}],\"inLanguage\":\"de\"}]}<\/script>\n<!-- \/ Yoast SEO plugin. -->","yoast_head_json":{"title":"PENOSIL Kleb und Dicht Strong 700 f\u00fcr schnelle Verbindungen","description":"PENOSIL Kleb und Dicht Strong 700 Hybridklebstoff f\u00fcr schnelle und starke Verklebungen. Geignet f\u00fcr bewegliche Fugen. Weiterlesen!","robots":{"index":"index","follow":"follow","max-snippet":"max-snippet:-1","max-image-preview":"max-image-preview:large","max-video-preview":"max-video-preview:-1"},"canonical":"https:\/\/penosil.com\/de\/produkt\/hybridklebstoff-fur-verklebungen\/","og_locale":"de_DE","og_type":"article","og_title":"PENOSIL Kleb und Dicht Strong 700 f\u00fcr schnelle Verbindungen","og_description":"PENOSIL Kleb und Dicht Strong 700 Hybridklebstoff f\u00fcr schnelle und starke Verklebungen. Geignet f\u00fcr bewegliche Fugen. Weiterlesen!","og_url":"https:\/\/penosil.com\/de\/produkt\/hybridklebstoff-fur-verklebungen\/","og_site_name":"Penosil Germany","article_modified_time":"2026-01-29T01:09:14+00:00","og_image":[{"width":387,"height":1080,"url":"https:\/\/penosil.com\/de\/wp-content\/uploads\/sites\/33\/2024\/07\/700_Kleb_und_Dicht_Strong_700_2_DE.png","type":"image\/png"}],"twitter_card":"summary_large_image","twitter_misc":{"Gesch\u00e4tzte Lesezeit":"4\u00a0Minuten"},"schema":{"@context":"https:\/\/schema.org","@graph":[{"@type":"WebPage","@id":"https:\/\/penosil.com\/de\/produkt\/hybridklebstoff-fur-verklebungen\/","url":"https:\/\/penosil.com\/de\/produkt\/hybridklebstoff-fur-verklebungen\/","name":"PENOSIL Kleb und Dicht Strong 700 f\u00fcr schnelle Verbindungen","isPartOf":{"@id":"https:\/\/penosil.com\/de\/#website"},"primaryImageOfPage":{"@id":"https:\/\/penosil.com\/de\/produkt\/hybridklebstoff-fur-verklebungen\/#primaryimage"},"image":{"@id":"https:\/\/penosil.com\/de\/produkt\/hybridklebstoff-fur-verklebungen\/#primaryimage"},"thumbnailUrl":"https:\/\/penosil.com\/de\/wp-content\/uploads\/sites\/33\/2024\/07\/700_Kleb_und_Dicht_Strong_700_2_DE.png","datePublished":"2022-12-15T13:52:07+00:00","dateModified":"2026-01-29T01:09:14+00:00","description":"PENOSIL Kleb und Dicht Strong 700 Hybridklebstoff f\u00fcr schnelle und starke Verklebungen. Geignet f\u00fcr bewegliche Fugen. Weiterlesen!","breadcrumb":{"@id":"https:\/\/penosil.com\/de\/produkt\/hybridklebstoff-fur-verklebungen\/#breadcrumb"},"inLanguage":"de","potentialAction":[{"@type":"ReadAction","target":["https:\/\/penosil.com\/de\/produkt\/hybridklebstoff-fur-verklebungen\/"]}]},{"@type":"ImageObject","inLanguage":"de","@id":"https:\/\/penosil.com\/de\/produkt\/hybridklebstoff-fur-verklebungen\/#primaryimage","url":"https:\/\/penosil.com\/de\/wp-content\/uploads\/sites\/33\/2024\/07\/700_Kleb_und_Dicht_Strong_700_2_DE.png","contentUrl":"https:\/\/penosil.com\/de\/wp-content\/uploads\/sites\/33\/2024\/07\/700_Kleb_und_Dicht_Strong_700_2_DE.png","width":387,"height":1080,"caption":"Kleb und Dicht Strong 700 ist ein Mehrzweck-Hybridklebstoff"},{"@type":"BreadcrumbList","@id":"https:\/\/penosil.com\/de\/produkt\/hybridklebstoff-fur-verklebungen\/#breadcrumb","itemListElement":[{"@type":"ListItem","position":1,"name":"Starseite","item":"https:\/\/penosil.com\/de\/"},{"@type":"ListItem","position":2,"name":"Produkte","item":"https:\/\/penosil.com\/de\/produkte\/"},{"@type":"ListItem","position":3,"name":"Kleb und Dicht Strong 700"}]},{"@type":"WebSite","@id":"https:\/\/penosil.com\/de\/#website","url":"https:\/\/penosil.com\/de\/","name":"Penosil Germany","description":"","potentialAction":[{"@type":"SearchAction","target":{"@type":"EntryPoint","urlTemplate":"https:\/\/penosil.com\/de\/?s={search_term_string}"},"query-input":{"@type":"PropertyValueSpecification","valueRequired":true,"valueName":"search_term_string"}}],"inLanguage":"de"}]}},"featured_img":"https:\/\/penosil.com\/de\/wp-content\/uploads\/sites\/33\/2024\/07\/700_Kleb_und_Dicht_Strong_700_2_DE.png","coauthors":[],"author_meta":{"author_link":"https:\/\/penosil.com\/de\/author\/kristin\/","display_name":"kristin"},"relative_dates":{"created":"Posted 3\u00a0Jahren ago","modified":"Updated 2\u00a0Monaten ago"},"absolute_dates":{"created":"Posted on 15. Dezember 2022","modified":"Updated on 29. Januar 2026"},"absolute_dates_time":{"created":"Posted on 15. Dezember 2022 13:52","modified":"Updated on 29. Januar 2026 1:09"},"featured_img_caption":"","tax_additional":{"product_brand":{"linked":[],"unlinked":[],"slug":"product_brand","name":"Marken"},"product_type":{"linked":["<a href=\"https:\/\/penosil.com\/de\/?taxonomy=product_type&#038;term=variable\" class=\"advgb-post-tax-term\">variable<\/a>"],"unlinked":["<span class=\"advgb-post-tax-term\">variable<\/span>"],"slug":"product_type","name":"Produkttyp"},"product_visibility":{"linked":["<a href=\"https:\/\/penosil.com\/de\/en\/?taxonomy=product_visibility&#038;term=outofstock\" class=\"advgb-post-tax-term\">outofstock<\/a>"],"unlinked":["<span class=\"advgb-post-tax-term\">outofstock<\/span>"],"slug":"product_visibility","name":"Sichtbarkeit des Produkts"},"product_cat":{"linked":["<a href=\"https:\/\/penosil.com\/de\/produkt-kategorie\/anwendungsbereiche\/\" class=\"advgb-post-tax-term\">Anwendungsbereiche<\/a>","<a href=\"https:\/\/penosil.com\/de\/produkt-kategorie\/produktgruppen\/klebstoffe\/hybrid-klebstoffe\/\" class=\"advgb-post-tax-term\">Hybrid-Klebstoffe<\/a>","<a href=\"https:\/\/penosil.com\/de\/produkt-kategorie\/produktgruppen\/\" class=\"advgb-post-tax-term\">Produktgruppen<\/a>","<a href=\"https:\/\/penosil.com\/de\/produkt-kategorie\/produktgruppen\/klebstoffe\/\" class=\"advgb-post-tax-term\">Klebstoffe<\/a>","<a href=\"https:\/\/penosil.com\/de\/produkt-kategorie\/anwendungsbereiche\/kleben\/\" class=\"advgb-post-tax-term\">Kleben<\/a>"],"unlinked":["<span class=\"advgb-post-tax-term\">Anwendungsbereiche<\/span>","<span class=\"advgb-post-tax-term\">Hybrid-Klebstoffe<\/span>","<span class=\"advgb-post-tax-term\">Produktgruppen<\/span>","<span class=\"advgb-post-tax-term\">Klebstoffe<\/span>","<span class=\"advgb-post-tax-term\">Kleben<\/span>"],"slug":"product_cat","name":"Produkt-Kategorien"},"product_tag":{"linked":[],"unlinked":[],"slug":"product_tag","name":"Produkt-Schlagw\u00f6rter"},"product_shipping_class":{"linked":[],"unlinked":[],"slug":"product_shipping_class","name":"Produkt Versandklasse"},"pos_product_visibility":{"linked":[],"unlinked":[],"slug":"pos_product_visibility","name":"POS-Produkt-Sichtbarkeit."},"pa_diameter":{"linked":[],"unlinked":[],"slug":"pa_diameter","name":"Product Diameter"},"pa_farbe":{"linked":["<a href=\"https:\/\/penosil.com\/de\/?taxonomy=pa_farbe&#038;term=schwarz\" class=\"advgb-post-tax-term\">Schwarz<\/a>","<a href=\"https:\/\/penosil.com\/de\/?taxonomy=pa_farbe&#038;term=grau\" class=\"advgb-post-tax-term\">Grau<\/a>","<a href=\"https:\/\/penosil.com\/de\/?taxonomy=pa_farbe&#038;term=weiss\" class=\"advgb-post-tax-term\">Wei\u00df<\/a>"],"unlinked":["<span class=\"advgb-post-tax-term\">Schwarz<\/span>","<span class=\"advgb-post-tax-term\">Grau<\/span>","<span class=\"advgb-post-tax-term\">Wei\u00df<\/span>"],"slug":"pa_farbe","name":"Product Farbe"},"pa_roll":{"linked":[],"unlinked":[],"slug":"pa_roll","name":"Product Roll"},"pa_verpackung":{"linked":["<a href=\"https:\/\/penosil.com\/de\/?taxonomy=pa_verpackung&#038;term=290ml\" class=\"advgb-post-tax-term\">290 ml<\/a>"],"unlinked":["<span class=\"advgb-post-tax-term\">290 ml<\/span>"],"slug":"pa_verpackung","name":"Product Verpackung"},"pa_widths":{"linked":[],"unlinked":[],"slug":"pa_widths","name":"Product Widths"},"translation_priority":{"linked":["<a href=\"https:\/\/penosil.com\/de\/?taxonomy=translation_priority&#038;term=optional-de\" class=\"advgb-post-tax-term\">Optional<\/a>"],"unlinked":["<span class=\"advgb-post-tax-term\">Optional<\/span>"],"slug":"translation_priority","name":"\u00dcbersetzungspriorit\u00e4ten"}},"series_order":"","_links":{"self":[{"href":"https:\/\/penosil.com\/de\/wp-json\/wp\/v2\/product\/28783","targetHints":{"allow":["GET"]}}],"collection":[{"href":"https:\/\/penosil.com\/de\/wp-json\/wp\/v2\/product"}],"about":[{"href":"https:\/\/penosil.com\/de\/wp-json\/wp\/v2\/types\/product"}],"version-history":[{"count":7,"href":"https:\/\/penosil.com\/de\/wp-json\/wp\/v2\/product\/28783\/revisions"}],"predecessor-version":[{"id":31986,"href":"https:\/\/penosil.com\/de\/wp-json\/wp\/v2\/product\/28783\/revisions\/31986"}],"wp:featuredmedia":[{"embeddable":true,"href":"https:\/\/penosil.com\/de\/wp-json\/wp\/v2\/media\/30057"}],"wp:attachment":[{"href":"https:\/\/penosil.com\/de\/wp-json\/wp\/v2\/media?parent=28783"}],"wp:term":[{"taxonomy":"product_brand","embeddable":true,"href":"https:\/\/penosil.com\/de\/wp-json\/wp\/v2\/product_brand?post=28783"},{"taxonomy":"product_cat","embeddable":true,"href":"https:\/\/penosil.com\/de\/wp-json\/wp\/v2\/product_cat?post=28783"},{"taxonomy":"product_tag","embeddable":true,"href":"https:\/\/penosil.com\/de\/wp-json\/wp\/v2\/product_tag?post=28783"}],"curies":[{"name":"wp","href":"https:\/\/api.w.org\/{rel}","templated":true}]}}