{"id":28971,"date":"2023-02-17T12:41:16","date_gmt":"2023-02-17T12:41:16","guid":{"rendered":"https:\/\/penosil.com\/de\/?post_type=product&#038;p=28971"},"modified":"2026-01-20T01:02:54","modified_gmt":"2026-01-20T01:02:54","slug":"kartuschenpistole","status":"publish","type":"product","link":"https:\/\/penosil.com\/de\/produkt\/kartuschenpistole\/","title":{"rendered":"Cartridge Gun PH1"},"content":{"rendered":"<p>PENOSIL Cartrdige Gun PH1 ist eine Professionelle manuelle Kartuschenpistole f\u00fcr Kartuschen bis 310 ml.\u00a0Kann sowohl f\u00fcr Kunststoff- als auch f\u00fcr Aluminiumkartuschen verwendet werden.<\/p>\n","protected":false},"excerpt":{"rendered":"Professionelle Kartuschenpistole","protected":false},"author":22,"featured_media":29485,"template":"","meta":{"_acf_changed":false,"advgb_blocks_editor_width":"","advgb_blocks_columns_visual_guide":"","footnotes":""},"product_brand":[],"product_cat":[2538,2692,2514,2570,2559,2681,2580],"product_tag":[],"class_list":{"0":"post-28971","1":"product","2":"type-product","3":"status-publish","4":"has-post-thumbnail","6":"product_cat-allgemeine-bauarbeiten","7":"product_cat-dichtstoff-pistolen","8":"product_cat-anwendungsbereiche","9":"product_cat-dichtstoffe","10":"product_cat-produktgruppen","11":"product_cat-dichtstoffpistolen-und-reiniger","12":"product_cat-werkzeuge-reiniger","14":"first","15":"outofstock","16":"taxable","17":"shipping-taxable","18":"purchasable","19":"product-type-simple"},"acf":[],"yoast_head":"<!-- This site is optimized with the Yoast SEO plugin v27.2 - https:\/\/yoast.com\/product\/yoast-seo-wordpress\/ -->\n<title>PENOSIL Kartuschenpistole professionelle Handpistole<\/title>\n<meta name=\"description\" content=\"PENOSIL Kartuschenpistole ist eine Handpistole f\u00fcr Kartuschen von 310 ml. Kann sowohl f\u00fcr Kunststoff- als auch f\u00fcr Aluminiumkartuschen verwendet werden.\" \/>\n<meta name=\"robots\" content=\"index, follow, max-snippet:-1, max-image-preview:large, max-video-preview:-1\" \/>\n<link rel=\"canonical\" href=\"https:\/\/penosil.com\/de\/produkt\/kartuschenpistole\/\" \/>\n<meta property=\"og:locale\" content=\"de_DE\" \/>\n<meta property=\"og:type\" content=\"article\" \/>\n<meta property=\"og:title\" content=\"PENOSIL Kartuschenpistole professionelle Handpistole\" \/>\n<meta property=\"og:description\" content=\"PENOSIL Kartuschenpistole ist eine Handpistole f\u00fcr Kartuschen von 310 ml. Kann sowohl f\u00fcr Kunststoff- als auch f\u00fcr Aluminiumkartuschen verwendet werden.\" \/>\n<meta property=\"og:url\" content=\"https:\/\/penosil.com\/de\/produkt\/kartuschenpistole\/\" \/>\n<meta property=\"og:site_name\" content=\"Penosil Germany\" \/>\n<meta property=\"article:modified_time\" content=\"2026-01-20T01:02:54+00:00\" \/>\n<meta property=\"og:image\" content=\"https:\/\/penosil.com\/de\/wp-content\/uploads\/sites\/33\/2024\/05\/PENOSIL_Cartridge_Gun_PH1_web.png\" \/>\n\t<meta property=\"og:image:width\" content=\"1500\" \/>\n\t<meta property=\"og:image:height\" content=\"882\" \/>\n\t<meta property=\"og:image:type\" content=\"image\/png\" \/>\n<meta name=\"twitter:card\" content=\"summary_large_image\" \/>\n<meta name=\"twitter:label1\" content=\"Gesch\u00e4tzte Lesezeit\" \/>\n\t<meta name=\"twitter:data1\" content=\"1\u00a0Minute\" \/>\n<script type=\"application\/ld+json\" class=\"yoast-schema-graph\">{\"@context\":\"https:\/\/schema.org\",\"@graph\":[{\"@type\":\"WebPage\",\"@id\":\"https:\/\/penosil.com\/de\/produkt\/kartuschenpistole\/\",\"url\":\"https:\/\/penosil.com\/de\/produkt\/kartuschenpistole\/\",\"name\":\"PENOSIL Kartuschenpistole professionelle Handpistole\",\"isPartOf\":{\"@id\":\"https:\/\/penosil.com\/de\/#website\"},\"primaryImageOfPage\":{\"@id\":\"https:\/\/penosil.com\/de\/produkt\/kartuschenpistole\/#primaryimage\"},\"image\":{\"@id\":\"https:\/\/penosil.com\/de\/produkt\/kartuschenpistole\/#primaryimage\"},\"thumbnailUrl\":\"https:\/\/penosil.com\/de\/wp-content\/uploads\/sites\/33\/2024\/05\/PENOSIL_Cartridge_Gun_PH1_web.png\",\"datePublished\":\"2023-02-17T12:41:16+00:00\",\"dateModified\":\"2026-01-20T01:02:54+00:00\",\"description\":\"PENOSIL Kartuschenpistole ist eine Handpistole f\u00fcr Kartuschen von 310 ml. Kann sowohl f\u00fcr Kunststoff- als auch f\u00fcr Aluminiumkartuschen verwendet werden.\",\"breadcrumb\":{\"@id\":\"https:\/\/penosil.com\/de\/produkt\/kartuschenpistole\/#breadcrumb\"},\"inLanguage\":\"de\",\"potentialAction\":[{\"@type\":\"ReadAction\",\"target\":[\"https:\/\/penosil.com\/de\/produkt\/kartuschenpistole\/\"]}]},{\"@type\":\"ImageObject\",\"inLanguage\":\"de\",\"@id\":\"https:\/\/penosil.com\/de\/produkt\/kartuschenpistole\/#primaryimage\",\"url\":\"https:\/\/penosil.com\/de\/wp-content\/uploads\/sites\/33\/2024\/05\/PENOSIL_Cartridge_Gun_PH1_web.png\",\"contentUrl\":\"https:\/\/penosil.com\/de\/wp-content\/uploads\/sites\/33\/2024\/05\/PENOSIL_Cartridge_Gun_PH1_web.png\",\"width\":1500,\"height\":882},{\"@type\":\"BreadcrumbList\",\"@id\":\"https:\/\/penosil.com\/de\/produkt\/kartuschenpistole\/#breadcrumb\",\"itemListElement\":[{\"@type\":\"ListItem\",\"position\":1,\"name\":\"Starseite\",\"item\":\"https:\/\/penosil.com\/de\/\"},{\"@type\":\"ListItem\",\"position\":2,\"name\":\"Produkte\",\"item\":\"https:\/\/penosil.com\/de\/produkte\/\"},{\"@type\":\"ListItem\",\"position\":3,\"name\":\"Cartridge Gun PH1\"}]},{\"@type\":\"WebSite\",\"@id\":\"https:\/\/penosil.com\/de\/#website\",\"url\":\"https:\/\/penosil.com\/de\/\",\"name\":\"Penosil Germany\",\"description\":\"\",\"potentialAction\":[{\"@type\":\"SearchAction\",\"target\":{\"@type\":\"EntryPoint\",\"urlTemplate\":\"https:\/\/penosil.com\/de\/?s={search_term_string}\"},\"query-input\":{\"@type\":\"PropertyValueSpecification\",\"valueRequired\":true,\"valueName\":\"search_term_string\"}}],\"inLanguage\":\"de\"}]}<\/script>\n<!-- \/ Yoast SEO plugin. -->","yoast_head_json":{"title":"PENOSIL Kartuschenpistole professionelle Handpistole","description":"PENOSIL Kartuschenpistole ist eine Handpistole f\u00fcr Kartuschen von 310 ml. Kann sowohl f\u00fcr Kunststoff- als auch f\u00fcr Aluminiumkartuschen verwendet werden.","robots":{"index":"index","follow":"follow","max-snippet":"max-snippet:-1","max-image-preview":"max-image-preview:large","max-video-preview":"max-video-preview:-1"},"canonical":"https:\/\/penosil.com\/de\/produkt\/kartuschenpistole\/","og_locale":"de_DE","og_type":"article","og_title":"PENOSIL Kartuschenpistole professionelle Handpistole","og_description":"PENOSIL Kartuschenpistole ist eine Handpistole f\u00fcr Kartuschen von 310 ml. Kann sowohl f\u00fcr Kunststoff- als auch f\u00fcr Aluminiumkartuschen verwendet werden.","og_url":"https:\/\/penosil.com\/de\/produkt\/kartuschenpistole\/","og_site_name":"Penosil Germany","article_modified_time":"2026-01-20T01:02:54+00:00","og_image":[{"width":1500,"height":882,"url":"https:\/\/penosil.com\/de\/wp-content\/uploads\/sites\/33\/2024\/05\/PENOSIL_Cartridge_Gun_PH1_web.png","type":"image\/png"}],"twitter_card":"summary_large_image","twitter_misc":{"Gesch\u00e4tzte Lesezeit":"1\u00a0Minute"},"schema":{"@context":"https:\/\/schema.org","@graph":[{"@type":"WebPage","@id":"https:\/\/penosil.com\/de\/produkt\/kartuschenpistole\/","url":"https:\/\/penosil.com\/de\/produkt\/kartuschenpistole\/","name":"PENOSIL Kartuschenpistole professionelle Handpistole","isPartOf":{"@id":"https:\/\/penosil.com\/de\/#website"},"primaryImageOfPage":{"@id":"https:\/\/penosil.com\/de\/produkt\/kartuschenpistole\/#primaryimage"},"image":{"@id":"https:\/\/penosil.com\/de\/produkt\/kartuschenpistole\/#primaryimage"},"thumbnailUrl":"https:\/\/penosil.com\/de\/wp-content\/uploads\/sites\/33\/2024\/05\/PENOSIL_Cartridge_Gun_PH1_web.png","datePublished":"2023-02-17T12:41:16+00:00","dateModified":"2026-01-20T01:02:54+00:00","description":"PENOSIL Kartuschenpistole ist eine Handpistole f\u00fcr Kartuschen von 310 ml. Kann sowohl f\u00fcr Kunststoff- als auch f\u00fcr Aluminiumkartuschen verwendet werden.","breadcrumb":{"@id":"https:\/\/penosil.com\/de\/produkt\/kartuschenpistole\/#breadcrumb"},"inLanguage":"de","potentialAction":[{"@type":"ReadAction","target":["https:\/\/penosil.com\/de\/produkt\/kartuschenpistole\/"]}]},{"@type":"ImageObject","inLanguage":"de","@id":"https:\/\/penosil.com\/de\/produkt\/kartuschenpistole\/#primaryimage","url":"https:\/\/penosil.com\/de\/wp-content\/uploads\/sites\/33\/2024\/05\/PENOSIL_Cartridge_Gun_PH1_web.png","contentUrl":"https:\/\/penosil.com\/de\/wp-content\/uploads\/sites\/33\/2024\/05\/PENOSIL_Cartridge_Gun_PH1_web.png","width":1500,"height":882},{"@type":"BreadcrumbList","@id":"https:\/\/penosil.com\/de\/produkt\/kartuschenpistole\/#breadcrumb","itemListElement":[{"@type":"ListItem","position":1,"name":"Starseite","item":"https:\/\/penosil.com\/de\/"},{"@type":"ListItem","position":2,"name":"Produkte","item":"https:\/\/penosil.com\/de\/produkte\/"},{"@type":"ListItem","position":3,"name":"Cartridge Gun PH1"}]},{"@type":"WebSite","@id":"https:\/\/penosil.com\/de\/#website","url":"https:\/\/penosil.com\/de\/","name":"Penosil Germany","description":"","potentialAction":[{"@type":"SearchAction","target":{"@type":"EntryPoint","urlTemplate":"https:\/\/penosil.com\/de\/?s={search_term_string}"},"query-input":{"@type":"PropertyValueSpecification","valueRequired":true,"valueName":"search_term_string"}}],"inLanguage":"de"}]}},"featured_img":"https:\/\/penosil.com\/de\/wp-content\/uploads\/sites\/33\/2024\/05\/PENOSIL_Cartridge_Gun_PH1_web.png","coauthors":[],"author_meta":{"author_link":"https:\/\/penosil.com\/de\/author\/kristin\/","display_name":"kristin"},"relative_dates":{"created":"Posted 3\u00a0Jahren ago","modified":"Updated 3\u00a0Monaten ago"},"absolute_dates":{"created":"Posted on 17. Februar 2023","modified":"Updated on 20. Januar 2026"},"absolute_dates_time":{"created":"Posted on 17. Februar 2023 12:41","modified":"Updated on 20. Januar 2026 1:02"},"featured_img_caption":"","tax_additional":{"product_brand":{"linked":[],"unlinked":[],"slug":"product_brand","name":"Marken"},"product_type":{"linked":["<a href=\"https:\/\/penosil.com\/de\/?taxonomy=product_type&#038;term=simple\" class=\"advgb-post-tax-term\">simple<\/a>"],"unlinked":["<span class=\"advgb-post-tax-term\">simple<\/span>"],"slug":"product_type","name":"Produkttyp"},"product_visibility":{"linked":["<a href=\"https:\/\/penosil.com\/de\/en\/?taxonomy=product_visibility&#038;term=outofstock\" class=\"advgb-post-tax-term\">outofstock<\/a>"],"unlinked":["<span class=\"advgb-post-tax-term\">outofstock<\/span>"],"slug":"product_visibility","name":"Sichtbarkeit des Produkts"},"product_cat":{"linked":["<a href=\"https:\/\/penosil.com\/de\/produkt-kategorie\/anwendungsbereiche\/allgemeine-bauarbeiten\/\" class=\"advgb-post-tax-term\">Allgemeine Bauarbeiten<\/a>","<a href=\"https:\/\/penosil.com\/de\/produkt-kategorie\/produktgruppen\/werkzeuge-reiniger\/dichtstoff-pistolen\/\" class=\"advgb-post-tax-term\">Dichtstoff-Pistolen<\/a>","<a href=\"https:\/\/penosil.com\/de\/produkt-kategorie\/anwendungsbereiche\/\" class=\"advgb-post-tax-term\">Anwendungsbereiche<\/a>","<a href=\"https:\/\/penosil.com\/de\/produkt-kategorie\/produktgruppen\/dichtstoffe\/\" class=\"advgb-post-tax-term\">Dichtstoffe<\/a>","<a href=\"https:\/\/penosil.com\/de\/produkt-kategorie\/produktgruppen\/\" class=\"advgb-post-tax-term\">Produktgruppen<\/a>","<a href=\"https:\/\/penosil.com\/de\/produkt-kategorie\/produktgruppen\/dichtstoffe\/dichtstoffpistolen-und-reiniger\/\" class=\"advgb-post-tax-term\">Dichtstoffpistolen und -reiniger<\/a>","<a href=\"https:\/\/penosil.com\/de\/produkt-kategorie\/produktgruppen\/werkzeuge-reiniger\/\" class=\"advgb-post-tax-term\">Werkzeuge &amp; Reiniger<\/a>"],"unlinked":["<span class=\"advgb-post-tax-term\">Allgemeine Bauarbeiten<\/span>","<span class=\"advgb-post-tax-term\">Dichtstoff-Pistolen<\/span>","<span class=\"advgb-post-tax-term\">Anwendungsbereiche<\/span>","<span class=\"advgb-post-tax-term\">Dichtstoffe<\/span>","<span class=\"advgb-post-tax-term\">Produktgruppen<\/span>","<span class=\"advgb-post-tax-term\">Dichtstoffpistolen und -reiniger<\/span>","<span class=\"advgb-post-tax-term\">Werkzeuge &amp; Reiniger<\/span>"],"slug":"product_cat","name":"Produkt-Kategorien"},"product_tag":{"linked":[],"unlinked":[],"slug":"product_tag","name":"Produkt-Schlagw\u00f6rter"},"product_shipping_class":{"linked":[],"unlinked":[],"slug":"product_shipping_class","name":"Produkt Versandklasse"},"pos_product_visibility":{"linked":[],"unlinked":[],"slug":"pos_product_visibility","name":"POS-Produkt-Sichtbarkeit."},"pa_diameter":{"linked":[],"unlinked":[],"slug":"pa_diameter","name":"Product Diameter"},"pa_farbe":{"linked":[],"unlinked":[],"slug":"pa_farbe","name":"Product Farbe"},"pa_roll":{"linked":[],"unlinked":[],"slug":"pa_roll","name":"Product Roll"},"pa_verpackung":{"linked":[],"unlinked":[],"slug":"pa_verpackung","name":"Product Verpackung"},"pa_widths":{"linked":[],"unlinked":[],"slug":"pa_widths","name":"Product Widths"},"translation_priority":{"linked":["<a href=\"https:\/\/penosil.com\/de\/?taxonomy=translation_priority&#038;term=optional-de\" class=\"advgb-post-tax-term\">Optional<\/a>"],"unlinked":["<span class=\"advgb-post-tax-term\">Optional<\/span>"],"slug":"translation_priority","name":"\u00dcbersetzungspriorit\u00e4ten"}},"series_order":"","_links":{"self":[{"href":"https:\/\/penosil.com\/de\/wp-json\/wp\/v2\/product\/28971","targetHints":{"allow":["GET"]}}],"collection":[{"href":"https:\/\/penosil.com\/de\/wp-json\/wp\/v2\/product"}],"about":[{"href":"https:\/\/penosil.com\/de\/wp-json\/wp\/v2\/types\/product"}],"version-history":[{"count":4,"href":"https:\/\/penosil.com\/de\/wp-json\/wp\/v2\/product\/28971\/revisions"}],"predecessor-version":[{"id":31903,"href":"https:\/\/penosil.com\/de\/wp-json\/wp\/v2\/product\/28971\/revisions\/31903"}],"wp:featuredmedia":[{"embeddable":true,"href":"https:\/\/penosil.com\/de\/wp-json\/wp\/v2\/media\/29485"}],"wp:attachment":[{"href":"https:\/\/penosil.com\/de\/wp-json\/wp\/v2\/media?parent=28971"}],"wp:term":[{"taxonomy":"product_brand","embeddable":true,"href":"https:\/\/penosil.com\/de\/wp-json\/wp\/v2\/product_brand?post=28971"},{"taxonomy":"product_cat","embeddable":true,"href":"https:\/\/penosil.com\/de\/wp-json\/wp\/v2\/product_cat?post=28971"},{"taxonomy":"product_tag","embeddable":true,"href":"https:\/\/penosil.com\/de\/wp-json\/wp\/v2\/product_tag?post=28971"}],"curies":[{"name":"wp","href":"https:\/\/api.w.org\/{rel}","templated":true}]}}