{"id":28973,"date":"2023-02-17T12:53:12","date_gmt":"2023-02-17T12:53:12","guid":{"rendered":"https:\/\/penosil.com\/de\/?post_type=product&#038;p=28973"},"modified":"2026-01-23T01:03:10","modified_gmt":"2026-01-23T01:03:10","slug":"cartridge-gun-sh1-handpistole-fur-kartuschen","status":"publish","type":"product","link":"https:\/\/penosil.com\/de\/produkt\/cartridge-gun-sh1-handpistole-fur-kartuschen\/","title":{"rendered":"Cartridge Gun SH1"},"content":{"rendered":"<p>PENOSIL Cartridge Gun SH1 ist eine Manuelle Kartuschenpistole f\u00fcr Kartuschen bis 310 ml.\u00a0Kann sowohl f\u00fcr Kunststoff- als auch f\u00fcr Aluminiumkartuschen verwendet werden.<\/p>\n","protected":false},"excerpt":{"rendered":"Manuelle Kartuschenpistole","protected":false},"author":22,"featured_media":29486,"template":"","meta":{"_acf_changed":false,"advgb_blocks_editor_width":"","advgb_blocks_columns_visual_guide":"","footnotes":""},"product_brand":[],"product_cat":[2538,2514,2570,2692,2559,2580,2681],"product_tag":[],"class_list":{"0":"post-28973","1":"product","2":"type-product","3":"status-publish","4":"has-post-thumbnail","6":"product_cat-allgemeine-bauarbeiten","7":"product_cat-anwendungsbereiche","8":"product_cat-dichtstoffe","9":"product_cat-dichtstoff-pistolen","10":"product_cat-produktgruppen","11":"product_cat-werkzeuge-reiniger","12":"product_cat-dichtstoffpistolen-und-reiniger","14":"first","15":"outofstock","16":"taxable","17":"shipping-taxable","18":"purchasable","19":"product-type-simple"},"acf":[],"yoast_head":"<!-- This site is optimized with the Yoast SEO plugin v27.2 - https:\/\/yoast.com\/product\/yoast-seo-wordpress\/ -->\n<title>Handpistole f\u00fcr Kartuschen PENOSIL Cartridge Gun SH1<\/title>\n<meta name=\"description\" content=\"PENOSIL Kartuschenpistole ist eine Handpistole f\u00fcr Kartuschen von 310 ml. Kann sowohl f\u00fcr Kunststoff- als auch f\u00fcr Aluminiumkartuschen verwendet werden. Jetzt anschauen!\" \/>\n<meta name=\"robots\" content=\"index, follow, max-snippet:-1, max-image-preview:large, max-video-preview:-1\" \/>\n<link rel=\"canonical\" href=\"https:\/\/penosil.com\/de\/produkt\/cartridge-gun-sh1-handpistole-fur-kartuschen\/\" \/>\n<meta property=\"og:locale\" content=\"de_DE\" \/>\n<meta property=\"og:type\" content=\"article\" \/>\n<meta property=\"og:title\" content=\"Handpistole f\u00fcr Kartuschen PENOSIL Cartridge Gun SH1\" \/>\n<meta property=\"og:description\" content=\"PENOSIL Kartuschenpistole ist eine Handpistole f\u00fcr Kartuschen von 310 ml. Kann sowohl f\u00fcr Kunststoff- als auch f\u00fcr Aluminiumkartuschen verwendet werden. Jetzt anschauen!\" \/>\n<meta property=\"og:url\" content=\"https:\/\/penosil.com\/de\/produkt\/cartridge-gun-sh1-handpistole-fur-kartuschen\/\" \/>\n<meta property=\"og:site_name\" content=\"Penosil Germany\" \/>\n<meta property=\"article:modified_time\" content=\"2026-01-23T01:03:10+00:00\" \/>\n<meta property=\"og:image\" content=\"https:\/\/penosil.com\/de\/wp-content\/uploads\/sites\/33\/2024\/05\/Cartridge_gun_SH1.png\" \/>\n\t<meta property=\"og:image:width\" content=\"3013\" \/>\n\t<meta property=\"og:image:height\" content=\"1819\" \/>\n\t<meta property=\"og:image:type\" content=\"image\/png\" \/>\n<meta name=\"twitter:card\" content=\"summary_large_image\" \/>\n<meta name=\"twitter:label1\" content=\"Gesch\u00e4tzte Lesezeit\" \/>\n\t<meta name=\"twitter:data1\" content=\"1\u00a0Minute\" \/>\n<script type=\"application\/ld+json\" class=\"yoast-schema-graph\">{\"@context\":\"https:\/\/schema.org\",\"@graph\":[{\"@type\":\"WebPage\",\"@id\":\"https:\/\/penosil.com\/de\/produkt\/cartridge-gun-sh1-handpistole-fur-kartuschen\/\",\"url\":\"https:\/\/penosil.com\/de\/produkt\/cartridge-gun-sh1-handpistole-fur-kartuschen\/\",\"name\":\"Handpistole f\u00fcr Kartuschen PENOSIL Cartridge Gun SH1\",\"isPartOf\":{\"@id\":\"https:\/\/penosil.com\/de\/#website\"},\"primaryImageOfPage\":{\"@id\":\"https:\/\/penosil.com\/de\/produkt\/cartridge-gun-sh1-handpistole-fur-kartuschen\/#primaryimage\"},\"image\":{\"@id\":\"https:\/\/penosil.com\/de\/produkt\/cartridge-gun-sh1-handpistole-fur-kartuschen\/#primaryimage\"},\"thumbnailUrl\":\"https:\/\/penosil.com\/de\/wp-content\/uploads\/sites\/33\/2024\/05\/Cartridge_gun_SH1.png\",\"datePublished\":\"2023-02-17T12:53:12+00:00\",\"dateModified\":\"2026-01-23T01:03:10+00:00\",\"description\":\"PENOSIL Kartuschenpistole ist eine Handpistole f\u00fcr Kartuschen von 310 ml. Kann sowohl f\u00fcr Kunststoff- als auch f\u00fcr Aluminiumkartuschen verwendet werden. Jetzt anschauen!\",\"breadcrumb\":{\"@id\":\"https:\/\/penosil.com\/de\/produkt\/cartridge-gun-sh1-handpistole-fur-kartuschen\/#breadcrumb\"},\"inLanguage\":\"de\",\"potentialAction\":[{\"@type\":\"ReadAction\",\"target\":[\"https:\/\/penosil.com\/de\/produkt\/cartridge-gun-sh1-handpistole-fur-kartuschen\/\"]}]},{\"@type\":\"ImageObject\",\"inLanguage\":\"de\",\"@id\":\"https:\/\/penosil.com\/de\/produkt\/cartridge-gun-sh1-handpistole-fur-kartuschen\/#primaryimage\",\"url\":\"https:\/\/penosil.com\/de\/wp-content\/uploads\/sites\/33\/2024\/05\/Cartridge_gun_SH1.png\",\"contentUrl\":\"https:\/\/penosil.com\/de\/wp-content\/uploads\/sites\/33\/2024\/05\/Cartridge_gun_SH1.png\",\"width\":3013,\"height\":1819},{\"@type\":\"BreadcrumbList\",\"@id\":\"https:\/\/penosil.com\/de\/produkt\/cartridge-gun-sh1-handpistole-fur-kartuschen\/#breadcrumb\",\"itemListElement\":[{\"@type\":\"ListItem\",\"position\":1,\"name\":\"Starseite\",\"item\":\"https:\/\/penosil.com\/de\/\"},{\"@type\":\"ListItem\",\"position\":2,\"name\":\"Produkte\",\"item\":\"https:\/\/penosil.com\/de\/produkte\/\"},{\"@type\":\"ListItem\",\"position\":3,\"name\":\"Cartridge Gun SH1\"}]},{\"@type\":\"WebSite\",\"@id\":\"https:\/\/penosil.com\/de\/#website\",\"url\":\"https:\/\/penosil.com\/de\/\",\"name\":\"Penosil Germany\",\"description\":\"\",\"potentialAction\":[{\"@type\":\"SearchAction\",\"target\":{\"@type\":\"EntryPoint\",\"urlTemplate\":\"https:\/\/penosil.com\/de\/?s={search_term_string}\"},\"query-input\":{\"@type\":\"PropertyValueSpecification\",\"valueRequired\":true,\"valueName\":\"search_term_string\"}}],\"inLanguage\":\"de\"}]}<\/script>\n<!-- \/ Yoast SEO plugin. -->","yoast_head_json":{"title":"Handpistole f\u00fcr Kartuschen PENOSIL Cartridge Gun SH1","description":"PENOSIL Kartuschenpistole ist eine Handpistole f\u00fcr Kartuschen von 310 ml. Kann sowohl f\u00fcr Kunststoff- als auch f\u00fcr Aluminiumkartuschen verwendet werden. Jetzt anschauen!","robots":{"index":"index","follow":"follow","max-snippet":"max-snippet:-1","max-image-preview":"max-image-preview:large","max-video-preview":"max-video-preview:-1"},"canonical":"https:\/\/penosil.com\/de\/produkt\/cartridge-gun-sh1-handpistole-fur-kartuschen\/","og_locale":"de_DE","og_type":"article","og_title":"Handpistole f\u00fcr Kartuschen PENOSIL Cartridge Gun SH1","og_description":"PENOSIL Kartuschenpistole ist eine Handpistole f\u00fcr Kartuschen von 310 ml. Kann sowohl f\u00fcr Kunststoff- als auch f\u00fcr Aluminiumkartuschen verwendet werden. Jetzt anschauen!","og_url":"https:\/\/penosil.com\/de\/produkt\/cartridge-gun-sh1-handpistole-fur-kartuschen\/","og_site_name":"Penosil Germany","article_modified_time":"2026-01-23T01:03:10+00:00","og_image":[{"width":3013,"height":1819,"url":"https:\/\/penosil.com\/de\/wp-content\/uploads\/sites\/33\/2024\/05\/Cartridge_gun_SH1.png","type":"image\/png"}],"twitter_card":"summary_large_image","twitter_misc":{"Gesch\u00e4tzte Lesezeit":"1\u00a0Minute"},"schema":{"@context":"https:\/\/schema.org","@graph":[{"@type":"WebPage","@id":"https:\/\/penosil.com\/de\/produkt\/cartridge-gun-sh1-handpistole-fur-kartuschen\/","url":"https:\/\/penosil.com\/de\/produkt\/cartridge-gun-sh1-handpistole-fur-kartuschen\/","name":"Handpistole f\u00fcr Kartuschen PENOSIL Cartridge Gun SH1","isPartOf":{"@id":"https:\/\/penosil.com\/de\/#website"},"primaryImageOfPage":{"@id":"https:\/\/penosil.com\/de\/produkt\/cartridge-gun-sh1-handpistole-fur-kartuschen\/#primaryimage"},"image":{"@id":"https:\/\/penosil.com\/de\/produkt\/cartridge-gun-sh1-handpistole-fur-kartuschen\/#primaryimage"},"thumbnailUrl":"https:\/\/penosil.com\/de\/wp-content\/uploads\/sites\/33\/2024\/05\/Cartridge_gun_SH1.png","datePublished":"2023-02-17T12:53:12+00:00","dateModified":"2026-01-23T01:03:10+00:00","description":"PENOSIL Kartuschenpistole ist eine Handpistole f\u00fcr Kartuschen von 310 ml. Kann sowohl f\u00fcr Kunststoff- als auch f\u00fcr Aluminiumkartuschen verwendet werden. Jetzt anschauen!","breadcrumb":{"@id":"https:\/\/penosil.com\/de\/produkt\/cartridge-gun-sh1-handpistole-fur-kartuschen\/#breadcrumb"},"inLanguage":"de","potentialAction":[{"@type":"ReadAction","target":["https:\/\/penosil.com\/de\/produkt\/cartridge-gun-sh1-handpistole-fur-kartuschen\/"]}]},{"@type":"ImageObject","inLanguage":"de","@id":"https:\/\/penosil.com\/de\/produkt\/cartridge-gun-sh1-handpistole-fur-kartuschen\/#primaryimage","url":"https:\/\/penosil.com\/de\/wp-content\/uploads\/sites\/33\/2024\/05\/Cartridge_gun_SH1.png","contentUrl":"https:\/\/penosil.com\/de\/wp-content\/uploads\/sites\/33\/2024\/05\/Cartridge_gun_SH1.png","width":3013,"height":1819},{"@type":"BreadcrumbList","@id":"https:\/\/penosil.com\/de\/produkt\/cartridge-gun-sh1-handpistole-fur-kartuschen\/#breadcrumb","itemListElement":[{"@type":"ListItem","position":1,"name":"Starseite","item":"https:\/\/penosil.com\/de\/"},{"@type":"ListItem","position":2,"name":"Produkte","item":"https:\/\/penosil.com\/de\/produkte\/"},{"@type":"ListItem","position":3,"name":"Cartridge Gun SH1"}]},{"@type":"WebSite","@id":"https:\/\/penosil.com\/de\/#website","url":"https:\/\/penosil.com\/de\/","name":"Penosil Germany","description":"","potentialAction":[{"@type":"SearchAction","target":{"@type":"EntryPoint","urlTemplate":"https:\/\/penosil.com\/de\/?s={search_term_string}"},"query-input":{"@type":"PropertyValueSpecification","valueRequired":true,"valueName":"search_term_string"}}],"inLanguage":"de"}]}},"featured_img":"https:\/\/penosil.com\/de\/wp-content\/uploads\/sites\/33\/2024\/05\/Cartridge_gun_SH1.png","coauthors":[],"author_meta":{"author_link":"https:\/\/penosil.com\/de\/author\/kristin\/","display_name":"kristin"},"relative_dates":{"created":"Posted 3\u00a0Jahren ago","modified":"Updated 3\u00a0Monaten ago"},"absolute_dates":{"created":"Posted on 17. Februar 2023","modified":"Updated on 23. Januar 2026"},"absolute_dates_time":{"created":"Posted on 17. Februar 2023 12:53","modified":"Updated on 23. Januar 2026 1:03"},"featured_img_caption":"","tax_additional":{"product_brand":{"linked":[],"unlinked":[],"slug":"product_brand","name":"Marken"},"product_type":{"linked":["<a href=\"https:\/\/penosil.com\/de\/?taxonomy=product_type&#038;term=simple\" class=\"advgb-post-tax-term\">simple<\/a>"],"unlinked":["<span class=\"advgb-post-tax-term\">simple<\/span>"],"slug":"product_type","name":"Produkttyp"},"product_visibility":{"linked":["<a href=\"https:\/\/penosil.com\/de\/en\/?taxonomy=product_visibility&#038;term=outofstock\" class=\"advgb-post-tax-term\">outofstock<\/a>"],"unlinked":["<span class=\"advgb-post-tax-term\">outofstock<\/span>"],"slug":"product_visibility","name":"Sichtbarkeit des Produkts"},"product_cat":{"linked":["<a href=\"https:\/\/penosil.com\/de\/produkt-kategorie\/anwendungsbereiche\/allgemeine-bauarbeiten\/\" class=\"advgb-post-tax-term\">Allgemeine Bauarbeiten<\/a>","<a href=\"https:\/\/penosil.com\/de\/produkt-kategorie\/anwendungsbereiche\/\" class=\"advgb-post-tax-term\">Anwendungsbereiche<\/a>","<a href=\"https:\/\/penosil.com\/de\/produkt-kategorie\/produktgruppen\/dichtstoffe\/\" class=\"advgb-post-tax-term\">Dichtstoffe<\/a>","<a href=\"https:\/\/penosil.com\/de\/produkt-kategorie\/produktgruppen\/werkzeuge-reiniger\/dichtstoff-pistolen\/\" class=\"advgb-post-tax-term\">Dichtstoff-Pistolen<\/a>","<a href=\"https:\/\/penosil.com\/de\/produkt-kategorie\/produktgruppen\/\" class=\"advgb-post-tax-term\">Produktgruppen<\/a>","<a href=\"https:\/\/penosil.com\/de\/produkt-kategorie\/produktgruppen\/werkzeuge-reiniger\/\" class=\"advgb-post-tax-term\">Werkzeuge &amp; Reiniger<\/a>","<a href=\"https:\/\/penosil.com\/de\/produkt-kategorie\/produktgruppen\/dichtstoffe\/dichtstoffpistolen-und-reiniger\/\" class=\"advgb-post-tax-term\">Dichtstoffpistolen und -reiniger<\/a>"],"unlinked":["<span class=\"advgb-post-tax-term\">Allgemeine Bauarbeiten<\/span>","<span class=\"advgb-post-tax-term\">Anwendungsbereiche<\/span>","<span class=\"advgb-post-tax-term\">Dichtstoffe<\/span>","<span class=\"advgb-post-tax-term\">Dichtstoff-Pistolen<\/span>","<span class=\"advgb-post-tax-term\">Produktgruppen<\/span>","<span class=\"advgb-post-tax-term\">Werkzeuge &amp; Reiniger<\/span>","<span class=\"advgb-post-tax-term\">Dichtstoffpistolen und -reiniger<\/span>"],"slug":"product_cat","name":"Produkt-Kategorien"},"product_tag":{"linked":[],"unlinked":[],"slug":"product_tag","name":"Produkt-Schlagw\u00f6rter"},"product_shipping_class":{"linked":[],"unlinked":[],"slug":"product_shipping_class","name":"Produkt Versandklasse"},"pos_product_visibility":{"linked":[],"unlinked":[],"slug":"pos_product_visibility","name":"POS-Produkt-Sichtbarkeit."},"pa_diameter":{"linked":[],"unlinked":[],"slug":"pa_diameter","name":"Product Diameter"},"pa_farbe":{"linked":[],"unlinked":[],"slug":"pa_farbe","name":"Product Farbe"},"pa_roll":{"linked":[],"unlinked":[],"slug":"pa_roll","name":"Product Roll"},"pa_verpackung":{"linked":[],"unlinked":[],"slug":"pa_verpackung","name":"Product Verpackung"},"pa_widths":{"linked":[],"unlinked":[],"slug":"pa_widths","name":"Product Widths"},"translation_priority":{"linked":["<a href=\"https:\/\/penosil.com\/de\/?taxonomy=translation_priority&#038;term=optional-de\" class=\"advgb-post-tax-term\">Optional<\/a>"],"unlinked":["<span class=\"advgb-post-tax-term\">Optional<\/span>"],"slug":"translation_priority","name":"\u00dcbersetzungspriorit\u00e4ten"}},"series_order":"","_links":{"self":[{"href":"https:\/\/penosil.com\/de\/wp-json\/wp\/v2\/product\/28973","targetHints":{"allow":["GET"]}}],"collection":[{"href":"https:\/\/penosil.com\/de\/wp-json\/wp\/v2\/product"}],"about":[{"href":"https:\/\/penosil.com\/de\/wp-json\/wp\/v2\/types\/product"}],"version-history":[{"count":5,"href":"https:\/\/penosil.com\/de\/wp-json\/wp\/v2\/product\/28973\/revisions"}],"predecessor-version":[{"id":31928,"href":"https:\/\/penosil.com\/de\/wp-json\/wp\/v2\/product\/28973\/revisions\/31928"}],"wp:featuredmedia":[{"embeddable":true,"href":"https:\/\/penosil.com\/de\/wp-json\/wp\/v2\/media\/29486"}],"wp:attachment":[{"href":"https:\/\/penosil.com\/de\/wp-json\/wp\/v2\/media?parent=28973"}],"wp:term":[{"taxonomy":"product_brand","embeddable":true,"href":"https:\/\/penosil.com\/de\/wp-json\/wp\/v2\/product_brand?post=28973"},{"taxonomy":"product_cat","embeddable":true,"href":"https:\/\/penosil.com\/de\/wp-json\/wp\/v2\/product_cat?post=28973"},{"taxonomy":"product_tag","embeddable":true,"href":"https:\/\/penosil.com\/de\/wp-json\/wp\/v2\/product_tag?post=28973"}],"curies":[{"name":"wp","href":"https:\/\/api.w.org\/{rel}","templated":true}]}}