{"id":29430,"date":"2024-03-13T12:55:51","date_gmt":"2024-03-13T12:55:51","guid":{"rendered":"https:\/\/penosil.com\/de\/?post_type=product&#038;p=29430"},"modified":"2026-01-24T01:07:27","modified_gmt":"2026-01-24T01:07:27","slug":"glattmittel","status":"publish","type":"product","link":"https:\/\/penosil.com\/de\/produkt\/glattmittel\/","title":{"rendered":"Gl\u00e4ttmittel 407"},"content":{"rendered":"<p>PENOSIL Gl\u00e4ttmittel 407 ist ein Dichtstoff-Gl\u00e4ttmittel. Perfekt f\u00fcr Silikon-, Acryl-, Polyurethan- und MS-Polymer-Dichtstofffugen.\u00a0<\/p>\n","protected":false},"excerpt":{"rendered":"Dichtstoffgl\u00e4ttungsspray","protected":false},"author":210,"featured_media":29550,"template":"","meta":{"_acf_changed":false,"advgb_blocks_editor_width":"","advgb_blocks_columns_visual_guide":"","footnotes":""},"product_brand":[],"product_cat":[2538,2514,2570,2559,2661,2681],"product_tag":[],"class_list":{"0":"post-29430","1":"product","2":"type-product","3":"status-publish","4":"has-post-thumbnail","6":"product_cat-allgemeine-bauarbeiten","7":"product_cat-anwendungsbereiche","8":"product_cat-dichtstoffe","9":"product_cat-produktgruppen","10":"product_cat-oberflachenbehandlung","11":"product_cat-dichtstoffpistolen-und-reiniger","13":"first","14":"outofstock","15":"taxable","16":"shipping-taxable","17":"purchasable","18":"product-type-variable","19":"has-default-attributes"},"acf":[],"yoast_head":"<!-- This site is optimized with the Yoast SEO plugin v27.2 - https:\/\/yoast.com\/product\/yoast-seo-wordpress\/ -->\n<title>Gl\u00e4ttmittel 407 zum Gl\u00e4tten von Dichstoffen | Penosil DE<\/title>\n<meta name=\"description\" content=\"Penosil Gl\u00e4ttmittel 407 f\u00fcr das perfekte Finish von Dichtungsfugen. Perfekt f\u00fcr Silikon-, Acryl-, Polyurethan- und MS-Polymer-Dichtstoffe. Mehr erfahren!\" \/>\n<meta name=\"robots\" content=\"index, follow, max-snippet:-1, max-image-preview:large, max-video-preview:-1\" \/>\n<link rel=\"canonical\" href=\"https:\/\/penosil.com\/de\/produkt\/glattmittel\/\" \/>\n<meta property=\"og:locale\" content=\"de_DE\" \/>\n<meta property=\"og:type\" content=\"article\" \/>\n<meta property=\"og:title\" content=\"Gl\u00e4ttmittel 407 zum Gl\u00e4tten von Dichstoffen | Penosil DE\" \/>\n<meta property=\"og:description\" content=\"Penosil Gl\u00e4ttmittel 407 f\u00fcr das perfekte Finish von Dichtungsfugen. Perfekt f\u00fcr Silikon-, Acryl-, Polyurethan- und MS-Polymer-Dichtstoffe. Mehr erfahren!\" \/>\n<meta property=\"og:url\" content=\"https:\/\/penosil.com\/de\/produkt\/glattmittel\/\" \/>\n<meta property=\"og:site_name\" content=\"Penosil Germany\" \/>\n<meta property=\"article:modified_time\" content=\"2026-01-24T01:07:27+00:00\" \/>\n<meta property=\"og:image\" content=\"https:\/\/penosil.com\/de\/wp-content\/uploads\/sites\/33\/2024\/05\/PENOSIL20GlC3A4ttmittel20407.png\" \/>\n\t<meta property=\"og:image:width\" content=\"523\" \/>\n\t<meta property=\"og:image:height\" content=\"1080\" \/>\n\t<meta property=\"og:image:type\" content=\"image\/png\" \/>\n<meta name=\"twitter:card\" content=\"summary_large_image\" \/>\n<meta name=\"twitter:label1\" content=\"Gesch\u00e4tzte Lesezeit\" \/>\n\t<meta name=\"twitter:data1\" content=\"2\u00a0Minuten\" \/>\n<script type=\"application\/ld+json\" class=\"yoast-schema-graph\">{\"@context\":\"https:\/\/schema.org\",\"@graph\":[{\"@type\":\"WebPage\",\"@id\":\"https:\/\/penosil.com\/de\/produkt\/glattmittel\/\",\"url\":\"https:\/\/penosil.com\/de\/produkt\/glattmittel\/\",\"name\":\"Gl\u00e4ttmittel 407 zum Gl\u00e4tten von Dichstoffen | Penosil DE\",\"isPartOf\":{\"@id\":\"https:\/\/penosil.com\/de\/#website\"},\"primaryImageOfPage\":{\"@id\":\"https:\/\/penosil.com\/de\/produkt\/glattmittel\/#primaryimage\"},\"image\":{\"@id\":\"https:\/\/penosil.com\/de\/produkt\/glattmittel\/#primaryimage\"},\"thumbnailUrl\":\"https:\/\/penosil.com\/de\/wp-content\/uploads\/sites\/33\/2024\/05\/PENOSIL20GlC3A4ttmittel20407.png\",\"datePublished\":\"2024-03-13T12:55:51+00:00\",\"dateModified\":\"2026-01-24T01:07:27+00:00\",\"description\":\"Penosil Gl\u00e4ttmittel 407 f\u00fcr das perfekte Finish von Dichtungsfugen. Perfekt f\u00fcr Silikon-, Acryl-, Polyurethan- und MS-Polymer-Dichtstoffe. Mehr erfahren!\",\"breadcrumb\":{\"@id\":\"https:\/\/penosil.com\/de\/produkt\/glattmittel\/#breadcrumb\"},\"inLanguage\":\"de\",\"potentialAction\":[{\"@type\":\"ReadAction\",\"target\":[\"https:\/\/penosil.com\/de\/produkt\/glattmittel\/\"]}]},{\"@type\":\"ImageObject\",\"inLanguage\":\"de\",\"@id\":\"https:\/\/penosil.com\/de\/produkt\/glattmittel\/#primaryimage\",\"url\":\"https:\/\/penosil.com\/de\/wp-content\/uploads\/sites\/33\/2024\/05\/PENOSIL20GlC3A4ttmittel20407.png\",\"contentUrl\":\"https:\/\/penosil.com\/de\/wp-content\/uploads\/sites\/33\/2024\/05\/PENOSIL20GlC3A4ttmittel20407.png\",\"width\":523,\"height\":1080,\"caption\":\"Gl\u00e4ttmittel 407 Dichtstoffgl\u00e4ttungsspray\"},{\"@type\":\"BreadcrumbList\",\"@id\":\"https:\/\/penosil.com\/de\/produkt\/glattmittel\/#breadcrumb\",\"itemListElement\":[{\"@type\":\"ListItem\",\"position\":1,\"name\":\"Starseite\",\"item\":\"https:\/\/penosil.com\/de\/\"},{\"@type\":\"ListItem\",\"position\":2,\"name\":\"Produkte\",\"item\":\"https:\/\/penosil.com\/de\/produkte\/\"},{\"@type\":\"ListItem\",\"position\":3,\"name\":\"Gl\u00e4ttmittel 407\"}]},{\"@type\":\"WebSite\",\"@id\":\"https:\/\/penosil.com\/de\/#website\",\"url\":\"https:\/\/penosil.com\/de\/\",\"name\":\"Penosil Germany\",\"description\":\"\",\"potentialAction\":[{\"@type\":\"SearchAction\",\"target\":{\"@type\":\"EntryPoint\",\"urlTemplate\":\"https:\/\/penosil.com\/de\/?s={search_term_string}\"},\"query-input\":{\"@type\":\"PropertyValueSpecification\",\"valueRequired\":true,\"valueName\":\"search_term_string\"}}],\"inLanguage\":\"de\"}]}<\/script>\n<!-- \/ Yoast SEO plugin. -->","yoast_head_json":{"title":"Gl\u00e4ttmittel 407 zum Gl\u00e4tten von Dichstoffen | Penosil DE","description":"Penosil Gl\u00e4ttmittel 407 f\u00fcr das perfekte Finish von Dichtungsfugen. Perfekt f\u00fcr Silikon-, Acryl-, Polyurethan- und MS-Polymer-Dichtstoffe. Mehr erfahren!","robots":{"index":"index","follow":"follow","max-snippet":"max-snippet:-1","max-image-preview":"max-image-preview:large","max-video-preview":"max-video-preview:-1"},"canonical":"https:\/\/penosil.com\/de\/produkt\/glattmittel\/","og_locale":"de_DE","og_type":"article","og_title":"Gl\u00e4ttmittel 407 zum Gl\u00e4tten von Dichstoffen | Penosil DE","og_description":"Penosil Gl\u00e4ttmittel 407 f\u00fcr das perfekte Finish von Dichtungsfugen. Perfekt f\u00fcr Silikon-, Acryl-, Polyurethan- und MS-Polymer-Dichtstoffe. Mehr erfahren!","og_url":"https:\/\/penosil.com\/de\/produkt\/glattmittel\/","og_site_name":"Penosil Germany","article_modified_time":"2026-01-24T01:07:27+00:00","og_image":[{"width":523,"height":1080,"url":"https:\/\/penosil.com\/de\/wp-content\/uploads\/sites\/33\/2024\/05\/PENOSIL20GlC3A4ttmittel20407.png","type":"image\/png"}],"twitter_card":"summary_large_image","twitter_misc":{"Gesch\u00e4tzte Lesezeit":"2\u00a0Minuten"},"schema":{"@context":"https:\/\/schema.org","@graph":[{"@type":"WebPage","@id":"https:\/\/penosil.com\/de\/produkt\/glattmittel\/","url":"https:\/\/penosil.com\/de\/produkt\/glattmittel\/","name":"Gl\u00e4ttmittel 407 zum Gl\u00e4tten von Dichstoffen | Penosil DE","isPartOf":{"@id":"https:\/\/penosil.com\/de\/#website"},"primaryImageOfPage":{"@id":"https:\/\/penosil.com\/de\/produkt\/glattmittel\/#primaryimage"},"image":{"@id":"https:\/\/penosil.com\/de\/produkt\/glattmittel\/#primaryimage"},"thumbnailUrl":"https:\/\/penosil.com\/de\/wp-content\/uploads\/sites\/33\/2024\/05\/PENOSIL20GlC3A4ttmittel20407.png","datePublished":"2024-03-13T12:55:51+00:00","dateModified":"2026-01-24T01:07:27+00:00","description":"Penosil Gl\u00e4ttmittel 407 f\u00fcr das perfekte Finish von Dichtungsfugen. Perfekt f\u00fcr Silikon-, Acryl-, Polyurethan- und MS-Polymer-Dichtstoffe. Mehr erfahren!","breadcrumb":{"@id":"https:\/\/penosil.com\/de\/produkt\/glattmittel\/#breadcrumb"},"inLanguage":"de","potentialAction":[{"@type":"ReadAction","target":["https:\/\/penosil.com\/de\/produkt\/glattmittel\/"]}]},{"@type":"ImageObject","inLanguage":"de","@id":"https:\/\/penosil.com\/de\/produkt\/glattmittel\/#primaryimage","url":"https:\/\/penosil.com\/de\/wp-content\/uploads\/sites\/33\/2024\/05\/PENOSIL20GlC3A4ttmittel20407.png","contentUrl":"https:\/\/penosil.com\/de\/wp-content\/uploads\/sites\/33\/2024\/05\/PENOSIL20GlC3A4ttmittel20407.png","width":523,"height":1080,"caption":"Gl\u00e4ttmittel 407 Dichtstoffgl\u00e4ttungsspray"},{"@type":"BreadcrumbList","@id":"https:\/\/penosil.com\/de\/produkt\/glattmittel\/#breadcrumb","itemListElement":[{"@type":"ListItem","position":1,"name":"Starseite","item":"https:\/\/penosil.com\/de\/"},{"@type":"ListItem","position":2,"name":"Produkte","item":"https:\/\/penosil.com\/de\/produkte\/"},{"@type":"ListItem","position":3,"name":"Gl\u00e4ttmittel 407"}]},{"@type":"WebSite","@id":"https:\/\/penosil.com\/de\/#website","url":"https:\/\/penosil.com\/de\/","name":"Penosil Germany","description":"","potentialAction":[{"@type":"SearchAction","target":{"@type":"EntryPoint","urlTemplate":"https:\/\/penosil.com\/de\/?s={search_term_string}"},"query-input":{"@type":"PropertyValueSpecification","valueRequired":true,"valueName":"search_term_string"}}],"inLanguage":"de"}]}},"featured_img":"https:\/\/penosil.com\/de\/wp-content\/uploads\/sites\/33\/2024\/05\/PENOSIL20GlC3A4ttmittel20407.png","coauthors":[],"author_meta":{"author_link":"https:\/\/penosil.com\/de\/author\/arina\/","display_name":"Arina"},"relative_dates":{"created":"Posted 2\u00a0Jahren ago","modified":"Updated 3\u00a0Monaten ago"},"absolute_dates":{"created":"Posted on 13. M\u00e4rz 2024","modified":"Updated on 24. Januar 2026"},"absolute_dates_time":{"created":"Posted on 13. M\u00e4rz 2024 12:55","modified":"Updated on 24. Januar 2026 1:07"},"featured_img_caption":"","tax_additional":{"product_brand":{"linked":[],"unlinked":[],"slug":"product_brand","name":"Marken"},"product_type":{"linked":["<a href=\"https:\/\/penosil.com\/de\/?taxonomy=product_type&#038;term=variable\" class=\"advgb-post-tax-term\">variable<\/a>"],"unlinked":["<span class=\"advgb-post-tax-term\">variable<\/span>"],"slug":"product_type","name":"Produkttyp"},"product_visibility":{"linked":["<a href=\"https:\/\/penosil.com\/de\/en\/?taxonomy=product_visibility&#038;term=outofstock\" class=\"advgb-post-tax-term\">outofstock<\/a>"],"unlinked":["<span class=\"advgb-post-tax-term\">outofstock<\/span>"],"slug":"product_visibility","name":"Sichtbarkeit des Produkts"},"product_cat":{"linked":["<a href=\"https:\/\/penosil.com\/de\/produkt-kategorie\/anwendungsbereiche\/allgemeine-bauarbeiten\/\" class=\"advgb-post-tax-term\">Allgemeine Bauarbeiten<\/a>","<a href=\"https:\/\/penosil.com\/de\/produkt-kategorie\/anwendungsbereiche\/\" class=\"advgb-post-tax-term\">Anwendungsbereiche<\/a>","<a href=\"https:\/\/penosil.com\/de\/produkt-kategorie\/produktgruppen\/dichtstoffe\/\" class=\"advgb-post-tax-term\">Dichtstoffe<\/a>","<a href=\"https:\/\/penosil.com\/de\/produkt-kategorie\/produktgruppen\/\" class=\"advgb-post-tax-term\">Produktgruppen<\/a>","<a href=\"https:\/\/penosil.com\/de\/produkt-kategorie\/produktgruppen\/oberflachenbehandlung\/\" class=\"advgb-post-tax-term\">Oberfl\u00e4chenbehandlung<\/a>","<a href=\"https:\/\/penosil.com\/de\/produkt-kategorie\/produktgruppen\/dichtstoffe\/dichtstoffpistolen-und-reiniger\/\" class=\"advgb-post-tax-term\">Dichtstoffpistolen und -reiniger<\/a>"],"unlinked":["<span class=\"advgb-post-tax-term\">Allgemeine Bauarbeiten<\/span>","<span class=\"advgb-post-tax-term\">Anwendungsbereiche<\/span>","<span class=\"advgb-post-tax-term\">Dichtstoffe<\/span>","<span class=\"advgb-post-tax-term\">Produktgruppen<\/span>","<span class=\"advgb-post-tax-term\">Oberfl\u00e4chenbehandlung<\/span>","<span class=\"advgb-post-tax-term\">Dichtstoffpistolen und -reiniger<\/span>"],"slug":"product_cat","name":"Produkt-Kategorien"},"product_tag":{"linked":[],"unlinked":[],"slug":"product_tag","name":"Produkt-Schlagw\u00f6rter"},"product_shipping_class":{"linked":[],"unlinked":[],"slug":"product_shipping_class","name":"Produkt Versandklasse"},"pos_product_visibility":{"linked":[],"unlinked":[],"slug":"pos_product_visibility","name":"POS-Produkt-Sichtbarkeit."},"pa_diameter":{"linked":[],"unlinked":[],"slug":"pa_diameter","name":"Product Diameter"},"pa_farbe":{"linked":["<a href=\"https:\/\/penosil.com\/de\/?taxonomy=pa_farbe&#038;term=transparent-de\" class=\"advgb-post-tax-term\">Transparent<\/a>"],"unlinked":["<span class=\"advgb-post-tax-term\">Transparent<\/span>"],"slug":"pa_farbe","name":"Product Farbe"},"pa_roll":{"linked":[],"unlinked":[],"slug":"pa_roll","name":"Product Roll"},"pa_verpackung":{"linked":["<a href=\"https:\/\/penosil.com\/de\/?taxonomy=pa_verpackung&#038;term=5-l-3\" class=\"advgb-post-tax-term\">5 L<\/a>","<a href=\"https:\/\/penosil.com\/de\/?taxonomy=pa_verpackung&#038;term=1l\" class=\"advgb-post-tax-term\">1 L<\/a>","<a href=\"https:\/\/penosil.com\/de\/?taxonomy=pa_verpackung&#038;term=500ml-2\" class=\"advgb-post-tax-term\">500 ml<\/a>"],"unlinked":["<span class=\"advgb-post-tax-term\">5 L<\/span>","<span class=\"advgb-post-tax-term\">1 L<\/span>","<span class=\"advgb-post-tax-term\">500 ml<\/span>"],"slug":"pa_verpackung","name":"Product Verpackung"},"pa_widths":{"linked":[],"unlinked":[],"slug":"pa_widths","name":"Product Widths"},"translation_priority":{"linked":["<a href=\"https:\/\/penosil.com\/de\/?taxonomy=translation_priority&#038;term=optional-de\" class=\"advgb-post-tax-term\">Optional<\/a>"],"unlinked":["<span class=\"advgb-post-tax-term\">Optional<\/span>"],"slug":"translation_priority","name":"\u00dcbersetzungspriorit\u00e4ten"}},"series_order":"","_links":{"self":[{"href":"https:\/\/penosil.com\/de\/wp-json\/wp\/v2\/product\/29430","targetHints":{"allow":["GET"]}}],"collection":[{"href":"https:\/\/penosil.com\/de\/wp-json\/wp\/v2\/product"}],"about":[{"href":"https:\/\/penosil.com\/de\/wp-json\/wp\/v2\/types\/product"}],"version-history":[{"count":3,"href":"https:\/\/penosil.com\/de\/wp-json\/wp\/v2\/product\/29430\/revisions"}],"predecessor-version":[{"id":31939,"href":"https:\/\/penosil.com\/de\/wp-json\/wp\/v2\/product\/29430\/revisions\/31939"}],"wp:featuredmedia":[{"embeddable":true,"href":"https:\/\/penosil.com\/de\/wp-json\/wp\/v2\/media\/29550"}],"wp:attachment":[{"href":"https:\/\/penosil.com\/de\/wp-json\/wp\/v2\/media?parent=29430"}],"wp:term":[{"taxonomy":"product_brand","embeddable":true,"href":"https:\/\/penosil.com\/de\/wp-json\/wp\/v2\/product_brand?post=29430"},{"taxonomy":"product_cat","embeddable":true,"href":"https:\/\/penosil.com\/de\/wp-json\/wp\/v2\/product_cat?post=29430"},{"taxonomy":"product_tag","embeddable":true,"href":"https:\/\/penosil.com\/de\/wp-json\/wp\/v2\/product_tag?post=29430"}],"curies":[{"name":"wp","href":"https:\/\/api.w.org\/{rel}","templated":true}]}}