{"id":29434,"date":"2024-03-13T11:10:35","date_gmt":"2024-03-13T11:10:35","guid":{"rendered":"https:\/\/penosil.com\/de\/?post_type=product&#038;p=29434"},"modified":"2026-03-11T01:01:44","modified_gmt":"2026-03-11T01:01:44","slug":"dampfsperrenmasse-fur-den-innenbereich","status":"publish","type":"product","link":"https:\/\/penosil.com\/de\/produkt\/dampfsperrenmasse-fur-den-innenbereich\/","title":{"rendered":"Luft- und Dampf Membran 660"},"content":{"rendered":"<p>PENOSIL Luft- und Dampfmembran 660 ist eine faserverst\u00e4rkte Fl\u00fcssigmembran auf Wasserbasis zur Abdichtung von Fenster- und T\u00fcrfugen im Innenbereich. Bildet eine elastische, luft- und dampfdichte Schicht auf versiegelten Fl\u00e4chen. Perfekt f\u00fcr Renovierungsarbeiten und zum Versiegeln por\u00f6ser Oberfl\u00e4chen.<\/p>\n","protected":false},"excerpt":{"rendered":"Dampfsperrenmasse f\u00fcr den Innenbereich","protected":false},"author":210,"featured_media":29551,"template":"","meta":{"_acf_changed":false,"advgb_blocks_editor_width":"","advgb_blocks_columns_visual_guide":"","footnotes":""},"product_brand":[],"product_cat":[2682,2688,2514,2553,2644,2559,2661],"product_tag":[],"class_list":{"0":"post-29434","1":"product","2":"type-product","3":"status-publish","4":"has-post-thumbnail","6":"product_cat-fensterbander-und-membranen","7":"product_cat-beschichtungen-und-membranen","8":"product_cat-anwendungsbereiche","9":"product_cat-fenster-tueren","10":"product_cat-bander-und-membranen","11":"product_cat-produktgruppen","12":"product_cat-oberflachenbehandlung","14":"first","15":"outofstock","16":"taxable","17":"shipping-taxable","18":"purchasable","19":"product-type-variable"},"acf":[],"yoast_head":"<!-- This site is optimized with the Yoast SEO plugin v27.2 - https:\/\/yoast.com\/product\/yoast-seo-wordpress\/ -->\n<title>PENOSIL Luft- und Dampfmembran 660 Dampfsperrenmasse<\/title>\n<meta name=\"description\" content=\"PENOSIL Luft- und Dampfmembran 660 ist eine faserverst\u00e4rkte Dampfsperrenmasse zum Abdichten von Fenster- und T\u00fcrfugen im Innenbereich. Mehr erfahren!\" \/>\n<meta name=\"robots\" content=\"index, follow, max-snippet:-1, max-image-preview:large, max-video-preview:-1\" \/>\n<link rel=\"canonical\" href=\"https:\/\/penosil.com\/de\/produkt\/dampfsperrenmasse-fur-den-innenbereich\/\" \/>\n<meta property=\"og:locale\" content=\"de_DE\" \/>\n<meta property=\"og:type\" content=\"article\" \/>\n<meta property=\"og:title\" content=\"PENOSIL Luft- und Dampfmembran 660 Dampfsperrenmasse\" \/>\n<meta property=\"og:description\" content=\"PENOSIL Luft- und Dampfmembran 660 ist eine faserverst\u00e4rkte Dampfsperrenmasse zum Abdichten von Fenster- und T\u00fcrfugen im Innenbereich. Mehr erfahren!\" \/>\n<meta property=\"og:url\" content=\"https:\/\/penosil.com\/de\/produkt\/dampfsperrenmasse-fur-den-innenbereich\/\" \/>\n<meta property=\"og:site_name\" content=\"Penosil Germany\" \/>\n<meta property=\"article:modified_time\" content=\"2026-03-11T01:01:44+00:00\" \/>\n<meta property=\"og:image\" content=\"https:\/\/penosil.com\/de\/wp-content\/uploads\/sites\/33\/2024\/05\/Luft-20und20Dampf20Membran2066020120kg.png\" \/>\n\t<meta property=\"og:image:width\" content=\"707\" \/>\n\t<meta property=\"og:image:height\" content=\"648\" \/>\n\t<meta property=\"og:image:type\" content=\"image\/png\" \/>\n<meta name=\"twitter:card\" content=\"summary_large_image\" \/>\n<meta name=\"twitter:label1\" content=\"Gesch\u00e4tzte Lesezeit\" \/>\n\t<meta name=\"twitter:data1\" content=\"4\u00a0Minuten\" \/>\n<script type=\"application\/ld+json\" class=\"yoast-schema-graph\">{\"@context\":\"https:\/\/schema.org\",\"@graph\":[{\"@type\":\"WebPage\",\"@id\":\"https:\/\/penosil.com\/de\/produkt\/dampfsperrenmasse-fur-den-innenbereich\/\",\"url\":\"https:\/\/penosil.com\/de\/produkt\/dampfsperrenmasse-fur-den-innenbereich\/\",\"name\":\"PENOSIL Luft- und Dampfmembran 660 Dampfsperrenmasse\",\"isPartOf\":{\"@id\":\"https:\/\/penosil.com\/de\/#website\"},\"primaryImageOfPage\":{\"@id\":\"https:\/\/penosil.com\/de\/produkt\/dampfsperrenmasse-fur-den-innenbereich\/#primaryimage\"},\"image\":{\"@id\":\"https:\/\/penosil.com\/de\/produkt\/dampfsperrenmasse-fur-den-innenbereich\/#primaryimage\"},\"thumbnailUrl\":\"https:\/\/penosil.com\/de\/wp-content\/uploads\/sites\/33\/2024\/05\/Luft-20und20Dampf20Membran2066020120kg.png\",\"datePublished\":\"2024-03-13T11:10:35+00:00\",\"dateModified\":\"2026-03-11T01:01:44+00:00\",\"description\":\"PENOSIL Luft- und Dampfmembran 660 ist eine faserverst\u00e4rkte Dampfsperrenmasse zum Abdichten von Fenster- und T\u00fcrfugen im Innenbereich. Mehr erfahren!\",\"breadcrumb\":{\"@id\":\"https:\/\/penosil.com\/de\/produkt\/dampfsperrenmasse-fur-den-innenbereich\/#breadcrumb\"},\"inLanguage\":\"de\",\"potentialAction\":[{\"@type\":\"ReadAction\",\"target\":[\"https:\/\/penosil.com\/de\/produkt\/dampfsperrenmasse-fur-den-innenbereich\/\"]}]},{\"@type\":\"ImageObject\",\"inLanguage\":\"de\",\"@id\":\"https:\/\/penosil.com\/de\/produkt\/dampfsperrenmasse-fur-den-innenbereich\/#primaryimage\",\"url\":\"https:\/\/penosil.com\/de\/wp-content\/uploads\/sites\/33\/2024\/05\/Luft-20und20Dampf20Membran2066020120kg.png\",\"contentUrl\":\"https:\/\/penosil.com\/de\/wp-content\/uploads\/sites\/33\/2024\/05\/Luft-20und20Dampf20Membran2066020120kg.png\",\"width\":707,\"height\":648,\"caption\":\"Luft- und Dampf Membran 660\"},{\"@type\":\"BreadcrumbList\",\"@id\":\"https:\/\/penosil.com\/de\/produkt\/dampfsperrenmasse-fur-den-innenbereich\/#breadcrumb\",\"itemListElement\":[{\"@type\":\"ListItem\",\"position\":1,\"name\":\"Starseite\",\"item\":\"https:\/\/penosil.com\/de\/\"},{\"@type\":\"ListItem\",\"position\":2,\"name\":\"Produkte\",\"item\":\"https:\/\/penosil.com\/de\/produkte\/\"},{\"@type\":\"ListItem\",\"position\":3,\"name\":\"Luft- und Dampf Membran 660\"}]},{\"@type\":\"WebSite\",\"@id\":\"https:\/\/penosil.com\/de\/#website\",\"url\":\"https:\/\/penosil.com\/de\/\",\"name\":\"Penosil Germany\",\"description\":\"\",\"potentialAction\":[{\"@type\":\"SearchAction\",\"target\":{\"@type\":\"EntryPoint\",\"urlTemplate\":\"https:\/\/penosil.com\/de\/?s={search_term_string}\"},\"query-input\":{\"@type\":\"PropertyValueSpecification\",\"valueRequired\":true,\"valueName\":\"search_term_string\"}}],\"inLanguage\":\"de\"}]}<\/script>\n<!-- \/ Yoast SEO plugin. -->","yoast_head_json":{"title":"PENOSIL Luft- und Dampfmembran 660 Dampfsperrenmasse","description":"PENOSIL Luft- und Dampfmembran 660 ist eine faserverst\u00e4rkte Dampfsperrenmasse zum Abdichten von Fenster- und T\u00fcrfugen im Innenbereich. Mehr erfahren!","robots":{"index":"index","follow":"follow","max-snippet":"max-snippet:-1","max-image-preview":"max-image-preview:large","max-video-preview":"max-video-preview:-1"},"canonical":"https:\/\/penosil.com\/de\/produkt\/dampfsperrenmasse-fur-den-innenbereich\/","og_locale":"de_DE","og_type":"article","og_title":"PENOSIL Luft- und Dampfmembran 660 Dampfsperrenmasse","og_description":"PENOSIL Luft- und Dampfmembran 660 ist eine faserverst\u00e4rkte Dampfsperrenmasse zum Abdichten von Fenster- und T\u00fcrfugen im Innenbereich. Mehr erfahren!","og_url":"https:\/\/penosil.com\/de\/produkt\/dampfsperrenmasse-fur-den-innenbereich\/","og_site_name":"Penosil Germany","article_modified_time":"2026-03-11T01:01:44+00:00","og_image":[{"width":707,"height":648,"url":"https:\/\/penosil.com\/de\/wp-content\/uploads\/sites\/33\/2024\/05\/Luft-20und20Dampf20Membran2066020120kg.png","type":"image\/png"}],"twitter_card":"summary_large_image","twitter_misc":{"Gesch\u00e4tzte Lesezeit":"4\u00a0Minuten"},"schema":{"@context":"https:\/\/schema.org","@graph":[{"@type":"WebPage","@id":"https:\/\/penosil.com\/de\/produkt\/dampfsperrenmasse-fur-den-innenbereich\/","url":"https:\/\/penosil.com\/de\/produkt\/dampfsperrenmasse-fur-den-innenbereich\/","name":"PENOSIL Luft- und Dampfmembran 660 Dampfsperrenmasse","isPartOf":{"@id":"https:\/\/penosil.com\/de\/#website"},"primaryImageOfPage":{"@id":"https:\/\/penosil.com\/de\/produkt\/dampfsperrenmasse-fur-den-innenbereich\/#primaryimage"},"image":{"@id":"https:\/\/penosil.com\/de\/produkt\/dampfsperrenmasse-fur-den-innenbereich\/#primaryimage"},"thumbnailUrl":"https:\/\/penosil.com\/de\/wp-content\/uploads\/sites\/33\/2024\/05\/Luft-20und20Dampf20Membran2066020120kg.png","datePublished":"2024-03-13T11:10:35+00:00","dateModified":"2026-03-11T01:01:44+00:00","description":"PENOSIL Luft- und Dampfmembran 660 ist eine faserverst\u00e4rkte Dampfsperrenmasse zum Abdichten von Fenster- und T\u00fcrfugen im Innenbereich. Mehr erfahren!","breadcrumb":{"@id":"https:\/\/penosil.com\/de\/produkt\/dampfsperrenmasse-fur-den-innenbereich\/#breadcrumb"},"inLanguage":"de","potentialAction":[{"@type":"ReadAction","target":["https:\/\/penosil.com\/de\/produkt\/dampfsperrenmasse-fur-den-innenbereich\/"]}]},{"@type":"ImageObject","inLanguage":"de","@id":"https:\/\/penosil.com\/de\/produkt\/dampfsperrenmasse-fur-den-innenbereich\/#primaryimage","url":"https:\/\/penosil.com\/de\/wp-content\/uploads\/sites\/33\/2024\/05\/Luft-20und20Dampf20Membran2066020120kg.png","contentUrl":"https:\/\/penosil.com\/de\/wp-content\/uploads\/sites\/33\/2024\/05\/Luft-20und20Dampf20Membran2066020120kg.png","width":707,"height":648,"caption":"Luft- und Dampf Membran 660"},{"@type":"BreadcrumbList","@id":"https:\/\/penosil.com\/de\/produkt\/dampfsperrenmasse-fur-den-innenbereich\/#breadcrumb","itemListElement":[{"@type":"ListItem","position":1,"name":"Starseite","item":"https:\/\/penosil.com\/de\/"},{"@type":"ListItem","position":2,"name":"Produkte","item":"https:\/\/penosil.com\/de\/produkte\/"},{"@type":"ListItem","position":3,"name":"Luft- und Dampf Membran 660"}]},{"@type":"WebSite","@id":"https:\/\/penosil.com\/de\/#website","url":"https:\/\/penosil.com\/de\/","name":"Penosil Germany","description":"","potentialAction":[{"@type":"SearchAction","target":{"@type":"EntryPoint","urlTemplate":"https:\/\/penosil.com\/de\/?s={search_term_string}"},"query-input":{"@type":"PropertyValueSpecification","valueRequired":true,"valueName":"search_term_string"}}],"inLanguage":"de"}]}},"featured_img":"https:\/\/penosil.com\/de\/wp-content\/uploads\/sites\/33\/2024\/05\/Luft-20und20Dampf20Membran2066020120kg.png","coauthors":[],"author_meta":{"author_link":"https:\/\/penosil.com\/de\/author\/arina\/","display_name":"Arina"},"relative_dates":{"created":"Posted 2\u00a0Jahren ago","modified":"Updated 1\u00a0Monat ago"},"absolute_dates":{"created":"Posted on 13. M\u00e4rz 2024","modified":"Updated on 11. M\u00e4rz 2026"},"absolute_dates_time":{"created":"Posted on 13. M\u00e4rz 2024 11:10","modified":"Updated on 11. M\u00e4rz 2026 1:01"},"featured_img_caption":"","tax_additional":{"product_brand":{"linked":[],"unlinked":[],"slug":"product_brand","name":"Marken"},"product_type":{"linked":["<a href=\"https:\/\/penosil.com\/de\/?taxonomy=product_type&#038;term=variable\" class=\"advgb-post-tax-term\">variable<\/a>"],"unlinked":["<span class=\"advgb-post-tax-term\">variable<\/span>"],"slug":"product_type","name":"Produkttyp"},"product_visibility":{"linked":["<a href=\"https:\/\/penosil.com\/de\/en\/?taxonomy=product_visibility&#038;term=outofstock\" class=\"advgb-post-tax-term\">outofstock<\/a>"],"unlinked":["<span class=\"advgb-post-tax-term\">outofstock<\/span>"],"slug":"product_visibility","name":"Sichtbarkeit des Produkts"},"product_cat":{"linked":["<a href=\"https:\/\/penosil.com\/de\/produkt-kategorie\/produktgruppen\/bander-und-membranen\/fensterbander-und-membranen\/\" class=\"advgb-post-tax-term\">Fensterb\u00e4nder und -membranen<\/a>","<a href=\"https:\/\/penosil.com\/de\/produkt-kategorie\/produktgruppen\/oberflachenbehandlung\/beschichtungen-und-membranen\/\" class=\"advgb-post-tax-term\">Beschichtungen und Membranen<\/a>","<a href=\"https:\/\/penosil.com\/de\/produkt-kategorie\/anwendungsbereiche\/\" class=\"advgb-post-tax-term\">Anwendungsbereiche<\/a>","<a href=\"https:\/\/penosil.com\/de\/produkt-kategorie\/anwendungsbereiche\/fenster-tueren\/\" class=\"advgb-post-tax-term\">Fenster &amp; T\u00fcren<\/a>","<a href=\"https:\/\/penosil.com\/de\/produkt-kategorie\/produktgruppen\/bander-und-membranen\/\" class=\"advgb-post-tax-term\">B\u00e4nder und Membranen<\/a>","<a href=\"https:\/\/penosil.com\/de\/produkt-kategorie\/produktgruppen\/\" class=\"advgb-post-tax-term\">Produktgruppen<\/a>","<a href=\"https:\/\/penosil.com\/de\/produkt-kategorie\/produktgruppen\/oberflachenbehandlung\/\" class=\"advgb-post-tax-term\">Oberfl\u00e4chenbehandlung<\/a>"],"unlinked":["<span class=\"advgb-post-tax-term\">Fensterb\u00e4nder und -membranen<\/span>","<span class=\"advgb-post-tax-term\">Beschichtungen und Membranen<\/span>","<span class=\"advgb-post-tax-term\">Anwendungsbereiche<\/span>","<span class=\"advgb-post-tax-term\">Fenster &amp; T\u00fcren<\/span>","<span class=\"advgb-post-tax-term\">B\u00e4nder und Membranen<\/span>","<span class=\"advgb-post-tax-term\">Produktgruppen<\/span>","<span class=\"advgb-post-tax-term\">Oberfl\u00e4chenbehandlung<\/span>"],"slug":"product_cat","name":"Produkt-Kategorien"},"product_tag":{"linked":[],"unlinked":[],"slug":"product_tag","name":"Produkt-Schlagw\u00f6rter"},"product_shipping_class":{"linked":[],"unlinked":[],"slug":"product_shipping_class","name":"Produkt Versandklasse"},"pos_product_visibility":{"linked":[],"unlinked":[],"slug":"pos_product_visibility","name":"POS-Produkt-Sichtbarkeit."},"pa_diameter":{"linked":[],"unlinked":[],"slug":"pa_diameter","name":"Product Diameter"},"pa_farbe":{"linked":["<a href=\"https:\/\/penosil.com\/de\/?taxonomy=pa_farbe&#038;term=schwarz\" class=\"advgb-post-tax-term\">Schwarz<\/a>","<a href=\"https:\/\/penosil.com\/de\/?taxonomy=pa_farbe&#038;term=weiss\" class=\"advgb-post-tax-term\">Wei\u00df<\/a>"],"unlinked":["<span class=\"advgb-post-tax-term\">Schwarz<\/span>","<span class=\"advgb-post-tax-term\">Wei\u00df<\/span>"],"slug":"pa_farbe","name":"Product Farbe"},"pa_roll":{"linked":[],"unlinked":[],"slug":"pa_roll","name":"Product Roll"},"pa_verpackung":{"linked":["<a href=\"https:\/\/penosil.com\/de\/?taxonomy=pa_verpackung&#038;term=1-kg-2\" class=\"advgb-post-tax-term\">1 kg<\/a>","<a href=\"https:\/\/penosil.com\/de\/?taxonomy=pa_verpackung&#038;term=5-kg-2\" class=\"advgb-post-tax-term\">5 kg<\/a>"],"unlinked":["<span class=\"advgb-post-tax-term\">1 kg<\/span>","<span class=\"advgb-post-tax-term\">5 kg<\/span>"],"slug":"pa_verpackung","name":"Product Verpackung"},"pa_widths":{"linked":[],"unlinked":[],"slug":"pa_widths","name":"Product Widths"},"translation_priority":{"linked":["<a href=\"https:\/\/penosil.com\/de\/?taxonomy=translation_priority&#038;term=optional-de\" class=\"advgb-post-tax-term\">Optional<\/a>"],"unlinked":["<span class=\"advgb-post-tax-term\">Optional<\/span>"],"slug":"translation_priority","name":"\u00dcbersetzungspriorit\u00e4ten"}},"series_order":"","_links":{"self":[{"href":"https:\/\/penosil.com\/de\/wp-json\/wp\/v2\/product\/29434","targetHints":{"allow":["GET"]}}],"collection":[{"href":"https:\/\/penosil.com\/de\/wp-json\/wp\/v2\/product"}],"about":[{"href":"https:\/\/penosil.com\/de\/wp-json\/wp\/v2\/types\/product"}],"version-history":[{"count":9,"href":"https:\/\/penosil.com\/de\/wp-json\/wp\/v2\/product\/29434\/revisions"}],"predecessor-version":[{"id":31853,"href":"https:\/\/penosil.com\/de\/wp-json\/wp\/v2\/product\/29434\/revisions\/31853"}],"wp:featuredmedia":[{"embeddable":true,"href":"https:\/\/penosil.com\/de\/wp-json\/wp\/v2\/media\/29551"}],"wp:attachment":[{"href":"https:\/\/penosil.com\/de\/wp-json\/wp\/v2\/media?parent=29434"}],"wp:term":[{"taxonomy":"product_brand","embeddable":true,"href":"https:\/\/penosil.com\/de\/wp-json\/wp\/v2\/product_brand?post=29434"},{"taxonomy":"product_cat","embeddable":true,"href":"https:\/\/penosil.com\/de\/wp-json\/wp\/v2\/product_cat?post=29434"},{"taxonomy":"product_tag","embeddable":true,"href":"https:\/\/penosil.com\/de\/wp-json\/wp\/v2\/product_tag?post=29434"}],"curies":[{"name":"wp","href":"https:\/\/api.w.org\/{rel}","templated":true}]}}