{"id":29443,"date":"2024-03-13T12:35:24","date_gmt":"2024-03-13T12:35:24","guid":{"rendered":"https:\/\/penosil.com\/de\/?post_type=product&#038;p=29443"},"modified":"2026-01-16T01:17:13","modified_gmt":"2026-01-16T01:17:13","slug":"feuerbestaendiger-pistolenschaum","status":"publish","type":"product","link":"https:\/\/penosil.com\/de\/produkt\/feuerbestaendiger-pistolenschaum\/","title":{"rendered":"Brandschutzschaum B1 187"},"content":{"rendered":"<p>PENOSIL Brandschutzschaum B1 187 ist ein feuerbest\u00e4ndiger Einkomponenten-Polyurethan-Pistolenschaum f\u00fcr den Einbau und die Abdichtung von feuerfesten T\u00fcren, Fenstern, W\u00e4nden und anderen Abdichtungsarbeiten an Orten mit erh\u00f6hten Brandschutzanforderungen. Haftet gut auf den meisten Materialien wie Holz, Beton, Stein, Gips, Metall, PVC und Polystyrol.<\/p>\n","protected":false},"excerpt":{"rendered":"Feuerbest\u00e4ndiger Pistolenschaum","protected":false},"author":210,"featured_media":31716,"template":"","meta":{"_acf_changed":false,"advgb_blocks_editor_width":"","advgb_blocks_columns_visual_guide":"","footnotes":""},"product_brand":[],"product_cat":[2566,2568,2514,2559,2530],"product_tag":[],"class_list":{"0":"post-29443","1":"product","2":"type-product","3":"status-publish","4":"has-post-thumbnail","6":"product_cat-pu-schaume","7":"product_cat-pistolenschaume","8":"product_cat-anwendungsbereiche","9":"product_cat-produktgruppen","10":"product_cat-feuerfes-hochtemperatur","12":"first","13":"outofstock","14":"taxable","15":"shipping-taxable","16":"purchasable","17":"product-type-simple"},"acf":[],"yoast_head":"<!-- This site is optimized with the Yoast SEO plugin v27.2 - https:\/\/yoast.com\/product\/yoast-seo-wordpress\/ -->\n<title>PENOSIL Brandschutzschaum B1 187 Pistolenschaum<\/title>\n<meta name=\"description\" content=\"PENOSIL Brandschutzschaum B1 187 ist ein feuerbest\u00e4ndiger Pistolenschaum f\u00fcr Montage- und Abdichtungsarbeiten. Mehr erfahren!\" \/>\n<meta name=\"robots\" content=\"index, follow, max-snippet:-1, max-image-preview:large, max-video-preview:-1\" \/>\n<link rel=\"canonical\" href=\"https:\/\/penosil.com\/de\/produkt\/feuerbestaendiger-pistolenschaum\/\" \/>\n<meta property=\"og:locale\" content=\"de_DE\" \/>\n<meta property=\"og:type\" content=\"article\" \/>\n<meta property=\"og:title\" content=\"PENOSIL Brandschutzschaum B1 187 Pistolenschaum\" \/>\n<meta property=\"og:description\" content=\"PENOSIL Brandschutzschaum B1 187 ist ein feuerbest\u00e4ndiger Pistolenschaum f\u00fcr Montage- und Abdichtungsarbeiten. Mehr erfahren!\" \/>\n<meta property=\"og:url\" content=\"https:\/\/penosil.com\/de\/produkt\/feuerbestaendiger-pistolenschaum\/\" \/>\n<meta property=\"og:site_name\" content=\"Penosil Germany\" \/>\n<meta property=\"article:modified_time\" content=\"2026-01-16T01:17:13+00:00\" \/>\n<meta property=\"og:image\" content=\"https:\/\/penosil.com\/de\/wp-content\/uploads\/sites\/33\/2025\/10\/187_Brandschutzschaum_B1_187_new.png\" \/>\n\t<meta property=\"og:image:width\" content=\"523\" \/>\n\t<meta property=\"og:image:height\" content=\"1080\" \/>\n\t<meta property=\"og:image:type\" content=\"image\/png\" \/>\n<meta name=\"twitter:card\" content=\"summary_large_image\" \/>\n<meta name=\"twitter:label1\" content=\"Gesch\u00e4tzte Lesezeit\" \/>\n\t<meta name=\"twitter:data1\" content=\"5\u00a0Minuten\" \/>\n<script type=\"application\/ld+json\" class=\"yoast-schema-graph\">{\"@context\":\"https:\/\/schema.org\",\"@graph\":[{\"@type\":\"WebPage\",\"@id\":\"https:\/\/penosil.com\/de\/produkt\/feuerbestaendiger-pistolenschaum\/\",\"url\":\"https:\/\/penosil.com\/de\/produkt\/feuerbestaendiger-pistolenschaum\/\",\"name\":\"PENOSIL Brandschutzschaum B1 187 Pistolenschaum\",\"isPartOf\":{\"@id\":\"https:\/\/penosil.com\/de\/#website\"},\"primaryImageOfPage\":{\"@id\":\"https:\/\/penosil.com\/de\/produkt\/feuerbestaendiger-pistolenschaum\/#primaryimage\"},\"image\":{\"@id\":\"https:\/\/penosil.com\/de\/produkt\/feuerbestaendiger-pistolenschaum\/#primaryimage\"},\"thumbnailUrl\":\"https:\/\/penosil.com\/de\/wp-content\/uploads\/sites\/33\/2025\/10\/187_Brandschutzschaum_B1_187_new.png\",\"datePublished\":\"2024-03-13T12:35:24+00:00\",\"dateModified\":\"2026-01-16T01:17:13+00:00\",\"description\":\"PENOSIL Brandschutzschaum B1 187 ist ein feuerbest\u00e4ndiger Pistolenschaum f\u00fcr Montage- und Abdichtungsarbeiten. Mehr erfahren!\",\"breadcrumb\":{\"@id\":\"https:\/\/penosil.com\/de\/produkt\/feuerbestaendiger-pistolenschaum\/#breadcrumb\"},\"inLanguage\":\"de\",\"potentialAction\":[{\"@type\":\"ReadAction\",\"target\":[\"https:\/\/penosil.com\/de\/produkt\/feuerbestaendiger-pistolenschaum\/\"]}]},{\"@type\":\"ImageObject\",\"inLanguage\":\"de\",\"@id\":\"https:\/\/penosil.com\/de\/produkt\/feuerbestaendiger-pistolenschaum\/#primaryimage\",\"url\":\"https:\/\/penosil.com\/de\/wp-content\/uploads\/sites\/33\/2025\/10\/187_Brandschutzschaum_B1_187_new.png\",\"contentUrl\":\"https:\/\/penosil.com\/de\/wp-content\/uploads\/sites\/33\/2025\/10\/187_Brandschutzschaum_B1_187_new.png\",\"width\":523,\"height\":1080,\"caption\":\"PENOSIL Brandschutzschaum B1 187 ist ein feuerbest\u00e4ndiger Einkomponenten-Polyurethan-Pistolenschaum\"},{\"@type\":\"BreadcrumbList\",\"@id\":\"https:\/\/penosil.com\/de\/produkt\/feuerbestaendiger-pistolenschaum\/#breadcrumb\",\"itemListElement\":[{\"@type\":\"ListItem\",\"position\":1,\"name\":\"Starseite\",\"item\":\"https:\/\/penosil.com\/de\/\"},{\"@type\":\"ListItem\",\"position\":2,\"name\":\"Produkte\",\"item\":\"https:\/\/penosil.com\/de\/produkte\/\"},{\"@type\":\"ListItem\",\"position\":3,\"name\":\"Brandschutzschaum B1 187\"}]},{\"@type\":\"WebSite\",\"@id\":\"https:\/\/penosil.com\/de\/#website\",\"url\":\"https:\/\/penosil.com\/de\/\",\"name\":\"Penosil Germany\",\"description\":\"\",\"potentialAction\":[{\"@type\":\"SearchAction\",\"target\":{\"@type\":\"EntryPoint\",\"urlTemplate\":\"https:\/\/penosil.com\/de\/?s={search_term_string}\"},\"query-input\":{\"@type\":\"PropertyValueSpecification\",\"valueRequired\":true,\"valueName\":\"search_term_string\"}}],\"inLanguage\":\"de\"}]}<\/script>\n<!-- \/ Yoast SEO plugin. -->","yoast_head_json":{"title":"PENOSIL Brandschutzschaum B1 187 Pistolenschaum","description":"PENOSIL Brandschutzschaum B1 187 ist ein feuerbest\u00e4ndiger Pistolenschaum f\u00fcr Montage- und Abdichtungsarbeiten. Mehr erfahren!","robots":{"index":"index","follow":"follow","max-snippet":"max-snippet:-1","max-image-preview":"max-image-preview:large","max-video-preview":"max-video-preview:-1"},"canonical":"https:\/\/penosil.com\/de\/produkt\/feuerbestaendiger-pistolenschaum\/","og_locale":"de_DE","og_type":"article","og_title":"PENOSIL Brandschutzschaum B1 187 Pistolenschaum","og_description":"PENOSIL Brandschutzschaum B1 187 ist ein feuerbest\u00e4ndiger Pistolenschaum f\u00fcr Montage- und Abdichtungsarbeiten. Mehr erfahren!","og_url":"https:\/\/penosil.com\/de\/produkt\/feuerbestaendiger-pistolenschaum\/","og_site_name":"Penosil Germany","article_modified_time":"2026-01-16T01:17:13+00:00","og_image":[{"width":523,"height":1080,"url":"https:\/\/penosil.com\/de\/wp-content\/uploads\/sites\/33\/2025\/10\/187_Brandschutzschaum_B1_187_new.png","type":"image\/png"}],"twitter_card":"summary_large_image","twitter_misc":{"Gesch\u00e4tzte Lesezeit":"5\u00a0Minuten"},"schema":{"@context":"https:\/\/schema.org","@graph":[{"@type":"WebPage","@id":"https:\/\/penosil.com\/de\/produkt\/feuerbestaendiger-pistolenschaum\/","url":"https:\/\/penosil.com\/de\/produkt\/feuerbestaendiger-pistolenschaum\/","name":"PENOSIL Brandschutzschaum B1 187 Pistolenschaum","isPartOf":{"@id":"https:\/\/penosil.com\/de\/#website"},"primaryImageOfPage":{"@id":"https:\/\/penosil.com\/de\/produkt\/feuerbestaendiger-pistolenschaum\/#primaryimage"},"image":{"@id":"https:\/\/penosil.com\/de\/produkt\/feuerbestaendiger-pistolenschaum\/#primaryimage"},"thumbnailUrl":"https:\/\/penosil.com\/de\/wp-content\/uploads\/sites\/33\/2025\/10\/187_Brandschutzschaum_B1_187_new.png","datePublished":"2024-03-13T12:35:24+00:00","dateModified":"2026-01-16T01:17:13+00:00","description":"PENOSIL Brandschutzschaum B1 187 ist ein feuerbest\u00e4ndiger Pistolenschaum f\u00fcr Montage- und Abdichtungsarbeiten. Mehr erfahren!","breadcrumb":{"@id":"https:\/\/penosil.com\/de\/produkt\/feuerbestaendiger-pistolenschaum\/#breadcrumb"},"inLanguage":"de","potentialAction":[{"@type":"ReadAction","target":["https:\/\/penosil.com\/de\/produkt\/feuerbestaendiger-pistolenschaum\/"]}]},{"@type":"ImageObject","inLanguage":"de","@id":"https:\/\/penosil.com\/de\/produkt\/feuerbestaendiger-pistolenschaum\/#primaryimage","url":"https:\/\/penosil.com\/de\/wp-content\/uploads\/sites\/33\/2025\/10\/187_Brandschutzschaum_B1_187_new.png","contentUrl":"https:\/\/penosil.com\/de\/wp-content\/uploads\/sites\/33\/2025\/10\/187_Brandschutzschaum_B1_187_new.png","width":523,"height":1080,"caption":"PENOSIL Brandschutzschaum B1 187 ist ein feuerbest\u00e4ndiger Einkomponenten-Polyurethan-Pistolenschaum"},{"@type":"BreadcrumbList","@id":"https:\/\/penosil.com\/de\/produkt\/feuerbestaendiger-pistolenschaum\/#breadcrumb","itemListElement":[{"@type":"ListItem","position":1,"name":"Starseite","item":"https:\/\/penosil.com\/de\/"},{"@type":"ListItem","position":2,"name":"Produkte","item":"https:\/\/penosil.com\/de\/produkte\/"},{"@type":"ListItem","position":3,"name":"Brandschutzschaum B1 187"}]},{"@type":"WebSite","@id":"https:\/\/penosil.com\/de\/#website","url":"https:\/\/penosil.com\/de\/","name":"Penosil Germany","description":"","potentialAction":[{"@type":"SearchAction","target":{"@type":"EntryPoint","urlTemplate":"https:\/\/penosil.com\/de\/?s={search_term_string}"},"query-input":{"@type":"PropertyValueSpecification","valueRequired":true,"valueName":"search_term_string"}}],"inLanguage":"de"}]}},"featured_img":"https:\/\/penosil.com\/de\/wp-content\/uploads\/sites\/33\/2025\/10\/187_Brandschutzschaum_B1_187_new.png","coauthors":[],"author_meta":{"author_link":"https:\/\/penosil.com\/de\/author\/arina\/","display_name":"Arina"},"relative_dates":{"created":"Posted 2\u00a0Jahren ago","modified":"Updated 3\u00a0Monaten ago"},"absolute_dates":{"created":"Posted on 13. M\u00e4rz 2024","modified":"Updated on 16. Januar 2026"},"absolute_dates_time":{"created":"Posted on 13. M\u00e4rz 2024 12:35","modified":"Updated on 16. Januar 2026 1:17"},"featured_img_caption":"","tax_additional":{"product_brand":{"linked":[],"unlinked":[],"slug":"product_brand","name":"Marken"},"product_type":{"linked":["<a href=\"https:\/\/penosil.com\/de\/?taxonomy=product_type&#038;term=simple\" class=\"advgb-post-tax-term\">simple<\/a>"],"unlinked":["<span class=\"advgb-post-tax-term\">simple<\/span>"],"slug":"product_type","name":"Produkttyp"},"product_visibility":{"linked":["<a href=\"https:\/\/penosil.com\/de\/en\/?taxonomy=product_visibility&#038;term=outofstock\" class=\"advgb-post-tax-term\">outofstock<\/a>"],"unlinked":["<span class=\"advgb-post-tax-term\">outofstock<\/span>"],"slug":"product_visibility","name":"Sichtbarkeit des Produkts"},"product_cat":{"linked":["<a href=\"https:\/\/penosil.com\/de\/produkt-kategorie\/produktgruppen\/pu-schaume\/\" class=\"advgb-post-tax-term\">PU-Sch\u00e4ume<\/a>","<a href=\"https:\/\/penosil.com\/de\/produkt-kategorie\/produktgruppen\/pu-schaume\/pistolenschaume\/\" class=\"advgb-post-tax-term\">Pistolensch\u00e4ume<\/a>","<a href=\"https:\/\/penosil.com\/de\/produkt-kategorie\/anwendungsbereiche\/\" class=\"advgb-post-tax-term\">Anwendungsbereiche<\/a>","<a href=\"https:\/\/penosil.com\/de\/produkt-kategorie\/produktgruppen\/\" class=\"advgb-post-tax-term\">Produktgruppen<\/a>","<a href=\"https:\/\/penosil.com\/de\/produkt-kategorie\/anwendungsbereiche\/feuerfes-hochtemperatur\/\" class=\"advgb-post-tax-term\">Feuerfest \/ Hochtemperatur<\/a>"],"unlinked":["<span class=\"advgb-post-tax-term\">PU-Sch\u00e4ume<\/span>","<span class=\"advgb-post-tax-term\">Pistolensch\u00e4ume<\/span>","<span class=\"advgb-post-tax-term\">Anwendungsbereiche<\/span>","<span class=\"advgb-post-tax-term\">Produktgruppen<\/span>","<span class=\"advgb-post-tax-term\">Feuerfest \/ Hochtemperatur<\/span>"],"slug":"product_cat","name":"Produkt-Kategorien"},"product_tag":{"linked":[],"unlinked":[],"slug":"product_tag","name":"Produkt-Schlagw\u00f6rter"},"product_shipping_class":{"linked":[],"unlinked":[],"slug":"product_shipping_class","name":"Produkt Versandklasse"},"pos_product_visibility":{"linked":[],"unlinked":[],"slug":"pos_product_visibility","name":"POS-Produkt-Sichtbarkeit."},"pa_diameter":{"linked":[],"unlinked":[],"slug":"pa_diameter","name":"Product Diameter"},"pa_farbe":{"linked":["<a href=\"https:\/\/penosil.com\/de\/?taxonomy=pa_farbe&#038;term=rosa\" class=\"advgb-post-tax-term\">Rosa<\/a>"],"unlinked":["<span class=\"advgb-post-tax-term\">Rosa<\/span>"],"slug":"pa_farbe","name":"Product Farbe"},"pa_roll":{"linked":[],"unlinked":[],"slug":"pa_roll","name":"Product Roll"},"pa_verpackung":{"linked":["<a href=\"https:\/\/penosil.com\/de\/?taxonomy=pa_verpackung&#038;term=1000ml\" class=\"advgb-post-tax-term\">1000 ml<\/a>"],"unlinked":["<span class=\"advgb-post-tax-term\">1000 ml<\/span>"],"slug":"pa_verpackung","name":"Product Verpackung"},"pa_widths":{"linked":[],"unlinked":[],"slug":"pa_widths","name":"Product Widths"},"translation_priority":{"linked":["<a href=\"https:\/\/penosil.com\/de\/?taxonomy=translation_priority&#038;term=optional-de\" class=\"advgb-post-tax-term\">Optional<\/a>"],"unlinked":["<span class=\"advgb-post-tax-term\">Optional<\/span>"],"slug":"translation_priority","name":"\u00dcbersetzungspriorit\u00e4ten"}},"series_order":"","_links":{"self":[{"href":"https:\/\/penosil.com\/de\/wp-json\/wp\/v2\/product\/29443","targetHints":{"allow":["GET"]}}],"collection":[{"href":"https:\/\/penosil.com\/de\/wp-json\/wp\/v2\/product"}],"about":[{"href":"https:\/\/penosil.com\/de\/wp-json\/wp\/v2\/types\/product"}],"version-history":[{"count":8,"href":"https:\/\/penosil.com\/de\/wp-json\/wp\/v2\/product\/29443\/revisions"}],"predecessor-version":[{"id":31861,"href":"https:\/\/penosil.com\/de\/wp-json\/wp\/v2\/product\/29443\/revisions\/31861"}],"wp:featuredmedia":[{"embeddable":true,"href":"https:\/\/penosil.com\/de\/wp-json\/wp\/v2\/media\/31716"}],"wp:attachment":[{"href":"https:\/\/penosil.com\/de\/wp-json\/wp\/v2\/media?parent=29443"}],"wp:term":[{"taxonomy":"product_brand","embeddable":true,"href":"https:\/\/penosil.com\/de\/wp-json\/wp\/v2\/product_brand?post=29443"},{"taxonomy":"product_cat","embeddable":true,"href":"https:\/\/penosil.com\/de\/wp-json\/wp\/v2\/product_cat?post=29443"},{"taxonomy":"product_tag","embeddable":true,"href":"https:\/\/penosil.com\/de\/wp-json\/wp\/v2\/product_tag?post=29443"}],"curies":[{"name":"wp","href":"https:\/\/api.w.org\/{rel}","templated":true}]}}