{"id":30113,"date":"2024-12-18T09:33:32","date_gmt":"2024-12-18T09:33:32","guid":{"rendered":"https:\/\/penosil.com\/de\/?post_type=product&#038;p=30113"},"modified":"2026-01-28T01:12:59","modified_gmt":"2026-01-28T01:12:59","slug":"armierungsgewebe-zur-hydroisolierung","status":"publish","type":"product","link":"https:\/\/penosil.com\/de\/produkt\/armierungsgewebe-zur-hydroisolierung\/","title":{"rendered":"AquaBrake Gewebe 435"},"content":{"rendered":"<p>PENOSIL AquaBrake Gewebe 435 ist ein verst\u00e4rkendes Gewebe zur Hydroisolierung von B\u00f6den und W\u00e4nden in Nass- und Feuchtr\u00e4umen. Es verbessert die Wirkung von wasserfesten Dichtstoffen und Dichtungsmassen.\u00a0<\/p>\n","protected":false},"excerpt":{"rendered":"Verst\u00e4rkendes Gewebe","protected":false},"author":2,"featured_media":30481,"template":"","meta":{"_acf_changed":false,"advgb_blocks_editor_width":"","advgb_blocks_columns_visual_guide":"","footnotes":""},"product_brand":[],"product_cat":[2514,2559,2644,2684,2547],"product_tag":[],"class_list":{"0":"post-30113","1":"product","2":"type-product","3":"status-publish","4":"has-post-thumbnail","6":"product_cat-anwendungsbereiche","7":"product_cat-produktgruppen","8":"product_cat-bander-und-membranen","9":"product_cat-hydroisolierende-bander","10":"product_cat-sanitar","12":"first","13":"outofstock","14":"taxable","15":"shipping-taxable","16":"purchasable","17":"product-type-simple"},"acf":[],"yoast_head":"<!-- This site is optimized with the Yoast SEO plugin v27.2 - https:\/\/yoast.com\/product\/yoast-seo-wordpress\/ -->\n<title>Armierungsgewebe 435 f\u00fcr die Hydroisolierung | Penosil DE<\/title>\n<meta name=\"description\" content=\"Penosil AquaBrake Gewebe 435 ist ein wasserdichtes Armierungsgewebe f\u00fcr die Hydroisolierung von W\u00e4nden und B\u00f6den in Nass- und Feuchtr\u00e4umen. Jetzt hier kaufen!\" \/>\n<meta name=\"robots\" content=\"index, follow, max-snippet:-1, max-image-preview:large, max-video-preview:-1\" \/>\n<link rel=\"canonical\" href=\"https:\/\/penosil.com\/de\/produkt\/armierungsgewebe-zur-hydroisolierung\/\" \/>\n<meta property=\"og:locale\" content=\"de_DE\" \/>\n<meta property=\"og:type\" content=\"article\" \/>\n<meta property=\"og:title\" content=\"Armierungsgewebe 435 f\u00fcr die Hydroisolierung | Penosil DE\" \/>\n<meta property=\"og:description\" content=\"Penosil AquaBrake Gewebe 435 ist ein wasserdichtes Armierungsgewebe f\u00fcr die Hydroisolierung von W\u00e4nden und B\u00f6den in Nass- und Feuchtr\u00e4umen. Jetzt hier kaufen!\" \/>\n<meta property=\"og:url\" content=\"https:\/\/penosil.com\/de\/produkt\/armierungsgewebe-zur-hydroisolierung\/\" \/>\n<meta property=\"og:site_name\" content=\"Penosil Germany\" \/>\n<meta property=\"article:modified_time\" content=\"2026-01-28T01:12:59+00:00\" \/>\n<meta property=\"og:image\" content=\"https:\/\/penosil.com\/de\/wp-content\/uploads\/sites\/33\/2024\/12\/435_AquaBrake_Gewebe_435_DE.png\" \/>\n\t<meta property=\"og:image:width\" content=\"680\" \/>\n\t<meta property=\"og:image:height\" content=\"1080\" \/>\n\t<meta property=\"og:image:type\" content=\"image\/png\" \/>\n<meta name=\"twitter:card\" content=\"summary_large_image\" \/>\n<meta name=\"twitter:label1\" content=\"Gesch\u00e4tzte Lesezeit\" \/>\n\t<meta name=\"twitter:data1\" content=\"2\u00a0Minuten\" \/>\n<script type=\"application\/ld+json\" class=\"yoast-schema-graph\">{\"@context\":\"https:\/\/schema.org\",\"@graph\":[{\"@type\":\"WebPage\",\"@id\":\"https:\/\/penosil.com\/de\/produkt\/armierungsgewebe-zur-hydroisolierung\/\",\"url\":\"https:\/\/penosil.com\/de\/produkt\/armierungsgewebe-zur-hydroisolierung\/\",\"name\":\"Armierungsgewebe 435 f\u00fcr die Hydroisolierung | Penosil DE\",\"isPartOf\":{\"@id\":\"https:\/\/penosil.com\/de\/#website\"},\"primaryImageOfPage\":{\"@id\":\"https:\/\/penosil.com\/de\/produkt\/armierungsgewebe-zur-hydroisolierung\/#primaryimage\"},\"image\":{\"@id\":\"https:\/\/penosil.com\/de\/produkt\/armierungsgewebe-zur-hydroisolierung\/#primaryimage\"},\"thumbnailUrl\":\"https:\/\/penosil.com\/de\/wp-content\/uploads\/sites\/33\/2024\/12\/435_AquaBrake_Gewebe_435_DE.png\",\"datePublished\":\"2024-12-18T09:33:32+00:00\",\"dateModified\":\"2026-01-28T01:12:59+00:00\",\"description\":\"Penosil AquaBrake Gewebe 435 ist ein wasserdichtes Armierungsgewebe f\u00fcr die Hydroisolierung von W\u00e4nden und B\u00f6den in Nass- und Feuchtr\u00e4umen. Jetzt hier kaufen!\",\"breadcrumb\":{\"@id\":\"https:\/\/penosil.com\/de\/produkt\/armierungsgewebe-zur-hydroisolierung\/#breadcrumb\"},\"inLanguage\":\"de\",\"potentialAction\":[{\"@type\":\"ReadAction\",\"target\":[\"https:\/\/penosil.com\/de\/produkt\/armierungsgewebe-zur-hydroisolierung\/\"]}]},{\"@type\":\"ImageObject\",\"inLanguage\":\"de\",\"@id\":\"https:\/\/penosil.com\/de\/produkt\/armierungsgewebe-zur-hydroisolierung\/#primaryimage\",\"url\":\"https:\/\/penosil.com\/de\/wp-content\/uploads\/sites\/33\/2024\/12\/435_AquaBrake_Gewebe_435_DE.png\",\"contentUrl\":\"https:\/\/penosil.com\/de\/wp-content\/uploads\/sites\/33\/2024\/12\/435_AquaBrake_Gewebe_435_DE.png\",\"width\":680,\"height\":1080,\"caption\":\"Armierungsgewebe 435 f\u00fcr die Hydroisolierung\"},{\"@type\":\"BreadcrumbList\",\"@id\":\"https:\/\/penosil.com\/de\/produkt\/armierungsgewebe-zur-hydroisolierung\/#breadcrumb\",\"itemListElement\":[{\"@type\":\"ListItem\",\"position\":1,\"name\":\"Starseite\",\"item\":\"https:\/\/penosil.com\/de\/\"},{\"@type\":\"ListItem\",\"position\":2,\"name\":\"Produkte\",\"item\":\"https:\/\/penosil.com\/de\/produkte\/\"},{\"@type\":\"ListItem\",\"position\":3,\"name\":\"AquaBrake Gewebe 435\"}]},{\"@type\":\"WebSite\",\"@id\":\"https:\/\/penosil.com\/de\/#website\",\"url\":\"https:\/\/penosil.com\/de\/\",\"name\":\"Penosil Germany\",\"description\":\"\",\"potentialAction\":[{\"@type\":\"SearchAction\",\"target\":{\"@type\":\"EntryPoint\",\"urlTemplate\":\"https:\/\/penosil.com\/de\/?s={search_term_string}\"},\"query-input\":{\"@type\":\"PropertyValueSpecification\",\"valueRequired\":true,\"valueName\":\"search_term_string\"}}],\"inLanguage\":\"de\"}]}<\/script>\n<!-- \/ Yoast SEO plugin. -->","yoast_head_json":{"title":"Armierungsgewebe 435 f\u00fcr die Hydroisolierung | Penosil DE","description":"Penosil AquaBrake Gewebe 435 ist ein wasserdichtes Armierungsgewebe f\u00fcr die Hydroisolierung von W\u00e4nden und B\u00f6den in Nass- und Feuchtr\u00e4umen. Jetzt hier kaufen!","robots":{"index":"index","follow":"follow","max-snippet":"max-snippet:-1","max-image-preview":"max-image-preview:large","max-video-preview":"max-video-preview:-1"},"canonical":"https:\/\/penosil.com\/de\/produkt\/armierungsgewebe-zur-hydroisolierung\/","og_locale":"de_DE","og_type":"article","og_title":"Armierungsgewebe 435 f\u00fcr die Hydroisolierung | Penosil DE","og_description":"Penosil AquaBrake Gewebe 435 ist ein wasserdichtes Armierungsgewebe f\u00fcr die Hydroisolierung von W\u00e4nden und B\u00f6den in Nass- und Feuchtr\u00e4umen. Jetzt hier kaufen!","og_url":"https:\/\/penosil.com\/de\/produkt\/armierungsgewebe-zur-hydroisolierung\/","og_site_name":"Penosil Germany","article_modified_time":"2026-01-28T01:12:59+00:00","og_image":[{"width":680,"height":1080,"url":"https:\/\/penosil.com\/de\/wp-content\/uploads\/sites\/33\/2024\/12\/435_AquaBrake_Gewebe_435_DE.png","type":"image\/png"}],"twitter_card":"summary_large_image","twitter_misc":{"Gesch\u00e4tzte Lesezeit":"2\u00a0Minuten"},"schema":{"@context":"https:\/\/schema.org","@graph":[{"@type":"WebPage","@id":"https:\/\/penosil.com\/de\/produkt\/armierungsgewebe-zur-hydroisolierung\/","url":"https:\/\/penosil.com\/de\/produkt\/armierungsgewebe-zur-hydroisolierung\/","name":"Armierungsgewebe 435 f\u00fcr die Hydroisolierung | Penosil DE","isPartOf":{"@id":"https:\/\/penosil.com\/de\/#website"},"primaryImageOfPage":{"@id":"https:\/\/penosil.com\/de\/produkt\/armierungsgewebe-zur-hydroisolierung\/#primaryimage"},"image":{"@id":"https:\/\/penosil.com\/de\/produkt\/armierungsgewebe-zur-hydroisolierung\/#primaryimage"},"thumbnailUrl":"https:\/\/penosil.com\/de\/wp-content\/uploads\/sites\/33\/2024\/12\/435_AquaBrake_Gewebe_435_DE.png","datePublished":"2024-12-18T09:33:32+00:00","dateModified":"2026-01-28T01:12:59+00:00","description":"Penosil AquaBrake Gewebe 435 ist ein wasserdichtes Armierungsgewebe f\u00fcr die Hydroisolierung von W\u00e4nden und B\u00f6den in Nass- und Feuchtr\u00e4umen. Jetzt hier kaufen!","breadcrumb":{"@id":"https:\/\/penosil.com\/de\/produkt\/armierungsgewebe-zur-hydroisolierung\/#breadcrumb"},"inLanguage":"de","potentialAction":[{"@type":"ReadAction","target":["https:\/\/penosil.com\/de\/produkt\/armierungsgewebe-zur-hydroisolierung\/"]}]},{"@type":"ImageObject","inLanguage":"de","@id":"https:\/\/penosil.com\/de\/produkt\/armierungsgewebe-zur-hydroisolierung\/#primaryimage","url":"https:\/\/penosil.com\/de\/wp-content\/uploads\/sites\/33\/2024\/12\/435_AquaBrake_Gewebe_435_DE.png","contentUrl":"https:\/\/penosil.com\/de\/wp-content\/uploads\/sites\/33\/2024\/12\/435_AquaBrake_Gewebe_435_DE.png","width":680,"height":1080,"caption":"Armierungsgewebe 435 f\u00fcr die Hydroisolierung"},{"@type":"BreadcrumbList","@id":"https:\/\/penosil.com\/de\/produkt\/armierungsgewebe-zur-hydroisolierung\/#breadcrumb","itemListElement":[{"@type":"ListItem","position":1,"name":"Starseite","item":"https:\/\/penosil.com\/de\/"},{"@type":"ListItem","position":2,"name":"Produkte","item":"https:\/\/penosil.com\/de\/produkte\/"},{"@type":"ListItem","position":3,"name":"AquaBrake Gewebe 435"}]},{"@type":"WebSite","@id":"https:\/\/penosil.com\/de\/#website","url":"https:\/\/penosil.com\/de\/","name":"Penosil Germany","description":"","potentialAction":[{"@type":"SearchAction","target":{"@type":"EntryPoint","urlTemplate":"https:\/\/penosil.com\/de\/?s={search_term_string}"},"query-input":{"@type":"PropertyValueSpecification","valueRequired":true,"valueName":"search_term_string"}}],"inLanguage":"de"}]}},"featured_img":"https:\/\/penosil.com\/de\/wp-content\/uploads\/sites\/33\/2024\/12\/435_AquaBrake_Gewebe_435_DE.png","coauthors":[],"author_meta":{"author_link":"https:\/\/penosil.com\/de\/author\/katlin\/","display_name":"Katlin"},"relative_dates":{"created":"Posted 1\u00a0Jahr ago","modified":"Updated 2\u00a0Monaten ago"},"absolute_dates":{"created":"Posted on 18. Dezember 2024","modified":"Updated on 28. Januar 2026"},"absolute_dates_time":{"created":"Posted on 18. Dezember 2024 9:33","modified":"Updated on 28. Januar 2026 1:12"},"featured_img_caption":"","tax_additional":{"product_brand":{"linked":[],"unlinked":[],"slug":"product_brand","name":"Marken"},"product_type":{"linked":["<a href=\"https:\/\/penosil.com\/de\/?taxonomy=product_type&#038;term=simple\" class=\"advgb-post-tax-term\">simple<\/a>"],"unlinked":["<span class=\"advgb-post-tax-term\">simple<\/span>"],"slug":"product_type","name":"Produkttyp"},"product_visibility":{"linked":["<a href=\"https:\/\/penosil.com\/de\/en\/?taxonomy=product_visibility&#038;term=outofstock\" class=\"advgb-post-tax-term\">outofstock<\/a>"],"unlinked":["<span class=\"advgb-post-tax-term\">outofstock<\/span>"],"slug":"product_visibility","name":"Sichtbarkeit des Produkts"},"product_cat":{"linked":["<a href=\"https:\/\/penosil.com\/de\/produkt-kategorie\/anwendungsbereiche\/\" class=\"advgb-post-tax-term\">Anwendungsbereiche<\/a>","<a href=\"https:\/\/penosil.com\/de\/produkt-kategorie\/produktgruppen\/\" class=\"advgb-post-tax-term\">Produktgruppen<\/a>","<a href=\"https:\/\/penosil.com\/de\/produkt-kategorie\/produktgruppen\/bander-und-membranen\/\" class=\"advgb-post-tax-term\">B\u00e4nder und Membranen<\/a>","<a href=\"https:\/\/penosil.com\/de\/produkt-kategorie\/produktgruppen\/bander-und-membranen\/hydroisolierende-bander\/\" class=\"advgb-post-tax-term\">Hydroisolierende B\u00e4nder und -membranen<\/a>","<a href=\"https:\/\/penosil.com\/de\/produkt-kategorie\/anwendungsbereiche\/sanitar\/\" class=\"advgb-post-tax-term\">Sanit\u00e4r<\/a>"],"unlinked":["<span class=\"advgb-post-tax-term\">Anwendungsbereiche<\/span>","<span class=\"advgb-post-tax-term\">Produktgruppen<\/span>","<span class=\"advgb-post-tax-term\">B\u00e4nder und Membranen<\/span>","<span class=\"advgb-post-tax-term\">Hydroisolierende B\u00e4nder und -membranen<\/span>","<span class=\"advgb-post-tax-term\">Sanit\u00e4r<\/span>"],"slug":"product_cat","name":"Produkt-Kategorien"},"product_tag":{"linked":[],"unlinked":[],"slug":"product_tag","name":"Produkt-Schlagw\u00f6rter"},"product_shipping_class":{"linked":[],"unlinked":[],"slug":"product_shipping_class","name":"Produkt Versandklasse"},"pos_product_visibility":{"linked":[],"unlinked":[],"slug":"pos_product_visibility","name":"POS-Produkt-Sichtbarkeit."},"pa_diameter":{"linked":[],"unlinked":[],"slug":"pa_diameter","name":"Product Diameter"},"pa_farbe":{"linked":["<a href=\"https:\/\/penosil.com\/de\/?taxonomy=pa_farbe&#038;term=weiss\" class=\"advgb-post-tax-term\">Wei\u00df<\/a>"],"unlinked":["<span class=\"advgb-post-tax-term\">Wei\u00df<\/span>"],"slug":"pa_farbe","name":"Product Farbe"},"pa_roll":{"linked":[],"unlinked":[],"slug":"pa_roll","name":"Product Roll"},"pa_verpackung":{"linked":[],"unlinked":[],"slug":"pa_verpackung","name":"Product Verpackung"},"pa_widths":{"linked":[],"unlinked":[],"slug":"pa_widths","name":"Product Widths"},"translation_priority":{"linked":["<a href=\"https:\/\/penosil.com\/de\/?taxonomy=translation_priority&#038;term=optional-de\" class=\"advgb-post-tax-term\">Optional<\/a>"],"unlinked":["<span class=\"advgb-post-tax-term\">Optional<\/span>"],"slug":"translation_priority","name":"\u00dcbersetzungspriorit\u00e4ten"}},"series_order":"","_links":{"self":[{"href":"https:\/\/penosil.com\/de\/wp-json\/wp\/v2\/product\/30113","targetHints":{"allow":["GET"]}}],"collection":[{"href":"https:\/\/penosil.com\/de\/wp-json\/wp\/v2\/product"}],"about":[{"href":"https:\/\/penosil.com\/de\/wp-json\/wp\/v2\/types\/product"}],"version-history":[{"count":8,"href":"https:\/\/penosil.com\/de\/wp-json\/wp\/v2\/product\/30113\/revisions"}],"predecessor-version":[{"id":31971,"href":"https:\/\/penosil.com\/de\/wp-json\/wp\/v2\/product\/30113\/revisions\/31971"}],"wp:featuredmedia":[{"embeddable":true,"href":"https:\/\/penosil.com\/de\/wp-json\/wp\/v2\/media\/30481"}],"wp:attachment":[{"href":"https:\/\/penosil.com\/de\/wp-json\/wp\/v2\/media?parent=30113"}],"wp:term":[{"taxonomy":"product_brand","embeddable":true,"href":"https:\/\/penosil.com\/de\/wp-json\/wp\/v2\/product_brand?post=30113"},{"taxonomy":"product_cat","embeddable":true,"href":"https:\/\/penosil.com\/de\/wp-json\/wp\/v2\/product_cat?post=30113"},{"taxonomy":"product_tag","embeddable":true,"href":"https:\/\/penosil.com\/de\/wp-json\/wp\/v2\/product_tag?post=30113"}],"curies":[{"name":"wp","href":"https:\/\/api.w.org\/{rel}","templated":true}]}}