{"id":30125,"date":"2024-12-18T09:32:46","date_gmt":"2024-12-18T09:32:46","guid":{"rendered":"https:\/\/penosil.com\/de\/?post_type=product&#038;p=30125"},"modified":"2026-04-12T00:02:48","modified_gmt":"2026-04-12T00:02:48","slug":"neutrales-sanitaer-und-lebensmittelsilikon","status":"publish","type":"product","link":"https:\/\/penosil.com\/de\/produkt\/neutrales-sanitaer-und-lebensmittelsilikon\/","title":{"rendered":"Sanit\u00e4r- und Lebensmittelsilikon 326"},"content":{"rendered":"<p>PENOSIL Sanit\u00e4r- und Lebensmittelsilikon 326 ist ein\u00a0Mehrzweck-Silikon f\u00fcr Sanit\u00e4ranwendungen, Endbearbeitungs- und L\u00fcftungsabdichtungsarbeiten. Bildet eine wasserdichte und schimmelresistente Abdichtung auf einer Vielzahl von Materialien.<\/p>\n","protected":false},"excerpt":{"rendered":"Neutrales Sanit\u00e4rsilikon","protected":false},"author":2,"featured_media":30480,"template":"","meta":{"_acf_changed":false,"advgb_blocks_editor_width":"","advgb_blocks_columns_visual_guide":"","footnotes":""},"product_brand":[],"product_cat":[2514,2570,2678,2559,2547],"product_tag":[],"class_list":{"0":"post-30125","1":"product","2":"type-product","3":"status-publish","4":"has-post-thumbnail","6":"product_cat-anwendungsbereiche","7":"product_cat-dichtstoffe","8":"product_cat-neutrale-silikone","9":"product_cat-produktgruppen","10":"product_cat-sanitar","12":"first","13":"outofstock","14":"taxable","15":"shipping-taxable","16":"purchasable","17":"product-type-simple"},"acf":[],"yoast_head":"<!-- This site is optimized with the Yoast SEO plugin v27.2 - https:\/\/yoast.com\/product\/yoast-seo-wordpress\/ -->\n<title>Neutrales S\u00e4nitar- und Lebensmittelsilikon 326 | Penosil DE<\/title>\n<meta name=\"description\" content=\"Penosil Sanit\u00e4r- und Lebensmittelsilikon 326 ist ein neutrales Mehrzweck-Silikon f\u00fcr Sanit\u00e4ranwendungen. Schimmel-, UV- und alterungsbest\u00e4ndig. Jetzt kaufen!\" \/>\n<meta name=\"robots\" content=\"index, follow, max-snippet:-1, max-image-preview:large, max-video-preview:-1\" \/>\n<link rel=\"canonical\" href=\"https:\/\/penosil.com\/de\/produkt\/neutrales-sanitaer-und-lebensmittelsilikon\/\" \/>\n<meta property=\"og:locale\" content=\"de_DE\" \/>\n<meta property=\"og:type\" content=\"article\" \/>\n<meta property=\"og:title\" content=\"Neutrales S\u00e4nitar- und Lebensmittelsilikon 326 | Penosil DE\" \/>\n<meta property=\"og:description\" content=\"Penosil Sanit\u00e4r- und Lebensmittelsilikon 326 ist ein neutrales Mehrzweck-Silikon f\u00fcr Sanit\u00e4ranwendungen. Schimmel-, UV- und alterungsbest\u00e4ndig. Jetzt kaufen!\" \/>\n<meta property=\"og:url\" content=\"https:\/\/penosil.com\/de\/produkt\/neutrales-sanitaer-und-lebensmittelsilikon\/\" \/>\n<meta property=\"og:site_name\" content=\"Penosil Germany\" \/>\n<meta property=\"article:modified_time\" content=\"2026-04-12T00:02:48+00:00\" \/>\n<meta property=\"og:image\" content=\"https:\/\/penosil.com\/de\/wp-content\/uploads\/sites\/33\/2024\/12\/326_SanitC3A4r_und_Lebensmittelsilikon_326_DE.png\" \/>\n\t<meta property=\"og:image:width\" content=\"387\" \/>\n\t<meta property=\"og:image:height\" content=\"1080\" \/>\n\t<meta property=\"og:image:type\" content=\"image\/png\" \/>\n<meta name=\"twitter:card\" content=\"summary_large_image\" \/>\n<meta name=\"twitter:label1\" content=\"Gesch\u00e4tzte Lesezeit\" \/>\n\t<meta name=\"twitter:data1\" content=\"3\u00a0Minuten\" \/>\n<script type=\"application\/ld+json\" class=\"yoast-schema-graph\">{\"@context\":\"https:\/\/schema.org\",\"@graph\":[{\"@type\":\"WebPage\",\"@id\":\"https:\/\/penosil.com\/de\/produkt\/neutrales-sanitaer-und-lebensmittelsilikon\/\",\"url\":\"https:\/\/penosil.com\/de\/produkt\/neutrales-sanitaer-und-lebensmittelsilikon\/\",\"name\":\"Neutrales S\u00e4nitar- und Lebensmittelsilikon 326 | Penosil DE\",\"isPartOf\":{\"@id\":\"https:\/\/penosil.com\/de\/#website\"},\"primaryImageOfPage\":{\"@id\":\"https:\/\/penosil.com\/de\/produkt\/neutrales-sanitaer-und-lebensmittelsilikon\/#primaryimage\"},\"image\":{\"@id\":\"https:\/\/penosil.com\/de\/produkt\/neutrales-sanitaer-und-lebensmittelsilikon\/#primaryimage\"},\"thumbnailUrl\":\"https:\/\/penosil.com\/de\/wp-content\/uploads\/sites\/33\/2024\/12\/326_SanitC3A4r_und_Lebensmittelsilikon_326_DE.png\",\"datePublished\":\"2024-12-18T09:32:46+00:00\",\"dateModified\":\"2026-04-12T00:02:48+00:00\",\"description\":\"Penosil Sanit\u00e4r- und Lebensmittelsilikon 326 ist ein neutrales Mehrzweck-Silikon f\u00fcr Sanit\u00e4ranwendungen. Schimmel-, UV- und alterungsbest\u00e4ndig. Jetzt kaufen!\",\"breadcrumb\":{\"@id\":\"https:\/\/penosil.com\/de\/produkt\/neutrales-sanitaer-und-lebensmittelsilikon\/#breadcrumb\"},\"inLanguage\":\"de\",\"potentialAction\":[{\"@type\":\"ReadAction\",\"target\":[\"https:\/\/penosil.com\/de\/produkt\/neutrales-sanitaer-und-lebensmittelsilikon\/\"]}]},{\"@type\":\"ImageObject\",\"inLanguage\":\"de\",\"@id\":\"https:\/\/penosil.com\/de\/produkt\/neutrales-sanitaer-und-lebensmittelsilikon\/#primaryimage\",\"url\":\"https:\/\/penosil.com\/de\/wp-content\/uploads\/sites\/33\/2024\/12\/326_SanitC3A4r_und_Lebensmittelsilikon_326_DE.png\",\"contentUrl\":\"https:\/\/penosil.com\/de\/wp-content\/uploads\/sites\/33\/2024\/12\/326_SanitC3A4r_und_Lebensmittelsilikon_326_DE.png\",\"width\":387,\"height\":1080,\"caption\":\"Neutrales S\u00e4nitar- und Lebensmittelsilikon 326\"},{\"@type\":\"BreadcrumbList\",\"@id\":\"https:\/\/penosil.com\/de\/produkt\/neutrales-sanitaer-und-lebensmittelsilikon\/#breadcrumb\",\"itemListElement\":[{\"@type\":\"ListItem\",\"position\":1,\"name\":\"Starseite\",\"item\":\"https:\/\/penosil.com\/de\/\"},{\"@type\":\"ListItem\",\"position\":2,\"name\":\"Produkte\",\"item\":\"https:\/\/penosil.com\/de\/produkte\/\"},{\"@type\":\"ListItem\",\"position\":3,\"name\":\"Sanit\u00e4r- und Lebensmittelsilikon 326\"}]},{\"@type\":\"WebSite\",\"@id\":\"https:\/\/penosil.com\/de\/#website\",\"url\":\"https:\/\/penosil.com\/de\/\",\"name\":\"Penosil Germany\",\"description\":\"\",\"potentialAction\":[{\"@type\":\"SearchAction\",\"target\":{\"@type\":\"EntryPoint\",\"urlTemplate\":\"https:\/\/penosil.com\/de\/?s={search_term_string}\"},\"query-input\":{\"@type\":\"PropertyValueSpecification\",\"valueRequired\":true,\"valueName\":\"search_term_string\"}}],\"inLanguage\":\"de\"}]}<\/script>\n<!-- \/ Yoast SEO plugin. -->","yoast_head_json":{"title":"Neutrales S\u00e4nitar- und Lebensmittelsilikon 326 | Penosil DE","description":"Penosil Sanit\u00e4r- und Lebensmittelsilikon 326 ist ein neutrales Mehrzweck-Silikon f\u00fcr Sanit\u00e4ranwendungen. Schimmel-, UV- und alterungsbest\u00e4ndig. Jetzt kaufen!","robots":{"index":"index","follow":"follow","max-snippet":"max-snippet:-1","max-image-preview":"max-image-preview:large","max-video-preview":"max-video-preview:-1"},"canonical":"https:\/\/penosil.com\/de\/produkt\/neutrales-sanitaer-und-lebensmittelsilikon\/","og_locale":"de_DE","og_type":"article","og_title":"Neutrales S\u00e4nitar- und Lebensmittelsilikon 326 | Penosil DE","og_description":"Penosil Sanit\u00e4r- und Lebensmittelsilikon 326 ist ein neutrales Mehrzweck-Silikon f\u00fcr Sanit\u00e4ranwendungen. Schimmel-, UV- und alterungsbest\u00e4ndig. Jetzt kaufen!","og_url":"https:\/\/penosil.com\/de\/produkt\/neutrales-sanitaer-und-lebensmittelsilikon\/","og_site_name":"Penosil Germany","article_modified_time":"2026-04-12T00:02:48+00:00","og_image":[{"width":387,"height":1080,"url":"https:\/\/penosil.com\/de\/wp-content\/uploads\/sites\/33\/2024\/12\/326_SanitC3A4r_und_Lebensmittelsilikon_326_DE.png","type":"image\/png"}],"twitter_card":"summary_large_image","twitter_misc":{"Gesch\u00e4tzte Lesezeit":"3\u00a0Minuten"},"schema":{"@context":"https:\/\/schema.org","@graph":[{"@type":"WebPage","@id":"https:\/\/penosil.com\/de\/produkt\/neutrales-sanitaer-und-lebensmittelsilikon\/","url":"https:\/\/penosil.com\/de\/produkt\/neutrales-sanitaer-und-lebensmittelsilikon\/","name":"Neutrales S\u00e4nitar- und Lebensmittelsilikon 326 | Penosil DE","isPartOf":{"@id":"https:\/\/penosil.com\/de\/#website"},"primaryImageOfPage":{"@id":"https:\/\/penosil.com\/de\/produkt\/neutrales-sanitaer-und-lebensmittelsilikon\/#primaryimage"},"image":{"@id":"https:\/\/penosil.com\/de\/produkt\/neutrales-sanitaer-und-lebensmittelsilikon\/#primaryimage"},"thumbnailUrl":"https:\/\/penosil.com\/de\/wp-content\/uploads\/sites\/33\/2024\/12\/326_SanitC3A4r_und_Lebensmittelsilikon_326_DE.png","datePublished":"2024-12-18T09:32:46+00:00","dateModified":"2026-04-12T00:02:48+00:00","description":"Penosil Sanit\u00e4r- und Lebensmittelsilikon 326 ist ein neutrales Mehrzweck-Silikon f\u00fcr Sanit\u00e4ranwendungen. Schimmel-, UV- und alterungsbest\u00e4ndig. Jetzt kaufen!","breadcrumb":{"@id":"https:\/\/penosil.com\/de\/produkt\/neutrales-sanitaer-und-lebensmittelsilikon\/#breadcrumb"},"inLanguage":"de","potentialAction":[{"@type":"ReadAction","target":["https:\/\/penosil.com\/de\/produkt\/neutrales-sanitaer-und-lebensmittelsilikon\/"]}]},{"@type":"ImageObject","inLanguage":"de","@id":"https:\/\/penosil.com\/de\/produkt\/neutrales-sanitaer-und-lebensmittelsilikon\/#primaryimage","url":"https:\/\/penosil.com\/de\/wp-content\/uploads\/sites\/33\/2024\/12\/326_SanitC3A4r_und_Lebensmittelsilikon_326_DE.png","contentUrl":"https:\/\/penosil.com\/de\/wp-content\/uploads\/sites\/33\/2024\/12\/326_SanitC3A4r_und_Lebensmittelsilikon_326_DE.png","width":387,"height":1080,"caption":"Neutrales S\u00e4nitar- und Lebensmittelsilikon 326"},{"@type":"BreadcrumbList","@id":"https:\/\/penosil.com\/de\/produkt\/neutrales-sanitaer-und-lebensmittelsilikon\/#breadcrumb","itemListElement":[{"@type":"ListItem","position":1,"name":"Starseite","item":"https:\/\/penosil.com\/de\/"},{"@type":"ListItem","position":2,"name":"Produkte","item":"https:\/\/penosil.com\/de\/produkte\/"},{"@type":"ListItem","position":3,"name":"Sanit\u00e4r- und Lebensmittelsilikon 326"}]},{"@type":"WebSite","@id":"https:\/\/penosil.com\/de\/#website","url":"https:\/\/penosil.com\/de\/","name":"Penosil Germany","description":"","potentialAction":[{"@type":"SearchAction","target":{"@type":"EntryPoint","urlTemplate":"https:\/\/penosil.com\/de\/?s={search_term_string}"},"query-input":{"@type":"PropertyValueSpecification","valueRequired":true,"valueName":"search_term_string"}}],"inLanguage":"de"}]}},"featured_img":"https:\/\/penosil.com\/de\/wp-content\/uploads\/sites\/33\/2024\/12\/326_SanitC3A4r_und_Lebensmittelsilikon_326_DE.png","coauthors":[],"author_meta":{"author_link":"https:\/\/penosil.com\/de\/author\/katlin\/","display_name":"Katlin"},"relative_dates":{"created":"Posted 1\u00a0Jahr ago","modified":"Updated 1\u00a0Stunde ago"},"absolute_dates":{"created":"Posted on 18. Dezember 2024","modified":"Updated on 12. April 2026"},"absolute_dates_time":{"created":"Posted on 18. Dezember 2024 9:32","modified":"Updated on 12. April 2026 0:02"},"featured_img_caption":"","tax_additional":{"product_brand":{"linked":[],"unlinked":[],"slug":"product_brand","name":"Marken"},"product_type":{"linked":["<a href=\"https:\/\/penosil.com\/de\/?taxonomy=product_type&#038;term=simple\" class=\"advgb-post-tax-term\">simple<\/a>"],"unlinked":["<span class=\"advgb-post-tax-term\">simple<\/span>"],"slug":"product_type","name":"Produkttyp"},"product_visibility":{"linked":["<a href=\"https:\/\/penosil.com\/de\/en\/?taxonomy=product_visibility&#038;term=outofstock\" class=\"advgb-post-tax-term\">outofstock<\/a>"],"unlinked":["<span class=\"advgb-post-tax-term\">outofstock<\/span>"],"slug":"product_visibility","name":"Sichtbarkeit des Produkts"},"product_cat":{"linked":["<a href=\"https:\/\/penosil.com\/de\/produkt-kategorie\/anwendungsbereiche\/\" class=\"advgb-post-tax-term\">Anwendungsbereiche<\/a>","<a href=\"https:\/\/penosil.com\/de\/produkt-kategorie\/produktgruppen\/dichtstoffe\/\" class=\"advgb-post-tax-term\">Dichtstoffe<\/a>","<a href=\"https:\/\/penosil.com\/de\/produkt-kategorie\/produktgruppen\/dichtstoffe\/neutrale-silikone\/\" class=\"advgb-post-tax-term\">Neutrale Silikone<\/a>","<a href=\"https:\/\/penosil.com\/de\/produkt-kategorie\/produktgruppen\/\" class=\"advgb-post-tax-term\">Produktgruppen<\/a>","<a href=\"https:\/\/penosil.com\/de\/produkt-kategorie\/anwendungsbereiche\/sanitar\/\" class=\"advgb-post-tax-term\">Sanit\u00e4r<\/a>"],"unlinked":["<span class=\"advgb-post-tax-term\">Anwendungsbereiche<\/span>","<span class=\"advgb-post-tax-term\">Dichtstoffe<\/span>","<span class=\"advgb-post-tax-term\">Neutrale Silikone<\/span>","<span class=\"advgb-post-tax-term\">Produktgruppen<\/span>","<span class=\"advgb-post-tax-term\">Sanit\u00e4r<\/span>"],"slug":"product_cat","name":"Produkt-Kategorien"},"product_tag":{"linked":[],"unlinked":[],"slug":"product_tag","name":"Produkt-Schlagw\u00f6rter"},"product_shipping_class":{"linked":[],"unlinked":[],"slug":"product_shipping_class","name":"Produkt Versandklasse"},"pos_product_visibility":{"linked":[],"unlinked":[],"slug":"pos_product_visibility","name":"POS-Produkt-Sichtbarkeit."},"pa_diameter":{"linked":[],"unlinked":[],"slug":"pa_diameter","name":"Product Diameter"},"pa_farbe":{"linked":["<a href=\"https:\/\/penosil.com\/de\/?taxonomy=pa_farbe&#038;term=weiss\" class=\"advgb-post-tax-term\">Wei\u00df<\/a>","<a href=\"https:\/\/penosil.com\/de\/?taxonomy=pa_farbe&#038;term=transparent-de\" class=\"advgb-post-tax-term\">Transparent<\/a>"],"unlinked":["<span class=\"advgb-post-tax-term\">Wei\u00df<\/span>","<span class=\"advgb-post-tax-term\">Transparent<\/span>"],"slug":"pa_farbe","name":"Product Farbe"},"pa_roll":{"linked":[],"unlinked":[],"slug":"pa_roll","name":"Product Roll"},"pa_verpackung":{"linked":[],"unlinked":[],"slug":"pa_verpackung","name":"Product Verpackung"},"pa_widths":{"linked":[],"unlinked":[],"slug":"pa_widths","name":"Product Widths"},"translation_priority":{"linked":["<a href=\"https:\/\/penosil.com\/de\/?taxonomy=translation_priority&#038;term=optional-de\" class=\"advgb-post-tax-term\">Optional<\/a>"],"unlinked":["<span class=\"advgb-post-tax-term\">Optional<\/span>"],"slug":"translation_priority","name":"\u00dcbersetzungspriorit\u00e4ten"}},"series_order":"","_links":{"self":[{"href":"https:\/\/penosil.com\/de\/wp-json\/wp\/v2\/product\/30125","targetHints":{"allow":["GET"]}}],"collection":[{"href":"https:\/\/penosil.com\/de\/wp-json\/wp\/v2\/product"}],"about":[{"href":"https:\/\/penosil.com\/de\/wp-json\/wp\/v2\/types\/product"}],"version-history":[{"count":10,"href":"https:\/\/penosil.com\/de\/wp-json\/wp\/v2\/product\/30125\/revisions"}],"predecessor-version":[{"id":31982,"href":"https:\/\/penosil.com\/de\/wp-json\/wp\/v2\/product\/30125\/revisions\/31982"}],"wp:featuredmedia":[{"embeddable":true,"href":"https:\/\/penosil.com\/de\/wp-json\/wp\/v2\/media\/30480"}],"wp:attachment":[{"href":"https:\/\/penosil.com\/de\/wp-json\/wp\/v2\/media?parent=30125"}],"wp:term":[{"taxonomy":"product_brand","embeddable":true,"href":"https:\/\/penosil.com\/de\/wp-json\/wp\/v2\/product_brand?post=30125"},{"taxonomy":"product_cat","embeddable":true,"href":"https:\/\/penosil.com\/de\/wp-json\/wp\/v2\/product_cat?post=30125"},{"taxonomy":"product_tag","embeddable":true,"href":"https:\/\/penosil.com\/de\/wp-json\/wp\/v2\/product_tag?post=30125"}],"curies":[{"name":"wp","href":"https:\/\/api.w.org\/{rel}","templated":true}]}}