{"id":30610,"date":"2025-01-06T08:10:35","date_gmt":"2025-01-06T08:10:35","guid":{"rendered":"https:\/\/penosil.com\/de\/?post_type=product&#038;p=30610"},"modified":"2026-01-29T01:11:22","modified_gmt":"2026-01-29T01:11:22","slug":"luftdichte-membran-zur-fensterabdichtung","status":"publish","type":"product","link":"https:\/\/penosil.com\/de\/produkt\/luftdichte-membran-zur-fensterabdichtung\/","title":{"rendered":"Luftdichte Membran 704"},"content":{"rendered":"<p>PENOSIL Luftdichte Membran 704 nahtlose Fl\u00fcssigmembran auf MS-Polymerbasis f\u00fcr die Luft- und Feuchtigkeitsabdichtung von Fenster- und T\u00fcrfugen sowie von Durchdringungen im Au\u00dfenbereich. Bildet eine elastische, nahtlose und dampfdurchl\u00e4ssige Schicht auf abgedichteten Fl\u00e4chen.\u00a0<\/p>\n","protected":false},"excerpt":{"rendered":"Elastische, nahtlose Fl\u00fcssigmembran","protected":false},"author":2,"featured_media":29523,"template":"","meta":{"_acf_changed":false,"advgb_blocks_editor_width":"","advgb_blocks_columns_visual_guide":"","footnotes":""},"product_brand":[],"product_cat":[2682,2688,2514,2553,2559,2644,2661],"product_tag":[],"class_list":{"0":"post-30610","1":"product","2":"type-product","3":"status-publish","4":"has-post-thumbnail","6":"product_cat-fensterbander-und-membranen","7":"product_cat-beschichtungen-und-membranen","8":"product_cat-anwendungsbereiche","9":"product_cat-fenster-tueren","10":"product_cat-produktgruppen","11":"product_cat-bander-und-membranen","12":"product_cat-oberflachenbehandlung","14":"first","15":"outofstock","16":"taxable","17":"shipping-taxable","18":"purchasable","19":"product-type-simple"},"acf":[],"yoast_head":"<!-- This site is optimized with the Yoast SEO plugin v27.2 - https:\/\/yoast.com\/product\/yoast-seo-wordpress\/ -->\n<title>PENOSIL Luftdichte Membran 704 elastische Fl\u00fcssigmembran<\/title>\n<meta name=\"description\" content=\"PENOSIL Luftdichte Membran 704 nahtlose Fl\u00fcssigmembran. Bildet eine wetterfeste und dennoch dampfdurchl\u00e4ssige Schicht auf versiegelten Fl\u00e4chen. Mehr lesen!\" \/>\n<meta name=\"robots\" content=\"index, follow, max-snippet:-1, max-image-preview:large, max-video-preview:-1\" \/>\n<link rel=\"canonical\" href=\"https:\/\/penosil.com\/de\/produkt\/luftdichte-membran-zur-fensterabdichtung\/\" \/>\n<meta property=\"og:locale\" content=\"de_DE\" \/>\n<meta property=\"og:type\" content=\"article\" \/>\n<meta property=\"og:title\" content=\"PENOSIL Luftdichte Membran 704 elastische Fl\u00fcssigmembran\" \/>\n<meta property=\"og:description\" content=\"PENOSIL Luftdichte Membran 704 nahtlose Fl\u00fcssigmembran. Bildet eine wetterfeste und dennoch dampfdurchl\u00e4ssige Schicht auf versiegelten Fl\u00e4chen. Mehr lesen!\" \/>\n<meta property=\"og:url\" content=\"https:\/\/penosil.com\/de\/produkt\/luftdichte-membran-zur-fensterabdichtung\/\" \/>\n<meta property=\"og:site_name\" content=\"Penosil Germany\" \/>\n<meta property=\"article:modified_time\" content=\"2026-01-29T01:11:22+00:00\" \/>\n<meta property=\"og:image\" content=\"https:\/\/penosil.com\/de\/wp-content\/uploads\/sites\/33\/2024\/05\/MT103420Window202620Door20Foil.png\" \/>\n\t<meta property=\"og:image:width\" content=\"220\" \/>\n\t<meta property=\"og:image:height\" content=\"1080\" \/>\n\t<meta property=\"og:image:type\" content=\"image\/png\" \/>\n<meta name=\"twitter:card\" content=\"summary_large_image\" \/>\n<meta name=\"twitter:label1\" content=\"Gesch\u00e4tzte Lesezeit\" \/>\n\t<meta name=\"twitter:data1\" content=\"4\u00a0Minuten\" \/>\n<script type=\"application\/ld+json\" class=\"yoast-schema-graph\">{\"@context\":\"https:\/\/schema.org\",\"@graph\":[{\"@type\":\"WebPage\",\"@id\":\"https:\/\/penosil.com\/de\/produkt\/luftdichte-membran-zur-fensterabdichtung\/\",\"url\":\"https:\/\/penosil.com\/de\/produkt\/luftdichte-membran-zur-fensterabdichtung\/\",\"name\":\"PENOSIL Luftdichte Membran 704 elastische Fl\u00fcssigmembran\",\"isPartOf\":{\"@id\":\"https:\/\/penosil.com\/de\/#website\"},\"primaryImageOfPage\":{\"@id\":\"https:\/\/penosil.com\/de\/produkt\/luftdichte-membran-zur-fensterabdichtung\/#primaryimage\"},\"image\":{\"@id\":\"https:\/\/penosil.com\/de\/produkt\/luftdichte-membran-zur-fensterabdichtung\/#primaryimage\"},\"thumbnailUrl\":\"https:\/\/penosil.com\/de\/wp-content\/uploads\/sites\/33\/2024\/05\/MT103420Window202620Door20Foil.png\",\"datePublished\":\"2025-01-06T08:10:35+00:00\",\"dateModified\":\"2026-01-29T01:11:22+00:00\",\"description\":\"PENOSIL Luftdichte Membran 704 nahtlose Fl\u00fcssigmembran. Bildet eine wetterfeste und dennoch dampfdurchl\u00e4ssige Schicht auf versiegelten Fl\u00e4chen. Mehr lesen!\",\"breadcrumb\":{\"@id\":\"https:\/\/penosil.com\/de\/produkt\/luftdichte-membran-zur-fensterabdichtung\/#breadcrumb\"},\"inLanguage\":\"de\",\"potentialAction\":[{\"@type\":\"ReadAction\",\"target\":[\"https:\/\/penosil.com\/de\/produkt\/luftdichte-membran-zur-fensterabdichtung\/\"]}]},{\"@type\":\"ImageObject\",\"inLanguage\":\"de\",\"@id\":\"https:\/\/penosil.com\/de\/produkt\/luftdichte-membran-zur-fensterabdichtung\/#primaryimage\",\"url\":\"https:\/\/penosil.com\/de\/wp-content\/uploads\/sites\/33\/2024\/05\/MT103420Window202620Door20Foil.png\",\"contentUrl\":\"https:\/\/penosil.com\/de\/wp-content\/uploads\/sites\/33\/2024\/05\/MT103420Window202620Door20Foil.png\",\"width\":220,\"height\":1080},{\"@type\":\"BreadcrumbList\",\"@id\":\"https:\/\/penosil.com\/de\/produkt\/luftdichte-membran-zur-fensterabdichtung\/#breadcrumb\",\"itemListElement\":[{\"@type\":\"ListItem\",\"position\":1,\"name\":\"Starseite\",\"item\":\"https:\/\/penosil.com\/de\/\"},{\"@type\":\"ListItem\",\"position\":2,\"name\":\"Produkte\",\"item\":\"https:\/\/penosil.com\/de\/produkte\/\"},{\"@type\":\"ListItem\",\"position\":3,\"name\":\"Luftdichte Membran 704\"}]},{\"@type\":\"WebSite\",\"@id\":\"https:\/\/penosil.com\/de\/#website\",\"url\":\"https:\/\/penosil.com\/de\/\",\"name\":\"Penosil Germany\",\"description\":\"\",\"potentialAction\":[{\"@type\":\"SearchAction\",\"target\":{\"@type\":\"EntryPoint\",\"urlTemplate\":\"https:\/\/penosil.com\/de\/?s={search_term_string}\"},\"query-input\":{\"@type\":\"PropertyValueSpecification\",\"valueRequired\":true,\"valueName\":\"search_term_string\"}}],\"inLanguage\":\"de\"}]}<\/script>\n<!-- \/ Yoast SEO plugin. -->","yoast_head_json":{"title":"PENOSIL Luftdichte Membran 704 elastische Fl\u00fcssigmembran","description":"PENOSIL Luftdichte Membran 704 nahtlose Fl\u00fcssigmembran. Bildet eine wetterfeste und dennoch dampfdurchl\u00e4ssige Schicht auf versiegelten Fl\u00e4chen. Mehr lesen!","robots":{"index":"index","follow":"follow","max-snippet":"max-snippet:-1","max-image-preview":"max-image-preview:large","max-video-preview":"max-video-preview:-1"},"canonical":"https:\/\/penosil.com\/de\/produkt\/luftdichte-membran-zur-fensterabdichtung\/","og_locale":"de_DE","og_type":"article","og_title":"PENOSIL Luftdichte Membran 704 elastische Fl\u00fcssigmembran","og_description":"PENOSIL Luftdichte Membran 704 nahtlose Fl\u00fcssigmembran. Bildet eine wetterfeste und dennoch dampfdurchl\u00e4ssige Schicht auf versiegelten Fl\u00e4chen. Mehr lesen!","og_url":"https:\/\/penosil.com\/de\/produkt\/luftdichte-membran-zur-fensterabdichtung\/","og_site_name":"Penosil Germany","article_modified_time":"2026-01-29T01:11:22+00:00","og_image":[{"width":220,"height":1080,"url":"https:\/\/penosil.com\/de\/wp-content\/uploads\/sites\/33\/2024\/05\/MT103420Window202620Door20Foil.png","type":"image\/png"}],"twitter_card":"summary_large_image","twitter_misc":{"Gesch\u00e4tzte Lesezeit":"4\u00a0Minuten"},"schema":{"@context":"https:\/\/schema.org","@graph":[{"@type":"WebPage","@id":"https:\/\/penosil.com\/de\/produkt\/luftdichte-membran-zur-fensterabdichtung\/","url":"https:\/\/penosil.com\/de\/produkt\/luftdichte-membran-zur-fensterabdichtung\/","name":"PENOSIL Luftdichte Membran 704 elastische Fl\u00fcssigmembran","isPartOf":{"@id":"https:\/\/penosil.com\/de\/#website"},"primaryImageOfPage":{"@id":"https:\/\/penosil.com\/de\/produkt\/luftdichte-membran-zur-fensterabdichtung\/#primaryimage"},"image":{"@id":"https:\/\/penosil.com\/de\/produkt\/luftdichte-membran-zur-fensterabdichtung\/#primaryimage"},"thumbnailUrl":"https:\/\/penosil.com\/de\/wp-content\/uploads\/sites\/33\/2024\/05\/MT103420Window202620Door20Foil.png","datePublished":"2025-01-06T08:10:35+00:00","dateModified":"2026-01-29T01:11:22+00:00","description":"PENOSIL Luftdichte Membran 704 nahtlose Fl\u00fcssigmembran. Bildet eine wetterfeste und dennoch dampfdurchl\u00e4ssige Schicht auf versiegelten Fl\u00e4chen. Mehr lesen!","breadcrumb":{"@id":"https:\/\/penosil.com\/de\/produkt\/luftdichte-membran-zur-fensterabdichtung\/#breadcrumb"},"inLanguage":"de","potentialAction":[{"@type":"ReadAction","target":["https:\/\/penosil.com\/de\/produkt\/luftdichte-membran-zur-fensterabdichtung\/"]}]},{"@type":"ImageObject","inLanguage":"de","@id":"https:\/\/penosil.com\/de\/produkt\/luftdichte-membran-zur-fensterabdichtung\/#primaryimage","url":"https:\/\/penosil.com\/de\/wp-content\/uploads\/sites\/33\/2024\/05\/MT103420Window202620Door20Foil.png","contentUrl":"https:\/\/penosil.com\/de\/wp-content\/uploads\/sites\/33\/2024\/05\/MT103420Window202620Door20Foil.png","width":220,"height":1080},{"@type":"BreadcrumbList","@id":"https:\/\/penosil.com\/de\/produkt\/luftdichte-membran-zur-fensterabdichtung\/#breadcrumb","itemListElement":[{"@type":"ListItem","position":1,"name":"Starseite","item":"https:\/\/penosil.com\/de\/"},{"@type":"ListItem","position":2,"name":"Produkte","item":"https:\/\/penosil.com\/de\/produkte\/"},{"@type":"ListItem","position":3,"name":"Luftdichte Membran 704"}]},{"@type":"WebSite","@id":"https:\/\/penosil.com\/de\/#website","url":"https:\/\/penosil.com\/de\/","name":"Penosil Germany","description":"","potentialAction":[{"@type":"SearchAction","target":{"@type":"EntryPoint","urlTemplate":"https:\/\/penosil.com\/de\/?s={search_term_string}"},"query-input":{"@type":"PropertyValueSpecification","valueRequired":true,"valueName":"search_term_string"}}],"inLanguage":"de"}]}},"featured_img":"https:\/\/penosil.com\/de\/wp-content\/uploads\/sites\/33\/2024\/05\/MT103420Window202620Door20Foil.png","coauthors":[],"author_meta":{"author_link":"https:\/\/penosil.com\/de\/author\/katlin\/","display_name":"Katlin"},"relative_dates":{"created":"Posted 1\u00a0Jahr ago","modified":"Updated 2\u00a0Monaten ago"},"absolute_dates":{"created":"Posted on 6. Januar 2025","modified":"Updated on 29. Januar 2026"},"absolute_dates_time":{"created":"Posted on 6. Januar 2025 8:10","modified":"Updated on 29. Januar 2026 1:11"},"featured_img_caption":"","tax_additional":{"product_brand":{"linked":[],"unlinked":[],"slug":"product_brand","name":"Marken"},"product_type":{"linked":["<a href=\"https:\/\/penosil.com\/de\/?taxonomy=product_type&#038;term=simple\" class=\"advgb-post-tax-term\">simple<\/a>"],"unlinked":["<span class=\"advgb-post-tax-term\">simple<\/span>"],"slug":"product_type","name":"Produkttyp"},"product_visibility":{"linked":["<a href=\"https:\/\/penosil.com\/de\/en\/?taxonomy=product_visibility&#038;term=outofstock\" class=\"advgb-post-tax-term\">outofstock<\/a>"],"unlinked":["<span class=\"advgb-post-tax-term\">outofstock<\/span>"],"slug":"product_visibility","name":"Sichtbarkeit des Produkts"},"product_cat":{"linked":["<a href=\"https:\/\/penosil.com\/de\/produkt-kategorie\/produktgruppen\/bander-und-membranen\/fensterbander-und-membranen\/\" class=\"advgb-post-tax-term\">Fensterb\u00e4nder und -membranen<\/a>","<a href=\"https:\/\/penosil.com\/de\/produkt-kategorie\/produktgruppen\/oberflachenbehandlung\/beschichtungen-und-membranen\/\" class=\"advgb-post-tax-term\">Beschichtungen und Membranen<\/a>","<a href=\"https:\/\/penosil.com\/de\/produkt-kategorie\/anwendungsbereiche\/\" class=\"advgb-post-tax-term\">Anwendungsbereiche<\/a>","<a href=\"https:\/\/penosil.com\/de\/produkt-kategorie\/anwendungsbereiche\/fenster-tueren\/\" class=\"advgb-post-tax-term\">Fenster &amp; T\u00fcren<\/a>","<a href=\"https:\/\/penosil.com\/de\/produkt-kategorie\/produktgruppen\/\" class=\"advgb-post-tax-term\">Produktgruppen<\/a>","<a href=\"https:\/\/penosil.com\/de\/produkt-kategorie\/produktgruppen\/bander-und-membranen\/\" class=\"advgb-post-tax-term\">B\u00e4nder und Membranen<\/a>","<a href=\"https:\/\/penosil.com\/de\/produkt-kategorie\/produktgruppen\/oberflachenbehandlung\/\" class=\"advgb-post-tax-term\">Oberfl\u00e4chenbehandlung<\/a>"],"unlinked":["<span class=\"advgb-post-tax-term\">Fensterb\u00e4nder und -membranen<\/span>","<span class=\"advgb-post-tax-term\">Beschichtungen und Membranen<\/span>","<span class=\"advgb-post-tax-term\">Anwendungsbereiche<\/span>","<span class=\"advgb-post-tax-term\">Fenster &amp; T\u00fcren<\/span>","<span class=\"advgb-post-tax-term\">Produktgruppen<\/span>","<span class=\"advgb-post-tax-term\">B\u00e4nder und Membranen<\/span>","<span class=\"advgb-post-tax-term\">Oberfl\u00e4chenbehandlung<\/span>"],"slug":"product_cat","name":"Produkt-Kategorien"},"product_tag":{"linked":[],"unlinked":[],"slug":"product_tag","name":"Produkt-Schlagw\u00f6rter"},"product_shipping_class":{"linked":[],"unlinked":[],"slug":"product_shipping_class","name":"Produkt Versandklasse"},"pos_product_visibility":{"linked":[],"unlinked":[],"slug":"pos_product_visibility","name":"POS-Produkt-Sichtbarkeit."},"pa_diameter":{"linked":[],"unlinked":[],"slug":"pa_diameter","name":"Product Diameter"},"pa_farbe":{"linked":[],"unlinked":[],"slug":"pa_farbe","name":"Product Farbe"},"pa_roll":{"linked":[],"unlinked":[],"slug":"pa_roll","name":"Product Roll"},"pa_verpackung":{"linked":[],"unlinked":[],"slug":"pa_verpackung","name":"Product Verpackung"},"pa_widths":{"linked":[],"unlinked":[],"slug":"pa_widths","name":"Product Widths"},"translation_priority":{"linked":["<a href=\"https:\/\/penosil.com\/de\/?taxonomy=translation_priority&#038;term=optional-de\" class=\"advgb-post-tax-term\">Optional<\/a>"],"unlinked":["<span class=\"advgb-post-tax-term\">Optional<\/span>"],"slug":"translation_priority","name":"\u00dcbersetzungspriorit\u00e4ten"}},"series_order":"","_links":{"self":[{"href":"https:\/\/penosil.com\/de\/wp-json\/wp\/v2\/product\/30610","targetHints":{"allow":["GET"]}}],"collection":[{"href":"https:\/\/penosil.com\/de\/wp-json\/wp\/v2\/product"}],"about":[{"href":"https:\/\/penosil.com\/de\/wp-json\/wp\/v2\/types\/product"}],"version-history":[{"count":12,"href":"https:\/\/penosil.com\/de\/wp-json\/wp\/v2\/product\/30610\/revisions"}],"predecessor-version":[{"id":31874,"href":"https:\/\/penosil.com\/de\/wp-json\/wp\/v2\/product\/30610\/revisions\/31874"}],"wp:featuredmedia":[{"embeddable":true,"href":"https:\/\/penosil.com\/de\/wp-json\/wp\/v2\/media\/29523"}],"wp:attachment":[{"href":"https:\/\/penosil.com\/de\/wp-json\/wp\/v2\/media?parent=30610"}],"wp:term":[{"taxonomy":"product_brand","embeddable":true,"href":"https:\/\/penosil.com\/de\/wp-json\/wp\/v2\/product_brand?post=30610"},{"taxonomy":"product_cat","embeddable":true,"href":"https:\/\/penosil.com\/de\/wp-json\/wp\/v2\/product_cat?post=30610"},{"taxonomy":"product_tag","embeddable":true,"href":"https:\/\/penosil.com\/de\/wp-json\/wp\/v2\/product_tag?post=30610"}],"curies":[{"name":"wp","href":"https:\/\/api.w.org\/{rel}","templated":true}]}}