{"id":10818,"date":"2024-05-24T06:58:11","date_gmt":"2024-05-24T06:58:11","guid":{"rendered":"https:\/\/penosil.com\/es\/?page_id=10818"},"modified":"2024-07-02T11:24:15","modified_gmt":"2024-07-02T11:24:15","slug":"invisible-pero-en-todas-partes","status":"publish","type":"page","link":"https:\/\/penosil.com\/es\/sostenibilidad\/invisible-pero-en-todas-partes\/","title":{"rendered":"Invisible, pero en todas partes"},"content":{"rendered":"<section class=\"pnsl-thin-banner-block\" style=\"background-color: #007F5F; color: #FFFFFF\" aria-label=\"Invisible, pero en todas partes\">\n   <div class=\"container d-flex flex-column flex-lg-row align-items-lg-center justify-content-between\">\n      <div class=\"text-wrap\">\n                     <h1>Invisible, pero en todas partes<\/h1>\n         \n                     <p>Nuestros productos suelen ser invisibles cuando el edificio est\u00e1 listo, pero son una <strong>parte esencial del proceso de construcci\u00f3n.<\/strong><\/p>\n               <\/div>\n\n               <div id=\"lottie-block_b6bb407594518b5aa86a2032cffc52b4\" class=\"lottie-animation\" data-path=\"https:\/\/penosil.com\/es\/wp-content\/themes\/penosil-store\/assets\/lottie\/invisible.json\" data-speed=\"0.75\" role=\"img\" aria-label=\"Decorative animation\"><\/div>\n         <\/div>\n<\/section>\n\n<section class=\"pnsl-energy-efficiency-block d-flex flex-column\">\n   <div class=\"container\">\n               <div class=\"above-lines-text w100\">\n            <p>Los edificios son uno de los mayores consumidores de energ\u00eda.  Representan m\u00e1s del <strong>40%<\/strong> del uso mundial de energ\u00eda y el <strong>33%<\/strong> de las emisiones mundiales de CO<sub>2<\/sub>.<\/p>\n         <\/div>\n      \n               <div class=\"lines-text w100\">\n            <p>Nuestros productos <strong>ayudan activamente a combatir el cambio clim\u00e1tico<\/strong> mejorando la eficiencia energ\u00e9tica de un edificio y, por lo tanto, reduciendo sus emisiones de CO<sub>2<\/sub>.<\/p>\n         <\/div>\n      \n               <h2>\u00bfC\u00f3mo mejoramos la eficiencia energ\u00e9tica?<\/h2>\n         <\/div>\n\n         <div class=\"container accordion-container\">\n         <div class=\"accordion\" role=\"region\" aria-label=\"Energy efficiency topics\">\n                                          <div class=\"item\">\n                  <button type=\"button\" \n                     class=\"title-wrap d-flex align-items-center\" \n                     aria-expanded=\"false\"\n                     aria-controls=\"accordion-panel-0\"\n                     id=\"accordion-header-0\">\n                     <div class=\"number d-flex align-items-center justify-content-center\" aria-hidden=\"true\"><span>1<\/span><\/div>\n                     <div class=\"title d-flex align-items-center\">Mediante el aislamiento t\u00e9rmico de las construcciones<\/div>\n                  <\/button>\n                  <div class=\"content\" \n                     id=\"accordion-panel-0\" \n                     role=\"region\" \n                     aria-labelledby=\"accordion-header-0\"\n                     hidden>\n                     <ul>\n<li class=\"textLayer\"><span id=\"page3R_mcid43\" class=\"markedContent\"><span dir=\"ltr\" role=\"presentation\">Nuestras espumas de PU sellan huecos, grietas y a\u00edslan t\u00e9rmicamente las juntas, evitando as\u00ed p\u00e9rdidas de energ\u00eda en los edificios y reduciendo sus emisiones de CO<\/span><sub><span dir=\"ltr\" role=\"presentation\">2<\/span><\/sub><span dir=\"ltr\" role=\"presentation\">.<\/span><\/span><\/li>\n<li class=\"textLayer\"><span id=\"page3R_mcid45\" class=\"markedContent\">Las espumas de PU Penosil ahorran <strong><span dir=\"ltr\" role=\"presentation\">70 veces<\/span><\/strong> m\u00e1s energ\u00eda durante su ciclo de vida que la necesaria para su proceso de fabricaci\u00f3n.<\/span><\/li>\n<li class=\"textLayer\"><span id=\"page3R_mcid47\" class=\"markedContent\"><strong><span dir=\"ltr\" role=\"presentation\">1kg de espuma de PU ahorra 1<\/span><span dir=\"ltr\" role=\"presentation\">,<\/span><span dir=\"ltr\" role=\"presentation\">000kg de CO<\/span><sub><span dir=\"ltr\" role=\"presentation\">2<\/span><\/sub> durante su ciclo de vida<span dir=\"ltr\" role=\"presentation\">.<\/span><\/strong> En comparaci\u00f3n, un \u00e1rbol puede absorber alrededor de<span dir=\"ltr\" role=\"presentation\">\u00a01<\/span><span dir=\"ltr\" role=\"presentation\">,<\/span><span dir=\"ltr\" role=\"presentation\">000kg <\/span><span dir=\"ltr\" role=\"presentation\">de CO<\/span><sub><span dir=\"ltr\" role=\"presentation\">2<\/span><\/sub> durante sus 100 a\u00f1os de vida<\/span><span id=\"page3R_mcid49\" class=\"markedContent\"><span dir=\"ltr\" role=\"presentation\">.<\/span><\/span><\/li>\n<li>La espuma de PU es un excelente material aislante, ya que puede aplicarse en lugares de dif\u00edcil acceso y tiene una conductividad t\u00e9rmica m\u00e1s baja que la lana mineral.<\/li>\n<li>Correctamente aplicada, la espuma de poliuretano tambi\u00e9n act\u00faa como aislamiento ac\u00fastico y reduce el riesgo de condensaci\u00f3n y moho.<\/li>\n<\/ul>\n\n                     \n                                       <\/div>\n               <\/div>\n                                          <div class=\"item\">\n                  <button type=\"button\" \n                     class=\"title-wrap d-flex align-items-center\" \n                     aria-expanded=\"false\"\n                     aria-controls=\"accordion-panel-1\"\n                     id=\"accordion-header-1\">\n                     <div class=\"number d-flex align-items-center justify-content-center\" aria-hidden=\"true\"><span>2<\/span><\/div>\n                     <div class=\"title d-flex align-items-center\">Mejorando la hermeticidad de las estructuras<\/div>\n                  <\/button>\n                  <div class=\"content\" \n                     id=\"accordion-panel-1\" \n                     role=\"region\" \n                     aria-labelledby=\"accordion-header-1\"\n                     hidden>\n                     <ul>\n<li>La hermeticidad de los edificios ayuda a evitar fugas de aire, problemas de humedad y condensaciones, aumenta la seguridad contra incendios y minimiza los problemas de ruido.<\/li>\n<li>Las fugas de aire representan del<strong> 25% al 40%<\/strong> de las p\u00e9rdidas de calor en un clima fr\u00edo y del <strong>10% al 15%<\/strong> de la ganancia de calor en un clima c\u00e1lido.<\/li>\n<li>Incluso la grieta m\u00e1s peque\u00f1a sin sellar en la estructura puede tener un gran impacto en la eficiencia energ\u00e9tica de un edificio.<br \/>\nPor ejemplo, una junta sin sellar de 1 mm de ancho en una pared exterior en invierno puede <strong>aumentar la p\u00e9rdida de calor de la pared unas 4,8 veces m\u00e1s<\/strong> que una junta sellada.<\/li>\n<li>Para mejorar la hermeticidad de un edificio, es crucial aplicar sellantes, incluso en la grieta m\u00e1s peque\u00f1a de la edificaci\u00f3n.<\/li>\n<\/ul>\n<p><strong>Los lugares t\u00edpicos para las fugas de aire suelen ser:<\/strong><\/p>\n<p>&nbsp;<\/p>\n\n                                             <div class=\"airtightness\" role=\"figure\" aria-label=\"Building airtightness diagram\">\n                           <div class=\"image-wrap\">\n                                                               <img loading=\"lazy\" decoding=\"async\" class=\"d-none d-lg-block\" src=\"https:\/\/penosil.com\/es\/wp-content\/uploads\/sites\/9\/2024\/05\/Group-437.svg\" width=\"255\" height=\"154\" alt=\"\">\n                              \n                                                               <img loading=\"lazy\" decoding=\"async\" class=\"d-lg-none\" src=\"https:\/\/penosil.com\/es\/wp-content\/uploads\/sites\/9\/2024\/05\/Group-437-1.svg\" width=\"317\" height=\"410\" alt=\"\">\n                              \n                              <div class=\"texts-wrap\" role=\"list\" aria-label=\"Heat loss breakdown\">\n                                                                     <p class=\"doors\" role=\"listitem\">Puertas <strong>10%<\/strong><\/p>\n                                 \n                                                                     <p class=\"windows\" role=\"listitem\">Ventanas <strong>15%<\/strong><\/p>\n                                 \n                                                                     <p class=\"roof\" role=\"listitem\">Construcciones de tejados <strong>25%<\/strong><\/p>\n                                 \n                                                                     <p class=\"penetration\" role=\"listitem\">Penetraciones a trav\u00e9s de la envolvente del edificio <strong>15%<\/strong><\/p>\n                                 \n                                                                     <p class=\"building\" role=\"listitem\">Envolvente del edificio <strong>35%<\/strong><\/p>\n                                                               <\/div>\n                           <\/div>\n\n                        <\/div>\n                     \n                                       <\/div>\n               <\/div>\n                                          <div class=\"item\">\n                  <button type=\"button\" \n                     class=\"title-wrap d-flex align-items-center\" \n                     aria-expanded=\"false\"\n                     aria-controls=\"accordion-panel-2\"\n                     id=\"accordion-header-2\">\n                     <div class=\"number d-flex align-items-center justify-content-center\" aria-hidden=\"true\"><span>3<\/span><\/div>\n                     <div class=\"title d-flex align-items-center\">Minimizando los puentes t\u00e9rmicos de las estructuras<\/div>\n                  <\/button>\n                  <div class=\"content\" \n                     id=\"accordion-panel-2\" \n                     role=\"region\" \n                     aria-labelledby=\"accordion-header-2\"\n                     hidden>\n                     <ul>\n<li>Las ventanas y puertas mal instaladas pueden causar una gran p\u00e9rdida de calor en un edificio.<\/li>\n<li>Penosil ofrece varias soluciones de construcci\u00f3n energ\u00e9ticamente eficientes para la <a href=\"https:\/\/penosil.com\/solutions\/\">Instalaci\u00f3n de Ventanas y el Sellado de Fachadas<\/a>.<\/li>\n<li>Si se utilizan juntos y en el orden correcto, los productos Penosil de la <a href=\"https:\/\/penosil.com\/solutions-types\/energy-efficient-window-installation\/\">Soluci\u00f3n de Instalaci\u00f3n de Ventanas Energ\u00e9ticamente Eficientes<\/a> ayudan a minimizar los puentes t\u00e9rmicos de un edificio y sus emisiones de CO<sub>2<\/sub>.<\/li>\n<\/ul>\n\n                     \n                                             <div class=\"text-before-icon\">\n                           <p class=\"open-sus-modal open-thermal-bridges-modal\">\u00bfQu\u00e9 son los puentes t\u00e9rmicos? <\/p>\n                           <button type=\"button\" \n                              class=\"open-sus-modal open-thermal-bridges-modal\"\n                              aria-label=\"Open thermal bridges information\">\n                              <img loading=\"lazy\" decoding=\"async\" src=\"https:\/\/penosil.com\/es\/wp-content\/themes\/penosil-store\/images\/icons\/sus-info.svg\" width=\"52\" height=\"63\" alt=\"\" aria-hidden=\"true\">\n                           <\/button>\n                        <\/div>\n                                       <\/div>\n               <\/div>\n                     <\/div>\n      <\/div>\n   \n         <div class=\"sustainability-modal thermal-bridges-modal\" role=\"dialog\" aria-modal=\"true\" aria-labelledby=\"modal-title-thermal-bridges-modal\" hidden>\n\t<div class=\"modal_wrapper\">\n\t\t<div class=\"modal_content\">\n\t\t\t<button type=\"button\" class=\"close_modal\" aria-label=\"Cerrar\"><\/button>\n\n\t\t\t<div class=\"content_wrapper\">\n\t\t\t\t<div class=\"modal_main w100 d-flex flex-column flex-lg-row\">\n\t\t\t\t\t<div class=\"text_wrapper\">\n\t\t\t\t\t\t\t\t\t\t\t<h2 id=\"modal-title-thermal-bridges-modal\">\u00bfQu\u00e9 son los puentes t\u00e9rmicos? <\/h2>\n\t\t\t\t\t\n\t\t\t\t\t\t\t\t\t\t\t<p>Los puentes t\u00e9rmicos son las <strong>partes de la estructura del edificio<\/strong> donde la transmitancia t\u00e9rmica es <strong>considerablemente mayor<\/strong> que para el resto de la estructura.<\/p>\n<p><strong>Los puentes t\u00e9rmicos en edificios se encuentran en:<\/strong><\/p>\n<ul>\n<li>Esquinas de paredes externas y marcos de ventanas\/puertas<\/li>\n<li>Juntas de conexi\u00f3n externas de pared y suelo, pared y techo<\/li>\n<\/ul>\n\t\t\t\t\t\t\t\t\t\t<\/div>\n\n\t\t\t\t\t\t\t\t\t\t<div class=\"image_wrapper\">\n\t\t\t\t\t\t<img loading=\"lazy\" decoding=\"async\" src=\"https:\/\/penosil.com\/es\/wp-content\/uploads\/sites\/9\/2024\/05\/Heat-scanning-in-new-flat-2-scaled-1.jpg\" width=\"2560\" height=\"1918\" alt=\"\">\n\t\t\t\t\t<\/div>\n\t\t\t\t\t\t\t\t\t<\/div>\n\t\t\t<\/div>\n\t\t<\/div>\n\t<\/div>\n<\/div>   <\/section>\n\n<section class=\"pnsl-icon-hovers-block\" aria-label=\"Interactive Icon Navigation\">\n   <div class=\"container\">\n               <h2>Ir al siguiente tema de Sostenibilidad<\/h2>\n         <\/div>\n\n         <div class=\"container icons-container\">\n         <ul class=\"icons d-flex align-items-center justify-content-center justify-content-lg-between flex-wrap\" role=\"list\">\n                                          <li class=\"icon\">\n                  <a href=\"https:\/\/penosil.com\/es\/sostenibilidad\/durabilidad\/\"\n                     class=\"icon-link d-flex align-items-center justify-content-center\"\n                     style=\"--bg-color: #b7e4c7; --text-color: #ffffff\"\n                     >\n                     <span class=\"icon-image\" aria-hidden=\"true\">\n                        <img loading=\"lazy\" decoding=\"async\" src=\"https:\/\/penosil.com\/es\/wp-content\/uploads\/sites\/9\/2024\/05\/Icons.svg\" width=\"68\" height=\"67\" alt=\"\">\n                     <\/span>\n                     <span class=\"icon-label\">Durabilidad<\/span>\n                  <\/a>\n               <\/li>\n                                          <li class=\"icon\">\n                  <a href=\"https:\/\/penosil.com\/es\/sostenibilidad\/componentes-sostenibles\/\"\n                     class=\"icon-link d-flex align-items-center justify-content-center\"\n                     style=\"--bg-color: #52b788; --text-color: #fff\"\n                     >\n                     <span class=\"icon-image\" aria-hidden=\"true\">\n                        <img loading=\"lazy\" decoding=\"async\" src=\"https:\/\/penosil.com\/es\/wp-content\/uploads\/sites\/9\/2024\/05\/Group-409.svg\" width=\"72\" height=\"75\" alt=\"\">\n                     <\/span>\n                     <span class=\"icon-label\">Componentes Sostenibles<\/span>\n                  <\/a>\n               <\/li>\n                                          <li class=\"icon\">\n                  <a href=\"https:\/\/penosil.com\/es\/sostenibilidad\/energias-renovables\/\"\n                     class=\"icon-link d-flex align-items-center justify-content-center\"\n                     style=\"--bg-color: #40916c; --text-color: #fff\"\n                     >\n                     <span class=\"icon-image\" aria-hidden=\"true\">\n                        <img loading=\"lazy\" decoding=\"async\" src=\"https:\/\/penosil.com\/es\/wp-content\/uploads\/sites\/9\/2024\/05\/48x48_Icons.svg\" width=\"76\" height=\"73\" alt=\"\">\n                     <\/span>\n                     <span class=\"icon-label\">Energ\u00edas Renovables<\/span>\n                  <\/a>\n               <\/li>\n                                          <li class=\"icon\">\n                  <a href=\"https:\/\/penosil.com\/es\/sostenibilidad\/innovacion\/\"\n                     class=\"icon-link d-flex align-items-center justify-content-center\"\n                     style=\"--bg-color: #1b4332; --text-color: #fff\"\n                     >\n                     <span class=\"icon-image\" aria-hidden=\"true\">\n                        <img loading=\"lazy\" decoding=\"async\" src=\"https:\/\/penosil.com\/es\/wp-content\/uploads\/sites\/9\/2024\/05\/Group-410.svg\" width=\"88\" height=\"94\" alt=\"\">\n                     <\/span>\n                     <span class=\"icon-label\">Innovaci\u00f3n<\/span>\n                  <\/a>\n               <\/li>\n                                          <li class=\"icon\">\n                  <a href=\"https:\/\/penosil.com\/es\/sostenibilidad\/entorno-de-vida-mas-seguro\/\"\n                     class=\"icon-link d-flex align-items-center justify-content-center\"\n                     style=\"--bg-color: #426a5a; --text-color: #fff\"\n                     >\n                     <span class=\"icon-image\" aria-hidden=\"true\">\n                        <img loading=\"lazy\" decoding=\"async\" src=\"https:\/\/penosil.com\/es\/wp-content\/uploads\/sites\/9\/2024\/05\/Group-416.svg\" width=\"79\" height=\"90\" alt=\"\">\n                     <\/span>\n                     <span class=\"icon-label\">Entorno de Vida m\u00e1s Seguro<\/span>\n                  <\/a>\n               <\/li>\n                                          <li class=\"icon\">\n                  <a href=\"https:\/\/penosil.com\/es\/sostenibilidad\/gestion-de-residuos\/\"\n                     class=\"icon-link d-flex align-items-center justify-content-center\"\n                     style=\"--bg-color: #25a18e; --text-color: #fff\"\n                     >\n                     <span class=\"icon-image\" aria-hidden=\"true\">\n                        <img loading=\"lazy\" decoding=\"async\" src=\"https:\/\/penosil.com\/es\/wp-content\/uploads\/sites\/9\/2024\/05\/Group-415.svg\" width=\"82\" height=\"75\" alt=\"\">\n                     <\/span>\n                     <span class=\"icon-label\">Gesti\u00f3n de Residuos<\/span>\n                  <\/a>\n               <\/li>\n                     <\/ul>\n      <\/div>\n   <\/section>","protected":false},"excerpt":{"rendered":"","protected":false},"author":105,"featured_media":0,"parent":10808,"menu_order":11,"comment_status":"closed","ping_status":"closed","template":"page-templates\/template-no-title.php","meta":{"_acf_changed":false,"advgb_blocks_editor_width":"","advgb_blocks_columns_visual_guide":"","footnotes":""},"class_list":["post-10818","page","type-page","status-publish","hentry"],"acf":[],"yoast_head":"<!-- This site is optimized with the Yoast SEO plugin v27.2 - https:\/\/yoast.com\/product\/yoast-seo-wordpress\/ -->\n<title>Invisible, pero en todas partes - Penosil Spain<\/title>\n<meta name=\"description\" content=\"Invisible, pero en todas partes. Nuestros productos son invisibles cuando el edificio est\u00e1 listo, pero son una parte esencial del proceso.\" \/>\n<meta name=\"robots\" content=\"index, follow, max-snippet:-1, max-image-preview:large, max-video-preview:-1\" \/>\n<link rel=\"canonical\" href=\"https:\/\/penosil.com\/es\/sostenibilidad\/invisible-pero-en-todas-partes\/\" \/>\n<meta property=\"og:locale\" content=\"es_ES\" \/>\n<meta property=\"og:type\" content=\"article\" \/>\n<meta property=\"og:title\" content=\"Invisible, pero en todas partes - Penosil Spain\" \/>\n<meta property=\"og:description\" content=\"Invisible, pero en todas partes. Nuestros productos son invisibles cuando el edificio est\u00e1 listo, pero son una parte esencial del proceso.\" \/>\n<meta property=\"og:url\" content=\"https:\/\/penosil.com\/es\/sostenibilidad\/invisible-pero-en-todas-partes\/\" \/>\n<meta property=\"og:site_name\" content=\"Penosil Spain\" \/>\n<meta property=\"article:modified_time\" content=\"2024-07-02T11:24:15+00:00\" \/>\n<meta name=\"twitter:card\" content=\"summary_large_image\" \/>\n<script type=\"application\/ld+json\" class=\"yoast-schema-graph\">{\"@context\":\"https:\/\/schema.org\",\"@graph\":[{\"@type\":\"WebPage\",\"@id\":\"https:\/\/penosil.com\/es\/sostenibilidad\/invisible-pero-en-todas-partes\/\",\"url\":\"https:\/\/penosil.com\/es\/sostenibilidad\/invisible-pero-en-todas-partes\/\",\"name\":\"Invisible, pero en todas partes - Penosil Spain\",\"isPartOf\":{\"@id\":\"https:\/\/penosil.com\/es\/#website\"},\"datePublished\":\"2024-05-24T06:58:11+00:00\",\"dateModified\":\"2024-07-02T11:24:15+00:00\",\"description\":\"Invisible, pero en todas partes. Nuestros productos son invisibles cuando el edificio est\u00e1 listo, pero son una parte esencial del proceso.\",\"breadcrumb\":{\"@id\":\"https:\/\/penosil.com\/es\/sostenibilidad\/invisible-pero-en-todas-partes\/#breadcrumb\"},\"inLanguage\":\"es\",\"potentialAction\":[{\"@type\":\"ReadAction\",\"target\":[\"https:\/\/penosil.com\/es\/sostenibilidad\/invisible-pero-en-todas-partes\/\"]}]},{\"@type\":\"BreadcrumbList\",\"@id\":\"https:\/\/penosil.com\/es\/sostenibilidad\/invisible-pero-en-todas-partes\/#breadcrumb\",\"itemListElement\":[{\"@type\":\"ListItem\",\"position\":1,\"name\":\"Inicio\",\"item\":\"https:\/\/penosil.com\/es\/\"},{\"@type\":\"ListItem\",\"position\":2,\"name\":\"Sostenibilidad\",\"item\":\"https:\/\/penosil.com\/es\/sostenibilidad\/\"},{\"@type\":\"ListItem\",\"position\":3,\"name\":\"Invisible, pero en todas partes\"}]},{\"@type\":\"WebSite\",\"@id\":\"https:\/\/penosil.com\/es\/#website\",\"url\":\"https:\/\/penosil.com\/es\/\",\"name\":\"Penosil Spain\",\"description\":\"\",\"potentialAction\":[{\"@type\":\"SearchAction\",\"target\":{\"@type\":\"EntryPoint\",\"urlTemplate\":\"https:\/\/penosil.com\/es\/?s={search_term_string}\"},\"query-input\":{\"@type\":\"PropertyValueSpecification\",\"valueRequired\":true,\"valueName\":\"search_term_string\"}}],\"inLanguage\":\"es\"}]}<\/script>\n<!-- \/ Yoast SEO plugin. -->","yoast_head_json":{"title":"Invisible, pero en todas partes - Penosil Spain","description":"Invisible, pero en todas partes. Nuestros productos son invisibles cuando el edificio est\u00e1 listo, pero son una parte esencial del proceso.","robots":{"index":"index","follow":"follow","max-snippet":"max-snippet:-1","max-image-preview":"max-image-preview:large","max-video-preview":"max-video-preview:-1"},"canonical":"https:\/\/penosil.com\/es\/sostenibilidad\/invisible-pero-en-todas-partes\/","og_locale":"es_ES","og_type":"article","og_title":"Invisible, pero en todas partes - Penosil Spain","og_description":"Invisible, pero en todas partes. Nuestros productos son invisibles cuando el edificio est\u00e1 listo, pero son una parte esencial del proceso.","og_url":"https:\/\/penosil.com\/es\/sostenibilidad\/invisible-pero-en-todas-partes\/","og_site_name":"Penosil Spain","article_modified_time":"2024-07-02T11:24:15+00:00","twitter_card":"summary_large_image","schema":{"@context":"https:\/\/schema.org","@graph":[{"@type":"WebPage","@id":"https:\/\/penosil.com\/es\/sostenibilidad\/invisible-pero-en-todas-partes\/","url":"https:\/\/penosil.com\/es\/sostenibilidad\/invisible-pero-en-todas-partes\/","name":"Invisible, pero en todas partes - Penosil Spain","isPartOf":{"@id":"https:\/\/penosil.com\/es\/#website"},"datePublished":"2024-05-24T06:58:11+00:00","dateModified":"2024-07-02T11:24:15+00:00","description":"Invisible, pero en todas partes. Nuestros productos son invisibles cuando el edificio est\u00e1 listo, pero son una parte esencial del proceso.","breadcrumb":{"@id":"https:\/\/penosil.com\/es\/sostenibilidad\/invisible-pero-en-todas-partes\/#breadcrumb"},"inLanguage":"es","potentialAction":[{"@type":"ReadAction","target":["https:\/\/penosil.com\/es\/sostenibilidad\/invisible-pero-en-todas-partes\/"]}]},{"@type":"BreadcrumbList","@id":"https:\/\/penosil.com\/es\/sostenibilidad\/invisible-pero-en-todas-partes\/#breadcrumb","itemListElement":[{"@type":"ListItem","position":1,"name":"Inicio","item":"https:\/\/penosil.com\/es\/"},{"@type":"ListItem","position":2,"name":"Sostenibilidad","item":"https:\/\/penosil.com\/es\/sostenibilidad\/"},{"@type":"ListItem","position":3,"name":"Invisible, pero en todas partes"}]},{"@type":"WebSite","@id":"https:\/\/penosil.com\/es\/#website","url":"https:\/\/penosil.com\/es\/","name":"Penosil Spain","description":"","potentialAction":[{"@type":"SearchAction","target":{"@type":"EntryPoint","urlTemplate":"https:\/\/penosil.com\/es\/?s={search_term_string}"},"query-input":{"@type":"PropertyValueSpecification","valueRequired":true,"valueName":"search_term_string"}}],"inLanguage":"es"}]}},"coauthors":[],"author_meta":{"author_link":"https:\/\/penosil.com\/es\/author\/kevinreaktiiv\/","display_name":"kevinreaktiiv"},"relative_dates":{"created":"Publicado 2 a\u00f1os hace","modified":"Actualizado 2 a\u00f1os hace"},"absolute_dates":{"created":"Publicado el 05\/24\/2024","modified":"Actualizado el 07\/02\/2024"},"absolute_dates_time":{"created":"Publicado el 05\/24\/2024 6:58 am","modified":"Actualizado el 07\/02\/2024 11:24 am"},"featured_img_caption":"","featured_img":false,"series_order":"","_links":{"self":[{"href":"https:\/\/penosil.com\/es\/wp-json\/wp\/v2\/pages\/10818","targetHints":{"allow":["GET"]}}],"collection":[{"href":"https:\/\/penosil.com\/es\/wp-json\/wp\/v2\/pages"}],"about":[{"href":"https:\/\/penosil.com\/es\/wp-json\/wp\/v2\/types\/page"}],"author":[{"embeddable":true,"href":"https:\/\/penosil.com\/es\/wp-json\/wp\/v2\/users\/105"}],"replies":[{"embeddable":true,"href":"https:\/\/penosil.com\/es\/wp-json\/wp\/v2\/comments?post=10818"}],"version-history":[{"count":16,"href":"https:\/\/penosil.com\/es\/wp-json\/wp\/v2\/pages\/10818\/revisions"}],"predecessor-version":[{"id":11199,"href":"https:\/\/penosil.com\/es\/wp-json\/wp\/v2\/pages\/10818\/revisions\/11199"}],"up":[{"embeddable":true,"href":"https:\/\/penosil.com\/es\/wp-json\/wp\/v2\/pages\/10808"}],"wp:attachment":[{"href":"https:\/\/penosil.com\/es\/wp-json\/wp\/v2\/media?parent=10818"}],"curies":[{"name":"wp","href":"https:\/\/api.w.org\/{rel}","templated":true}]}}