{"id":10824,"date":"2024-05-24T06:59:23","date_gmt":"2024-05-24T06:59:23","guid":{"rendered":"https:\/\/penosil.com\/es\/?page_id=10824"},"modified":"2024-07-02T11:21:29","modified_gmt":"2024-07-02T11:21:29","slug":"durabilidad","status":"publish","type":"page","link":"https:\/\/penosil.com\/es\/sostenibilidad\/durabilidad\/","title":{"rendered":"Durabilidad"},"content":{"rendered":"<section class=\"pnsl-thin-banner-block\" style=\"background-color: #b7e4c7; color: #007f5f\" aria-label=\"Durabilidad\">\n   <div class=\"container d-flex flex-column flex-lg-row align-items-lg-center justify-content-between\">\n      <div class=\"text-wrap\">\n                     <h1>Durabilidad<\/h1>\n         \n                     <p>La <strong>durabilidad y calidad<\/strong> de nuestros productos es una de nuestras principales prioridades.<\/p>\n               <\/div>\n\n               <div id=\"lottie-block_ff91e0b2e11381fff350a3398cac3af1\" class=\"lottie-animation\" data-path=\"https:\/\/penosil.com\/es\/wp-content\/themes\/penosil-store\/assets\/lottie\/durability.json\" data-speed=\"0.75\" role=\"img\" aria-label=\"Decorative animation\"><\/div>\n         <\/div>\n<\/section>\n\n<section class=\"pnsl-durability-block d-flex flex-column\" aria-label=\"Product Durability Information\">\n   <div class=\"container angles-container\">\n      <div class=\"angles d-flex flex-column flex-lg-row align-items-center align-items-lg-stretch\">\n                     <div class=\"red d-flex align-items-center justify-content-center\" role=\"complementary\" aria-label=\"Key Durability Highlight\">\n               <p>\u00bfQu\u00e9 hace que los <strong>productos Penosil<\/strong> sean duraderos?<\/p>\n            <\/div>\n         \n                     <div class=\"gray d-flex align-items-center justify-content-center\" role=\"complementary\" aria-label=\"Durability Details\">\n               <div class=\"gray-text\">\n                  <ul>\n<li>Trabajamos constantemente para optimizar el equilibrio entre la <strong>vida \u00fatil de un producto<\/strong> y su<strong> impacto ambiental<\/strong>.<\/li>\n<li>Por ejemplo, un producto con un mayor impacto ambiental puede tener una <strong>vida \u00fatil m\u00e1s larga<\/strong> y, por lo tanto, ser m\u00e1s sostenible.<\/li>\n<\/ul>\n               <\/div>\n            <\/div>\n               <\/div>\n   <\/div>\n\n         <div class=\"container text-container\">\n         <div class=\"regular-text\" role=\"region\" aria-label=\"Additional Durability Information\">\n            <h3><strong><span style=\"color: #e30000;\">Espumas de PU<\/span><\/strong><\/h3>\n<p>Si la espuma de PU se <strong>aplica correctamente y en las condiciones adecuadas<\/strong>, puede mantener sus propiedades aislantes durante muchos a\u00f1os.<\/p>\n<p>La principal amenaza para la durabilidad de la espuma de PU son los <strong>rayos UV<\/strong>. Para garantizar la longevidad de la espuma de poliuretano, siempre <strong>recomendamos cubrir la espuma de poliuretano curada<\/strong> con un material opaco como pintura, yeso, etc. Si se deja expuesta, los rayos UV pueden da\u00f1ar la estructura de la espuma, haciendo que pierda sus propiedades aislantes.<\/p>\n<h3><strong><span style=\"color: #e30000;\">Sellantes<\/span><\/strong><\/h3>\n<p>Al igual que la estructura de la espuma de poliuretano se ve afectada por los rayos UV, los sellantes son sensibles a los <strong>altos niveles de humedad<\/strong>. A pesar de tener sellantes con fungicidas a\u00f1adidos en nuestra gama de productos, incluso el sellante resistente al moho m\u00e1s eficaz puede desarrollar con el tiempo el crecimiento de moho en un \u00e1rea mal ventilada.<\/p>\n<p><strong>Para asegurarse de que las superficies selladas duren mucho tiempo<\/strong>, es importante:<\/p>\n<ul>\n<li>Seleccionar el tipo correcto de sellante para la tarea (a prueba de moho, el\u00e1stico, pintable, etc.)<\/li>\n<li>Seguir atentamente las instrucciones de aplicaci\u00f3n<\/li>\n<li>Minimizar las condiciones potencialmente da\u00f1inas, como la falta de ventilaci\u00f3n y la alta humedad constante<\/li>\n<\/ul>\n         <\/div>\n      <\/div>\n   \n         <div class=\"container text-container\">\n         <div class=\"text-between-lines\" role=\"region\" aria-label=\"Highlighted Durability Statement\">\n            <p>Las estructuras debidamente aisladas y selladas tienen <strong>menores gastos de renovaci\u00f3n, calefacci\u00f3n y refrigeraci\u00f3n<\/strong> durante muchos a\u00f1os.<\/p>\n         <\/div>\n      <\/div>\n   <\/section>\n\n<section class=\"pnsl-icon-hovers-block\" aria-label=\"Interactive Icon Navigation\">\n   <div class=\"container\">\n               <h2>Ir al siguiente tema de Sostenibilidad<\/h2>\n         <\/div>\n\n         <div class=\"container icons-container\">\n         <ul class=\"icons d-flex align-items-center justify-content-center justify-content-lg-between flex-wrap\" role=\"list\">\n                                          <li class=\"icon\">\n                  <a href=\"https:\/\/penosil.com\/es\/sostenibilidad\/componentes-sostenibles\/\"\n                     class=\"icon-link d-flex align-items-center justify-content-center\"\n                     style=\"--bg-color: #52b788; --text-color: #fff\"\n                     >\n                     <span class=\"icon-image\" aria-hidden=\"true\">\n                        <img loading=\"lazy\" decoding=\"async\" src=\"https:\/\/penosil.com\/es\/wp-content\/uploads\/sites\/9\/2024\/05\/Group-409.svg\" width=\"72\" height=\"75\" alt=\"\">\n                     <\/span>\n                     <span class=\"icon-label\">Componentes Sostenibles<\/span>\n                  <\/a>\n               <\/li>\n                                          <li class=\"icon\">\n                  <a href=\"https:\/\/penosil.com\/es\/sostenibilidad\/energias-renovables\/\"\n                     class=\"icon-link d-flex align-items-center justify-content-center\"\n                     style=\"--bg-color: #40916c; --text-color: #fff\"\n                     >\n                     <span class=\"icon-image\" aria-hidden=\"true\">\n                        <img loading=\"lazy\" decoding=\"async\" src=\"https:\/\/penosil.com\/es\/wp-content\/uploads\/sites\/9\/2024\/05\/48x48_Icons.svg\" width=\"76\" height=\"73\" alt=\"\">\n                     <\/span>\n                     <span class=\"icon-label\">Energ\u00edas Renovables<\/span>\n                  <\/a>\n               <\/li>\n                                          <li class=\"icon\">\n                  <a href=\"https:\/\/penosil.com\/es\/sostenibilidad\/innovacion\/\"\n                     class=\"icon-link d-flex align-items-center justify-content-center\"\n                     style=\"--bg-color: #1b4332; --text-color: #fff\"\n                     >\n                     <span class=\"icon-image\" aria-hidden=\"true\">\n                        <img loading=\"lazy\" decoding=\"async\" src=\"https:\/\/penosil.com\/es\/wp-content\/uploads\/sites\/9\/2024\/05\/Group-410.svg\" width=\"88\" height=\"94\" alt=\"\">\n                     <\/span>\n                     <span class=\"icon-label\">Innovaci\u00f3n<\/span>\n                  <\/a>\n               <\/li>\n                                          <li class=\"icon\">\n                  <a href=\"https:\/\/penosil.com\/es\/sostenibilidad\/entorno-de-vida-mas-seguro\/\"\n                     class=\"icon-link d-flex align-items-center justify-content-center\"\n                     style=\"--bg-color: #426a5a; --text-color: #fff\"\n                     >\n                     <span class=\"icon-image\" aria-hidden=\"true\">\n                        <img loading=\"lazy\" decoding=\"async\" src=\"https:\/\/penosil.com\/es\/wp-content\/uploads\/sites\/9\/2024\/05\/Group-416.svg\" width=\"79\" height=\"90\" alt=\"\">\n                     <\/span>\n                     <span class=\"icon-label\">Entorno de Vida m\u00e1s Seguro<\/span>\n                  <\/a>\n               <\/li>\n                                          <li class=\"icon\">\n                  <a href=\"https:\/\/penosil.com\/es\/sostenibilidad\/gestion-de-residuos\/\"\n                     class=\"icon-link d-flex align-items-center justify-content-center\"\n                     style=\"--bg-color: #25a18e; --text-color: #fff\"\n                     >\n                     <span class=\"icon-image\" aria-hidden=\"true\">\n                        <img loading=\"lazy\" decoding=\"async\" src=\"https:\/\/penosil.com\/es\/wp-content\/uploads\/sites\/9\/2024\/05\/Group-415.svg\" width=\"82\" height=\"75\" alt=\"\">\n                     <\/span>\n                     <span class=\"icon-label\">Gesti\u00f3n de Residuos<\/span>\n                  <\/a>\n               <\/li>\n                                          <li class=\"icon\">\n                  <a href=\"https:\/\/penosil.com\/es\/sostenibilidad\/invisible-pero-en-todas-partes\/\"\n                     class=\"icon-link d-flex align-items-center justify-content-center\"\n                     style=\"--bg-color: #007F5F; --text-color: #fff\"\n                     >\n                     <span class=\"icon-image\" aria-hidden=\"true\">\n                        <img loading=\"lazy\" decoding=\"async\" src=\"https:\/\/penosil.com\/es\/wp-content\/uploads\/sites\/9\/2024\/05\/Group-393.svg\" width=\"87\" height=\"79\" alt=\"\">\n                     <\/span>\n                     <span class=\"icon-label\">Invisible, pero en todas partes<\/span>\n                  <\/a>\n               <\/li>\n                     <\/ul>\n      <\/div>\n   <\/section>","protected":false},"excerpt":{"rendered":"","protected":false},"author":105,"featured_media":0,"parent":10808,"menu_order":10,"comment_status":"closed","ping_status":"closed","template":"page-templates\/template-no-title.php","meta":{"_acf_changed":false,"advgb_blocks_editor_width":"","advgb_blocks_columns_visual_guide":"","footnotes":""},"class_list":["post-10824","page","type-page","status-publish","hentry"],"acf":[],"yoast_head":"<!-- This site is optimized with the Yoast SEO plugin v27.2 - https:\/\/yoast.com\/product\/yoast-seo-wordpress\/ -->\n<title>Durabilidad - Penosil Spain<\/title>\n<meta name=\"description\" content=\"La durabilidad es una de nuestras principales prioridades. Trabajamos para optimizar la vida \u00fatil de un producto y su impacto ambiental.\" \/>\n<meta name=\"robots\" content=\"index, follow, max-snippet:-1, max-image-preview:large, max-video-preview:-1\" \/>\n<link rel=\"canonical\" href=\"https:\/\/penosil.com\/es\/sostenibilidad\/durabilidad\/\" \/>\n<meta property=\"og:locale\" content=\"es_ES\" \/>\n<meta property=\"og:type\" content=\"article\" \/>\n<meta property=\"og:title\" content=\"Durabilidad - Penosil Spain\" \/>\n<meta property=\"og:description\" content=\"La durabilidad es una de nuestras principales prioridades. Trabajamos para optimizar la vida \u00fatil de un producto y su impacto ambiental.\" \/>\n<meta property=\"og:url\" content=\"https:\/\/penosil.com\/es\/sostenibilidad\/durabilidad\/\" \/>\n<meta property=\"og:site_name\" content=\"Penosil Spain\" \/>\n<meta property=\"article:modified_time\" content=\"2024-07-02T11:21:29+00:00\" \/>\n<meta name=\"twitter:card\" content=\"summary_large_image\" \/>\n<script type=\"application\/ld+json\" class=\"yoast-schema-graph\">{\"@context\":\"https:\/\/schema.org\",\"@graph\":[{\"@type\":\"WebPage\",\"@id\":\"https:\/\/penosil.com\/es\/sostenibilidad\/durabilidad\/\",\"url\":\"https:\/\/penosil.com\/es\/sostenibilidad\/durabilidad\/\",\"name\":\"Durabilidad - Penosil Spain\",\"isPartOf\":{\"@id\":\"https:\/\/penosil.com\/es\/#website\"},\"datePublished\":\"2024-05-24T06:59:23+00:00\",\"dateModified\":\"2024-07-02T11:21:29+00:00\",\"description\":\"La durabilidad es una de nuestras principales prioridades. Trabajamos para optimizar la vida \u00fatil de un producto y su impacto ambiental.\",\"breadcrumb\":{\"@id\":\"https:\/\/penosil.com\/es\/sostenibilidad\/durabilidad\/#breadcrumb\"},\"inLanguage\":\"es\",\"potentialAction\":[{\"@type\":\"ReadAction\",\"target\":[\"https:\/\/penosil.com\/es\/sostenibilidad\/durabilidad\/\"]}]},{\"@type\":\"BreadcrumbList\",\"@id\":\"https:\/\/penosil.com\/es\/sostenibilidad\/durabilidad\/#breadcrumb\",\"itemListElement\":[{\"@type\":\"ListItem\",\"position\":1,\"name\":\"Inicio\",\"item\":\"https:\/\/penosil.com\/es\/\"},{\"@type\":\"ListItem\",\"position\":2,\"name\":\"Sostenibilidad\",\"item\":\"https:\/\/penosil.com\/es\/sostenibilidad\/\"},{\"@type\":\"ListItem\",\"position\":3,\"name\":\"Durabilidad\"}]},{\"@type\":\"WebSite\",\"@id\":\"https:\/\/penosil.com\/es\/#website\",\"url\":\"https:\/\/penosil.com\/es\/\",\"name\":\"Penosil Spain\",\"description\":\"\",\"potentialAction\":[{\"@type\":\"SearchAction\",\"target\":{\"@type\":\"EntryPoint\",\"urlTemplate\":\"https:\/\/penosil.com\/es\/?s={search_term_string}\"},\"query-input\":{\"@type\":\"PropertyValueSpecification\",\"valueRequired\":true,\"valueName\":\"search_term_string\"}}],\"inLanguage\":\"es\"}]}<\/script>\n<!-- \/ Yoast SEO plugin. -->","yoast_head_json":{"title":"Durabilidad - Penosil Spain","description":"La durabilidad es una de nuestras principales prioridades. Trabajamos para optimizar la vida \u00fatil de un producto y su impacto ambiental.","robots":{"index":"index","follow":"follow","max-snippet":"max-snippet:-1","max-image-preview":"max-image-preview:large","max-video-preview":"max-video-preview:-1"},"canonical":"https:\/\/penosil.com\/es\/sostenibilidad\/durabilidad\/","og_locale":"es_ES","og_type":"article","og_title":"Durabilidad - Penosil Spain","og_description":"La durabilidad es una de nuestras principales prioridades. Trabajamos para optimizar la vida \u00fatil de un producto y su impacto ambiental.","og_url":"https:\/\/penosil.com\/es\/sostenibilidad\/durabilidad\/","og_site_name":"Penosil Spain","article_modified_time":"2024-07-02T11:21:29+00:00","twitter_card":"summary_large_image","schema":{"@context":"https:\/\/schema.org","@graph":[{"@type":"WebPage","@id":"https:\/\/penosil.com\/es\/sostenibilidad\/durabilidad\/","url":"https:\/\/penosil.com\/es\/sostenibilidad\/durabilidad\/","name":"Durabilidad - Penosil Spain","isPartOf":{"@id":"https:\/\/penosil.com\/es\/#website"},"datePublished":"2024-05-24T06:59:23+00:00","dateModified":"2024-07-02T11:21:29+00:00","description":"La durabilidad es una de nuestras principales prioridades. Trabajamos para optimizar la vida \u00fatil de un producto y su impacto ambiental.","breadcrumb":{"@id":"https:\/\/penosil.com\/es\/sostenibilidad\/durabilidad\/#breadcrumb"},"inLanguage":"es","potentialAction":[{"@type":"ReadAction","target":["https:\/\/penosil.com\/es\/sostenibilidad\/durabilidad\/"]}]},{"@type":"BreadcrumbList","@id":"https:\/\/penosil.com\/es\/sostenibilidad\/durabilidad\/#breadcrumb","itemListElement":[{"@type":"ListItem","position":1,"name":"Inicio","item":"https:\/\/penosil.com\/es\/"},{"@type":"ListItem","position":2,"name":"Sostenibilidad","item":"https:\/\/penosil.com\/es\/sostenibilidad\/"},{"@type":"ListItem","position":3,"name":"Durabilidad"}]},{"@type":"WebSite","@id":"https:\/\/penosil.com\/es\/#website","url":"https:\/\/penosil.com\/es\/","name":"Penosil Spain","description":"","potentialAction":[{"@type":"SearchAction","target":{"@type":"EntryPoint","urlTemplate":"https:\/\/penosil.com\/es\/?s={search_term_string}"},"query-input":{"@type":"PropertyValueSpecification","valueRequired":true,"valueName":"search_term_string"}}],"inLanguage":"es"}]}},"coauthors":[],"author_meta":{"author_link":"https:\/\/penosil.com\/es\/author\/kevinreaktiiv\/","display_name":"kevinreaktiiv"},"relative_dates":{"created":"Publicado 2 a\u00f1os hace","modified":"Actualizado 2 a\u00f1os hace"},"absolute_dates":{"created":"Publicado el 05\/24\/2024","modified":"Actualizado el 07\/02\/2024"},"absolute_dates_time":{"created":"Publicado el 05\/24\/2024 6:59 am","modified":"Actualizado el 07\/02\/2024 11:21 am"},"featured_img_caption":"","featured_img":false,"series_order":"","_links":{"self":[{"href":"https:\/\/penosil.com\/es\/wp-json\/wp\/v2\/pages\/10824","targetHints":{"allow":["GET"]}}],"collection":[{"href":"https:\/\/penosil.com\/es\/wp-json\/wp\/v2\/pages"}],"about":[{"href":"https:\/\/penosil.com\/es\/wp-json\/wp\/v2\/types\/page"}],"author":[{"embeddable":true,"href":"https:\/\/penosil.com\/es\/wp-json\/wp\/v2\/users\/105"}],"replies":[{"embeddable":true,"href":"https:\/\/penosil.com\/es\/wp-json\/wp\/v2\/comments?post=10824"}],"version-history":[{"count":12,"href":"https:\/\/penosil.com\/es\/wp-json\/wp\/v2\/pages\/10824\/revisions"}],"predecessor-version":[{"id":11067,"href":"https:\/\/penosil.com\/es\/wp-json\/wp\/v2\/pages\/10824\/revisions\/11067"}],"up":[{"embeddable":true,"href":"https:\/\/penosil.com\/es\/wp-json\/wp\/v2\/pages\/10808"}],"wp:attachment":[{"href":"https:\/\/penosil.com\/es\/wp-json\/wp\/v2\/media?parent=10824"}],"curies":[{"name":"wp","href":"https:\/\/api.w.org\/{rel}","templated":true}]}}