{"id":10830,"date":"2024-05-24T07:01:38","date_gmt":"2024-05-24T07:01:38","guid":{"rendered":"https:\/\/penosil.com\/es\/?page_id=10830"},"modified":"2024-07-03T09:30:45","modified_gmt":"2024-07-03T09:30:45","slug":"energias-renovables","status":"publish","type":"page","link":"https:\/\/penosil.com\/es\/sostenibilidad\/energias-renovables\/","title":{"rendered":"Energ\u00edas Renovables"},"content":{"rendered":"<section class=\"pnsl-thin-banner-block\" style=\"background-color: #40916c; color: #ffffff\" aria-label=\"Energ\u00edas renovables\">\n   <div class=\"container d-flex flex-column flex-lg-row align-items-lg-center justify-content-between\">\n      <div class=\"text-wrap\">\n                     <h1>Energ\u00edas renovables<\/h1>\n         \n                     <p>Nuestro objetivo es hacer la transici\u00f3n a una energ\u00eda <strong>100%<\/strong> verde en <strong>2030<\/strong>.<\/p>\n               <\/div>\n\n               <div id=\"lottie-block_ea0bd5daf8bb525f3a5de13967977b13\" class=\"lottie-animation\" data-path=\"https:\/\/penosil.com\/es\/wp-content\/themes\/penosil-store\/assets\/lottie\/renewable.json\" data-speed=\"0.75\" role=\"img\" aria-label=\"Decorative animation\"><\/div>\n         <\/div>\n<\/section>\n\n<section class=\"pnsl-renewable-energy-block d-flex flex-column\" aria-label=\"Renewable Energy Information\">\n         <div class=\"text-container container\">\n         <div class=\"lines-text d-flex flex-column flex-lg-row align-items-center\" role=\"region\" aria-label=\"Key Energy Message\">\n                           <img loading=\"lazy\" decoding=\"async\" src=\"https:\/\/penosil.com\/es\/wp-content\/uploads\/sites\/9\/2024\/05\/GreenElectricity_green-1.svg\" width=\"80\" height=\"80\" alt=\"\" role=\"img\">\n            \n            <p>En la actualidad, la producci\u00f3n de Penosil utiliza electricidad <strong>100%<\/strong> renovable.<\/p>\n         <\/div>\n      <\/div>\n   \n   <div class=\"container angles-container\">\n      <div class=\"angles d-flex flex-column flex-lg-row align-items-center align-items-lg-stretch\">\n         <div class=\"red d-flex align-items-center justify-content-center\" role=\"complementary\" aria-label=\"Wind Energy Animation\">\n            <div id=\"lottie-block_23434a77dfe0d9294b97ce4cd5cfe227\"\n               class=\"lottie-animation\"\n               data-path=\"https:\/\/penosil.com\/es\/wp-content\/themes\/penosil-store\/assets\/lottie\/windturbine.json\"\n               data-speed=\"0.75\"\n               role=\"img\"\n               aria-label=\"Animated wind turbine illustration\"><\/div>\n         <\/div>\n\n                     <div class=\"gray d-flex align-items-center justify-content-center\" role=\"complementary\" aria-label=\"Renewable Energy Details\">\n               <div class=\"gray-text\">\n                  <ul>\n<li>La electricidad representa el <strong>70-75%<\/strong> de nuestro consumo de energ\u00eda.<\/li>\n<li>En nuestras f\u00e1bricas y oficinas de Tallinn y Barcelona, utilizamos <strong>electricidad 100% verde<\/strong> derivada de la <strong>energ\u00eda solar y e\u00f3lica<\/strong>.<\/li>\n<\/ul>\n               <\/div>\n            <\/div>\n               <\/div>\n   <\/div>\n\n         <div class=\"text-container container\">\n         <div class=\"last-text\" role=\"region\" aria-label=\"Additional Energy Information\">\n            <ul>\n<li>Dado que la electricidad constituye la mayor parte de nuestro consumo de energ\u00eda, entre 2018 y 2019 sustituimos toda nuestra iluminaci\u00f3n por bombillas LED, lo que a su vez redujo nuestro consumo de electricidad un <strong>18%<\/strong>.<\/li>\n<li>El gas representa entre el <strong>25-30%<\/strong> de nuestro consumo energ\u00e9tico. Nuestro objetivo es hacer la <strong>transici\u00f3n al gas verde en 2030<\/strong>.<\/li>\n<li>Tambi\u00e9n dimos un paso significativo hacia la eficiencia energ\u00e9tica cuando, hace cinco a\u00f1os, modernizamos los sistemas de calefacci\u00f3n en nuestras instalaciones de Tallinn, lo que supuso una notable <strong>reducci\u00f3n del 40% en nuestras emisiones de CO<sub>2<\/sub><\/strong>.<\/li>\n<\/ul>\n         <\/div>\n      <\/div>\n   <\/section>\n\n<section class=\"pnsl-icon-hovers-block\" aria-label=\"Interactive Icon Navigation\">\n   <div class=\"container\">\n               <h2>Ir al siguiente tema de Sostenibilidad<\/h2>\n         <\/div>\n\n         <div class=\"container icons-container\">\n         <ul class=\"icons d-flex align-items-center justify-content-center justify-content-lg-between flex-wrap\" role=\"list\">\n                                          <li class=\"icon\">\n                  <a href=\"https:\/\/penosil.com\/es\/sostenibilidad\/durabilidad\/\"\n                     class=\"icon-link d-flex align-items-center justify-content-center\"\n                     style=\"--bg-color: #b7e4c7; --text-color: #ffffff\"\n                     >\n                     <span class=\"icon-image\" aria-hidden=\"true\">\n                        <img loading=\"lazy\" decoding=\"async\" src=\"https:\/\/penosil.com\/es\/wp-content\/uploads\/sites\/9\/2024\/05\/Icons.svg\" width=\"68\" height=\"67\" alt=\"\">\n                     <\/span>\n                     <span class=\"icon-label\">Durabilidad<\/span>\n                  <\/a>\n               <\/li>\n                                          <li class=\"icon\">\n                  <a href=\"https:\/\/penosil.com\/es\/sostenibilidad\/componentes-sostenibles\/\"\n                     class=\"icon-link d-flex align-items-center justify-content-center\"\n                     style=\"--bg-color: #52b788; --text-color: #fff\"\n                     >\n                     <span class=\"icon-image\" aria-hidden=\"true\">\n                        <img loading=\"lazy\" decoding=\"async\" src=\"https:\/\/penosil.com\/es\/wp-content\/uploads\/sites\/9\/2024\/05\/Group-409.svg\" width=\"72\" height=\"75\" alt=\"\">\n                     <\/span>\n                     <span class=\"icon-label\">Componentes Sostenibles<\/span>\n                  <\/a>\n               <\/li>\n                                          <li class=\"icon\">\n                  <a href=\"https:\/\/penosil.com\/es\/sostenibilidad\/innovacion\/\"\n                     class=\"icon-link d-flex align-items-center justify-content-center\"\n                     style=\"--bg-color: #1b4332; --text-color: #fff\"\n                     >\n                     <span class=\"icon-image\" aria-hidden=\"true\">\n                        <img loading=\"lazy\" decoding=\"async\" src=\"https:\/\/penosil.com\/es\/wp-content\/uploads\/sites\/9\/2024\/05\/Group-410.svg\" width=\"88\" height=\"94\" alt=\"\">\n                     <\/span>\n                     <span class=\"icon-label\">Innovaci\u00f3n<\/span>\n                  <\/a>\n               <\/li>\n                                          <li class=\"icon\">\n                  <a href=\"https:\/\/penosil.com\/es\/sostenibilidad\/entorno-de-vida-mas-seguro\/\"\n                     class=\"icon-link d-flex align-items-center justify-content-center\"\n                     style=\"--bg-color: #426a5a; --text-color: #fff\"\n                     >\n                     <span class=\"icon-image\" aria-hidden=\"true\">\n                        <img loading=\"lazy\" decoding=\"async\" src=\"https:\/\/penosil.com\/es\/wp-content\/uploads\/sites\/9\/2024\/05\/Group-416.svg\" width=\"79\" height=\"90\" alt=\"\">\n                     <\/span>\n                     <span class=\"icon-label\">Entorno de Vida m\u00e1s Seguro<\/span>\n                  <\/a>\n               <\/li>\n                                          <li class=\"icon\">\n                  <a href=\"https:\/\/penosil.com\/es\/sostenibilidad\/gestion-de-residuos\/\"\n                     class=\"icon-link d-flex align-items-center justify-content-center\"\n                     style=\"--bg-color: #25a18e; --text-color: #fff\"\n                     >\n                     <span class=\"icon-image\" aria-hidden=\"true\">\n                        <img loading=\"lazy\" decoding=\"async\" src=\"https:\/\/penosil.com\/es\/wp-content\/uploads\/sites\/9\/2024\/05\/Group-415.svg\" width=\"82\" height=\"75\" alt=\"\">\n                     <\/span>\n                     <span class=\"icon-label\">Gesti\u00f3n de Residuos<\/span>\n                  <\/a>\n               <\/li>\n                                          <li class=\"icon\">\n                  <a href=\"https:\/\/penosil.com\/es\/sostenibilidad\/invisible-pero-en-todas-partes\/\"\n                     class=\"icon-link d-flex align-items-center justify-content-center\"\n                     style=\"--bg-color: #007F5F; --text-color: #fff\"\n                     >\n                     <span class=\"icon-image\" aria-hidden=\"true\">\n                        <img loading=\"lazy\" decoding=\"async\" src=\"https:\/\/penosil.com\/es\/wp-content\/uploads\/sites\/9\/2024\/05\/Group-393.svg\" width=\"87\" height=\"79\" alt=\"\">\n                     <\/span>\n                     <span class=\"icon-label\">Invisible, pero en todas partes<\/span>\n                  <\/a>\n               <\/li>\n                     <\/ul>\n      <\/div>\n   <\/section>","protected":false},"excerpt":{"rendered":"","protected":false},"author":105,"featured_media":0,"parent":10808,"menu_order":8,"comment_status":"closed","ping_status":"closed","template":"page-templates\/template-no-title.php","meta":{"_acf_changed":false,"advgb_blocks_editor_width":"","advgb_blocks_columns_visual_guide":"","footnotes":""},"class_list":["post-10830","page","type-page","status-publish","hentry"],"acf":[],"yoast_head":"<!-- This site is optimized with the Yoast SEO plugin v27.2 - https:\/\/yoast.com\/product\/yoast-seo-wordpress\/ -->\n<title>Energ\u00edas Renovables - Penosil Spain<\/title>\n<meta name=\"description\" content=\"La producci\u00f3n de Penosil utiliza electricidad 100% renovable. Nuestro objetivo es hacer la transici\u00f3n a una energ\u00eda 100% verde en 2030.\" \/>\n<meta name=\"robots\" content=\"index, follow, max-snippet:-1, max-image-preview:large, max-video-preview:-1\" \/>\n<link rel=\"canonical\" href=\"https:\/\/penosil.com\/es\/sostenibilidad\/energias-renovables\/\" \/>\n<meta property=\"og:locale\" content=\"es_ES\" \/>\n<meta property=\"og:type\" content=\"article\" \/>\n<meta property=\"og:title\" content=\"Energ\u00edas Renovables - Penosil Spain\" \/>\n<meta property=\"og:description\" content=\"La producci\u00f3n de Penosil utiliza electricidad 100% renovable. Nuestro objetivo es hacer la transici\u00f3n a una energ\u00eda 100% verde en 2030.\" \/>\n<meta property=\"og:url\" content=\"https:\/\/penosil.com\/es\/sostenibilidad\/energias-renovables\/\" \/>\n<meta property=\"og:site_name\" content=\"Penosil Spain\" \/>\n<meta property=\"article:modified_time\" content=\"2024-07-03T09:30:45+00:00\" \/>\n<meta name=\"twitter:card\" content=\"summary_large_image\" \/>\n<script type=\"application\/ld+json\" class=\"yoast-schema-graph\">{\"@context\":\"https:\/\/schema.org\",\"@graph\":[{\"@type\":\"WebPage\",\"@id\":\"https:\/\/penosil.com\/es\/sostenibilidad\/energias-renovables\/\",\"url\":\"https:\/\/penosil.com\/es\/sostenibilidad\/energias-renovables\/\",\"name\":\"Energ\u00edas Renovables - Penosil Spain\",\"isPartOf\":{\"@id\":\"https:\/\/penosil.com\/es\/#website\"},\"datePublished\":\"2024-05-24T07:01:38+00:00\",\"dateModified\":\"2024-07-03T09:30:45+00:00\",\"description\":\"La producci\u00f3n de Penosil utiliza electricidad 100% renovable. Nuestro objetivo es hacer la transici\u00f3n a una energ\u00eda 100% verde en 2030.\",\"breadcrumb\":{\"@id\":\"https:\/\/penosil.com\/es\/sostenibilidad\/energias-renovables\/#breadcrumb\"},\"inLanguage\":\"es\",\"potentialAction\":[{\"@type\":\"ReadAction\",\"target\":[\"https:\/\/penosil.com\/es\/sostenibilidad\/energias-renovables\/\"]}]},{\"@type\":\"BreadcrumbList\",\"@id\":\"https:\/\/penosil.com\/es\/sostenibilidad\/energias-renovables\/#breadcrumb\",\"itemListElement\":[{\"@type\":\"ListItem\",\"position\":1,\"name\":\"Inicio\",\"item\":\"https:\/\/penosil.com\/es\/\"},{\"@type\":\"ListItem\",\"position\":2,\"name\":\"Sostenibilidad\",\"item\":\"https:\/\/penosil.com\/es\/sostenibilidad\/\"},{\"@type\":\"ListItem\",\"position\":3,\"name\":\"Energ\u00edas Renovables\"}]},{\"@type\":\"WebSite\",\"@id\":\"https:\/\/penosil.com\/es\/#website\",\"url\":\"https:\/\/penosil.com\/es\/\",\"name\":\"Penosil Spain\",\"description\":\"\",\"potentialAction\":[{\"@type\":\"SearchAction\",\"target\":{\"@type\":\"EntryPoint\",\"urlTemplate\":\"https:\/\/penosil.com\/es\/?s={search_term_string}\"},\"query-input\":{\"@type\":\"PropertyValueSpecification\",\"valueRequired\":true,\"valueName\":\"search_term_string\"}}],\"inLanguage\":\"es\"}]}<\/script>\n<!-- \/ Yoast SEO plugin. -->","yoast_head_json":{"title":"Energ\u00edas Renovables - Penosil Spain","description":"La producci\u00f3n de Penosil utiliza electricidad 100% renovable. Nuestro objetivo es hacer la transici\u00f3n a una energ\u00eda 100% verde en 2030.","robots":{"index":"index","follow":"follow","max-snippet":"max-snippet:-1","max-image-preview":"max-image-preview:large","max-video-preview":"max-video-preview:-1"},"canonical":"https:\/\/penosil.com\/es\/sostenibilidad\/energias-renovables\/","og_locale":"es_ES","og_type":"article","og_title":"Energ\u00edas Renovables - Penosil Spain","og_description":"La producci\u00f3n de Penosil utiliza electricidad 100% renovable. Nuestro objetivo es hacer la transici\u00f3n a una energ\u00eda 100% verde en 2030.","og_url":"https:\/\/penosil.com\/es\/sostenibilidad\/energias-renovables\/","og_site_name":"Penosil Spain","article_modified_time":"2024-07-03T09:30:45+00:00","twitter_card":"summary_large_image","schema":{"@context":"https:\/\/schema.org","@graph":[{"@type":"WebPage","@id":"https:\/\/penosil.com\/es\/sostenibilidad\/energias-renovables\/","url":"https:\/\/penosil.com\/es\/sostenibilidad\/energias-renovables\/","name":"Energ\u00edas Renovables - Penosil Spain","isPartOf":{"@id":"https:\/\/penosil.com\/es\/#website"},"datePublished":"2024-05-24T07:01:38+00:00","dateModified":"2024-07-03T09:30:45+00:00","description":"La producci\u00f3n de Penosil utiliza electricidad 100% renovable. Nuestro objetivo es hacer la transici\u00f3n a una energ\u00eda 100% verde en 2030.","breadcrumb":{"@id":"https:\/\/penosil.com\/es\/sostenibilidad\/energias-renovables\/#breadcrumb"},"inLanguage":"es","potentialAction":[{"@type":"ReadAction","target":["https:\/\/penosil.com\/es\/sostenibilidad\/energias-renovables\/"]}]},{"@type":"BreadcrumbList","@id":"https:\/\/penosil.com\/es\/sostenibilidad\/energias-renovables\/#breadcrumb","itemListElement":[{"@type":"ListItem","position":1,"name":"Inicio","item":"https:\/\/penosil.com\/es\/"},{"@type":"ListItem","position":2,"name":"Sostenibilidad","item":"https:\/\/penosil.com\/es\/sostenibilidad\/"},{"@type":"ListItem","position":3,"name":"Energ\u00edas Renovables"}]},{"@type":"WebSite","@id":"https:\/\/penosil.com\/es\/#website","url":"https:\/\/penosil.com\/es\/","name":"Penosil Spain","description":"","potentialAction":[{"@type":"SearchAction","target":{"@type":"EntryPoint","urlTemplate":"https:\/\/penosil.com\/es\/?s={search_term_string}"},"query-input":{"@type":"PropertyValueSpecification","valueRequired":true,"valueName":"search_term_string"}}],"inLanguage":"es"}]}},"coauthors":[],"author_meta":{"author_link":"https:\/\/penosil.com\/es\/author\/kevinreaktiiv\/","display_name":"kevinreaktiiv"},"relative_dates":{"created":"Publicado 2 a\u00f1os hace","modified":"Actualizado 2 a\u00f1os hace"},"absolute_dates":{"created":"Publicado el 05\/24\/2024","modified":"Actualizado el 07\/03\/2024"},"absolute_dates_time":{"created":"Publicado el 05\/24\/2024 7:01 am","modified":"Actualizado el 07\/03\/2024 9:30 am"},"featured_img_caption":"","featured_img":false,"series_order":"","_links":{"self":[{"href":"https:\/\/penosil.com\/es\/wp-json\/wp\/v2\/pages\/10830","targetHints":{"allow":["GET"]}}],"collection":[{"href":"https:\/\/penosil.com\/es\/wp-json\/wp\/v2\/pages"}],"about":[{"href":"https:\/\/penosil.com\/es\/wp-json\/wp\/v2\/types\/page"}],"author":[{"embeddable":true,"href":"https:\/\/penosil.com\/es\/wp-json\/wp\/v2\/users\/105"}],"replies":[{"embeddable":true,"href":"https:\/\/penosil.com\/es\/wp-json\/wp\/v2\/comments?post=10830"}],"version-history":[{"count":23,"href":"https:\/\/penosil.com\/es\/wp-json\/wp\/v2\/pages\/10830\/revisions"}],"predecessor-version":[{"id":11209,"href":"https:\/\/penosil.com\/es\/wp-json\/wp\/v2\/pages\/10830\/revisions\/11209"}],"up":[{"embeddable":true,"href":"https:\/\/penosil.com\/es\/wp-json\/wp\/v2\/pages\/10808"}],"wp:attachment":[{"href":"https:\/\/penosil.com\/es\/wp-json\/wp\/v2\/media?parent=10830"}],"curies":[{"name":"wp","href":"https:\/\/api.w.org\/{rel}","templated":true}]}}