{"id":10853,"date":"2024-05-24T07:13:19","date_gmt":"2024-05-24T07:13:19","guid":{"rendered":"https:\/\/penosil.com\/es\/?page_id=10853"},"modified":"2025-07-10T12:22:32","modified_gmt":"2025-07-10T11:22:32","slug":"entorno-de-vida-mas-seguro","status":"publish","type":"page","link":"https:\/\/penosil.com\/es\/sostenibilidad\/entorno-de-vida-mas-seguro\/","title":{"rendered":"Entorno de Vida m\u00e1s Seguro"},"content":{"rendered":"<section class=\"pnsl-thin-banner-block\" style=\"background-color: #426a5a; color: #ffffff\" aria-label=\"Entorno de Vida m\u00e1s Seguro\">\n   <div class=\"container d-flex flex-column flex-lg-row align-items-lg-center justify-content-between\">\n      <div class=\"text-wrap\">\n                     <h1>Entorno de Vida m\u00e1s Seguro<\/h1>\n         \n                     <p>Queremos que disfrutes de un <strong>entorno de vida m\u00e1s saludable<\/strong> y <strong>m\u00e1s seguro<\/strong>.<\/p>\n               <\/div>\n\n               <div id=\"lottie-block_b05247212aaa8c3294beec3702b434d3\" class=\"lottie-animation\" data-path=\"https:\/\/penosil.com\/es\/wp-content\/themes\/penosil-store\/assets\/lottie\/safer.json\" data-speed=\"0.75\" role=\"img\" aria-label=\"Decorative animation\"><\/div>\n         <\/div>\n<\/section>\n\n<main class=\"pnsl-safer-living-environment-block\" aria-label=\"Safer Living Environment Information\">\n         <section class=\"container text-container d-flex flex-column align-items-start\" aria-labelledby=\"safer-living-intro\">\n         <div class=\"upper-text text-wrap\">\n            <div id=\"safer-living-intro\">\n               <p>Para ello, nosotros:<\/p>\n            <\/div>\n\n                           <ul>\n                                                            <li>\n                        <p>Mejoramos constantemente nuestras f\u00f3rmulas existentes.<\/p>\n                     \n                                             <\/li>\n                                                            <li>\n                        <p>Desarrollamos nuevos productos con <strong class=\"open-safer-tooltip\">bajo contenido de COV y materias primas m\u00e1s seguras.<\/strong><\/p>\n                     \n                                                \n                                                         <button type=\"button\" class=\"tooltip sus-tooltip\" data-tooltip-content=\"#tooltip-safer\" aria-expanded=\"false\" aria-describedby=\"tooltip-safer\" aria-label=\"Show more information\">\n                                 <img loading=\"lazy\" decoding=\"async\" src=\"https:\/\/penosil.com\/es\/wp-content\/themes\/penosil-store\/images\/icons\/sus-info.svg\" width=\"52\" height=\"63\" alt=\"\" aria-hidden=\"true\">\n                              <\/button>\n\n                              <div class=\"safer-tooltip-content tooltip-content\" role=\"tooltip\" id=\"tooltip-safer\" aria-hidden=\"true\">\n                                 <h3>\u00bfQu\u00e9 es un bajo contenido de COV?<\/h3>\n<ul>\n<li>Los compuestos org\u00e1nicos vol\u00e1tiles (COV) son <strong>sustancias qu\u00edmicas<\/strong> liberadas por materiales de construcci\u00f3n que <strong>se evaporan y propagan f\u00e1cilmente<\/strong>.<\/li>\n<li>La alta concentraci\u00f3n de compuestos COV afecta la calidad del aire interior y puede causar irritaci\u00f3n y problemas de salud.<\/li>\n<\/ul>\n<p><span style=\"font-size: 16px;\"><strong>Busca los siguientes certificados en las etiquetas de los productos:<\/strong><\/span><\/p>\n<p><img loading=\"lazy\" decoding=\"async\" class=\"\" src=\"https:\/\/penosil.com\/es\/wp-content\/uploads\/sites\/9\/2025\/07\/EC1_Plus_mark.png\" width=\"75\" height=\"75\" \/>\u00a0 \u00a0 <img loading=\"lazy\" decoding=\"async\" class=\"\" src=\"https:\/\/penosil.com\/es\/wp-content\/uploads\/sites\/9\/2025\/07\/M1-logo_RGB_english_black.png\" width=\"75\" height=\"75\" \/>\u00a0 \u00a0 <img loading=\"lazy\" decoding=\"async\" class=\"\" src=\"https:\/\/penosil.com\/es\/wp-content\/uploads\/sites\/9\/2025\/07\/A-French.png\" width=\"92\" height=\"75\" \/><\/p>\n                              <\/div>\n                                                                        <\/li>\n                                 <\/ul>\n                     <\/div>\n      <\/section>\n   \n   <section class=\"container angles-container\" aria-label=\"Process steps\">\n      <div class=\"angles row flex-column flex-lg-row flex-lg-nowrap\" role=\"list\">\n                                 <div class=\"angle col d-flex align-items-center justify-content-center\" role=\"listitem\" aria-label=\"Step 1\">\n               <div class=\"angle-text\"><p>En 2020, el <strong>14%<\/strong> de los productos Penosil contaban con certificaciones EC1+.<\/p>\n<\/div>\n            <\/div>\n                                 <div class=\"angle col d-flex align-items-center justify-content-center\" role=\"listitem\" aria-label=\"Step 2\">\n               <div class=\"angle-text\"><p>En 2023, el <strong>52%<\/strong> de los productos Penosil contaban con certificaciones EC1+.<\/p>\n<\/div>\n            <\/div>\n                                 <div class=\"angle col d-flex align-items-center justify-content-center\" role=\"listitem\" aria-label=\"Step 3\">\n               <div class=\"angle-text\"><p>En los pr\u00f3ximos a\u00f1os, m\u00e1s  del <strong>70%<\/strong> de los productos Penosil deber\u00edan contar con certificaciones de bajo contenido de COV.<\/p>\n<\/div>\n            <\/div>\n               <\/div>\n   <\/section>\n\n   <section class=\"container text-container\" aria-label=\"Additional information\">\n               <div class=\"above-lines-text text-wrap\">\n            <p>En los \u00faltimos cinco a\u00f1os hemos desarrollado numerosos  adhesivos, sellantes y rellenos <strong>sin disolventes y a base de agua<\/strong>. Adem\u00e1s, muchas de nuestras siliconas oxima est\u00e1n disponibles con <strong>0 MEKO<\/strong>.<\/p>\n         <\/div>\n      \n               <div class=\"lines-text w-100 d-flex flex-column flex-lg-row justify-content-between\" role=\"list\" aria-label=\"Key benefits\">\n                                          <div class=\"item d-flex flex-column flex-md-row align-items-center\" role=\"listitem\">\n                                       <div class=\"item-icon\">\n                        <img loading=\"lazy\" decoding=\"async\" src=\"https:\/\/penosil.com\/es\/wp-content\/uploads\/sites\/9\/2024\/05\/Group-414.svg\" width=\"110\" height=\"106\" alt=\"\">\n                     <\/div>\n                  \n                                       <div class=\"item-text\">\n                        <p>Busca el certificado 0 MEKO en la etiqueta del producto<\/p>\n                     <\/div>\n                                 <\/div>\n                                          <div class=\"item d-flex flex-column flex-md-row align-items-center\" role=\"listitem\">\n                                       <div class=\"item-icon\">\n                        <img loading=\"lazy\" decoding=\"async\" src=\"https:\/\/penosil.com\/es\/wp-content\/uploads\/sites\/9\/2024\/05\/Layer_1-2.svg\" width=\"108\" height=\"108\" alt=\"\">\n                     <\/div>\n                  \n                                       <div class=\"item-text\">\n                        <p>Busca el sello Safe Choice<br \/>\nen nuestras espumas de PU con Bajo MDI y Sin MDI<\/p>\n                     <\/div>\n                                 <\/div>\n                     <\/div>\n      \n               <div class=\"text-before-icon text-wrap\">\n            <p>Cada vez son m\u00e1s las espumas de poliuretano que vienen con un contenido muy bajo de mon\u00f3mero de diisocianato (&lt;0.1%) o est\u00e1n completamente <strong class=\"open-safer-tooltip\">libres de MDI.<\/strong><\/p>\n\n                           <button type=\"button\" class=\"tooltip sus-tooltip\" data-tooltip-content=\"#tooltip-safer-bottom\" aria-expanded=\"false\" aria-describedby=\"tooltip-safer-bottom\" aria-label=\"Show more information\">\n                  <img loading=\"lazy\" decoding=\"async\" src=\"https:\/\/penosil.com\/es\/wp-content\/themes\/penosil-store\/images\/icons\/sus-info.svg\" width=\"52\" height=\"63\" alt=\"\" aria-hidden=\"true\">\n               <\/button>\n\n               <div class=\"safer-tooltip-content tooltip-content\" role=\"tooltip\" id=\"tooltip-safer-bottom\" aria-hidden=\"true\">\n                  <h4><strong>\u00bfQu\u00e9 es MDI?<\/strong><\/h4>\n<p>El diisocianato de metileno difenilo (MDI) es un <strong>tipo de producto qu\u00edmico<\/strong> utilizado en la producci\u00f3n de materiales de PU.<\/p>\n<p><strong>Durante la aplicaci\u00f3n de la espuma<\/strong> el contenido de MDI puede causar irritaci\u00f3n de la piel y la garganta.<\/p>\n               <\/div>\n                     <\/div>\n      \n               <div class=\"under-lines-text text-wrap\">\n            <p>Las espumas de PU con Bajo y Sin MDI ofrecen una <strong>alternativa m\u00e1s segura<\/strong> a las espumas de PU normales al minimizar el riesgo de exposici\u00f3n a productos qu\u00edmicos nocivos, mejorar la seguridad laboral, reducir el impacto ambiental y garantizar el cumplimiento de las regulaciones.<\/p>\n<p>Nuestra <strong>nueva f\u00e1brica de espumas de PU en Espa\u00f1a<\/strong> ser\u00e1 la instalaci\u00f3n l\u00edder en Europa de espumas de PU de Bajo MDI y Sin MDI. Somos el primer fabricante europeo en ofrecer a sus clientes un conjunto completo de productos de espuma de PU con Bajo y Sin MDI.<\/p>\n<p>En la gama de productos Penosil contamos actualmente con las siguientes <strong>espumas de Bajo y Sin MDI<\/strong>:<\/p>\n<ul>\n<li>Espumas proyectables<\/li>\n<li>Espumas de pistola<\/li>\n<li>Espumas manuales<\/li>\n<\/ul>\n<p>Pronto completaremos nuestra oferta con espumas de Bajo MDI, espuma de pistola B2, espuma proyectable B2 y adhesivo de espuma.<\/p>\n         <\/div>\n         <\/section>\n<\/main>\n\n<section class=\"pnsl-icon-hovers-block\" aria-label=\"Interactive Icon Navigation\">\n   <div class=\"container\">\n               <h2>Ir al siguiente tema de Sostenibilidad<\/h2>\n         <\/div>\n\n         <div class=\"container icons-container\">\n         <ul class=\"icons d-flex align-items-center justify-content-center justify-content-lg-between flex-wrap\" role=\"list\">\n                                          <li class=\"icon\">\n                  <a href=\"https:\/\/penosil.com\/es\/sostenibilidad\/durabilidad\/\"\n                     class=\"icon-link d-flex align-items-center justify-content-center\"\n                     style=\"--bg-color: #b7e4c7; --text-color: #ffffff\"\n                     >\n                     <span class=\"icon-image\" aria-hidden=\"true\">\n                        <img loading=\"lazy\" decoding=\"async\" src=\"https:\/\/penosil.com\/es\/wp-content\/uploads\/sites\/9\/2024\/05\/Icons.svg\" width=\"68\" height=\"67\" alt=\"\">\n                     <\/span>\n                     <span class=\"icon-label\">Durabilidad<\/span>\n                  <\/a>\n               <\/li>\n                                          <li class=\"icon\">\n                  <a href=\"https:\/\/penosil.com\/es\/sostenibilidad\/componentes-sostenibles\/\"\n                     class=\"icon-link d-flex align-items-center justify-content-center\"\n                     style=\"--bg-color: #52b788; --text-color: #fff\"\n                     >\n                     <span class=\"icon-image\" aria-hidden=\"true\">\n                        <img loading=\"lazy\" decoding=\"async\" src=\"https:\/\/penosil.com\/es\/wp-content\/uploads\/sites\/9\/2024\/05\/Group-409.svg\" width=\"72\" height=\"75\" alt=\"\">\n                     <\/span>\n                     <span class=\"icon-label\">Componentes Sostenibles<\/span>\n                  <\/a>\n               <\/li>\n                                          <li class=\"icon\">\n                  <a href=\"https:\/\/penosil.com\/es\/sostenibilidad\/energias-renovables\/\"\n                     class=\"icon-link d-flex align-items-center justify-content-center\"\n                     style=\"--bg-color: #40916c; --text-color: #fff\"\n                     >\n                     <span class=\"icon-image\" aria-hidden=\"true\">\n                        <img loading=\"lazy\" decoding=\"async\" src=\"https:\/\/penosil.com\/es\/wp-content\/uploads\/sites\/9\/2024\/05\/48x48_Icons.svg\" width=\"76\" height=\"73\" alt=\"\">\n                     <\/span>\n                     <span class=\"icon-label\">Energ\u00edas Renovables<\/span>\n                  <\/a>\n               <\/li>\n                                          <li class=\"icon\">\n                  <a href=\"https:\/\/penosil.com\/es\/sostenibilidad\/innovacion\/\"\n                     class=\"icon-link d-flex align-items-center justify-content-center\"\n                     style=\"--bg-color: #1b4332; --text-color: #fff\"\n                     >\n                     <span class=\"icon-image\" aria-hidden=\"true\">\n                        <img loading=\"lazy\" decoding=\"async\" src=\"https:\/\/penosil.com\/es\/wp-content\/uploads\/sites\/9\/2024\/05\/Group-410.svg\" width=\"88\" height=\"94\" alt=\"\">\n                     <\/span>\n                     <span class=\"icon-label\">Innovaci\u00f3n<\/span>\n                  <\/a>\n               <\/li>\n                                          <li class=\"icon\">\n                  <a href=\"https:\/\/penosil.com\/es\/sostenibilidad\/gestion-de-residuos\/\"\n                     class=\"icon-link d-flex align-items-center justify-content-center\"\n                     style=\"--bg-color: #25a18e; --text-color: #fff\"\n                     >\n                     <span class=\"icon-image\" aria-hidden=\"true\">\n                        <img loading=\"lazy\" decoding=\"async\" src=\"https:\/\/penosil.com\/es\/wp-content\/uploads\/sites\/9\/2024\/05\/Group-415.svg\" width=\"82\" height=\"75\" alt=\"\">\n                     <\/span>\n                     <span class=\"icon-label\">Gesti\u00f3n de Residuos<\/span>\n                  <\/a>\n               <\/li>\n                                          <li class=\"icon\">\n                  <a href=\"https:\/\/penosil.com\/es\/sostenibilidad\/invisible-pero-en-todas-partes\/\"\n                     class=\"icon-link d-flex align-items-center justify-content-center\"\n                     style=\"--bg-color: #007F5F; --text-color: #fff\"\n                     >\n                     <span class=\"icon-image\" aria-hidden=\"true\">\n                        <img loading=\"lazy\" decoding=\"async\" src=\"https:\/\/penosil.com\/es\/wp-content\/uploads\/sites\/9\/2024\/05\/Group-393.svg\" width=\"87\" height=\"79\" alt=\"\">\n                     <\/span>\n                     <span class=\"icon-label\">Invisible, pero en todas partes<\/span>\n                  <\/a>\n               <\/li>\n                     <\/ul>\n      <\/div>\n   <\/section>","protected":false},"excerpt":{"rendered":"","protected":false},"author":105,"featured_media":0,"parent":10808,"menu_order":9,"comment_status":"closed","ping_status":"closed","template":"page-templates\/template-no-title.php","meta":{"_acf_changed":false,"advgb_blocks_editor_width":"","advgb_blocks_columns_visual_guide":"","footnotes":""},"class_list":["post-10853","page","type-page","status-publish","hentry"],"acf":[],"yoast_head":"<!-- This site is optimized with the Yoast SEO plugin v27.2 - https:\/\/yoast.com\/product\/yoast-seo-wordpress\/ -->\n<title>Entorno de Vida m\u00e1s Seguro - Penosil Spain<\/title>\n<meta name=\"description\" content=\"Queremos un entorno de vida m\u00e1s saludable y seguro. Las espumas de PU con Bajo y Sin MDI ofrecen una alternativa m\u00e1s segura a las espumas de PU normales.\" \/>\n<meta name=\"robots\" content=\"index, follow, max-snippet:-1, max-image-preview:large, max-video-preview:-1\" \/>\n<link rel=\"canonical\" href=\"https:\/\/penosil.com\/es\/sostenibilidad\/entorno-de-vida-mas-seguro\/\" \/>\n<meta property=\"og:locale\" content=\"es_ES\" \/>\n<meta property=\"og:type\" content=\"article\" \/>\n<meta property=\"og:title\" content=\"Entorno de Vida m\u00e1s Seguro - Penosil Spain\" \/>\n<meta property=\"og:description\" content=\"Queremos un entorno de vida m\u00e1s saludable y seguro. Las espumas de PU con Bajo y Sin MDI ofrecen una alternativa m\u00e1s segura a las espumas de PU normales.\" \/>\n<meta property=\"og:url\" content=\"https:\/\/penosil.com\/es\/sostenibilidad\/entorno-de-vida-mas-seguro\/\" \/>\n<meta property=\"og:site_name\" content=\"Penosil Spain\" \/>\n<meta property=\"article:modified_time\" content=\"2025-07-10T11:22:32+00:00\" \/>\n<meta name=\"twitter:card\" content=\"summary_large_image\" \/>\n<meta name=\"twitter:label1\" content=\"Tiempo de lectura\" \/>\n\t<meta name=\"twitter:data1\" content=\"5 minutos\" \/>\n<script type=\"application\/ld+json\" class=\"yoast-schema-graph\">{\"@context\":\"https:\/\/schema.org\",\"@graph\":[{\"@type\":\"WebPage\",\"@id\":\"https:\/\/penosil.com\/es\/sostenibilidad\/entorno-de-vida-mas-seguro\/\",\"url\":\"https:\/\/penosil.com\/es\/sostenibilidad\/entorno-de-vida-mas-seguro\/\",\"name\":\"Entorno de Vida m\u00e1s Seguro - Penosil Spain\",\"isPartOf\":{\"@id\":\"https:\/\/penosil.com\/es\/#website\"},\"datePublished\":\"2024-05-24T07:13:19+00:00\",\"dateModified\":\"2025-07-10T11:22:32+00:00\",\"description\":\"Queremos un entorno de vida m\u00e1s saludable y seguro. Las espumas de PU con Bajo y Sin MDI ofrecen una alternativa m\u00e1s segura a las espumas de PU normales.\",\"breadcrumb\":{\"@id\":\"https:\/\/penosil.com\/es\/sostenibilidad\/entorno-de-vida-mas-seguro\/#breadcrumb\"},\"inLanguage\":\"es\",\"potentialAction\":[{\"@type\":\"ReadAction\",\"target\":[\"https:\/\/penosil.com\/es\/sostenibilidad\/entorno-de-vida-mas-seguro\/\"]}]},{\"@type\":\"BreadcrumbList\",\"@id\":\"https:\/\/penosil.com\/es\/sostenibilidad\/entorno-de-vida-mas-seguro\/#breadcrumb\",\"itemListElement\":[{\"@type\":\"ListItem\",\"position\":1,\"name\":\"Inicio\",\"item\":\"https:\/\/penosil.com\/es\/\"},{\"@type\":\"ListItem\",\"position\":2,\"name\":\"Sostenibilidad\",\"item\":\"https:\/\/penosil.com\/es\/sostenibilidad\/\"},{\"@type\":\"ListItem\",\"position\":3,\"name\":\"Entorno de Vida m\u00e1s Seguro\"}]},{\"@type\":\"WebSite\",\"@id\":\"https:\/\/penosil.com\/es\/#website\",\"url\":\"https:\/\/penosil.com\/es\/\",\"name\":\"Penosil Spain\",\"description\":\"\",\"potentialAction\":[{\"@type\":\"SearchAction\",\"target\":{\"@type\":\"EntryPoint\",\"urlTemplate\":\"https:\/\/penosil.com\/es\/?s={search_term_string}\"},\"query-input\":{\"@type\":\"PropertyValueSpecification\",\"valueRequired\":true,\"valueName\":\"search_term_string\"}}],\"inLanguage\":\"es\"}]}<\/script>\n<!-- \/ Yoast SEO plugin. -->","yoast_head_json":{"title":"Entorno de Vida m\u00e1s Seguro - Penosil Spain","description":"Queremos un entorno de vida m\u00e1s saludable y seguro. Las espumas de PU con Bajo y Sin MDI ofrecen una alternativa m\u00e1s segura a las espumas de PU normales.","robots":{"index":"index","follow":"follow","max-snippet":"max-snippet:-1","max-image-preview":"max-image-preview:large","max-video-preview":"max-video-preview:-1"},"canonical":"https:\/\/penosil.com\/es\/sostenibilidad\/entorno-de-vida-mas-seguro\/","og_locale":"es_ES","og_type":"article","og_title":"Entorno de Vida m\u00e1s Seguro - Penosil Spain","og_description":"Queremos un entorno de vida m\u00e1s saludable y seguro. Las espumas de PU con Bajo y Sin MDI ofrecen una alternativa m\u00e1s segura a las espumas de PU normales.","og_url":"https:\/\/penosil.com\/es\/sostenibilidad\/entorno-de-vida-mas-seguro\/","og_site_name":"Penosil Spain","article_modified_time":"2025-07-10T11:22:32+00:00","twitter_card":"summary_large_image","twitter_misc":{"Tiempo de lectura":"5 minutos"},"schema":{"@context":"https:\/\/schema.org","@graph":[{"@type":"WebPage","@id":"https:\/\/penosil.com\/es\/sostenibilidad\/entorno-de-vida-mas-seguro\/","url":"https:\/\/penosil.com\/es\/sostenibilidad\/entorno-de-vida-mas-seguro\/","name":"Entorno de Vida m\u00e1s Seguro - Penosil Spain","isPartOf":{"@id":"https:\/\/penosil.com\/es\/#website"},"datePublished":"2024-05-24T07:13:19+00:00","dateModified":"2025-07-10T11:22:32+00:00","description":"Queremos un entorno de vida m\u00e1s saludable y seguro. Las espumas de PU con Bajo y Sin MDI ofrecen una alternativa m\u00e1s segura a las espumas de PU normales.","breadcrumb":{"@id":"https:\/\/penosil.com\/es\/sostenibilidad\/entorno-de-vida-mas-seguro\/#breadcrumb"},"inLanguage":"es","potentialAction":[{"@type":"ReadAction","target":["https:\/\/penosil.com\/es\/sostenibilidad\/entorno-de-vida-mas-seguro\/"]}]},{"@type":"BreadcrumbList","@id":"https:\/\/penosil.com\/es\/sostenibilidad\/entorno-de-vida-mas-seguro\/#breadcrumb","itemListElement":[{"@type":"ListItem","position":1,"name":"Inicio","item":"https:\/\/penosil.com\/es\/"},{"@type":"ListItem","position":2,"name":"Sostenibilidad","item":"https:\/\/penosil.com\/es\/sostenibilidad\/"},{"@type":"ListItem","position":3,"name":"Entorno de Vida m\u00e1s Seguro"}]},{"@type":"WebSite","@id":"https:\/\/penosil.com\/es\/#website","url":"https:\/\/penosil.com\/es\/","name":"Penosil Spain","description":"","potentialAction":[{"@type":"SearchAction","target":{"@type":"EntryPoint","urlTemplate":"https:\/\/penosil.com\/es\/?s={search_term_string}"},"query-input":{"@type":"PropertyValueSpecification","valueRequired":true,"valueName":"search_term_string"}}],"inLanguage":"es"}]}},"coauthors":[],"author_meta":{"author_link":"https:\/\/penosil.com\/es\/author\/kevinreaktiiv\/","display_name":"kevinreaktiiv"},"relative_dates":{"created":"Publicado 2 a\u00f1os hace","modified":"Actualizado 9 meses hace"},"absolute_dates":{"created":"Publicado el 05\/24\/2024","modified":"Actualizado el 07\/10\/2025"},"absolute_dates_time":{"created":"Publicado el 05\/24\/2024 7:13 am","modified":"Actualizado el 07\/10\/2025 12:22 pm"},"featured_img_caption":"","featured_img":false,"series_order":"","_links":{"self":[{"href":"https:\/\/penosil.com\/es\/wp-json\/wp\/v2\/pages\/10853","targetHints":{"allow":["GET"]}}],"collection":[{"href":"https:\/\/penosil.com\/es\/wp-json\/wp\/v2\/pages"}],"about":[{"href":"https:\/\/penosil.com\/es\/wp-json\/wp\/v2\/types\/page"}],"author":[{"embeddable":true,"href":"https:\/\/penosil.com\/es\/wp-json\/wp\/v2\/users\/105"}],"replies":[{"embeddable":true,"href":"https:\/\/penosil.com\/es\/wp-json\/wp\/v2\/comments?post=10853"}],"version-history":[{"count":46,"href":"https:\/\/penosil.com\/es\/wp-json\/wp\/v2\/pages\/10853\/revisions"}],"predecessor-version":[{"id":12925,"href":"https:\/\/penosil.com\/es\/wp-json\/wp\/v2\/pages\/10853\/revisions\/12925"}],"up":[{"embeddable":true,"href":"https:\/\/penosil.com\/es\/wp-json\/wp\/v2\/pages\/10808"}],"wp:attachment":[{"href":"https:\/\/penosil.com\/es\/wp-json\/wp\/v2\/media?parent=10853"}],"curies":[{"name":"wp","href":"https:\/\/api.w.org\/{rel}","templated":true}]}}