{"id":10858,"date":"2024-05-24T07:16:07","date_gmt":"2024-05-24T07:16:07","guid":{"rendered":"https:\/\/penosil.com\/es\/?page_id=10858"},"modified":"2025-07-10T12:21:36","modified_gmt":"2025-07-10T11:21:36","slug":"gestion-de-residuos","status":"publish","type":"page","link":"https:\/\/penosil.com\/es\/sostenibilidad\/gestion-de-residuos\/","title":{"rendered":"Gesti\u00f3n de Residuos"},"content":{"rendered":"<section class=\"pnsl-thin-banner-block\" style=\"background-color: #25a18e; color: #ffffff\" aria-label=\"Gesti\u00f3n de Residuos\">\n   <div class=\"container d-flex flex-column flex-lg-row align-items-lg-center justify-content-between\">\n      <div class=\"text-wrap\">\n                     <h1>Gesti\u00f3n de Residuos<\/h1>\n         \n                     <p>Nuestro objetivo es reducir, reutilizar, reciclar y recuperar nuestros residuos en un<strong> 50%<\/strong> para <strong>2030<\/strong>.<\/p>\n               <\/div>\n\n               <div id=\"lottie-block_8877ab3bbf7ac02a4f332a2db33cf243\" class=\"lottie-animation\" data-path=\"https:\/\/penosil.com\/es\/wp-content\/themes\/penosil-store\/assets\/lottie\/waste.json\" data-speed=\"0.75\" role=\"img\" aria-label=\"Decorative animation\"><\/div>\n         <\/div>\n<\/section>\n\n<section class=\"pnsl-waste-management-block d-flex flex-column\" aria-label=\"Waste Management Information\">\n         <div class=\"container accordion-container\">\n         <div class=\"accordion\" role=\"region\" aria-label=\"Waste management topics\">\n                                          <div class=\"item active\">\n                  <button type=\"button\" \n                     class=\"title-wrap d-flex align-items-center\" \n                     aria-expanded=\"true\"\n                     aria-controls=\"waste-panel-0\"\n                     id=\"waste-header-0\">\n                     <span class=\"number d-flex align-items-center justify-content-center\" aria-hidden=\"true\"><span>1<\/span><\/span>\n                     <span class=\"title d-flex align-items-center\">Reducir<\/span>\n                  <\/button>\n                  <div class=\"content\" \n                     id=\"waste-panel-0\" \n                     role=\"region\" \n                     aria-labelledby=\"waste-header-0\"\n                     >\n                     <ul>\n<li>Reducimos constantemente el impacto medioambiental de nuestros productos sustituyendo los productos qu\u00edmicos peligrosos por otros no peligrosos. De esta manera <strong>reducimos la cantidad de nuestros residuos peligrosos<\/strong>.<\/li>\n<li>Una forma de reducir el desperdicio de envases es <strong>aumentar el tama\u00f1o del envase<\/strong>. Muchos de los productos Penosil vienen en m\u00faltiples opciones de envasado.<\/li>\n<\/ul>\n\n                                             <div class=\"animation-wrap d-flex flex-column flex-lg-row align-items-center\" role=\"figure\" aria-label=\"Waste management process diagram\">\n                           <div class=\"image\">\n                              <img loading=\"lazy\" decoding=\"async\" src=\"https:\/\/penosil.com\/es\/wp-content\/uploads\/sites\/9\/2024\/05\/Padrun_Foolium_video-1.png\" width=\"110\" height=\"165\" alt=\"\">\n                           <\/div>\n\n                           <div class=\"gray-arrow d-flex align-items-center\" aria-hidden=\"true\">\n                              <div class=\"text\">\n                                 <ul>\n<li>Adem\u00e1s de los cartuchos de 300 ml, tambi\u00e9n producimos muchos de nuestros sellantes en <strong>envases foil de aluminio de 600 ml<\/strong>.<\/li>\n<li>El envase foil de aluminio de 600 ml ahorra un <strong>75%<\/strong> en residuos de embalaje, en comparaci\u00f3n con los cartuchos.<\/li>\n<\/ul>\n                              <\/div>\n                           <\/div>\n                        <\/div>\n                        \n                                                   <div class=\"visually-hidden\">\n                              <ul>\n<li>Adem\u00e1s de los cartuchos de 300 ml, tambi\u00e9n producimos muchos de nuestros sellantes en <strong>envases foil de aluminio de 600 ml<\/strong>.<\/li>\n<li>El envase foil de aluminio de 600 ml ahorra un <strong>75%<\/strong> en residuos de embalaje, en comparaci\u00f3n con los cartuchos.<\/li>\n<\/ul>\n                           <\/div>\n                                             \n                                             <ul>\n<li>Los productos a base de cemento son un importante productor de CO<sub>2<\/sub>. En Penosil, hemos desarrollado m\u00faltiples <strong>espumas adhesivas que se pueden utilizar en lugar de productos a base de cemento.<\/strong><\/li>\n<\/ul>\n                     \n                                             <div class=\"border-red\" role=\"complementary\" aria-label=\"Important information\">\n                           <p>Una lata de <strong>1L de espuma adhesiva<\/strong> equivale a <strong>25kg de cemento<\/strong>, lo que reduce la huella de carbono del transporte.<\/p>\n                        <\/div>\n                                       <\/div>\n               <\/div>\n                                          <div class=\"item\">\n                  <button type=\"button\" \n                     class=\"title-wrap d-flex align-items-center\" \n                     aria-expanded=\"false\"\n                     aria-controls=\"waste-panel-1\"\n                     id=\"waste-header-1\">\n                     <span class=\"number d-flex align-items-center justify-content-center\" aria-hidden=\"true\"><span>2<\/span><\/span>\n                     <span class=\"title d-flex align-items-center\">Reciclar<\/span>\n                  <\/button>\n                  <div class=\"content\" \n                     id=\"waste-panel-1\" \n                     role=\"region\" \n                     aria-labelledby=\"waste-header-1\"\n                     hidden>\n                     <p>Nuestras f\u00e1bricas reciclan todos sus residuos de producci\u00f3n. La mayor\u00eda de nuestros residuos son reciclados por nuestros socios externos en sus instalaciones. Sin embargo, tambi\u00e9n estamos constantemente <strong>desarrollando nuevos m\u00e9todos para reciclar m\u00e1s residuos internamente.\u00a0 <\/strong><\/p>\n<ul>\n<li>Optimizamos continuamente los procesos de producci\u00f3n de nuestros sellantes. Por ejemplo, hemos <strong>disminuido la cantidad de materias primas sobrantes<\/strong> reutiliz\u00e1ndolas en otras f\u00f3rmulas de productos.<\/li>\n<li>Adem\u00e1s, estamos buscando activamente formas de reutilizar nuestros residuos h\u00edbridos y de silicona curada. Por ejemplo, en colaboraci\u00f3n con universidades, estamos explorando formas de utilizar <strong>silicona curada y residuos h\u00edbridos<\/strong> como materia prima para otras aplicaciones, como la construcci\u00f3n de carreteras, el asfalto o la producci\u00f3n de hormig\u00f3n.<\/li>\n<\/ul>\n\n                     \n                     \n                                       <\/div>\n               <\/div>\n                                          <div class=\"item\">\n                  <button type=\"button\" \n                     class=\"title-wrap d-flex align-items-center\" \n                     aria-expanded=\"false\"\n                     aria-controls=\"waste-panel-2\"\n                     id=\"waste-header-2\">\n                     <span class=\"number d-flex align-items-center justify-content-center\" aria-hidden=\"true\"><span>3<\/span><\/span>\n                     <span class=\"title d-flex align-items-center\">Reutilizar<\/span>\n                  <\/button>\n                  <div class=\"content\" \n                     id=\"waste-panel-2\" \n                     role=\"region\" \n                     aria-labelledby=\"waste-header-2\"\n                     hidden>\n                     <p>Desde 2021, hemos utilizado el <strong>100% de los restos de nuestra producci\u00f3n interna de pl\u00e1stico<\/strong> para producir herramientas y componentes de pl\u00e1stico Penosil.<\/p>\n<ul>\n<li>Por ejemplo, la <strong>esp\u00e1tula patentada Penosil<\/strong> se produce utilizando nuestros residuos pl\u00e1sticos.<\/li>\n<\/ul>\n<p><img loading=\"lazy\" decoding=\"async\" class=\"\" src=\"https:\/\/penosil.com\/es\/wp-content\/uploads\/sites\/9\/2025\/07\/Spatula-B.png\" width=\"58\" height=\"50\" \/><\/p>\n<ul>\n<li>Por el momento, tambi\u00e9n estamos probando el uso de pl\u00e1stico PCR en nuestra producci\u00f3n de adaptadores de espuma y c\u00e1nulas.<\/li>\n<\/ul>\n\n                     \n                     \n                                       <\/div>\n               <\/div>\n                     <\/div>\n      <\/div>\n   <\/section>\n\n<section class=\"pnsl-icon-hovers-block\" aria-label=\"Interactive Icon Navigation\">\n   <div class=\"container\">\n               <h2>Ir al siguiente tema de Sostenibilidad<\/h2>\n         <\/div>\n\n         <div class=\"container icons-container\">\n         <ul class=\"icons d-flex align-items-center justify-content-center justify-content-lg-between flex-wrap\" role=\"list\">\n                                          <li class=\"icon\">\n                  <a href=\"https:\/\/penosil.com\/es\/sostenibilidad\/durabilidad\/\"\n                     class=\"icon-link d-flex align-items-center justify-content-center\"\n                     style=\"--bg-color: #b7e4c7; --text-color: #ffffff\"\n                     >\n                     <span class=\"icon-image\" aria-hidden=\"true\">\n                        <img loading=\"lazy\" decoding=\"async\" src=\"https:\/\/penosil.com\/es\/wp-content\/uploads\/sites\/9\/2024\/05\/Icons.svg\" width=\"68\" height=\"67\" alt=\"\">\n                     <\/span>\n                     <span class=\"icon-label\">Durabilidad<\/span>\n                  <\/a>\n               <\/li>\n                                          <li class=\"icon\">\n                  <a href=\"https:\/\/penosil.com\/es\/sostenibilidad\/componentes-sostenibles\/\"\n                     class=\"icon-link d-flex align-items-center justify-content-center\"\n                     style=\"--bg-color: #52b788; --text-color: #fff\"\n                     >\n                     <span class=\"icon-image\" aria-hidden=\"true\">\n                        <img loading=\"lazy\" decoding=\"async\" src=\"https:\/\/penosil.com\/es\/wp-content\/uploads\/sites\/9\/2024\/05\/Group-409.svg\" width=\"72\" height=\"75\" alt=\"\">\n                     <\/span>\n                     <span class=\"icon-label\">Componentes Sostenibles<\/span>\n                  <\/a>\n               <\/li>\n                                          <li class=\"icon\">\n                  <a href=\"https:\/\/penosil.com\/es\/sostenibilidad\/energias-renovables\/\"\n                     class=\"icon-link d-flex align-items-center justify-content-center\"\n                     style=\"--bg-color: #40916c; --text-color: #fff\"\n                     >\n                     <span class=\"icon-image\" aria-hidden=\"true\">\n                        <img loading=\"lazy\" decoding=\"async\" src=\"https:\/\/penosil.com\/es\/wp-content\/uploads\/sites\/9\/2024\/05\/48x48_Icons.svg\" width=\"76\" height=\"73\" alt=\"\">\n                     <\/span>\n                     <span class=\"icon-label\">Energ\u00edas Renovables<\/span>\n                  <\/a>\n               <\/li>\n                                          <li class=\"icon\">\n                  <a href=\"https:\/\/penosil.com\/es\/sostenibilidad\/innovacion\/\"\n                     class=\"icon-link d-flex align-items-center justify-content-center\"\n                     style=\"--bg-color: #1b4332; --text-color: #fff\"\n                     >\n                     <span class=\"icon-image\" aria-hidden=\"true\">\n                        <img loading=\"lazy\" decoding=\"async\" src=\"https:\/\/penosil.com\/es\/wp-content\/uploads\/sites\/9\/2024\/05\/Group-410.svg\" width=\"88\" height=\"94\" alt=\"\">\n                     <\/span>\n                     <span class=\"icon-label\">Innovaci\u00f3n<\/span>\n                  <\/a>\n               <\/li>\n                                          <li class=\"icon\">\n                  <a href=\"https:\/\/penosil.com\/es\/sostenibilidad\/entorno-de-vida-mas-seguro\/\"\n                     class=\"icon-link d-flex align-items-center justify-content-center\"\n                     style=\"--bg-color: #426a5a; --text-color: #fff\"\n                     >\n                     <span class=\"icon-image\" aria-hidden=\"true\">\n                        <img loading=\"lazy\" decoding=\"async\" src=\"https:\/\/penosil.com\/es\/wp-content\/uploads\/sites\/9\/2024\/05\/Group-416.svg\" width=\"79\" height=\"90\" alt=\"\">\n                     <\/span>\n                     <span class=\"icon-label\">Entorno de Vida m\u00e1s Seguro<\/span>\n                  <\/a>\n               <\/li>\n                                          <li class=\"icon\">\n                  <a href=\"https:\/\/penosil.com\/es\/sostenibilidad\/invisible-pero-en-todas-partes\/\"\n                     class=\"icon-link d-flex align-items-center justify-content-center\"\n                     style=\"--bg-color: #007F5F; --text-color: #fff\"\n                     >\n                     <span class=\"icon-image\" aria-hidden=\"true\">\n                        <img loading=\"lazy\" decoding=\"async\" src=\"https:\/\/penosil.com\/es\/wp-content\/uploads\/sites\/9\/2024\/05\/Group-393.svg\" width=\"87\" height=\"79\" alt=\"\">\n                     <\/span>\n                     <span class=\"icon-label\">Invisible, pero en todas partes<\/span>\n                  <\/a>\n               <\/li>\n                     <\/ul>\n      <\/div>\n   <\/section>","protected":false},"excerpt":{"rendered":"","protected":false},"author":105,"featured_media":0,"parent":10808,"menu_order":13,"comment_status":"closed","ping_status":"closed","template":"page-templates\/template-no-title.php","meta":{"_acf_changed":false,"advgb_blocks_editor_width":"","advgb_blocks_columns_visual_guide":"","footnotes":""},"class_list":["post-10858","page","type-page","status-publish","hentry"],"acf":[],"yoast_head":"<!-- This site is optimized with the Yoast SEO plugin v27.2 - https:\/\/yoast.com\/product\/yoast-seo-wordpress\/ -->\n<title>Gesti\u00f3n de Residuos - Penosil Spain<\/title>\n<meta name=\"description\" content=\"En Penosil estamos comprometidos con la gesti\u00f3n de residuos. Objetivo: reducir, reutilizar, reciclar y recuperar nuestros residuos en un 50%.\" \/>\n<meta name=\"robots\" content=\"index, follow, max-snippet:-1, max-image-preview:large, max-video-preview:-1\" \/>\n<link rel=\"canonical\" href=\"https:\/\/penosil.com\/es\/sostenibilidad\/gestion-de-residuos\/\" \/>\n<meta property=\"og:locale\" content=\"es_ES\" \/>\n<meta property=\"og:type\" content=\"article\" \/>\n<meta property=\"og:title\" content=\"Gesti\u00f3n de Residuos - Penosil Spain\" \/>\n<meta property=\"og:description\" content=\"En Penosil estamos comprometidos con la gesti\u00f3n de residuos. Objetivo: reducir, reutilizar, reciclar y recuperar nuestros residuos en un 50%.\" \/>\n<meta property=\"og:url\" content=\"https:\/\/penosil.com\/es\/sostenibilidad\/gestion-de-residuos\/\" \/>\n<meta property=\"og:site_name\" content=\"Penosil Spain\" \/>\n<meta property=\"article:modified_time\" content=\"2025-07-10T11:21:36+00:00\" \/>\n<meta name=\"twitter:card\" content=\"summary_large_image\" \/>\n<meta name=\"twitter:label1\" content=\"Tiempo de lectura\" \/>\n\t<meta name=\"twitter:data1\" content=\"4 minutos\" \/>\n<script type=\"application\/ld+json\" class=\"yoast-schema-graph\">{\"@context\":\"https:\/\/schema.org\",\"@graph\":[{\"@type\":\"WebPage\",\"@id\":\"https:\/\/penosil.com\/es\/sostenibilidad\/gestion-de-residuos\/\",\"url\":\"https:\/\/penosil.com\/es\/sostenibilidad\/gestion-de-residuos\/\",\"name\":\"Gesti\u00f3n de Residuos - Penosil Spain\",\"isPartOf\":{\"@id\":\"https:\/\/penosil.com\/es\/#website\"},\"datePublished\":\"2024-05-24T07:16:07+00:00\",\"dateModified\":\"2025-07-10T11:21:36+00:00\",\"description\":\"En Penosil estamos comprometidos con la gesti\u00f3n de residuos. Objetivo: reducir, reutilizar, reciclar y recuperar nuestros residuos en un 50%.\",\"breadcrumb\":{\"@id\":\"https:\/\/penosil.com\/es\/sostenibilidad\/gestion-de-residuos\/#breadcrumb\"},\"inLanguage\":\"es\",\"potentialAction\":[{\"@type\":\"ReadAction\",\"target\":[\"https:\/\/penosil.com\/es\/sostenibilidad\/gestion-de-residuos\/\"]}]},{\"@type\":\"BreadcrumbList\",\"@id\":\"https:\/\/penosil.com\/es\/sostenibilidad\/gestion-de-residuos\/#breadcrumb\",\"itemListElement\":[{\"@type\":\"ListItem\",\"position\":1,\"name\":\"Inicio\",\"item\":\"https:\/\/penosil.com\/es\/\"},{\"@type\":\"ListItem\",\"position\":2,\"name\":\"Sostenibilidad\",\"item\":\"https:\/\/penosil.com\/es\/sostenibilidad\/\"},{\"@type\":\"ListItem\",\"position\":3,\"name\":\"Gesti\u00f3n de Residuos\"}]},{\"@type\":\"WebSite\",\"@id\":\"https:\/\/penosil.com\/es\/#website\",\"url\":\"https:\/\/penosil.com\/es\/\",\"name\":\"Penosil Spain\",\"description\":\"\",\"potentialAction\":[{\"@type\":\"SearchAction\",\"target\":{\"@type\":\"EntryPoint\",\"urlTemplate\":\"https:\/\/penosil.com\/es\/?s={search_term_string}\"},\"query-input\":{\"@type\":\"PropertyValueSpecification\",\"valueRequired\":true,\"valueName\":\"search_term_string\"}}],\"inLanguage\":\"es\"}]}<\/script>\n<!-- \/ Yoast SEO plugin. -->","yoast_head_json":{"title":"Gesti\u00f3n de Residuos - Penosil Spain","description":"En Penosil estamos comprometidos con la gesti\u00f3n de residuos. Objetivo: reducir, reutilizar, reciclar y recuperar nuestros residuos en un 50%.","robots":{"index":"index","follow":"follow","max-snippet":"max-snippet:-1","max-image-preview":"max-image-preview:large","max-video-preview":"max-video-preview:-1"},"canonical":"https:\/\/penosil.com\/es\/sostenibilidad\/gestion-de-residuos\/","og_locale":"es_ES","og_type":"article","og_title":"Gesti\u00f3n de Residuos - Penosil Spain","og_description":"En Penosil estamos comprometidos con la gesti\u00f3n de residuos. Objetivo: reducir, reutilizar, reciclar y recuperar nuestros residuos en un 50%.","og_url":"https:\/\/penosil.com\/es\/sostenibilidad\/gestion-de-residuos\/","og_site_name":"Penosil Spain","article_modified_time":"2025-07-10T11:21:36+00:00","twitter_card":"summary_large_image","twitter_misc":{"Tiempo de lectura":"4 minutos"},"schema":{"@context":"https:\/\/schema.org","@graph":[{"@type":"WebPage","@id":"https:\/\/penosil.com\/es\/sostenibilidad\/gestion-de-residuos\/","url":"https:\/\/penosil.com\/es\/sostenibilidad\/gestion-de-residuos\/","name":"Gesti\u00f3n de Residuos - Penosil Spain","isPartOf":{"@id":"https:\/\/penosil.com\/es\/#website"},"datePublished":"2024-05-24T07:16:07+00:00","dateModified":"2025-07-10T11:21:36+00:00","description":"En Penosil estamos comprometidos con la gesti\u00f3n de residuos. Objetivo: reducir, reutilizar, reciclar y recuperar nuestros residuos en un 50%.","breadcrumb":{"@id":"https:\/\/penosil.com\/es\/sostenibilidad\/gestion-de-residuos\/#breadcrumb"},"inLanguage":"es","potentialAction":[{"@type":"ReadAction","target":["https:\/\/penosil.com\/es\/sostenibilidad\/gestion-de-residuos\/"]}]},{"@type":"BreadcrumbList","@id":"https:\/\/penosil.com\/es\/sostenibilidad\/gestion-de-residuos\/#breadcrumb","itemListElement":[{"@type":"ListItem","position":1,"name":"Inicio","item":"https:\/\/penosil.com\/es\/"},{"@type":"ListItem","position":2,"name":"Sostenibilidad","item":"https:\/\/penosil.com\/es\/sostenibilidad\/"},{"@type":"ListItem","position":3,"name":"Gesti\u00f3n de Residuos"}]},{"@type":"WebSite","@id":"https:\/\/penosil.com\/es\/#website","url":"https:\/\/penosil.com\/es\/","name":"Penosil Spain","description":"","potentialAction":[{"@type":"SearchAction","target":{"@type":"EntryPoint","urlTemplate":"https:\/\/penosil.com\/es\/?s={search_term_string}"},"query-input":{"@type":"PropertyValueSpecification","valueRequired":true,"valueName":"search_term_string"}}],"inLanguage":"es"}]}},"coauthors":[],"author_meta":{"author_link":"https:\/\/penosil.com\/es\/author\/kevinreaktiiv\/","display_name":"kevinreaktiiv"},"relative_dates":{"created":"Publicado 2 a\u00f1os hace","modified":"Actualizado 9 meses hace"},"absolute_dates":{"created":"Publicado el 05\/24\/2024","modified":"Actualizado el 07\/10\/2025"},"absolute_dates_time":{"created":"Publicado el 05\/24\/2024 7:16 am","modified":"Actualizado el 07\/10\/2025 12:21 pm"},"featured_img_caption":"","featured_img":false,"series_order":"","_links":{"self":[{"href":"https:\/\/penosil.com\/es\/wp-json\/wp\/v2\/pages\/10858","targetHints":{"allow":["GET"]}}],"collection":[{"href":"https:\/\/penosil.com\/es\/wp-json\/wp\/v2\/pages"}],"about":[{"href":"https:\/\/penosil.com\/es\/wp-json\/wp\/v2\/types\/page"}],"author":[{"embeddable":true,"href":"https:\/\/penosil.com\/es\/wp-json\/wp\/v2\/users\/105"}],"replies":[{"embeddable":true,"href":"https:\/\/penosil.com\/es\/wp-json\/wp\/v2\/comments?post=10858"}],"version-history":[{"count":11,"href":"https:\/\/penosil.com\/es\/wp-json\/wp\/v2\/pages\/10858\/revisions"}],"predecessor-version":[{"id":12924,"href":"https:\/\/penosil.com\/es\/wp-json\/wp\/v2\/pages\/10858\/revisions\/12924"}],"up":[{"embeddable":true,"href":"https:\/\/penosil.com\/es\/wp-json\/wp\/v2\/pages\/10808"}],"wp:attachment":[{"href":"https:\/\/penosil.com\/es\/wp-json\/wp\/v2\/media?parent=10858"}],"curies":[{"name":"wp","href":"https:\/\/api.w.org\/{rel}","templated":true}]}}