{"id":11702,"date":"2025-03-10T12:20:58","date_gmt":"2025-03-10T11:20:58","guid":{"rendered":"https:\/\/penosil.com\/es\/?page_id=11702"},"modified":"2026-02-12T17:19:25","modified_gmt":"2026-02-12T16:19:25","slug":"faqs-tienda-online-penosil","status":"publish","type":"page","link":"https:\/\/penosil.com\/es\/faqs-tienda-online-penosil\/","title":{"rendered":"Preguntas frecuentes e-Shop Penosil"},"content":{"rendered":"\n<div class=\"wp-block-advgb-accordions advgb-accordions-b03089f5-bccd-4e37-a440-72afbf05ec63 advgb-accordion-wrapper\" data-collapsed=\"true\">\n<div class=\"wp-block-advgb-accordion-item advgb-accordion-item\" style=\"margin-bottom:15px\"><div class=\"advgb-accordion-header\" style=\"background-color:#fafafa;color:#000000;border-style:solid;border-width:0px;border-radius:2px\"><span class=\"advgb-accordion-header-icon\"><svg fill=\"#000000\" xmlns=\"http:\/\/www.w3.org\/2000\/svg\" width=\"24\" height=\"24\" viewBox=\"0 0 24 24\"><path opacity=\"0.87\" fill=\"none\" d=\"M24,24H0L0,0l24,0V24z\"><\/path><path d=\"M16.59,8.59L12,13.17L7.41,8.59L6,10l6,6l6-6L16.59,8.59z\"><\/path><\/svg><\/span><h4 class=\"advgb-accordion-header-title\" style=\"color:inherit\"><strong>\u00bfCu\u00e1ndo recibir\u00e9 mi pedido?<\/strong><\/h4><\/div><div class=\"advgb-accordion-body\" style=\"border-style:solid !important;border-width:0px !important;border-color:undefined !important;border-top:none !important;border-radius:2px !important\">\n<p>El plazo de entrega de tu pedido depende del m\u00e9todo de env\u00edo que hayas elegido al realizar el pedido.<\/p>\n\n\n\n<p>En algunos casos, es posible que se necesiten uno o dos d\u00edas adicionales debido a un volumen de env\u00edos mayor de lo habitual (esto suele ocurrir durante el Black Friday, Navidad o temporada de rebajas), o si la direcci\u00f3n de entrega est\u00e1 situada en una ubicaci\u00f3n remota.<\/p>\n<\/div><\/div>\n\n\n\n<div class=\"wp-block-advgb-accordion-item advgb-accordion-item\" style=\"margin-bottom:15px\"><div class=\"advgb-accordion-header\" style=\"background-color:#fafafa;color:#000000;border-style:solid;border-width:0px;border-radius:2px\"><span class=\"advgb-accordion-header-icon\"><svg fill=\"#000000\" xmlns=\"http:\/\/www.w3.org\/2000\/svg\" width=\"24\" height=\"24\" viewBox=\"0 0 24 24\"><path opacity=\"0.87\" fill=\"none\" d=\"M24,24H0L0,0l24,0V24z\"><\/path><path d=\"M16.59,8.59L12,13.17L7.41,8.59L6,10l6,6l6-6L16.59,8.59z\"><\/path><\/svg><\/span><h4 class=\"advgb-accordion-header-title\" style=\"color:inherit\"><strong>\u00bfC\u00f3mo puedo hacer el seguimiento de mi pedido?<\/strong><\/h4><\/div><div class=\"advgb-accordion-body\" style=\"border-style:solid !important;border-width:0px !important;border-color:undefined !important;border-top:none !important;border-radius:2px !important\">\n<p>Puedes rastrear tu paquete en cualquier momento a trav\u00e9s de la p\u00e1gina de nuestra empresa de transporte habitual, GLS: <a href=\"https:\/\/www.gls-spain.es\/es\/recibir-paquetes\/seguimiento-envio\/\" target=\"_blank\" rel=\"noreferrer noopener nofollow\">Seguimiento de env\u00edo<\/a>.<\/p>\n\n\n\n<p>\u2022 Env\u00edos nacionales: Para saber d\u00f3nde se encuentra tu paquete, tan s\u00f3lo es necesario introducir el n\u00famero de seguimiento de GLS y el c\u00f3digo postal de destino.<\/p>\n<\/div><\/div>\n\n\n\n<div class=\"wp-block-advgb-accordion-item advgb-accordion-item\" style=\"margin-bottom:15px\"><div class=\"advgb-accordion-header\" style=\"background-color:#fafafa;color:#000000;border-style:solid;border-width:0px;border-radius:2px\"><span class=\"advgb-accordion-header-icon\"><svg fill=\"#000000\" xmlns=\"http:\/\/www.w3.org\/2000\/svg\" width=\"24\" height=\"24\" viewBox=\"0 0 24 24\"><path opacity=\"0.87\" fill=\"none\" d=\"M24,24H0L0,0l24,0V24z\"><\/path><path d=\"M16.59,8.59L12,13.17L7.41,8.59L6,10l6,6l6-6L16.59,8.59z\"><\/path><\/svg><\/span><h4 class=\"advgb-accordion-header-title\" style=\"color:inherit\"><strong>\u00bfVas a estar ausente en la direcci\u00f3n de entrega?<\/strong><\/h4><\/div><div class=\"advgb-accordion-body\" style=\"border-style:solid !important;border-width:0px !important;border-color:undefined !important;border-top:none !important;border-radius:2px !important\">\n<p>Si crees que vas a estar ausente en alg\u00fan momento de la franja horaria aproximada de entrega, puedes recibir tu env\u00edo en uno de los m\u00e1s de 6.300 puntos de conveniencia Parcel Shop GLS.<\/p>\n\n\n\n<ol class=\"wp-block-list\">\n<li>Accede al seguimiento de tu env\u00edo: <a href=\"https:\/\/www.gls-spain.es\/es\/recibir-paquetes\/seguimiento-envio\/\" target=\"_blank\" rel=\"noreferrer noopener nofollow\">Seguimiento de env\u00edo<\/a><\/li>\n\n\n\n<li>Haz clic en Recoger en punto de conveniencia.<\/li>\n\n\n\n<li>Selecciona el Parcel Shop en el que desees recoger tu env\u00edo y haz clic en Recoger en este Parcel Shop.<\/li>\n\n\n\n<li>Recoge tu paquete en el punto de recogida solicitado cuando en el estado aparezca Depositado en Parcel Shop.<\/li>\n<\/ol>\n<\/div><\/div>\n\n\n\n<div class=\"wp-block-advgb-accordion-item advgb-accordion-item\" style=\"margin-bottom:15px\"><div class=\"advgb-accordion-header\" style=\"background-color:#fafafa;color:#000000;border-style:solid;border-width:0px;border-radius:2px\"><span class=\"advgb-accordion-header-icon\"><svg fill=\"#000000\" xmlns=\"http:\/\/www.w3.org\/2000\/svg\" width=\"24\" height=\"24\" viewBox=\"0 0 24 24\"><path opacity=\"0.87\" fill=\"none\" d=\"M24,24H0L0,0l24,0V24z\"><\/path><path d=\"M16.59,8.59L12,13.17L7.41,8.59L6,10l6,6l6-6L16.59,8.59z\"><\/path><\/svg><\/span><h4 class=\"advgb-accordion-header-title\" style=\"color:inherit\"><strong>\u00bfQu\u00e9 debo hacer si mi pedido se retrasa?<\/strong><\/h4><\/div><div class=\"advgb-accordion-body\" style=\"border-style:solid !important;border-width:0px !important;border-color:undefined !important;border-top:none !important;border-radius:2px !important\">\n<p>Aunque los retrasos son poco frecuentes, pueden producirse. La mayor\u00eda de estos se deben a que el servicio de mensajer\u00eda maneja un volumen de env\u00edos mayor de lo habitual. En el 99% de los casos, su pedido retrasado llegar\u00e1 dentro de los 2 d\u00edas posteriores a la fecha de entrega prevista originalmente sin ninguna acci\u00f3n de su parte. Si hay alg\u00fan problema con su entrega, se lo notificaremos directamente aqu\u00ed en la p\u00e1gina de seguimiento. Si no recibe su pedido despu\u00e9s de permitir 2 d\u00edas adicionales para la entrega, o hay un problema que no puede resolver siguiendo las instrucciones que se muestran, si se requiere su participaci\u00f3n, comun\u00edquese con nosotros.<\/p>\n<\/div><\/div>\n\n\n\n<div class=\"wp-block-advgb-accordion-item advgb-accordion-item\" style=\"margin-bottom:15px\"><div class=\"advgb-accordion-header\" style=\"background-color:#fafafa;color:#000000;border-style:solid;border-width:0px;border-radius:2px\"><span class=\"advgb-accordion-header-icon\"><svg fill=\"#000000\" xmlns=\"http:\/\/www.w3.org\/2000\/svg\" width=\"24\" height=\"24\" viewBox=\"0 0 24 24\"><path opacity=\"0.87\" fill=\"none\" d=\"M24,24H0L0,0l24,0V24z\"><\/path><path d=\"M16.59,8.59L12,13.17L7.41,8.59L6,10l6,6l6-6L16.59,8.59z\"><\/path><\/svg><\/span><h4 class=\"advgb-accordion-header-title\" style=\"color:inherit\"><strong>\u00bfPuedo cambiar o cancelar mi pedido?<\/strong><\/h4><\/div><div class=\"advgb-accordion-body\" style=\"border-style:solid !important;border-width:0px !important;border-color:undefined !important;border-top:none !important;border-radius:2px !important\">\n<p>Queremos que recibas tu pedido lo antes posible. Apenas unos minutos despu\u00e9s de realizar tu pedido, nuestro almac\u00e9n inicia el proceso de preparaci\u00f3n de tu paquete para una entrega r\u00e1pida. Por lo tanto, no podr\u00e1s cambiar o cancelar tu pedido. Si quieres agregar art\u00edculos adicionales a tu pedido deber\u00e1s realizar un nuevo pedido.&nbsp;<\/p>\n<\/div><\/div>\n<\/div>\n\n\n\n<div style=\"height:20px\" aria-hidden=\"true\" class=\"wp-block-spacer\"><\/div>\n\n\n\n<hr class=\"wp-block-separator has-text-color has-alpha-channel-opacity has-background\" style=\"background-color:#f0f0f0;color:#f0f0f0\"\/>\n\n\n\n<p>Para m\u00e1s informaci\u00f3n sobre plazos de entrega y tarifas de env\u00edo visita nuestra p\u00e1gina:<br><a href=\"https:\/\/penosil.com\/es\/condiciones-de-entrega\/\">Condiciones de entrega<\/a>.<\/p>\n\n\n\n<p>Para m\u00e1s informaci\u00f3n sobre las condiciones de venta, cancelaciones y devoluciones visita nuestra p\u00e1gina:<br><a href=\"https:\/\/penosil.com\/es\/terminos-y-condiciones-de-venta\/\">T\u00e9rminos y Condiciones de venta<\/a>.<\/p>\n\n\n\n<hr class=\"wp-block-separator has-text-color has-alpha-channel-opacity has-background\" style=\"background-color:#f0f0f0;color:#f0f0f0\"\/>\n\n\n\n<p>Contacta con nuestro servicio de atenci\u00f3n al cliente si necesitas m\u00e1s ayuda:&nbsp;<\/p>\n\n\n\n<p>Email:&nbsp;<a href=\"mailto:tiendaonline.es@penosil.com\" target=\"_blank\" rel=\"noreferrer noopener\">tiendaonline.es@penosil.com<\/a>&nbsp;<br>Tel\u00e9fono:&nbsp;<a href=\"tel:+34936629911\">+34936629911<\/a>&nbsp;(L-J 8:00-16:00, V 8:00-14:00)<br>WhatsApp:&nbsp;<a href=\"https:\/\/wa.me\/+34663921604\">+34663921604<\/a>&nbsp;(L-J 8:00-16:00, V 8:00-14:00)<\/p>\n","protected":false},"excerpt":{"rendered":"Para m\u00e1s informaci\u00f3n sobre plazos de entrega y tarifas de env\u00edo visita nuestra p\u00e1gina:Condiciones de entrega. Para m\u00e1s informaci\u00f3n sobre las condiciones de venta, cancelaciones y devoluciones visita nuestra p\u00e1gina:T\u00e9rminos y Condiciones de venta. Contacta con nuestro servicio de atenci\u00f3n al cliente si necesitas m\u00e1s ayuda:&nbsp; Email:&nbsp;tiendaonline.es@penosil.com&nbsp;Tel\u00e9fono:&nbsp;+34936629911&nbsp;(L-J 8:00-16:00, V 8:00-14:00)WhatsApp:&nbsp;+34663921604&nbsp;(L-J 8:00-16:00, V 8:00-14:00)","protected":false},"author":198,"featured_media":0,"parent":0,"menu_order":4,"comment_status":"closed","ping_status":"closed","template":"page-templates\/template-narrow-page.php","meta":{"_acf_changed":false,"advgb_blocks_editor_width":"","advgb_blocks_columns_visual_guide":"","footnotes":""},"class_list":["post-11702","page","type-page","status-publish","hentry"],"acf":[],"yoast_head":"<!-- This site is optimized with the Yoast SEO plugin v27.2 - https:\/\/yoast.com\/product\/yoast-seo-wordpress\/ -->\n<title>Preguntas frecuentes e-Shop Penosil - Penosil Spain<\/title>\n<meta name=\"robots\" content=\"index, follow, max-snippet:-1, max-image-preview:large, max-video-preview:-1\" \/>\n<link rel=\"canonical\" href=\"https:\/\/penosil.com\/es\/faqs-tienda-online-penosil\/\" \/>\n<meta property=\"og:locale\" content=\"es_ES\" \/>\n<meta property=\"og:type\" content=\"article\" \/>\n<meta property=\"og:title\" content=\"Preguntas frecuentes e-Shop Penosil - Penosil Spain\" \/>\n<meta property=\"og:description\" content=\"Para m\u00e1s informaci\u00f3n sobre plazos de entrega y tarifas de env\u00edo visita nuestra p\u00e1gina:Condiciones de entrega. Para m\u00e1s informaci\u00f3n sobre las condiciones de venta, cancelaciones y devoluciones visita nuestra p\u00e1gina:T\u00e9rminos y Condiciones de venta. Contacta con nuestro servicio de atenci\u00f3n al cliente si necesitas m\u00e1s ayuda:&nbsp; Email:&nbsp;tiendaonline.es@penosil.com&nbsp;Tel\u00e9fono:&nbsp;+34936629911&nbsp;(L-J 8:00-16:00, V 8:00-14:00)WhatsApp:&nbsp;+34663921604&nbsp;(L-J 8:00-16:00, V 8:00-14:00)\" \/>\n<meta property=\"og:url\" content=\"https:\/\/penosil.com\/es\/faqs-tienda-online-penosil\/\" \/>\n<meta property=\"og:site_name\" content=\"Penosil Spain\" \/>\n<meta property=\"article:modified_time\" content=\"2026-02-12T16:19:25+00:00\" \/>\n<meta name=\"twitter:card\" content=\"summary_large_image\" \/>\n<meta name=\"twitter:label1\" content=\"Tiempo de lectura\" \/>\n\t<meta name=\"twitter:data1\" content=\"3 minutos\" \/>\n<script type=\"application\/ld+json\" class=\"yoast-schema-graph\">{\"@context\":\"https:\/\/schema.org\",\"@graph\":[{\"@type\":\"WebPage\",\"@id\":\"https:\/\/penosil.com\/es\/faqs-tienda-online-penosil\/\",\"url\":\"https:\/\/penosil.com\/es\/faqs-tienda-online-penosil\/\",\"name\":\"Preguntas frecuentes e-Shop Penosil - Penosil Spain\",\"isPartOf\":{\"@id\":\"https:\/\/penosil.com\/es\/#website\"},\"datePublished\":\"2025-03-10T11:20:58+00:00\",\"dateModified\":\"2026-02-12T16:19:25+00:00\",\"breadcrumb\":{\"@id\":\"https:\/\/penosil.com\/es\/faqs-tienda-online-penosil\/#breadcrumb\"},\"inLanguage\":\"es\",\"potentialAction\":[{\"@type\":\"ReadAction\",\"target\":[\"https:\/\/penosil.com\/es\/faqs-tienda-online-penosil\/\"]}]},{\"@type\":\"BreadcrumbList\",\"@id\":\"https:\/\/penosil.com\/es\/faqs-tienda-online-penosil\/#breadcrumb\",\"itemListElement\":[{\"@type\":\"ListItem\",\"position\":1,\"name\":\"Inicio\",\"item\":\"https:\/\/penosil.com\/es\/\"},{\"@type\":\"ListItem\",\"position\":2,\"name\":\"Preguntas frecuentes e-Shop Penosil\"}]},{\"@type\":\"WebSite\",\"@id\":\"https:\/\/penosil.com\/es\/#website\",\"url\":\"https:\/\/penosil.com\/es\/\",\"name\":\"Penosil Spain\",\"description\":\"\",\"potentialAction\":[{\"@type\":\"SearchAction\",\"target\":{\"@type\":\"EntryPoint\",\"urlTemplate\":\"https:\/\/penosil.com\/es\/?s={search_term_string}\"},\"query-input\":{\"@type\":\"PropertyValueSpecification\",\"valueRequired\":true,\"valueName\":\"search_term_string\"}}],\"inLanguage\":\"es\"}]}<\/script>\n<!-- \/ Yoast SEO plugin. -->","yoast_head_json":{"title":"Preguntas frecuentes e-Shop Penosil - Penosil Spain","robots":{"index":"index","follow":"follow","max-snippet":"max-snippet:-1","max-image-preview":"max-image-preview:large","max-video-preview":"max-video-preview:-1"},"canonical":"https:\/\/penosil.com\/es\/faqs-tienda-online-penosil\/","og_locale":"es_ES","og_type":"article","og_title":"Preguntas frecuentes e-Shop Penosil - Penosil Spain","og_description":"Para m\u00e1s informaci\u00f3n sobre plazos de entrega y tarifas de env\u00edo visita nuestra p\u00e1gina:Condiciones de entrega. Para m\u00e1s informaci\u00f3n sobre las condiciones de venta, cancelaciones y devoluciones visita nuestra p\u00e1gina:T\u00e9rminos y Condiciones de venta. Contacta con nuestro servicio de atenci\u00f3n al cliente si necesitas m\u00e1s ayuda:&nbsp; Email:&nbsp;tiendaonline.es@penosil.com&nbsp;Tel\u00e9fono:&nbsp;+34936629911&nbsp;(L-J 8:00-16:00, V 8:00-14:00)WhatsApp:&nbsp;+34663921604&nbsp;(L-J 8:00-16:00, V 8:00-14:00)","og_url":"https:\/\/penosil.com\/es\/faqs-tienda-online-penosil\/","og_site_name":"Penosil Spain","article_modified_time":"2026-02-12T16:19:25+00:00","twitter_card":"summary_large_image","twitter_misc":{"Tiempo de lectura":"3 minutos"},"schema":{"@context":"https:\/\/schema.org","@graph":[{"@type":"WebPage","@id":"https:\/\/penosil.com\/es\/faqs-tienda-online-penosil\/","url":"https:\/\/penosil.com\/es\/faqs-tienda-online-penosil\/","name":"Preguntas frecuentes e-Shop Penosil - Penosil Spain","isPartOf":{"@id":"https:\/\/penosil.com\/es\/#website"},"datePublished":"2025-03-10T11:20:58+00:00","dateModified":"2026-02-12T16:19:25+00:00","breadcrumb":{"@id":"https:\/\/penosil.com\/es\/faqs-tienda-online-penosil\/#breadcrumb"},"inLanguage":"es","potentialAction":[{"@type":"ReadAction","target":["https:\/\/penosil.com\/es\/faqs-tienda-online-penosil\/"]}]},{"@type":"BreadcrumbList","@id":"https:\/\/penosil.com\/es\/faqs-tienda-online-penosil\/#breadcrumb","itemListElement":[{"@type":"ListItem","position":1,"name":"Inicio","item":"https:\/\/penosil.com\/es\/"},{"@type":"ListItem","position":2,"name":"Preguntas frecuentes e-Shop Penosil"}]},{"@type":"WebSite","@id":"https:\/\/penosil.com\/es\/#website","url":"https:\/\/penosil.com\/es\/","name":"Penosil Spain","description":"","potentialAction":[{"@type":"SearchAction","target":{"@type":"EntryPoint","urlTemplate":"https:\/\/penosil.com\/es\/?s={search_term_string}"},"query-input":{"@type":"PropertyValueSpecification","valueRequired":true,"valueName":"search_term_string"}}],"inLanguage":"es"}]}},"coauthors":[],"author_meta":{"author_link":"https:\/\/penosil.com\/es\/author\/eric\/","display_name":"eric"},"relative_dates":{"created":"Publicado 1 a\u00f1o hace","modified":"Actualizado 2 meses hace"},"absolute_dates":{"created":"Publicado el 03\/10\/2025","modified":"Actualizado el 02\/12\/2026"},"absolute_dates_time":{"created":"Publicado el 03\/10\/2025 12:20 pm","modified":"Actualizado el 02\/12\/2026 5:19 pm"},"featured_img_caption":"","featured_img":false,"series_order":"","_links":{"self":[{"href":"https:\/\/penosil.com\/es\/wp-json\/wp\/v2\/pages\/11702","targetHints":{"allow":["GET"]}}],"collection":[{"href":"https:\/\/penosil.com\/es\/wp-json\/wp\/v2\/pages"}],"about":[{"href":"https:\/\/penosil.com\/es\/wp-json\/wp\/v2\/types\/page"}],"author":[{"embeddable":true,"href":"https:\/\/penosil.com\/es\/wp-json\/wp\/v2\/users\/198"}],"replies":[{"embeddable":true,"href":"https:\/\/penosil.com\/es\/wp-json\/wp\/v2\/comments?post=11702"}],"version-history":[{"count":29,"href":"https:\/\/penosil.com\/es\/wp-json\/wp\/v2\/pages\/11702\/revisions"}],"predecessor-version":[{"id":17432,"href":"https:\/\/penosil.com\/es\/wp-json\/wp\/v2\/pages\/11702\/revisions\/17432"}],"wp:attachment":[{"href":"https:\/\/penosil.com\/es\/wp-json\/wp\/v2\/media?parent=11702"}],"curies":[{"name":"wp","href":"https:\/\/api.w.org\/{rel}","templated":true}]}}