{"id":11814,"date":"2025-03-10T12:20:16","date_gmt":"2025-03-10T11:20:16","guid":{"rendered":"https:\/\/penosil.com\/es\/?page_id=11814"},"modified":"2026-02-12T17:16:01","modified_gmt":"2026-02-12T16:16:01","slug":"condiciones-de-entrega","status":"publish","type":"page","link":"https:\/\/penosil.com\/es\/condiciones-de-entrega\/","title":{"rendered":"Condiciones de entrega"},"content":{"rendered":"\n<h4 class=\"wp-block-heading\"><strong>1. Cobertura de env\u00edos<\/strong>&nbsp;<\/h4>\n\n\n\n<p>La venta y entrega de los productos adquiridos a trav\u00e9s de la tienda online Penosil solo es posible dentro del territorio nacional excepto: Islas Baleares, Islas Canarias, Ceuta y Melilla.<br><strong>No se realizan env\u00edos a las Islas Baleares, Islas Canarias, Ceuta y Melilla.&nbsp;<\/strong><br><strong>No se relizar\u00e1n entregas en apartados de correos<\/strong>.&nbsp;<\/p>\n\n\n\n<h4 class=\"wp-block-heading\"><strong>2. Plazos de entrega<\/strong>&nbsp;<\/h4>\n\n\n\n<p>Las entregas se realizan en la direcci\u00f3n indicada en d\u00edas laborables entre las 8:00 y las 18:00 horas. El destinatario debe estar disponible en la direcci\u00f3n indicada durante este horario. No se realizan entregas en d\u00edas festivos.&nbsp;<\/p>\n\n\n\n<p>Por lo general, los productos se entregan en un plazo de 24 a 72 horas (seg\u00fan la tarifa seleccionada durante el proceso de pago) desde el momento de la entrega del pedido a la empresa de transporte y como m\u00e1ximo, en un plazo de 30 d\u00edas desde el momento de la celebraci\u00f3n del contrato.<\/p>\n\n\n\n<figure class=\"wp-block-table is-style-regular\"><table class=\"has-fixed-layout\"><thead><tr><th>M\u00e9todo de env\u00edo<\/th><th>Plazo de entrega<\/th><\/tr><\/thead><tbody><tr><td>Env\u00edos Tarifa Economy<\/td><td>24\/72h (d\u00edas h\u00e1biles)<\/td><\/tr><tr><td>Env\u00edos Tarifa Express<\/td><td>24\/48h (d\u00edas h\u00e1biles)<\/td><\/tr><\/tbody><\/table><\/figure>\n\n\n\n<p>\ud83d\udce6 Los pedidos recibidos despu\u00e9s de las 12:30 ser\u00e1n procesados y enviados al siguiente d\u00eda laborable.<\/p>\n\n\n\n<div style=\"height:20px\" aria-hidden=\"true\" class=\"wp-block-spacer\"><\/div>\n\n\n\n<h4 class=\"wp-block-heading\"><strong>3. Costes de env\u00edo <\/strong>&nbsp;<\/h4>\n\n\n\n<p>El importe exacto del env\u00edo se calcular\u00e1 en la p\u00e1gina de confirmaci\u00f3n del pedido, antes de realizar el pago, tras introducir la direcci\u00f3n de entrega y seleccionar el m\u00e9todo del env\u00edo deseado.&nbsp;<\/p>\n\n\n\n<div style=\"height:20px\" aria-hidden=\"true\" class=\"wp-block-spacer\"><\/div>\n\n\n\n<p><strong>Env\u00edo Economy<\/strong>: 24\/72h (d\u00edas h\u00e1biles). Precios sin IVA.&nbsp;<\/p>\n\n\n\n<figure class=\"wp-block-table is-style-stripes\"><table><thead><tr><th class=\"has-text-align-center\" data-align=\"center\">Peso<\/th><th class=\"has-text-align-center\" data-align=\"center\">Barcelona Provincia&nbsp;<\/th><th class=\"has-text-align-center\" data-align=\"center\">Catalu\u00f1a&nbsp;<\/th><th class=\"has-text-align-center\" data-align=\"center\">Nacional&nbsp;<\/th><\/tr><\/thead><tbody><tr><td class=\"has-text-align-center\" data-align=\"center\">Hasta 1 Kg&nbsp;<\/td><td class=\"has-text-align-center\" data-align=\"center\">3,99\u20ac<\/td><td class=\"has-text-align-center\" data-align=\"center\">4,31\u20ac<\/td><td class=\"has-text-align-center\" data-align=\"center\">4,38\u20ac<\/td><\/tr><tr><td class=\"has-text-align-center\" data-align=\"center\">Hasta 3 Kgs&nbsp;<\/td><td class=\"has-text-align-center\" data-align=\"center\">4,06\u20ac<\/td><td class=\"has-text-align-center\" data-align=\"center\">4,45\u20ac<\/td><td class=\"has-text-align-center\" data-align=\"center\">4,87\u20ac&nbsp;<\/td><\/tr><tr><td class=\"has-text-align-center\" data-align=\"center\">Hasta 5 Kgs&nbsp;<\/td><td class=\"has-text-align-center\" data-align=\"center\">4,35\u20ac<\/td><td class=\"has-text-align-center\" data-align=\"center\">4,75\u20ac<\/td><td class=\"has-text-align-center\" data-align=\"center\">5,48\u20ac<\/td><\/tr><tr><td class=\"has-text-align-center\" data-align=\"center\">Hasta 10 Kgs&nbsp;<\/td><td class=\"has-text-align-center\" data-align=\"center\">4,89\u20ac<\/td><td class=\"has-text-align-center\" data-align=\"center\">5,68\u20ac<\/td><td class=\"has-text-align-center\" data-align=\"center\">6,21\u20ac<\/td><\/tr><tr><td class=\"has-text-align-center\" data-align=\"center\">Hasta 15 Kgs&nbsp;<\/td><td class=\"has-text-align-center\" data-align=\"center\">5,69\u20ac<\/td><td class=\"has-text-align-center\" data-align=\"center\">7,14\u20ac<\/td><td class=\"has-text-align-center\" data-align=\"center\">7,98\u20ac<\/td><\/tr><tr><td class=\"has-text-align-center\" data-align=\"center\">Hasta 20 Kgs&nbsp;<\/td><td class=\"has-text-align-center\" data-align=\"center\">6,86\u20ac<\/td><td class=\"has-text-align-center\" data-align=\"center\">8,76\u20ac<\/td><td class=\"has-text-align-center\" data-align=\"center\">10,00\u20ac<\/td><\/tr><tr><td class=\"has-text-align-center\" data-align=\"center\">Hasta 25 Kgs&nbsp;<\/td><td class=\"has-text-align-center\" data-align=\"center\">8,03\u20ac<\/td><td class=\"has-text-align-center\" data-align=\"center\">10,36\u20ac<\/td><td class=\"has-text-align-center\" data-align=\"center\">11,95\u20ac<\/td><\/tr><tr><td class=\"has-text-align-center\" data-align=\"center\">Hasta 30 Kgs&nbsp;<\/td><td class=\"has-text-align-center\" data-align=\"center\">9,22\u20ac<\/td><td class=\"has-text-align-center\" data-align=\"center\">11,97\u20ac<\/td><td class=\"has-text-align-center\" data-align=\"center\">13,87\u20ac<\/td><\/tr><tr><td class=\"has-text-align-center\" data-align=\"center\">+5 Kgs adicionales&nbsp;<\/td><td class=\"has-text-align-center\" data-align=\"center\">1,51\u20ac<\/td><td class=\"has-text-align-center\" data-align=\"center\">2,05\u20ac<\/td><td class=\"has-text-align-center\" data-align=\"center\">2,20\u20ac<\/td><\/tr><\/tbody><\/table><\/figure>\n\n\n\n<div style=\"height:30px\" aria-hidden=\"true\" class=\"wp-block-spacer\"><\/div>\n\n\n\n<p><strong>Env\u00edo Express<\/strong>: 24\/48h (d\u00edas h\u00e1biles). Precios sin IVA.&nbsp;<\/p>\n\n\n\n<figure class=\"wp-block-table is-style-stripes\"><table class=\"has-fixed-layout\"><thead><tr><th class=\"has-text-align-center\" data-align=\"center\">Peso<br><\/th><th class=\"has-text-align-center\" data-align=\"center\">Barcelona Provincia&nbsp;<\/th><th class=\"has-text-align-center\" data-align=\"center\">Catalu\u00f1a&nbsp;<\/th><th class=\"has-text-align-center\" data-align=\"center\">Nacional&nbsp;<\/th><\/tr><\/thead><tbody><tr><td class=\"has-text-align-center\" data-align=\"center\">Hasta 1 Kg&nbsp;<\/td><td class=\"has-text-align-center\" data-align=\"center\">4,99\u20ac<\/td><td class=\"has-text-align-center\" data-align=\"center\">5,44\u20ac<\/td><td class=\"has-text-align-center\" data-align=\"center\">6,05\u20ac<\/td><\/tr><tr><td class=\"has-text-align-center\" data-align=\"center\">Hasta 3 Kgs&nbsp;<\/td><td class=\"has-text-align-center\" data-align=\"center\">5,19\u20ac<\/td><td class=\"has-text-align-center\" data-align=\"center\">5,71\u20ac<\/td><td class=\"has-text-align-center\" data-align=\"center\">6,55\u20ac<\/td><\/tr><tr><td class=\"has-text-align-center\" data-align=\"center\">Hasta 5 Kgs&nbsp;<\/td><td class=\"has-text-align-center\" data-align=\"center\">5,42\u20ac<\/td><td class=\"has-text-align-center\" data-align=\"center\">6,05\u20ac<\/td><td class=\"has-text-align-center\" data-align=\"center\">7,03\u20ac<\/td><\/tr><tr><td class=\"has-text-align-center\" data-align=\"center\">Hasta 10 Kgs&nbsp;<\/td><td class=\"has-text-align-center\" data-align=\"center\">6,14\u20ac<\/td><td class=\"has-text-align-center\" data-align=\"center\">6,66\u20ac<\/td><td class=\"has-text-align-center\" data-align=\"center\">8,06\u20ac<\/td><\/tr><tr><td class=\"has-text-align-center\" data-align=\"center\">+5 Kgs adicionales<\/td><td class=\"has-text-align-center\" data-align=\"center\">2,26\u20ac<\/td><td class=\"has-text-align-center\" data-align=\"center\">3,08\u20ac<\/td><td class=\"has-text-align-center\" data-align=\"center\">3,33\u20ac<\/td><\/tr><\/tbody><\/table><\/figure>\n\n\n\n<div style=\"height:30px\" aria-hidden=\"true\" class=\"wp-block-spacer\"><\/div>\n\n\n\n<h4 class=\"wp-block-heading\"><strong>4. Seguimiento de env\u00edos<\/strong>&nbsp;<\/h4>\n\n\n\n<p>Todos los env\u00edos incluyen un n\u00famero de seguimiento para rastrear el env\u00edo, adem\u00e1s recibir\u00e1s actualizaciones por correo electr\u00f3nico sobre el estado de tu pedido.&nbsp;<\/p>\n\n\n\n<p>Todas las entregas las realizar\u00e1 la compa\u00f1\u00eda de transporte GLS. Puedes&nbsp;realizar el seguimiento de tu env\u00edo y ver los detalles exactos de cada paso de la entrega introduciendo el n\u00famero de seguimiento en la p\u00e1gina de GLS: <a href=\"https:\/\/www.gls-spain.es\/es\/recibir-paquetes\/seguimiento-envio\/\" target=\"_blank\" rel=\"noreferrer noopener\">Realiza el seguimiento de tu pedido con el n\u00famero de tracking | \ufeff GLS Spain<\/a>.&nbsp;<\/p>\n\n\n\n<div style=\"height:30px\" aria-hidden=\"true\" class=\"wp-block-spacer\"><\/div>\n\n\n\n<h4 class=\"wp-block-heading\"><strong>5. Voy a estar ausente en la direcci\u00f3n de entrega<\/strong><\/h4>\n\n\n\n<p>Si crees que vas a estar ausente en alg\u00fan momento de la franja horaria aproximada de entrega, te sugerimos recibir tu env\u00edo en uno de los m\u00e1s de 6.300 puntos de conveniencia Parcel Shop GLS.&nbsp;<\/p>\n\n\n\n<ol class=\"wp-block-list\">\n<li>Accede al seguimiento de tu env\u00edo pendiente de recibir: <a href=\"https:\/\/www.gls-spain.es\/es\/recibir-paquetes\/seguimiento-envio\/\" target=\"_blank\" rel=\"noreferrer noopener\">https:\/\/www.gls-spain.es\/es\/recibir-paquetes\/seguimiento-envio\/<\/a>&nbsp;<\/li>\n\n\n\n<li>Haz clic en \u201cRecoger en punto de conveniencia\u201d.&nbsp;<\/li>\n\n\n\n<li>Selecciona el Parcel Shop en el que desees recoger tu env\u00edo y haz clic en \u201cRecoger en este Parcel Shop\u201d.&nbsp;<\/li>\n\n\n\n<li>Recoge tu paquete en el punto de recogida solicitado cuando en el estado aparezca \u201cDepositado en Parcel Shop\u201d.&nbsp;<\/li>\n<\/ol>\n\n\n\n<p>Puedes localizar&nbsp;tu punto de conveniencia Parcel Shop GLS m\u00e1s cercano aqu\u00ed: <a href=\"https:\/\/www.gls-spain.es\/es\/parcel-shops\/localizador-puntos\/\" target=\"_blank\" rel=\"noreferrer noopener\">https:\/\/www.gls-spain.es\/es\/parcel-shops\/localizador-puntos\/<\/a>&nbsp;<\/p>\n\n\n\n<div style=\"height:30px\" aria-hidden=\"true\" class=\"wp-block-spacer\"><\/div>\n\n\n\n<h4 class=\"wp-block-heading\"><strong>6. Preguntas Frecuentes Env\u00edos GLS<\/strong><\/h4>\n\n\n\n<p>Para resolver otras dudas sobre tu env\u00edo te recomendamos visitar la secci\u00f3n de FAQs de GLS, donde encontrar\u00e1s respuesta a las preguntas habituales:&nbsp;<\/p>\n\n\n\n<p><a href=\"https:\/\/www.gls-spain.es\/es\/faq\/faq-recibir-paquetes\/\" target=\"_blank\" rel=\"noreferrer noopener\">Preguntas frecuentes para recibir paquetes | GLS Spain<\/a>&nbsp;<\/p>\n\n\n\n<div style=\"height:30px\" aria-hidden=\"true\" class=\"wp-block-spacer\"><\/div>\n\n\n\n<h4 class=\"wp-block-heading\"><strong>7. Informaci\u00f3n y contacto<\/strong>&nbsp;<\/h4>\n\n\n\n<p>Contacta con nuestro servicio de atenci\u00f3n al cliente si necesitas m\u00e1s ayuda:&nbsp;<\/p>\n\n\n\n<p>Email:&nbsp;<a href=\"mailto:tiendaonline.es@penosil.com\" target=\"_blank\" rel=\"noreferrer noopener\">tiendaonline.es@penosil.com<\/a>&nbsp;<br>Tel\u00e9fono:&nbsp;<a href=\"tel:+34936629911\">+34936629911<\/a>&nbsp;(L-J 8:00-16:00, V 8:00-14:00)<br>WhatsApp:&nbsp;<a href=\"https:\/\/wa.me\/+34663921604\">+34663921604<\/a>&nbsp;(L-J 8:00-16:00, V 8:00-14:00)<\/p>\n\n\n\n<hr class=\"wp-block-separator has-text-color has-alpha-channel-opacity has-background\" style=\"background-color:#ebebeb;color:#ebebeb\"\/>\n\n\n\n<p>Estas condiciones est\u00e1n sujetas a cambios. La versi\u00f3n m\u00e1s actualizada siempre estar\u00e1 disponible en nuestra p\u00e1gina web.<\/p>\n","protected":false},"excerpt":{"rendered":"1. Cobertura de env\u00edos&nbsp; La venta y entrega de los productos adquiridos a trav\u00e9s de la tienda online Penosil solo es posible dentro del territorio nacional excepto: Islas Baleares, Islas Canarias, Ceuta y Melilla.No se realizan env\u00edos a las Islas Baleares, Islas Canarias, Ceuta y Melilla.&nbsp;No se relizar\u00e1n entregas en apartados de correos.&nbsp; 2. Plazos [&hellip;]","protected":false},"author":198,"featured_media":0,"parent":0,"menu_order":5,"comment_status":"closed","ping_status":"closed","template":"","meta":{"_acf_changed":false,"advgb_blocks_editor_width":"","advgb_blocks_columns_visual_guide":"","footnotes":""},"class_list":["post-11814","page","type-page","status-publish","hentry"],"acf":[],"yoast_head":"<!-- This site is optimized with the Yoast SEO plugin v27.2 - https:\/\/yoast.com\/product\/yoast-seo-wordpress\/ -->\n<title>Condiciones de entrega - Penosil Spain<\/title>\n<meta name=\"robots\" content=\"index, follow, max-snippet:-1, max-image-preview:large, max-video-preview:-1\" \/>\n<link rel=\"canonical\" href=\"https:\/\/penosil.com\/es\/condiciones-de-entrega\/\" \/>\n<meta property=\"og:locale\" content=\"es_ES\" \/>\n<meta property=\"og:type\" content=\"article\" \/>\n<meta property=\"og:title\" content=\"Condiciones de entrega - Penosil Spain\" \/>\n<meta property=\"og:description\" content=\"1. Cobertura de env\u00edos&nbsp; La venta y entrega de los productos adquiridos a trav\u00e9s de la tienda online Penosil solo es posible dentro del territorio nacional excepto: Islas Baleares, Islas Canarias, Ceuta y Melilla.No se realizan env\u00edos a las Islas Baleares, Islas Canarias, Ceuta y Melilla.&nbsp;No se relizar\u00e1n entregas en apartados de correos.&nbsp; 2. Plazos [&hellip;]\" \/>\n<meta property=\"og:url\" content=\"https:\/\/penosil.com\/es\/condiciones-de-entrega\/\" \/>\n<meta property=\"og:site_name\" content=\"Penosil Spain\" \/>\n<meta property=\"article:modified_time\" content=\"2026-02-12T16:16:01+00:00\" \/>\n<meta name=\"twitter:card\" content=\"summary_large_image\" \/>\n<meta name=\"twitter:label1\" content=\"Tiempo de lectura\" \/>\n\t<meta name=\"twitter:data1\" content=\"3 minutos\" \/>\n<script type=\"application\/ld+json\" class=\"yoast-schema-graph\">{\"@context\":\"https:\/\/schema.org\",\"@graph\":[{\"@type\":\"WebPage\",\"@id\":\"https:\/\/penosil.com\/es\/condiciones-de-entrega\/\",\"url\":\"https:\/\/penosil.com\/es\/condiciones-de-entrega\/\",\"name\":\"Condiciones de entrega - Penosil Spain\",\"isPartOf\":{\"@id\":\"https:\/\/penosil.com\/es\/#website\"},\"datePublished\":\"2025-03-10T11:20:16+00:00\",\"dateModified\":\"2026-02-12T16:16:01+00:00\",\"breadcrumb\":{\"@id\":\"https:\/\/penosil.com\/es\/condiciones-de-entrega\/#breadcrumb\"},\"inLanguage\":\"es\",\"potentialAction\":[{\"@type\":\"ReadAction\",\"target\":[\"https:\/\/penosil.com\/es\/condiciones-de-entrega\/\"]}]},{\"@type\":\"BreadcrumbList\",\"@id\":\"https:\/\/penosil.com\/es\/condiciones-de-entrega\/#breadcrumb\",\"itemListElement\":[{\"@type\":\"ListItem\",\"position\":1,\"name\":\"Inicio\",\"item\":\"https:\/\/penosil.com\/es\/\"},{\"@type\":\"ListItem\",\"position\":2,\"name\":\"Condiciones de entrega\"}]},{\"@type\":\"WebSite\",\"@id\":\"https:\/\/penosil.com\/es\/#website\",\"url\":\"https:\/\/penosil.com\/es\/\",\"name\":\"Penosil Spain\",\"description\":\"\",\"potentialAction\":[{\"@type\":\"SearchAction\",\"target\":{\"@type\":\"EntryPoint\",\"urlTemplate\":\"https:\/\/penosil.com\/es\/?s={search_term_string}\"},\"query-input\":{\"@type\":\"PropertyValueSpecification\",\"valueRequired\":true,\"valueName\":\"search_term_string\"}}],\"inLanguage\":\"es\"}]}<\/script>\n<!-- \/ Yoast SEO plugin. -->","yoast_head_json":{"title":"Condiciones de entrega - Penosil Spain","robots":{"index":"index","follow":"follow","max-snippet":"max-snippet:-1","max-image-preview":"max-image-preview:large","max-video-preview":"max-video-preview:-1"},"canonical":"https:\/\/penosil.com\/es\/condiciones-de-entrega\/","og_locale":"es_ES","og_type":"article","og_title":"Condiciones de entrega - Penosil Spain","og_description":"1. Cobertura de env\u00edos&nbsp; La venta y entrega de los productos adquiridos a trav\u00e9s de la tienda online Penosil solo es posible dentro del territorio nacional excepto: Islas Baleares, Islas Canarias, Ceuta y Melilla.No se realizan env\u00edos a las Islas Baleares, Islas Canarias, Ceuta y Melilla.&nbsp;No se relizar\u00e1n entregas en apartados de correos.&nbsp; 2. Plazos [&hellip;]","og_url":"https:\/\/penosil.com\/es\/condiciones-de-entrega\/","og_site_name":"Penosil Spain","article_modified_time":"2026-02-12T16:16:01+00:00","twitter_card":"summary_large_image","twitter_misc":{"Tiempo de lectura":"3 minutos"},"schema":{"@context":"https:\/\/schema.org","@graph":[{"@type":"WebPage","@id":"https:\/\/penosil.com\/es\/condiciones-de-entrega\/","url":"https:\/\/penosil.com\/es\/condiciones-de-entrega\/","name":"Condiciones de entrega - Penosil Spain","isPartOf":{"@id":"https:\/\/penosil.com\/es\/#website"},"datePublished":"2025-03-10T11:20:16+00:00","dateModified":"2026-02-12T16:16:01+00:00","breadcrumb":{"@id":"https:\/\/penosil.com\/es\/condiciones-de-entrega\/#breadcrumb"},"inLanguage":"es","potentialAction":[{"@type":"ReadAction","target":["https:\/\/penosil.com\/es\/condiciones-de-entrega\/"]}]},{"@type":"BreadcrumbList","@id":"https:\/\/penosil.com\/es\/condiciones-de-entrega\/#breadcrumb","itemListElement":[{"@type":"ListItem","position":1,"name":"Inicio","item":"https:\/\/penosil.com\/es\/"},{"@type":"ListItem","position":2,"name":"Condiciones de entrega"}]},{"@type":"WebSite","@id":"https:\/\/penosil.com\/es\/#website","url":"https:\/\/penosil.com\/es\/","name":"Penosil Spain","description":"","potentialAction":[{"@type":"SearchAction","target":{"@type":"EntryPoint","urlTemplate":"https:\/\/penosil.com\/es\/?s={search_term_string}"},"query-input":{"@type":"PropertyValueSpecification","valueRequired":true,"valueName":"search_term_string"}}],"inLanguage":"es"}]}},"coauthors":[],"author_meta":{"author_link":"https:\/\/penosil.com\/es\/author\/eric\/","display_name":"eric"},"relative_dates":{"created":"Publicado 1 a\u00f1o hace","modified":"Actualizado 2 meses hace"},"absolute_dates":{"created":"Publicado el 03\/10\/2025","modified":"Actualizado el 02\/12\/2026"},"absolute_dates_time":{"created":"Publicado el 03\/10\/2025 12:20 pm","modified":"Actualizado el 02\/12\/2026 5:16 pm"},"featured_img_caption":"","featured_img":false,"series_order":"","_links":{"self":[{"href":"https:\/\/penosil.com\/es\/wp-json\/wp\/v2\/pages\/11814","targetHints":{"allow":["GET"]}}],"collection":[{"href":"https:\/\/penosil.com\/es\/wp-json\/wp\/v2\/pages"}],"about":[{"href":"https:\/\/penosil.com\/es\/wp-json\/wp\/v2\/types\/page"}],"author":[{"embeddable":true,"href":"https:\/\/penosil.com\/es\/wp-json\/wp\/v2\/users\/198"}],"replies":[{"embeddable":true,"href":"https:\/\/penosil.com\/es\/wp-json\/wp\/v2\/comments?post=11814"}],"version-history":[{"count":38,"href":"https:\/\/penosil.com\/es\/wp-json\/wp\/v2\/pages\/11814\/revisions"}],"predecessor-version":[{"id":17429,"href":"https:\/\/penosil.com\/es\/wp-json\/wp\/v2\/pages\/11814\/revisions\/17429"}],"wp:attachment":[{"href":"https:\/\/penosil.com\/es\/wp-json\/wp\/v2\/media?parent=11814"}],"curies":[{"name":"wp","href":"https:\/\/api.w.org\/{rel}","templated":true}]}}