{"id":6349,"date":"2019-10-25T12:32:22","date_gmt":"2019-10-25T12:32:22","guid":{"rendered":"https:\/\/penosil.com\/es\/product-know-how\/"},"modified":"2025-07-09T13:22:34","modified_gmt":"2025-07-09T12:22:34","slug":"catalogos","status":"publish","type":"page","link":"https:\/\/penosil.com\/es\/centro-de-informacion\/catalogos\/","title":{"rendered":"Cat\u00e1logos"},"content":{"rendered":"\n<p>Aqu\u00ed encontrar\u00e1s una colecci\u00f3n de conocimientos especializados de PENOSIL y materiales de asistencia para el uso de los productos PENOSIL en proyectos estructurales m\u00e1s complejos.<\/p>\n\n\n\n<p><\/p>\n","protected":false},"excerpt":{"rendered":"Aqu\u00ed encontrar\u00e1s una colecci\u00f3n de conocimientos especializados de PENOSIL y materiales de asistencia para el uso de los productos PENOSIL en proyectos estructurales m\u00e1s complejos.","protected":false},"author":1,"featured_media":0,"parent":6535,"menu_order":174,"comment_status":"closed","ping_status":"closed","template":"page-templates\/template-product-know-how.php","meta":{"_acf_changed":false,"advgb_blocks_editor_width":"","advgb_blocks_columns_visual_guide":"","footnotes":""},"class_list":["post-6349","page","type-page","status-publish","hentry"],"acf":[],"yoast_head":"<!-- This site is optimized with the Yoast SEO plugin v27.2 - https:\/\/yoast.com\/product\/yoast-seo-wordpress\/ -->\n<title>Cat\u00e1logos - Penosil Spain<\/title>\n<meta name=\"robots\" content=\"index, follow, max-snippet:-1, max-image-preview:large, max-video-preview:-1\" \/>\n<link rel=\"canonical\" href=\"https:\/\/penosil.com\/es\/centro-de-informacion\/catalogos\/\" \/>\n<meta property=\"og:locale\" content=\"es_ES\" \/>\n<meta property=\"og:type\" content=\"article\" \/>\n<meta property=\"og:title\" content=\"Cat\u00e1logos - Penosil Spain\" \/>\n<meta property=\"og:description\" content=\"Aqu\u00ed encontrar\u00e1s una colecci\u00f3n de conocimientos especializados de PENOSIL y materiales de asistencia para el uso de los productos PENOSIL en proyectos estructurales m\u00e1s complejos.\" \/>\n<meta property=\"og:url\" content=\"https:\/\/penosil.com\/es\/centro-de-informacion\/catalogos\/\" \/>\n<meta property=\"og:site_name\" content=\"Penosil Spain\" \/>\n<meta property=\"article:modified_time\" content=\"2025-07-09T12:22:34+00:00\" \/>\n<meta name=\"twitter:card\" content=\"summary_large_image\" \/>\n<meta name=\"twitter:label1\" content=\"Tiempo de lectura\" \/>\n\t<meta name=\"twitter:data1\" content=\"2 minutos\" \/>\n<script type=\"application\/ld+json\" class=\"yoast-schema-graph\">{\"@context\":\"https:\/\/schema.org\",\"@graph\":[{\"@type\":\"WebPage\",\"@id\":\"https:\/\/penosil.com\/es\/centro-de-informacion\/catalogos\/\",\"url\":\"https:\/\/penosil.com\/es\/centro-de-informacion\/catalogos\/\",\"name\":\"Cat\u00e1logos - Penosil Spain\",\"isPartOf\":{\"@id\":\"https:\/\/penosil.com\/es\/#website\"},\"datePublished\":\"2019-10-25T12:32:22+00:00\",\"dateModified\":\"2025-07-09T12:22:34+00:00\",\"breadcrumb\":{\"@id\":\"https:\/\/penosil.com\/es\/centro-de-informacion\/catalogos\/#breadcrumb\"},\"inLanguage\":\"es\",\"potentialAction\":[{\"@type\":\"ReadAction\",\"target\":[\"https:\/\/penosil.com\/es\/centro-de-informacion\/catalogos\/\"]}]},{\"@type\":\"BreadcrumbList\",\"@id\":\"https:\/\/penosil.com\/es\/centro-de-informacion\/catalogos\/#breadcrumb\",\"itemListElement\":[{\"@type\":\"ListItem\",\"position\":1,\"name\":\"Inicio\",\"item\":\"https:\/\/penosil.com\/es\/\"},{\"@type\":\"ListItem\",\"position\":2,\"name\":\"Centro de informaci\u00f3n\",\"item\":\"https:\/\/penosil.com\/es\/centro-de-informacion\/\"},{\"@type\":\"ListItem\",\"position\":3,\"name\":\"Cat\u00e1logos\"}]},{\"@type\":\"WebSite\",\"@id\":\"https:\/\/penosil.com\/es\/#website\",\"url\":\"https:\/\/penosil.com\/es\/\",\"name\":\"Penosil Spain\",\"description\":\"\",\"potentialAction\":[{\"@type\":\"SearchAction\",\"target\":{\"@type\":\"EntryPoint\",\"urlTemplate\":\"https:\/\/penosil.com\/es\/?s={search_term_string}\"},\"query-input\":{\"@type\":\"PropertyValueSpecification\",\"valueRequired\":true,\"valueName\":\"search_term_string\"}}],\"inLanguage\":\"es\"}]}<\/script>\n<!-- \/ Yoast SEO plugin. -->","yoast_head_json":{"title":"Cat\u00e1logos - Penosil Spain","robots":{"index":"index","follow":"follow","max-snippet":"max-snippet:-1","max-image-preview":"max-image-preview:large","max-video-preview":"max-video-preview:-1"},"canonical":"https:\/\/penosil.com\/es\/centro-de-informacion\/catalogos\/","og_locale":"es_ES","og_type":"article","og_title":"Cat\u00e1logos - Penosil Spain","og_description":"Aqu\u00ed encontrar\u00e1s una colecci\u00f3n de conocimientos especializados de PENOSIL y materiales de asistencia para el uso de los productos PENOSIL en proyectos estructurales m\u00e1s complejos.","og_url":"https:\/\/penosil.com\/es\/centro-de-informacion\/catalogos\/","og_site_name":"Penosil Spain","article_modified_time":"2025-07-09T12:22:34+00:00","twitter_card":"summary_large_image","twitter_misc":{"Tiempo de lectura":"2 minutos"},"schema":{"@context":"https:\/\/schema.org","@graph":[{"@type":"WebPage","@id":"https:\/\/penosil.com\/es\/centro-de-informacion\/catalogos\/","url":"https:\/\/penosil.com\/es\/centro-de-informacion\/catalogos\/","name":"Cat\u00e1logos - Penosil Spain","isPartOf":{"@id":"https:\/\/penosil.com\/es\/#website"},"datePublished":"2019-10-25T12:32:22+00:00","dateModified":"2025-07-09T12:22:34+00:00","breadcrumb":{"@id":"https:\/\/penosil.com\/es\/centro-de-informacion\/catalogos\/#breadcrumb"},"inLanguage":"es","potentialAction":[{"@type":"ReadAction","target":["https:\/\/penosil.com\/es\/centro-de-informacion\/catalogos\/"]}]},{"@type":"BreadcrumbList","@id":"https:\/\/penosil.com\/es\/centro-de-informacion\/catalogos\/#breadcrumb","itemListElement":[{"@type":"ListItem","position":1,"name":"Inicio","item":"https:\/\/penosil.com\/es\/"},{"@type":"ListItem","position":2,"name":"Centro de informaci\u00f3n","item":"https:\/\/penosil.com\/es\/centro-de-informacion\/"},{"@type":"ListItem","position":3,"name":"Cat\u00e1logos"}]},{"@type":"WebSite","@id":"https:\/\/penosil.com\/es\/#website","url":"https:\/\/penosil.com\/es\/","name":"Penosil Spain","description":"","potentialAction":[{"@type":"SearchAction","target":{"@type":"EntryPoint","urlTemplate":"https:\/\/penosil.com\/es\/?s={search_term_string}"},"query-input":{"@type":"PropertyValueSpecification","valueRequired":true,"valueName":"search_term_string"}}],"inLanguage":"es"}]}},"coauthors":[],"author_meta":{"author_link":"https:\/\/penosil.com\/es\/author\/reaktiiv-pe\/","display_name":"reaktiiv-pe"},"relative_dates":{"created":"Publicado 6 a\u00f1os hace","modified":"Actualizado 9 meses hace"},"absolute_dates":{"created":"Publicado el 10\/25\/2019","modified":"Actualizado el 07\/09\/2025"},"absolute_dates_time":{"created":"Publicado el 10\/25\/2019 12:32 pm","modified":"Actualizado el 07\/09\/2025 1:22 pm"},"featured_img_caption":"","featured_img":false,"series_order":"","_links":{"self":[{"href":"https:\/\/penosil.com\/es\/wp-json\/wp\/v2\/pages\/6349","targetHints":{"allow":["GET"]}}],"collection":[{"href":"https:\/\/penosil.com\/es\/wp-json\/wp\/v2\/pages"}],"about":[{"href":"https:\/\/penosil.com\/es\/wp-json\/wp\/v2\/types\/page"}],"author":[{"embeddable":true,"href":"https:\/\/penosil.com\/es\/wp-json\/wp\/v2\/users\/1"}],"replies":[{"embeddable":true,"href":"https:\/\/penosil.com\/es\/wp-json\/wp\/v2\/comments?post=6349"}],"version-history":[{"count":29,"href":"https:\/\/penosil.com\/es\/wp-json\/wp\/v2\/pages\/6349\/revisions"}],"predecessor-version":[{"id":12909,"href":"https:\/\/penosil.com\/es\/wp-json\/wp\/v2\/pages\/6349\/revisions\/12909"}],"up":[{"embeddable":true,"href":"https:\/\/penosil.com\/es\/wp-json\/wp\/v2\/pages\/6535"}],"wp:attachment":[{"href":"https:\/\/penosil.com\/es\/wp-json\/wp\/v2\/media?parent=6349"}],"curies":[{"name":"wp","href":"https:\/\/api.w.org\/{rel}","templated":true}]}}