{"id":6380,"date":"2019-10-16T20:16:46","date_gmt":"2019-10-16T20:16:46","guid":{"rendered":"https:\/\/penosil.com\/es\/news\/"},"modified":"2021-01-14T10:37:44","modified_gmt":"2021-01-14T10:37:44","slug":"noticias","status":"publish","type":"page","link":"https:\/\/penosil.com\/es\/noticias\/","title":{"rendered":"Noticias"},"content":{"rendered":"\n<p>Aqu\u00ed encontrar\u00e1s informaci\u00f3n sobre los nuevos productos PENOSIL, formaci\u00f3n sobre los distintos productos de la marca y noticias sobre ferias de construcci\u00f3n, la empresa, el grupo y el sector.<\/p>\n","protected":false},"excerpt":{"rendered":"Aqu\u00ed encontrar\u00e1s informaci\u00f3n sobre los nuevos productos PENOSIL, formaci\u00f3n sobre los distintos productos de la marca y noticias sobre ferias de construcci\u00f3n, la empresa, el grupo y el sector.","protected":false},"author":1,"featured_media":0,"parent":0,"menu_order":224,"comment_status":"closed","ping_status":"closed","template":"page-templates\/template-news.php","meta":{"_acf_changed":false,"advgb_blocks_editor_width":"","advgb_blocks_columns_visual_guide":"","footnotes":""},"class_list":["post-6380","page","type-page","status-publish","hentry"],"acf":[],"yoast_head":"<!-- This site is optimized with the Yoast SEO plugin v27.2 - https:\/\/yoast.com\/product\/yoast-seo-wordpress\/ -->\n<title>Noticias - Penosil Spain<\/title>\n<meta name=\"robots\" content=\"index, follow, max-snippet:-1, max-image-preview:large, max-video-preview:-1\" \/>\n<link rel=\"canonical\" href=\"https:\/\/penosil.com\/es\/noticias\/\" \/>\n<meta property=\"og:locale\" content=\"es_ES\" \/>\n<meta property=\"og:type\" content=\"article\" \/>\n<meta property=\"og:title\" content=\"Noticias - Penosil Spain\" \/>\n<meta property=\"og:description\" content=\"Aqu\u00ed encontrar\u00e1s informaci\u00f3n sobre los nuevos productos PENOSIL, formaci\u00f3n sobre los distintos productos de la marca y noticias sobre ferias de construcci\u00f3n, la empresa, el grupo y el sector.\" \/>\n<meta property=\"og:url\" content=\"https:\/\/penosil.com\/es\/noticias\/\" \/>\n<meta property=\"og:site_name\" content=\"Penosil Spain\" \/>\n<meta property=\"article:modified_time\" content=\"2021-01-14T10:37:44+00:00\" \/>\n<meta name=\"twitter:card\" content=\"summary_large_image\" \/>\n<script type=\"application\/ld+json\" class=\"yoast-schema-graph\">{\"@context\":\"https:\/\/schema.org\",\"@graph\":[{\"@type\":\"WebPage\",\"@id\":\"https:\/\/penosil.com\/es\/noticias\/\",\"url\":\"https:\/\/penosil.com\/es\/noticias\/\",\"name\":\"Noticias - Penosil Spain\",\"isPartOf\":{\"@id\":\"https:\/\/penosil.com\/es\/#website\"},\"datePublished\":\"2019-10-16T20:16:46+00:00\",\"dateModified\":\"2021-01-14T10:37:44+00:00\",\"breadcrumb\":{\"@id\":\"https:\/\/penosil.com\/es\/noticias\/#breadcrumb\"},\"inLanguage\":\"es\",\"potentialAction\":[{\"@type\":\"ReadAction\",\"target\":[\"https:\/\/penosil.com\/es\/noticias\/\"]}]},{\"@type\":\"BreadcrumbList\",\"@id\":\"https:\/\/penosil.com\/es\/noticias\/#breadcrumb\",\"itemListElement\":[{\"@type\":\"ListItem\",\"position\":1,\"name\":\"Inicio\",\"item\":\"https:\/\/penosil.com\/es\/\"},{\"@type\":\"ListItem\",\"position\":2,\"name\":\"Noticias\"}]},{\"@type\":\"WebSite\",\"@id\":\"https:\/\/penosil.com\/es\/#website\",\"url\":\"https:\/\/penosil.com\/es\/\",\"name\":\"Penosil Spain\",\"description\":\"\",\"potentialAction\":[{\"@type\":\"SearchAction\",\"target\":{\"@type\":\"EntryPoint\",\"urlTemplate\":\"https:\/\/penosil.com\/es\/?s={search_term_string}\"},\"query-input\":{\"@type\":\"PropertyValueSpecification\",\"valueRequired\":true,\"valueName\":\"search_term_string\"}}],\"inLanguage\":\"es\"}]}<\/script>\n<!-- \/ Yoast SEO plugin. -->","yoast_head_json":{"title":"Noticias - Penosil Spain","robots":{"index":"index","follow":"follow","max-snippet":"max-snippet:-1","max-image-preview":"max-image-preview:large","max-video-preview":"max-video-preview:-1"},"canonical":"https:\/\/penosil.com\/es\/noticias\/","og_locale":"es_ES","og_type":"article","og_title":"Noticias - Penosil Spain","og_description":"Aqu\u00ed encontrar\u00e1s informaci\u00f3n sobre los nuevos productos PENOSIL, formaci\u00f3n sobre los distintos productos de la marca y noticias sobre ferias de construcci\u00f3n, la empresa, el grupo y el sector.","og_url":"https:\/\/penosil.com\/es\/noticias\/","og_site_name":"Penosil Spain","article_modified_time":"2021-01-14T10:37:44+00:00","twitter_card":"summary_large_image","schema":{"@context":"https:\/\/schema.org","@graph":[{"@type":"WebPage","@id":"https:\/\/penosil.com\/es\/noticias\/","url":"https:\/\/penosil.com\/es\/noticias\/","name":"Noticias - Penosil Spain","isPartOf":{"@id":"https:\/\/penosil.com\/es\/#website"},"datePublished":"2019-10-16T20:16:46+00:00","dateModified":"2021-01-14T10:37:44+00:00","breadcrumb":{"@id":"https:\/\/penosil.com\/es\/noticias\/#breadcrumb"},"inLanguage":"es","potentialAction":[{"@type":"ReadAction","target":["https:\/\/penosil.com\/es\/noticias\/"]}]},{"@type":"BreadcrumbList","@id":"https:\/\/penosil.com\/es\/noticias\/#breadcrumb","itemListElement":[{"@type":"ListItem","position":1,"name":"Inicio","item":"https:\/\/penosil.com\/es\/"},{"@type":"ListItem","position":2,"name":"Noticias"}]},{"@type":"WebSite","@id":"https:\/\/penosil.com\/es\/#website","url":"https:\/\/penosil.com\/es\/","name":"Penosil Spain","description":"","potentialAction":[{"@type":"SearchAction","target":{"@type":"EntryPoint","urlTemplate":"https:\/\/penosil.com\/es\/?s={search_term_string}"},"query-input":{"@type":"PropertyValueSpecification","valueRequired":true,"valueName":"search_term_string"}}],"inLanguage":"es"}]}},"coauthors":[],"author_meta":{"author_link":"https:\/\/penosil.com\/es\/author\/reaktiiv-pe\/","display_name":"reaktiiv-pe"},"relative_dates":{"created":"Publicado 6 a\u00f1os hace","modified":"Actualizado 5 a\u00f1os hace"},"absolute_dates":{"created":"Publicado el 10\/16\/2019","modified":"Actualizado el 01\/14\/2021"},"absolute_dates_time":{"created":"Publicado el 10\/16\/2019 8:16 pm","modified":"Actualizado el 01\/14\/2021 10:37 am"},"featured_img_caption":"","featured_img":false,"series_order":"","_links":{"self":[{"href":"https:\/\/penosil.com\/es\/wp-json\/wp\/v2\/pages\/6380","targetHints":{"allow":["GET"]}}],"collection":[{"href":"https:\/\/penosil.com\/es\/wp-json\/wp\/v2\/pages"}],"about":[{"href":"https:\/\/penosil.com\/es\/wp-json\/wp\/v2\/types\/page"}],"author":[{"embeddable":true,"href":"https:\/\/penosil.com\/es\/wp-json\/wp\/v2\/users\/1"}],"replies":[{"embeddable":true,"href":"https:\/\/penosil.com\/es\/wp-json\/wp\/v2\/comments?post=6380"}],"version-history":[{"count":2,"href":"https:\/\/penosil.com\/es\/wp-json\/wp\/v2\/pages\/6380\/revisions"}],"predecessor-version":[{"id":7761,"href":"https:\/\/penosil.com\/es\/wp-json\/wp\/v2\/pages\/6380\/revisions\/7761"}],"wp:attachment":[{"href":"https:\/\/penosil.com\/es\/wp-json\/wp\/v2\/media?parent=6380"}],"curies":[{"name":"wp","href":"https:\/\/api.w.org\/{rel}","templated":true}]}}