{"id":6474,"date":"2019-07-30T13:32:43","date_gmt":"2019-07-30T13:32:43","guid":{"rendered":"https:\/\/penosil.com\/es\/videos-2\/"},"modified":"2020-12-18T12:09:23","modified_gmt":"2020-12-18T12:09:23","slug":"videos","status":"publish","type":"page","link":"https:\/\/penosil.com\/es\/videos\/","title":{"rendered":"Videos"},"content":{"rendered":"\n<p>Mira nuestros v\u00eddeos instructivos sobre el uso de productos qu\u00edmicos para construcci\u00f3n en diversas aplicaciones.<\/p>\n\n\n\n<p>Visita el canal de v\u00eddeos de PENOSIL para descubrir c\u00f3mo utilizar nuestros productos y cu\u00e1les son las \u00faltimas novedades y tendencias en el mundo de la construcci\u00f3n. Descubre en un \u00fanico portal v\u00eddeos tanto de trabajos profesionales como de bricolaje, estos \u00faltimos espec\u00edficos para que puedas hacer t\u00fa mismo el trabajo.<\/p>\n\n\n\n<p><\/p>\n","protected":false},"excerpt":{"rendered":"Mira nuestros v\u00eddeos instructivos sobre el uso de productos qu\u00edmicos para construcci\u00f3n en diversas aplicaciones. Visita el canal de v\u00eddeos de PENOSIL para descubrir c\u00f3mo utilizar nuestros productos y cu\u00e1les son las \u00faltimas novedades y tendencias en el mundo de la construcci\u00f3n. Descubre en un \u00fanico portal v\u00eddeos tanto de trabajos profesionales como de bricolaje, [&hellip;]","protected":false},"author":1,"featured_media":0,"parent":0,"menu_order":293,"comment_status":"closed","ping_status":"closed","template":"page-templates\/template-videos.php","meta":{"_acf_changed":false,"advgb_blocks_editor_width":"","advgb_blocks_columns_visual_guide":"","footnotes":""},"class_list":["post-6474","page","type-page","status-publish","hentry"],"acf":[],"yoast_head":"<!-- This site is optimized with the Yoast SEO plugin v27.2 - https:\/\/yoast.com\/product\/yoast-seo-wordpress\/ -->\n<title>Videos - Penosil Spain<\/title>\n<meta name=\"robots\" content=\"index, follow, max-snippet:-1, max-image-preview:large, max-video-preview:-1\" \/>\n<link rel=\"canonical\" href=\"https:\/\/penosil.com\/es\/videos\/\" \/>\n<meta property=\"og:locale\" content=\"es_ES\" \/>\n<meta property=\"og:type\" content=\"article\" \/>\n<meta property=\"og:title\" content=\"Videos - Penosil Spain\" \/>\n<meta property=\"og:description\" content=\"Mira nuestros v\u00eddeos instructivos sobre el uso de productos qu\u00edmicos para construcci\u00f3n en diversas aplicaciones. Visita el canal de v\u00eddeos de PENOSIL para descubrir c\u00f3mo utilizar nuestros productos y cu\u00e1les son las \u00faltimas novedades y tendencias en el mundo de la construcci\u00f3n. Descubre en un \u00fanico portal v\u00eddeos tanto de trabajos profesionales como de bricolaje, [&hellip;]\" \/>\n<meta property=\"og:url\" content=\"https:\/\/penosil.com\/es\/videos\/\" \/>\n<meta property=\"og:site_name\" content=\"Penosil Spain\" \/>\n<meta property=\"article:modified_time\" content=\"2020-12-18T12:09:23+00:00\" \/>\n<meta name=\"twitter:card\" content=\"summary_large_image\" \/>\n<script type=\"application\/ld+json\" class=\"yoast-schema-graph\">{\"@context\":\"https:\/\/schema.org\",\"@graph\":[{\"@type\":\"WebPage\",\"@id\":\"https:\/\/penosil.com\/es\/videos\/\",\"url\":\"https:\/\/penosil.com\/es\/videos\/\",\"name\":\"Videos - Penosil Spain\",\"isPartOf\":{\"@id\":\"https:\/\/penosil.com\/es\/#website\"},\"datePublished\":\"2019-07-30T13:32:43+00:00\",\"dateModified\":\"2020-12-18T12:09:23+00:00\",\"breadcrumb\":{\"@id\":\"https:\/\/penosil.com\/es\/videos\/#breadcrumb\"},\"inLanguage\":\"es\",\"potentialAction\":[{\"@type\":\"ReadAction\",\"target\":[\"https:\/\/penosil.com\/es\/videos\/\"]}]},{\"@type\":\"BreadcrumbList\",\"@id\":\"https:\/\/penosil.com\/es\/videos\/#breadcrumb\",\"itemListElement\":[{\"@type\":\"ListItem\",\"position\":1,\"name\":\"Inicio\",\"item\":\"https:\/\/penosil.com\/es\/\"},{\"@type\":\"ListItem\",\"position\":2,\"name\":\"Videos\"}]},{\"@type\":\"WebSite\",\"@id\":\"https:\/\/penosil.com\/es\/#website\",\"url\":\"https:\/\/penosil.com\/es\/\",\"name\":\"Penosil Spain\",\"description\":\"\",\"potentialAction\":[{\"@type\":\"SearchAction\",\"target\":{\"@type\":\"EntryPoint\",\"urlTemplate\":\"https:\/\/penosil.com\/es\/?s={search_term_string}\"},\"query-input\":{\"@type\":\"PropertyValueSpecification\",\"valueRequired\":true,\"valueName\":\"search_term_string\"}}],\"inLanguage\":\"es\"}]}<\/script>\n<!-- \/ Yoast SEO plugin. -->","yoast_head_json":{"title":"Videos - Penosil Spain","robots":{"index":"index","follow":"follow","max-snippet":"max-snippet:-1","max-image-preview":"max-image-preview:large","max-video-preview":"max-video-preview:-1"},"canonical":"https:\/\/penosil.com\/es\/videos\/","og_locale":"es_ES","og_type":"article","og_title":"Videos - Penosil Spain","og_description":"Mira nuestros v\u00eddeos instructivos sobre el uso de productos qu\u00edmicos para construcci\u00f3n en diversas aplicaciones. Visita el canal de v\u00eddeos de PENOSIL para descubrir c\u00f3mo utilizar nuestros productos y cu\u00e1les son las \u00faltimas novedades y tendencias en el mundo de la construcci\u00f3n. Descubre en un \u00fanico portal v\u00eddeos tanto de trabajos profesionales como de bricolaje, [&hellip;]","og_url":"https:\/\/penosil.com\/es\/videos\/","og_site_name":"Penosil Spain","article_modified_time":"2020-12-18T12:09:23+00:00","twitter_card":"summary_large_image","schema":{"@context":"https:\/\/schema.org","@graph":[{"@type":"WebPage","@id":"https:\/\/penosil.com\/es\/videos\/","url":"https:\/\/penosil.com\/es\/videos\/","name":"Videos - Penosil Spain","isPartOf":{"@id":"https:\/\/penosil.com\/es\/#website"},"datePublished":"2019-07-30T13:32:43+00:00","dateModified":"2020-12-18T12:09:23+00:00","breadcrumb":{"@id":"https:\/\/penosil.com\/es\/videos\/#breadcrumb"},"inLanguage":"es","potentialAction":[{"@type":"ReadAction","target":["https:\/\/penosil.com\/es\/videos\/"]}]},{"@type":"BreadcrumbList","@id":"https:\/\/penosil.com\/es\/videos\/#breadcrumb","itemListElement":[{"@type":"ListItem","position":1,"name":"Inicio","item":"https:\/\/penosil.com\/es\/"},{"@type":"ListItem","position":2,"name":"Videos"}]},{"@type":"WebSite","@id":"https:\/\/penosil.com\/es\/#website","url":"https:\/\/penosil.com\/es\/","name":"Penosil Spain","description":"","potentialAction":[{"@type":"SearchAction","target":{"@type":"EntryPoint","urlTemplate":"https:\/\/penosil.com\/es\/?s={search_term_string}"},"query-input":{"@type":"PropertyValueSpecification","valueRequired":true,"valueName":"search_term_string"}}],"inLanguage":"es"}]}},"coauthors":[],"author_meta":{"author_link":"https:\/\/penosil.com\/es\/author\/reaktiiv-pe\/","display_name":"reaktiiv-pe"},"relative_dates":{"created":"Publicado 7 a\u00f1os hace","modified":"Actualizado 5 a\u00f1os hace"},"absolute_dates":{"created":"Publicado el 07\/30\/2019","modified":"Actualizado el 12\/18\/2020"},"absolute_dates_time":{"created":"Publicado el 07\/30\/2019 1:32 pm","modified":"Actualizado el 12\/18\/2020 12:09 pm"},"featured_img_caption":"","featured_img":false,"series_order":"","_links":{"self":[{"href":"https:\/\/penosil.com\/es\/wp-json\/wp\/v2\/pages\/6474","targetHints":{"allow":["GET"]}}],"collection":[{"href":"https:\/\/penosil.com\/es\/wp-json\/wp\/v2\/pages"}],"about":[{"href":"https:\/\/penosil.com\/es\/wp-json\/wp\/v2\/types\/page"}],"author":[{"embeddable":true,"href":"https:\/\/penosil.com\/es\/wp-json\/wp\/v2\/users\/1"}],"replies":[{"embeddable":true,"href":"https:\/\/penosil.com\/es\/wp-json\/wp\/v2\/comments?post=6474"}],"version-history":[{"count":4,"href":"https:\/\/penosil.com\/es\/wp-json\/wp\/v2\/pages\/6474\/revisions"}],"predecessor-version":[{"id":7723,"href":"https:\/\/penosil.com\/es\/wp-json\/wp\/v2\/pages\/6474\/revisions\/7723"}],"wp:attachment":[{"href":"https:\/\/penosil.com\/es\/wp-json\/wp\/v2\/media?parent=6474"}],"curies":[{"name":"wp","href":"https:\/\/api.w.org\/{rel}","templated":true}]}}