{"id":6530,"date":"2019-07-24T13:17:19","date_gmt":"2019-07-24T13:17:19","guid":{"rendered":"https:\/\/penosil.com\/es\/about-us\/"},"modified":"2026-02-02T13:54:16","modified_gmt":"2026-02-02T12:54:16","slug":"sobre-nosotros","status":"publish","type":"page","link":"https:\/\/penosil.com\/es\/sobre-nosotros\/","title":{"rendered":"Sobre nosotros"},"content":{"rendered":"\n<div class=\"wp-block-columns has-2-columns is-layout-flex wp-container-core-columns-is-layout-9d6595d7 wp-block-columns-is-layout-flex\">\n<div class=\"wp-block-column is-layout-flow wp-block-column-is-layout-flow\">\n<p>En los climas del norte de Europa, donde naci\u00f3 PENOSIL, el aire se mantiene fr\u00edo durante gran parte del a\u00f1o. Sin embargo, los primeros pobladores de este entorno a menudo exigente no ve\u00edan el fr\u00edo como un obst\u00e1culo, sino como un desaf\u00edo que deb\u00eda ser afrontado y, en cierto modo, disfrutado. A lo largo de los milenios, los refugios rudimentarios evolucionaron, desde sencillas casas de troncos aisladas con musgo hasta edificaciones complejas, siempre con el objetivo de mantener el fr\u00edo del invierno y el calor del verano fuera. Por eso no es casualidad que PENOSIL surgiera precisamente en estas condiciones tan exigentes.<\/p>\n\n\n\n<p>Hoy, las f\u00f3rmulas innovadoras y los productos f\u00e1ciles de usar de PENOSIL est\u00e1n dise\u00f1ados para rendir eficazmente en cualquier zona clim\u00e1tica y en todos los continentes. Somos pioneros en nuestro campo, siempre dispuestos a asumir los retos del entorno y a superar los l\u00edmites establecidos.<\/p>\n<\/div>\n\n\n\n<div class=\"wp-block-column is-layout-flow wp-block-column-is-layout-flow\">\n<p>La eficiencia energ\u00e9tica y el pensamiento sostenible forman ya parte esencial de nuestra vida. Los productos PENOSIL son un peque\u00f1o pero eficaz paso para quien los usa, y al mismo tiempo un gran avance en el ahorro energ\u00e9tico para la humanidad. Desde grandes proyectos comerciales hasta viviendas particulares, nuestros productos son la opci\u00f3n preferida en m\u00e1s de 40 pa\u00edses donde la calidad es clave y se aplican estrictos requisitos de construcci\u00f3n.<\/p>\n\n\n\n<p>Las leyes de la naturaleza han contribuido a forjar lo que somos hoy y nos han hecho adaptables al futuro que viene.<br>Descubre m\u00e1s sobre la <a href=\"https:\/\/penosil.com\/es\/wp-content\/uploads\/sites\/9\/2025\/07\/PENOSIL-Story_ES.pdf\" target=\"_blank\" rel=\"noreferrer noopener\">Historia de PENOSIL<\/a>.<\/p>\n\n\n\n<div style=\"height:20px\" aria-hidden=\"true\" class=\"wp-block-spacer\"><\/div>\n\n\n\n<div class=\"wp-block-advgb-button alignnone is-style-outlined advgb-dyn-369fb61a\"><a class=\"wp-block-advgb-button_link advgbbtn-5c1d9a77-6269-4f10-b064-83b95d569450\" href=\"https:\/\/penosil.com\/es\/wp-content\/uploads\/sites\/9\/2023\/01\/PENOSIL_FACT-SHEET_AW_converted.pdf\" target=\"_blank\" rel=\"noopener noreferrer\"><span>Lee nuestra Fact Sheet<\/span><\/a><\/div>\n<\/div>\n<\/div>\n<style class=\"advgb-styles-renderer\">.advgbbtn-5c1d9a77-6269-4f10-b064-83b95d569450{font-size:18px;color:#b52d00 !important;background-color:#2196f3 !important;margin:0px 0px 0px 0px !important;padding:10px 30px 10px 30px;border-width:1px !important;border-style:none;border-radius:50px !important;}.advgbbtn-5c1d9a77-6269-4f10-b064-83b95d569450:hover{box-shadow:1px 1px 12px 0px #cf2e2e;opacity:1;transition:all 0.2s ease;}.advgbbtn-5c1d9a77-6269-4f10-b064-83b95d569450 > i {display: none !important;}.advgbbtn-5c1d9a77-6269-4f10-b064-83b95d569450{font-size:18px;color:#b52d00 !important;background-color:#2196f3 !important;margin:0px 0px 0px 0px !important;padding:10px 30px 10px 30px;border-width:1px !important;border-style:none;border-radius:50px !important;}.advgbbtn-5c1d9a77-6269-4f10-b064-83b95d569450:hover{box-shadow:1px 1px 12px 0px #cf2e2e;opacity:1;transition:all 0.2s ease;}.advgbbtn-5c1d9a77-6269-4f10-b064-83b95d569450 > i {display: none !important;}.advgbbtn-5c1d9a77-6269-4f10-b064-83b95d569450{font-size:18px;color:#b52d00 !important;background-color:#2196f3 !important;margin:0px 0px 0px 0px !important;padding:10px 30px 10px 30px;border-width:1px !important;border-style:none;border-radius:50px !important;}.advgbbtn-5c1d9a77-6269-4f10-b064-83b95d569450:hover{box-shadow:1px 1px 12px 0px #cf2e2e;opacity:1;transition:all 0.2s ease;}.advgbbtn-5c1d9a77-6269-4f10-b064-83b95d569450 > i {display: none !important;}<\/style>","protected":false},"excerpt":{"rendered":"En los climas del norte de Europa, donde naci\u00f3 PENOSIL, el aire se mantiene fr\u00edo durante gran parte del a\u00f1o. Sin embargo, los primeros pobladores de este entorno a menudo exigente no ve\u00edan el fr\u00edo como un obst\u00e1culo, sino como un desaf\u00edo que deb\u00eda ser afrontado y, en cierto modo, disfrutado. A lo largo de [&hellip;]","protected":false},"author":1,"featured_media":0,"parent":0,"menu_order":360,"comment_status":"closed","ping_status":"closed","template":"page-templates\/template-aboutus.php","meta":{"_acf_changed":false,"advgb_blocks_editor_width":"","advgb_blocks_columns_visual_guide":"","footnotes":""},"class_list":["post-6530","page","type-page","status-publish","hentry"],"acf":[],"yoast_head":"<!-- This site is optimized with the Yoast SEO plugin v27.4 - https:\/\/yoast.com\/product\/yoast-seo-wordpress\/ -->\n<title>Sobre nosotros - Penosil Spain<\/title>\n<meta name=\"robots\" content=\"index, follow, max-snippet:-1, max-image-preview:large, max-video-preview:-1\" \/>\n<link rel=\"canonical\" href=\"https:\/\/penosil.com\/es\/sobre-nosotros\/\" \/>\n<meta property=\"og:locale\" content=\"es_ES\" \/>\n<meta property=\"og:type\" content=\"article\" \/>\n<meta property=\"og:title\" content=\"Sobre nosotros - Penosil Spain\" \/>\n<meta property=\"og:description\" content=\"En los climas del norte de Europa, donde naci\u00f3 PENOSIL, el aire se mantiene fr\u00edo durante gran parte del a\u00f1o. Sin embargo, los primeros pobladores de este entorno a menudo exigente no ve\u00edan el fr\u00edo como un obst\u00e1culo, sino como un desaf\u00edo que deb\u00eda ser afrontado y, en cierto modo, disfrutado. A lo largo de [&hellip;]\" \/>\n<meta property=\"og:url\" content=\"https:\/\/penosil.com\/es\/sobre-nosotros\/\" \/>\n<meta property=\"og:site_name\" content=\"Penosil Spain\" \/>\n<meta property=\"article:modified_time\" content=\"2026-02-02T12:54:16+00:00\" \/>\n<meta name=\"twitter:card\" content=\"summary_large_image\" \/>\n<meta name=\"twitter:label1\" content=\"Tiempo de lectura\" \/>\n\t<meta name=\"twitter:data1\" content=\"5 minutos\" \/>\n<script type=\"application\/ld+json\" class=\"yoast-schema-graph\">{\"@context\":\"https:\\\/\\\/schema.org\",\"@graph\":[{\"@type\":\"WebPage\",\"@id\":\"https:\\\/\\\/penosil.com\\\/es\\\/sobre-nosotros\\\/\",\"url\":\"https:\\\/\\\/penosil.com\\\/es\\\/sobre-nosotros\\\/\",\"name\":\"Sobre nosotros - Penosil Spain\",\"isPartOf\":{\"@id\":\"https:\\\/\\\/penosil.com\\\/es\\\/#website\"},\"datePublished\":\"2019-07-24T13:17:19+00:00\",\"dateModified\":\"2026-02-02T12:54:16+00:00\",\"breadcrumb\":{\"@id\":\"https:\\\/\\\/penosil.com\\\/es\\\/sobre-nosotros\\\/#breadcrumb\"},\"inLanguage\":\"es\",\"potentialAction\":[{\"@type\":\"ReadAction\",\"target\":[\"https:\\\/\\\/penosil.com\\\/es\\\/sobre-nosotros\\\/\"]}]},{\"@type\":\"BreadcrumbList\",\"@id\":\"https:\\\/\\\/penosil.com\\\/es\\\/sobre-nosotros\\\/#breadcrumb\",\"itemListElement\":[{\"@type\":\"ListItem\",\"position\":1,\"name\":\"Inicio\",\"item\":\"https:\\\/\\\/penosil.com\\\/es\\\/\"},{\"@type\":\"ListItem\",\"position\":2,\"name\":\"Sobre nosotros\"}]},{\"@type\":\"WebSite\",\"@id\":\"https:\\\/\\\/penosil.com\\\/es\\\/#website\",\"url\":\"https:\\\/\\\/penosil.com\\\/es\\\/\",\"name\":\"Penosil Spain\",\"description\":\"\",\"potentialAction\":[{\"@type\":\"SearchAction\",\"target\":{\"@type\":\"EntryPoint\",\"urlTemplate\":\"https:\\\/\\\/penosil.com\\\/es\\\/?s={search_term_string}\"},\"query-input\":{\"@type\":\"PropertyValueSpecification\",\"valueRequired\":true,\"valueName\":\"search_term_string\"}}],\"inLanguage\":\"es\"}]}<\/script>\n<!-- \/ Yoast SEO plugin. -->","yoast_head_json":{"title":"Sobre nosotros - Penosil Spain","robots":{"index":"index","follow":"follow","max-snippet":"max-snippet:-1","max-image-preview":"max-image-preview:large","max-video-preview":"max-video-preview:-1"},"canonical":"https:\/\/penosil.com\/es\/sobre-nosotros\/","og_locale":"es_ES","og_type":"article","og_title":"Sobre nosotros - Penosil Spain","og_description":"En los climas del norte de Europa, donde naci\u00f3 PENOSIL, el aire se mantiene fr\u00edo durante gran parte del a\u00f1o. Sin embargo, los primeros pobladores de este entorno a menudo exigente no ve\u00edan el fr\u00edo como un obst\u00e1culo, sino como un desaf\u00edo que deb\u00eda ser afrontado y, en cierto modo, disfrutado. A lo largo de [&hellip;]","og_url":"https:\/\/penosil.com\/es\/sobre-nosotros\/","og_site_name":"Penosil Spain","article_modified_time":"2026-02-02T12:54:16+00:00","twitter_card":"summary_large_image","twitter_misc":{"Tiempo de lectura":"5 minutos"},"schema":{"@context":"https:\/\/schema.org","@graph":[{"@type":"WebPage","@id":"https:\/\/penosil.com\/es\/sobre-nosotros\/","url":"https:\/\/penosil.com\/es\/sobre-nosotros\/","name":"Sobre nosotros - Penosil Spain","isPartOf":{"@id":"https:\/\/penosil.com\/es\/#website"},"datePublished":"2019-07-24T13:17:19+00:00","dateModified":"2026-02-02T12:54:16+00:00","breadcrumb":{"@id":"https:\/\/penosil.com\/es\/sobre-nosotros\/#breadcrumb"},"inLanguage":"es","potentialAction":[{"@type":"ReadAction","target":["https:\/\/penosil.com\/es\/sobre-nosotros\/"]}]},{"@type":"BreadcrumbList","@id":"https:\/\/penosil.com\/es\/sobre-nosotros\/#breadcrumb","itemListElement":[{"@type":"ListItem","position":1,"name":"Inicio","item":"https:\/\/penosil.com\/es\/"},{"@type":"ListItem","position":2,"name":"Sobre nosotros"}]},{"@type":"WebSite","@id":"https:\/\/penosil.com\/es\/#website","url":"https:\/\/penosil.com\/es\/","name":"Penosil Spain","description":"","potentialAction":[{"@type":"SearchAction","target":{"@type":"EntryPoint","urlTemplate":"https:\/\/penosil.com\/es\/?s={search_term_string}"},"query-input":{"@type":"PropertyValueSpecification","valueRequired":true,"valueName":"search_term_string"}}],"inLanguage":"es"}]}},"coauthors":[],"author_meta":{"author_link":"https:\/\/penosil.com\/es\/author\/reaktiiv-pe\/","display_name":"reaktiiv-pe"},"relative_dates":{"created":"Publicado 7 a\u00f1os hace","modified":"Actualizado 3 meses hace"},"absolute_dates":{"created":"Publicado el 07\/24\/2019","modified":"Actualizado el 02\/02\/2026"},"absolute_dates_time":{"created":"Publicado el 07\/24\/2019 1:17 pm","modified":"Actualizado el 02\/02\/2026 1:54 pm"},"featured_img_caption":"","featured_img":false,"series_order":"","_links":{"self":[{"href":"https:\/\/penosil.com\/es\/wp-json\/wp\/v2\/pages\/6530","targetHints":{"allow":["GET"]}}],"collection":[{"href":"https:\/\/penosil.com\/es\/wp-json\/wp\/v2\/pages"}],"about":[{"href":"https:\/\/penosil.com\/es\/wp-json\/wp\/v2\/types\/page"}],"author":[{"embeddable":true,"href":"https:\/\/penosil.com\/es\/wp-json\/wp\/v2\/users\/1"}],"replies":[{"embeddable":true,"href":"https:\/\/penosil.com\/es\/wp-json\/wp\/v2\/comments?post=6530"}],"version-history":[{"count":53,"href":"https:\/\/penosil.com\/es\/wp-json\/wp\/v2\/pages\/6530\/revisions"}],"predecessor-version":[{"id":17306,"href":"https:\/\/penosil.com\/es\/wp-json\/wp\/v2\/pages\/6530\/revisions\/17306"}],"wp:attachment":[{"href":"https:\/\/penosil.com\/es\/wp-json\/wp\/v2\/media?parent=6530"}],"curies":[{"name":"wp","href":"https:\/\/api.w.org\/{rel}","templated":true}]}}