{"id":10459,"date":"2024-05-13T08:05:40","date_gmt":"2024-05-13T08:05:40","guid":{"rendered":"https:\/\/penosil.com\/es\/?post_type=product&#038;p=10459"},"modified":"2026-04-16T01:01:02","modified_gmt":"2026-04-15T23:01:02","slug":"silicona-estructural-sg71-acristalamiento-estructural","status":"publish","type":"product","link":"https:\/\/penosil.com\/es\/producto\/silicona-estructural-sg71-acristalamiento-estructural\/","title":{"rendered":"Silicona Estructural SG-71"},"content":{"rendered":"<p>Silicona Estructural monocomponente neutra para aplicaciones de Vidrio Estructural o Acristalamiento Exterior Encolado (Structural Glazing &#8211; V.E.C.). Alto m\u00f3dulo, curado r\u00e1pido, elevadas propiedades mec\u00e1nicas y resistente a todas las climatolog\u00edas. Sistema de adherencia y sellado en uno.<\/p>\n","protected":false},"excerpt":{"rendered":"Silicona Estructural monocomponente neutra para aplicaciones de Vidrio Estructural o Acristalamiento Exterior Encolado (Structural Glazing &#8211; V.E.C.), de alto m\u00f3dulo, curado r\u00e1pido, elevadas propiedades mec\u00e1nicas y resistente a todas las climatolog\u00edas. Sistema de adherencia y sellado en uno.","protected":false},"author":198,"featured_media":12209,"template":"","meta":{"_acf_changed":false,"advgb_blocks_editor_width":"","advgb_blocks_columns_visual_guide":"","footnotes":""},"product_brand":[],"product_cat":[2295,1372,1614,1653,2301],"product_tag":[],"class_list":{"0":"post-10459","1":"product","2":"type-product","3":"status-publish","4":"has-post-thumbnail","6":"product_cat-areas-de-aplicacion","7":"product_cat-grupos-de-productos","8":"product_cat-sellantes","9":"product_cat-siliconas","10":"product_cat-cubiertas-y-fachadas","12":"first","13":"instock","14":"taxable","15":"shipping-taxable","16":"purchasable","17":"product-type-variable"},"acf":[],"yoast_head":"<!-- This site is optimized with the Yoast SEO plugin v27.2 - https:\/\/yoast.com\/product\/yoast-seo-wordpress\/ -->\n<title>PENOSIL Silicona Estructural SG-71 Fachadas y Muros Cortina<\/title>\n<meta name=\"description\" content=\"Silicona Estructural SG-71 es una silicona para para aplicaciones de Vidrio Estructural. Gran poder y resistencia. Sistema de adherencia y sellado en uno.\" \/>\n<meta name=\"robots\" content=\"index, follow, max-snippet:-1, max-image-preview:large, max-video-preview:-1\" \/>\n<link rel=\"canonical\" href=\"https:\/\/penosil.com\/es\/producto\/silicona-estructural-sg71-acristalamiento-estructural\/\" \/>\n<meta property=\"og:locale\" content=\"es_ES\" \/>\n<meta property=\"og:type\" content=\"article\" \/>\n<meta property=\"og:title\" content=\"PENOSIL Silicona Estructural SG-71 Fachadas y Muros Cortina\" \/>\n<meta property=\"og:description\" content=\"Silicona Estructural SG-71 es una silicona para para aplicaciones de Vidrio Estructural. Gran poder y resistencia. Sistema de adherencia y sellado en uno.\" \/>\n<meta property=\"og:url\" content=\"https:\/\/penosil.com\/es\/producto\/silicona-estructural-sg71-acristalamiento-estructural\/\" \/>\n<meta property=\"og:site_name\" content=\"Penosil Spain\" \/>\n<meta property=\"article:modified_time\" content=\"2026-04-15T23:01:02+00:00\" \/>\n<meta property=\"og:image\" content=\"https:\/\/penosil.com\/es\/wp-content\/uploads\/sites\/9\/2024\/05\/Silicona-Estructural-Penosil-SG-71-Fachadas-y-Muros-Cortina.png\" \/>\n\t<meta property=\"og:image:width\" content=\"387\" \/>\n\t<meta property=\"og:image:height\" content=\"1080\" \/>\n\t<meta property=\"og:image:type\" content=\"image\/png\" \/>\n<meta name=\"twitter:card\" content=\"summary_large_image\" \/>\n<meta name=\"twitter:label1\" content=\"Tiempo de lectura\" \/>\n\t<meta name=\"twitter:data1\" content=\"5 minutos\" \/>\n<script type=\"application\/ld+json\" class=\"yoast-schema-graph\">{\"@context\":\"https:\/\/schema.org\",\"@graph\":[{\"@type\":[\"WebPage\",\"ItemPage\"],\"@id\":\"https:\/\/penosil.com\/es\/producto\/silicona-estructural-sg71-acristalamiento-estructural\/\",\"url\":\"https:\/\/penosil.com\/es\/producto\/silicona-estructural-sg71-acristalamiento-estructural\/\",\"name\":\"PENOSIL Silicona Estructural SG-71 Fachadas y Muros Cortina\",\"isPartOf\":{\"@id\":\"https:\/\/penosil.com\/es\/#website\"},\"primaryImageOfPage\":{\"@id\":\"https:\/\/penosil.com\/es\/producto\/silicona-estructural-sg71-acristalamiento-estructural\/#primaryimage\"},\"image\":{\"@id\":\"https:\/\/penosil.com\/es\/producto\/silicona-estructural-sg71-acristalamiento-estructural\/#primaryimage\"},\"thumbnailUrl\":\"https:\/\/penosil.com\/es\/wp-content\/uploads\/sites\/9\/2024\/05\/Silicona-Estructural-Penosil-SG-71-Fachadas-y-Muros-Cortina.png\",\"datePublished\":\"2024-05-13T08:05:40+00:00\",\"dateModified\":\"2026-04-15T23:01:02+00:00\",\"description\":\"Silicona Estructural SG-71 es una silicona para para aplicaciones de Vidrio Estructural. Gran poder y resistencia. Sistema de adherencia y sellado en uno.\",\"breadcrumb\":{\"@id\":\"https:\/\/penosil.com\/es\/producto\/silicona-estructural-sg71-acristalamiento-estructural\/#breadcrumb\"},\"inLanguage\":\"es\",\"potentialAction\":[{\"@type\":\"ReadAction\",\"target\":[\"https:\/\/penosil.com\/es\/producto\/silicona-estructural-sg71-acristalamiento-estructural\/\"]}]},{\"@type\":\"ImageObject\",\"inLanguage\":\"es\",\"@id\":\"https:\/\/penosil.com\/es\/producto\/silicona-estructural-sg71-acristalamiento-estructural\/#primaryimage\",\"url\":\"https:\/\/penosil.com\/es\/wp-content\/uploads\/sites\/9\/2024\/05\/Silicona-Estructural-Penosil-SG-71-Fachadas-y-Muros-Cortina.png\",\"contentUrl\":\"https:\/\/penosil.com\/es\/wp-content\/uploads\/sites\/9\/2024\/05\/Silicona-Estructural-Penosil-SG-71-Fachadas-y-Muros-Cortina.png\",\"width\":387,\"height\":1080,\"caption\":\"Silicona Estructural Penosil SG-71 Fachadas y Muros Cortina\"},{\"@type\":\"BreadcrumbList\",\"@id\":\"https:\/\/penosil.com\/es\/producto\/silicona-estructural-sg71-acristalamiento-estructural\/#breadcrumb\",\"itemListElement\":[{\"@type\":\"ListItem\",\"position\":1,\"name\":\"Inicio\",\"item\":\"https:\/\/penosil.com\/es\/\"},{\"@type\":\"ListItem\",\"position\":2,\"name\":\"Productos\",\"item\":\"https:\/\/penosil.com\/es\/productos\/\"},{\"@type\":\"ListItem\",\"position\":3,\"name\":\"Silicona Estructural SG-71\"}]},{\"@type\":\"WebSite\",\"@id\":\"https:\/\/penosil.com\/es\/#website\",\"url\":\"https:\/\/penosil.com\/es\/\",\"name\":\"Penosil Spain\",\"description\":\"\",\"potentialAction\":[{\"@type\":\"SearchAction\",\"target\":{\"@type\":\"EntryPoint\",\"urlTemplate\":\"https:\/\/penosil.com\/es\/?s={search_term_string}\"},\"query-input\":{\"@type\":\"PropertyValueSpecification\",\"valueRequired\":true,\"valueName\":\"search_term_string\"}}],\"inLanguage\":\"es\"}]}<\/script>\n<!-- \/ Yoast SEO plugin. -->","yoast_head_json":{"title":"PENOSIL Silicona Estructural SG-71 Fachadas y Muros Cortina","description":"Silicona Estructural SG-71 es una silicona para para aplicaciones de Vidrio Estructural. Gran poder y resistencia. Sistema de adherencia y sellado en uno.","robots":{"index":"index","follow":"follow","max-snippet":"max-snippet:-1","max-image-preview":"max-image-preview:large","max-video-preview":"max-video-preview:-1"},"canonical":"https:\/\/penosil.com\/es\/producto\/silicona-estructural-sg71-acristalamiento-estructural\/","og_locale":"es_ES","og_type":"article","og_title":"PENOSIL Silicona Estructural SG-71 Fachadas y Muros Cortina","og_description":"Silicona Estructural SG-71 es una silicona para para aplicaciones de Vidrio Estructural. Gran poder y resistencia. Sistema de adherencia y sellado en uno.","og_url":"https:\/\/penosil.com\/es\/producto\/silicona-estructural-sg71-acristalamiento-estructural\/","og_site_name":"Penosil Spain","article_modified_time":"2026-04-15T23:01:02+00:00","og_image":[{"width":387,"height":1080,"url":"https:\/\/penosil.com\/es\/wp-content\/uploads\/sites\/9\/2024\/05\/Silicona-Estructural-Penosil-SG-71-Fachadas-y-Muros-Cortina.png","type":"image\/png"}],"twitter_card":"summary_large_image","twitter_misc":{"Tiempo de lectura":"5 minutos"},"schema":{"@context":"https:\/\/schema.org","@graph":[{"@type":["WebPage","ItemPage"],"@id":"https:\/\/penosil.com\/es\/producto\/silicona-estructural-sg71-acristalamiento-estructural\/","url":"https:\/\/penosil.com\/es\/producto\/silicona-estructural-sg71-acristalamiento-estructural\/","name":"PENOSIL Silicona Estructural SG-71 Fachadas y Muros Cortina","isPartOf":{"@id":"https:\/\/penosil.com\/es\/#website"},"primaryImageOfPage":{"@id":"https:\/\/penosil.com\/es\/producto\/silicona-estructural-sg71-acristalamiento-estructural\/#primaryimage"},"image":{"@id":"https:\/\/penosil.com\/es\/producto\/silicona-estructural-sg71-acristalamiento-estructural\/#primaryimage"},"thumbnailUrl":"https:\/\/penosil.com\/es\/wp-content\/uploads\/sites\/9\/2024\/05\/Silicona-Estructural-Penosil-SG-71-Fachadas-y-Muros-Cortina.png","datePublished":"2024-05-13T08:05:40+00:00","dateModified":"2026-04-15T23:01:02+00:00","description":"Silicona Estructural SG-71 es una silicona para para aplicaciones de Vidrio Estructural. Gran poder y resistencia. Sistema de adherencia y sellado en uno.","breadcrumb":{"@id":"https:\/\/penosil.com\/es\/producto\/silicona-estructural-sg71-acristalamiento-estructural\/#breadcrumb"},"inLanguage":"es","potentialAction":[{"@type":"ReadAction","target":["https:\/\/penosil.com\/es\/producto\/silicona-estructural-sg71-acristalamiento-estructural\/"]}]},{"@type":"ImageObject","inLanguage":"es","@id":"https:\/\/penosil.com\/es\/producto\/silicona-estructural-sg71-acristalamiento-estructural\/#primaryimage","url":"https:\/\/penosil.com\/es\/wp-content\/uploads\/sites\/9\/2024\/05\/Silicona-Estructural-Penosil-SG-71-Fachadas-y-Muros-Cortina.png","contentUrl":"https:\/\/penosil.com\/es\/wp-content\/uploads\/sites\/9\/2024\/05\/Silicona-Estructural-Penosil-SG-71-Fachadas-y-Muros-Cortina.png","width":387,"height":1080,"caption":"Silicona Estructural Penosil SG-71 Fachadas y Muros Cortina"},{"@type":"BreadcrumbList","@id":"https:\/\/penosil.com\/es\/producto\/silicona-estructural-sg71-acristalamiento-estructural\/#breadcrumb","itemListElement":[{"@type":"ListItem","position":1,"name":"Inicio","item":"https:\/\/penosil.com\/es\/"},{"@type":"ListItem","position":2,"name":"Productos","item":"https:\/\/penosil.com\/es\/productos\/"},{"@type":"ListItem","position":3,"name":"Silicona Estructural SG-71"}]},{"@type":"WebSite","@id":"https:\/\/penosil.com\/es\/#website","url":"https:\/\/penosil.com\/es\/","name":"Penosil Spain","description":"","potentialAction":[{"@type":"SearchAction","target":{"@type":"EntryPoint","urlTemplate":"https:\/\/penosil.com\/es\/?s={search_term_string}"},"query-input":{"@type":"PropertyValueSpecification","valueRequired":true,"valueName":"search_term_string"}}],"inLanguage":"es"}]}},"featured_img":"https:\/\/penosil.com\/es\/wp-content\/uploads\/sites\/9\/2024\/05\/Silicona-Estructural-Penosil-SG-71-Fachadas-y-Muros-Cortina.png","coauthors":[],"author_meta":{"author_link":"https:\/\/penosil.com\/es\/author\/eric\/","display_name":"eric"},"relative_dates":{"created":"Publicado 2 a\u00f1os hace","modified":"Actualizado 7 horas hace"},"absolute_dates":{"created":"Publicado el 05\/13\/2024","modified":"Actualizado el 04\/16\/2026"},"absolute_dates_time":{"created":"Publicado el 05\/13\/2024 8:05 am","modified":"Actualizado el 04\/16\/2026 1:01 am"},"featured_img_caption":"Silicona Estructural Penosil SG-71 Fachadas y Muros Cortina","tax_additional":{"product_brand":{"linked":[],"unlinked":[],"slug":"product_brand","name":"Marcas"},"product_type":{"linked":["<a href=\"https:\/\/penosil.com\/es\/?taxonomy=product_type&#038;term=variable\" class=\"advgb-post-tax-term\">variable<\/a>"],"unlinked":["<span class=\"advgb-post-tax-term\">variable<\/span>"],"slug":"product_type","name":"Tipo de producto"},"product_visibility":{"linked":[],"unlinked":[],"slug":"product_visibility","name":"Visibilidad del producto"},"product_cat":{"linked":["<a href=\"https:\/\/penosil.com\/es\/categoria-producto\/areas-de-aplicacion\/\" class=\"advgb-post-tax-term\">\u00c1reas de Aplicaci\u00f3n<\/a>","<a href=\"https:\/\/penosil.com\/es\/categoria-producto\/grupos-de-productos\/\" class=\"advgb-post-tax-term\">Grupos de productos<\/a>","<a href=\"https:\/\/penosil.com\/es\/categoria-producto\/grupos-de-productos\/sellantes\/\" class=\"advgb-post-tax-term\">Sellantes<\/a>","<a href=\"https:\/\/penosil.com\/es\/categoria-producto\/grupos-de-productos\/sellantes\/siliconas\/\" class=\"advgb-post-tax-term\">Siliconas<\/a>","<a href=\"https:\/\/penosil.com\/es\/categoria-producto\/areas-de-aplicacion\/cubiertas-y-fachadas\/\" class=\"advgb-post-tax-term\">Cubiertas y Fachadas<\/a>"],"unlinked":["<span class=\"advgb-post-tax-term\">\u00c1reas de Aplicaci\u00f3n<\/span>","<span class=\"advgb-post-tax-term\">Grupos de productos<\/span>","<span class=\"advgb-post-tax-term\">Sellantes<\/span>","<span class=\"advgb-post-tax-term\">Siliconas<\/span>","<span class=\"advgb-post-tax-term\">Cubiertas y Fachadas<\/span>"],"slug":"product_cat","name":"Categor\u00edas del producto"},"product_tag":{"linked":[],"unlinked":[],"slug":"product_tag","name":"Etiquetas del producto"},"product_shipping_class":{"linked":[],"unlinked":[],"slug":"product_shipping_class","name":"Clases de env\u00edo del producto"},"pos_product_visibility":{"linked":[],"unlinked":[],"slug":"pos_product_visibility","name":"Visibilidad del producto en el punto de venta"},"pa_color":{"linked":["<a href=\"https:\/\/penosil.com\/es\/?taxonomy=pa_color&#038;term=negro\" class=\"advgb-post-tax-term\">Negro<\/a>"],"unlinked":["<span class=\"advgb-post-tax-term\">Negro<\/span>"],"slug":"pa_color","name":"Colores"},"pa_package":{"linked":["<a href=\"https:\/\/penosil.com\/es\/?taxonomy=pa_package&#038;term=cartucho-310-ml\" class=\"advgb-post-tax-term\">Cartucho 310 ml<\/a>","<a href=\"https:\/\/penosil.com\/es\/?taxonomy=pa_package&#038;term=bolsa-600-ml\" class=\"advgb-post-tax-term\">Bolsa 600 ml<\/a>"],"unlinked":["<span class=\"advgb-post-tax-term\">Cartucho 310 ml<\/span>","<span class=\"advgb-post-tax-term\">Bolsa 600 ml<\/span>"],"slug":"pa_package","name":"Formatos"},"translation_priority":{"linked":["<a href=\"https:\/\/penosil.com\/es\/?taxonomy=translation_priority&#038;term=opcional-es\" class=\"advgb-post-tax-term\">Opcional<\/a>"],"unlinked":["<span class=\"advgb-post-tax-term\">Opcional<\/span>"],"slug":"translation_priority","name":"Prioridades de traducci\u00f3n"}},"series_order":"","_links":{"self":[{"href":"https:\/\/penosil.com\/es\/wp-json\/wp\/v2\/product\/10459","targetHints":{"allow":["GET"]}}],"collection":[{"href":"https:\/\/penosil.com\/es\/wp-json\/wp\/v2\/product"}],"about":[{"href":"https:\/\/penosil.com\/es\/wp-json\/wp\/v2\/types\/product"}],"version-history":[{"count":10,"href":"https:\/\/penosil.com\/es\/wp-json\/wp\/v2\/product\/10459\/revisions"}],"predecessor-version":[{"id":12660,"href":"https:\/\/penosil.com\/es\/wp-json\/wp\/v2\/product\/10459\/revisions\/12660"}],"wp:featuredmedia":[{"embeddable":true,"href":"https:\/\/penosil.com\/es\/wp-json\/wp\/v2\/media\/12209"}],"wp:attachment":[{"href":"https:\/\/penosil.com\/es\/wp-json\/wp\/v2\/media?parent=10459"}],"wp:term":[{"taxonomy":"product_brand","embeddable":true,"href":"https:\/\/penosil.com\/es\/wp-json\/wp\/v2\/product_brand?post=10459"},{"taxonomy":"product_cat","embeddable":true,"href":"https:\/\/penosil.com\/es\/wp-json\/wp\/v2\/product_cat?post=10459"},{"taxonomy":"product_tag","embeddable":true,"href":"https:\/\/penosil.com\/es\/wp-json\/wp\/v2\/product_tag?post=10459"}],"curies":[{"name":"wp","href":"https:\/\/api.w.org\/{rel}","templated":true}]}}