{"id":11467,"date":"2024-11-15T12:05:11","date_gmt":"2024-11-15T12:05:11","guid":{"rendered":"https:\/\/penosil.com\/es\/?post_type=product&#038;p=11467"},"modified":"2026-04-15T13:00:57","modified_gmt":"2026-04-15T11:00:57","slug":"espuma-multiusos-profesional-4x4-pu-154-alto-rendimiento","status":"publish","type":"product","link":"https:\/\/penosil.com\/es\/producto\/espuma-multiusos-profesional-4x4-pu-154-alto-rendimiento\/","title":{"rendered":"Espuma 4\u00d74 154"},"content":{"rendered":"<p>Espuma multiusos profesional de alto rendimiento, monocomponente, de expansi\u00f3n controlada y con una estructura homog\u00e9nea de alta calidad. Excelentes propiedades adhesivas y muy buen aislante t\u00e9rmico y ac\u00fastico. La espuma curada es semirr\u00edgida y se puede recortar f\u00e1cilmente, dar forma y lijar, as\u00ed como pintar o recubrir.<\/p>\n","protected":false},"excerpt":{"rendered":"PENOSIL Espuma 4&#215;4 PU-154 es una espuma de alto rendimiento, monocomponente y de expansi\u00f3n controlada, de aplicaci\u00f3n con pistola y con una estructura homog\u00e9nea de alta calidad.","protected":false},"author":198,"featured_media":11468,"template":"","meta":{"_acf_changed":false,"advgb_blocks_editor_width":"","advgb_blocks_columns_visual_guide":"","footnotes":""},"product_brand":[],"product_cat":[1545,2298,2295,1504,1372],"product_tag":[],"class_list":{"0":"post-11467","1":"product","2":"type-product","3":"status-publish","4":"has-post-thumbnail","6":"product_cat-espumas-para-pistola","7":"product_cat-construccion","8":"product_cat-areas-de-aplicacion","9":"product_cat-espumas-de-construccion","10":"product_cat-grupos-de-productos","12":"first","13":"instock","14":"taxable","15":"shipping-taxable","16":"purchasable","17":"product-type-simple"},"acf":[],"yoast_head":"<!-- This site is optimized with the Yoast SEO plugin v27.2 - https:\/\/yoast.com\/product\/yoast-seo-wordpress\/ -->\n<title>PENOSIL Espuma 4x4 154 Pistola Aplicaci\u00f3n de Alto Rendimiento<\/title>\n<meta name=\"description\" content=\"Espuma de alto rendimiento profesional, monocomponente, expansi\u00f3n controlada y estructura homog\u00e9nea de alta calidad. Excelentes propiedades adhesivas.\" \/>\n<meta name=\"robots\" content=\"index, follow, max-snippet:-1, max-image-preview:large, max-video-preview:-1\" \/>\n<link rel=\"canonical\" href=\"https:\/\/penosil.com\/es\/producto\/espuma-multiusos-profesional-4x4-pu-154-alto-rendimiento\/\" \/>\n<meta property=\"og:locale\" content=\"es_ES\" \/>\n<meta property=\"og:type\" content=\"article\" \/>\n<meta property=\"og:title\" content=\"PENOSIL Espuma 4x4 154 Pistola Aplicaci\u00f3n de Alto Rendimiento\" \/>\n<meta property=\"og:description\" content=\"Espuma de alto rendimiento profesional, monocomponente, expansi\u00f3n controlada y estructura homog\u00e9nea de alta calidad. Excelentes propiedades adhesivas.\" \/>\n<meta property=\"og:url\" content=\"https:\/\/penosil.com\/es\/producto\/espuma-multiusos-profesional-4x4-pu-154-alto-rendimiento\/\" \/>\n<meta property=\"og:site_name\" content=\"Penosil Spain\" \/>\n<meta property=\"article:modified_time\" content=\"2026-04-15T11:00:57+00:00\" \/>\n<meta property=\"og:image\" content=\"https:\/\/penosil.com\/es\/wp-content\/uploads\/sites\/9\/2024\/11\/Espuma-Multiusos4x4-PU-154-Aplicacion-de-Alto-Rendimiento-ES.png\" \/>\n\t<meta property=\"og:image:width\" content=\"523\" \/>\n\t<meta property=\"og:image:height\" content=\"1080\" \/>\n\t<meta property=\"og:image:type\" content=\"image\/png\" \/>\n<meta name=\"twitter:card\" content=\"summary_large_image\" \/>\n<meta name=\"twitter:label1\" content=\"Tiempo de lectura\" \/>\n\t<meta name=\"twitter:data1\" content=\"7 minutos\" \/>\n<script type=\"application\/ld+json\" class=\"yoast-schema-graph\">{\"@context\":\"https:\/\/schema.org\",\"@graph\":[{\"@type\":[\"WebPage\",\"ItemPage\"],\"@id\":\"https:\/\/penosil.com\/es\/producto\/espuma-multiusos-profesional-4x4-pu-154-alto-rendimiento\/\",\"url\":\"https:\/\/penosil.com\/es\/producto\/espuma-multiusos-profesional-4x4-pu-154-alto-rendimiento\/\",\"name\":\"PENOSIL Espuma 4x4 154 Pistola Aplicaci\u00f3n de Alto Rendimiento\",\"isPartOf\":{\"@id\":\"https:\/\/penosil.com\/es\/#website\"},\"primaryImageOfPage\":{\"@id\":\"https:\/\/penosil.com\/es\/producto\/espuma-multiusos-profesional-4x4-pu-154-alto-rendimiento\/#primaryimage\"},\"image\":{\"@id\":\"https:\/\/penosil.com\/es\/producto\/espuma-multiusos-profesional-4x4-pu-154-alto-rendimiento\/#primaryimage\"},\"thumbnailUrl\":\"https:\/\/penosil.com\/es\/wp-content\/uploads\/sites\/9\/2024\/11\/Espuma-Multiusos4x4-PU-154-Aplicacion-de-Alto-Rendimiento-ES.png\",\"datePublished\":\"2024-11-15T12:05:11+00:00\",\"dateModified\":\"2026-04-15T11:00:57+00:00\",\"description\":\"Espuma de alto rendimiento profesional, monocomponente, expansi\u00f3n controlada y estructura homog\u00e9nea de alta calidad. Excelentes propiedades adhesivas.\",\"breadcrumb\":{\"@id\":\"https:\/\/penosil.com\/es\/producto\/espuma-multiusos-profesional-4x4-pu-154-alto-rendimiento\/#breadcrumb\"},\"inLanguage\":\"es\",\"potentialAction\":[{\"@type\":\"ReadAction\",\"target\":[\"https:\/\/penosil.com\/es\/producto\/espuma-multiusos-profesional-4x4-pu-154-alto-rendimiento\/\"]}]},{\"@type\":\"ImageObject\",\"inLanguage\":\"es\",\"@id\":\"https:\/\/penosil.com\/es\/producto\/espuma-multiusos-profesional-4x4-pu-154-alto-rendimiento\/#primaryimage\",\"url\":\"https:\/\/penosil.com\/es\/wp-content\/uploads\/sites\/9\/2024\/11\/Espuma-Multiusos4x4-PU-154-Aplicacion-de-Alto-Rendimiento-ES.png\",\"contentUrl\":\"https:\/\/penosil.com\/es\/wp-content\/uploads\/sites\/9\/2024\/11\/Espuma-Multiusos4x4-PU-154-Aplicacion-de-Alto-Rendimiento-ES.png\",\"width\":523,\"height\":1080,\"caption\":\"Espuma profesional Multiusos Penosil PU-154. Espuma de Alto Rendimiento\"},{\"@type\":\"BreadcrumbList\",\"@id\":\"https:\/\/penosil.com\/es\/producto\/espuma-multiusos-profesional-4x4-pu-154-alto-rendimiento\/#breadcrumb\",\"itemListElement\":[{\"@type\":\"ListItem\",\"position\":1,\"name\":\"Inicio\",\"item\":\"https:\/\/penosil.com\/es\/\"},{\"@type\":\"ListItem\",\"position\":2,\"name\":\"Productos\",\"item\":\"https:\/\/penosil.com\/es\/productos\/\"},{\"@type\":\"ListItem\",\"position\":3,\"name\":\"Espuma 4\u00d74 154\"}]},{\"@type\":\"WebSite\",\"@id\":\"https:\/\/penosil.com\/es\/#website\",\"url\":\"https:\/\/penosil.com\/es\/\",\"name\":\"Penosil Spain\",\"description\":\"\",\"potentialAction\":[{\"@type\":\"SearchAction\",\"target\":{\"@type\":\"EntryPoint\",\"urlTemplate\":\"https:\/\/penosil.com\/es\/?s={search_term_string}\"},\"query-input\":{\"@type\":\"PropertyValueSpecification\",\"valueRequired\":true,\"valueName\":\"search_term_string\"}}],\"inLanguage\":\"es\"}]}<\/script>\n<!-- \/ Yoast SEO plugin. -->","yoast_head_json":{"title":"PENOSIL Espuma 4x4 154 Pistola Aplicaci\u00f3n de Alto Rendimiento","description":"Espuma de alto rendimiento profesional, monocomponente, expansi\u00f3n controlada y estructura homog\u00e9nea de alta calidad. Excelentes propiedades adhesivas.","robots":{"index":"index","follow":"follow","max-snippet":"max-snippet:-1","max-image-preview":"max-image-preview:large","max-video-preview":"max-video-preview:-1"},"canonical":"https:\/\/penosil.com\/es\/producto\/espuma-multiusos-profesional-4x4-pu-154-alto-rendimiento\/","og_locale":"es_ES","og_type":"article","og_title":"PENOSIL Espuma 4x4 154 Pistola Aplicaci\u00f3n de Alto Rendimiento","og_description":"Espuma de alto rendimiento profesional, monocomponente, expansi\u00f3n controlada y estructura homog\u00e9nea de alta calidad. Excelentes propiedades adhesivas.","og_url":"https:\/\/penosil.com\/es\/producto\/espuma-multiusos-profesional-4x4-pu-154-alto-rendimiento\/","og_site_name":"Penosil Spain","article_modified_time":"2026-04-15T11:00:57+00:00","og_image":[{"width":523,"height":1080,"url":"https:\/\/penosil.com\/es\/wp-content\/uploads\/sites\/9\/2024\/11\/Espuma-Multiusos4x4-PU-154-Aplicacion-de-Alto-Rendimiento-ES.png","type":"image\/png"}],"twitter_card":"summary_large_image","twitter_misc":{"Tiempo de lectura":"7 minutos"},"schema":{"@context":"https:\/\/schema.org","@graph":[{"@type":["WebPage","ItemPage"],"@id":"https:\/\/penosil.com\/es\/producto\/espuma-multiusos-profesional-4x4-pu-154-alto-rendimiento\/","url":"https:\/\/penosil.com\/es\/producto\/espuma-multiusos-profesional-4x4-pu-154-alto-rendimiento\/","name":"PENOSIL Espuma 4x4 154 Pistola Aplicaci\u00f3n de Alto Rendimiento","isPartOf":{"@id":"https:\/\/penosil.com\/es\/#website"},"primaryImageOfPage":{"@id":"https:\/\/penosil.com\/es\/producto\/espuma-multiusos-profesional-4x4-pu-154-alto-rendimiento\/#primaryimage"},"image":{"@id":"https:\/\/penosil.com\/es\/producto\/espuma-multiusos-profesional-4x4-pu-154-alto-rendimiento\/#primaryimage"},"thumbnailUrl":"https:\/\/penosil.com\/es\/wp-content\/uploads\/sites\/9\/2024\/11\/Espuma-Multiusos4x4-PU-154-Aplicacion-de-Alto-Rendimiento-ES.png","datePublished":"2024-11-15T12:05:11+00:00","dateModified":"2026-04-15T11:00:57+00:00","description":"Espuma de alto rendimiento profesional, monocomponente, expansi\u00f3n controlada y estructura homog\u00e9nea de alta calidad. Excelentes propiedades adhesivas.","breadcrumb":{"@id":"https:\/\/penosil.com\/es\/producto\/espuma-multiusos-profesional-4x4-pu-154-alto-rendimiento\/#breadcrumb"},"inLanguage":"es","potentialAction":[{"@type":"ReadAction","target":["https:\/\/penosil.com\/es\/producto\/espuma-multiusos-profesional-4x4-pu-154-alto-rendimiento\/"]}]},{"@type":"ImageObject","inLanguage":"es","@id":"https:\/\/penosil.com\/es\/producto\/espuma-multiusos-profesional-4x4-pu-154-alto-rendimiento\/#primaryimage","url":"https:\/\/penosil.com\/es\/wp-content\/uploads\/sites\/9\/2024\/11\/Espuma-Multiusos4x4-PU-154-Aplicacion-de-Alto-Rendimiento-ES.png","contentUrl":"https:\/\/penosil.com\/es\/wp-content\/uploads\/sites\/9\/2024\/11\/Espuma-Multiusos4x4-PU-154-Aplicacion-de-Alto-Rendimiento-ES.png","width":523,"height":1080,"caption":"Espuma profesional Multiusos Penosil PU-154. Espuma de Alto Rendimiento"},{"@type":"BreadcrumbList","@id":"https:\/\/penosil.com\/es\/producto\/espuma-multiusos-profesional-4x4-pu-154-alto-rendimiento\/#breadcrumb","itemListElement":[{"@type":"ListItem","position":1,"name":"Inicio","item":"https:\/\/penosil.com\/es\/"},{"@type":"ListItem","position":2,"name":"Productos","item":"https:\/\/penosil.com\/es\/productos\/"},{"@type":"ListItem","position":3,"name":"Espuma 4\u00d74 154"}]},{"@type":"WebSite","@id":"https:\/\/penosil.com\/es\/#website","url":"https:\/\/penosil.com\/es\/","name":"Penosil Spain","description":"","potentialAction":[{"@type":"SearchAction","target":{"@type":"EntryPoint","urlTemplate":"https:\/\/penosil.com\/es\/?s={search_term_string}"},"query-input":{"@type":"PropertyValueSpecification","valueRequired":true,"valueName":"search_term_string"}}],"inLanguage":"es"}]}},"featured_img":"https:\/\/penosil.com\/es\/wp-content\/uploads\/sites\/9\/2024\/11\/Espuma-Multiusos4x4-PU-154-Aplicacion-de-Alto-Rendimiento-ES.png","coauthors":[],"author_meta":{"author_link":"https:\/\/penosil.com\/es\/author\/eric\/","display_name":"eric"},"relative_dates":{"created":"Publicado 1 a\u00f1o hace","modified":"Actualizado 1 hora hace"},"absolute_dates":{"created":"Publicado el 11\/15\/2024","modified":"Actualizado el 04\/15\/2026"},"absolute_dates_time":{"created":"Publicado el 11\/15\/2024 12:05 pm","modified":"Actualizado el 04\/15\/2026 1:00 pm"},"featured_img_caption":"Espuma profesional Multiusos Penosil PU-154. Espuma de Alto Rendimiento","tax_additional":{"product_brand":{"linked":[],"unlinked":[],"slug":"product_brand","name":"Marcas"},"product_type":{"linked":["<a href=\"https:\/\/penosil.com\/es\/?taxonomy=product_type&#038;term=simple\" class=\"advgb-post-tax-term\">simple<\/a>"],"unlinked":["<span class=\"advgb-post-tax-term\">simple<\/span>"],"slug":"product_type","name":"Tipo de producto"},"product_visibility":{"linked":[],"unlinked":[],"slug":"product_visibility","name":"Visibilidad del producto"},"product_cat":{"linked":["<a href=\"https:\/\/penosil.com\/es\/categoria-producto\/grupos-de-productos\/espumas-de-construccion\/espumas-para-pistola\/\" class=\"advgb-post-tax-term\">Espumas para pistola<\/a>","<a href=\"https:\/\/penosil.com\/es\/categoria-producto\/areas-de-aplicacion\/construccion\/\" class=\"advgb-post-tax-term\">Construcci\u00f3n<\/a>","<a href=\"https:\/\/penosil.com\/es\/categoria-producto\/areas-de-aplicacion\/\" class=\"advgb-post-tax-term\">\u00c1reas de Aplicaci\u00f3n<\/a>","<a href=\"https:\/\/penosil.com\/es\/categoria-producto\/grupos-de-productos\/espumas-de-construccion\/\" class=\"advgb-post-tax-term\">Espumas de construcci\u00f3n<\/a>","<a href=\"https:\/\/penosil.com\/es\/categoria-producto\/grupos-de-productos\/\" class=\"advgb-post-tax-term\">Grupos de productos<\/a>"],"unlinked":["<span class=\"advgb-post-tax-term\">Espumas para pistola<\/span>","<span class=\"advgb-post-tax-term\">Construcci\u00f3n<\/span>","<span class=\"advgb-post-tax-term\">\u00c1reas de Aplicaci\u00f3n<\/span>","<span class=\"advgb-post-tax-term\">Espumas de construcci\u00f3n<\/span>","<span class=\"advgb-post-tax-term\">Grupos de productos<\/span>"],"slug":"product_cat","name":"Categor\u00edas del producto"},"product_tag":{"linked":[],"unlinked":[],"slug":"product_tag","name":"Etiquetas del producto"},"product_shipping_class":{"linked":[],"unlinked":[],"slug":"product_shipping_class","name":"Clases de env\u00edo del producto"},"pos_product_visibility":{"linked":[],"unlinked":[],"slug":"pos_product_visibility","name":"Visibilidad del producto en el punto de venta"},"pa_color":{"linked":["<a href=\"https:\/\/penosil.com\/es\/?taxonomy=pa_color&#038;term=amarillo-claro\" class=\"advgb-post-tax-term\">Amarillo claro<\/a>"],"unlinked":["<span class=\"advgb-post-tax-term\">Amarillo claro<\/span>"],"slug":"pa_color","name":"Colores"},"pa_package":{"linked":["<a href=\"https:\/\/penosil.com\/es\/?taxonomy=pa_package&#038;term=aerosol-750-ml\" class=\"advgb-post-tax-term\">Aerosol 750 ml<\/a>"],"unlinked":["<span class=\"advgb-post-tax-term\">Aerosol 750 ml<\/span>"],"slug":"pa_package","name":"Formatos"},"translation_priority":{"linked":["<a href=\"https:\/\/penosil.com\/es\/?taxonomy=translation_priority&#038;term=opcional-es\" class=\"advgb-post-tax-term\">Opcional<\/a>"],"unlinked":["<span class=\"advgb-post-tax-term\">Opcional<\/span>"],"slug":"translation_priority","name":"Prioridades de traducci\u00f3n"}},"series_order":"","_links":{"self":[{"href":"https:\/\/penosil.com\/es\/wp-json\/wp\/v2\/product\/11467","targetHints":{"allow":["GET"]}}],"collection":[{"href":"https:\/\/penosil.com\/es\/wp-json\/wp\/v2\/product"}],"about":[{"href":"https:\/\/penosil.com\/es\/wp-json\/wp\/v2\/types\/product"}],"version-history":[{"count":12,"href":"https:\/\/penosil.com\/es\/wp-json\/wp\/v2\/product\/11467\/revisions"}],"predecessor-version":[{"id":17572,"href":"https:\/\/penosil.com\/es\/wp-json\/wp\/v2\/product\/11467\/revisions\/17572"}],"wp:featuredmedia":[{"embeddable":true,"href":"https:\/\/penosil.com\/es\/wp-json\/wp\/v2\/media\/11468"}],"wp:attachment":[{"href":"https:\/\/penosil.com\/es\/wp-json\/wp\/v2\/media?parent=11467"}],"wp:term":[{"taxonomy":"product_brand","embeddable":true,"href":"https:\/\/penosil.com\/es\/wp-json\/wp\/v2\/product_brand?post=11467"},{"taxonomy":"product_cat","embeddable":true,"href":"https:\/\/penosil.com\/es\/wp-json\/wp\/v2\/product_cat?post=11467"},{"taxonomy":"product_tag","embeddable":true,"href":"https:\/\/penosil.com\/es\/wp-json\/wp\/v2\/product_tag?post=11467"}],"curies":[{"name":"wp","href":"https:\/\/api.w.org\/{rel}","templated":true}]}}