{"id":11591,"date":"2025-02-05T15:14:23","date_gmt":"2025-02-05T14:14:23","guid":{"rendered":"https:\/\/penosil.com\/es\/?post_type=product&#038;p=11591"},"modified":"2026-04-16T01:01:00","modified_gmt":"2026-04-15T23:01:00","slug":"easypega-turbo-888-espuma-adhesiva-fijacion-60-seg","status":"publish","type":"product","link":"https:\/\/penosil.com\/es\/producto\/easypega-turbo-888-espuma-adhesiva-fijacion-60-seg\/","title":{"rendered":"EasyPega Turbo 888"},"content":{"rendered":"<p>Espuma adhesiva universal de curado ultrarr\u00e1pido, fijaci\u00f3n en 60 segundos, con sistema de doble aplicaci\u00f3n: manual y pistola. Alto rendimiento, excelentes propiedades aislantes y estructura fuerte, uniforme y el\u00e1stica. Extraordinaria adherencia a los materiales de construcci\u00f3n m\u00e1s utilizados, pudiendo sustituir en muchos casos la fijaci\u00f3n mec\u00e1nica.<\/p>\n","protected":false},"excerpt":{"rendered":"EasyPega Turbo 888 es una espuma adhesiva multiusos de fijaci\u00f3n extra r\u00e1pida, en 60 segundos, para trabajos en exteriores e interiores. Sistema de doble aplicaci\u00f3n, manual y pistola, alto rendimiento, excelentes propiedades aislantes y una estructura fuerte, uniforme y el\u00e1stica. Extraordinaria adherencia a los materiales de construcci\u00f3n m\u00e1s utilizados, pudiendo sustituir en muchos casos la fijaci\u00f3n mec\u00e1nica.","protected":false},"author":198,"featured_media":11592,"template":"","meta":{"_acf_changed":false,"advgb_blocks_editor_width":"","advgb_blocks_columns_visual_guide":"","footnotes":""},"product_brand":[],"product_cat":[2242,1545,2295,2361,1445,1504,1372,1393,1564,2302],"product_tag":[],"class_list":{"0":"post-11591","1":"product","2":"type-product","3":"status-publish","4":"has-post-thumbnail","6":"product_cat-nuevos-productos","7":"product_cat-espumas-para-pistola","8":"product_cat-areas-de-aplicacion","9":"product_cat-adhesivos-de-espuma","10":"product_cat-espumas-adhesivas","11":"product_cat-espumas-de-construccion","12":"product_cat-grupos-de-productos","13":"product_cat-adhesivos","14":"product_cat-espumas-con-aplicador-easygun-2-en-1","15":"product_cat-adhesivos-2","17":"first","18":"instock","19":"taxable","20":"shipping-taxable","21":"purchasable","22":"product-type-simple"},"acf":[],"yoast_head":"<!-- This site is optimized with the Yoast SEO plugin v27.2 - https:\/\/yoast.com\/product\/yoast-seo-wordpress\/ -->\n<title>PENOSIL EasyPega Turbo 888 Espuma Adhesiva Fijaci\u00f3n 60 seg.<\/title>\n<meta name=\"description\" content=\"Espuma adhesiva de fijaci\u00f3n en 60 seg. Alto rendimiento, excelentes propiedades y estructura uniforme y el\u00e1stica. Extraordinaria adherencia y resistencia.\" \/>\n<meta name=\"robots\" content=\"index, follow, max-snippet:-1, max-image-preview:large, max-video-preview:-1\" \/>\n<link rel=\"canonical\" href=\"https:\/\/penosil.com\/es\/producto\/easypega-turbo-888-espuma-adhesiva-fijacion-60-seg\/\" \/>\n<meta property=\"og:locale\" content=\"es_ES\" \/>\n<meta property=\"og:type\" content=\"article\" \/>\n<meta property=\"og:title\" content=\"PENOSIL EasyPega Turbo 888 Espuma Adhesiva Fijaci\u00f3n 60 seg.\" \/>\n<meta property=\"og:description\" content=\"Espuma adhesiva de fijaci\u00f3n en 60 seg. Alto rendimiento, excelentes propiedades y estructura uniforme y el\u00e1stica. Extraordinaria adherencia y resistencia.\" \/>\n<meta property=\"og:url\" content=\"https:\/\/penosil.com\/es\/producto\/easypega-turbo-888-espuma-adhesiva-fijacion-60-seg\/\" \/>\n<meta property=\"og:site_name\" content=\"Penosil Spain\" \/>\n<meta property=\"article:modified_time\" content=\"2026-04-15T23:01:00+00:00\" \/>\n<meta property=\"og:image\" content=\"https:\/\/penosil.com\/es\/wp-content\/uploads\/sites\/9\/2025\/02\/Espuma-adhesiva-de-fijacion-rapida-Penosil-EeasyPega-888.png\" \/>\n\t<meta property=\"og:image:width\" content=\"523\" \/>\n\t<meta property=\"og:image:height\" content=\"1080\" \/>\n\t<meta property=\"og:image:type\" content=\"image\/png\" \/>\n<meta name=\"twitter:card\" content=\"summary_large_image\" \/>\n<meta name=\"twitter:label1\" content=\"Tiempo de lectura\" \/>\n\t<meta name=\"twitter:data1\" content=\"4 minutos\" \/>\n<script type=\"application\/ld+json\" class=\"yoast-schema-graph\">{\"@context\":\"https:\/\/schema.org\",\"@graph\":[{\"@type\":[\"WebPage\",\"ItemPage\"],\"@id\":\"https:\/\/penosil.com\/es\/producto\/easypega-turbo-888-espuma-adhesiva-fijacion-60-seg\/\",\"url\":\"https:\/\/penosil.com\/es\/producto\/easypega-turbo-888-espuma-adhesiva-fijacion-60-seg\/\",\"name\":\"PENOSIL EasyPega Turbo 888 Espuma Adhesiva Fijaci\u00f3n 60 seg.\",\"isPartOf\":{\"@id\":\"https:\/\/penosil.com\/es\/#website\"},\"primaryImageOfPage\":{\"@id\":\"https:\/\/penosil.com\/es\/producto\/easypega-turbo-888-espuma-adhesiva-fijacion-60-seg\/#primaryimage\"},\"image\":{\"@id\":\"https:\/\/penosil.com\/es\/producto\/easypega-turbo-888-espuma-adhesiva-fijacion-60-seg\/#primaryimage\"},\"thumbnailUrl\":\"https:\/\/penosil.com\/es\/wp-content\/uploads\/sites\/9\/2025\/02\/Espuma-adhesiva-de-fijacion-rapida-Penosil-EeasyPega-888.png\",\"datePublished\":\"2025-02-05T14:14:23+00:00\",\"dateModified\":\"2026-04-15T23:01:00+00:00\",\"description\":\"Espuma adhesiva de fijaci\u00f3n en 60 seg. Alto rendimiento, excelentes propiedades y estructura uniforme y el\u00e1stica. Extraordinaria adherencia y resistencia.\",\"breadcrumb\":{\"@id\":\"https:\/\/penosil.com\/es\/producto\/easypega-turbo-888-espuma-adhesiva-fijacion-60-seg\/#breadcrumb\"},\"inLanguage\":\"es\",\"potentialAction\":[{\"@type\":\"ReadAction\",\"target\":[\"https:\/\/penosil.com\/es\/producto\/easypega-turbo-888-espuma-adhesiva-fijacion-60-seg\/\"]}]},{\"@type\":\"ImageObject\",\"inLanguage\":\"es\",\"@id\":\"https:\/\/penosil.com\/es\/producto\/easypega-turbo-888-espuma-adhesiva-fijacion-60-seg\/#primaryimage\",\"url\":\"https:\/\/penosil.com\/es\/wp-content\/uploads\/sites\/9\/2025\/02\/Espuma-adhesiva-de-fijacion-rapida-Penosil-EeasyPega-888.png\",\"contentUrl\":\"https:\/\/penosil.com\/es\/wp-content\/uploads\/sites\/9\/2025\/02\/Espuma-adhesiva-de-fijacion-rapida-Penosil-EeasyPega-888.png\",\"width\":523,\"height\":1080,\"caption\":\"Espuma adhesiva de fijaci\u00f3n r\u00e1pida Penosil EeasyPega 888. Fijaci\u00f3n en 60 segundos.\"},{\"@type\":\"BreadcrumbList\",\"@id\":\"https:\/\/penosil.com\/es\/producto\/easypega-turbo-888-espuma-adhesiva-fijacion-60-seg\/#breadcrumb\",\"itemListElement\":[{\"@type\":\"ListItem\",\"position\":1,\"name\":\"Inicio\",\"item\":\"https:\/\/penosil.com\/es\/\"},{\"@type\":\"ListItem\",\"position\":2,\"name\":\"Productos\",\"item\":\"https:\/\/penosil.com\/es\/productos\/\"},{\"@type\":\"ListItem\",\"position\":3,\"name\":\"EasyPega Turbo 888\"}]},{\"@type\":\"WebSite\",\"@id\":\"https:\/\/penosil.com\/es\/#website\",\"url\":\"https:\/\/penosil.com\/es\/\",\"name\":\"Penosil Spain\",\"description\":\"\",\"potentialAction\":[{\"@type\":\"SearchAction\",\"target\":{\"@type\":\"EntryPoint\",\"urlTemplate\":\"https:\/\/penosil.com\/es\/?s={search_term_string}\"},\"query-input\":{\"@type\":\"PropertyValueSpecification\",\"valueRequired\":true,\"valueName\":\"search_term_string\"}}],\"inLanguage\":\"es\"}]}<\/script>\n<!-- \/ Yoast SEO plugin. -->","yoast_head_json":{"title":"PENOSIL EasyPega Turbo 888 Espuma Adhesiva Fijaci\u00f3n 60 seg.","description":"Espuma adhesiva de fijaci\u00f3n en 60 seg. Alto rendimiento, excelentes propiedades y estructura uniforme y el\u00e1stica. Extraordinaria adherencia y resistencia.","robots":{"index":"index","follow":"follow","max-snippet":"max-snippet:-1","max-image-preview":"max-image-preview:large","max-video-preview":"max-video-preview:-1"},"canonical":"https:\/\/penosil.com\/es\/producto\/easypega-turbo-888-espuma-adhesiva-fijacion-60-seg\/","og_locale":"es_ES","og_type":"article","og_title":"PENOSIL EasyPega Turbo 888 Espuma Adhesiva Fijaci\u00f3n 60 seg.","og_description":"Espuma adhesiva de fijaci\u00f3n en 60 seg. Alto rendimiento, excelentes propiedades y estructura uniforme y el\u00e1stica. Extraordinaria adherencia y resistencia.","og_url":"https:\/\/penosil.com\/es\/producto\/easypega-turbo-888-espuma-adhesiva-fijacion-60-seg\/","og_site_name":"Penosil Spain","article_modified_time":"2026-04-15T23:01:00+00:00","og_image":[{"width":523,"height":1080,"url":"https:\/\/penosil.com\/es\/wp-content\/uploads\/sites\/9\/2025\/02\/Espuma-adhesiva-de-fijacion-rapida-Penosil-EeasyPega-888.png","type":"image\/png"}],"twitter_card":"summary_large_image","twitter_misc":{"Tiempo de lectura":"4 minutos"},"schema":{"@context":"https:\/\/schema.org","@graph":[{"@type":["WebPage","ItemPage"],"@id":"https:\/\/penosil.com\/es\/producto\/easypega-turbo-888-espuma-adhesiva-fijacion-60-seg\/","url":"https:\/\/penosil.com\/es\/producto\/easypega-turbo-888-espuma-adhesiva-fijacion-60-seg\/","name":"PENOSIL EasyPega Turbo 888 Espuma Adhesiva Fijaci\u00f3n 60 seg.","isPartOf":{"@id":"https:\/\/penosil.com\/es\/#website"},"primaryImageOfPage":{"@id":"https:\/\/penosil.com\/es\/producto\/easypega-turbo-888-espuma-adhesiva-fijacion-60-seg\/#primaryimage"},"image":{"@id":"https:\/\/penosil.com\/es\/producto\/easypega-turbo-888-espuma-adhesiva-fijacion-60-seg\/#primaryimage"},"thumbnailUrl":"https:\/\/penosil.com\/es\/wp-content\/uploads\/sites\/9\/2025\/02\/Espuma-adhesiva-de-fijacion-rapida-Penosil-EeasyPega-888.png","datePublished":"2025-02-05T14:14:23+00:00","dateModified":"2026-04-15T23:01:00+00:00","description":"Espuma adhesiva de fijaci\u00f3n en 60 seg. Alto rendimiento, excelentes propiedades y estructura uniforme y el\u00e1stica. Extraordinaria adherencia y resistencia.","breadcrumb":{"@id":"https:\/\/penosil.com\/es\/producto\/easypega-turbo-888-espuma-adhesiva-fijacion-60-seg\/#breadcrumb"},"inLanguage":"es","potentialAction":[{"@type":"ReadAction","target":["https:\/\/penosil.com\/es\/producto\/easypega-turbo-888-espuma-adhesiva-fijacion-60-seg\/"]}]},{"@type":"ImageObject","inLanguage":"es","@id":"https:\/\/penosil.com\/es\/producto\/easypega-turbo-888-espuma-adhesiva-fijacion-60-seg\/#primaryimage","url":"https:\/\/penosil.com\/es\/wp-content\/uploads\/sites\/9\/2025\/02\/Espuma-adhesiva-de-fijacion-rapida-Penosil-EeasyPega-888.png","contentUrl":"https:\/\/penosil.com\/es\/wp-content\/uploads\/sites\/9\/2025\/02\/Espuma-adhesiva-de-fijacion-rapida-Penosil-EeasyPega-888.png","width":523,"height":1080,"caption":"Espuma adhesiva de fijaci\u00f3n r\u00e1pida Penosil EeasyPega 888. Fijaci\u00f3n en 60 segundos."},{"@type":"BreadcrumbList","@id":"https:\/\/penosil.com\/es\/producto\/easypega-turbo-888-espuma-adhesiva-fijacion-60-seg\/#breadcrumb","itemListElement":[{"@type":"ListItem","position":1,"name":"Inicio","item":"https:\/\/penosil.com\/es\/"},{"@type":"ListItem","position":2,"name":"Productos","item":"https:\/\/penosil.com\/es\/productos\/"},{"@type":"ListItem","position":3,"name":"EasyPega Turbo 888"}]},{"@type":"WebSite","@id":"https:\/\/penosil.com\/es\/#website","url":"https:\/\/penosil.com\/es\/","name":"Penosil Spain","description":"","potentialAction":[{"@type":"SearchAction","target":{"@type":"EntryPoint","urlTemplate":"https:\/\/penosil.com\/es\/?s={search_term_string}"},"query-input":{"@type":"PropertyValueSpecification","valueRequired":true,"valueName":"search_term_string"}}],"inLanguage":"es"}]}},"featured_img":"https:\/\/penosil.com\/es\/wp-content\/uploads\/sites\/9\/2025\/02\/Espuma-adhesiva-de-fijacion-rapida-Penosil-EeasyPega-888.png","coauthors":[],"author_meta":{"author_link":"https:\/\/penosil.com\/es\/author\/eric\/","display_name":"eric"},"relative_dates":{"created":"Publicado 1 a\u00f1o hace","modified":"Actualizado 9 horas hace"},"absolute_dates":{"created":"Publicado el 02\/05\/2025","modified":"Actualizado el 04\/16\/2026"},"absolute_dates_time":{"created":"Publicado el 02\/05\/2025 3:14 pm","modified":"Actualizado el 04\/16\/2026 1:01 am"},"featured_img_caption":"","tax_additional":{"product_brand":{"linked":[],"unlinked":[],"slug":"product_brand","name":"Marcas"},"product_type":{"linked":["<a href=\"https:\/\/penosil.com\/es\/?taxonomy=product_type&#038;term=simple\" class=\"advgb-post-tax-term\">simple<\/a>"],"unlinked":["<span class=\"advgb-post-tax-term\">simple<\/span>"],"slug":"product_type","name":"Tipo de producto"},"product_visibility":{"linked":[],"unlinked":[],"slug":"product_visibility","name":"Visibilidad del producto"},"product_cat":{"linked":["<a href=\"https:\/\/penosil.com\/es\/categoria-producto\/grupos-de-productos\/nuevos-productos\/\" class=\"advgb-post-tax-term\">Nuevos productos<\/a>","<a href=\"https:\/\/penosil.com\/es\/categoria-producto\/grupos-de-productos\/espumas-de-construccion\/espumas-para-pistola\/\" class=\"advgb-post-tax-term\">Espumas para pistola<\/a>","<a href=\"https:\/\/penosil.com\/es\/categoria-producto\/areas-de-aplicacion\/\" class=\"advgb-post-tax-term\">\u00c1reas de Aplicaci\u00f3n<\/a>","<a href=\"https:\/\/penosil.com\/es\/categoria-producto\/grupos-de-productos\/adhesivos\/adhesivos-de-espuma\/\" class=\"advgb-post-tax-term\">Adhesivos de espuma<\/a>","<a href=\"https:\/\/penosil.com\/es\/categoria-producto\/grupos-de-productos\/espumas-de-construccion\/espumas-adhesivas\/\" class=\"advgb-post-tax-term\">Espumas adhesivas<\/a>","<a href=\"https:\/\/penosil.com\/es\/categoria-producto\/grupos-de-productos\/espumas-de-construccion\/\" class=\"advgb-post-tax-term\">Espumas de construcci\u00f3n<\/a>","<a href=\"https:\/\/penosil.com\/es\/categoria-producto\/grupos-de-productos\/\" class=\"advgb-post-tax-term\">Grupos de productos<\/a>","<a href=\"https:\/\/penosil.com\/es\/categoria-producto\/grupos-de-productos\/adhesivos\/\" class=\"advgb-post-tax-term\">Adhesivos<\/a>","<a href=\"https:\/\/penosil.com\/es\/categoria-producto\/grupos-de-productos\/espumas-de-construccion\/espumas-con-aplicador-easygun-2-en-1\/\" class=\"advgb-post-tax-term\">Espumas con aplicador EasyGun 2 en 1<\/a>","<a href=\"https:\/\/penosil.com\/es\/categoria-producto\/areas-de-aplicacion\/adhesivos-2\/\" class=\"advgb-post-tax-term\">Adhesivos<\/a>"],"unlinked":["<span class=\"advgb-post-tax-term\">Nuevos productos<\/span>","<span class=\"advgb-post-tax-term\">Espumas para pistola<\/span>","<span class=\"advgb-post-tax-term\">\u00c1reas de Aplicaci\u00f3n<\/span>","<span class=\"advgb-post-tax-term\">Adhesivos de espuma<\/span>","<span class=\"advgb-post-tax-term\">Espumas adhesivas<\/span>","<span class=\"advgb-post-tax-term\">Espumas de construcci\u00f3n<\/span>","<span class=\"advgb-post-tax-term\">Grupos de productos<\/span>","<span class=\"advgb-post-tax-term\">Adhesivos<\/span>","<span class=\"advgb-post-tax-term\">Espumas con aplicador EasyGun 2 en 1<\/span>","<span class=\"advgb-post-tax-term\">Adhesivos<\/span>"],"slug":"product_cat","name":"Categor\u00edas del producto"},"product_tag":{"linked":[],"unlinked":[],"slug":"product_tag","name":"Etiquetas del producto"},"product_shipping_class":{"linked":[],"unlinked":[],"slug":"product_shipping_class","name":"Clases de env\u00edo del producto"},"pos_product_visibility":{"linked":[],"unlinked":[],"slug":"pos_product_visibility","name":"Visibilidad del producto en el punto de venta"},"pa_color":{"linked":["<a href=\"https:\/\/penosil.com\/es\/?taxonomy=pa_color&#038;term=amarillo-claro\" class=\"advgb-post-tax-term\">Amarillo claro<\/a>"],"unlinked":["<span class=\"advgb-post-tax-term\">Amarillo claro<\/span>"],"slug":"pa_color","name":"Colores"},"pa_package":{"linked":["<a href=\"https:\/\/penosil.com\/es\/?taxonomy=pa_package&#038;term=aerosol-750-ml\" class=\"advgb-post-tax-term\">Aerosol 750 ml<\/a>"],"unlinked":["<span class=\"advgb-post-tax-term\">Aerosol 750 ml<\/span>"],"slug":"pa_package","name":"Formatos"},"translation_priority":{"linked":["<a href=\"https:\/\/penosil.com\/es\/?taxonomy=translation_priority&#038;term=opcional-es\" class=\"advgb-post-tax-term\">Opcional<\/a>"],"unlinked":["<span class=\"advgb-post-tax-term\">Opcional<\/span>"],"slug":"translation_priority","name":"Prioridades de traducci\u00f3n"}},"series_order":"","_links":{"self":[{"href":"https:\/\/penosil.com\/es\/wp-json\/wp\/v2\/product\/11591","targetHints":{"allow":["GET"]}}],"collection":[{"href":"https:\/\/penosil.com\/es\/wp-json\/wp\/v2\/product"}],"about":[{"href":"https:\/\/penosil.com\/es\/wp-json\/wp\/v2\/types\/product"}],"version-history":[{"count":27,"href":"https:\/\/penosil.com\/es\/wp-json\/wp\/v2\/product\/11591\/revisions"}],"predecessor-version":[{"id":11782,"href":"https:\/\/penosil.com\/es\/wp-json\/wp\/v2\/product\/11591\/revisions\/11782"}],"wp:featuredmedia":[{"embeddable":true,"href":"https:\/\/penosil.com\/es\/wp-json\/wp\/v2\/media\/11592"}],"wp:attachment":[{"href":"https:\/\/penosil.com\/es\/wp-json\/wp\/v2\/media?parent=11591"}],"wp:term":[{"taxonomy":"product_brand","embeddable":true,"href":"https:\/\/penosil.com\/es\/wp-json\/wp\/v2\/product_brand?post=11591"},{"taxonomy":"product_cat","embeddable":true,"href":"https:\/\/penosil.com\/es\/wp-json\/wp\/v2\/product_cat?post=11591"},{"taxonomy":"product_tag","embeddable":true,"href":"https:\/\/penosil.com\/es\/wp-json\/wp\/v2\/product_tag?post=11591"}],"curies":[{"name":"wp","href":"https:\/\/api.w.org\/{rel}","templated":true}]}}