{"id":11627,"date":"2025-03-12T16:59:45","date_gmt":"2025-03-12T15:59:45","guid":{"rendered":"https:\/\/penosil.com\/es\/?post_type=product&#038;p=11627"},"modified":"2026-04-16T01:01:02","modified_gmt":"2026-04-15T23:01:02","slug":"ms-turbo-crystal-adhesivo-polimero-ms-transparente","status":"publish","type":"product","link":"https:\/\/penosil.com\/es\/producto\/ms-turbo-crystal-adhesivo-polimero-ms-transparente\/","title":{"rendered":"MS TURBO Crystal"},"content":{"rendered":"<p>MS Turbo Crystal es un potente adhesivo h\u00edbrido transparente a base de Pol\u00edmero MS. Adhesi\u00f3n de agarre inmediato, gran dureza, resistencia y altas prestaciones, ideal para m\u00faltiples aplicaciones de pegado y sellado tanto en interior y exterior.<\/p>\n","protected":false},"excerpt":{"rendered":"MS Turbo Crystal es un potente adhesivo h\u00edbrido transparente, a base de pol\u00edmero MS. Adhesi\u00f3n de agarre inmediato, gran dureza, resistencia y altas prestaciones, ideal para m\u00faltiples aplicaciones de pegado y sellado tanto en interior y exterior.","protected":false},"author":198,"featured_media":11979,"template":"","meta":{"_acf_changed":false,"advgb_blocks_editor_width":"","advgb_blocks_columns_visual_guide":"","footnotes":""},"product_brand":[],"product_cat":[2242,2239,1372,1614,1670,340,1393],"product_tag":[],"class_list":{"0":"post-11627","1":"product","2":"type-product","3":"status-publish","4":"has-post-thumbnail","6":"product_cat-nuevos-productos","7":"product_cat-adhesivos-easypro","8":"product_cat-grupos-de-productos","9":"product_cat-sellantes","10":"product_cat-ms-polimeros-hibridos","11":"product_cat-easy-pro","12":"product_cat-adhesivos","14":"first","15":"instock","16":"taxable","17":"shipping-taxable","18":"purchasable","19":"product-type-simple"},"acf":[],"yoast_head":"<!-- This site is optimized with the Yoast SEO plugin v27.2 - https:\/\/yoast.com\/product\/yoast-seo-wordpress\/ -->\n<title>PENOSIL MS Turbo Crystal - Adhesivo Extrafuerte Transparente<\/title>\n<meta name=\"description\" content=\"MS Turbo Crystal. Potente adhesivo h\u00edbrido transparente a base de Pol\u00edmero MS. Extrafuerte, de alta resistencia, ideal para interior y exterior. Descubrir &gt;\" \/>\n<meta name=\"robots\" content=\"index, follow, max-snippet:-1, max-image-preview:large, max-video-preview:-1\" \/>\n<link rel=\"canonical\" href=\"https:\/\/penosil.com\/es\/producto\/ms-turbo-crystal-adhesivo-polimero-ms-transparente\/\" \/>\n<meta property=\"og:locale\" content=\"es_ES\" \/>\n<meta property=\"og:type\" content=\"article\" \/>\n<meta property=\"og:title\" content=\"PENOSIL MS Turbo Crystal - Adhesivo Extrafuerte Transparente\" \/>\n<meta property=\"og:description\" content=\"MS Turbo Crystal. Potente adhesivo h\u00edbrido transparente a base de Pol\u00edmero MS. Extrafuerte, de alta resistencia, ideal para interior y exterior. Descubrir &gt;\" \/>\n<meta property=\"og:url\" content=\"https:\/\/penosil.com\/es\/producto\/ms-turbo-crystal-adhesivo-polimero-ms-transparente\/\" \/>\n<meta property=\"og:site_name\" content=\"Penosil Spain\" \/>\n<meta property=\"article:modified_time\" content=\"2026-04-15T23:01:02+00:00\" \/>\n<meta property=\"og:image\" content=\"https:\/\/penosil.com\/es\/wp-content\/uploads\/sites\/9\/2025\/03\/Adhesivo-MS-Crystal-de-maxima-resistencia-Penosil-MS-Turbo-Crystal.png\" \/>\n\t<meta property=\"og:image:width\" content=\"387\" \/>\n\t<meta property=\"og:image:height\" content=\"1080\" \/>\n\t<meta property=\"og:image:type\" content=\"image\/png\" \/>\n<meta name=\"twitter:card\" content=\"summary_large_image\" \/>\n<meta name=\"twitter:label1\" content=\"Tiempo de lectura\" \/>\n\t<meta name=\"twitter:data1\" content=\"4 minutos\" \/>\n<script type=\"application\/ld+json\" class=\"yoast-schema-graph\">{\"@context\":\"https:\/\/schema.org\",\"@graph\":[{\"@type\":[\"WebPage\",\"ItemPage\"],\"@id\":\"https:\/\/penosil.com\/es\/producto\/ms-turbo-crystal-adhesivo-polimero-ms-transparente\/\",\"url\":\"https:\/\/penosil.com\/es\/producto\/ms-turbo-crystal-adhesivo-polimero-ms-transparente\/\",\"name\":\"PENOSIL MS Turbo Crystal - Adhesivo Extrafuerte Transparente\",\"isPartOf\":{\"@id\":\"https:\/\/penosil.com\/es\/#website\"},\"primaryImageOfPage\":{\"@id\":\"https:\/\/penosil.com\/es\/producto\/ms-turbo-crystal-adhesivo-polimero-ms-transparente\/#primaryimage\"},\"image\":{\"@id\":\"https:\/\/penosil.com\/es\/producto\/ms-turbo-crystal-adhesivo-polimero-ms-transparente\/#primaryimage\"},\"thumbnailUrl\":\"https:\/\/penosil.com\/es\/wp-content\/uploads\/sites\/9\/2025\/03\/Adhesivo-MS-Crystal-de-maxima-resistencia-Penosil-MS-Turbo-Crystal.png\",\"datePublished\":\"2025-03-12T15:59:45+00:00\",\"dateModified\":\"2026-04-15T23:01:02+00:00\",\"description\":\"MS Turbo Crystal. Potente adhesivo h\u00edbrido transparente a base de Pol\u00edmero MS. Extrafuerte, de alta resistencia, ideal para interior y exterior. Descubrir >\",\"breadcrumb\":{\"@id\":\"https:\/\/penosil.com\/es\/producto\/ms-turbo-crystal-adhesivo-polimero-ms-transparente\/#breadcrumb\"},\"inLanguage\":\"es\",\"potentialAction\":[{\"@type\":\"ReadAction\",\"target\":[\"https:\/\/penosil.com\/es\/producto\/ms-turbo-crystal-adhesivo-polimero-ms-transparente\/\"]}]},{\"@type\":\"ImageObject\",\"inLanguage\":\"es\",\"@id\":\"https:\/\/penosil.com\/es\/producto\/ms-turbo-crystal-adhesivo-polimero-ms-transparente\/#primaryimage\",\"url\":\"https:\/\/penosil.com\/es\/wp-content\/uploads\/sites\/9\/2025\/03\/Adhesivo-MS-Crystal-de-maxima-resistencia-Penosil-MS-Turbo-Crystal.png\",\"contentUrl\":\"https:\/\/penosil.com\/es\/wp-content\/uploads\/sites\/9\/2025\/03\/Adhesivo-MS-Crystal-de-maxima-resistencia-Penosil-MS-Turbo-Crystal.png\",\"width\":387,\"height\":1080,\"caption\":\"Adhesivo MS Crystal de m\u00e1xima resistencia - Penosil MS Turbo Crystal\"},{\"@type\":\"BreadcrumbList\",\"@id\":\"https:\/\/penosil.com\/es\/producto\/ms-turbo-crystal-adhesivo-polimero-ms-transparente\/#breadcrumb\",\"itemListElement\":[{\"@type\":\"ListItem\",\"position\":1,\"name\":\"Inicio\",\"item\":\"https:\/\/penosil.com\/es\/\"},{\"@type\":\"ListItem\",\"position\":2,\"name\":\"Productos\",\"item\":\"https:\/\/penosil.com\/es\/productos\/\"},{\"@type\":\"ListItem\",\"position\":3,\"name\":\"MS TURBO Crystal\"}]},{\"@type\":\"WebSite\",\"@id\":\"https:\/\/penosil.com\/es\/#website\",\"url\":\"https:\/\/penosil.com\/es\/\",\"name\":\"Penosil Spain\",\"description\":\"\",\"potentialAction\":[{\"@type\":\"SearchAction\",\"target\":{\"@type\":\"EntryPoint\",\"urlTemplate\":\"https:\/\/penosil.com\/es\/?s={search_term_string}\"},\"query-input\":{\"@type\":\"PropertyValueSpecification\",\"valueRequired\":true,\"valueName\":\"search_term_string\"}}],\"inLanguage\":\"es\"}]}<\/script>\n<!-- \/ Yoast SEO plugin. -->","yoast_head_json":{"title":"PENOSIL MS Turbo Crystal - Adhesivo Extrafuerte Transparente","description":"MS Turbo Crystal. Potente adhesivo h\u00edbrido transparente a base de Pol\u00edmero MS. Extrafuerte, de alta resistencia, ideal para interior y exterior. Descubrir >","robots":{"index":"index","follow":"follow","max-snippet":"max-snippet:-1","max-image-preview":"max-image-preview:large","max-video-preview":"max-video-preview:-1"},"canonical":"https:\/\/penosil.com\/es\/producto\/ms-turbo-crystal-adhesivo-polimero-ms-transparente\/","og_locale":"es_ES","og_type":"article","og_title":"PENOSIL MS Turbo Crystal - Adhesivo Extrafuerte Transparente","og_description":"MS Turbo Crystal. Potente adhesivo h\u00edbrido transparente a base de Pol\u00edmero MS. Extrafuerte, de alta resistencia, ideal para interior y exterior. Descubrir >","og_url":"https:\/\/penosil.com\/es\/producto\/ms-turbo-crystal-adhesivo-polimero-ms-transparente\/","og_site_name":"Penosil Spain","article_modified_time":"2026-04-15T23:01:02+00:00","og_image":[{"width":387,"height":1080,"url":"https:\/\/penosil.com\/es\/wp-content\/uploads\/sites\/9\/2025\/03\/Adhesivo-MS-Crystal-de-maxima-resistencia-Penosil-MS-Turbo-Crystal.png","type":"image\/png"}],"twitter_card":"summary_large_image","twitter_misc":{"Tiempo de lectura":"4 minutos"},"schema":{"@context":"https:\/\/schema.org","@graph":[{"@type":["WebPage","ItemPage"],"@id":"https:\/\/penosil.com\/es\/producto\/ms-turbo-crystal-adhesivo-polimero-ms-transparente\/","url":"https:\/\/penosil.com\/es\/producto\/ms-turbo-crystal-adhesivo-polimero-ms-transparente\/","name":"PENOSIL MS Turbo Crystal - Adhesivo Extrafuerte Transparente","isPartOf":{"@id":"https:\/\/penosil.com\/es\/#website"},"primaryImageOfPage":{"@id":"https:\/\/penosil.com\/es\/producto\/ms-turbo-crystal-adhesivo-polimero-ms-transparente\/#primaryimage"},"image":{"@id":"https:\/\/penosil.com\/es\/producto\/ms-turbo-crystal-adhesivo-polimero-ms-transparente\/#primaryimage"},"thumbnailUrl":"https:\/\/penosil.com\/es\/wp-content\/uploads\/sites\/9\/2025\/03\/Adhesivo-MS-Crystal-de-maxima-resistencia-Penosil-MS-Turbo-Crystal.png","datePublished":"2025-03-12T15:59:45+00:00","dateModified":"2026-04-15T23:01:02+00:00","description":"MS Turbo Crystal. Potente adhesivo h\u00edbrido transparente a base de Pol\u00edmero MS. Extrafuerte, de alta resistencia, ideal para interior y exterior. Descubrir >","breadcrumb":{"@id":"https:\/\/penosil.com\/es\/producto\/ms-turbo-crystal-adhesivo-polimero-ms-transparente\/#breadcrumb"},"inLanguage":"es","potentialAction":[{"@type":"ReadAction","target":["https:\/\/penosil.com\/es\/producto\/ms-turbo-crystal-adhesivo-polimero-ms-transparente\/"]}]},{"@type":"ImageObject","inLanguage":"es","@id":"https:\/\/penosil.com\/es\/producto\/ms-turbo-crystal-adhesivo-polimero-ms-transparente\/#primaryimage","url":"https:\/\/penosil.com\/es\/wp-content\/uploads\/sites\/9\/2025\/03\/Adhesivo-MS-Crystal-de-maxima-resistencia-Penosil-MS-Turbo-Crystal.png","contentUrl":"https:\/\/penosil.com\/es\/wp-content\/uploads\/sites\/9\/2025\/03\/Adhesivo-MS-Crystal-de-maxima-resistencia-Penosil-MS-Turbo-Crystal.png","width":387,"height":1080,"caption":"Adhesivo MS Crystal de m\u00e1xima resistencia - Penosil MS Turbo Crystal"},{"@type":"BreadcrumbList","@id":"https:\/\/penosil.com\/es\/producto\/ms-turbo-crystal-adhesivo-polimero-ms-transparente\/#breadcrumb","itemListElement":[{"@type":"ListItem","position":1,"name":"Inicio","item":"https:\/\/penosil.com\/es\/"},{"@type":"ListItem","position":2,"name":"Productos","item":"https:\/\/penosil.com\/es\/productos\/"},{"@type":"ListItem","position":3,"name":"MS TURBO Crystal"}]},{"@type":"WebSite","@id":"https:\/\/penosil.com\/es\/#website","url":"https:\/\/penosil.com\/es\/","name":"Penosil Spain","description":"","potentialAction":[{"@type":"SearchAction","target":{"@type":"EntryPoint","urlTemplate":"https:\/\/penosil.com\/es\/?s={search_term_string}"},"query-input":{"@type":"PropertyValueSpecification","valueRequired":true,"valueName":"search_term_string"}}],"inLanguage":"es"}]}},"featured_img":"https:\/\/penosil.com\/es\/wp-content\/uploads\/sites\/9\/2025\/03\/Adhesivo-MS-Crystal-de-maxima-resistencia-Penosil-MS-Turbo-Crystal.png","coauthors":[],"author_meta":{"author_link":"https:\/\/penosil.com\/es\/author\/eric\/","display_name":"eric"},"relative_dates":{"created":"Publicado 1 a\u00f1o hace","modified":"Actualizado 9 horas hace"},"absolute_dates":{"created":"Publicado el 03\/12\/2025","modified":"Actualizado el 04\/16\/2026"},"absolute_dates_time":{"created":"Publicado el 03\/12\/2025 4:59 pm","modified":"Actualizado el 04\/16\/2026 1:01 am"},"featured_img_caption":"","tax_additional":{"product_brand":{"linked":[],"unlinked":[],"slug":"product_brand","name":"Marcas"},"product_type":{"linked":["<a href=\"https:\/\/penosil.com\/es\/?taxonomy=product_type&#038;term=simple\" class=\"advgb-post-tax-term\">simple<\/a>"],"unlinked":["<span class=\"advgb-post-tax-term\">simple<\/span>"],"slug":"product_type","name":"Tipo de producto"},"product_visibility":{"linked":[],"unlinked":[],"slug":"product_visibility","name":"Visibilidad del producto"},"product_cat":{"linked":["<a href=\"https:\/\/penosil.com\/es\/categoria-producto\/grupos-de-productos\/nuevos-productos\/\" class=\"advgb-post-tax-term\">Nuevos productos<\/a>","<a href=\"https:\/\/penosil.com\/es\/categoria-producto\/easy-pro\/adhesivos-easypro\/\" class=\"advgb-post-tax-term\">Adhesivos<\/a>","<a href=\"https:\/\/penosil.com\/es\/categoria-producto\/grupos-de-productos\/\" class=\"advgb-post-tax-term\">Grupos de productos<\/a>","<a href=\"https:\/\/penosil.com\/es\/categoria-producto\/grupos-de-productos\/sellantes\/\" class=\"advgb-post-tax-term\">Sellantes<\/a>","<a href=\"https:\/\/penosil.com\/es\/categoria-producto\/grupos-de-productos\/sellantes\/ms-polimeros-hibridos\/\" class=\"advgb-post-tax-term\">MS \/ Pol\u00edmeros h\u00edbridos<\/a>","<a href=\"https:\/\/penosil.com\/es\/categoria-producto\/easy-pro\/\" class=\"advgb-post-tax-term\">EasyPRO<\/a>","<a href=\"https:\/\/penosil.com\/es\/categoria-producto\/grupos-de-productos\/adhesivos\/\" class=\"advgb-post-tax-term\">Adhesivos<\/a>"],"unlinked":["<span class=\"advgb-post-tax-term\">Nuevos productos<\/span>","<span class=\"advgb-post-tax-term\">Adhesivos<\/span>","<span class=\"advgb-post-tax-term\">Grupos de productos<\/span>","<span class=\"advgb-post-tax-term\">Sellantes<\/span>","<span class=\"advgb-post-tax-term\">MS \/ Pol\u00edmeros h\u00edbridos<\/span>","<span class=\"advgb-post-tax-term\">EasyPRO<\/span>","<span class=\"advgb-post-tax-term\">Adhesivos<\/span>"],"slug":"product_cat","name":"Categor\u00edas del producto"},"product_tag":{"linked":[],"unlinked":[],"slug":"product_tag","name":"Etiquetas del producto"},"product_shipping_class":{"linked":[],"unlinked":[],"slug":"product_shipping_class","name":"Clases de env\u00edo del producto"},"pos_product_visibility":{"linked":[],"unlinked":[],"slug":"pos_product_visibility","name":"Visibilidad del producto en el punto de venta"},"pa_color":{"linked":["<a href=\"https:\/\/penosil.com\/es\/?taxonomy=pa_color&#038;term=transparente\" class=\"advgb-post-tax-term\">Transparente<\/a>"],"unlinked":["<span class=\"advgb-post-tax-term\">Transparente<\/span>"],"slug":"pa_color","name":"Colores"},"pa_package":{"linked":["<a href=\"https:\/\/penosil.com\/es\/?taxonomy=pa_package&#038;term=cartucho-290-ml\" class=\"advgb-post-tax-term\">Cartucho 290 ml<\/a>"],"unlinked":["<span class=\"advgb-post-tax-term\">Cartucho 290 ml<\/span>"],"slug":"pa_package","name":"Formatos"},"translation_priority":{"linked":["<a href=\"https:\/\/penosil.com\/es\/?taxonomy=translation_priority&#038;term=opcional-es\" class=\"advgb-post-tax-term\">Opcional<\/a>"],"unlinked":["<span class=\"advgb-post-tax-term\">Opcional<\/span>"],"slug":"translation_priority","name":"Prioridades de traducci\u00f3n"}},"series_order":"","_links":{"self":[{"href":"https:\/\/penosil.com\/es\/wp-json\/wp\/v2\/product\/11627","targetHints":{"allow":["GET"]}}],"collection":[{"href":"https:\/\/penosil.com\/es\/wp-json\/wp\/v2\/product"}],"about":[{"href":"https:\/\/penosil.com\/es\/wp-json\/wp\/v2\/types\/product"}],"version-history":[{"count":17,"href":"https:\/\/penosil.com\/es\/wp-json\/wp\/v2\/product\/11627\/revisions"}],"predecessor-version":[{"id":17587,"href":"https:\/\/penosil.com\/es\/wp-json\/wp\/v2\/product\/11627\/revisions\/17587"}],"wp:featuredmedia":[{"embeddable":true,"href":"https:\/\/penosil.com\/es\/wp-json\/wp\/v2\/media\/11979"}],"wp:attachment":[{"href":"https:\/\/penosil.com\/es\/wp-json\/wp\/v2\/media?parent=11627"}],"wp:term":[{"taxonomy":"product_brand","embeddable":true,"href":"https:\/\/penosil.com\/es\/wp-json\/wp\/v2\/product_brand?post=11627"},{"taxonomy":"product_cat","embeddable":true,"href":"https:\/\/penosil.com\/es\/wp-json\/wp\/v2\/product_cat?post=11627"},{"taxonomy":"product_tag","embeddable":true,"href":"https:\/\/penosil.com\/es\/wp-json\/wp\/v2\/product_tag?post=11627"}],"curies":[{"name":"wp","href":"https:\/\/api.w.org\/{rel}","templated":true}]}}