{"id":12754,"date":"2025-06-26T16:01:06","date_gmt":"2025-06-26T15:01:06","guid":{"rendered":"https:\/\/penosil.com\/es\/?post_type=product&#038;p=12754"},"modified":"2026-04-15T01:01:00","modified_gmt":"2026-04-14T23:01:00","slug":"electrofoam-220v-espuma-instalaciones-electricas","status":"publish","type":"product","link":"https:\/\/penosil.com\/es\/producto\/electrofoam-220v-espuma-instalaciones-electricas\/","title":{"rendered":"ElectroFoam 220V"},"content":{"rendered":"<p>Espuma de poliuretano para instalaciones el\u00e9ctricas. Desarrollada espec\u00edficamente para pegar, fijar, aislar, insonorizar, sellar y rellenar, tanto en pared como en suelo, los elementos de una instalaci\u00f3n el\u00e9ctrica de forma segura y resistente, incluso con resistencia a picos de temperaturas extremas.<\/p>\n","protected":false},"excerpt":{"rendered":"Espuma de poliuretano para instalaciones el\u00e9ctricas. Desarrollada espec\u00edficamente para pegar, fijar, aislar, insonorizar, sellar y rellenar, tanto en pared como en suelo, los elementos de una instalaci\u00f3n el\u00e9ctrica de forma segura y resistente, incluso con resistencia a picos de temperaturas extremas.","protected":false},"author":198,"featured_media":12757,"template":"","meta":{"_acf_changed":false,"advgb_blocks_editor_width":"","advgb_blocks_columns_visual_guide":"","footnotes":""},"product_brand":[],"product_cat":[2242,2295,1504,1372,1564,2299],"product_tag":[],"class_list":{"0":"post-12754","1":"product","2":"type-product","3":"status-publish","4":"has-post-thumbnail","6":"product_cat-nuevos-productos","7":"product_cat-areas-de-aplicacion","8":"product_cat-espumas-de-construccion","9":"product_cat-grupos-de-productos","10":"product_cat-espumas-con-aplicador-easygun-2-en-1","11":"product_cat-resistencia-al-fuego-alta-temperatura","13":"first","14":"instock","15":"taxable","16":"shipping-taxable","17":"purchasable","18":"product-type-simple"},"acf":[],"yoast_head":"<!-- This site is optimized with the Yoast SEO plugin v27.2 - https:\/\/yoast.com\/product\/yoast-seo-wordpress\/ -->\n<title>PENOSIL ElectroFoam 220V. Espuma para instalaciones el\u00e9ctricas<\/title>\n<meta name=\"description\" content=\"Espuma para instalaciones el\u00e9ctricas. Formulada para fijaci\u00f3n y sellado de cajas de derivaci\u00f3n, tubos pasacables e instalaciones el\u00e9ctricas en general.\" \/>\n<meta name=\"robots\" content=\"index, follow, max-snippet:-1, max-image-preview:large, max-video-preview:-1\" \/>\n<link rel=\"canonical\" href=\"https:\/\/penosil.com\/es\/producto\/electrofoam-220v-espuma-instalaciones-electricas\/\" \/>\n<meta property=\"og:locale\" content=\"es_ES\" \/>\n<meta property=\"og:type\" content=\"article\" \/>\n<meta property=\"og:title\" content=\"PENOSIL ElectroFoam 220V. Espuma para instalaciones el\u00e9ctricas\" \/>\n<meta property=\"og:description\" content=\"Espuma para instalaciones el\u00e9ctricas. Formulada para fijaci\u00f3n y sellado de cajas de derivaci\u00f3n, tubos pasacables e instalaciones el\u00e9ctricas en general.\" \/>\n<meta property=\"og:url\" content=\"https:\/\/penosil.com\/es\/producto\/electrofoam-220v-espuma-instalaciones-electricas\/\" \/>\n<meta property=\"og:site_name\" content=\"Penosil Spain\" \/>\n<meta property=\"article:modified_time\" content=\"2026-04-14T23:01:00+00:00\" \/>\n<meta property=\"og:image\" content=\"https:\/\/penosil.com\/es\/wp-content\/uploads\/sites\/9\/2025\/06\/Espuma-aplicaciones-electricas-ElectroFoam-220V-Penosil.png\" \/>\n\t<meta property=\"og:image:width\" content=\"523\" \/>\n\t<meta property=\"og:image:height\" content=\"1080\" \/>\n\t<meta property=\"og:image:type\" content=\"image\/png\" \/>\n<meta name=\"twitter:card\" content=\"summary_large_image\" \/>\n<meta name=\"twitter:label1\" content=\"Tiempo de lectura\" \/>\n\t<meta name=\"twitter:data1\" content=\"4 minutos\" \/>\n<script type=\"application\/ld+json\" class=\"yoast-schema-graph\">{\"@context\":\"https:\/\/schema.org\",\"@graph\":[{\"@type\":[\"WebPage\",\"ItemPage\"],\"@id\":\"https:\/\/penosil.com\/es\/producto\/electrofoam-220v-espuma-instalaciones-electricas\/\",\"url\":\"https:\/\/penosil.com\/es\/producto\/electrofoam-220v-espuma-instalaciones-electricas\/\",\"name\":\"PENOSIL ElectroFoam 220V. Espuma para instalaciones el\u00e9ctricas\",\"isPartOf\":{\"@id\":\"https:\/\/penosil.com\/es\/#website\"},\"primaryImageOfPage\":{\"@id\":\"https:\/\/penosil.com\/es\/producto\/electrofoam-220v-espuma-instalaciones-electricas\/#primaryimage\"},\"image\":{\"@id\":\"https:\/\/penosil.com\/es\/producto\/electrofoam-220v-espuma-instalaciones-electricas\/#primaryimage\"},\"thumbnailUrl\":\"https:\/\/penosil.com\/es\/wp-content\/uploads\/sites\/9\/2025\/06\/Espuma-aplicaciones-electricas-ElectroFoam-220V-Penosil.png\",\"datePublished\":\"2025-06-26T15:01:06+00:00\",\"dateModified\":\"2026-04-14T23:01:00+00:00\",\"description\":\"Espuma para instalaciones el\u00e9ctricas. Formulada para fijaci\u00f3n y sellado de cajas de derivaci\u00f3n, tubos pasacables e instalaciones el\u00e9ctricas en general.\",\"breadcrumb\":{\"@id\":\"https:\/\/penosil.com\/es\/producto\/electrofoam-220v-espuma-instalaciones-electricas\/#breadcrumb\"},\"inLanguage\":\"es\",\"potentialAction\":[{\"@type\":\"ReadAction\",\"target\":[\"https:\/\/penosil.com\/es\/producto\/electrofoam-220v-espuma-instalaciones-electricas\/\"]}]},{\"@type\":\"ImageObject\",\"inLanguage\":\"es\",\"@id\":\"https:\/\/penosil.com\/es\/producto\/electrofoam-220v-espuma-instalaciones-electricas\/#primaryimage\",\"url\":\"https:\/\/penosil.com\/es\/wp-content\/uploads\/sites\/9\/2025\/06\/Espuma-aplicaciones-electricas-ElectroFoam-220V-Penosil.png\",\"contentUrl\":\"https:\/\/penosil.com\/es\/wp-content\/uploads\/sites\/9\/2025\/06\/Espuma-aplicaciones-electricas-ElectroFoam-220V-Penosil.png\",\"width\":523,\"height\":1080,\"caption\":\"Espuma para instalaciones el\u00e9ctricas ElectroFoam 220V Penosil.\"},{\"@type\":\"BreadcrumbList\",\"@id\":\"https:\/\/penosil.com\/es\/producto\/electrofoam-220v-espuma-instalaciones-electricas\/#breadcrumb\",\"itemListElement\":[{\"@type\":\"ListItem\",\"position\":1,\"name\":\"Inicio\",\"item\":\"https:\/\/penosil.com\/es\/\"},{\"@type\":\"ListItem\",\"position\":2,\"name\":\"Productos\",\"item\":\"https:\/\/penosil.com\/es\/productos\/\"},{\"@type\":\"ListItem\",\"position\":3,\"name\":\"ElectroFoam 220V\"}]},{\"@type\":\"WebSite\",\"@id\":\"https:\/\/penosil.com\/es\/#website\",\"url\":\"https:\/\/penosil.com\/es\/\",\"name\":\"Penosil Spain\",\"description\":\"\",\"potentialAction\":[{\"@type\":\"SearchAction\",\"target\":{\"@type\":\"EntryPoint\",\"urlTemplate\":\"https:\/\/penosil.com\/es\/?s={search_term_string}\"},\"query-input\":{\"@type\":\"PropertyValueSpecification\",\"valueRequired\":true,\"valueName\":\"search_term_string\"}}],\"inLanguage\":\"es\"}]}<\/script>\n<!-- \/ Yoast SEO plugin. -->","yoast_head_json":{"title":"PENOSIL ElectroFoam 220V. Espuma para instalaciones el\u00e9ctricas","description":"Espuma para instalaciones el\u00e9ctricas. Formulada para fijaci\u00f3n y sellado de cajas de derivaci\u00f3n, tubos pasacables e instalaciones el\u00e9ctricas en general.","robots":{"index":"index","follow":"follow","max-snippet":"max-snippet:-1","max-image-preview":"max-image-preview:large","max-video-preview":"max-video-preview:-1"},"canonical":"https:\/\/penosil.com\/es\/producto\/electrofoam-220v-espuma-instalaciones-electricas\/","og_locale":"es_ES","og_type":"article","og_title":"PENOSIL ElectroFoam 220V. Espuma para instalaciones el\u00e9ctricas","og_description":"Espuma para instalaciones el\u00e9ctricas. Formulada para fijaci\u00f3n y sellado de cajas de derivaci\u00f3n, tubos pasacables e instalaciones el\u00e9ctricas en general.","og_url":"https:\/\/penosil.com\/es\/producto\/electrofoam-220v-espuma-instalaciones-electricas\/","og_site_name":"Penosil Spain","article_modified_time":"2026-04-14T23:01:00+00:00","og_image":[{"width":523,"height":1080,"url":"https:\/\/penosil.com\/es\/wp-content\/uploads\/sites\/9\/2025\/06\/Espuma-aplicaciones-electricas-ElectroFoam-220V-Penosil.png","type":"image\/png"}],"twitter_card":"summary_large_image","twitter_misc":{"Tiempo de lectura":"4 minutos"},"schema":{"@context":"https:\/\/schema.org","@graph":[{"@type":["WebPage","ItemPage"],"@id":"https:\/\/penosil.com\/es\/producto\/electrofoam-220v-espuma-instalaciones-electricas\/","url":"https:\/\/penosil.com\/es\/producto\/electrofoam-220v-espuma-instalaciones-electricas\/","name":"PENOSIL ElectroFoam 220V. Espuma para instalaciones el\u00e9ctricas","isPartOf":{"@id":"https:\/\/penosil.com\/es\/#website"},"primaryImageOfPage":{"@id":"https:\/\/penosil.com\/es\/producto\/electrofoam-220v-espuma-instalaciones-electricas\/#primaryimage"},"image":{"@id":"https:\/\/penosil.com\/es\/producto\/electrofoam-220v-espuma-instalaciones-electricas\/#primaryimage"},"thumbnailUrl":"https:\/\/penosil.com\/es\/wp-content\/uploads\/sites\/9\/2025\/06\/Espuma-aplicaciones-electricas-ElectroFoam-220V-Penosil.png","datePublished":"2025-06-26T15:01:06+00:00","dateModified":"2026-04-14T23:01:00+00:00","description":"Espuma para instalaciones el\u00e9ctricas. Formulada para fijaci\u00f3n y sellado de cajas de derivaci\u00f3n, tubos pasacables e instalaciones el\u00e9ctricas en general.","breadcrumb":{"@id":"https:\/\/penosil.com\/es\/producto\/electrofoam-220v-espuma-instalaciones-electricas\/#breadcrumb"},"inLanguage":"es","potentialAction":[{"@type":"ReadAction","target":["https:\/\/penosil.com\/es\/producto\/electrofoam-220v-espuma-instalaciones-electricas\/"]}]},{"@type":"ImageObject","inLanguage":"es","@id":"https:\/\/penosil.com\/es\/producto\/electrofoam-220v-espuma-instalaciones-electricas\/#primaryimage","url":"https:\/\/penosil.com\/es\/wp-content\/uploads\/sites\/9\/2025\/06\/Espuma-aplicaciones-electricas-ElectroFoam-220V-Penosil.png","contentUrl":"https:\/\/penosil.com\/es\/wp-content\/uploads\/sites\/9\/2025\/06\/Espuma-aplicaciones-electricas-ElectroFoam-220V-Penosil.png","width":523,"height":1080,"caption":"Espuma para instalaciones el\u00e9ctricas ElectroFoam 220V Penosil."},{"@type":"BreadcrumbList","@id":"https:\/\/penosil.com\/es\/producto\/electrofoam-220v-espuma-instalaciones-electricas\/#breadcrumb","itemListElement":[{"@type":"ListItem","position":1,"name":"Inicio","item":"https:\/\/penosil.com\/es\/"},{"@type":"ListItem","position":2,"name":"Productos","item":"https:\/\/penosil.com\/es\/productos\/"},{"@type":"ListItem","position":3,"name":"ElectroFoam 220V"}]},{"@type":"WebSite","@id":"https:\/\/penosil.com\/es\/#website","url":"https:\/\/penosil.com\/es\/","name":"Penosil Spain","description":"","potentialAction":[{"@type":"SearchAction","target":{"@type":"EntryPoint","urlTemplate":"https:\/\/penosil.com\/es\/?s={search_term_string}"},"query-input":{"@type":"PropertyValueSpecification","valueRequired":true,"valueName":"search_term_string"}}],"inLanguage":"es"}]}},"featured_img":"https:\/\/penosil.com\/es\/wp-content\/uploads\/sites\/9\/2025\/06\/Espuma-aplicaciones-electricas-ElectroFoam-220V-Penosil.png","coauthors":[],"author_meta":{"author_link":"https:\/\/penosil.com\/es\/author\/eric\/","display_name":"eric"},"relative_dates":{"created":"Publicado 10 meses hace","modified":"Actualizado 5 horas hace"},"absolute_dates":{"created":"Publicado el 06\/26\/2025","modified":"Actualizado el 04\/15\/2026"},"absolute_dates_time":{"created":"Publicado el 06\/26\/2025 4:01 pm","modified":"Actualizado el 04\/15\/2026 1:01 am"},"featured_img_caption":"Espuma para instalaciones el\u00e9ctricas ElectroFoam 220V Penosil.","tax_additional":{"product_brand":{"linked":[],"unlinked":[],"slug":"product_brand","name":"Marcas"},"product_type":{"linked":["<a href=\"https:\/\/penosil.com\/es\/?taxonomy=product_type&#038;term=simple\" class=\"advgb-post-tax-term\">simple<\/a>"],"unlinked":["<span class=\"advgb-post-tax-term\">simple<\/span>"],"slug":"product_type","name":"Tipo de producto"},"product_visibility":{"linked":[],"unlinked":[],"slug":"product_visibility","name":"Visibilidad del producto"},"product_cat":{"linked":["<a href=\"https:\/\/penosil.com\/es\/categoria-producto\/grupos-de-productos\/nuevos-productos\/\" class=\"advgb-post-tax-term\">Nuevos productos<\/a>","<a href=\"https:\/\/penosil.com\/es\/categoria-producto\/areas-de-aplicacion\/\" class=\"advgb-post-tax-term\">\u00c1reas de Aplicaci\u00f3n<\/a>","<a href=\"https:\/\/penosil.com\/es\/categoria-producto\/grupos-de-productos\/espumas-de-construccion\/\" class=\"advgb-post-tax-term\">Espumas de construcci\u00f3n<\/a>","<a href=\"https:\/\/penosil.com\/es\/categoria-producto\/grupos-de-productos\/\" class=\"advgb-post-tax-term\">Grupos de productos<\/a>","<a href=\"https:\/\/penosil.com\/es\/categoria-producto\/grupos-de-productos\/espumas-de-construccion\/espumas-con-aplicador-easygun-2-en-1\/\" class=\"advgb-post-tax-term\">Espumas con aplicador EasyGun 2 en 1<\/a>","<a href=\"https:\/\/penosil.com\/es\/categoria-producto\/areas-de-aplicacion\/resistencia-al-fuego-alta-temperatura\/\" class=\"advgb-post-tax-term\">Resistencia al Fuego y Alta Temperatura<\/a>"],"unlinked":["<span class=\"advgb-post-tax-term\">Nuevos productos<\/span>","<span class=\"advgb-post-tax-term\">\u00c1reas de Aplicaci\u00f3n<\/span>","<span class=\"advgb-post-tax-term\">Espumas de construcci\u00f3n<\/span>","<span class=\"advgb-post-tax-term\">Grupos de productos<\/span>","<span class=\"advgb-post-tax-term\">Espumas con aplicador EasyGun 2 en 1<\/span>","<span class=\"advgb-post-tax-term\">Resistencia al Fuego y Alta Temperatura<\/span>"],"slug":"product_cat","name":"Categor\u00edas del producto"},"product_tag":{"linked":[],"unlinked":[],"slug":"product_tag","name":"Etiquetas del producto"},"product_shipping_class":{"linked":[],"unlinked":[],"slug":"product_shipping_class","name":"Clases de env\u00edo del producto"},"pos_product_visibility":{"linked":[],"unlinked":[],"slug":"pos_product_visibility","name":"Visibilidad del producto en el punto de venta"},"pa_color":{"linked":["<a href=\"https:\/\/penosil.com\/es\/?taxonomy=pa_color&#038;term=amarillo-claro\" class=\"advgb-post-tax-term\">Amarillo claro<\/a>"],"unlinked":["<span class=\"advgb-post-tax-term\">Amarillo claro<\/span>"],"slug":"pa_color","name":"Colores"},"pa_package":{"linked":["<a href=\"https:\/\/penosil.com\/es\/?taxonomy=pa_package&#038;term=aerosol-750-ml\" class=\"advgb-post-tax-term\">Aerosol 750 ml<\/a>"],"unlinked":["<span class=\"advgb-post-tax-term\">Aerosol 750 ml<\/span>"],"slug":"pa_package","name":"Formatos"},"translation_priority":{"linked":["<a href=\"https:\/\/penosil.com\/es\/?taxonomy=translation_priority&#038;term=opcional-es\" class=\"advgb-post-tax-term\">Opcional<\/a>"],"unlinked":["<span class=\"advgb-post-tax-term\">Opcional<\/span>"],"slug":"translation_priority","name":"Prioridades de traducci\u00f3n"}},"series_order":"","_links":{"self":[{"href":"https:\/\/penosil.com\/es\/wp-json\/wp\/v2\/product\/12754","targetHints":{"allow":["GET"]}}],"collection":[{"href":"https:\/\/penosil.com\/es\/wp-json\/wp\/v2\/product"}],"about":[{"href":"https:\/\/penosil.com\/es\/wp-json\/wp\/v2\/types\/product"}],"version-history":[{"count":16,"href":"https:\/\/penosil.com\/es\/wp-json\/wp\/v2\/product\/12754\/revisions"}],"predecessor-version":[{"id":16650,"href":"https:\/\/penosil.com\/es\/wp-json\/wp\/v2\/product\/12754\/revisions\/16650"}],"wp:featuredmedia":[{"embeddable":true,"href":"https:\/\/penosil.com\/es\/wp-json\/wp\/v2\/media\/12757"}],"wp:attachment":[{"href":"https:\/\/penosil.com\/es\/wp-json\/wp\/v2\/media?parent=12754"}],"wp:term":[{"taxonomy":"product_brand","embeddable":true,"href":"https:\/\/penosil.com\/es\/wp-json\/wp\/v2\/product_brand?post=12754"},{"taxonomy":"product_cat","embeddable":true,"href":"https:\/\/penosil.com\/es\/wp-json\/wp\/v2\/product_cat?post=12754"},{"taxonomy":"product_tag","embeddable":true,"href":"https:\/\/penosil.com\/es\/wp-json\/wp\/v2\/product_tag?post=12754"}],"curies":[{"name":"wp","href":"https:\/\/api.w.org\/{rel}","templated":true}]}}