{"id":16988,"date":"2025-10-21T09:58:22","date_gmt":"2025-10-21T07:58:22","guid":{"rendered":"https:\/\/penosil.com\/es\/?post_type=product&#038;p=16988"},"modified":"2026-04-15T13:01:00","modified_gmt":"2026-04-15T11:01:00","slug":"firestop-silicone-331-silicona-neutra-ignifuga","status":"publish","type":"product","link":"https:\/\/penosil.com\/es\/producto\/firestop-silicone-331-silicona-neutra-ignifuga\/","title":{"rendered":"FireStop Silicone 331"},"content":{"rendered":"<p>Silicona neutra ign\u00edfuga de bajo m\u00f3dulo que realiza un sellado el\u00e1stico resistente al fuego durante 4 horas. Compatible con vidrios y materiales ign\u00edfugos.<\/p>\n","protected":false},"excerpt":{"rendered":"Silicona neutra ign\u00edfuga de bajo m\u00f3dulo que realiza un sellado el\u00e1stico resistente al fuego.","protected":false},"author":198,"featured_media":17580,"template":"","meta":{"_acf_changed":false,"advgb_blocks_editor_width":"","advgb_blocks_columns_visual_guide":"","footnotes":""},"product_brand":[],"product_cat":[2295,1372,1614,1653,2299],"product_tag":[],"class_list":{"0":"post-16988","1":"product","2":"type-product","3":"status-publish","4":"has-post-thumbnail","6":"product_cat-areas-de-aplicacion","7":"product_cat-grupos-de-productos","8":"product_cat-sellantes","9":"product_cat-siliconas","10":"product_cat-resistencia-al-fuego-alta-temperatura","12":"first","13":"instock","14":"taxable","15":"shipping-taxable","16":"purchasable","17":"product-type-variable"},"acf":[],"yoast_head":"<!-- This site is optimized with the Yoast SEO plugin v27.2 - https:\/\/yoast.com\/product\/yoast-seo-wordpress\/ -->\n<title>PENOSIL FireStop Silicone 331 - Silicona neutra ign\u00edfuga 4 horas<\/title>\n<meta name=\"description\" content=\"Silicona neutra ign\u00edfuga para sellados cortafuegos y humos. Resistente al fuego durante 4 horas. El\u00e1stico y resistente al agua y los UV.\" \/>\n<meta name=\"robots\" content=\"index, follow, max-snippet:-1, max-image-preview:large, max-video-preview:-1\" \/>\n<link rel=\"canonical\" href=\"https:\/\/penosil.com\/es\/producto\/firestop-silicone-331-silicona-neutra-ignifuga\/\" \/>\n<meta property=\"og:locale\" content=\"es_ES\" \/>\n<meta property=\"og:type\" content=\"article\" \/>\n<meta property=\"og:title\" content=\"PENOSIL FireStop Silicone 331 - Silicona neutra ign\u00edfuga 4 horas\" \/>\n<meta property=\"og:description\" content=\"Silicona neutra ign\u00edfuga para sellados cortafuegos y humos. Resistente al fuego durante 4 horas. El\u00e1stico y resistente al agua y los UV.\" \/>\n<meta property=\"og:url\" content=\"https:\/\/penosil.com\/es\/producto\/firestop-silicone-331-silicona-neutra-ignifuga\/\" \/>\n<meta property=\"og:site_name\" content=\"Penosil Spain\" \/>\n<meta property=\"article:modified_time\" content=\"2026-04-15T11:01:00+00:00\" \/>\n<meta property=\"og:image\" content=\"https:\/\/penosil.com\/es\/wp-content\/uploads\/sites\/9\/2025\/10\/silicona-neutra-ignifuga-4-horas-FireStop-Silicone-PENOSIL.png\" \/>\n\t<meta property=\"og:image:width\" content=\"387\" \/>\n\t<meta property=\"og:image:height\" content=\"1080\" \/>\n\t<meta property=\"og:image:type\" content=\"image\/png\" \/>\n<meta name=\"twitter:card\" content=\"summary_large_image\" \/>\n<meta name=\"twitter:label1\" content=\"Tiempo de lectura\" \/>\n\t<meta name=\"twitter:data1\" content=\"4 minutos\" \/>\n<script type=\"application\/ld+json\" class=\"yoast-schema-graph\">{\"@context\":\"https:\/\/schema.org\",\"@graph\":[{\"@type\":[\"WebPage\",\"ItemPage\"],\"@id\":\"https:\/\/penosil.com\/es\/producto\/firestop-silicone-331-silicona-neutra-ignifuga\/\",\"url\":\"https:\/\/penosil.com\/es\/producto\/firestop-silicone-331-silicona-neutra-ignifuga\/\",\"name\":\"PENOSIL FireStop Silicone 331 - Silicona neutra ign\u00edfuga 4 horas\",\"isPartOf\":{\"@id\":\"https:\/\/penosil.com\/es\/#website\"},\"primaryImageOfPage\":{\"@id\":\"https:\/\/penosil.com\/es\/producto\/firestop-silicone-331-silicona-neutra-ignifuga\/#primaryimage\"},\"image\":{\"@id\":\"https:\/\/penosil.com\/es\/producto\/firestop-silicone-331-silicona-neutra-ignifuga\/#primaryimage\"},\"thumbnailUrl\":\"https:\/\/penosil.com\/es\/wp-content\/uploads\/sites\/9\/2025\/10\/silicona-neutra-ignifuga-4-horas-FireStop-Silicone-PENOSIL.png\",\"datePublished\":\"2025-10-21T07:58:22+00:00\",\"dateModified\":\"2026-04-15T11:01:00+00:00\",\"description\":\"Silicona neutra ign\u00edfuga para sellados cortafuegos y humos. Resistente al fuego durante 4 horas. El\u00e1stico y resistente al agua y los UV.\",\"breadcrumb\":{\"@id\":\"https:\/\/penosil.com\/es\/producto\/firestop-silicone-331-silicona-neutra-ignifuga\/#breadcrumb\"},\"inLanguage\":\"es\",\"potentialAction\":[{\"@type\":\"ReadAction\",\"target\":[\"https:\/\/penosil.com\/es\/producto\/firestop-silicone-331-silicona-neutra-ignifuga\/\"]}]},{\"@type\":\"ImageObject\",\"inLanguage\":\"es\",\"@id\":\"https:\/\/penosil.com\/es\/producto\/firestop-silicone-331-silicona-neutra-ignifuga\/#primaryimage\",\"url\":\"https:\/\/penosil.com\/es\/wp-content\/uploads\/sites\/9\/2025\/10\/silicona-neutra-ignifuga-4-horas-FireStop-Silicone-PENOSIL.png\",\"contentUrl\":\"https:\/\/penosil.com\/es\/wp-content\/uploads\/sites\/9\/2025\/10\/silicona-neutra-ignifuga-4-horas-FireStop-Silicone-PENOSIL.png\",\"width\":387,\"height\":1080,\"caption\":\"Silicona neutra ign\u00edfuga 4 horas FireStop Silicone 331 PENOSIL\"},{\"@type\":\"BreadcrumbList\",\"@id\":\"https:\/\/penosil.com\/es\/producto\/firestop-silicone-331-silicona-neutra-ignifuga\/#breadcrumb\",\"itemListElement\":[{\"@type\":\"ListItem\",\"position\":1,\"name\":\"Inicio\",\"item\":\"https:\/\/penosil.com\/es\/\"},{\"@type\":\"ListItem\",\"position\":2,\"name\":\"Productos\",\"item\":\"https:\/\/penosil.com\/es\/productos\/\"},{\"@type\":\"ListItem\",\"position\":3,\"name\":\"FireStop Silicone 331\"}]},{\"@type\":\"WebSite\",\"@id\":\"https:\/\/penosil.com\/es\/#website\",\"url\":\"https:\/\/penosil.com\/es\/\",\"name\":\"Penosil Spain\",\"description\":\"\",\"potentialAction\":[{\"@type\":\"SearchAction\",\"target\":{\"@type\":\"EntryPoint\",\"urlTemplate\":\"https:\/\/penosil.com\/es\/?s={search_term_string}\"},\"query-input\":{\"@type\":\"PropertyValueSpecification\",\"valueRequired\":true,\"valueName\":\"search_term_string\"}}],\"inLanguage\":\"es\"}]}<\/script>\n<!-- \/ Yoast SEO plugin. -->","yoast_head_json":{"title":"PENOSIL FireStop Silicone 331 - Silicona neutra ign\u00edfuga 4 horas","description":"Silicona neutra ign\u00edfuga para sellados cortafuegos y humos. Resistente al fuego durante 4 horas. El\u00e1stico y resistente al agua y los UV.","robots":{"index":"index","follow":"follow","max-snippet":"max-snippet:-1","max-image-preview":"max-image-preview:large","max-video-preview":"max-video-preview:-1"},"canonical":"https:\/\/penosil.com\/es\/producto\/firestop-silicone-331-silicona-neutra-ignifuga\/","og_locale":"es_ES","og_type":"article","og_title":"PENOSIL FireStop Silicone 331 - Silicona neutra ign\u00edfuga 4 horas","og_description":"Silicona neutra ign\u00edfuga para sellados cortafuegos y humos. Resistente al fuego durante 4 horas. El\u00e1stico y resistente al agua y los UV.","og_url":"https:\/\/penosil.com\/es\/producto\/firestop-silicone-331-silicona-neutra-ignifuga\/","og_site_name":"Penosil Spain","article_modified_time":"2026-04-15T11:01:00+00:00","og_image":[{"width":387,"height":1080,"url":"https:\/\/penosil.com\/es\/wp-content\/uploads\/sites\/9\/2025\/10\/silicona-neutra-ignifuga-4-horas-FireStop-Silicone-PENOSIL.png","type":"image\/png"}],"twitter_card":"summary_large_image","twitter_misc":{"Tiempo de lectura":"4 minutos"},"schema":{"@context":"https:\/\/schema.org","@graph":[{"@type":["WebPage","ItemPage"],"@id":"https:\/\/penosil.com\/es\/producto\/firestop-silicone-331-silicona-neutra-ignifuga\/","url":"https:\/\/penosil.com\/es\/producto\/firestop-silicone-331-silicona-neutra-ignifuga\/","name":"PENOSIL FireStop Silicone 331 - Silicona neutra ign\u00edfuga 4 horas","isPartOf":{"@id":"https:\/\/penosil.com\/es\/#website"},"primaryImageOfPage":{"@id":"https:\/\/penosil.com\/es\/producto\/firestop-silicone-331-silicona-neutra-ignifuga\/#primaryimage"},"image":{"@id":"https:\/\/penosil.com\/es\/producto\/firestop-silicone-331-silicona-neutra-ignifuga\/#primaryimage"},"thumbnailUrl":"https:\/\/penosil.com\/es\/wp-content\/uploads\/sites\/9\/2025\/10\/silicona-neutra-ignifuga-4-horas-FireStop-Silicone-PENOSIL.png","datePublished":"2025-10-21T07:58:22+00:00","dateModified":"2026-04-15T11:01:00+00:00","description":"Silicona neutra ign\u00edfuga para sellados cortafuegos y humos. Resistente al fuego durante 4 horas. El\u00e1stico y resistente al agua y los UV.","breadcrumb":{"@id":"https:\/\/penosil.com\/es\/producto\/firestop-silicone-331-silicona-neutra-ignifuga\/#breadcrumb"},"inLanguage":"es","potentialAction":[{"@type":"ReadAction","target":["https:\/\/penosil.com\/es\/producto\/firestop-silicone-331-silicona-neutra-ignifuga\/"]}]},{"@type":"ImageObject","inLanguage":"es","@id":"https:\/\/penosil.com\/es\/producto\/firestop-silicone-331-silicona-neutra-ignifuga\/#primaryimage","url":"https:\/\/penosil.com\/es\/wp-content\/uploads\/sites\/9\/2025\/10\/silicona-neutra-ignifuga-4-horas-FireStop-Silicone-PENOSIL.png","contentUrl":"https:\/\/penosil.com\/es\/wp-content\/uploads\/sites\/9\/2025\/10\/silicona-neutra-ignifuga-4-horas-FireStop-Silicone-PENOSIL.png","width":387,"height":1080,"caption":"Silicona neutra ign\u00edfuga 4 horas FireStop Silicone 331 PENOSIL"},{"@type":"BreadcrumbList","@id":"https:\/\/penosil.com\/es\/producto\/firestop-silicone-331-silicona-neutra-ignifuga\/#breadcrumb","itemListElement":[{"@type":"ListItem","position":1,"name":"Inicio","item":"https:\/\/penosil.com\/es\/"},{"@type":"ListItem","position":2,"name":"Productos","item":"https:\/\/penosil.com\/es\/productos\/"},{"@type":"ListItem","position":3,"name":"FireStop Silicone 331"}]},{"@type":"WebSite","@id":"https:\/\/penosil.com\/es\/#website","url":"https:\/\/penosil.com\/es\/","name":"Penosil Spain","description":"","potentialAction":[{"@type":"SearchAction","target":{"@type":"EntryPoint","urlTemplate":"https:\/\/penosil.com\/es\/?s={search_term_string}"},"query-input":{"@type":"PropertyValueSpecification","valueRequired":true,"valueName":"search_term_string"}}],"inLanguage":"es"}]}},"featured_img":"https:\/\/penosil.com\/es\/wp-content\/uploads\/sites\/9\/2025\/10\/silicona-neutra-ignifuga-4-horas-FireStop-Silicone-PENOSIL.png","coauthors":[],"author_meta":{"author_link":"https:\/\/penosil.com\/es\/author\/eric\/","display_name":"eric"},"relative_dates":{"created":"Publicado 6 meses hace","modified":"Actualizado 5 horas hace"},"absolute_dates":{"created":"Publicado el 10\/21\/2025","modified":"Actualizado el 04\/15\/2026"},"absolute_dates_time":{"created":"Publicado el 10\/21\/2025 9:58 am","modified":"Actualizado el 04\/15\/2026 1:01 pm"},"featured_img_caption":"Silicona neutra ign\u00edfuga 4 horas FireStop Silicone 331 PENOSIL","tax_additional":{"product_brand":{"linked":[],"unlinked":[],"slug":"product_brand","name":"Marcas"},"product_type":{"linked":["<a href=\"https:\/\/penosil.com\/es\/?taxonomy=product_type&#038;term=variable\" class=\"advgb-post-tax-term\">variable<\/a>"],"unlinked":["<span class=\"advgb-post-tax-term\">variable<\/span>"],"slug":"product_type","name":"Tipo de producto"},"product_visibility":{"linked":[],"unlinked":[],"slug":"product_visibility","name":"Visibilidad del producto"},"product_cat":{"linked":["<a href=\"https:\/\/penosil.com\/es\/categoria-producto\/areas-de-aplicacion\/\" class=\"advgb-post-tax-term\">\u00c1reas de Aplicaci\u00f3n<\/a>","<a href=\"https:\/\/penosil.com\/es\/categoria-producto\/grupos-de-productos\/\" class=\"advgb-post-tax-term\">Grupos de productos<\/a>","<a href=\"https:\/\/penosil.com\/es\/categoria-producto\/grupos-de-productos\/sellantes\/\" class=\"advgb-post-tax-term\">Sellantes<\/a>","<a href=\"https:\/\/penosil.com\/es\/categoria-producto\/grupos-de-productos\/sellantes\/siliconas\/\" class=\"advgb-post-tax-term\">Siliconas<\/a>","<a href=\"https:\/\/penosil.com\/es\/categoria-producto\/areas-de-aplicacion\/resistencia-al-fuego-alta-temperatura\/\" class=\"advgb-post-tax-term\">Resistencia al Fuego y Alta Temperatura<\/a>"],"unlinked":["<span class=\"advgb-post-tax-term\">\u00c1reas de Aplicaci\u00f3n<\/span>","<span class=\"advgb-post-tax-term\">Grupos de productos<\/span>","<span class=\"advgb-post-tax-term\">Sellantes<\/span>","<span class=\"advgb-post-tax-term\">Siliconas<\/span>","<span class=\"advgb-post-tax-term\">Resistencia al Fuego y Alta Temperatura<\/span>"],"slug":"product_cat","name":"Categor\u00edas del producto"},"product_tag":{"linked":[],"unlinked":[],"slug":"product_tag","name":"Etiquetas del producto"},"product_shipping_class":{"linked":[],"unlinked":[],"slug":"product_shipping_class","name":"Clases de env\u00edo del producto"},"pos_product_visibility":{"linked":[],"unlinked":[],"slug":"pos_product_visibility","name":"Visibilidad del producto en el punto de venta"},"pa_color":{"linked":["<a href=\"https:\/\/penosil.com\/es\/?taxonomy=pa_color&#038;term=blanco\" class=\"advgb-post-tax-term\">Blanco<\/a>","<a href=\"https:\/\/penosil.com\/es\/?taxonomy=pa_color&#038;term=negro\" class=\"advgb-post-tax-term\">Negro<\/a>","<a href=\"https:\/\/penosil.com\/es\/?taxonomy=pa_color&#038;term=gris-g09\" class=\"advgb-post-tax-term\">Gris<\/a>"],"unlinked":["<span class=\"advgb-post-tax-term\">Blanco<\/span>","<span class=\"advgb-post-tax-term\">Negro<\/span>","<span class=\"advgb-post-tax-term\">Gris<\/span>"],"slug":"pa_color","name":"Colores"},"pa_package":{"linked":["<a href=\"https:\/\/penosil.com\/es\/?taxonomy=pa_package&#038;term=cartucho-300-ml\" class=\"advgb-post-tax-term\">Cartucho 300 ml<\/a>"],"unlinked":["<span class=\"advgb-post-tax-term\">Cartucho 300 ml<\/span>"],"slug":"pa_package","name":"Formatos"},"translation_priority":{"linked":["<a href=\"https:\/\/penosil.com\/es\/?taxonomy=translation_priority&#038;term=opcional-es\" class=\"advgb-post-tax-term\">Opcional<\/a>"],"unlinked":["<span class=\"advgb-post-tax-term\">Opcional<\/span>"],"slug":"translation_priority","name":"Prioridades de traducci\u00f3n"}},"series_order":"","_links":{"self":[{"href":"https:\/\/penosil.com\/es\/wp-json\/wp\/v2\/product\/16988","targetHints":{"allow":["GET"]}}],"collection":[{"href":"https:\/\/penosil.com\/es\/wp-json\/wp\/v2\/product"}],"about":[{"href":"https:\/\/penosil.com\/es\/wp-json\/wp\/v2\/types\/product"}],"version-history":[{"count":11,"href":"https:\/\/penosil.com\/es\/wp-json\/wp\/v2\/product\/16988\/revisions"}],"predecessor-version":[{"id":17913,"href":"https:\/\/penosil.com\/es\/wp-json\/wp\/v2\/product\/16988\/revisions\/17913"}],"wp:featuredmedia":[{"embeddable":true,"href":"https:\/\/penosil.com\/es\/wp-json\/wp\/v2\/media\/17580"}],"wp:attachment":[{"href":"https:\/\/penosil.com\/es\/wp-json\/wp\/v2\/media?parent=16988"}],"wp:term":[{"taxonomy":"product_brand","embeddable":true,"href":"https:\/\/penosil.com\/es\/wp-json\/wp\/v2\/product_brand?post=16988"},{"taxonomy":"product_cat","embeddable":true,"href":"https:\/\/penosil.com\/es\/wp-json\/wp\/v2\/product_cat?post=16988"},{"taxonomy":"product_tag","embeddable":true,"href":"https:\/\/penosil.com\/es\/wp-json\/wp\/v2\/product_tag?post=16988"}],"curies":[{"name":"wp","href":"https:\/\/api.w.org\/{rel}","templated":true}]}}