{"id":17657,"date":"2026-02-26T14:10:46","date_gmt":"2026-02-26T13:10:46","guid":{"rendered":"https:\/\/penosil.com\/es\/?post_type=product&#038;p=17657"},"modified":"2026-02-26T15:01:32","modified_gmt":"2026-02-26T14:01:32","slug":"espuma-compacta-116-adhiere-rellena-aisla-sin-deformar","status":"publish","type":"product","link":"https:\/\/penosil.com\/es\/producto\/espuma-compacta-116-adhiere-rellena-aisla-sin-deformar\/","title":{"rendered":"Espuma Compacta 116"},"content":{"rendered":"<p>Espuma de poliuretano extra compacta para la instalaci\u00f3n de ventanas y puertas. Su alta adhesi\u00f3n, baja presi\u00f3n de curado y moderada expansi\u00f3n permiten un relleno estable y compacto del marco sin riesgo de deformaci\u00f3n, proporcionando adem\u00e1s un excelente aislamiento t\u00e9rmico y ac\u00fastico. Una vez curada la espuma es semirr\u00edgida y se puede recortar f\u00e1cilmente, dar forma, lijar, pintar o recubrir.<\/p>\n","protected":false},"excerpt":{"rendered":"Espuma de poliuretano extra compacta para la instalaci\u00f3n de ventanas y puertas. Su alta adhesi\u00f3n, baja presi\u00f3n de curado y moderada expansi\u00f3n permiten un relleno estable y compacto del marco sin riesgo de deformaci\u00f3n.","protected":false},"author":198,"featured_media":17661,"template":"","meta":{"_acf_changed":false,"advgb_blocks_editor_width":"","advgb_blocks_columns_visual_guide":"","footnotes":""},"product_brand":[],"product_cat":[1545,2242,1504,2295,2300,1372],"product_tag":[],"class_list":{"0":"post-17657","1":"product","2":"type-product","3":"status-publish","4":"has-post-thumbnail","6":"product_cat-espumas-para-pistola","7":"product_cat-nuevos-productos","8":"product_cat-espumas-de-construccion","9":"product_cat-areas-de-aplicacion","10":"product_cat-ventanas-y-puertas","11":"product_cat-grupos-de-productos","13":"first","14":"outofstock","15":"taxable","16":"shipping-taxable","17":"purchasable","18":"product-type-simple"},"acf":[],"yoast_head":"<!-- This site is optimized with the Yoast SEO plugin v27.2 - https:\/\/yoast.com\/product\/yoast-seo-wordpress\/ -->\n<title>PENOSIL Espuma Compacta 116 - Adhiere, rellena y a\u00edsla<\/title>\n<meta name=\"description\" content=\"Espuma de poliuretano extra compacta para la instalaci\u00f3n de ventanas y puertas. Alta adhesi\u00f3n y auto expansi\u00f3n. Relleno estable y sin riesgo de deformaci\u00f3n.\" \/>\n<meta name=\"robots\" content=\"index, follow, max-snippet:-1, max-image-preview:large, max-video-preview:-1\" \/>\n<link rel=\"canonical\" href=\"https:\/\/penosil.com\/es\/producto\/espuma-compacta-116-adhiere-rellena-aisla-sin-deformar\/\" \/>\n<meta property=\"og:locale\" content=\"es_ES\" \/>\n<meta property=\"og:type\" content=\"article\" \/>\n<meta property=\"og:title\" content=\"PENOSIL Espuma Compacta 116 - Adhiere, rellena y a\u00edsla\" \/>\n<meta property=\"og:description\" content=\"Espuma de poliuretano extra compacta para la instalaci\u00f3n de ventanas y puertas. Alta adhesi\u00f3n y auto expansi\u00f3n. Relleno estable y sin riesgo de deformaci\u00f3n.\" \/>\n<meta property=\"og:url\" content=\"https:\/\/penosil.com\/es\/producto\/espuma-compacta-116-adhiere-rellena-aisla-sin-deformar\/\" \/>\n<meta property=\"og:site_name\" content=\"Penosil Spain\" \/>\n<meta property=\"article:modified_time\" content=\"2026-02-26T14:01:32+00:00\" \/>\n<meta property=\"og:image\" content=\"https:\/\/penosil.com\/es\/wp-content\/uploads\/sites\/9\/2026\/02\/Espuma-de-poliuretano-extra-compacta-PENOSIL-Espuma-Compacta-116.png\" \/>\n\t<meta property=\"og:image:width\" content=\"523\" \/>\n\t<meta property=\"og:image:height\" content=\"1080\" \/>\n\t<meta property=\"og:image:type\" content=\"image\/png\" \/>\n<meta name=\"twitter:card\" content=\"summary_large_image\" \/>\n<meta name=\"twitter:label1\" content=\"Tiempo de lectura\" \/>\n\t<meta name=\"twitter:data1\" content=\"7 minutos\" \/>\n<script type=\"application\/ld+json\" class=\"yoast-schema-graph\">{\"@context\":\"https:\/\/schema.org\",\"@graph\":[{\"@type\":[\"WebPage\",\"ItemPage\"],\"@id\":\"https:\/\/penosil.com\/es\/producto\/espuma-compacta-116-adhiere-rellena-aisla-sin-deformar\/\",\"url\":\"https:\/\/penosil.com\/es\/producto\/espuma-compacta-116-adhiere-rellena-aisla-sin-deformar\/\",\"name\":\"PENOSIL Espuma Compacta 116 - Adhiere, rellena y a\u00edsla\",\"isPartOf\":{\"@id\":\"https:\/\/penosil.com\/es\/#website\"},\"primaryImageOfPage\":{\"@id\":\"https:\/\/penosil.com\/es\/producto\/espuma-compacta-116-adhiere-rellena-aisla-sin-deformar\/#primaryimage\"},\"image\":{\"@id\":\"https:\/\/penosil.com\/es\/producto\/espuma-compacta-116-adhiere-rellena-aisla-sin-deformar\/#primaryimage\"},\"thumbnailUrl\":\"https:\/\/penosil.com\/es\/wp-content\/uploads\/sites\/9\/2026\/02\/Espuma-de-poliuretano-extra-compacta-PENOSIL-Espuma-Compacta-116.png\",\"datePublished\":\"2026-02-26T13:10:46+00:00\",\"dateModified\":\"2026-02-26T14:01:32+00:00\",\"description\":\"Espuma de poliuretano extra compacta para la instalaci\u00f3n de ventanas y puertas. Alta adhesi\u00f3n y auto expansi\u00f3n. Relleno estable y sin riesgo de deformaci\u00f3n.\",\"breadcrumb\":{\"@id\":\"https:\/\/penosil.com\/es\/producto\/espuma-compacta-116-adhiere-rellena-aisla-sin-deformar\/#breadcrumb\"},\"inLanguage\":\"es\",\"potentialAction\":[{\"@type\":\"ReadAction\",\"target\":[\"https:\/\/penosil.com\/es\/producto\/espuma-compacta-116-adhiere-rellena-aisla-sin-deformar\/\"]}]},{\"@type\":\"ImageObject\",\"inLanguage\":\"es\",\"@id\":\"https:\/\/penosil.com\/es\/producto\/espuma-compacta-116-adhiere-rellena-aisla-sin-deformar\/#primaryimage\",\"url\":\"https:\/\/penosil.com\/es\/wp-content\/uploads\/sites\/9\/2026\/02\/Espuma-de-poliuretano-extra-compacta-PENOSIL-Espuma-Compacta-116.png\",\"contentUrl\":\"https:\/\/penosil.com\/es\/wp-content\/uploads\/sites\/9\/2026\/02\/Espuma-de-poliuretano-extra-compacta-PENOSIL-Espuma-Compacta-116.png\",\"width\":523,\"height\":1080,\"caption\":\"Espuma de poliuretano compacta PENOSIL Espuma Compacta 116\"},{\"@type\":\"BreadcrumbList\",\"@id\":\"https:\/\/penosil.com\/es\/producto\/espuma-compacta-116-adhiere-rellena-aisla-sin-deformar\/#breadcrumb\",\"itemListElement\":[{\"@type\":\"ListItem\",\"position\":1,\"name\":\"Inicio\",\"item\":\"https:\/\/penosil.com\/es\/\"},{\"@type\":\"ListItem\",\"position\":2,\"name\":\"Productos\",\"item\":\"https:\/\/penosil.com\/es\/productos\/\"},{\"@type\":\"ListItem\",\"position\":3,\"name\":\"Espuma Compacta 116\"}]},{\"@type\":\"WebSite\",\"@id\":\"https:\/\/penosil.com\/es\/#website\",\"url\":\"https:\/\/penosil.com\/es\/\",\"name\":\"Penosil Spain\",\"description\":\"\",\"potentialAction\":[{\"@type\":\"SearchAction\",\"target\":{\"@type\":\"EntryPoint\",\"urlTemplate\":\"https:\/\/penosil.com\/es\/?s={search_term_string}\"},\"query-input\":{\"@type\":\"PropertyValueSpecification\",\"valueRequired\":true,\"valueName\":\"search_term_string\"}}],\"inLanguage\":\"es\"}]}<\/script>\n<!-- \/ Yoast SEO plugin. -->","yoast_head_json":{"title":"PENOSIL Espuma Compacta 116 - Adhiere, rellena y a\u00edsla","description":"Espuma de poliuretano extra compacta para la instalaci\u00f3n de ventanas y puertas. Alta adhesi\u00f3n y auto expansi\u00f3n. Relleno estable y sin riesgo de deformaci\u00f3n.","robots":{"index":"index","follow":"follow","max-snippet":"max-snippet:-1","max-image-preview":"max-image-preview:large","max-video-preview":"max-video-preview:-1"},"canonical":"https:\/\/penosil.com\/es\/producto\/espuma-compacta-116-adhiere-rellena-aisla-sin-deformar\/","og_locale":"es_ES","og_type":"article","og_title":"PENOSIL Espuma Compacta 116 - Adhiere, rellena y a\u00edsla","og_description":"Espuma de poliuretano extra compacta para la instalaci\u00f3n de ventanas y puertas. Alta adhesi\u00f3n y auto expansi\u00f3n. Relleno estable y sin riesgo de deformaci\u00f3n.","og_url":"https:\/\/penosil.com\/es\/producto\/espuma-compacta-116-adhiere-rellena-aisla-sin-deformar\/","og_site_name":"Penosil Spain","article_modified_time":"2026-02-26T14:01:32+00:00","og_image":[{"width":523,"height":1080,"url":"https:\/\/penosil.com\/es\/wp-content\/uploads\/sites\/9\/2026\/02\/Espuma-de-poliuretano-extra-compacta-PENOSIL-Espuma-Compacta-116.png","type":"image\/png"}],"twitter_card":"summary_large_image","twitter_misc":{"Tiempo de lectura":"7 minutos"},"schema":{"@context":"https:\/\/schema.org","@graph":[{"@type":["WebPage","ItemPage"],"@id":"https:\/\/penosil.com\/es\/producto\/espuma-compacta-116-adhiere-rellena-aisla-sin-deformar\/","url":"https:\/\/penosil.com\/es\/producto\/espuma-compacta-116-adhiere-rellena-aisla-sin-deformar\/","name":"PENOSIL Espuma Compacta 116 - Adhiere, rellena y a\u00edsla","isPartOf":{"@id":"https:\/\/penosil.com\/es\/#website"},"primaryImageOfPage":{"@id":"https:\/\/penosil.com\/es\/producto\/espuma-compacta-116-adhiere-rellena-aisla-sin-deformar\/#primaryimage"},"image":{"@id":"https:\/\/penosil.com\/es\/producto\/espuma-compacta-116-adhiere-rellena-aisla-sin-deformar\/#primaryimage"},"thumbnailUrl":"https:\/\/penosil.com\/es\/wp-content\/uploads\/sites\/9\/2026\/02\/Espuma-de-poliuretano-extra-compacta-PENOSIL-Espuma-Compacta-116.png","datePublished":"2026-02-26T13:10:46+00:00","dateModified":"2026-02-26T14:01:32+00:00","description":"Espuma de poliuretano extra compacta para la instalaci\u00f3n de ventanas y puertas. Alta adhesi\u00f3n y auto expansi\u00f3n. Relleno estable y sin riesgo de deformaci\u00f3n.","breadcrumb":{"@id":"https:\/\/penosil.com\/es\/producto\/espuma-compacta-116-adhiere-rellena-aisla-sin-deformar\/#breadcrumb"},"inLanguage":"es","potentialAction":[{"@type":"ReadAction","target":["https:\/\/penosil.com\/es\/producto\/espuma-compacta-116-adhiere-rellena-aisla-sin-deformar\/"]}]},{"@type":"ImageObject","inLanguage":"es","@id":"https:\/\/penosil.com\/es\/producto\/espuma-compacta-116-adhiere-rellena-aisla-sin-deformar\/#primaryimage","url":"https:\/\/penosil.com\/es\/wp-content\/uploads\/sites\/9\/2026\/02\/Espuma-de-poliuretano-extra-compacta-PENOSIL-Espuma-Compacta-116.png","contentUrl":"https:\/\/penosil.com\/es\/wp-content\/uploads\/sites\/9\/2026\/02\/Espuma-de-poliuretano-extra-compacta-PENOSIL-Espuma-Compacta-116.png","width":523,"height":1080,"caption":"Espuma de poliuretano compacta PENOSIL Espuma Compacta 116"},{"@type":"BreadcrumbList","@id":"https:\/\/penosil.com\/es\/producto\/espuma-compacta-116-adhiere-rellena-aisla-sin-deformar\/#breadcrumb","itemListElement":[{"@type":"ListItem","position":1,"name":"Inicio","item":"https:\/\/penosil.com\/es\/"},{"@type":"ListItem","position":2,"name":"Productos","item":"https:\/\/penosil.com\/es\/productos\/"},{"@type":"ListItem","position":3,"name":"Espuma Compacta 116"}]},{"@type":"WebSite","@id":"https:\/\/penosil.com\/es\/#website","url":"https:\/\/penosil.com\/es\/","name":"Penosil Spain","description":"","potentialAction":[{"@type":"SearchAction","target":{"@type":"EntryPoint","urlTemplate":"https:\/\/penosil.com\/es\/?s={search_term_string}"},"query-input":{"@type":"PropertyValueSpecification","valueRequired":true,"valueName":"search_term_string"}}],"inLanguage":"es"}]}},"featured_img":"https:\/\/penosil.com\/es\/wp-content\/uploads\/sites\/9\/2026\/02\/Espuma-de-poliuretano-extra-compacta-PENOSIL-Espuma-Compacta-116.png","coauthors":[],"author_meta":{"author_link":"https:\/\/penosil.com\/es\/author\/eric\/","display_name":"eric"},"relative_dates":{"created":"Publicado 2 meses hace","modified":"Actualizado 2 meses hace"},"absolute_dates":{"created":"Publicado el 02\/26\/2026","modified":"Actualizado el 02\/26\/2026"},"absolute_dates_time":{"created":"Publicado el 02\/26\/2026 2:10 pm","modified":"Actualizado el 02\/26\/2026 3:01 pm"},"featured_img_caption":"Espuma de poliuretano compacta PENOSIL Espuma Compacta 116","tax_additional":{"product_brand":{"linked":[],"unlinked":[],"slug":"product_brand","name":"Marcas"},"product_type":{"linked":["<a href=\"https:\/\/penosil.com\/es\/?taxonomy=product_type&#038;term=simple\" class=\"advgb-post-tax-term\">simple<\/a>"],"unlinked":["<span class=\"advgb-post-tax-term\">simple<\/span>"],"slug":"product_type","name":"Tipo de producto"},"product_visibility":{"linked":["<a href=\"https:\/\/penosil.com\/es\/en\/?taxonomy=product_visibility&#038;term=outofstock\" class=\"advgb-post-tax-term\">outofstock<\/a>"],"unlinked":["<span class=\"advgb-post-tax-term\">outofstock<\/span>"],"slug":"product_visibility","name":"Visibilidad del producto"},"product_cat":{"linked":["<a href=\"https:\/\/penosil.com\/es\/categoria-producto\/grupos-de-productos\/espumas-de-construccion\/espumas-para-pistola\/\" class=\"advgb-post-tax-term\">Espumas para pistola<\/a>","<a href=\"https:\/\/penosil.com\/es\/categoria-producto\/grupos-de-productos\/nuevos-productos\/\" class=\"advgb-post-tax-term\">Nuevos productos<\/a>","<a href=\"https:\/\/penosil.com\/es\/categoria-producto\/grupos-de-productos\/espumas-de-construccion\/\" class=\"advgb-post-tax-term\">Espumas de construcci\u00f3n<\/a>","<a href=\"https:\/\/penosil.com\/es\/categoria-producto\/areas-de-aplicacion\/\" class=\"advgb-post-tax-term\">\u00c1reas de Aplicaci\u00f3n<\/a>","<a href=\"https:\/\/penosil.com\/es\/categoria-producto\/areas-de-aplicacion\/ventanas-y-puertas\/\" class=\"advgb-post-tax-term\">Ventanas y Puertas<\/a>","<a href=\"https:\/\/penosil.com\/es\/categoria-producto\/grupos-de-productos\/\" class=\"advgb-post-tax-term\">Grupos de productos<\/a>"],"unlinked":["<span class=\"advgb-post-tax-term\">Espumas para pistola<\/span>","<span class=\"advgb-post-tax-term\">Nuevos productos<\/span>","<span class=\"advgb-post-tax-term\">Espumas de construcci\u00f3n<\/span>","<span class=\"advgb-post-tax-term\">\u00c1reas de Aplicaci\u00f3n<\/span>","<span class=\"advgb-post-tax-term\">Ventanas y Puertas<\/span>","<span class=\"advgb-post-tax-term\">Grupos de productos<\/span>"],"slug":"product_cat","name":"Categor\u00edas del producto"},"product_tag":{"linked":[],"unlinked":[],"slug":"product_tag","name":"Etiquetas del producto"},"product_shipping_class":{"linked":[],"unlinked":[],"slug":"product_shipping_class","name":"Clases de env\u00edo del producto"},"pos_product_visibility":{"linked":[],"unlinked":[],"slug":"pos_product_visibility","name":"Visibilidad del producto en el punto de venta"},"pa_color":{"linked":["<a href=\"https:\/\/penosil.com\/es\/?taxonomy=pa_color&#038;term=amarillo-claro\" class=\"advgb-post-tax-term\">Amarillo claro<\/a>"],"unlinked":["<span class=\"advgb-post-tax-term\">Amarillo claro<\/span>"],"slug":"pa_color","name":"Colores"},"pa_package":{"linked":["<a href=\"https:\/\/penosil.com\/es\/?taxonomy=pa_package&#038;term=aerosol-700-ml\" class=\"advgb-post-tax-term\">Aerosol 700 ml<\/a>"],"unlinked":["<span class=\"advgb-post-tax-term\">Aerosol 700 ml<\/span>"],"slug":"pa_package","name":"Formatos"},"translation_priority":{"linked":["<a href=\"https:\/\/penosil.com\/es\/?taxonomy=translation_priority&#038;term=opcional-es\" class=\"advgb-post-tax-term\">Opcional<\/a>"],"unlinked":["<span class=\"advgb-post-tax-term\">Opcional<\/span>"],"slug":"translation_priority","name":"Prioridades de traducci\u00f3n"}},"series_order":"","_links":{"self":[{"href":"https:\/\/penosil.com\/es\/wp-json\/wp\/v2\/product\/17657","targetHints":{"allow":["GET"]}}],"collection":[{"href":"https:\/\/penosil.com\/es\/wp-json\/wp\/v2\/product"}],"about":[{"href":"https:\/\/penosil.com\/es\/wp-json\/wp\/v2\/types\/product"}],"version-history":[{"count":23,"href":"https:\/\/penosil.com\/es\/wp-json\/wp\/v2\/product\/17657\/revisions"}],"predecessor-version":[{"id":17691,"href":"https:\/\/penosil.com\/es\/wp-json\/wp\/v2\/product\/17657\/revisions\/17691"}],"wp:featuredmedia":[{"embeddable":true,"href":"https:\/\/penosil.com\/es\/wp-json\/wp\/v2\/media\/17661"}],"wp:attachment":[{"href":"https:\/\/penosil.com\/es\/wp-json\/wp\/v2\/media?parent=17657"}],"wp:term":[{"taxonomy":"product_brand","embeddable":true,"href":"https:\/\/penosil.com\/es\/wp-json\/wp\/v2\/product_brand?post=17657"},{"taxonomy":"product_cat","embeddable":true,"href":"https:\/\/penosil.com\/es\/wp-json\/wp\/v2\/product_cat?post=17657"},{"taxonomy":"product_tag","embeddable":true,"href":"https:\/\/penosil.com\/es\/wp-json\/wp\/v2\/product_tag?post=17657"}],"curies":[{"name":"wp","href":"https:\/\/api.w.org\/{rel}","templated":true}]}}