{"id":7891,"date":"2021-04-19T06:58:11","date_gmt":"2021-04-19T06:58:11","guid":{"rendered":"https:\/\/penosil.com\/es\/?post_type=product&#038;p=7891"},"modified":"2025-10-17T15:00:47","modified_gmt":"2025-10-17T13:00:47","slug":"ms-4x4-sella-y-pega-sellador","status":"publish","type":"product","link":"https:\/\/penosil.com\/es\/producto\/ms-4x4-sella-y-pega-sellador\/","title":{"rendered":"MS 4X4 Sella y Pega"},"content":{"rendered":"<p>MS 4X4 Sella y Pega pol\u00edmero h\u00edbrido para el pegado y sellado de todo tipo de materiales y aplicaciones, en todas las condiciones, incluso en superficies h\u00famedas.<\/p>\n","protected":false},"excerpt":{"rendered":"MS 4X4 Sella y Pega pol\u00edmero h\u00edbrido para el pegado y sellado de todo tipo de materiales y aplicaciones, en todas las condiciones, incluso en superficies h\u00famedas.","protected":false},"author":24,"featured_media":8940,"template":"","meta":{"_acf_changed":false,"advgb_blocks_editor_width":"","advgb_blocks_columns_visual_guide":"","footnotes":""},"product_brand":[],"product_cat":[1372,1614,2239,340,1670],"product_tag":[],"class_list":{"0":"post-7891","1":"product","2":"type-product","3":"status-publish","4":"has-post-thumbnail","6":"product_cat-grupos-de-productos","7":"product_cat-sellantes","8":"product_cat-adhesivos-easypro","9":"product_cat-easy-pro","10":"product_cat-ms-polimeros-hibridos","12":"first","13":"outofstock","14":"taxable","15":"shipping-taxable","16":"purchasable","17":"product-type-variable"},"acf":[],"yoast_head":"<!-- This site is optimized with the Yoast SEO plugin v27.2 - https:\/\/yoast.com\/product\/yoast-seo-wordpress\/ -->\n<title>PENOSIL MS 4X4 Sella y Pega, pol\u00edmero h\u00edbrido sellado - EasyPRO<\/title>\n<meta name=\"description\" content=\"PENOSIL MS 4X4 Sella y Pega, pol\u00edmero h\u00edbrido de curado r\u00e1pido, que ofrece una impermeabilizaci\u00f3n total tras 2 horas \u00a1Desc\u00fabrelo!\" \/>\n<meta name=\"robots\" content=\"noindex, follow\" \/>\n<meta property=\"og:locale\" content=\"es_ES\" \/>\n<meta property=\"og:type\" content=\"article\" \/>\n<meta property=\"og:title\" content=\"PENOSIL MS 4X4 Sella y Pega, pol\u00edmero h\u00edbrido sellado - EasyPRO\" \/>\n<meta property=\"og:description\" content=\"PENOSIL MS 4X4 Sella y Pega, pol\u00edmero h\u00edbrido de curado r\u00e1pido, que ofrece una impermeabilizaci\u00f3n total tras 2 horas \u00a1Desc\u00fabrelo!\" \/>\n<meta property=\"og:url\" content=\"https:\/\/penosil.com\/es\/producto\/ms-4x4-sella-y-pega-sellador\/\" \/>\n<meta property=\"og:site_name\" content=\"Penosil Spain\" \/>\n<meta property=\"article:modified_time\" content=\"2025-10-17T13:00:47+00:00\" \/>\n<meta property=\"og:image\" content=\"https:\/\/penosil.com\/es\/wp-content\/uploads\/sites\/9\/2021\/04\/WG-2022-PENOSIL-MS-4x4-ES-PT-290ml-BLANCO-KI-1.png\" \/>\n\t<meta property=\"og:image:width\" content=\"357\" \/>\n\t<meta property=\"og:image:height\" content=\"1080\" \/>\n\t<meta property=\"og:image:type\" content=\"image\/png\" \/>\n<meta name=\"twitter:card\" content=\"summary_large_image\" \/>\n<meta name=\"twitter:label1\" content=\"Tiempo de lectura\" \/>\n\t<meta name=\"twitter:data1\" content=\"3 minutos\" \/>\n<script type=\"application\/ld+json\" class=\"yoast-schema-graph\">{\"@context\":\"https:\/\/schema.org\",\"@graph\":[{\"@type\":[\"WebPage\",\"ItemPage\"],\"@id\":\"https:\/\/penosil.com\/es\/producto\/ms-4x4-sella-y-pega-sellador\/\",\"url\":\"https:\/\/penosil.com\/es\/producto\/ms-4x4-sella-y-pega-sellador\/\",\"name\":\"PENOSIL MS 4X4 Sella y Pega, pol\u00edmero h\u00edbrido sellado - EasyPRO\",\"isPartOf\":{\"@id\":\"https:\/\/penosil.com\/es\/#website\"},\"primaryImageOfPage\":{\"@id\":\"https:\/\/penosil.com\/es\/producto\/ms-4x4-sella-y-pega-sellador\/#primaryimage\"},\"image\":{\"@id\":\"https:\/\/penosil.com\/es\/producto\/ms-4x4-sella-y-pega-sellador\/#primaryimage\"},\"thumbnailUrl\":\"https:\/\/penosil.com\/es\/wp-content\/uploads\/sites\/9\/2021\/04\/WG-2022-PENOSIL-MS-4x4-ES-PT-290ml-BLANCO-KI-1.png\",\"datePublished\":\"2021-04-19T06:58:11+00:00\",\"dateModified\":\"2025-10-17T13:00:47+00:00\",\"description\":\"PENOSIL MS 4X4 Sella y Pega, pol\u00edmero h\u00edbrido de curado r\u00e1pido, que ofrece una impermeabilizaci\u00f3n total tras 2 horas \u00a1Desc\u00fabrelo!\",\"breadcrumb\":{\"@id\":\"https:\/\/penosil.com\/es\/producto\/ms-4x4-sella-y-pega-sellador\/#breadcrumb\"},\"inLanguage\":\"es\",\"potentialAction\":[{\"@type\":\"ReadAction\",\"target\":[\"https:\/\/penosil.com\/es\/producto\/ms-4x4-sella-y-pega-sellador\/\"]}]},{\"@type\":\"ImageObject\",\"inLanguage\":\"es\",\"@id\":\"https:\/\/penosil.com\/es\/producto\/ms-4x4-sella-y-pega-sellador\/#primaryimage\",\"url\":\"https:\/\/penosil.com\/es\/wp-content\/uploads\/sites\/9\/2021\/04\/WG-2022-PENOSIL-MS-4x4-ES-PT-290ml-BLANCO-KI-1.png\",\"contentUrl\":\"https:\/\/penosil.com\/es\/wp-content\/uploads\/sites\/9\/2021\/04\/WG-2022-PENOSIL-MS-4x4-ES-PT-290ml-BLANCO-KI-1.png\",\"width\":357,\"height\":1080,\"caption\":\"PENOSIL MS 4X4 Sella y Pega pol\u00edmero h\u00edbrido sellador para reparaciones exteriores y renovaciones\"},{\"@type\":\"BreadcrumbList\",\"@id\":\"https:\/\/penosil.com\/es\/producto\/ms-4x4-sella-y-pega-sellador\/#breadcrumb\",\"itemListElement\":[{\"@type\":\"ListItem\",\"position\":1,\"name\":\"Inicio\",\"item\":\"https:\/\/penosil.com\/es\/\"},{\"@type\":\"ListItem\",\"position\":2,\"name\":\"Productos\",\"item\":\"https:\/\/penosil.com\/es\/productos\/\"},{\"@type\":\"ListItem\",\"position\":3,\"name\":\"MS 4X4 Sella y Pega\"}]},{\"@type\":\"WebSite\",\"@id\":\"https:\/\/penosil.com\/es\/#website\",\"url\":\"https:\/\/penosil.com\/es\/\",\"name\":\"Penosil Spain\",\"description\":\"\",\"potentialAction\":[{\"@type\":\"SearchAction\",\"target\":{\"@type\":\"EntryPoint\",\"urlTemplate\":\"https:\/\/penosil.com\/es\/?s={search_term_string}\"},\"query-input\":{\"@type\":\"PropertyValueSpecification\",\"valueRequired\":true,\"valueName\":\"search_term_string\"}}],\"inLanguage\":\"es\"}]}<\/script>\n<!-- \/ Yoast SEO plugin. -->","yoast_head_json":{"title":"PENOSIL MS 4X4 Sella y Pega, pol\u00edmero h\u00edbrido sellado - EasyPRO","description":"PENOSIL MS 4X4 Sella y Pega, pol\u00edmero h\u00edbrido de curado r\u00e1pido, que ofrece una impermeabilizaci\u00f3n total tras 2 horas \u00a1Desc\u00fabrelo!","robots":{"index":"noindex","follow":"follow"},"og_locale":"es_ES","og_type":"article","og_title":"PENOSIL MS 4X4 Sella y Pega, pol\u00edmero h\u00edbrido sellado - EasyPRO","og_description":"PENOSIL MS 4X4 Sella y Pega, pol\u00edmero h\u00edbrido de curado r\u00e1pido, que ofrece una impermeabilizaci\u00f3n total tras 2 horas \u00a1Desc\u00fabrelo!","og_url":"https:\/\/penosil.com\/es\/producto\/ms-4x4-sella-y-pega-sellador\/","og_site_name":"Penosil Spain","article_modified_time":"2025-10-17T13:00:47+00:00","og_image":[{"width":357,"height":1080,"url":"https:\/\/penosil.com\/es\/wp-content\/uploads\/sites\/9\/2021\/04\/WG-2022-PENOSIL-MS-4x4-ES-PT-290ml-BLANCO-KI-1.png","type":"image\/png"}],"twitter_card":"summary_large_image","twitter_misc":{"Tiempo de lectura":"3 minutos"},"schema":{"@context":"https:\/\/schema.org","@graph":[{"@type":["WebPage","ItemPage"],"@id":"https:\/\/penosil.com\/es\/producto\/ms-4x4-sella-y-pega-sellador\/","url":"https:\/\/penosil.com\/es\/producto\/ms-4x4-sella-y-pega-sellador\/","name":"PENOSIL MS 4X4 Sella y Pega, pol\u00edmero h\u00edbrido sellado - EasyPRO","isPartOf":{"@id":"https:\/\/penosil.com\/es\/#website"},"primaryImageOfPage":{"@id":"https:\/\/penosil.com\/es\/producto\/ms-4x4-sella-y-pega-sellador\/#primaryimage"},"image":{"@id":"https:\/\/penosil.com\/es\/producto\/ms-4x4-sella-y-pega-sellador\/#primaryimage"},"thumbnailUrl":"https:\/\/penosil.com\/es\/wp-content\/uploads\/sites\/9\/2021\/04\/WG-2022-PENOSIL-MS-4x4-ES-PT-290ml-BLANCO-KI-1.png","datePublished":"2021-04-19T06:58:11+00:00","dateModified":"2025-10-17T13:00:47+00:00","description":"PENOSIL MS 4X4 Sella y Pega, pol\u00edmero h\u00edbrido de curado r\u00e1pido, que ofrece una impermeabilizaci\u00f3n total tras 2 horas \u00a1Desc\u00fabrelo!","breadcrumb":{"@id":"https:\/\/penosil.com\/es\/producto\/ms-4x4-sella-y-pega-sellador\/#breadcrumb"},"inLanguage":"es","potentialAction":[{"@type":"ReadAction","target":["https:\/\/penosil.com\/es\/producto\/ms-4x4-sella-y-pega-sellador\/"]}]},{"@type":"ImageObject","inLanguage":"es","@id":"https:\/\/penosil.com\/es\/producto\/ms-4x4-sella-y-pega-sellador\/#primaryimage","url":"https:\/\/penosil.com\/es\/wp-content\/uploads\/sites\/9\/2021\/04\/WG-2022-PENOSIL-MS-4x4-ES-PT-290ml-BLANCO-KI-1.png","contentUrl":"https:\/\/penosil.com\/es\/wp-content\/uploads\/sites\/9\/2021\/04\/WG-2022-PENOSIL-MS-4x4-ES-PT-290ml-BLANCO-KI-1.png","width":357,"height":1080,"caption":"PENOSIL MS 4X4 Sella y Pega pol\u00edmero h\u00edbrido sellador para reparaciones exteriores y renovaciones"},{"@type":"BreadcrumbList","@id":"https:\/\/penosil.com\/es\/producto\/ms-4x4-sella-y-pega-sellador\/#breadcrumb","itemListElement":[{"@type":"ListItem","position":1,"name":"Inicio","item":"https:\/\/penosil.com\/es\/"},{"@type":"ListItem","position":2,"name":"Productos","item":"https:\/\/penosil.com\/es\/productos\/"},{"@type":"ListItem","position":3,"name":"MS 4X4 Sella y Pega"}]},{"@type":"WebSite","@id":"https:\/\/penosil.com\/es\/#website","url":"https:\/\/penosil.com\/es\/","name":"Penosil Spain","description":"","potentialAction":[{"@type":"SearchAction","target":{"@type":"EntryPoint","urlTemplate":"https:\/\/penosil.com\/es\/?s={search_term_string}"},"query-input":{"@type":"PropertyValueSpecification","valueRequired":true,"valueName":"search_term_string"}}],"inLanguage":"es"}]}},"featured_img":"https:\/\/penosil.com\/es\/wp-content\/uploads\/sites\/9\/2021\/04\/WG-2022-PENOSIL-MS-4x4-ES-PT-290ml-BLANCO-KI-1.png","coauthors":[],"author_meta":{"author_link":"https:\/\/penosil.com\/es\/author\/armand\/","display_name":"armand"},"relative_dates":{"created":"Publicado 5 a\u00f1os hace","modified":"Actualizado 6 meses hace"},"absolute_dates":{"created":"Publicado el 04\/19\/2021","modified":"Actualizado el 10\/17\/2025"},"absolute_dates_time":{"created":"Publicado el 04\/19\/2021 6:58 am","modified":"Actualizado el 10\/17\/2025 3:00 pm"},"featured_img_caption":"","tax_additional":{"product_brand":{"linked":[],"unlinked":[],"slug":"product_brand","name":"Marcas"},"product_type":{"linked":["<a href=\"https:\/\/penosil.com\/es\/?taxonomy=product_type&#038;term=variable\" class=\"advgb-post-tax-term\">variable<\/a>"],"unlinked":["<span class=\"advgb-post-tax-term\">variable<\/span>"],"slug":"product_type","name":"Tipo de producto"},"product_visibility":{"linked":["<a href=\"https:\/\/penosil.com\/es\/en\/?taxonomy=product_visibility&#038;term=exclude-from-search\" class=\"advgb-post-tax-term\">exclude-from-search<\/a>","<a href=\"https:\/\/penosil.com\/es\/en\/?taxonomy=product_visibility&#038;term=exclude-from-catalog\" class=\"advgb-post-tax-term\">exclude-from-catalog<\/a>","<a href=\"https:\/\/penosil.com\/es\/en\/?taxonomy=product_visibility&#038;term=outofstock\" class=\"advgb-post-tax-term\">outofstock<\/a>"],"unlinked":["<span class=\"advgb-post-tax-term\">exclude-from-search<\/span>","<span class=\"advgb-post-tax-term\">exclude-from-catalog<\/span>","<span class=\"advgb-post-tax-term\">outofstock<\/span>"],"slug":"product_visibility","name":"Visibilidad del producto"},"product_cat":{"linked":["<a href=\"https:\/\/penosil.com\/es\/categoria-producto\/grupos-de-productos\/\" class=\"advgb-post-tax-term\">Grupos de productos<\/a>","<a href=\"https:\/\/penosil.com\/es\/categoria-producto\/grupos-de-productos\/sellantes\/\" class=\"advgb-post-tax-term\">Sellantes<\/a>","<a href=\"https:\/\/penosil.com\/es\/categoria-producto\/easy-pro\/adhesivos-easypro\/\" class=\"advgb-post-tax-term\">Adhesivos<\/a>","<a href=\"https:\/\/penosil.com\/es\/categoria-producto\/easy-pro\/\" class=\"advgb-post-tax-term\">EasyPRO<\/a>","<a href=\"https:\/\/penosil.com\/es\/categoria-producto\/grupos-de-productos\/sellantes\/ms-polimeros-hibridos\/\" class=\"advgb-post-tax-term\">MS \/ Pol\u00edmeros h\u00edbridos<\/a>"],"unlinked":["<span class=\"advgb-post-tax-term\">Grupos de productos<\/span>","<span class=\"advgb-post-tax-term\">Sellantes<\/span>","<span class=\"advgb-post-tax-term\">Adhesivos<\/span>","<span class=\"advgb-post-tax-term\">EasyPRO<\/span>","<span class=\"advgb-post-tax-term\">MS \/ Pol\u00edmeros h\u00edbridos<\/span>"],"slug":"product_cat","name":"Categor\u00edas del producto"},"product_tag":{"linked":[],"unlinked":[],"slug":"product_tag","name":"Etiquetas del producto"},"product_shipping_class":{"linked":[],"unlinked":[],"slug":"product_shipping_class","name":"Clases de env\u00edo del producto"},"pos_product_visibility":{"linked":[],"unlinked":[],"slug":"pos_product_visibility","name":"Visibilidad del producto en el punto de venta"},"pa_color":{"linked":["<a href=\"https:\/\/penosil.com\/es\/?taxonomy=pa_color&#038;term=negro\" class=\"advgb-post-tax-term\">Negro<\/a>","<a href=\"https:\/\/penosil.com\/es\/?taxonomy=pa_color&#038;term=gris-g09\" class=\"advgb-post-tax-term\">Gris<\/a>","<a href=\"https:\/\/penosil.com\/es\/?taxonomy=pa_color&#038;term=blanco\" class=\"advgb-post-tax-term\">Blanco<\/a>","<a href=\"https:\/\/penosil.com\/es\/?taxonomy=pa_color&#038;term=marron\" class=\"advgb-post-tax-term\">Marr\u00f3n<\/a>"],"unlinked":["<span class=\"advgb-post-tax-term\">Negro<\/span>","<span class=\"advgb-post-tax-term\">Gris<\/span>","<span class=\"advgb-post-tax-term\">Blanco<\/span>","<span class=\"advgb-post-tax-term\">Marr\u00f3n<\/span>"],"slug":"pa_color","name":"Colores"},"pa_package":{"linked":["<a href=\"https:\/\/penosil.com\/es\/?taxonomy=pa_package&#038;term=cartucho-290-ml\" class=\"advgb-post-tax-term\">Cartucho 290 ml<\/a>"],"unlinked":["<span class=\"advgb-post-tax-term\">Cartucho 290 ml<\/span>"],"slug":"pa_package","name":"Formatos"},"translation_priority":{"linked":["<a href=\"https:\/\/penosil.com\/es\/?taxonomy=translation_priority&#038;term=opcional-es\" class=\"advgb-post-tax-term\">Opcional<\/a>"],"unlinked":["<span class=\"advgb-post-tax-term\">Opcional<\/span>"],"slug":"translation_priority","name":"Prioridades de traducci\u00f3n"}},"series_order":"","_links":{"self":[{"href":"https:\/\/penosil.com\/es\/wp-json\/wp\/v2\/product\/7891","targetHints":{"allow":["GET"]}}],"collection":[{"href":"https:\/\/penosil.com\/es\/wp-json\/wp\/v2\/product"}],"about":[{"href":"https:\/\/penosil.com\/es\/wp-json\/wp\/v2\/types\/product"}],"version-history":[{"count":4,"href":"https:\/\/penosil.com\/es\/wp-json\/wp\/v2\/product\/7891\/revisions"}],"predecessor-version":[{"id":16957,"href":"https:\/\/penosil.com\/es\/wp-json\/wp\/v2\/product\/7891\/revisions\/16957"}],"wp:featuredmedia":[{"embeddable":true,"href":"https:\/\/penosil.com\/es\/wp-json\/wp\/v2\/media\/8940"}],"wp:attachment":[{"href":"https:\/\/penosil.com\/es\/wp-json\/wp\/v2\/media?parent=7891"}],"wp:term":[{"taxonomy":"product_brand","embeddable":true,"href":"https:\/\/penosil.com\/es\/wp-json\/wp\/v2\/product_brand?post=7891"},{"taxonomy":"product_cat","embeddable":true,"href":"https:\/\/penosil.com\/es\/wp-json\/wp\/v2\/product_cat?post=7891"},{"taxonomy":"product_tag","embeddable":true,"href":"https:\/\/penosil.com\/es\/wp-json\/wp\/v2\/product_tag?post=7891"}],"curies":[{"name":"wp","href":"https:\/\/api.w.org\/{rel}","templated":true}]}}