{"id":7920,"date":"2021-04-19T08:11:55","date_gmt":"2021-04-19T08:11:55","guid":{"rendered":"https:\/\/penosil.com\/es\/?post_type=product&#038;p=7920"},"modified":"2026-04-16T01:01:02","modified_gmt":"2026-04-15T23:01:02","slug":"sin-moho-silicona-banos-antimoho","status":"publish","type":"product","link":"https:\/\/penosil.com\/es\/producto\/sin-moho-silicona-banos-antimoho\/","title":{"rendered":"Sin Moho"},"content":{"rendered":"<p>Sellante de silicona para ba\u00f1os antimoho. Resistente al agua, permanentemente flexible, 100% impermeable, no cambia de color. Ba\u00f1os limpios y sanos, 10 a\u00f1os sin moho.<\/p>\n","protected":false},"excerpt":{"rendered":"Sellante de silicona para ba\u00f1os antimoho. Resistente al agua, permanentemente flexible, 100% impermeable, no cambia de color. Ba\u00f1os limpios y sanos, 10 a\u00f1os sin moho.","protected":false},"author":24,"featured_media":12580,"template":"","meta":{"_acf_changed":false,"advgb_blocks_editor_width":"","advgb_blocks_columns_visual_guide":"","footnotes":""},"product_brand":[],"product_cat":[1372,1614,1653,340,2235],"product_tag":[],"class_list":{"0":"post-7920","1":"product","2":"type-product","3":"status-publish","4":"has-post-thumbnail","6":"product_cat-grupos-de-productos","7":"product_cat-sellantes","8":"product_cat-siliconas","9":"product_cat-easy-pro","10":"product_cat-cocinas-y-banos","12":"first","13":"instock","14":"taxable","15":"shipping-taxable","16":"purchasable","17":"product-type-variable"},"acf":[],"yoast_head":"<!-- This site is optimized with the Yoast SEO plugin v27.2 - https:\/\/yoast.com\/product\/yoast-seo-wordpress\/ -->\n<title>PENOSIL Sin Moho - Silicona para ba\u00f1os - 10 a\u00f1os sin moho<\/title>\n<meta name=\"description\" content=\"Sellante de silicona para ba\u00f1os antimoho. Resistente al agua, siempre flexible, 100% impermeable. Ba\u00f1os limpios y sanos. 10 a\u00f1os sin moho. \u00a1Desc\u00fabrela!\" \/>\n<meta name=\"robots\" content=\"index, follow, max-snippet:-1, max-image-preview:large, max-video-preview:-1\" \/>\n<link rel=\"canonical\" href=\"https:\/\/penosil.com\/es\/producto\/sin-moho-silicona-banos-antimoho\/\" \/>\n<meta property=\"og:locale\" content=\"es_ES\" \/>\n<meta property=\"og:type\" content=\"article\" \/>\n<meta property=\"og:title\" content=\"PENOSIL Sin Moho - Silicona para ba\u00f1os - 10 a\u00f1os sin moho\" \/>\n<meta property=\"og:description\" content=\"Sellante de silicona para ba\u00f1os antimoho. Resistente al agua, siempre flexible, 100% impermeable. Ba\u00f1os limpios y sanos. 10 a\u00f1os sin moho. \u00a1Desc\u00fabrela!\" \/>\n<meta property=\"og:url\" content=\"https:\/\/penosil.com\/es\/producto\/sin-moho-silicona-banos-antimoho\/\" \/>\n<meta property=\"og:site_name\" content=\"Penosil Spain\" \/>\n<meta property=\"article:modified_time\" content=\"2026-04-15T23:01:02+00:00\" \/>\n<meta property=\"og:image\" content=\"https:\/\/penosil.com\/es\/wp-content\/uploads\/sites\/9\/2021\/04\/Silicona-para-banos-antimoho-PENOSIL-Sin-Moho.png\" \/>\n\t<meta property=\"og:image:width\" content=\"387\" \/>\n\t<meta property=\"og:image:height\" content=\"1080\" \/>\n\t<meta property=\"og:image:type\" content=\"image\/png\" \/>\n<meta name=\"twitter:card\" content=\"summary_large_image\" \/>\n<meta name=\"twitter:label1\" content=\"Tiempo de lectura\" \/>\n\t<meta name=\"twitter:data1\" content=\"4 minutos\" \/>\n<script type=\"application\/ld+json\" class=\"yoast-schema-graph\">{\"@context\":\"https:\/\/schema.org\",\"@graph\":[{\"@type\":[\"WebPage\",\"ItemPage\"],\"@id\":\"https:\/\/penosil.com\/es\/producto\/sin-moho-silicona-banos-antimoho\/\",\"url\":\"https:\/\/penosil.com\/es\/producto\/sin-moho-silicona-banos-antimoho\/\",\"name\":\"PENOSIL Sin Moho - Silicona para ba\u00f1os - 10 a\u00f1os sin moho\",\"isPartOf\":{\"@id\":\"https:\/\/penosil.com\/es\/#website\"},\"primaryImageOfPage\":{\"@id\":\"https:\/\/penosil.com\/es\/producto\/sin-moho-silicona-banos-antimoho\/#primaryimage\"},\"image\":{\"@id\":\"https:\/\/penosil.com\/es\/producto\/sin-moho-silicona-banos-antimoho\/#primaryimage\"},\"thumbnailUrl\":\"https:\/\/penosil.com\/es\/wp-content\/uploads\/sites\/9\/2021\/04\/Silicona-para-banos-antimoho-PENOSIL-Sin-Moho.png\",\"datePublished\":\"2021-04-19T08:11:55+00:00\",\"dateModified\":\"2026-04-15T23:01:02+00:00\",\"description\":\"Sellante de silicona para ba\u00f1os antimoho. Resistente al agua, siempre flexible, 100% impermeable. Ba\u00f1os limpios y sanos. 10 a\u00f1os sin moho. \u00a1Desc\u00fabrela!\",\"breadcrumb\":{\"@id\":\"https:\/\/penosil.com\/es\/producto\/sin-moho-silicona-banos-antimoho\/#breadcrumb\"},\"inLanguage\":\"es\",\"potentialAction\":[{\"@type\":\"ReadAction\",\"target\":[\"https:\/\/penosil.com\/es\/producto\/sin-moho-silicona-banos-antimoho\/\"]}]},{\"@type\":\"ImageObject\",\"inLanguage\":\"es\",\"@id\":\"https:\/\/penosil.com\/es\/producto\/sin-moho-silicona-banos-antimoho\/#primaryimage\",\"url\":\"https:\/\/penosil.com\/es\/wp-content\/uploads\/sites\/9\/2021\/04\/Silicona-para-banos-antimoho-PENOSIL-Sin-Moho.png\",\"contentUrl\":\"https:\/\/penosil.com\/es\/wp-content\/uploads\/sites\/9\/2021\/04\/Silicona-para-banos-antimoho-PENOSIL-Sin-Moho.png\",\"width\":387,\"height\":1080,\"caption\":\"Silicona para ba\u00f1os antimoho PENOSIL Sin Moho\"},{\"@type\":\"BreadcrumbList\",\"@id\":\"https:\/\/penosil.com\/es\/producto\/sin-moho-silicona-banos-antimoho\/#breadcrumb\",\"itemListElement\":[{\"@type\":\"ListItem\",\"position\":1,\"name\":\"Inicio\",\"item\":\"https:\/\/penosil.com\/es\/\"},{\"@type\":\"ListItem\",\"position\":2,\"name\":\"Productos\",\"item\":\"https:\/\/penosil.com\/es\/productos\/\"},{\"@type\":\"ListItem\",\"position\":3,\"name\":\"Sin Moho\"}]},{\"@type\":\"WebSite\",\"@id\":\"https:\/\/penosil.com\/es\/#website\",\"url\":\"https:\/\/penosil.com\/es\/\",\"name\":\"Penosil Spain\",\"description\":\"\",\"potentialAction\":[{\"@type\":\"SearchAction\",\"target\":{\"@type\":\"EntryPoint\",\"urlTemplate\":\"https:\/\/penosil.com\/es\/?s={search_term_string}\"},\"query-input\":{\"@type\":\"PropertyValueSpecification\",\"valueRequired\":true,\"valueName\":\"search_term_string\"}}],\"inLanguage\":\"es\"}]}<\/script>\n<!-- \/ Yoast SEO plugin. -->","yoast_head_json":{"title":"PENOSIL Sin Moho - Silicona para ba\u00f1os - 10 a\u00f1os sin moho","description":"Sellante de silicona para ba\u00f1os antimoho. Resistente al agua, siempre flexible, 100% impermeable. Ba\u00f1os limpios y sanos. 10 a\u00f1os sin moho. \u00a1Desc\u00fabrela!","robots":{"index":"index","follow":"follow","max-snippet":"max-snippet:-1","max-image-preview":"max-image-preview:large","max-video-preview":"max-video-preview:-1"},"canonical":"https:\/\/penosil.com\/es\/producto\/sin-moho-silicona-banos-antimoho\/","og_locale":"es_ES","og_type":"article","og_title":"PENOSIL Sin Moho - Silicona para ba\u00f1os - 10 a\u00f1os sin moho","og_description":"Sellante de silicona para ba\u00f1os antimoho. Resistente al agua, siempre flexible, 100% impermeable. Ba\u00f1os limpios y sanos. 10 a\u00f1os sin moho. \u00a1Desc\u00fabrela!","og_url":"https:\/\/penosil.com\/es\/producto\/sin-moho-silicona-banos-antimoho\/","og_site_name":"Penosil Spain","article_modified_time":"2026-04-15T23:01:02+00:00","og_image":[{"width":387,"height":1080,"url":"https:\/\/penosil.com\/es\/wp-content\/uploads\/sites\/9\/2021\/04\/Silicona-para-banos-antimoho-PENOSIL-Sin-Moho.png","type":"image\/png"}],"twitter_card":"summary_large_image","twitter_misc":{"Tiempo de lectura":"4 minutos"},"schema":{"@context":"https:\/\/schema.org","@graph":[{"@type":["WebPage","ItemPage"],"@id":"https:\/\/penosil.com\/es\/producto\/sin-moho-silicona-banos-antimoho\/","url":"https:\/\/penosil.com\/es\/producto\/sin-moho-silicona-banos-antimoho\/","name":"PENOSIL Sin Moho - Silicona para ba\u00f1os - 10 a\u00f1os sin moho","isPartOf":{"@id":"https:\/\/penosil.com\/es\/#website"},"primaryImageOfPage":{"@id":"https:\/\/penosil.com\/es\/producto\/sin-moho-silicona-banos-antimoho\/#primaryimage"},"image":{"@id":"https:\/\/penosil.com\/es\/producto\/sin-moho-silicona-banos-antimoho\/#primaryimage"},"thumbnailUrl":"https:\/\/penosil.com\/es\/wp-content\/uploads\/sites\/9\/2021\/04\/Silicona-para-banos-antimoho-PENOSIL-Sin-Moho.png","datePublished":"2021-04-19T08:11:55+00:00","dateModified":"2026-04-15T23:01:02+00:00","description":"Sellante de silicona para ba\u00f1os antimoho. Resistente al agua, siempre flexible, 100% impermeable. Ba\u00f1os limpios y sanos. 10 a\u00f1os sin moho. \u00a1Desc\u00fabrela!","breadcrumb":{"@id":"https:\/\/penosil.com\/es\/producto\/sin-moho-silicona-banos-antimoho\/#breadcrumb"},"inLanguage":"es","potentialAction":[{"@type":"ReadAction","target":["https:\/\/penosil.com\/es\/producto\/sin-moho-silicona-banos-antimoho\/"]}]},{"@type":"ImageObject","inLanguage":"es","@id":"https:\/\/penosil.com\/es\/producto\/sin-moho-silicona-banos-antimoho\/#primaryimage","url":"https:\/\/penosil.com\/es\/wp-content\/uploads\/sites\/9\/2021\/04\/Silicona-para-banos-antimoho-PENOSIL-Sin-Moho.png","contentUrl":"https:\/\/penosil.com\/es\/wp-content\/uploads\/sites\/9\/2021\/04\/Silicona-para-banos-antimoho-PENOSIL-Sin-Moho.png","width":387,"height":1080,"caption":"Silicona para ba\u00f1os antimoho PENOSIL Sin Moho"},{"@type":"BreadcrumbList","@id":"https:\/\/penosil.com\/es\/producto\/sin-moho-silicona-banos-antimoho\/#breadcrumb","itemListElement":[{"@type":"ListItem","position":1,"name":"Inicio","item":"https:\/\/penosil.com\/es\/"},{"@type":"ListItem","position":2,"name":"Productos","item":"https:\/\/penosil.com\/es\/productos\/"},{"@type":"ListItem","position":3,"name":"Sin Moho"}]},{"@type":"WebSite","@id":"https:\/\/penosil.com\/es\/#website","url":"https:\/\/penosil.com\/es\/","name":"Penosil Spain","description":"","potentialAction":[{"@type":"SearchAction","target":{"@type":"EntryPoint","urlTemplate":"https:\/\/penosil.com\/es\/?s={search_term_string}"},"query-input":{"@type":"PropertyValueSpecification","valueRequired":true,"valueName":"search_term_string"}}],"inLanguage":"es"}]}},"featured_img":"https:\/\/penosil.com\/es\/wp-content\/uploads\/sites\/9\/2021\/04\/Silicona-para-banos-antimoho-PENOSIL-Sin-Moho.png","coauthors":[],"author_meta":{"author_link":"https:\/\/penosil.com\/es\/author\/armand\/","display_name":"armand"},"relative_dates":{"created":"Publicado 5 a\u00f1os hace","modified":"Actualizado 7 horas hace"},"absolute_dates":{"created":"Publicado el 04\/19\/2021","modified":"Actualizado el 04\/16\/2026"},"absolute_dates_time":{"created":"Publicado el 04\/19\/2021 8:11 am","modified":"Actualizado el 04\/16\/2026 1:01 am"},"featured_img_caption":"Silicona para ba\u00f1os antimoho PENOSIL Sin Moho","tax_additional":{"product_brand":{"linked":[],"unlinked":[],"slug":"product_brand","name":"Marcas"},"product_type":{"linked":["<a href=\"https:\/\/penosil.com\/es\/?taxonomy=product_type&#038;term=variable\" class=\"advgb-post-tax-term\">variable<\/a>"],"unlinked":["<span class=\"advgb-post-tax-term\">variable<\/span>"],"slug":"product_type","name":"Tipo de producto"},"product_visibility":{"linked":[],"unlinked":[],"slug":"product_visibility","name":"Visibilidad del producto"},"product_cat":{"linked":["<a href=\"https:\/\/penosil.com\/es\/categoria-producto\/grupos-de-productos\/\" class=\"advgb-post-tax-term\">Grupos de productos<\/a>","<a href=\"https:\/\/penosil.com\/es\/categoria-producto\/grupos-de-productos\/sellantes\/\" class=\"advgb-post-tax-term\">Sellantes<\/a>","<a href=\"https:\/\/penosil.com\/es\/categoria-producto\/grupos-de-productos\/sellantes\/siliconas\/\" class=\"advgb-post-tax-term\">Siliconas<\/a>","<a href=\"https:\/\/penosil.com\/es\/categoria-producto\/easy-pro\/\" class=\"advgb-post-tax-term\">EasyPRO<\/a>","<a href=\"https:\/\/penosil.com\/es\/categoria-producto\/easy-pro\/cocinas-y-banos\/\" class=\"advgb-post-tax-term\">Cocinas y Ba\u00f1os<\/a>"],"unlinked":["<span class=\"advgb-post-tax-term\">Grupos de productos<\/span>","<span class=\"advgb-post-tax-term\">Sellantes<\/span>","<span class=\"advgb-post-tax-term\">Siliconas<\/span>","<span class=\"advgb-post-tax-term\">EasyPRO<\/span>","<span class=\"advgb-post-tax-term\">Cocinas y Ba\u00f1os<\/span>"],"slug":"product_cat","name":"Categor\u00edas del producto"},"product_tag":{"linked":[],"unlinked":[],"slug":"product_tag","name":"Etiquetas del producto"},"product_shipping_class":{"linked":[],"unlinked":[],"slug":"product_shipping_class","name":"Clases de env\u00edo del producto"},"pos_product_visibility":{"linked":[],"unlinked":[],"slug":"pos_product_visibility","name":"Visibilidad del producto en el punto de venta"},"pa_color":{"linked":["<a href=\"https:\/\/penosil.com\/es\/?taxonomy=pa_color&#038;term=blanco\" class=\"advgb-post-tax-term\">Blanco<\/a>","<a href=\"https:\/\/penosil.com\/es\/?taxonomy=pa_color&#038;term=transparente\" class=\"advgb-post-tax-term\">Transparente<\/a>"],"unlinked":["<span class=\"advgb-post-tax-term\">Blanco<\/span>","<span class=\"advgb-post-tax-term\">Transparente<\/span>"],"slug":"pa_color","name":"Colores"},"pa_package":{"linked":["<a href=\"https:\/\/penosil.com\/es\/?taxonomy=pa_package&#038;term=cartucho-280-ml\" class=\"advgb-post-tax-term\">Cartucho 280 ml<\/a>"],"unlinked":["<span class=\"advgb-post-tax-term\">Cartucho 280 ml<\/span>"],"slug":"pa_package","name":"Formatos"},"translation_priority":{"linked":["<a href=\"https:\/\/penosil.com\/es\/?taxonomy=translation_priority&#038;term=opcional-es\" class=\"advgb-post-tax-term\">Opcional<\/a>"],"unlinked":["<span class=\"advgb-post-tax-term\">Opcional<\/span>"],"slug":"translation_priority","name":"Prioridades de traducci\u00f3n"}},"series_order":"","_links":{"self":[{"href":"https:\/\/penosil.com\/es\/wp-json\/wp\/v2\/product\/7920","targetHints":{"allow":["GET"]}}],"collection":[{"href":"https:\/\/penosil.com\/es\/wp-json\/wp\/v2\/product"}],"about":[{"href":"https:\/\/penosil.com\/es\/wp-json\/wp\/v2\/types\/product"}],"version-history":[{"count":8,"href":"https:\/\/penosil.com\/es\/wp-json\/wp\/v2\/product\/7920\/revisions"}],"predecessor-version":[{"id":17872,"href":"https:\/\/penosil.com\/es\/wp-json\/wp\/v2\/product\/7920\/revisions\/17872"}],"wp:featuredmedia":[{"embeddable":true,"href":"https:\/\/penosil.com\/es\/wp-json\/wp\/v2\/media\/12580"}],"wp:attachment":[{"href":"https:\/\/penosil.com\/es\/wp-json\/wp\/v2\/media?parent=7920"}],"wp:term":[{"taxonomy":"product_brand","embeddable":true,"href":"https:\/\/penosil.com\/es\/wp-json\/wp\/v2\/product_brand?post=7920"},{"taxonomy":"product_cat","embeddable":true,"href":"https:\/\/penosil.com\/es\/wp-json\/wp\/v2\/product_cat?post=7920"},{"taxonomy":"product_tag","embeddable":true,"href":"https:\/\/penosil.com\/es\/wp-json\/wp\/v2\/product_tag?post=7920"}],"curies":[{"name":"wp","href":"https:\/\/api.w.org\/{rel}","templated":true}]}}