{"id":7924,"date":"2024-09-13T08:57:47","date_gmt":"2024-09-13T08:57:47","guid":{"rendered":"https:\/\/penosil.com\/es\/?post_type=product&#038;p=7924"},"modified":"2026-04-16T13:01:09","modified_gmt":"2026-04-16T11:01:09","slug":"aqua-barrier-708-revestimiento-ms-impermeabilizante","status":"publish","type":"product","link":"https:\/\/penosil.com\/es\/producto\/aqua-barrier-708-revestimiento-ms-impermeabilizante\/","title":{"rendered":"Aqua Barrier 708"},"content":{"rendered":"<p>Revestimiento MS impermeabilizante que adhiere a la mayor\u00eda de los materiales utilizados en la construcci\u00f3n de cubiertas. Cura r\u00e1pido y se convierte en una membrana estanca, proporcionando una impermeabilizaci\u00f3n total y una soluci\u00f3n eficaz y duradera contra las filtraciones de agua y la humedad.<\/p>\n","protected":false},"excerpt":{"rendered":"PENOSIL Aqua Barrier 708 es un revestimiento MS impermeabilizante que adhiere a la mayor\u00eda de los materiales utilizados en la construcci\u00f3n de cubiertas. El producto cura r\u00e1pido y se convierte en una membrana estanca, proporcionando una impermeabilizaci\u00f3n total y una soluci\u00f3n eficaz, sencilla y duradera contra las filtraciones de agua y la humedad.","protected":false},"author":24,"featured_media":11324,"template":"","meta":{"_acf_changed":false,"advgb_blocks_editor_width":"","advgb_blocks_columns_visual_guide":"","footnotes":""},"product_brand":[],"product_cat":[2242,2295,1372,2301,2241],"product_tag":[],"class_list":{"0":"post-7924","1":"product","2":"type-product","3":"status-publish","4":"has-post-thumbnail","6":"product_cat-nuevos-productos","7":"product_cat-areas-de-aplicacion","8":"product_cat-grupos-de-productos","9":"product_cat-cubiertas-y-fachadas","10":"product_cat-tratamientos-de-superficie","12":"first","13":"instock","14":"taxable","15":"shipping-taxable","16":"purchasable","17":"product-type-variable"},"acf":[],"yoast_head":"<!-- This site is optimized with the Yoast SEO plugin v27.2 - https:\/\/yoast.com\/product\/yoast-seo-wordpress\/ -->\n<title>PENOSIL Aqua Barrier 708 Revestimiento Impermeabilizante<\/title>\n<meta name=\"description\" content=\"PENOSIL Aqua Barrier es un revestimiento MS impermeabilizante de gran resistencia para reparaci\u00f3n y renovaci\u00f3n de cubiertas, terrazas, balcones. Leer m\u00e1s...\" \/>\n<meta name=\"robots\" content=\"index, follow, max-snippet:-1, max-image-preview:large, max-video-preview:-1\" \/>\n<link rel=\"canonical\" href=\"https:\/\/penosil.com\/es\/producto\/aqua-barrier-708-revestimiento-ms-impermeabilizante\/\" \/>\n<meta property=\"og:locale\" content=\"es_ES\" \/>\n<meta property=\"og:type\" content=\"article\" \/>\n<meta property=\"og:title\" content=\"PENOSIL Aqua Barrier 708 Revestimiento Impermeabilizante\" \/>\n<meta property=\"og:description\" content=\"PENOSIL Aqua Barrier es un revestimiento MS impermeabilizante de gran resistencia para reparaci\u00f3n y renovaci\u00f3n de cubiertas, terrazas, balcones. Leer m\u00e1s...\" \/>\n<meta property=\"og:url\" content=\"https:\/\/penosil.com\/es\/producto\/aqua-barrier-708-revestimiento-ms-impermeabilizante\/\" \/>\n<meta property=\"og:site_name\" content=\"Penosil Spain\" \/>\n<meta property=\"article:modified_time\" content=\"2026-04-16T11:01:09+00:00\" \/>\n<meta property=\"og:image\" content=\"https:\/\/penosil.com\/es\/wp-content\/uploads\/sites\/9\/2021\/04\/Revestimiento-MS-impermeabilizante-Penosil-Aqua-Barrier.png\" \/>\n\t<meta property=\"og:image:width\" content=\"828\" \/>\n\t<meta property=\"og:image:height\" content=\"1080\" \/>\n\t<meta property=\"og:image:type\" content=\"image\/png\" \/>\n<meta name=\"twitter:card\" content=\"summary_large_image\" \/>\n<meta name=\"twitter:label1\" content=\"Tiempo de lectura\" \/>\n\t<meta name=\"twitter:data1\" content=\"3 minutos\" \/>\n<script type=\"application\/ld+json\" class=\"yoast-schema-graph\">{\"@context\":\"https:\/\/schema.org\",\"@graph\":[{\"@type\":[\"WebPage\",\"ItemPage\"],\"@id\":\"https:\/\/penosil.com\/es\/producto\/aqua-barrier-708-revestimiento-ms-impermeabilizante\/\",\"url\":\"https:\/\/penosil.com\/es\/producto\/aqua-barrier-708-revestimiento-ms-impermeabilizante\/\",\"name\":\"PENOSIL Aqua Barrier 708 Revestimiento Impermeabilizante\",\"isPartOf\":{\"@id\":\"https:\/\/penosil.com\/es\/#website\"},\"primaryImageOfPage\":{\"@id\":\"https:\/\/penosil.com\/es\/producto\/aqua-barrier-708-revestimiento-ms-impermeabilizante\/#primaryimage\"},\"image\":{\"@id\":\"https:\/\/penosil.com\/es\/producto\/aqua-barrier-708-revestimiento-ms-impermeabilizante\/#primaryimage\"},\"thumbnailUrl\":\"https:\/\/penosil.com\/es\/wp-content\/uploads\/sites\/9\/2021\/04\/Revestimiento-MS-impermeabilizante-Penosil-Aqua-Barrier.png\",\"datePublished\":\"2024-09-13T08:57:47+00:00\",\"dateModified\":\"2026-04-16T11:01:09+00:00\",\"description\":\"PENOSIL Aqua Barrier es un revestimiento MS impermeabilizante de gran resistencia para reparaci\u00f3n y renovaci\u00f3n de cubiertas, terrazas, balcones. Leer m\u00e1s...\",\"breadcrumb\":{\"@id\":\"https:\/\/penosil.com\/es\/producto\/aqua-barrier-708-revestimiento-ms-impermeabilizante\/#breadcrumb\"},\"inLanguage\":\"es\",\"potentialAction\":[{\"@type\":\"ReadAction\",\"target\":[\"https:\/\/penosil.com\/es\/producto\/aqua-barrier-708-revestimiento-ms-impermeabilizante\/\"]}]},{\"@type\":\"ImageObject\",\"inLanguage\":\"es\",\"@id\":\"https:\/\/penosil.com\/es\/producto\/aqua-barrier-708-revestimiento-ms-impermeabilizante\/#primaryimage\",\"url\":\"https:\/\/penosil.com\/es\/wp-content\/uploads\/sites\/9\/2021\/04\/Revestimiento-MS-impermeabilizante-Penosil-Aqua-Barrier.png\",\"contentUrl\":\"https:\/\/penosil.com\/es\/wp-content\/uploads\/sites\/9\/2021\/04\/Revestimiento-MS-impermeabilizante-Penosil-Aqua-Barrier.png\",\"width\":828,\"height\":1080,\"caption\":\"Revestimiento MS impermeabilizante cubiertas Penosil Aqua Barrier\"},{\"@type\":\"BreadcrumbList\",\"@id\":\"https:\/\/penosil.com\/es\/producto\/aqua-barrier-708-revestimiento-ms-impermeabilizante\/#breadcrumb\",\"itemListElement\":[{\"@type\":\"ListItem\",\"position\":1,\"name\":\"Inicio\",\"item\":\"https:\/\/penosil.com\/es\/\"},{\"@type\":\"ListItem\",\"position\":2,\"name\":\"Productos\",\"item\":\"https:\/\/penosil.com\/es\/productos\/\"},{\"@type\":\"ListItem\",\"position\":3,\"name\":\"Aqua Barrier 708\"}]},{\"@type\":\"WebSite\",\"@id\":\"https:\/\/penosil.com\/es\/#website\",\"url\":\"https:\/\/penosil.com\/es\/\",\"name\":\"Penosil Spain\",\"description\":\"\",\"potentialAction\":[{\"@type\":\"SearchAction\",\"target\":{\"@type\":\"EntryPoint\",\"urlTemplate\":\"https:\/\/penosil.com\/es\/?s={search_term_string}\"},\"query-input\":{\"@type\":\"PropertyValueSpecification\",\"valueRequired\":true,\"valueName\":\"search_term_string\"}}],\"inLanguage\":\"es\"}]}<\/script>\n<!-- \/ Yoast SEO plugin. -->","yoast_head_json":{"title":"PENOSIL Aqua Barrier 708 Revestimiento Impermeabilizante","description":"PENOSIL Aqua Barrier es un revestimiento MS impermeabilizante de gran resistencia para reparaci\u00f3n y renovaci\u00f3n de cubiertas, terrazas, balcones. Leer m\u00e1s...","robots":{"index":"index","follow":"follow","max-snippet":"max-snippet:-1","max-image-preview":"max-image-preview:large","max-video-preview":"max-video-preview:-1"},"canonical":"https:\/\/penosil.com\/es\/producto\/aqua-barrier-708-revestimiento-ms-impermeabilizante\/","og_locale":"es_ES","og_type":"article","og_title":"PENOSIL Aqua Barrier 708 Revestimiento Impermeabilizante","og_description":"PENOSIL Aqua Barrier es un revestimiento MS impermeabilizante de gran resistencia para reparaci\u00f3n y renovaci\u00f3n de cubiertas, terrazas, balcones. Leer m\u00e1s...","og_url":"https:\/\/penosil.com\/es\/producto\/aqua-barrier-708-revestimiento-ms-impermeabilizante\/","og_site_name":"Penosil Spain","article_modified_time":"2026-04-16T11:01:09+00:00","og_image":[{"width":828,"height":1080,"url":"https:\/\/penosil.com\/es\/wp-content\/uploads\/sites\/9\/2021\/04\/Revestimiento-MS-impermeabilizante-Penosil-Aqua-Barrier.png","type":"image\/png"}],"twitter_card":"summary_large_image","twitter_misc":{"Tiempo de lectura":"3 minutos"},"schema":{"@context":"https:\/\/schema.org","@graph":[{"@type":["WebPage","ItemPage"],"@id":"https:\/\/penosil.com\/es\/producto\/aqua-barrier-708-revestimiento-ms-impermeabilizante\/","url":"https:\/\/penosil.com\/es\/producto\/aqua-barrier-708-revestimiento-ms-impermeabilizante\/","name":"PENOSIL Aqua Barrier 708 Revestimiento Impermeabilizante","isPartOf":{"@id":"https:\/\/penosil.com\/es\/#website"},"primaryImageOfPage":{"@id":"https:\/\/penosil.com\/es\/producto\/aqua-barrier-708-revestimiento-ms-impermeabilizante\/#primaryimage"},"image":{"@id":"https:\/\/penosil.com\/es\/producto\/aqua-barrier-708-revestimiento-ms-impermeabilizante\/#primaryimage"},"thumbnailUrl":"https:\/\/penosil.com\/es\/wp-content\/uploads\/sites\/9\/2021\/04\/Revestimiento-MS-impermeabilizante-Penosil-Aqua-Barrier.png","datePublished":"2024-09-13T08:57:47+00:00","dateModified":"2026-04-16T11:01:09+00:00","description":"PENOSIL Aqua Barrier es un revestimiento MS impermeabilizante de gran resistencia para reparaci\u00f3n y renovaci\u00f3n de cubiertas, terrazas, balcones. Leer m\u00e1s...","breadcrumb":{"@id":"https:\/\/penosil.com\/es\/producto\/aqua-barrier-708-revestimiento-ms-impermeabilizante\/#breadcrumb"},"inLanguage":"es","potentialAction":[{"@type":"ReadAction","target":["https:\/\/penosil.com\/es\/producto\/aqua-barrier-708-revestimiento-ms-impermeabilizante\/"]}]},{"@type":"ImageObject","inLanguage":"es","@id":"https:\/\/penosil.com\/es\/producto\/aqua-barrier-708-revestimiento-ms-impermeabilizante\/#primaryimage","url":"https:\/\/penosil.com\/es\/wp-content\/uploads\/sites\/9\/2021\/04\/Revestimiento-MS-impermeabilizante-Penosil-Aqua-Barrier.png","contentUrl":"https:\/\/penosil.com\/es\/wp-content\/uploads\/sites\/9\/2021\/04\/Revestimiento-MS-impermeabilizante-Penosil-Aqua-Barrier.png","width":828,"height":1080,"caption":"Revestimiento MS impermeabilizante cubiertas Penosil Aqua Barrier"},{"@type":"BreadcrumbList","@id":"https:\/\/penosil.com\/es\/producto\/aqua-barrier-708-revestimiento-ms-impermeabilizante\/#breadcrumb","itemListElement":[{"@type":"ListItem","position":1,"name":"Inicio","item":"https:\/\/penosil.com\/es\/"},{"@type":"ListItem","position":2,"name":"Productos","item":"https:\/\/penosil.com\/es\/productos\/"},{"@type":"ListItem","position":3,"name":"Aqua Barrier 708"}]},{"@type":"WebSite","@id":"https:\/\/penosil.com\/es\/#website","url":"https:\/\/penosil.com\/es\/","name":"Penosil Spain","description":"","potentialAction":[{"@type":"SearchAction","target":{"@type":"EntryPoint","urlTemplate":"https:\/\/penosil.com\/es\/?s={search_term_string}"},"query-input":{"@type":"PropertyValueSpecification","valueRequired":true,"valueName":"search_term_string"}}],"inLanguage":"es"}]}},"featured_img":"https:\/\/penosil.com\/es\/wp-content\/uploads\/sites\/9\/2021\/04\/Revestimiento-MS-impermeabilizante-Penosil-Aqua-Barrier.png","coauthors":[],"author_meta":{"author_link":"https:\/\/penosil.com\/es\/author\/armand\/","display_name":"armand"},"relative_dates":{"created":"Publicado 2 a\u00f1os hace","modified":"Actualizado 1 hora hace"},"absolute_dates":{"created":"Publicado el 09\/13\/2024","modified":"Actualizado el 04\/16\/2026"},"absolute_dates_time":{"created":"Publicado el 09\/13\/2024 8:57 am","modified":"Actualizado el 04\/16\/2026 1:01 pm"},"featured_img_caption":"","tax_additional":{"product_brand":{"linked":[],"unlinked":[],"slug":"product_brand","name":"Marcas"},"product_type":{"linked":["<a href=\"https:\/\/penosil.com\/es\/?taxonomy=product_type&#038;term=variable\" class=\"advgb-post-tax-term\">variable<\/a>"],"unlinked":["<span class=\"advgb-post-tax-term\">variable<\/span>"],"slug":"product_type","name":"Tipo de producto"},"product_visibility":{"linked":[],"unlinked":[],"slug":"product_visibility","name":"Visibilidad del producto"},"product_cat":{"linked":["<a href=\"https:\/\/penosil.com\/es\/categoria-producto\/grupos-de-productos\/nuevos-productos\/\" class=\"advgb-post-tax-term\">Nuevos productos<\/a>","<a href=\"https:\/\/penosil.com\/es\/categoria-producto\/areas-de-aplicacion\/\" class=\"advgb-post-tax-term\">\u00c1reas de Aplicaci\u00f3n<\/a>","<a href=\"https:\/\/penosil.com\/es\/categoria-producto\/grupos-de-productos\/\" class=\"advgb-post-tax-term\">Grupos de productos<\/a>","<a href=\"https:\/\/penosil.com\/es\/categoria-producto\/areas-de-aplicacion\/cubiertas-y-fachadas\/\" class=\"advgb-post-tax-term\">Cubiertas y Fachadas<\/a>","<a href=\"https:\/\/penosil.com\/es\/categoria-producto\/grupos-de-productos\/tratamientos-de-superficie\/\" class=\"advgb-post-tax-term\">Tratamientos de superficie<\/a>"],"unlinked":["<span class=\"advgb-post-tax-term\">Nuevos productos<\/span>","<span class=\"advgb-post-tax-term\">\u00c1reas de Aplicaci\u00f3n<\/span>","<span class=\"advgb-post-tax-term\">Grupos de productos<\/span>","<span class=\"advgb-post-tax-term\">Cubiertas y Fachadas<\/span>","<span class=\"advgb-post-tax-term\">Tratamientos de superficie<\/span>"],"slug":"product_cat","name":"Categor\u00edas del producto"},"product_tag":{"linked":[],"unlinked":[],"slug":"product_tag","name":"Etiquetas del producto"},"product_shipping_class":{"linked":[],"unlinked":[],"slug":"product_shipping_class","name":"Clases de env\u00edo del producto"},"pos_product_visibility":{"linked":[],"unlinked":[],"slug":"pos_product_visibility","name":"Visibilidad del producto en el punto de venta"},"pa_color":{"linked":["<a href=\"https:\/\/penosil.com\/es\/?taxonomy=pa_color&#038;term=terracota\" class=\"advgb-post-tax-term\">Terracota<\/a>","<a href=\"https:\/\/penosil.com\/es\/?taxonomy=pa_color&#038;term=negro\" class=\"advgb-post-tax-term\">Negro<\/a>","<a href=\"https:\/\/penosil.com\/es\/?taxonomy=pa_color&#038;term=gris-g09\" class=\"advgb-post-tax-term\">Gris<\/a>","<a href=\"https:\/\/penosil.com\/es\/?taxonomy=pa_color&#038;term=rojo\" class=\"advgb-post-tax-term\">Rojo<\/a>","<a href=\"https:\/\/penosil.com\/es\/?taxonomy=pa_color&#038;term=blanco\" class=\"advgb-post-tax-term\">Blanco<\/a>"],"unlinked":["<span class=\"advgb-post-tax-term\">Terracota<\/span>","<span class=\"advgb-post-tax-term\">Negro<\/span>","<span class=\"advgb-post-tax-term\">Gris<\/span>","<span class=\"advgb-post-tax-term\">Rojo<\/span>","<span class=\"advgb-post-tax-term\">Blanco<\/span>"],"slug":"pa_color","name":"Colores"},"pa_package":{"linked":["<a href=\"https:\/\/penosil.com\/es\/?taxonomy=pa_package&#038;term=4-kg\" class=\"advgb-post-tax-term\">4 kg<\/a>","<a href=\"https:\/\/penosil.com\/es\/?taxonomy=pa_package&#038;term=14-kg\" class=\"advgb-post-tax-term\">14 kg<\/a>","<a href=\"https:\/\/penosil.com\/es\/?taxonomy=pa_package&#038;term=1-kg\" class=\"advgb-post-tax-term\">1 Kg<\/a>"],"unlinked":["<span class=\"advgb-post-tax-term\">4 kg<\/span>","<span class=\"advgb-post-tax-term\">14 kg<\/span>","<span class=\"advgb-post-tax-term\">1 Kg<\/span>"],"slug":"pa_package","name":"Formatos"},"translation_priority":{"linked":["<a href=\"https:\/\/penosil.com\/es\/?taxonomy=translation_priority&#038;term=opcional-es\" class=\"advgb-post-tax-term\">Opcional<\/a>"],"unlinked":["<span class=\"advgb-post-tax-term\">Opcional<\/span>"],"slug":"translation_priority","name":"Prioridades de traducci\u00f3n"}},"series_order":"","_links":{"self":[{"href":"https:\/\/penosil.com\/es\/wp-json\/wp\/v2\/product\/7924","targetHints":{"allow":["GET"]}}],"collection":[{"href":"https:\/\/penosil.com\/es\/wp-json\/wp\/v2\/product"}],"about":[{"href":"https:\/\/penosil.com\/es\/wp-json\/wp\/v2\/types\/product"}],"version-history":[{"count":12,"href":"https:\/\/penosil.com\/es\/wp-json\/wp\/v2\/product\/7924\/revisions"}],"predecessor-version":[{"id":17609,"href":"https:\/\/penosil.com\/es\/wp-json\/wp\/v2\/product\/7924\/revisions\/17609"}],"wp:featuredmedia":[{"embeddable":true,"href":"https:\/\/penosil.com\/es\/wp-json\/wp\/v2\/media\/11324"}],"wp:attachment":[{"href":"https:\/\/penosil.com\/es\/wp-json\/wp\/v2\/media?parent=7924"}],"wp:term":[{"taxonomy":"product_brand","embeddable":true,"href":"https:\/\/penosil.com\/es\/wp-json\/wp\/v2\/product_brand?post=7924"},{"taxonomy":"product_cat","embeddable":true,"href":"https:\/\/penosil.com\/es\/wp-json\/wp\/v2\/product_cat?post=7924"},{"taxonomy":"product_tag","embeddable":true,"href":"https:\/\/penosil.com\/es\/wp-json\/wp\/v2\/product_tag?post=7924"}],"curies":[{"name":"wp","href":"https:\/\/api.w.org\/{rel}","templated":true}]}}