{"id":7935,"date":"2021-04-19T09:11:27","date_gmt":"2021-04-19T09:11:27","guid":{"rendered":"https:\/\/penosil.com\/es\/?post_type=product&#038;p=7935"},"modified":"2025-10-17T15:01:53","modified_gmt":"2025-10-17T13:01:53","slug":"grietas-y-fisuras-acrilico","status":"publish","type":"product","link":"https:\/\/penosil.com\/es\/producto\/grietas-y-fisuras-acrilico\/","title":{"rendered":"Grietas y Fisuras"},"content":{"rendered":"<p>PENOSIL Grietas y Fisuras sellante acr\u00edlico para rellenar con precisi\u00f3n grietas y fisuras antes de pintar.<\/p>\n","protected":false},"excerpt":{"rendered":"PENOSIL Grietas y Fisuras sellante acr\u00edlico para rellenar con precisi\u00f3n grietas y fisuras antes de pintar.","protected":false},"author":24,"featured_media":8937,"template":"","meta":{"_acf_changed":false,"advgb_blocks_editor_width":"","advgb_blocks_columns_visual_guide":"","footnotes":""},"product_brand":[],"product_cat":[1634,1372,1614,340,2236],"product_tag":[],"class_list":{"0":"post-7935","1":"product","2":"type-product","3":"status-publish","4":"has-post-thumbnail","6":"product_cat-sellantes-acrilicos","7":"product_cat-grupos-de-productos","8":"product_cat-sellantes","9":"product_cat-easy-pro","10":"product_cat-relleno-y-pintado","12":"first","13":"outofstock","14":"taxable","15":"shipping-taxable","16":"purchasable","17":"product-type-simple"},"acf":[],"yoast_head":"<!-- This site is optimized with the Yoast SEO plugin v27.2 - https:\/\/yoast.com\/product\/yoast-seo-wordpress\/ -->\n<title>PENOSIL Grietas y Fisuras sellante acr\u00edlico para rellenar grietas<\/title>\n<meta name=\"description\" content=\"PENOSIL Grietas y Fisuras sellante acr\u00edlico para rellenar con precisi\u00f3n grietas y fisuras antes de pintar. \u00a1Desc\u00fabrelo!\" \/>\n<meta name=\"robots\" content=\"noindex, nofollow\" \/>\n<meta property=\"og:locale\" content=\"es_ES\" \/>\n<meta property=\"og:type\" content=\"article\" \/>\n<meta property=\"og:title\" content=\"PENOSIL Grietas y Fisuras sellante acr\u00edlico para rellenar grietas\" \/>\n<meta property=\"og:description\" content=\"PENOSIL Grietas y Fisuras sellante acr\u00edlico para rellenar con precisi\u00f3n grietas y fisuras antes de pintar. \u00a1Desc\u00fabrelo!\" \/>\n<meta property=\"og:url\" content=\"https:\/\/penosil.com\/es\/producto\/grietas-y-fisuras-acrilico\/\" \/>\n<meta property=\"og:site_name\" content=\"Penosil Spain\" \/>\n<meta property=\"article:modified_time\" content=\"2025-10-17T13:01:53+00:00\" \/>\n<meta property=\"og:image\" content=\"https:\/\/penosil.com\/es\/wp-content\/uploads\/sites\/9\/2021\/04\/WG-2022-PENOSIL-GRIETAS-FISURAS-BLANCO-ES-PT.png\" \/>\n\t<meta property=\"og:image:width\" content=\"357\" \/>\n\t<meta property=\"og:image:height\" content=\"1080\" \/>\n\t<meta property=\"og:image:type\" content=\"image\/png\" \/>\n<meta name=\"twitter:card\" content=\"summary_large_image\" \/>\n<meta name=\"twitter:label1\" content=\"Tiempo de lectura\" \/>\n\t<meta name=\"twitter:data1\" content=\"3 minutos\" \/>\n<script type=\"application\/ld+json\" class=\"yoast-schema-graph\">{\"@context\":\"https:\/\/schema.org\",\"@graph\":[{\"@type\":[\"WebPage\",\"ItemPage\"],\"@id\":\"https:\/\/penosil.com\/es\/producto\/grietas-y-fisuras-acrilico\/\",\"url\":\"https:\/\/penosil.com\/es\/producto\/grietas-y-fisuras-acrilico\/\",\"name\":\"PENOSIL Grietas y Fisuras sellante acr\u00edlico para rellenar grietas\",\"isPartOf\":{\"@id\":\"https:\/\/penosil.com\/es\/#website\"},\"primaryImageOfPage\":{\"@id\":\"https:\/\/penosil.com\/es\/producto\/grietas-y-fisuras-acrilico\/#primaryimage\"},\"image\":{\"@id\":\"https:\/\/penosil.com\/es\/producto\/grietas-y-fisuras-acrilico\/#primaryimage\"},\"thumbnailUrl\":\"https:\/\/penosil.com\/es\/wp-content\/uploads\/sites\/9\/2021\/04\/WG-2022-PENOSIL-GRIETAS-FISURAS-BLANCO-ES-PT.png\",\"datePublished\":\"2021-04-19T09:11:27+00:00\",\"dateModified\":\"2025-10-17T13:01:53+00:00\",\"description\":\"PENOSIL Grietas y Fisuras sellante acr\u00edlico para rellenar con precisi\u00f3n grietas y fisuras antes de pintar. \u00a1Desc\u00fabrelo!\",\"breadcrumb\":{\"@id\":\"https:\/\/penosil.com\/es\/producto\/grietas-y-fisuras-acrilico\/#breadcrumb\"},\"inLanguage\":\"es\",\"potentialAction\":[{\"@type\":\"ReadAction\",\"target\":[\"https:\/\/penosil.com\/es\/producto\/grietas-y-fisuras-acrilico\/\"]}]},{\"@type\":\"ImageObject\",\"inLanguage\":\"es\",\"@id\":\"https:\/\/penosil.com\/es\/producto\/grietas-y-fisuras-acrilico\/#primaryimage\",\"url\":\"https:\/\/penosil.com\/es\/wp-content\/uploads\/sites\/9\/2021\/04\/WG-2022-PENOSIL-GRIETAS-FISURAS-BLANCO-ES-PT.png\",\"contentUrl\":\"https:\/\/penosil.com\/es\/wp-content\/uploads\/sites\/9\/2021\/04\/WG-2022-PENOSIL-GRIETAS-FISURAS-BLANCO-ES-PT.png\",\"width\":357,\"height\":1080,\"caption\":\"PENOSIL Grietas y Fisuras sellante acr\u00edlico para juntas limpias y lisas antes de pintar\"},{\"@type\":\"BreadcrumbList\",\"@id\":\"https:\/\/penosil.com\/es\/producto\/grietas-y-fisuras-acrilico\/#breadcrumb\",\"itemListElement\":[{\"@type\":\"ListItem\",\"position\":1,\"name\":\"Inicio\",\"item\":\"https:\/\/penosil.com\/es\/\"},{\"@type\":\"ListItem\",\"position\":2,\"name\":\"Productos\",\"item\":\"https:\/\/penosil.com\/es\/productos\/\"},{\"@type\":\"ListItem\",\"position\":3,\"name\":\"Grietas y Fisuras\"}]},{\"@type\":\"WebSite\",\"@id\":\"https:\/\/penosil.com\/es\/#website\",\"url\":\"https:\/\/penosil.com\/es\/\",\"name\":\"Penosil Spain\",\"description\":\"\",\"potentialAction\":[{\"@type\":\"SearchAction\",\"target\":{\"@type\":\"EntryPoint\",\"urlTemplate\":\"https:\/\/penosil.com\/es\/?s={search_term_string}\"},\"query-input\":{\"@type\":\"PropertyValueSpecification\",\"valueRequired\":true,\"valueName\":\"search_term_string\"}}],\"inLanguage\":\"es\"}]}<\/script>\n<!-- \/ Yoast SEO plugin. -->","yoast_head_json":{"title":"PENOSIL Grietas y Fisuras sellante acr\u00edlico para rellenar grietas","description":"PENOSIL Grietas y Fisuras sellante acr\u00edlico para rellenar con precisi\u00f3n grietas y fisuras antes de pintar. \u00a1Desc\u00fabrelo!","robots":{"index":"noindex","follow":"nofollow"},"og_locale":"es_ES","og_type":"article","og_title":"PENOSIL Grietas y Fisuras sellante acr\u00edlico para rellenar grietas","og_description":"PENOSIL Grietas y Fisuras sellante acr\u00edlico para rellenar con precisi\u00f3n grietas y fisuras antes de pintar. \u00a1Desc\u00fabrelo!","og_url":"https:\/\/penosil.com\/es\/producto\/grietas-y-fisuras-acrilico\/","og_site_name":"Penosil Spain","article_modified_time":"2025-10-17T13:01:53+00:00","og_image":[{"width":357,"height":1080,"url":"https:\/\/penosil.com\/es\/wp-content\/uploads\/sites\/9\/2021\/04\/WG-2022-PENOSIL-GRIETAS-FISURAS-BLANCO-ES-PT.png","type":"image\/png"}],"twitter_card":"summary_large_image","twitter_misc":{"Tiempo de lectura":"3 minutos"},"schema":{"@context":"https:\/\/schema.org","@graph":[{"@type":["WebPage","ItemPage"],"@id":"https:\/\/penosil.com\/es\/producto\/grietas-y-fisuras-acrilico\/","url":"https:\/\/penosil.com\/es\/producto\/grietas-y-fisuras-acrilico\/","name":"PENOSIL Grietas y Fisuras sellante acr\u00edlico para rellenar grietas","isPartOf":{"@id":"https:\/\/penosil.com\/es\/#website"},"primaryImageOfPage":{"@id":"https:\/\/penosil.com\/es\/producto\/grietas-y-fisuras-acrilico\/#primaryimage"},"image":{"@id":"https:\/\/penosil.com\/es\/producto\/grietas-y-fisuras-acrilico\/#primaryimage"},"thumbnailUrl":"https:\/\/penosil.com\/es\/wp-content\/uploads\/sites\/9\/2021\/04\/WG-2022-PENOSIL-GRIETAS-FISURAS-BLANCO-ES-PT.png","datePublished":"2021-04-19T09:11:27+00:00","dateModified":"2025-10-17T13:01:53+00:00","description":"PENOSIL Grietas y Fisuras sellante acr\u00edlico para rellenar con precisi\u00f3n grietas y fisuras antes de pintar. \u00a1Desc\u00fabrelo!","breadcrumb":{"@id":"https:\/\/penosil.com\/es\/producto\/grietas-y-fisuras-acrilico\/#breadcrumb"},"inLanguage":"es","potentialAction":[{"@type":"ReadAction","target":["https:\/\/penosil.com\/es\/producto\/grietas-y-fisuras-acrilico\/"]}]},{"@type":"ImageObject","inLanguage":"es","@id":"https:\/\/penosil.com\/es\/producto\/grietas-y-fisuras-acrilico\/#primaryimage","url":"https:\/\/penosil.com\/es\/wp-content\/uploads\/sites\/9\/2021\/04\/WG-2022-PENOSIL-GRIETAS-FISURAS-BLANCO-ES-PT.png","contentUrl":"https:\/\/penosil.com\/es\/wp-content\/uploads\/sites\/9\/2021\/04\/WG-2022-PENOSIL-GRIETAS-FISURAS-BLANCO-ES-PT.png","width":357,"height":1080,"caption":"PENOSIL Grietas y Fisuras sellante acr\u00edlico para juntas limpias y lisas antes de pintar"},{"@type":"BreadcrumbList","@id":"https:\/\/penosil.com\/es\/producto\/grietas-y-fisuras-acrilico\/#breadcrumb","itemListElement":[{"@type":"ListItem","position":1,"name":"Inicio","item":"https:\/\/penosil.com\/es\/"},{"@type":"ListItem","position":2,"name":"Productos","item":"https:\/\/penosil.com\/es\/productos\/"},{"@type":"ListItem","position":3,"name":"Grietas y Fisuras"}]},{"@type":"WebSite","@id":"https:\/\/penosil.com\/es\/#website","url":"https:\/\/penosil.com\/es\/","name":"Penosil Spain","description":"","potentialAction":[{"@type":"SearchAction","target":{"@type":"EntryPoint","urlTemplate":"https:\/\/penosil.com\/es\/?s={search_term_string}"},"query-input":{"@type":"PropertyValueSpecification","valueRequired":true,"valueName":"search_term_string"}}],"inLanguage":"es"}]}},"featured_img":"https:\/\/penosil.com\/es\/wp-content\/uploads\/sites\/9\/2021\/04\/WG-2022-PENOSIL-GRIETAS-FISURAS-BLANCO-ES-PT.png","coauthors":[],"author_meta":{"author_link":"https:\/\/penosil.com\/es\/author\/armand\/","display_name":"armand"},"relative_dates":{"created":"Publicado 5 a\u00f1os hace","modified":"Actualizado 6 meses hace"},"absolute_dates":{"created":"Publicado el 04\/19\/2021","modified":"Actualizado el 10\/17\/2025"},"absolute_dates_time":{"created":"Publicado el 04\/19\/2021 9:11 am","modified":"Actualizado el 10\/17\/2025 3:01 pm"},"featured_img_caption":"","tax_additional":{"product_brand":{"linked":[],"unlinked":[],"slug":"product_brand","name":"Marcas"},"product_type":{"linked":["<a href=\"https:\/\/penosil.com\/es\/?taxonomy=product_type&#038;term=simple\" class=\"advgb-post-tax-term\">simple<\/a>"],"unlinked":["<span class=\"advgb-post-tax-term\">simple<\/span>"],"slug":"product_type","name":"Tipo de producto"},"product_visibility":{"linked":["<a href=\"https:\/\/penosil.com\/es\/en\/?taxonomy=product_visibility&#038;term=exclude-from-search\" class=\"advgb-post-tax-term\">exclude-from-search<\/a>","<a href=\"https:\/\/penosil.com\/es\/en\/?taxonomy=product_visibility&#038;term=exclude-from-catalog\" class=\"advgb-post-tax-term\">exclude-from-catalog<\/a>","<a href=\"https:\/\/penosil.com\/es\/en\/?taxonomy=product_visibility&#038;term=outofstock\" class=\"advgb-post-tax-term\">outofstock<\/a>"],"unlinked":["<span class=\"advgb-post-tax-term\">exclude-from-search<\/span>","<span class=\"advgb-post-tax-term\">exclude-from-catalog<\/span>","<span class=\"advgb-post-tax-term\">outofstock<\/span>"],"slug":"product_visibility","name":"Visibilidad del producto"},"product_cat":{"linked":["<a href=\"https:\/\/penosil.com\/es\/categoria-producto\/grupos-de-productos\/sellantes\/sellantes-acrilicos\/\" class=\"advgb-post-tax-term\">Acr\u00edlicos<\/a>","<a href=\"https:\/\/penosil.com\/es\/categoria-producto\/grupos-de-productos\/\" class=\"advgb-post-tax-term\">Grupos de productos<\/a>","<a href=\"https:\/\/penosil.com\/es\/categoria-producto\/grupos-de-productos\/sellantes\/\" class=\"advgb-post-tax-term\">Sellantes<\/a>","<a href=\"https:\/\/penosil.com\/es\/categoria-producto\/easy-pro\/\" class=\"advgb-post-tax-term\">EasyPRO<\/a>","<a href=\"https:\/\/penosil.com\/es\/categoria-producto\/easy-pro\/relleno-y-pintado\/\" class=\"advgb-post-tax-term\">Relleno y Pintado<\/a>"],"unlinked":["<span class=\"advgb-post-tax-term\">Acr\u00edlicos<\/span>","<span class=\"advgb-post-tax-term\">Grupos de productos<\/span>","<span class=\"advgb-post-tax-term\">Sellantes<\/span>","<span class=\"advgb-post-tax-term\">EasyPRO<\/span>","<span class=\"advgb-post-tax-term\">Relleno y Pintado<\/span>"],"slug":"product_cat","name":"Categor\u00edas del producto"},"product_tag":{"linked":[],"unlinked":[],"slug":"product_tag","name":"Etiquetas del producto"},"product_shipping_class":{"linked":[],"unlinked":[],"slug":"product_shipping_class","name":"Clases de env\u00edo del producto"},"pos_product_visibility":{"linked":[],"unlinked":[],"slug":"pos_product_visibility","name":"Visibilidad del producto en el punto de venta"},"pa_color":{"linked":["<a href=\"https:\/\/penosil.com\/es\/?taxonomy=pa_color&#038;term=blanco\" class=\"advgb-post-tax-term\">Blanco<\/a>"],"unlinked":["<span class=\"advgb-post-tax-term\">Blanco<\/span>"],"slug":"pa_color","name":"Colores"},"pa_package":{"linked":[],"unlinked":[],"slug":"pa_package","name":"Formatos"},"translation_priority":{"linked":["<a href=\"https:\/\/penosil.com\/es\/?taxonomy=translation_priority&#038;term=opcional-es\" class=\"advgb-post-tax-term\">Opcional<\/a>"],"unlinked":["<span class=\"advgb-post-tax-term\">Opcional<\/span>"],"slug":"translation_priority","name":"Prioridades de traducci\u00f3n"}},"series_order":"","_links":{"self":[{"href":"https:\/\/penosil.com\/es\/wp-json\/wp\/v2\/product\/7935","targetHints":{"allow":["GET"]}}],"collection":[{"href":"https:\/\/penosil.com\/es\/wp-json\/wp\/v2\/product"}],"about":[{"href":"https:\/\/penosil.com\/es\/wp-json\/wp\/v2\/types\/product"}],"version-history":[{"count":2,"href":"https:\/\/penosil.com\/es\/wp-json\/wp\/v2\/product\/7935\/revisions"}],"predecessor-version":[{"id":11967,"href":"https:\/\/penosil.com\/es\/wp-json\/wp\/v2\/product\/7935\/revisions\/11967"}],"wp:featuredmedia":[{"embeddable":true,"href":"https:\/\/penosil.com\/es\/wp-json\/wp\/v2\/media\/8937"}],"wp:attachment":[{"href":"https:\/\/penosil.com\/es\/wp-json\/wp\/v2\/media?parent=7935"}],"wp:term":[{"taxonomy":"product_brand","embeddable":true,"href":"https:\/\/penosil.com\/es\/wp-json\/wp\/v2\/product_brand?post=7935"},{"taxonomy":"product_cat","embeddable":true,"href":"https:\/\/penosil.com\/es\/wp-json\/wp\/v2\/product_cat?post=7935"},{"taxonomy":"product_tag","embeddable":true,"href":"https:\/\/penosil.com\/es\/wp-json\/wp\/v2\/product_tag?post=7935"}],"curies":[{"name":"wp","href":"https:\/\/api.w.org\/{rel}","templated":true}]}}