{"id":7936,"date":"2021-04-19T09:22:17","date_gmt":"2021-04-19T09:22:17","guid":{"rendered":"https:\/\/penosil.com\/es\/?post_type=product&#038;p=7936"},"modified":"2026-04-16T01:00:59","modified_gmt":"2026-04-15T23:00:59","slug":"silicona-pintable","status":"publish","type":"product","link":"https:\/\/penosil.com\/es\/producto\/silicona-pintable\/","title":{"rendered":"Silicona Pintable"},"content":{"rendered":"<p>PENOSIL Silicona Pintable\u00a0es un sellador acr\u00edlico blanco elasto-pl\u00e1stico para el relleno de fisuras y grietas en juntas m\u00f3viles.<\/p>\n","protected":false},"excerpt":{"rendered":"PENOSIL Silicona Pintable\u00a0es un sellador acr\u00edlico blanco elasto-pl\u00e1stico para el relleno de fisuras y grietas en juntas m\u00f3viles.","protected":false},"author":24,"featured_media":12586,"template":"","meta":{"_acf_changed":false,"advgb_blocks_editor_width":"","advgb_blocks_columns_visual_guide":"","footnotes":""},"product_brand":[],"product_cat":[1634,1372,1614,340,2236],"product_tag":[],"class_list":{"0":"post-7936","1":"product","2":"type-product","3":"status-publish","4":"has-post-thumbnail","6":"product_cat-sellantes-acrilicos","7":"product_cat-grupos-de-productos","8":"product_cat-sellantes","9":"product_cat-easy-pro","10":"product_cat-relleno-y-pintado","12":"first","13":"instock","14":"taxable","15":"shipping-taxable","16":"purchasable","17":"product-type-simple"},"acf":[],"yoast_head":"<!-- This site is optimized with the Yoast SEO plugin v27.2 - https:\/\/yoast.com\/product\/yoast-seo-wordpress\/ -->\n<title>PENOSIL Silicona Pintable sellante pintable - EasyPRO<\/title>\n<meta name=\"description\" content=\"PENOSIL Silicona Pintable es un sellante acr\u00edlico blanco elastopl\u00e1stico y pintable, para juntas el\u00e1sticas. \u00a1Desc\u00fabrelo!\" \/>\n<meta name=\"robots\" content=\"index, follow, max-snippet:-1, max-image-preview:large, max-video-preview:-1\" \/>\n<link rel=\"canonical\" href=\"https:\/\/penosil.com\/es\/producto\/silicona-pintable\/\" \/>\n<meta property=\"og:locale\" content=\"es_ES\" \/>\n<meta property=\"og:type\" content=\"article\" \/>\n<meta property=\"og:title\" content=\"PENOSIL Silicona Pintable sellante pintable - EasyPRO\" \/>\n<meta property=\"og:description\" content=\"PENOSIL Silicona Pintable es un sellante acr\u00edlico blanco elastopl\u00e1stico y pintable, para juntas el\u00e1sticas. \u00a1Desc\u00fabrelo!\" \/>\n<meta property=\"og:url\" content=\"https:\/\/penosil.com\/es\/producto\/silicona-pintable\/\" \/>\n<meta property=\"og:site_name\" content=\"Penosil Spain\" \/>\n<meta property=\"article:modified_time\" content=\"2026-04-15T23:00:59+00:00\" \/>\n<meta property=\"og:image\" content=\"https:\/\/penosil.com\/es\/wp-content\/uploads\/sites\/9\/2021\/04\/Silicona-pintable-Sellante-de-juntas-Penosil.png\" \/>\n\t<meta property=\"og:image:width\" content=\"387\" \/>\n\t<meta property=\"og:image:height\" content=\"1080\" \/>\n\t<meta property=\"og:image:type\" content=\"image\/png\" \/>\n<meta name=\"twitter:card\" content=\"summary_large_image\" \/>\n<meta name=\"twitter:label1\" content=\"Tiempo de lectura\" \/>\n\t<meta name=\"twitter:data1\" content=\"3 minutos\" \/>\n<script type=\"application\/ld+json\" class=\"yoast-schema-graph\">{\"@context\":\"https:\/\/schema.org\",\"@graph\":[{\"@type\":[\"WebPage\",\"ItemPage\"],\"@id\":\"https:\/\/penosil.com\/es\/producto\/silicona-pintable\/\",\"url\":\"https:\/\/penosil.com\/es\/producto\/silicona-pintable\/\",\"name\":\"PENOSIL Silicona Pintable sellante pintable - EasyPRO\",\"isPartOf\":{\"@id\":\"https:\/\/penosil.com\/es\/#website\"},\"primaryImageOfPage\":{\"@id\":\"https:\/\/penosil.com\/es\/producto\/silicona-pintable\/#primaryimage\"},\"image\":{\"@id\":\"https:\/\/penosil.com\/es\/producto\/silicona-pintable\/#primaryimage\"},\"thumbnailUrl\":\"https:\/\/penosil.com\/es\/wp-content\/uploads\/sites\/9\/2021\/04\/Silicona-pintable-Sellante-de-juntas-Penosil.png\",\"datePublished\":\"2021-04-19T09:22:17+00:00\",\"dateModified\":\"2026-04-15T23:00:59+00:00\",\"description\":\"PENOSIL Silicona Pintable es un sellante acr\u00edlico blanco elastopl\u00e1stico y pintable, para juntas el\u00e1sticas. \u00a1Desc\u00fabrelo!\",\"breadcrumb\":{\"@id\":\"https:\/\/penosil.com\/es\/producto\/silicona-pintable\/#breadcrumb\"},\"inLanguage\":\"es\",\"potentialAction\":[{\"@type\":\"ReadAction\",\"target\":[\"https:\/\/penosil.com\/es\/producto\/silicona-pintable\/\"]}]},{\"@type\":\"ImageObject\",\"inLanguage\":\"es\",\"@id\":\"https:\/\/penosil.com\/es\/producto\/silicona-pintable\/#primaryimage\",\"url\":\"https:\/\/penosil.com\/es\/wp-content\/uploads\/sites\/9\/2021\/04\/Silicona-pintable-Sellante-de-juntas-Penosil.png\",\"contentUrl\":\"https:\/\/penosil.com\/es\/wp-content\/uploads\/sites\/9\/2021\/04\/Silicona-pintable-Sellante-de-juntas-Penosil.png\",\"width\":387,\"height\":1080,\"caption\":\"Silicona pintable Sellante de juntas Penosil\"},{\"@type\":\"BreadcrumbList\",\"@id\":\"https:\/\/penosil.com\/es\/producto\/silicona-pintable\/#breadcrumb\",\"itemListElement\":[{\"@type\":\"ListItem\",\"position\":1,\"name\":\"Inicio\",\"item\":\"https:\/\/penosil.com\/es\/\"},{\"@type\":\"ListItem\",\"position\":2,\"name\":\"Productos\",\"item\":\"https:\/\/penosil.com\/es\/productos\/\"},{\"@type\":\"ListItem\",\"position\":3,\"name\":\"Silicona Pintable\"}]},{\"@type\":\"WebSite\",\"@id\":\"https:\/\/penosil.com\/es\/#website\",\"url\":\"https:\/\/penosil.com\/es\/\",\"name\":\"Penosil Spain\",\"description\":\"\",\"potentialAction\":[{\"@type\":\"SearchAction\",\"target\":{\"@type\":\"EntryPoint\",\"urlTemplate\":\"https:\/\/penosil.com\/es\/?s={search_term_string}\"},\"query-input\":{\"@type\":\"PropertyValueSpecification\",\"valueRequired\":true,\"valueName\":\"search_term_string\"}}],\"inLanguage\":\"es\"}]}<\/script>\n<!-- \/ Yoast SEO plugin. -->","yoast_head_json":{"title":"PENOSIL Silicona Pintable sellante pintable - EasyPRO","description":"PENOSIL Silicona Pintable es un sellante acr\u00edlico blanco elastopl\u00e1stico y pintable, para juntas el\u00e1sticas. \u00a1Desc\u00fabrelo!","robots":{"index":"index","follow":"follow","max-snippet":"max-snippet:-1","max-image-preview":"max-image-preview:large","max-video-preview":"max-video-preview:-1"},"canonical":"https:\/\/penosil.com\/es\/producto\/silicona-pintable\/","og_locale":"es_ES","og_type":"article","og_title":"PENOSIL Silicona Pintable sellante pintable - EasyPRO","og_description":"PENOSIL Silicona Pintable es un sellante acr\u00edlico blanco elastopl\u00e1stico y pintable, para juntas el\u00e1sticas. \u00a1Desc\u00fabrelo!","og_url":"https:\/\/penosil.com\/es\/producto\/silicona-pintable\/","og_site_name":"Penosil Spain","article_modified_time":"2026-04-15T23:00:59+00:00","og_image":[{"width":387,"height":1080,"url":"https:\/\/penosil.com\/es\/wp-content\/uploads\/sites\/9\/2021\/04\/Silicona-pintable-Sellante-de-juntas-Penosil.png","type":"image\/png"}],"twitter_card":"summary_large_image","twitter_misc":{"Tiempo de lectura":"3 minutos"},"schema":{"@context":"https:\/\/schema.org","@graph":[{"@type":["WebPage","ItemPage"],"@id":"https:\/\/penosil.com\/es\/producto\/silicona-pintable\/","url":"https:\/\/penosil.com\/es\/producto\/silicona-pintable\/","name":"PENOSIL Silicona Pintable sellante pintable - EasyPRO","isPartOf":{"@id":"https:\/\/penosil.com\/es\/#website"},"primaryImageOfPage":{"@id":"https:\/\/penosil.com\/es\/producto\/silicona-pintable\/#primaryimage"},"image":{"@id":"https:\/\/penosil.com\/es\/producto\/silicona-pintable\/#primaryimage"},"thumbnailUrl":"https:\/\/penosil.com\/es\/wp-content\/uploads\/sites\/9\/2021\/04\/Silicona-pintable-Sellante-de-juntas-Penosil.png","datePublished":"2021-04-19T09:22:17+00:00","dateModified":"2026-04-15T23:00:59+00:00","description":"PENOSIL Silicona Pintable es un sellante acr\u00edlico blanco elastopl\u00e1stico y pintable, para juntas el\u00e1sticas. \u00a1Desc\u00fabrelo!","breadcrumb":{"@id":"https:\/\/penosil.com\/es\/producto\/silicona-pintable\/#breadcrumb"},"inLanguage":"es","potentialAction":[{"@type":"ReadAction","target":["https:\/\/penosil.com\/es\/producto\/silicona-pintable\/"]}]},{"@type":"ImageObject","inLanguage":"es","@id":"https:\/\/penosil.com\/es\/producto\/silicona-pintable\/#primaryimage","url":"https:\/\/penosil.com\/es\/wp-content\/uploads\/sites\/9\/2021\/04\/Silicona-pintable-Sellante-de-juntas-Penosil.png","contentUrl":"https:\/\/penosil.com\/es\/wp-content\/uploads\/sites\/9\/2021\/04\/Silicona-pintable-Sellante-de-juntas-Penosil.png","width":387,"height":1080,"caption":"Silicona pintable Sellante de juntas Penosil"},{"@type":"BreadcrumbList","@id":"https:\/\/penosil.com\/es\/producto\/silicona-pintable\/#breadcrumb","itemListElement":[{"@type":"ListItem","position":1,"name":"Inicio","item":"https:\/\/penosil.com\/es\/"},{"@type":"ListItem","position":2,"name":"Productos","item":"https:\/\/penosil.com\/es\/productos\/"},{"@type":"ListItem","position":3,"name":"Silicona Pintable"}]},{"@type":"WebSite","@id":"https:\/\/penosil.com\/es\/#website","url":"https:\/\/penosil.com\/es\/","name":"Penosil Spain","description":"","potentialAction":[{"@type":"SearchAction","target":{"@type":"EntryPoint","urlTemplate":"https:\/\/penosil.com\/es\/?s={search_term_string}"},"query-input":{"@type":"PropertyValueSpecification","valueRequired":true,"valueName":"search_term_string"}}],"inLanguage":"es"}]}},"featured_img":"https:\/\/penosil.com\/es\/wp-content\/uploads\/sites\/9\/2021\/04\/Silicona-pintable-Sellante-de-juntas-Penosil.png","coauthors":[],"author_meta":{"author_link":"https:\/\/penosil.com\/es\/author\/armand\/","display_name":"armand"},"relative_dates":{"created":"Publicado 5 a\u00f1os hace","modified":"Actualizado 7 horas hace"},"absolute_dates":{"created":"Publicado el 04\/19\/2021","modified":"Actualizado el 04\/16\/2026"},"absolute_dates_time":{"created":"Publicado el 04\/19\/2021 9:22 am","modified":"Actualizado el 04\/16\/2026 1:00 am"},"featured_img_caption":"Silicona pintable Sellante de juntas Penosil","tax_additional":{"product_brand":{"linked":[],"unlinked":[],"slug":"product_brand","name":"Marcas"},"product_type":{"linked":["<a href=\"https:\/\/penosil.com\/es\/?taxonomy=product_type&#038;term=simple\" class=\"advgb-post-tax-term\">simple<\/a>"],"unlinked":["<span class=\"advgb-post-tax-term\">simple<\/span>"],"slug":"product_type","name":"Tipo de producto"},"product_visibility":{"linked":[],"unlinked":[],"slug":"product_visibility","name":"Visibilidad del producto"},"product_cat":{"linked":["<a href=\"https:\/\/penosil.com\/es\/categoria-producto\/grupos-de-productos\/sellantes\/sellantes-acrilicos\/\" class=\"advgb-post-tax-term\">Acr\u00edlicos<\/a>","<a href=\"https:\/\/penosil.com\/es\/categoria-producto\/grupos-de-productos\/\" class=\"advgb-post-tax-term\">Grupos de productos<\/a>","<a href=\"https:\/\/penosil.com\/es\/categoria-producto\/grupos-de-productos\/sellantes\/\" class=\"advgb-post-tax-term\">Sellantes<\/a>","<a href=\"https:\/\/penosil.com\/es\/categoria-producto\/easy-pro\/\" class=\"advgb-post-tax-term\">EasyPRO<\/a>","<a href=\"https:\/\/penosil.com\/es\/categoria-producto\/easy-pro\/relleno-y-pintado\/\" class=\"advgb-post-tax-term\">Relleno y Pintado<\/a>"],"unlinked":["<span class=\"advgb-post-tax-term\">Acr\u00edlicos<\/span>","<span class=\"advgb-post-tax-term\">Grupos de productos<\/span>","<span class=\"advgb-post-tax-term\">Sellantes<\/span>","<span class=\"advgb-post-tax-term\">EasyPRO<\/span>","<span class=\"advgb-post-tax-term\">Relleno y Pintado<\/span>"],"slug":"product_cat","name":"Categor\u00edas del producto"},"product_tag":{"linked":[],"unlinked":[],"slug":"product_tag","name":"Etiquetas del producto"},"product_shipping_class":{"linked":[],"unlinked":[],"slug":"product_shipping_class","name":"Clases de env\u00edo del producto"},"pos_product_visibility":{"linked":[],"unlinked":[],"slug":"pos_product_visibility","name":"Visibilidad del producto en el punto de venta"},"pa_color":{"linked":["<a href=\"https:\/\/penosil.com\/es\/?taxonomy=pa_color&#038;term=blanco\" class=\"advgb-post-tax-term\">Blanco<\/a>"],"unlinked":["<span class=\"advgb-post-tax-term\">Blanco<\/span>"],"slug":"pa_color","name":"Colores"},"pa_package":{"linked":[],"unlinked":[],"slug":"pa_package","name":"Formatos"},"translation_priority":{"linked":["<a href=\"https:\/\/penosil.com\/es\/?taxonomy=translation_priority&#038;term=opcional-es\" class=\"advgb-post-tax-term\">Opcional<\/a>"],"unlinked":["<span class=\"advgb-post-tax-term\">Opcional<\/span>"],"slug":"translation_priority","name":"Prioridades de traducci\u00f3n"}},"series_order":"","_links":{"self":[{"href":"https:\/\/penosil.com\/es\/wp-json\/wp\/v2\/product\/7936","targetHints":{"allow":["GET"]}}],"collection":[{"href":"https:\/\/penosil.com\/es\/wp-json\/wp\/v2\/product"}],"about":[{"href":"https:\/\/penosil.com\/es\/wp-json\/wp\/v2\/types\/product"}],"version-history":[{"count":10,"href":"https:\/\/penosil.com\/es\/wp-json\/wp\/v2\/product\/7936\/revisions"}],"predecessor-version":[{"id":17874,"href":"https:\/\/penosil.com\/es\/wp-json\/wp\/v2\/product\/7936\/revisions\/17874"}],"wp:featuredmedia":[{"embeddable":true,"href":"https:\/\/penosil.com\/es\/wp-json\/wp\/v2\/media\/12586"}],"wp:attachment":[{"href":"https:\/\/penosil.com\/es\/wp-json\/wp\/v2\/media?parent=7936"}],"wp:term":[{"taxonomy":"product_brand","embeddable":true,"href":"https:\/\/penosil.com\/es\/wp-json\/wp\/v2\/product_brand?post=7936"},{"taxonomy":"product_cat","embeddable":true,"href":"https:\/\/penosil.com\/es\/wp-json\/wp\/v2\/product_cat?post=7936"},{"taxonomy":"product_tag","embeddable":true,"href":"https:\/\/penosil.com\/es\/wp-json\/wp\/v2\/product_tag?post=7936"}],"curies":[{"name":"wp","href":"https:\/\/api.w.org\/{rel}","templated":true}]}}