{"id":7937,"date":"2021-04-19T09:34:16","date_gmt":"2021-04-19T09:34:16","guid":{"rendered":"https:\/\/penosil.com\/es\/?post_type=product&#038;p=7937"},"modified":"2026-04-15T01:01:00","modified_gmt":"2026-04-14T23:01:00","slug":"maxima-expansion-espuma","status":"publish","type":"product","link":"https:\/\/penosil.com\/es\/producto\/maxima-expansion-espuma\/","title":{"rendered":"Espuma M\u00e1xima Expansi\u00f3n"},"content":{"rendered":"<p>PENOSIL M\u00e1xima Expansi\u00f3n espuma de PU con c\u00e1nula de aplicaci\u00f3n para rellenar y aislar grandes agujeros. Se expande y rellena la forma de grietas y vac\u00edos, formando una uni\u00f3n herm\u00e9tica permanente.<\/p>\n","protected":false},"excerpt":{"rendered":"PENOSIL M\u00e1xima Expansi\u00f3n espuma de PU con c\u00e1nula de aplicaci\u00f3n para rellenar y aislar grandes agujeros. Se expande y rellena la forma de grietas y vac\u00edos, formando una uni\u00f3n herm\u00e9tica permanente.","protected":false},"author":24,"featured_media":16060,"template":"","meta":{"_acf_changed":false,"advgb_blocks_editor_width":"","advgb_blocks_columns_visual_guide":"","footnotes":""},"product_brand":[],"product_cat":[1504,2247,1372,340,2236],"product_tag":[],"class_list":{"0":"post-7937","1":"product","2":"type-product","3":"status-publish","4":"has-post-thumbnail","6":"product_cat-espumas-de-construccion","7":"product_cat-espumas-manuales","8":"product_cat-grupos-de-productos","9":"product_cat-easy-pro","10":"product_cat-relleno-y-pintado","12":"first","13":"instock","14":"taxable","15":"shipping-taxable","16":"purchasable","17":"product-type-simple"},"acf":[],"yoast_head":"<!-- This site is optimized with the Yoast SEO plugin v27.2 - https:\/\/yoast.com\/product\/yoast-seo-wordpress\/ -->\n<title>PENOSIL M\u00e1xima Expansi\u00f3n - Espuma para rellenar agujeros<\/title>\n<meta name=\"description\" content=\"PENOSIL Espuma de poliuretano de M\u00e1xima Expansi\u00f3n. Espuma para rellenar grandes agujeros. Alta Expansi\u00f3n +150%. Rellena y sella huecos de hasta 40 litros.\" \/>\n<meta name=\"robots\" content=\"index, follow, max-snippet:-1, max-image-preview:large, max-video-preview:-1\" \/>\n<link rel=\"canonical\" href=\"https:\/\/penosil.com\/es\/producto\/maxima-expansion-espuma\/\" \/>\n<meta property=\"og:locale\" content=\"es_ES\" \/>\n<meta property=\"og:type\" content=\"article\" \/>\n<meta property=\"og:title\" content=\"PENOSIL M\u00e1xima Expansi\u00f3n - Espuma para rellenar agujeros\" \/>\n<meta property=\"og:description\" content=\"PENOSIL Espuma de poliuretano de M\u00e1xima Expansi\u00f3n. Espuma para rellenar grandes agujeros. Alta Expansi\u00f3n +150%. Rellena y sella huecos de hasta 40 litros.\" \/>\n<meta property=\"og:url\" content=\"https:\/\/penosil.com\/es\/producto\/maxima-expansion-espuma\/\" \/>\n<meta property=\"og:site_name\" content=\"Penosil Spain\" \/>\n<meta property=\"article:modified_time\" content=\"2026-04-14T23:01:00+00:00\" \/>\n<meta property=\"og:image\" content=\"https:\/\/penosil.com\/es\/wp-content\/uploads\/sites\/9\/2021\/04\/espuma-para-rellenar-agujeros-maxima-expansion-penosil_01.png\" \/>\n\t<meta property=\"og:image:width\" content=\"523\" \/>\n\t<meta property=\"og:image:height\" content=\"1080\" \/>\n\t<meta property=\"og:image:type\" content=\"image\/png\" \/>\n<meta name=\"twitter:card\" content=\"summary_large_image\" \/>\n<meta name=\"twitter:label1\" content=\"Tiempo de lectura\" \/>\n\t<meta name=\"twitter:data1\" content=\"5 minutos\" \/>\n<script type=\"application\/ld+json\" class=\"yoast-schema-graph\">{\"@context\":\"https:\/\/schema.org\",\"@graph\":[{\"@type\":[\"WebPage\",\"ItemPage\"],\"@id\":\"https:\/\/penosil.com\/es\/producto\/maxima-expansion-espuma\/\",\"url\":\"https:\/\/penosil.com\/es\/producto\/maxima-expansion-espuma\/\",\"name\":\"PENOSIL M\u00e1xima Expansi\u00f3n - Espuma para rellenar agujeros\",\"isPartOf\":{\"@id\":\"https:\/\/penosil.com\/es\/#website\"},\"primaryImageOfPage\":{\"@id\":\"https:\/\/penosil.com\/es\/producto\/maxima-expansion-espuma\/#primaryimage\"},\"image\":{\"@id\":\"https:\/\/penosil.com\/es\/producto\/maxima-expansion-espuma\/#primaryimage\"},\"thumbnailUrl\":\"https:\/\/penosil.com\/es\/wp-content\/uploads\/sites\/9\/2021\/04\/espuma-para-rellenar-agujeros-maxima-expansion-penosil_01.png\",\"datePublished\":\"2021-04-19T09:34:16+00:00\",\"dateModified\":\"2026-04-14T23:01:00+00:00\",\"description\":\"PENOSIL Espuma de poliuretano de M\u00e1xima Expansi\u00f3n. Espuma para rellenar grandes agujeros. Alta Expansi\u00f3n +150%. Rellena y sella huecos de hasta 40 litros.\",\"breadcrumb\":{\"@id\":\"https:\/\/penosil.com\/es\/producto\/maxima-expansion-espuma\/#breadcrumb\"},\"inLanguage\":\"es\",\"potentialAction\":[{\"@type\":\"ReadAction\",\"target\":[\"https:\/\/penosil.com\/es\/producto\/maxima-expansion-espuma\/\"]}]},{\"@type\":\"ImageObject\",\"inLanguage\":\"es\",\"@id\":\"https:\/\/penosil.com\/es\/producto\/maxima-expansion-espuma\/#primaryimage\",\"url\":\"https:\/\/penosil.com\/es\/wp-content\/uploads\/sites\/9\/2021\/04\/espuma-para-rellenar-agujeros-maxima-expansion-penosil_01.png\",\"contentUrl\":\"https:\/\/penosil.com\/es\/wp-content\/uploads\/sites\/9\/2021\/04\/espuma-para-rellenar-agujeros-maxima-expansion-penosil_01.png\",\"width\":523,\"height\":1080,\"caption\":\"Espuma para rellenar agujeros. Penosil Maxima Expansion\"},{\"@type\":\"BreadcrumbList\",\"@id\":\"https:\/\/penosil.com\/es\/producto\/maxima-expansion-espuma\/#breadcrumb\",\"itemListElement\":[{\"@type\":\"ListItem\",\"position\":1,\"name\":\"Inicio\",\"item\":\"https:\/\/penosil.com\/es\/\"},{\"@type\":\"ListItem\",\"position\":2,\"name\":\"Productos\",\"item\":\"https:\/\/penosil.com\/es\/productos\/\"},{\"@type\":\"ListItem\",\"position\":3,\"name\":\"Espuma M\u00e1xima Expansi\u00f3n\"}]},{\"@type\":\"WebSite\",\"@id\":\"https:\/\/penosil.com\/es\/#website\",\"url\":\"https:\/\/penosil.com\/es\/\",\"name\":\"Penosil Spain\",\"description\":\"\",\"potentialAction\":[{\"@type\":\"SearchAction\",\"target\":{\"@type\":\"EntryPoint\",\"urlTemplate\":\"https:\/\/penosil.com\/es\/?s={search_term_string}\"},\"query-input\":{\"@type\":\"PropertyValueSpecification\",\"valueRequired\":true,\"valueName\":\"search_term_string\"}}],\"inLanguage\":\"es\"}]}<\/script>\n<!-- \/ Yoast SEO plugin. -->","yoast_head_json":{"title":"PENOSIL M\u00e1xima Expansi\u00f3n - Espuma para rellenar agujeros","description":"PENOSIL Espuma de poliuretano de M\u00e1xima Expansi\u00f3n. Espuma para rellenar grandes agujeros. Alta Expansi\u00f3n +150%. Rellena y sella huecos de hasta 40 litros.","robots":{"index":"index","follow":"follow","max-snippet":"max-snippet:-1","max-image-preview":"max-image-preview:large","max-video-preview":"max-video-preview:-1"},"canonical":"https:\/\/penosil.com\/es\/producto\/maxima-expansion-espuma\/","og_locale":"es_ES","og_type":"article","og_title":"PENOSIL M\u00e1xima Expansi\u00f3n - Espuma para rellenar agujeros","og_description":"PENOSIL Espuma de poliuretano de M\u00e1xima Expansi\u00f3n. Espuma para rellenar grandes agujeros. Alta Expansi\u00f3n +150%. Rellena y sella huecos de hasta 40 litros.","og_url":"https:\/\/penosil.com\/es\/producto\/maxima-expansion-espuma\/","og_site_name":"Penosil Spain","article_modified_time":"2026-04-14T23:01:00+00:00","og_image":[{"width":523,"height":1080,"url":"https:\/\/penosil.com\/es\/wp-content\/uploads\/sites\/9\/2021\/04\/espuma-para-rellenar-agujeros-maxima-expansion-penosil_01.png","type":"image\/png"}],"twitter_card":"summary_large_image","twitter_misc":{"Tiempo de lectura":"5 minutos"},"schema":{"@context":"https:\/\/schema.org","@graph":[{"@type":["WebPage","ItemPage"],"@id":"https:\/\/penosil.com\/es\/producto\/maxima-expansion-espuma\/","url":"https:\/\/penosil.com\/es\/producto\/maxima-expansion-espuma\/","name":"PENOSIL M\u00e1xima Expansi\u00f3n - Espuma para rellenar agujeros","isPartOf":{"@id":"https:\/\/penosil.com\/es\/#website"},"primaryImageOfPage":{"@id":"https:\/\/penosil.com\/es\/producto\/maxima-expansion-espuma\/#primaryimage"},"image":{"@id":"https:\/\/penosil.com\/es\/producto\/maxima-expansion-espuma\/#primaryimage"},"thumbnailUrl":"https:\/\/penosil.com\/es\/wp-content\/uploads\/sites\/9\/2021\/04\/espuma-para-rellenar-agujeros-maxima-expansion-penosil_01.png","datePublished":"2021-04-19T09:34:16+00:00","dateModified":"2026-04-14T23:01:00+00:00","description":"PENOSIL Espuma de poliuretano de M\u00e1xima Expansi\u00f3n. Espuma para rellenar grandes agujeros. Alta Expansi\u00f3n +150%. Rellena y sella huecos de hasta 40 litros.","breadcrumb":{"@id":"https:\/\/penosil.com\/es\/producto\/maxima-expansion-espuma\/#breadcrumb"},"inLanguage":"es","potentialAction":[{"@type":"ReadAction","target":["https:\/\/penosil.com\/es\/producto\/maxima-expansion-espuma\/"]}]},{"@type":"ImageObject","inLanguage":"es","@id":"https:\/\/penosil.com\/es\/producto\/maxima-expansion-espuma\/#primaryimage","url":"https:\/\/penosil.com\/es\/wp-content\/uploads\/sites\/9\/2021\/04\/espuma-para-rellenar-agujeros-maxima-expansion-penosil_01.png","contentUrl":"https:\/\/penosil.com\/es\/wp-content\/uploads\/sites\/9\/2021\/04\/espuma-para-rellenar-agujeros-maxima-expansion-penosil_01.png","width":523,"height":1080,"caption":"Espuma para rellenar agujeros. Penosil Maxima Expansion"},{"@type":"BreadcrumbList","@id":"https:\/\/penosil.com\/es\/producto\/maxima-expansion-espuma\/#breadcrumb","itemListElement":[{"@type":"ListItem","position":1,"name":"Inicio","item":"https:\/\/penosil.com\/es\/"},{"@type":"ListItem","position":2,"name":"Productos","item":"https:\/\/penosil.com\/es\/productos\/"},{"@type":"ListItem","position":3,"name":"Espuma M\u00e1xima Expansi\u00f3n"}]},{"@type":"WebSite","@id":"https:\/\/penosil.com\/es\/#website","url":"https:\/\/penosil.com\/es\/","name":"Penosil Spain","description":"","potentialAction":[{"@type":"SearchAction","target":{"@type":"EntryPoint","urlTemplate":"https:\/\/penosil.com\/es\/?s={search_term_string}"},"query-input":{"@type":"PropertyValueSpecification","valueRequired":true,"valueName":"search_term_string"}}],"inLanguage":"es"}]}},"featured_img":"https:\/\/penosil.com\/es\/wp-content\/uploads\/sites\/9\/2021\/04\/espuma-para-rellenar-agujeros-maxima-expansion-penosil_01.png","coauthors":[],"author_meta":{"author_link":"https:\/\/penosil.com\/es\/author\/armand\/","display_name":"armand"},"relative_dates":{"created":"Publicado 5 a\u00f1os hace","modified":"Actualizado 3 horas hace"},"absolute_dates":{"created":"Publicado el 04\/19\/2021","modified":"Actualizado el 04\/15\/2026"},"absolute_dates_time":{"created":"Publicado el 04\/19\/2021 9:34 am","modified":"Actualizado el 04\/15\/2026 1:01 am"},"featured_img_caption":"Espuma para rellenar agujeros. Penosil Maxima Expansion","tax_additional":{"product_brand":{"linked":[],"unlinked":[],"slug":"product_brand","name":"Marcas"},"product_type":{"linked":["<a href=\"https:\/\/penosil.com\/es\/?taxonomy=product_type&#038;term=simple\" class=\"advgb-post-tax-term\">simple<\/a>"],"unlinked":["<span class=\"advgb-post-tax-term\">simple<\/span>"],"slug":"product_type","name":"Tipo de producto"},"product_visibility":{"linked":[],"unlinked":[],"slug":"product_visibility","name":"Visibilidad del producto"},"product_cat":{"linked":["<a href=\"https:\/\/penosil.com\/es\/categoria-producto\/grupos-de-productos\/espumas-de-construccion\/\" class=\"advgb-post-tax-term\">Espumas de construcci\u00f3n<\/a>","<a href=\"https:\/\/penosil.com\/es\/categoria-producto\/grupos-de-productos\/espumas-de-construccion\/espumas-manuales\/\" class=\"advgb-post-tax-term\">Espumas manuales<\/a>","<a href=\"https:\/\/penosil.com\/es\/categoria-producto\/grupos-de-productos\/\" class=\"advgb-post-tax-term\">Grupos de productos<\/a>","<a href=\"https:\/\/penosil.com\/es\/categoria-producto\/easy-pro\/\" class=\"advgb-post-tax-term\">EasyPRO<\/a>","<a href=\"https:\/\/penosil.com\/es\/categoria-producto\/easy-pro\/relleno-y-pintado\/\" class=\"advgb-post-tax-term\">Relleno y Pintado<\/a>"],"unlinked":["<span class=\"advgb-post-tax-term\">Espumas de construcci\u00f3n<\/span>","<span class=\"advgb-post-tax-term\">Espumas manuales<\/span>","<span class=\"advgb-post-tax-term\">Grupos de productos<\/span>","<span class=\"advgb-post-tax-term\">EasyPRO<\/span>","<span class=\"advgb-post-tax-term\">Relleno y Pintado<\/span>"],"slug":"product_cat","name":"Categor\u00edas del producto"},"product_tag":{"linked":[],"unlinked":[],"slug":"product_tag","name":"Etiquetas del producto"},"product_shipping_class":{"linked":[],"unlinked":[],"slug":"product_shipping_class","name":"Clases de env\u00edo del producto"},"pos_product_visibility":{"linked":[],"unlinked":[],"slug":"pos_product_visibility","name":"Visibilidad del producto en el punto de venta"},"pa_color":{"linked":["<a href=\"https:\/\/penosil.com\/es\/?taxonomy=pa_color&#038;term=amarillo-claro\" class=\"advgb-post-tax-term\">Amarillo claro<\/a>"],"unlinked":["<span class=\"advgb-post-tax-term\">Amarillo claro<\/span>"],"slug":"pa_color","name":"Colores"},"pa_package":{"linked":["<a href=\"https:\/\/penosil.com\/es\/?taxonomy=pa_package&#038;term=aerosol-300-ml\" class=\"advgb-post-tax-term\">Aerosol 300 ml<\/a>"],"unlinked":["<span class=\"advgb-post-tax-term\">Aerosol 300 ml<\/span>"],"slug":"pa_package","name":"Formatos"},"translation_priority":{"linked":["<a href=\"https:\/\/penosil.com\/es\/?taxonomy=translation_priority&#038;term=opcional-es\" class=\"advgb-post-tax-term\">Opcional<\/a>"],"unlinked":["<span class=\"advgb-post-tax-term\">Opcional<\/span>"],"slug":"translation_priority","name":"Prioridades de traducci\u00f3n"}},"series_order":"","_links":{"self":[{"href":"https:\/\/penosil.com\/es\/wp-json\/wp\/v2\/product\/7937","targetHints":{"allow":["GET"]}}],"collection":[{"href":"https:\/\/penosil.com\/es\/wp-json\/wp\/v2\/product"}],"about":[{"href":"https:\/\/penosil.com\/es\/wp-json\/wp\/v2\/types\/product"}],"version-history":[{"count":12,"href":"https:\/\/penosil.com\/es\/wp-json\/wp\/v2\/product\/7937\/revisions"}],"predecessor-version":[{"id":16069,"href":"https:\/\/penosil.com\/es\/wp-json\/wp\/v2\/product\/7937\/revisions\/16069"}],"wp:featuredmedia":[{"embeddable":true,"href":"https:\/\/penosil.com\/es\/wp-json\/wp\/v2\/media\/16060"}],"wp:attachment":[{"href":"https:\/\/penosil.com\/es\/wp-json\/wp\/v2\/media?parent=7937"}],"wp:term":[{"taxonomy":"product_brand","embeddable":true,"href":"https:\/\/penosil.com\/es\/wp-json\/wp\/v2\/product_brand?post=7937"},{"taxonomy":"product_cat","embeddable":true,"href":"https:\/\/penosil.com\/es\/wp-json\/wp\/v2\/product_cat?post=7937"},{"taxonomy":"product_tag","embeddable":true,"href":"https:\/\/penosil.com\/es\/wp-json\/wp\/v2\/product_tag?post=7937"}],"curies":[{"name":"wp","href":"https:\/\/api.w.org\/{rel}","templated":true}]}}