{"id":7939,"date":"2021-04-19T09:56:34","date_gmt":"2021-04-19T09:56:34","guid":{"rendered":"https:\/\/penosil.com\/es\/?post_type=product&#038;p=7939"},"modified":"2026-04-15T13:01:00","modified_gmt":"2026-04-15T11:01:00","slug":"junta-placa-pasta","status":"publish","type":"product","link":"https:\/\/penosil.com\/es\/producto\/junta-placa-pasta\/","title":{"rendered":"Junta Placa"},"content":{"rendered":"<p>PENOSIL Junta Placa, pasta que permite realizar las juntas de las placas de yeso en una sola pasada sin el uso de cintas adhesivas. Tiene la consistencia perfecta para su aplicaci\u00f3n, por lo que no es necesario a\u00f1adir agua ni mezclar antes de su uso. Las juntas pueden ser lijadas, enlucidas y pintadas despu\u00e9s del secado, en 4-6 horas.<\/p>\n","protected":false},"excerpt":{"rendered":"PENOSIL Junta Placa, pasta que permite realizar las juntas de las placas de yeso en una sola pasada sin el uso de cintas adhesivas. Tiene la consistencia perfecta para su aplicaci\u00f3n, por lo que no es necesario a\u00f1adir agua ni mezclar antes de su uso. Las juntas pueden ser lijadas, enlucidas y pintadas despu\u00e9s del secado, en 4-6 horas.","protected":false},"author":24,"featured_media":12590,"template":"","meta":{"_acf_changed":false,"advgb_blocks_editor_width":"","advgb_blocks_columns_visual_guide":"","footnotes":""},"product_brand":[],"product_cat":[1634,1372,1614,340,2236],"product_tag":[],"class_list":{"0":"post-7939","1":"product","2":"type-product","3":"status-publish","4":"has-post-thumbnail","6":"product_cat-sellantes-acrilicos","7":"product_cat-grupos-de-productos","8":"product_cat-sellantes","9":"product_cat-easy-pro","10":"product_cat-relleno-y-pintado","12":"first","13":"instock","14":"taxable","15":"shipping-taxable","16":"purchasable","17":"product-type-variable"},"acf":[],"yoast_head":"<!-- This site is optimized with the Yoast SEO plugin v27.2 - https:\/\/yoast.com\/product\/yoast-seo-wordpress\/ -->\n<title>PENOSIL Junta Placa pasta para placas de yeso y tratamiento de fisuras<\/title>\n<meta name=\"description\" content=\"PENOSIL Junta Placa pasta ultraligera para juntas de placas de yeso y para el tratamiento de fisuras. \u00a1Desc\u00fabrelo!\" \/>\n<meta name=\"robots\" content=\"index, follow, max-snippet:-1, max-image-preview:large, max-video-preview:-1\" \/>\n<link rel=\"canonical\" href=\"https:\/\/penosil.com\/es\/producto\/junta-placa-pasta\/\" \/>\n<meta property=\"og:locale\" content=\"es_ES\" \/>\n<meta property=\"og:type\" content=\"article\" \/>\n<meta property=\"og:title\" content=\"PENOSIL Junta Placa pasta para placas de yeso y tratamiento de fisuras\" \/>\n<meta property=\"og:description\" content=\"PENOSIL Junta Placa pasta ultraligera para juntas de placas de yeso y para el tratamiento de fisuras. \u00a1Desc\u00fabrelo!\" \/>\n<meta property=\"og:url\" content=\"https:\/\/penosil.com\/es\/producto\/junta-placa-pasta\/\" \/>\n<meta property=\"og:site_name\" content=\"Penosil Spain\" \/>\n<meta property=\"article:modified_time\" content=\"2026-04-15T11:01:00+00:00\" \/>\n<meta property=\"og:image\" content=\"https:\/\/penosil.com\/es\/wp-content\/uploads\/sites\/9\/2021\/04\/Pasta-para-fisuras-y-placas-de-yeso-Penosil-Junta-Placa.png\" \/>\n\t<meta property=\"og:image:width\" content=\"1443\" \/>\n\t<meta property=\"og:image:height\" content=\"1080\" \/>\n\t<meta property=\"og:image:type\" content=\"image\/png\" \/>\n<meta name=\"twitter:card\" content=\"summary_large_image\" \/>\n<meta name=\"twitter:label1\" content=\"Tiempo de lectura\" \/>\n\t<meta name=\"twitter:data1\" content=\"3 minutos\" \/>\n<script type=\"application\/ld+json\" class=\"yoast-schema-graph\">{\"@context\":\"https:\/\/schema.org\",\"@graph\":[{\"@type\":[\"WebPage\",\"ItemPage\"],\"@id\":\"https:\/\/penosil.com\/es\/producto\/junta-placa-pasta\/\",\"url\":\"https:\/\/penosil.com\/es\/producto\/junta-placa-pasta\/\",\"name\":\"PENOSIL Junta Placa pasta para placas de yeso y tratamiento de fisuras\",\"isPartOf\":{\"@id\":\"https:\/\/penosil.com\/es\/#website\"},\"primaryImageOfPage\":{\"@id\":\"https:\/\/penosil.com\/es\/producto\/junta-placa-pasta\/#primaryimage\"},\"image\":{\"@id\":\"https:\/\/penosil.com\/es\/producto\/junta-placa-pasta\/#primaryimage\"},\"thumbnailUrl\":\"https:\/\/penosil.com\/es\/wp-content\/uploads\/sites\/9\/2021\/04\/Pasta-para-fisuras-y-placas-de-yeso-Penosil-Junta-Placa.png\",\"datePublished\":\"2021-04-19T09:56:34+00:00\",\"dateModified\":\"2026-04-15T11:01:00+00:00\",\"description\":\"PENOSIL Junta Placa pasta ultraligera para juntas de placas de yeso y para el tratamiento de fisuras. \u00a1Desc\u00fabrelo!\",\"breadcrumb\":{\"@id\":\"https:\/\/penosil.com\/es\/producto\/junta-placa-pasta\/#breadcrumb\"},\"inLanguage\":\"es\",\"potentialAction\":[{\"@type\":\"ReadAction\",\"target\":[\"https:\/\/penosil.com\/es\/producto\/junta-placa-pasta\/\"]}]},{\"@type\":\"ImageObject\",\"inLanguage\":\"es\",\"@id\":\"https:\/\/penosil.com\/es\/producto\/junta-placa-pasta\/#primaryimage\",\"url\":\"https:\/\/penosil.com\/es\/wp-content\/uploads\/sites\/9\/2021\/04\/Pasta-para-fisuras-y-placas-de-yeso-Penosil-Junta-Placa.png\",\"contentUrl\":\"https:\/\/penosil.com\/es\/wp-content\/uploads\/sites\/9\/2021\/04\/Pasta-para-fisuras-y-placas-de-yeso-Penosil-Junta-Placa.png\",\"width\":1443,\"height\":1080,\"caption\":\"Pasta para fisuras y uniones de placas de yeso Penosil Junta Placa\"},{\"@type\":\"BreadcrumbList\",\"@id\":\"https:\/\/penosil.com\/es\/producto\/junta-placa-pasta\/#breadcrumb\",\"itemListElement\":[{\"@type\":\"ListItem\",\"position\":1,\"name\":\"Inicio\",\"item\":\"https:\/\/penosil.com\/es\/\"},{\"@type\":\"ListItem\",\"position\":2,\"name\":\"Productos\",\"item\":\"https:\/\/penosil.com\/es\/productos\/\"},{\"@type\":\"ListItem\",\"position\":3,\"name\":\"Junta Placa\"}]},{\"@type\":\"WebSite\",\"@id\":\"https:\/\/penosil.com\/es\/#website\",\"url\":\"https:\/\/penosil.com\/es\/\",\"name\":\"Penosil Spain\",\"description\":\"\",\"potentialAction\":[{\"@type\":\"SearchAction\",\"target\":{\"@type\":\"EntryPoint\",\"urlTemplate\":\"https:\/\/penosil.com\/es\/?s={search_term_string}\"},\"query-input\":{\"@type\":\"PropertyValueSpecification\",\"valueRequired\":true,\"valueName\":\"search_term_string\"}}],\"inLanguage\":\"es\"}]}<\/script>\n<!-- \/ Yoast SEO plugin. -->","yoast_head_json":{"title":"PENOSIL Junta Placa pasta para placas de yeso y tratamiento de fisuras","description":"PENOSIL Junta Placa pasta ultraligera para juntas de placas de yeso y para el tratamiento de fisuras. \u00a1Desc\u00fabrelo!","robots":{"index":"index","follow":"follow","max-snippet":"max-snippet:-1","max-image-preview":"max-image-preview:large","max-video-preview":"max-video-preview:-1"},"canonical":"https:\/\/penosil.com\/es\/producto\/junta-placa-pasta\/","og_locale":"es_ES","og_type":"article","og_title":"PENOSIL Junta Placa pasta para placas de yeso y tratamiento de fisuras","og_description":"PENOSIL Junta Placa pasta ultraligera para juntas de placas de yeso y para el tratamiento de fisuras. \u00a1Desc\u00fabrelo!","og_url":"https:\/\/penosil.com\/es\/producto\/junta-placa-pasta\/","og_site_name":"Penosil Spain","article_modified_time":"2026-04-15T11:01:00+00:00","og_image":[{"width":1443,"height":1080,"url":"https:\/\/penosil.com\/es\/wp-content\/uploads\/sites\/9\/2021\/04\/Pasta-para-fisuras-y-placas-de-yeso-Penosil-Junta-Placa.png","type":"image\/png"}],"twitter_card":"summary_large_image","twitter_misc":{"Tiempo de lectura":"3 minutos"},"schema":{"@context":"https:\/\/schema.org","@graph":[{"@type":["WebPage","ItemPage"],"@id":"https:\/\/penosil.com\/es\/producto\/junta-placa-pasta\/","url":"https:\/\/penosil.com\/es\/producto\/junta-placa-pasta\/","name":"PENOSIL Junta Placa pasta para placas de yeso y tratamiento de fisuras","isPartOf":{"@id":"https:\/\/penosil.com\/es\/#website"},"primaryImageOfPage":{"@id":"https:\/\/penosil.com\/es\/producto\/junta-placa-pasta\/#primaryimage"},"image":{"@id":"https:\/\/penosil.com\/es\/producto\/junta-placa-pasta\/#primaryimage"},"thumbnailUrl":"https:\/\/penosil.com\/es\/wp-content\/uploads\/sites\/9\/2021\/04\/Pasta-para-fisuras-y-placas-de-yeso-Penosil-Junta-Placa.png","datePublished":"2021-04-19T09:56:34+00:00","dateModified":"2026-04-15T11:01:00+00:00","description":"PENOSIL Junta Placa pasta ultraligera para juntas de placas de yeso y para el tratamiento de fisuras. \u00a1Desc\u00fabrelo!","breadcrumb":{"@id":"https:\/\/penosil.com\/es\/producto\/junta-placa-pasta\/#breadcrumb"},"inLanguage":"es","potentialAction":[{"@type":"ReadAction","target":["https:\/\/penosil.com\/es\/producto\/junta-placa-pasta\/"]}]},{"@type":"ImageObject","inLanguage":"es","@id":"https:\/\/penosil.com\/es\/producto\/junta-placa-pasta\/#primaryimage","url":"https:\/\/penosil.com\/es\/wp-content\/uploads\/sites\/9\/2021\/04\/Pasta-para-fisuras-y-placas-de-yeso-Penosil-Junta-Placa.png","contentUrl":"https:\/\/penosil.com\/es\/wp-content\/uploads\/sites\/9\/2021\/04\/Pasta-para-fisuras-y-placas-de-yeso-Penosil-Junta-Placa.png","width":1443,"height":1080,"caption":"Pasta para fisuras y uniones de placas de yeso Penosil Junta Placa"},{"@type":"BreadcrumbList","@id":"https:\/\/penosil.com\/es\/producto\/junta-placa-pasta\/#breadcrumb","itemListElement":[{"@type":"ListItem","position":1,"name":"Inicio","item":"https:\/\/penosil.com\/es\/"},{"@type":"ListItem","position":2,"name":"Productos","item":"https:\/\/penosil.com\/es\/productos\/"},{"@type":"ListItem","position":3,"name":"Junta Placa"}]},{"@type":"WebSite","@id":"https:\/\/penosil.com\/es\/#website","url":"https:\/\/penosil.com\/es\/","name":"Penosil Spain","description":"","potentialAction":[{"@type":"SearchAction","target":{"@type":"EntryPoint","urlTemplate":"https:\/\/penosil.com\/es\/?s={search_term_string}"},"query-input":{"@type":"PropertyValueSpecification","valueRequired":true,"valueName":"search_term_string"}}],"inLanguage":"es"}]}},"featured_img":"https:\/\/penosil.com\/es\/wp-content\/uploads\/sites\/9\/2021\/04\/Pasta-para-fisuras-y-placas-de-yeso-Penosil-Junta-Placa.png","coauthors":[],"author_meta":{"author_link":"https:\/\/penosil.com\/es\/author\/armand\/","display_name":"armand"},"relative_dates":{"created":"Publicado 5 a\u00f1os hace","modified":"Actualizado 1 hora hace"},"absolute_dates":{"created":"Publicado el 04\/19\/2021","modified":"Actualizado el 04\/15\/2026"},"absolute_dates_time":{"created":"Publicado el 04\/19\/2021 9:56 am","modified":"Actualizado el 04\/15\/2026 1:01 pm"},"featured_img_caption":"Pasta para fisuras y uniones de placas de yeso Penosil Junta Placa","tax_additional":{"product_brand":{"linked":[],"unlinked":[],"slug":"product_brand","name":"Marcas"},"product_type":{"linked":["<a href=\"https:\/\/penosil.com\/es\/?taxonomy=product_type&#038;term=variable\" class=\"advgb-post-tax-term\">variable<\/a>"],"unlinked":["<span class=\"advgb-post-tax-term\">variable<\/span>"],"slug":"product_type","name":"Tipo de producto"},"product_visibility":{"linked":[],"unlinked":[],"slug":"product_visibility","name":"Visibilidad del producto"},"product_cat":{"linked":["<a href=\"https:\/\/penosil.com\/es\/categoria-producto\/grupos-de-productos\/sellantes\/sellantes-acrilicos\/\" class=\"advgb-post-tax-term\">Acr\u00edlicos<\/a>","<a href=\"https:\/\/penosil.com\/es\/categoria-producto\/grupos-de-productos\/\" class=\"advgb-post-tax-term\">Grupos de productos<\/a>","<a href=\"https:\/\/penosil.com\/es\/categoria-producto\/grupos-de-productos\/sellantes\/\" class=\"advgb-post-tax-term\">Sellantes<\/a>","<a href=\"https:\/\/penosil.com\/es\/categoria-producto\/easy-pro\/\" class=\"advgb-post-tax-term\">EasyPRO<\/a>","<a href=\"https:\/\/penosil.com\/es\/categoria-producto\/easy-pro\/relleno-y-pintado\/\" class=\"advgb-post-tax-term\">Relleno y Pintado<\/a>"],"unlinked":["<span class=\"advgb-post-tax-term\">Acr\u00edlicos<\/span>","<span class=\"advgb-post-tax-term\">Grupos de productos<\/span>","<span class=\"advgb-post-tax-term\">Sellantes<\/span>","<span class=\"advgb-post-tax-term\">EasyPRO<\/span>","<span class=\"advgb-post-tax-term\">Relleno y Pintado<\/span>"],"slug":"product_cat","name":"Categor\u00edas del producto"},"product_tag":{"linked":[],"unlinked":[],"slug":"product_tag","name":"Etiquetas del producto"},"product_shipping_class":{"linked":[],"unlinked":[],"slug":"product_shipping_class","name":"Clases de env\u00edo del producto"},"pos_product_visibility":{"linked":[],"unlinked":[],"slug":"pos_product_visibility","name":"Visibilidad del producto en el punto de venta"},"pa_color":{"linked":["<a href=\"https:\/\/penosil.com\/es\/?taxonomy=pa_color&#038;term=blanco\" class=\"advgb-post-tax-term\">Blanco<\/a>"],"unlinked":["<span class=\"advgb-post-tax-term\">Blanco<\/span>"],"slug":"pa_color","name":"Colores"},"pa_package":{"linked":["<a href=\"https:\/\/penosil.com\/es\/?taxonomy=pa_package&#038;term=cubo-5-lt\" class=\"advgb-post-tax-term\">Cubo 5 Lt<\/a>","<a href=\"https:\/\/penosil.com\/es\/?taxonomy=pa_package&#038;term=cubo-16-lt\" class=\"advgb-post-tax-term\">Cubo 16 Lt<\/a>"],"unlinked":["<span class=\"advgb-post-tax-term\">Cubo 5 Lt<\/span>","<span class=\"advgb-post-tax-term\">Cubo 16 Lt<\/span>"],"slug":"pa_package","name":"Formatos"},"translation_priority":{"linked":["<a href=\"https:\/\/penosil.com\/es\/?taxonomy=translation_priority&#038;term=opcional-es\" class=\"advgb-post-tax-term\">Opcional<\/a>"],"unlinked":["<span class=\"advgb-post-tax-term\">Opcional<\/span>"],"slug":"translation_priority","name":"Prioridades de traducci\u00f3n"}},"series_order":"","_links":{"self":[{"href":"https:\/\/penosil.com\/es\/wp-json\/wp\/v2\/product\/7939","targetHints":{"allow":["GET"]}}],"collection":[{"href":"https:\/\/penosil.com\/es\/wp-json\/wp\/v2\/product"}],"about":[{"href":"https:\/\/penosil.com\/es\/wp-json\/wp\/v2\/types\/product"}],"version-history":[{"count":6,"href":"https:\/\/penosil.com\/es\/wp-json\/wp\/v2\/product\/7939\/revisions"}],"predecessor-version":[{"id":12799,"href":"https:\/\/penosil.com\/es\/wp-json\/wp\/v2\/product\/7939\/revisions\/12799"}],"wp:featuredmedia":[{"embeddable":true,"href":"https:\/\/penosil.com\/es\/wp-json\/wp\/v2\/media\/12590"}],"wp:attachment":[{"href":"https:\/\/penosil.com\/es\/wp-json\/wp\/v2\/media?parent=7939"}],"wp:term":[{"taxonomy":"product_brand","embeddable":true,"href":"https:\/\/penosil.com\/es\/wp-json\/wp\/v2\/product_brand?post=7939"},{"taxonomy":"product_cat","embeddable":true,"href":"https:\/\/penosil.com\/es\/wp-json\/wp\/v2\/product_cat?post=7939"},{"taxonomy":"product_tag","embeddable":true,"href":"https:\/\/penosil.com\/es\/wp-json\/wp\/v2\/product_tag?post=7939"}],"curies":[{"name":"wp","href":"https:\/\/api.w.org\/{rel}","templated":true}]}}