{"id":7948,"date":"2021-04-19T10:22:47","date_gmt":"2021-04-19T10:22:47","guid":{"rendered":"https:\/\/penosil.com\/es\/?post_type=product&#038;p=7948"},"modified":"2026-04-15T13:00:58","modified_gmt":"2026-04-15T11:00:58","slug":"pistola-espuma-s1-profesional","status":"publish","type":"product","link":"https:\/\/penosil.com\/es\/producto\/pistola-espuma-s1-profesional\/","title":{"rendered":"Pistola Espuma S1"},"content":{"rendered":"<p>Pistola profesional para espuma de poliuretano. Con adaptador universal de Teflon\u00ae para mejor limpieza. R\u00e1pida, f\u00e1cil de usar y resistente. Dosificaci\u00f3n precisa.<\/p>\n","protected":false},"excerpt":{"rendered":"Pistola profesional para espuma de poliuretano. Con adaptador universal de Teflon\u00ae para mejor limpieza. R\u00e1pida, f\u00e1cil de usar y resistente. Dosificaci\u00f3n precisa.","protected":false},"author":24,"featured_media":7952,"template":"","meta":{"_acf_changed":false,"advgb_blocks_editor_width":"","advgb_blocks_columns_visual_guide":"","footnotes":""},"product_brand":[],"product_cat":[2367,1372,1818],"product_tag":[],"class_list":{"0":"post-7948","1":"product","2":"type-product","3":"status-publish","4":"has-post-thumbnail","6":"product_cat-pistolas-espuma-poliuretano","7":"product_cat-grupos-de-productos","8":"product_cat-herramientas-y-accesorios","10":"first","11":"instock","12":"taxable","13":"shipping-taxable","14":"purchasable","15":"product-type-simple"},"acf":[],"yoast_head":"<!-- This site is optimized with the Yoast SEO plugin v27.2 - https:\/\/yoast.com\/product\/yoast-seo-wordpress\/ -->\n<title>PENOSIL Pistola Espuma S1 Pistola Profesional Espuma PU<\/title>\n<meta name=\"description\" content=\"Pistola profesional para espuma de poliuretano con adaptador universal de Teflon\u00ae y dosificaci\u00f3n precisa. R\u00e1pida, F\u00e1cil de usar y Resistente. Ver m\u00e1s...\" \/>\n<meta name=\"robots\" content=\"index, follow, max-snippet:-1, max-image-preview:large, max-video-preview:-1\" \/>\n<link rel=\"canonical\" href=\"https:\/\/penosil.com\/es\/producto\/pistola-espuma-s1-profesional\/\" \/>\n<meta property=\"og:locale\" content=\"es_ES\" \/>\n<meta property=\"og:type\" content=\"article\" \/>\n<meta property=\"og:title\" content=\"PENOSIL Pistola Espuma S1 Pistola Profesional Espuma PU\" \/>\n<meta property=\"og:description\" content=\"Pistola profesional para espuma de poliuretano con adaptador universal de Teflon\u00ae y dosificaci\u00f3n precisa. R\u00e1pida, F\u00e1cil de usar y Resistente. Ver m\u00e1s...\" \/>\n<meta property=\"og:url\" content=\"https:\/\/penosil.com\/es\/producto\/pistola-espuma-s1-profesional\/\" \/>\n<meta property=\"og:site_name\" content=\"Penosil Spain\" \/>\n<meta property=\"article:modified_time\" content=\"2026-04-15T11:00:58+00:00\" \/>\n<meta property=\"og:image\" content=\"https:\/\/penosil.com\/es\/wp-content\/uploads\/sites\/9\/2021\/04\/MicrosoftTeams-image-1-700x377.png\" \/>\n\t<meta property=\"og:image:width\" content=\"700\" \/>\n\t<meta property=\"og:image:height\" content=\"377\" \/>\n\t<meta property=\"og:image:type\" content=\"image\/png\" \/>\n<meta name=\"twitter:card\" content=\"summary_large_image\" \/>\n<meta name=\"twitter:label1\" content=\"Tiempo de lectura\" \/>\n\t<meta name=\"twitter:data1\" content=\"3 minutos\" \/>\n<script type=\"application\/ld+json\" class=\"yoast-schema-graph\">{\"@context\":\"https:\/\/schema.org\",\"@graph\":[{\"@type\":[\"WebPage\",\"ItemPage\"],\"@id\":\"https:\/\/penosil.com\/es\/producto\/pistola-espuma-s1-profesional\/\",\"url\":\"https:\/\/penosil.com\/es\/producto\/pistola-espuma-s1-profesional\/\",\"name\":\"PENOSIL Pistola Espuma S1 Pistola Profesional Espuma PU\",\"isPartOf\":{\"@id\":\"https:\/\/penosil.com\/es\/#website\"},\"primaryImageOfPage\":{\"@id\":\"https:\/\/penosil.com\/es\/producto\/pistola-espuma-s1-profesional\/#primaryimage\"},\"image\":{\"@id\":\"https:\/\/penosil.com\/es\/producto\/pistola-espuma-s1-profesional\/#primaryimage\"},\"thumbnailUrl\":\"https:\/\/penosil.com\/es\/wp-content\/uploads\/sites\/9\/2021\/04\/MicrosoftTeams-image-1.png\",\"datePublished\":\"2021-04-19T10:22:47+00:00\",\"dateModified\":\"2026-04-15T11:00:58+00:00\",\"description\":\"Pistola profesional para espuma de poliuretano con adaptador universal de Teflon\u00ae y dosificaci\u00f3n precisa. R\u00e1pida, F\u00e1cil de usar y Resistente. Ver m\u00e1s...\",\"breadcrumb\":{\"@id\":\"https:\/\/penosil.com\/es\/producto\/pistola-espuma-s1-profesional\/#breadcrumb\"},\"inLanguage\":\"es\",\"potentialAction\":[{\"@type\":\"ReadAction\",\"target\":[\"https:\/\/penosil.com\/es\/producto\/pistola-espuma-s1-profesional\/\"]}]},{\"@type\":\"ImageObject\",\"inLanguage\":\"es\",\"@id\":\"https:\/\/penosil.com\/es\/producto\/pistola-espuma-s1-profesional\/#primaryimage\",\"url\":\"https:\/\/penosil.com\/es\/wp-content\/uploads\/sites\/9\/2021\/04\/MicrosoftTeams-image-1.png\",\"contentUrl\":\"https:\/\/penosil.com\/es\/wp-content\/uploads\/sites\/9\/2021\/04\/MicrosoftTeams-image-1.png\",\"width\":3720,\"height\":2005},{\"@type\":\"BreadcrumbList\",\"@id\":\"https:\/\/penosil.com\/es\/producto\/pistola-espuma-s1-profesional\/#breadcrumb\",\"itemListElement\":[{\"@type\":\"ListItem\",\"position\":1,\"name\":\"Inicio\",\"item\":\"https:\/\/penosil.com\/es\/\"},{\"@type\":\"ListItem\",\"position\":2,\"name\":\"Productos\",\"item\":\"https:\/\/penosil.com\/es\/productos\/\"},{\"@type\":\"ListItem\",\"position\":3,\"name\":\"Pistola Espuma S1\"}]},{\"@type\":\"WebSite\",\"@id\":\"https:\/\/penosil.com\/es\/#website\",\"url\":\"https:\/\/penosil.com\/es\/\",\"name\":\"Penosil Spain\",\"description\":\"\",\"potentialAction\":[{\"@type\":\"SearchAction\",\"target\":{\"@type\":\"EntryPoint\",\"urlTemplate\":\"https:\/\/penosil.com\/es\/?s={search_term_string}\"},\"query-input\":{\"@type\":\"PropertyValueSpecification\",\"valueRequired\":true,\"valueName\":\"search_term_string\"}}],\"inLanguage\":\"es\"}]}<\/script>\n<!-- \/ Yoast SEO plugin. -->","yoast_head_json":{"title":"PENOSIL Pistola Espuma S1 Pistola Profesional Espuma PU","description":"Pistola profesional para espuma de poliuretano con adaptador universal de Teflon\u00ae y dosificaci\u00f3n precisa. R\u00e1pida, F\u00e1cil de usar y Resistente. Ver m\u00e1s...","robots":{"index":"index","follow":"follow","max-snippet":"max-snippet:-1","max-image-preview":"max-image-preview:large","max-video-preview":"max-video-preview:-1"},"canonical":"https:\/\/penosil.com\/es\/producto\/pistola-espuma-s1-profesional\/","og_locale":"es_ES","og_type":"article","og_title":"PENOSIL Pistola Espuma S1 Pistola Profesional Espuma PU","og_description":"Pistola profesional para espuma de poliuretano con adaptador universal de Teflon\u00ae y dosificaci\u00f3n precisa. R\u00e1pida, F\u00e1cil de usar y Resistente. Ver m\u00e1s...","og_url":"https:\/\/penosil.com\/es\/producto\/pistola-espuma-s1-profesional\/","og_site_name":"Penosil Spain","article_modified_time":"2026-04-15T11:00:58+00:00","og_image":[{"width":700,"height":377,"url":"https:\/\/penosil.com\/es\/wp-content\/uploads\/sites\/9\/2021\/04\/MicrosoftTeams-image-1-700x377.png","type":"image\/png"}],"twitter_card":"summary_large_image","twitter_misc":{"Tiempo de lectura":"3 minutos"},"schema":{"@context":"https:\/\/schema.org","@graph":[{"@type":["WebPage","ItemPage"],"@id":"https:\/\/penosil.com\/es\/producto\/pistola-espuma-s1-profesional\/","url":"https:\/\/penosil.com\/es\/producto\/pistola-espuma-s1-profesional\/","name":"PENOSIL Pistola Espuma S1 Pistola Profesional Espuma PU","isPartOf":{"@id":"https:\/\/penosil.com\/es\/#website"},"primaryImageOfPage":{"@id":"https:\/\/penosil.com\/es\/producto\/pistola-espuma-s1-profesional\/#primaryimage"},"image":{"@id":"https:\/\/penosil.com\/es\/producto\/pistola-espuma-s1-profesional\/#primaryimage"},"thumbnailUrl":"https:\/\/penosil.com\/es\/wp-content\/uploads\/sites\/9\/2021\/04\/MicrosoftTeams-image-1.png","datePublished":"2021-04-19T10:22:47+00:00","dateModified":"2026-04-15T11:00:58+00:00","description":"Pistola profesional para espuma de poliuretano con adaptador universal de Teflon\u00ae y dosificaci\u00f3n precisa. R\u00e1pida, F\u00e1cil de usar y Resistente. Ver m\u00e1s...","breadcrumb":{"@id":"https:\/\/penosil.com\/es\/producto\/pistola-espuma-s1-profesional\/#breadcrumb"},"inLanguage":"es","potentialAction":[{"@type":"ReadAction","target":["https:\/\/penosil.com\/es\/producto\/pistola-espuma-s1-profesional\/"]}]},{"@type":"ImageObject","inLanguage":"es","@id":"https:\/\/penosil.com\/es\/producto\/pistola-espuma-s1-profesional\/#primaryimage","url":"https:\/\/penosil.com\/es\/wp-content\/uploads\/sites\/9\/2021\/04\/MicrosoftTeams-image-1.png","contentUrl":"https:\/\/penosil.com\/es\/wp-content\/uploads\/sites\/9\/2021\/04\/MicrosoftTeams-image-1.png","width":3720,"height":2005},{"@type":"BreadcrumbList","@id":"https:\/\/penosil.com\/es\/producto\/pistola-espuma-s1-profesional\/#breadcrumb","itemListElement":[{"@type":"ListItem","position":1,"name":"Inicio","item":"https:\/\/penosil.com\/es\/"},{"@type":"ListItem","position":2,"name":"Productos","item":"https:\/\/penosil.com\/es\/productos\/"},{"@type":"ListItem","position":3,"name":"Pistola Espuma S1"}]},{"@type":"WebSite","@id":"https:\/\/penosil.com\/es\/#website","url":"https:\/\/penosil.com\/es\/","name":"Penosil Spain","description":"","potentialAction":[{"@type":"SearchAction","target":{"@type":"EntryPoint","urlTemplate":"https:\/\/penosil.com\/es\/?s={search_term_string}"},"query-input":{"@type":"PropertyValueSpecification","valueRequired":true,"valueName":"search_term_string"}}],"inLanguage":"es"}]}},"featured_img":"https:\/\/penosil.com\/es\/wp-content\/uploads\/sites\/9\/2021\/04\/MicrosoftTeams-image-1.png","coauthors":[],"author_meta":{"author_link":"https:\/\/penosil.com\/es\/author\/armand\/","display_name":"armand"},"relative_dates":{"created":"Publicado 5 a\u00f1os hace","modified":"Actualizado 8 horas hace"},"absolute_dates":{"created":"Publicado el 04\/19\/2021","modified":"Actualizado el 04\/15\/2026"},"absolute_dates_time":{"created":"Publicado el 04\/19\/2021 10:22 am","modified":"Actualizado el 04\/15\/2026 1:00 pm"},"featured_img_caption":"","tax_additional":{"product_brand":{"linked":[],"unlinked":[],"slug":"product_brand","name":"Marcas"},"product_type":{"linked":["<a href=\"https:\/\/penosil.com\/es\/?taxonomy=product_type&#038;term=simple\" class=\"advgb-post-tax-term\">simple<\/a>"],"unlinked":["<span class=\"advgb-post-tax-term\">simple<\/span>"],"slug":"product_type","name":"Tipo de producto"},"product_visibility":{"linked":[],"unlinked":[],"slug":"product_visibility","name":"Visibilidad del producto"},"product_cat":{"linked":["<a href=\"https:\/\/penosil.com\/es\/categoria-producto\/grupos-de-productos\/herramientas-y-accesorios\/pistolas-espuma-poliuretano\/\" class=\"advgb-post-tax-term\">Pistolas espuma PU<\/a>","<a href=\"https:\/\/penosil.com\/es\/categoria-producto\/grupos-de-productos\/\" class=\"advgb-post-tax-term\">Grupos de productos<\/a>","<a href=\"https:\/\/penosil.com\/es\/categoria-producto\/grupos-de-productos\/herramientas-y-accesorios\/\" class=\"advgb-post-tax-term\">Herramientas y Limpiadores<\/a>"],"unlinked":["<span class=\"advgb-post-tax-term\">Pistolas espuma PU<\/span>","<span class=\"advgb-post-tax-term\">Grupos de productos<\/span>","<span class=\"advgb-post-tax-term\">Herramientas y Limpiadores<\/span>"],"slug":"product_cat","name":"Categor\u00edas del producto"},"product_tag":{"linked":[],"unlinked":[],"slug":"product_tag","name":"Etiquetas del producto"},"product_shipping_class":{"linked":[],"unlinked":[],"slug":"product_shipping_class","name":"Clases de env\u00edo del producto"},"pos_product_visibility":{"linked":[],"unlinked":[],"slug":"pos_product_visibility","name":"Visibilidad del producto en el punto de venta"},"pa_color":{"linked":[],"unlinked":[],"slug":"pa_color","name":"Colores"},"pa_package":{"linked":[],"unlinked":[],"slug":"pa_package","name":"Formatos"},"translation_priority":{"linked":["<a href=\"https:\/\/penosil.com\/es\/?taxonomy=translation_priority&#038;term=opcional-es\" class=\"advgb-post-tax-term\">Opcional<\/a>"],"unlinked":["<span class=\"advgb-post-tax-term\">Opcional<\/span>"],"slug":"translation_priority","name":"Prioridades de traducci\u00f3n"}},"series_order":"","_links":{"self":[{"href":"https:\/\/penosil.com\/es\/wp-json\/wp\/v2\/product\/7948","targetHints":{"allow":["GET"]}}],"collection":[{"href":"https:\/\/penosil.com\/es\/wp-json\/wp\/v2\/product"}],"about":[{"href":"https:\/\/penosil.com\/es\/wp-json\/wp\/v2\/types\/product"}],"version-history":[{"count":9,"href":"https:\/\/penosil.com\/es\/wp-json\/wp\/v2\/product\/7948\/revisions"}],"predecessor-version":[{"id":12523,"href":"https:\/\/penosil.com\/es\/wp-json\/wp\/v2\/product\/7948\/revisions\/12523"}],"wp:featuredmedia":[{"embeddable":true,"href":"https:\/\/penosil.com\/es\/wp-json\/wp\/v2\/media\/7952"}],"wp:attachment":[{"href":"https:\/\/penosil.com\/es\/wp-json\/wp\/v2\/media?parent=7948"}],"wp:term":[{"taxonomy":"product_brand","embeddable":true,"href":"https:\/\/penosil.com\/es\/wp-json\/wp\/v2\/product_brand?post=7948"},{"taxonomy":"product_cat","embeddable":true,"href":"https:\/\/penosil.com\/es\/wp-json\/wp\/v2\/product_cat?post=7948"},{"taxonomy":"product_tag","embeddable":true,"href":"https:\/\/penosil.com\/es\/wp-json\/wp\/v2\/product_tag?post=7948"}],"curies":[{"name":"wp","href":"https:\/\/api.w.org\/{rel}","templated":true}]}}