{"id":9308,"date":"2022-11-07T10:15:03","date_gmt":"2022-11-07T10:15:03","guid":{"rendered":"https:\/\/penosil.com\/es\/?post_type=product&#038;p=9308"},"modified":"2026-04-16T01:01:02","modified_gmt":"2026-04-15T23:01:02","slug":"silicona-acetica-universal-360-sanitarios-y-aluminio","status":"publish","type":"product","link":"https:\/\/penosil.com\/es\/producto\/silicona-acetica-universal-360-sanitarios-y-aluminio\/","title":{"rendered":"Silicona Ac\u00e9tica Universal 360"},"content":{"rendered":"<p>Silicona ac\u00e9tica universal para el sellado de uso general en sanitarios, vidrio y carpinter\u00eda de aluminio. No ennegrece, el\u00e1stica y resistente a los UV. Sellado de todo tipo de juntas sanitarias de estanquidad.<\/p>\n","protected":false},"excerpt":{"rendered":"Silicona ac\u00e9tica universal para el sellado de uso general en sanitarios, vidrio y carpinter\u00eda de aluminio. No ennegrece, el\u00e1stica y resistente a los UV. Sellado de todo tipo de juntas sanitarias de estanquidad.","protected":false},"author":67,"featured_media":12358,"template":"","meta":{"_acf_changed":false,"advgb_blocks_editor_width":"","advgb_blocks_columns_visual_guide":"","footnotes":""},"product_brand":[],"product_cat":[2295,1372,1614,1653,2304],"product_tag":[],"class_list":{"0":"post-9308","1":"product","2":"type-product","3":"status-publish","4":"has-post-thumbnail","6":"product_cat-areas-de-aplicacion","7":"product_cat-grupos-de-productos","8":"product_cat-sellantes","9":"product_cat-siliconas","10":"product_cat-sanitaria","12":"first","13":"instock","14":"taxable","15":"shipping-taxable","16":"purchasable","17":"product-type-variable"},"acf":[],"yoast_head":"<!-- This site is optimized with the Yoast SEO plugin v27.2 - https:\/\/yoast.com\/product\/yoast-seo-wordpress\/ -->\n<title>PENOSIL Silicona Ac\u00e9tica Universal 360 Sanitarios y Aluminio<\/title>\n<meta name=\"description\" content=\"Silicona ac\u00e9tica universal para el sellado sanitario y carpinter\u00eda de aluminio. Curado r\u00e1pido, sellado herm\u00e9tico, no ennegrece y resiste a los UV. Ver m\u00e1s &gt;\" \/>\n<meta name=\"robots\" content=\"index, follow, max-snippet:-1, max-image-preview:large, max-video-preview:-1\" \/>\n<link rel=\"canonical\" href=\"https:\/\/penosil.com\/es\/producto\/silicona-acetica-universal-360-sanitarios-y-aluminio\/\" \/>\n<meta property=\"og:locale\" content=\"es_ES\" \/>\n<meta property=\"og:type\" content=\"article\" \/>\n<meta property=\"og:title\" content=\"PENOSIL Silicona Ac\u00e9tica Universal 360 Sanitarios y Aluminio\" \/>\n<meta property=\"og:description\" content=\"Silicona ac\u00e9tica universal para el sellado sanitario y carpinter\u00eda de aluminio. Curado r\u00e1pido, sellado herm\u00e9tico, no ennegrece y resiste a los UV. Ver m\u00e1s &gt;\" \/>\n<meta property=\"og:url\" content=\"https:\/\/penosil.com\/es\/producto\/silicona-acetica-universal-360-sanitarios-y-aluminio\/\" \/>\n<meta property=\"og:site_name\" content=\"Penosil Spain\" \/>\n<meta property=\"article:modified_time\" content=\"2026-04-15T23:01:02+00:00\" \/>\n<meta property=\"og:image\" content=\"https:\/\/penosil.com\/es\/wp-content\/uploads\/sites\/9\/2022\/11\/Silicona-Acetica-Antimoho-Penosil-Universal-360-1.png\" \/>\n\t<meta property=\"og:image:width\" content=\"387\" \/>\n\t<meta property=\"og:image:height\" content=\"1080\" \/>\n\t<meta property=\"og:image:type\" content=\"image\/png\" \/>\n<meta name=\"twitter:card\" content=\"summary_large_image\" \/>\n<meta name=\"twitter:label1\" content=\"Tiempo de lectura\" \/>\n\t<meta name=\"twitter:data1\" content=\"4 minutos\" \/>\n<script type=\"application\/ld+json\" class=\"yoast-schema-graph\">{\"@context\":\"https:\/\/schema.org\",\"@graph\":[{\"@type\":[\"WebPage\",\"ItemPage\"],\"@id\":\"https:\/\/penosil.com\/es\/producto\/silicona-acetica-universal-360-sanitarios-y-aluminio\/\",\"url\":\"https:\/\/penosil.com\/es\/producto\/silicona-acetica-universal-360-sanitarios-y-aluminio\/\",\"name\":\"PENOSIL Silicona Ac\u00e9tica Universal 360 Sanitarios y Aluminio\",\"isPartOf\":{\"@id\":\"https:\/\/penosil.com\/es\/#website\"},\"primaryImageOfPage\":{\"@id\":\"https:\/\/penosil.com\/es\/producto\/silicona-acetica-universal-360-sanitarios-y-aluminio\/#primaryimage\"},\"image\":{\"@id\":\"https:\/\/penosil.com\/es\/producto\/silicona-acetica-universal-360-sanitarios-y-aluminio\/#primaryimage\"},\"thumbnailUrl\":\"https:\/\/penosil.com\/es\/wp-content\/uploads\/sites\/9\/2022\/11\/Silicona-Acetica-Antimoho-Penosil-Universal-360-1.png\",\"datePublished\":\"2022-11-07T10:15:03+00:00\",\"dateModified\":\"2026-04-15T23:01:02+00:00\",\"description\":\"Silicona ac\u00e9tica universal para el sellado sanitario y carpinter\u00eda de aluminio. Curado r\u00e1pido, sellado herm\u00e9tico, no ennegrece y resiste a los UV. Ver m\u00e1s >\",\"breadcrumb\":{\"@id\":\"https:\/\/penosil.com\/es\/producto\/silicona-acetica-universal-360-sanitarios-y-aluminio\/#breadcrumb\"},\"inLanguage\":\"es\",\"potentialAction\":[{\"@type\":\"ReadAction\",\"target\":[\"https:\/\/penosil.com\/es\/producto\/silicona-acetica-universal-360-sanitarios-y-aluminio\/\"]}]},{\"@type\":\"ImageObject\",\"inLanguage\":\"es\",\"@id\":\"https:\/\/penosil.com\/es\/producto\/silicona-acetica-universal-360-sanitarios-y-aluminio\/#primaryimage\",\"url\":\"https:\/\/penosil.com\/es\/wp-content\/uploads\/sites\/9\/2022\/11\/Silicona-Acetica-Antimoho-Penosil-Universal-360-1.png\",\"contentUrl\":\"https:\/\/penosil.com\/es\/wp-content\/uploads\/sites\/9\/2022\/11\/Silicona-Acetica-Antimoho-Penosil-Universal-360-1.png\",\"width\":387,\"height\":1080,\"caption\":\"Silicona Ac\u00e9tica Sanitaria Antimoho Penosil Universal 360 Blanco\"},{\"@type\":\"BreadcrumbList\",\"@id\":\"https:\/\/penosil.com\/es\/producto\/silicona-acetica-universal-360-sanitarios-y-aluminio\/#breadcrumb\",\"itemListElement\":[{\"@type\":\"ListItem\",\"position\":1,\"name\":\"Inicio\",\"item\":\"https:\/\/penosil.com\/es\/\"},{\"@type\":\"ListItem\",\"position\":2,\"name\":\"Productos\",\"item\":\"https:\/\/penosil.com\/es\/productos\/\"},{\"@type\":\"ListItem\",\"position\":3,\"name\":\"Silicona Ac\u00e9tica Universal 360\"}]},{\"@type\":\"WebSite\",\"@id\":\"https:\/\/penosil.com\/es\/#website\",\"url\":\"https:\/\/penosil.com\/es\/\",\"name\":\"Penosil Spain\",\"description\":\"\",\"potentialAction\":[{\"@type\":\"SearchAction\",\"target\":{\"@type\":\"EntryPoint\",\"urlTemplate\":\"https:\/\/penosil.com\/es\/?s={search_term_string}\"},\"query-input\":{\"@type\":\"PropertyValueSpecification\",\"valueRequired\":true,\"valueName\":\"search_term_string\"}}],\"inLanguage\":\"es\"}]}<\/script>\n<!-- \/ Yoast SEO plugin. -->","yoast_head_json":{"title":"PENOSIL Silicona Ac\u00e9tica Universal 360 Sanitarios y Aluminio","description":"Silicona ac\u00e9tica universal para el sellado sanitario y carpinter\u00eda de aluminio. Curado r\u00e1pido, sellado herm\u00e9tico, no ennegrece y resiste a los UV. Ver m\u00e1s >","robots":{"index":"index","follow":"follow","max-snippet":"max-snippet:-1","max-image-preview":"max-image-preview:large","max-video-preview":"max-video-preview:-1"},"canonical":"https:\/\/penosil.com\/es\/producto\/silicona-acetica-universal-360-sanitarios-y-aluminio\/","og_locale":"es_ES","og_type":"article","og_title":"PENOSIL Silicona Ac\u00e9tica Universal 360 Sanitarios y Aluminio","og_description":"Silicona ac\u00e9tica universal para el sellado sanitario y carpinter\u00eda de aluminio. Curado r\u00e1pido, sellado herm\u00e9tico, no ennegrece y resiste a los UV. Ver m\u00e1s >","og_url":"https:\/\/penosil.com\/es\/producto\/silicona-acetica-universal-360-sanitarios-y-aluminio\/","og_site_name":"Penosil Spain","article_modified_time":"2026-04-15T23:01:02+00:00","og_image":[{"width":387,"height":1080,"url":"https:\/\/penosil.com\/es\/wp-content\/uploads\/sites\/9\/2022\/11\/Silicona-Acetica-Antimoho-Penosil-Universal-360-1.png","type":"image\/png"}],"twitter_card":"summary_large_image","twitter_misc":{"Tiempo de lectura":"4 minutos"},"schema":{"@context":"https:\/\/schema.org","@graph":[{"@type":["WebPage","ItemPage"],"@id":"https:\/\/penosil.com\/es\/producto\/silicona-acetica-universal-360-sanitarios-y-aluminio\/","url":"https:\/\/penosil.com\/es\/producto\/silicona-acetica-universal-360-sanitarios-y-aluminio\/","name":"PENOSIL Silicona Ac\u00e9tica Universal 360 Sanitarios y Aluminio","isPartOf":{"@id":"https:\/\/penosil.com\/es\/#website"},"primaryImageOfPage":{"@id":"https:\/\/penosil.com\/es\/producto\/silicona-acetica-universal-360-sanitarios-y-aluminio\/#primaryimage"},"image":{"@id":"https:\/\/penosil.com\/es\/producto\/silicona-acetica-universal-360-sanitarios-y-aluminio\/#primaryimage"},"thumbnailUrl":"https:\/\/penosil.com\/es\/wp-content\/uploads\/sites\/9\/2022\/11\/Silicona-Acetica-Antimoho-Penosil-Universal-360-1.png","datePublished":"2022-11-07T10:15:03+00:00","dateModified":"2026-04-15T23:01:02+00:00","description":"Silicona ac\u00e9tica universal para el sellado sanitario y carpinter\u00eda de aluminio. Curado r\u00e1pido, sellado herm\u00e9tico, no ennegrece y resiste a los UV. Ver m\u00e1s >","breadcrumb":{"@id":"https:\/\/penosil.com\/es\/producto\/silicona-acetica-universal-360-sanitarios-y-aluminio\/#breadcrumb"},"inLanguage":"es","potentialAction":[{"@type":"ReadAction","target":["https:\/\/penosil.com\/es\/producto\/silicona-acetica-universal-360-sanitarios-y-aluminio\/"]}]},{"@type":"ImageObject","inLanguage":"es","@id":"https:\/\/penosil.com\/es\/producto\/silicona-acetica-universal-360-sanitarios-y-aluminio\/#primaryimage","url":"https:\/\/penosil.com\/es\/wp-content\/uploads\/sites\/9\/2022\/11\/Silicona-Acetica-Antimoho-Penosil-Universal-360-1.png","contentUrl":"https:\/\/penosil.com\/es\/wp-content\/uploads\/sites\/9\/2022\/11\/Silicona-Acetica-Antimoho-Penosil-Universal-360-1.png","width":387,"height":1080,"caption":"Silicona Ac\u00e9tica Sanitaria Antimoho Penosil Universal 360 Blanco"},{"@type":"BreadcrumbList","@id":"https:\/\/penosil.com\/es\/producto\/silicona-acetica-universal-360-sanitarios-y-aluminio\/#breadcrumb","itemListElement":[{"@type":"ListItem","position":1,"name":"Inicio","item":"https:\/\/penosil.com\/es\/"},{"@type":"ListItem","position":2,"name":"Productos","item":"https:\/\/penosil.com\/es\/productos\/"},{"@type":"ListItem","position":3,"name":"Silicona Ac\u00e9tica Universal 360"}]},{"@type":"WebSite","@id":"https:\/\/penosil.com\/es\/#website","url":"https:\/\/penosil.com\/es\/","name":"Penosil Spain","description":"","potentialAction":[{"@type":"SearchAction","target":{"@type":"EntryPoint","urlTemplate":"https:\/\/penosil.com\/es\/?s={search_term_string}"},"query-input":{"@type":"PropertyValueSpecification","valueRequired":true,"valueName":"search_term_string"}}],"inLanguage":"es"}]}},"featured_img":"https:\/\/penosil.com\/es\/wp-content\/uploads\/sites\/9\/2022\/11\/Silicona-Acetica-Antimoho-Penosil-Universal-360-1.png","coauthors":[],"author_meta":{"author_link":"https:\/\/penosil.com\/es\/author\/pedro\/","display_name":"pedro"},"relative_dates":{"created":"Publicado 3 a\u00f1os hace","modified":"Actualizado 8 horas hace"},"absolute_dates":{"created":"Publicado el 11\/07\/2022","modified":"Actualizado el 04\/16\/2026"},"absolute_dates_time":{"created":"Publicado el 11\/07\/2022 10:15 am","modified":"Actualizado el 04\/16\/2026 1:01 am"},"featured_img_caption":"Silicona Ac\u00e9tica Sanitaria Antimoho Penosil Universal 360 Blanco","tax_additional":{"product_brand":{"linked":[],"unlinked":[],"slug":"product_brand","name":"Marcas"},"product_type":{"linked":["<a href=\"https:\/\/penosil.com\/es\/?taxonomy=product_type&#038;term=variable\" class=\"advgb-post-tax-term\">variable<\/a>"],"unlinked":["<span class=\"advgb-post-tax-term\">variable<\/span>"],"slug":"product_type","name":"Tipo de producto"},"product_visibility":{"linked":[],"unlinked":[],"slug":"product_visibility","name":"Visibilidad del producto"},"product_cat":{"linked":["<a href=\"https:\/\/penosil.com\/es\/categoria-producto\/areas-de-aplicacion\/\" class=\"advgb-post-tax-term\">\u00c1reas de Aplicaci\u00f3n<\/a>","<a href=\"https:\/\/penosil.com\/es\/categoria-producto\/grupos-de-productos\/\" class=\"advgb-post-tax-term\">Grupos de productos<\/a>","<a href=\"https:\/\/penosil.com\/es\/categoria-producto\/grupos-de-productos\/sellantes\/\" class=\"advgb-post-tax-term\">Sellantes<\/a>","<a href=\"https:\/\/penosil.com\/es\/categoria-producto\/grupos-de-productos\/sellantes\/siliconas\/\" class=\"advgb-post-tax-term\">Siliconas<\/a>","<a href=\"https:\/\/penosil.com\/es\/categoria-producto\/areas-de-aplicacion\/sanitaria\/\" class=\"advgb-post-tax-term\">Sanitaria<\/a>"],"unlinked":["<span class=\"advgb-post-tax-term\">\u00c1reas de Aplicaci\u00f3n<\/span>","<span class=\"advgb-post-tax-term\">Grupos de productos<\/span>","<span class=\"advgb-post-tax-term\">Sellantes<\/span>","<span class=\"advgb-post-tax-term\">Siliconas<\/span>","<span class=\"advgb-post-tax-term\">Sanitaria<\/span>"],"slug":"product_cat","name":"Categor\u00edas del producto"},"product_tag":{"linked":[],"unlinked":[],"slug":"product_tag","name":"Etiquetas del producto"},"product_shipping_class":{"linked":[],"unlinked":[],"slug":"product_shipping_class","name":"Clases de env\u00edo del producto"},"pos_product_visibility":{"linked":[],"unlinked":[],"slug":"pos_product_visibility","name":"Visibilidad del producto en el punto de venta"},"pa_color":{"linked":["<a href=\"https:\/\/penosil.com\/es\/?taxonomy=pa_color&#038;term=gris-g09\" class=\"advgb-post-tax-term\">Gris<\/a>","<a href=\"https:\/\/penosil.com\/es\/?taxonomy=pa_color&#038;term=blanco\" class=\"advgb-post-tax-term\">Blanco<\/a>","<a href=\"https:\/\/penosil.com\/es\/?taxonomy=pa_color&#038;term=translucido\" class=\"advgb-post-tax-term\">Transl\u00facido<\/a>","<a href=\"https:\/\/penosil.com\/es\/?taxonomy=pa_color&#038;term=aluminio\" class=\"advgb-post-tax-term\">Aluminio<\/a>","<a href=\"https:\/\/penosil.com\/es\/?taxonomy=pa_color&#038;term=negro\" class=\"advgb-post-tax-term\">Negro<\/a>"],"unlinked":["<span class=\"advgb-post-tax-term\">Gris<\/span>","<span class=\"advgb-post-tax-term\">Blanco<\/span>","<span class=\"advgb-post-tax-term\">Transl\u00facido<\/span>","<span class=\"advgb-post-tax-term\">Aluminio<\/span>","<span class=\"advgb-post-tax-term\">Negro<\/span>"],"slug":"pa_color","name":"Colores"},"pa_package":{"linked":["<a href=\"https:\/\/penosil.com\/es\/?taxonomy=pa_package&#038;term=cartucho-280-ml\" class=\"advgb-post-tax-term\">Cartucho 280 ml<\/a>"],"unlinked":["<span class=\"advgb-post-tax-term\">Cartucho 280 ml<\/span>"],"slug":"pa_package","name":"Formatos"},"translation_priority":{"linked":["<a href=\"https:\/\/penosil.com\/es\/?taxonomy=translation_priority&#038;term=opcional-es\" class=\"advgb-post-tax-term\">Opcional<\/a>"],"unlinked":["<span class=\"advgb-post-tax-term\">Opcional<\/span>"],"slug":"translation_priority","name":"Prioridades de traducci\u00f3n"}},"series_order":"","_links":{"self":[{"href":"https:\/\/penosil.com\/es\/wp-json\/wp\/v2\/product\/9308","targetHints":{"allow":["GET"]}}],"collection":[{"href":"https:\/\/penosil.com\/es\/wp-json\/wp\/v2\/product"}],"about":[{"href":"https:\/\/penosil.com\/es\/wp-json\/wp\/v2\/types\/product"}],"version-history":[{"count":20,"href":"https:\/\/penosil.com\/es\/wp-json\/wp\/v2\/product\/9308\/revisions"}],"predecessor-version":[{"id":12369,"href":"https:\/\/penosil.com\/es\/wp-json\/wp\/v2\/product\/9308\/revisions\/12369"}],"wp:featuredmedia":[{"embeddable":true,"href":"https:\/\/penosil.com\/es\/wp-json\/wp\/v2\/media\/12358"}],"wp:attachment":[{"href":"https:\/\/penosil.com\/es\/wp-json\/wp\/v2\/media?parent=9308"}],"wp:term":[{"taxonomy":"product_brand","embeddable":true,"href":"https:\/\/penosil.com\/es\/wp-json\/wp\/v2\/product_brand?post=9308"},{"taxonomy":"product_cat","embeddable":true,"href":"https:\/\/penosil.com\/es\/wp-json\/wp\/v2\/product_cat?post=9308"},{"taxonomy":"product_tag","embeddable":true,"href":"https:\/\/penosil.com\/es\/wp-json\/wp\/v2\/product_tag?post=9308"}],"curies":[{"name":"wp","href":"https:\/\/api.w.org\/{rel}","templated":true}]}}