{"id":9432,"date":"2022-11-07T10:15:39","date_gmt":"2022-11-07T10:15:39","guid":{"rendered":"https:\/\/penosil.com\/es\/?post_type=product&#038;p=9432"},"modified":"2026-04-19T01:00:59","modified_gmt":"2026-04-18T23:00:59","slug":"cianoacrilato-a-40-adhesivo-instantaneo-3-seg","status":"publish","type":"product","link":"https:\/\/penosil.com\/es\/producto\/cianoacrilato-a-40-adhesivo-instantaneo-3-seg\/","title":{"rendered":"Cianoacrilato A-40"},"content":{"rendered":"<p>Adhesivo instant\u00e1neo de cianocrilato de alta viscosidad para trabajos de reparaci\u00f3n extra r\u00e1pidos. Garantiza una uni\u00f3n extra r\u00e1pida y fuerte incluso con superficies porosas e irregulares.<\/p>\n","protected":false},"excerpt":{"rendered":"Adhesivo instant\u00e1neo de cianocrilato de alta viscosidad para trabajos de reparaci\u00f3n extra r\u00e1pidos. Garantiza una uni\u00f3n extra r\u00e1pida y fuerte incluso con superficies porosas e irregulares.","protected":false},"author":67,"featured_media":9935,"template":"","meta":{"_acf_changed":false,"advgb_blocks_editor_width":"","advgb_blocks_columns_visual_guide":"","footnotes":""},"product_brand":[],"product_cat":[2242,2295,1372,1393,2362,2302],"product_tag":[],"class_list":{"0":"post-9432","1":"product","2":"type-product","3":"status-publish","4":"has-post-thumbnail","6":"product_cat-nuevos-productos","7":"product_cat-areas-de-aplicacion","8":"product_cat-grupos-de-productos","9":"product_cat-adhesivos","10":"product_cat-cianocrilatos","11":"product_cat-adhesivos-2","13":"first","14":"instock","15":"taxable","16":"shipping-taxable","17":"purchasable","18":"product-type-variable"},"acf":[],"yoast_head":"<!-- This site is optimized with the Yoast SEO plugin v27.2 - https:\/\/yoast.com\/product\/yoast-seo-wordpress\/ -->\n<title>PENOSIL Cianoacrilato A-40 - Adhesivo instant\u00e1neo 3 seg.<\/title>\n<meta name=\"description\" content=\"Adhesivo instant\u00e1neo 3 seg transparente PENOSIL Cianoacrilato A-40. Une los materiales en 3 segundos. Uniones invisibles extremadamente resistentes.\" \/>\n<meta name=\"robots\" content=\"index, follow, max-snippet:-1, max-image-preview:large, max-video-preview:-1\" \/>\n<link rel=\"canonical\" href=\"https:\/\/penosil.com\/es\/producto\/cianoacrilato-a-40-adhesivo-instantaneo-3-seg\/\" \/>\n<meta property=\"og:locale\" content=\"es_ES\" \/>\n<meta property=\"og:type\" content=\"article\" \/>\n<meta property=\"og:title\" content=\"PENOSIL Cianoacrilato A-40 - Adhesivo instant\u00e1neo 3 seg.\" \/>\n<meta property=\"og:description\" content=\"Adhesivo instant\u00e1neo 3 seg transparente PENOSIL Cianoacrilato A-40. Une los materiales en 3 segundos. Uniones invisibles extremadamente resistentes.\" \/>\n<meta property=\"og:url\" content=\"https:\/\/penosil.com\/es\/producto\/cianoacrilato-a-40-adhesivo-instantaneo-3-seg\/\" \/>\n<meta property=\"og:site_name\" content=\"Penosil Spain\" \/>\n<meta property=\"article:modified_time\" content=\"2026-04-18T23:00:59+00:00\" \/>\n<meta property=\"og:image\" content=\"https:\/\/penosil.com\/es\/wp-content\/uploads\/sites\/9\/2022\/11\/A-40.png\" \/>\n\t<meta property=\"og:image:width\" content=\"400\" \/>\n\t<meta property=\"og:image:height\" content=\"1080\" \/>\n\t<meta property=\"og:image:type\" content=\"image\/png\" \/>\n<meta name=\"twitter:card\" content=\"summary_large_image\" \/>\n<meta name=\"twitter:label1\" content=\"Tiempo de lectura\" \/>\n\t<meta name=\"twitter:data1\" content=\"3 minutos\" \/>\n<script type=\"application\/ld+json\" class=\"yoast-schema-graph\">{\"@context\":\"https:\/\/schema.org\",\"@graph\":[{\"@type\":[\"WebPage\",\"ItemPage\"],\"@id\":\"https:\/\/penosil.com\/es\/producto\/cianoacrilato-a-40-adhesivo-instantaneo-3-seg\/\",\"url\":\"https:\/\/penosil.com\/es\/producto\/cianoacrilato-a-40-adhesivo-instantaneo-3-seg\/\",\"name\":\"PENOSIL Cianoacrilato A-40 - Adhesivo instant\u00e1neo 3 seg.\",\"isPartOf\":{\"@id\":\"https:\/\/penosil.com\/es\/#website\"},\"primaryImageOfPage\":{\"@id\":\"https:\/\/penosil.com\/es\/producto\/cianoacrilato-a-40-adhesivo-instantaneo-3-seg\/#primaryimage\"},\"image\":{\"@id\":\"https:\/\/penosil.com\/es\/producto\/cianoacrilato-a-40-adhesivo-instantaneo-3-seg\/#primaryimage\"},\"thumbnailUrl\":\"https:\/\/penosil.com\/es\/wp-content\/uploads\/sites\/9\/2022\/11\/A-40.png\",\"datePublished\":\"2022-11-07T10:15:39+00:00\",\"dateModified\":\"2026-04-18T23:00:59+00:00\",\"description\":\"Adhesivo instant\u00e1neo 3 seg transparente PENOSIL Cianoacrilato A-40. Une los materiales en 3 segundos. Uniones invisibles extremadamente resistentes.\",\"breadcrumb\":{\"@id\":\"https:\/\/penosil.com\/es\/producto\/cianoacrilato-a-40-adhesivo-instantaneo-3-seg\/#breadcrumb\"},\"inLanguage\":\"es\",\"potentialAction\":[{\"@type\":\"ReadAction\",\"target\":[\"https:\/\/penosil.com\/es\/producto\/cianoacrilato-a-40-adhesivo-instantaneo-3-seg\/\"]}]},{\"@type\":\"ImageObject\",\"inLanguage\":\"es\",\"@id\":\"https:\/\/penosil.com\/es\/producto\/cianoacrilato-a-40-adhesivo-instantaneo-3-seg\/#primaryimage\",\"url\":\"https:\/\/penosil.com\/es\/wp-content\/uploads\/sites\/9\/2022\/11\/A-40.png\",\"contentUrl\":\"https:\/\/penosil.com\/es\/wp-content\/uploads\/sites\/9\/2022\/11\/A-40.png\",\"width\":400,\"height\":1080,\"caption\":\"Adhesivo instant\u00e1neo 3 segundos. Cianocrilato PENOSIL A-40\"},{\"@type\":\"BreadcrumbList\",\"@id\":\"https:\/\/penosil.com\/es\/producto\/cianoacrilato-a-40-adhesivo-instantaneo-3-seg\/#breadcrumb\",\"itemListElement\":[{\"@type\":\"ListItem\",\"position\":1,\"name\":\"Inicio\",\"item\":\"https:\/\/penosil.com\/es\/\"},{\"@type\":\"ListItem\",\"position\":2,\"name\":\"Productos\",\"item\":\"https:\/\/penosil.com\/es\/productos\/\"},{\"@type\":\"ListItem\",\"position\":3,\"name\":\"Cianoacrilato A-40\"}]},{\"@type\":\"WebSite\",\"@id\":\"https:\/\/penosil.com\/es\/#website\",\"url\":\"https:\/\/penosil.com\/es\/\",\"name\":\"Penosil Spain\",\"description\":\"\",\"potentialAction\":[{\"@type\":\"SearchAction\",\"target\":{\"@type\":\"EntryPoint\",\"urlTemplate\":\"https:\/\/penosil.com\/es\/?s={search_term_string}\"},\"query-input\":{\"@type\":\"PropertyValueSpecification\",\"valueRequired\":true,\"valueName\":\"search_term_string\"}}],\"inLanguage\":\"es\"}]}<\/script>\n<!-- \/ Yoast SEO plugin. -->","yoast_head_json":{"title":"PENOSIL Cianoacrilato A-40 - Adhesivo instant\u00e1neo 3 seg.","description":"Adhesivo instant\u00e1neo 3 seg transparente PENOSIL Cianoacrilato A-40. Une los materiales en 3 segundos. Uniones invisibles extremadamente resistentes.","robots":{"index":"index","follow":"follow","max-snippet":"max-snippet:-1","max-image-preview":"max-image-preview:large","max-video-preview":"max-video-preview:-1"},"canonical":"https:\/\/penosil.com\/es\/producto\/cianoacrilato-a-40-adhesivo-instantaneo-3-seg\/","og_locale":"es_ES","og_type":"article","og_title":"PENOSIL Cianoacrilato A-40 - Adhesivo instant\u00e1neo 3 seg.","og_description":"Adhesivo instant\u00e1neo 3 seg transparente PENOSIL Cianoacrilato A-40. Une los materiales en 3 segundos. Uniones invisibles extremadamente resistentes.","og_url":"https:\/\/penosil.com\/es\/producto\/cianoacrilato-a-40-adhesivo-instantaneo-3-seg\/","og_site_name":"Penosil Spain","article_modified_time":"2026-04-18T23:00:59+00:00","og_image":[{"width":400,"height":1080,"url":"https:\/\/penosil.com\/es\/wp-content\/uploads\/sites\/9\/2022\/11\/A-40.png","type":"image\/png"}],"twitter_card":"summary_large_image","twitter_misc":{"Tiempo de lectura":"3 minutos"},"schema":{"@context":"https:\/\/schema.org","@graph":[{"@type":["WebPage","ItemPage"],"@id":"https:\/\/penosil.com\/es\/producto\/cianoacrilato-a-40-adhesivo-instantaneo-3-seg\/","url":"https:\/\/penosil.com\/es\/producto\/cianoacrilato-a-40-adhesivo-instantaneo-3-seg\/","name":"PENOSIL Cianoacrilato A-40 - Adhesivo instant\u00e1neo 3 seg.","isPartOf":{"@id":"https:\/\/penosil.com\/es\/#website"},"primaryImageOfPage":{"@id":"https:\/\/penosil.com\/es\/producto\/cianoacrilato-a-40-adhesivo-instantaneo-3-seg\/#primaryimage"},"image":{"@id":"https:\/\/penosil.com\/es\/producto\/cianoacrilato-a-40-adhesivo-instantaneo-3-seg\/#primaryimage"},"thumbnailUrl":"https:\/\/penosil.com\/es\/wp-content\/uploads\/sites\/9\/2022\/11\/A-40.png","datePublished":"2022-11-07T10:15:39+00:00","dateModified":"2026-04-18T23:00:59+00:00","description":"Adhesivo instant\u00e1neo 3 seg transparente PENOSIL Cianoacrilato A-40. Une los materiales en 3 segundos. Uniones invisibles extremadamente resistentes.","breadcrumb":{"@id":"https:\/\/penosil.com\/es\/producto\/cianoacrilato-a-40-adhesivo-instantaneo-3-seg\/#breadcrumb"},"inLanguage":"es","potentialAction":[{"@type":"ReadAction","target":["https:\/\/penosil.com\/es\/producto\/cianoacrilato-a-40-adhesivo-instantaneo-3-seg\/"]}]},{"@type":"ImageObject","inLanguage":"es","@id":"https:\/\/penosil.com\/es\/producto\/cianoacrilato-a-40-adhesivo-instantaneo-3-seg\/#primaryimage","url":"https:\/\/penosil.com\/es\/wp-content\/uploads\/sites\/9\/2022\/11\/A-40.png","contentUrl":"https:\/\/penosil.com\/es\/wp-content\/uploads\/sites\/9\/2022\/11\/A-40.png","width":400,"height":1080,"caption":"Adhesivo instant\u00e1neo 3 segundos. Cianocrilato PENOSIL A-40"},{"@type":"BreadcrumbList","@id":"https:\/\/penosil.com\/es\/producto\/cianoacrilato-a-40-adhesivo-instantaneo-3-seg\/#breadcrumb","itemListElement":[{"@type":"ListItem","position":1,"name":"Inicio","item":"https:\/\/penosil.com\/es\/"},{"@type":"ListItem","position":2,"name":"Productos","item":"https:\/\/penosil.com\/es\/productos\/"},{"@type":"ListItem","position":3,"name":"Cianoacrilato A-40"}]},{"@type":"WebSite","@id":"https:\/\/penosil.com\/es\/#website","url":"https:\/\/penosil.com\/es\/","name":"Penosil Spain","description":"","potentialAction":[{"@type":"SearchAction","target":{"@type":"EntryPoint","urlTemplate":"https:\/\/penosil.com\/es\/?s={search_term_string}"},"query-input":{"@type":"PropertyValueSpecification","valueRequired":true,"valueName":"search_term_string"}}],"inLanguage":"es"}]}},"featured_img":"https:\/\/penosil.com\/es\/wp-content\/uploads\/sites\/9\/2022\/11\/A-40.png","coauthors":[],"author_meta":{"author_link":"https:\/\/penosil.com\/es\/author\/pedro\/","display_name":"pedro"},"relative_dates":{"created":"Publicado 3 a\u00f1os hace","modified":"Actualizado 9 horas hace"},"absolute_dates":{"created":"Publicado el 11\/07\/2022","modified":"Actualizado el 04\/19\/2026"},"absolute_dates_time":{"created":"Publicado el 11\/07\/2022 10:15 am","modified":"Actualizado el 04\/19\/2026 1:00 am"},"featured_img_caption":"Adhesivo instant\u00e1neo 3 segundos. Cianocrilato PENOSIL A-40","tax_additional":{"product_brand":{"linked":[],"unlinked":[],"slug":"product_brand","name":"Marcas"},"product_type":{"linked":["<a href=\"https:\/\/penosil.com\/es\/?taxonomy=product_type&#038;term=variable\" class=\"advgb-post-tax-term\">variable<\/a>"],"unlinked":["<span class=\"advgb-post-tax-term\">variable<\/span>"],"slug":"product_type","name":"Tipo de producto"},"product_visibility":{"linked":[],"unlinked":[],"slug":"product_visibility","name":"Visibilidad del producto"},"product_cat":{"linked":["<a href=\"https:\/\/penosil.com\/es\/categoria-producto\/grupos-de-productos\/nuevos-productos\/\" class=\"advgb-post-tax-term\">Nuevos productos<\/a>","<a href=\"https:\/\/penosil.com\/es\/categoria-producto\/areas-de-aplicacion\/\" class=\"advgb-post-tax-term\">\u00c1reas de Aplicaci\u00f3n<\/a>","<a href=\"https:\/\/penosil.com\/es\/categoria-producto\/grupos-de-productos\/\" class=\"advgb-post-tax-term\">Grupos de productos<\/a>","<a href=\"https:\/\/penosil.com\/es\/categoria-producto\/grupos-de-productos\/adhesivos\/\" class=\"advgb-post-tax-term\">Adhesivos<\/a>","<a href=\"https:\/\/penosil.com\/es\/categoria-producto\/grupos-de-productos\/adhesivos\/cianocrilatos\/\" class=\"advgb-post-tax-term\">Cianocrilatos<\/a>","<a href=\"https:\/\/penosil.com\/es\/categoria-producto\/areas-de-aplicacion\/adhesivos-2\/\" class=\"advgb-post-tax-term\">Adhesivos<\/a>"],"unlinked":["<span class=\"advgb-post-tax-term\">Nuevos productos<\/span>","<span class=\"advgb-post-tax-term\">\u00c1reas de Aplicaci\u00f3n<\/span>","<span class=\"advgb-post-tax-term\">Grupos de productos<\/span>","<span class=\"advgb-post-tax-term\">Adhesivos<\/span>","<span class=\"advgb-post-tax-term\">Cianocrilatos<\/span>","<span class=\"advgb-post-tax-term\">Adhesivos<\/span>"],"slug":"product_cat","name":"Categor\u00edas del producto"},"product_tag":{"linked":[],"unlinked":[],"slug":"product_tag","name":"Etiquetas del producto"},"product_shipping_class":{"linked":[],"unlinked":[],"slug":"product_shipping_class","name":"Clases de env\u00edo del producto"},"pos_product_visibility":{"linked":[],"unlinked":[],"slug":"pos_product_visibility","name":"Visibilidad del producto en el punto de venta"},"pa_color":{"linked":["<a href=\"https:\/\/penosil.com\/es\/?taxonomy=pa_color&#038;term=transparente\" class=\"advgb-post-tax-term\">Transparente<\/a>"],"unlinked":["<span class=\"advgb-post-tax-term\">Transparente<\/span>"],"slug":"pa_color","name":"Colores"},"pa_package":{"linked":["<a href=\"https:\/\/penosil.com\/es\/?taxonomy=pa_package&#038;term=botellin-50-gr\" class=\"advgb-post-tax-term\">Botell\u00edn 50 gr<\/a>","<a href=\"https:\/\/penosil.com\/es\/?taxonomy=pa_package&#038;term=botellin-20-gr\" class=\"advgb-post-tax-term\">Botell\u00edn 20 gr<\/a>","<a href=\"https:\/\/penosil.com\/es\/?taxonomy=pa_package&#038;term=tubo-3-gr\" class=\"advgb-post-tax-term\">Tubo 3 gr<\/a>","<a href=\"https:\/\/penosil.com\/es\/?taxonomy=pa_package&#038;term=tubo-7-gr-pincel\" class=\"advgb-post-tax-term\">Tubo 7 gr con pincel<\/a>"],"unlinked":["<span class=\"advgb-post-tax-term\">Botell\u00edn 50 gr<\/span>","<span class=\"advgb-post-tax-term\">Botell\u00edn 20 gr<\/span>","<span class=\"advgb-post-tax-term\">Tubo 3 gr<\/span>","<span class=\"advgb-post-tax-term\">Tubo 7 gr con pincel<\/span>"],"slug":"pa_package","name":"Formatos"},"translation_priority":{"linked":["<a href=\"https:\/\/penosil.com\/es\/?taxonomy=translation_priority&#038;term=opcional-es\" class=\"advgb-post-tax-term\">Opcional<\/a>"],"unlinked":["<span class=\"advgb-post-tax-term\">Opcional<\/span>"],"slug":"translation_priority","name":"Prioridades de traducci\u00f3n"}},"series_order":"","_links":{"self":[{"href":"https:\/\/penosil.com\/es\/wp-json\/wp\/v2\/product\/9432","targetHints":{"allow":["GET"]}}],"collection":[{"href":"https:\/\/penosil.com\/es\/wp-json\/wp\/v2\/product"}],"about":[{"href":"https:\/\/penosil.com\/es\/wp-json\/wp\/v2\/types\/product"}],"version-history":[{"count":6,"href":"https:\/\/penosil.com\/es\/wp-json\/wp\/v2\/product\/9432\/revisions"}],"predecessor-version":[{"id":17920,"href":"https:\/\/penosil.com\/es\/wp-json\/wp\/v2\/product\/9432\/revisions\/17920"}],"wp:featuredmedia":[{"embeddable":true,"href":"https:\/\/penosil.com\/es\/wp-json\/wp\/v2\/media\/9935"}],"wp:attachment":[{"href":"https:\/\/penosil.com\/es\/wp-json\/wp\/v2\/media?parent=9432"}],"wp:term":[{"taxonomy":"product_brand","embeddable":true,"href":"https:\/\/penosil.com\/es\/wp-json\/wp\/v2\/product_brand?post=9432"},{"taxonomy":"product_cat","embeddable":true,"href":"https:\/\/penosil.com\/es\/wp-json\/wp\/v2\/product_cat?post=9432"},{"taxonomy":"product_tag","embeddable":true,"href":"https:\/\/penosil.com\/es\/wp-json\/wp\/v2\/product_tag?post=9432"}],"curies":[{"name":"wp","href":"https:\/\/api.w.org\/{rel}","templated":true}]}}