{"id":9470,"date":"2023-09-01T00:00:39","date_gmt":"2023-09-01T00:00:39","guid":{"rendered":"https:\/\/penosil.com\/es\/?post_type=product&#038;p=9470"},"modified":"2026-04-15T13:00:59","modified_gmt":"2026-04-15T11:00:59","slug":"toallitas-profesionales-industriales-999","status":"publish","type":"product","link":"https:\/\/penosil.com\/es\/producto\/toallitas-profesionales-industriales-999\/","title":{"rendered":"Toallitas Profesionales 999"},"content":{"rendered":"<p>Toallitas profesionales multiuso para limpieza industrial. Eliminaci\u00f3n r\u00e1pida y eficaz de sellantes y adhesivos no curados, as\u00ed como de otros residuos de piel y manos, herramientas y otras superficies. F\u00f3rmula antibacteriana, dermatol\u00f3gicamente testada. Permiten eliminar la suciedad m\u00e1s resistente.<\/p>\n","protected":false},"excerpt":{"rendered":"Toallitas profesionales industriales de limpieza para la eliminaci\u00f3n r\u00e1pida y eficaz de sellantes y adhesivos no curados, as\u00ed como de otros residuos de piel y manos, herramientas y otras superficies. F\u00f3rmula antibacteriana, dermatol\u00f3gicamente testada. Permiten eliminar la suciedad m\u00e1s resistente.","protected":false},"author":67,"featured_media":17015,"template":"","meta":{"_acf_changed":false,"advgb_blocks_editor_width":"","advgb_blocks_columns_visual_guide":"","footnotes":""},"product_brand":[],"product_cat":[2295,1372,2368,1818,2311],"product_tag":[],"class_list":{"0":"post-9470","1":"product","2":"type-product","3":"status-publish","4":"has-post-thumbnail","6":"product_cat-areas-de-aplicacion","7":"product_cat-grupos-de-productos","8":"product_cat-limpiadores","9":"product_cat-herramientas-y-accesorios","10":"product_cat-limpieza","12":"first","13":"instock","14":"taxable","15":"shipping-taxable","16":"purchasable","17":"product-type-simple"},"acf":[],"yoast_head":"<!-- This site is optimized with the Yoast SEO plugin v27.2 - https:\/\/yoast.com\/product\/yoast-seo-wordpress\/ -->\n<title>PENOSIL Toallitas Profesionales 999 Limpieza industrial multiuso<\/title>\n<meta name=\"description\" content=\"Toallitas Profesionales Industriales multiusos, para la eliminaci\u00f3n r\u00e1pida y eficaz de todo tipo de residuos. Testadas dermatol\u00f3gicamente. Ver m\u00e1s\" \/>\n<meta name=\"robots\" content=\"index, follow, max-snippet:-1, max-image-preview:large, max-video-preview:-1\" \/>\n<link rel=\"canonical\" href=\"https:\/\/penosil.com\/es\/producto\/toallitas-profesionales-industriales-999\/\" \/>\n<meta property=\"og:locale\" content=\"es_ES\" \/>\n<meta property=\"og:type\" content=\"article\" \/>\n<meta property=\"og:title\" content=\"PENOSIL Toallitas Profesionales 999 Limpieza industrial multiuso\" \/>\n<meta property=\"og:description\" content=\"Toallitas Profesionales Industriales multiusos, para la eliminaci\u00f3n r\u00e1pida y eficaz de todo tipo de residuos. Testadas dermatol\u00f3gicamente. Ver m\u00e1s\" \/>\n<meta property=\"og:url\" content=\"https:\/\/penosil.com\/es\/producto\/toallitas-profesionales-industriales-999\/\" \/>\n<meta property=\"og:site_name\" content=\"Penosil Spain\" \/>\n<meta property=\"article:modified_time\" content=\"2026-04-15T11:00:59+00:00\" \/>\n<meta property=\"og:image\" content=\"https:\/\/penosil.com\/es\/wp-content\/uploads\/sites\/9\/2023\/09\/Toallitas-profesionales-Penosil-999-Toallitas-de-limpieza-industriales.png\" \/>\n\t<meta property=\"og:image:width\" content=\"810\" \/>\n\t<meta property=\"og:image:height\" content=\"1080\" \/>\n\t<meta property=\"og:image:type\" content=\"image\/png\" \/>\n<meta name=\"twitter:card\" content=\"summary_large_image\" \/>\n<meta name=\"twitter:label1\" content=\"Tiempo de lectura\" \/>\n\t<meta name=\"twitter:data1\" content=\"3 minutos\" \/>\n<script type=\"application\/ld+json\" class=\"yoast-schema-graph\">{\"@context\":\"https:\/\/schema.org\",\"@graph\":[{\"@type\":[\"WebPage\",\"ItemPage\"],\"@id\":\"https:\/\/penosil.com\/es\/producto\/toallitas-profesionales-industriales-999\/\",\"url\":\"https:\/\/penosil.com\/es\/producto\/toallitas-profesionales-industriales-999\/\",\"name\":\"PENOSIL Toallitas Profesionales 999 Limpieza industrial multiuso\",\"isPartOf\":{\"@id\":\"https:\/\/penosil.com\/es\/#website\"},\"primaryImageOfPage\":{\"@id\":\"https:\/\/penosil.com\/es\/producto\/toallitas-profesionales-industriales-999\/#primaryimage\"},\"image\":{\"@id\":\"https:\/\/penosil.com\/es\/producto\/toallitas-profesionales-industriales-999\/#primaryimage\"},\"thumbnailUrl\":\"https:\/\/penosil.com\/es\/wp-content\/uploads\/sites\/9\/2023\/09\/Toallitas-profesionales-Penosil-999-Toallitas-de-limpieza-industriales.png\",\"datePublished\":\"2023-09-01T00:00:39+00:00\",\"dateModified\":\"2026-04-15T11:00:59+00:00\",\"description\":\"Toallitas Profesionales Industriales multiusos, para la eliminaci\u00f3n r\u00e1pida y eficaz de todo tipo de residuos. Testadas dermatol\u00f3gicamente. Ver m\u00e1s\",\"breadcrumb\":{\"@id\":\"https:\/\/penosil.com\/es\/producto\/toallitas-profesionales-industriales-999\/#breadcrumb\"},\"inLanguage\":\"es\",\"potentialAction\":[{\"@type\":\"ReadAction\",\"target\":[\"https:\/\/penosil.com\/es\/producto\/toallitas-profesionales-industriales-999\/\"]}]},{\"@type\":\"ImageObject\",\"inLanguage\":\"es\",\"@id\":\"https:\/\/penosil.com\/es\/producto\/toallitas-profesionales-industriales-999\/#primaryimage\",\"url\":\"https:\/\/penosil.com\/es\/wp-content\/uploads\/sites\/9\/2023\/09\/Toallitas-profesionales-Penosil-999-Toallitas-de-limpieza-industriales.png\",\"contentUrl\":\"https:\/\/penosil.com\/es\/wp-content\/uploads\/sites\/9\/2023\/09\/Toallitas-profesionales-Penosil-999-Toallitas-de-limpieza-industriales.png\",\"width\":810,\"height\":1080,\"caption\":\"Toallitas profesionales Penosil 999. Toallitas de limpieza industriales\"},{\"@type\":\"BreadcrumbList\",\"@id\":\"https:\/\/penosil.com\/es\/producto\/toallitas-profesionales-industriales-999\/#breadcrumb\",\"itemListElement\":[{\"@type\":\"ListItem\",\"position\":1,\"name\":\"Inicio\",\"item\":\"https:\/\/penosil.com\/es\/\"},{\"@type\":\"ListItem\",\"position\":2,\"name\":\"Productos\",\"item\":\"https:\/\/penosil.com\/es\/productos\/\"},{\"@type\":\"ListItem\",\"position\":3,\"name\":\"Toallitas Profesionales 999\"}]},{\"@type\":\"WebSite\",\"@id\":\"https:\/\/penosil.com\/es\/#website\",\"url\":\"https:\/\/penosil.com\/es\/\",\"name\":\"Penosil Spain\",\"description\":\"\",\"potentialAction\":[{\"@type\":\"SearchAction\",\"target\":{\"@type\":\"EntryPoint\",\"urlTemplate\":\"https:\/\/penosil.com\/es\/?s={search_term_string}\"},\"query-input\":{\"@type\":\"PropertyValueSpecification\",\"valueRequired\":true,\"valueName\":\"search_term_string\"}}],\"inLanguage\":\"es\"}]}<\/script>\n<!-- \/ Yoast SEO plugin. -->","yoast_head_json":{"title":"PENOSIL Toallitas Profesionales 999 Limpieza industrial multiuso","description":"Toallitas Profesionales Industriales multiusos, para la eliminaci\u00f3n r\u00e1pida y eficaz de todo tipo de residuos. Testadas dermatol\u00f3gicamente. Ver m\u00e1s","robots":{"index":"index","follow":"follow","max-snippet":"max-snippet:-1","max-image-preview":"max-image-preview:large","max-video-preview":"max-video-preview:-1"},"canonical":"https:\/\/penosil.com\/es\/producto\/toallitas-profesionales-industriales-999\/","og_locale":"es_ES","og_type":"article","og_title":"PENOSIL Toallitas Profesionales 999 Limpieza industrial multiuso","og_description":"Toallitas Profesionales Industriales multiusos, para la eliminaci\u00f3n r\u00e1pida y eficaz de todo tipo de residuos. Testadas dermatol\u00f3gicamente. Ver m\u00e1s","og_url":"https:\/\/penosil.com\/es\/producto\/toallitas-profesionales-industriales-999\/","og_site_name":"Penosil Spain","article_modified_time":"2026-04-15T11:00:59+00:00","og_image":[{"width":810,"height":1080,"url":"https:\/\/penosil.com\/es\/wp-content\/uploads\/sites\/9\/2023\/09\/Toallitas-profesionales-Penosil-999-Toallitas-de-limpieza-industriales.png","type":"image\/png"}],"twitter_card":"summary_large_image","twitter_misc":{"Tiempo de lectura":"3 minutos"},"schema":{"@context":"https:\/\/schema.org","@graph":[{"@type":["WebPage","ItemPage"],"@id":"https:\/\/penosil.com\/es\/producto\/toallitas-profesionales-industriales-999\/","url":"https:\/\/penosil.com\/es\/producto\/toallitas-profesionales-industriales-999\/","name":"PENOSIL Toallitas Profesionales 999 Limpieza industrial multiuso","isPartOf":{"@id":"https:\/\/penosil.com\/es\/#website"},"primaryImageOfPage":{"@id":"https:\/\/penosil.com\/es\/producto\/toallitas-profesionales-industriales-999\/#primaryimage"},"image":{"@id":"https:\/\/penosil.com\/es\/producto\/toallitas-profesionales-industriales-999\/#primaryimage"},"thumbnailUrl":"https:\/\/penosil.com\/es\/wp-content\/uploads\/sites\/9\/2023\/09\/Toallitas-profesionales-Penosil-999-Toallitas-de-limpieza-industriales.png","datePublished":"2023-09-01T00:00:39+00:00","dateModified":"2026-04-15T11:00:59+00:00","description":"Toallitas Profesionales Industriales multiusos, para la eliminaci\u00f3n r\u00e1pida y eficaz de todo tipo de residuos. Testadas dermatol\u00f3gicamente. Ver m\u00e1s","breadcrumb":{"@id":"https:\/\/penosil.com\/es\/producto\/toallitas-profesionales-industriales-999\/#breadcrumb"},"inLanguage":"es","potentialAction":[{"@type":"ReadAction","target":["https:\/\/penosil.com\/es\/producto\/toallitas-profesionales-industriales-999\/"]}]},{"@type":"ImageObject","inLanguage":"es","@id":"https:\/\/penosil.com\/es\/producto\/toallitas-profesionales-industriales-999\/#primaryimage","url":"https:\/\/penosil.com\/es\/wp-content\/uploads\/sites\/9\/2023\/09\/Toallitas-profesionales-Penosil-999-Toallitas-de-limpieza-industriales.png","contentUrl":"https:\/\/penosil.com\/es\/wp-content\/uploads\/sites\/9\/2023\/09\/Toallitas-profesionales-Penosil-999-Toallitas-de-limpieza-industriales.png","width":810,"height":1080,"caption":"Toallitas profesionales Penosil 999. Toallitas de limpieza industriales"},{"@type":"BreadcrumbList","@id":"https:\/\/penosil.com\/es\/producto\/toallitas-profesionales-industriales-999\/#breadcrumb","itemListElement":[{"@type":"ListItem","position":1,"name":"Inicio","item":"https:\/\/penosil.com\/es\/"},{"@type":"ListItem","position":2,"name":"Productos","item":"https:\/\/penosil.com\/es\/productos\/"},{"@type":"ListItem","position":3,"name":"Toallitas Profesionales 999"}]},{"@type":"WebSite","@id":"https:\/\/penosil.com\/es\/#website","url":"https:\/\/penosil.com\/es\/","name":"Penosil Spain","description":"","potentialAction":[{"@type":"SearchAction","target":{"@type":"EntryPoint","urlTemplate":"https:\/\/penosil.com\/es\/?s={search_term_string}"},"query-input":{"@type":"PropertyValueSpecification","valueRequired":true,"valueName":"search_term_string"}}],"inLanguage":"es"}]}},"featured_img":"https:\/\/penosil.com\/es\/wp-content\/uploads\/sites\/9\/2023\/09\/Toallitas-profesionales-Penosil-999-Toallitas-de-limpieza-industriales.png","coauthors":[],"author_meta":{"author_link":"https:\/\/penosil.com\/es\/author\/pedro\/","display_name":"pedro"},"relative_dates":{"created":"Publicado 3 a\u00f1os hace","modified":"Actualizado 9 horas hace"},"absolute_dates":{"created":"Publicado el 09\/01\/2023","modified":"Actualizado el 04\/15\/2026"},"absolute_dates_time":{"created":"Publicado el 09\/01\/2023 12:00 am","modified":"Actualizado el 04\/15\/2026 1:00 pm"},"featured_img_caption":"","tax_additional":{"product_brand":{"linked":[],"unlinked":[],"slug":"product_brand","name":"Marcas"},"product_type":{"linked":["<a href=\"https:\/\/penosil.com\/es\/?taxonomy=product_type&#038;term=simple\" class=\"advgb-post-tax-term\">simple<\/a>"],"unlinked":["<span class=\"advgb-post-tax-term\">simple<\/span>"],"slug":"product_type","name":"Tipo de producto"},"product_visibility":{"linked":[],"unlinked":[],"slug":"product_visibility","name":"Visibilidad del producto"},"product_cat":{"linked":["<a href=\"https:\/\/penosil.com\/es\/categoria-producto\/areas-de-aplicacion\/\" class=\"advgb-post-tax-term\">\u00c1reas de Aplicaci\u00f3n<\/a>","<a href=\"https:\/\/penosil.com\/es\/categoria-producto\/grupos-de-productos\/\" class=\"advgb-post-tax-term\">Grupos de productos<\/a>","<a href=\"https:\/\/penosil.com\/es\/categoria-producto\/grupos-de-productos\/herramientas-y-accesorios\/limpiadores\/\" class=\"advgb-post-tax-term\">Limpiadores<\/a>","<a href=\"https:\/\/penosil.com\/es\/categoria-producto\/grupos-de-productos\/herramientas-y-accesorios\/\" class=\"advgb-post-tax-term\">Herramientas y Limpiadores<\/a>","<a href=\"https:\/\/penosil.com\/es\/categoria-producto\/areas-de-aplicacion\/limpieza\/\" class=\"advgb-post-tax-term\">Limpieza<\/a>"],"unlinked":["<span class=\"advgb-post-tax-term\">\u00c1reas de Aplicaci\u00f3n<\/span>","<span class=\"advgb-post-tax-term\">Grupos de productos<\/span>","<span class=\"advgb-post-tax-term\">Limpiadores<\/span>","<span class=\"advgb-post-tax-term\">Herramientas y Limpiadores<\/span>","<span class=\"advgb-post-tax-term\">Limpieza<\/span>"],"slug":"product_cat","name":"Categor\u00edas del producto"},"product_tag":{"linked":[],"unlinked":[],"slug":"product_tag","name":"Etiquetas del producto"},"product_shipping_class":{"linked":[],"unlinked":[],"slug":"product_shipping_class","name":"Clases de env\u00edo del producto"},"pos_product_visibility":{"linked":[],"unlinked":[],"slug":"pos_product_visibility","name":"Visibilidad del producto en el punto de venta"},"pa_color":{"linked":[],"unlinked":[],"slug":"pa_color","name":"Colores"},"pa_package":{"linked":["<a href=\"https:\/\/penosil.com\/es\/?taxonomy=pa_package&#038;term=cubo-72-ud\" class=\"advgb-post-tax-term\">Cubo 72 ud.<\/a>"],"unlinked":["<span class=\"advgb-post-tax-term\">Cubo 72 ud.<\/span>"],"slug":"pa_package","name":"Formatos"},"translation_priority":{"linked":["<a href=\"https:\/\/penosil.com\/es\/?taxonomy=translation_priority&#038;term=opcional-es\" class=\"advgb-post-tax-term\">Opcional<\/a>"],"unlinked":["<span class=\"advgb-post-tax-term\">Opcional<\/span>"],"slug":"translation_priority","name":"Prioridades de traducci\u00f3n"}},"series_order":"","_links":{"self":[{"href":"https:\/\/penosil.com\/es\/wp-json\/wp\/v2\/product\/9470","targetHints":{"allow":["GET"]}}],"collection":[{"href":"https:\/\/penosil.com\/es\/wp-json\/wp\/v2\/product"}],"about":[{"href":"https:\/\/penosil.com\/es\/wp-json\/wp\/v2\/types\/product"}],"version-history":[{"count":9,"href":"https:\/\/penosil.com\/es\/wp-json\/wp\/v2\/product\/9470\/revisions"}],"predecessor-version":[{"id":17016,"href":"https:\/\/penosil.com\/es\/wp-json\/wp\/v2\/product\/9470\/revisions\/17016"}],"wp:featuredmedia":[{"embeddable":true,"href":"https:\/\/penosil.com\/es\/wp-json\/wp\/v2\/media\/17015"}],"wp:attachment":[{"href":"https:\/\/penosil.com\/es\/wp-json\/wp\/v2\/media?parent=9470"}],"wp:term":[{"taxonomy":"product_brand","embeddable":true,"href":"https:\/\/penosil.com\/es\/wp-json\/wp\/v2\/product_brand?post=9470"},{"taxonomy":"product_cat","embeddable":true,"href":"https:\/\/penosil.com\/es\/wp-json\/wp\/v2\/product_cat?post=9470"},{"taxonomy":"product_tag","embeddable":true,"href":"https:\/\/penosil.com\/es\/wp-json\/wp\/v2\/product_tag?post=9470"}],"curies":[{"name":"wp","href":"https:\/\/api.w.org\/{rel}","templated":true}]}}