{"id":9485,"date":"2022-11-07T10:15:39","date_gmt":"2022-11-07T10:15:39","guid":{"rendered":"https:\/\/penosil.com\/es\/?post_type=product&#038;p=9485"},"modified":"2025-10-17T14:54:08","modified_gmt":"2025-10-17T12:54:08","slug":"hibrido-rf-hybrifoc-180-sellante-cortafuego","status":"publish","type":"product","link":"https:\/\/penosil.com\/es\/producto\/hibrido-rf-hybrifoc-180-sellante-cortafuego\/","title":{"rendered":"Polymero H\u00edbrido RF Hybrifoc 180"},"content":{"rendered":"<p>Sellante h\u00edbrido corta fuego de r\u00e1pido curado neutro, que forma una junta permanentemente el\u00e1stica y resistente al fuego.<\/p>\n","protected":false},"excerpt":{"rendered":"Sellante h\u00edbrido corta fuego de r\u00e1pido curado neutro, que forma una junta permanentemente el\u00e1stica y resistente al fuego.","protected":false},"author":67,"featured_media":9665,"template":"","meta":{"_acf_changed":false,"advgb_blocks_editor_width":"","advgb_blocks_columns_visual_guide":"","footnotes":""},"product_brand":[],"product_cat":[2295,1372,1614,1670,2299],"product_tag":[],"class_list":{"0":"post-9485","1":"product","2":"type-product","3":"status-publish","4":"has-post-thumbnail","6":"product_cat-areas-de-aplicacion","7":"product_cat-grupos-de-productos","8":"product_cat-sellantes","9":"product_cat-ms-polimeros-hibridos","10":"product_cat-resistencia-al-fuego-alta-temperatura","12":"first","13":"outofstock","14":"taxable","15":"shipping-taxable","16":"purchasable","17":"product-type-variable"},"acf":[],"yoast_head":"<!-- This site is optimized with the Yoast SEO plugin v27.2 - https:\/\/yoast.com\/product\/yoast-seo-wordpress\/ -->\n<title>PENOSIL H\u00edbrido RF Hybrifoc 180 Sellante Cortafuego<\/title>\n<meta name=\"description\" content=\"PENOSIL H\u00edbrido RF Hybrifoc 180 Sellante Cortafuego , resiste el fuego y humos 4 horas. Adhesi\u00f3n multimateriales incluso con superficies h\u00famedas. Pintable.\" \/>\n<meta name=\"robots\" content=\"index, follow, max-snippet:-1, max-image-preview:large, max-video-preview:-1\" \/>\n<link rel=\"canonical\" href=\"https:\/\/penosil.com\/es\/producto\/hibrido-rf-hybrifoc-180-sellante-cortafuego\/\" \/>\n<meta property=\"og:locale\" content=\"es_ES\" \/>\n<meta property=\"og:type\" content=\"article\" \/>\n<meta property=\"og:title\" content=\"PENOSIL H\u00edbrido RF Hybrifoc 180 Sellante Cortafuego\" \/>\n<meta property=\"og:description\" content=\"PENOSIL H\u00edbrido RF Hybrifoc 180 Sellante Cortafuego , resiste el fuego y humos 4 horas. Adhesi\u00f3n multimateriales incluso con superficies h\u00famedas. Pintable.\" \/>\n<meta property=\"og:url\" content=\"https:\/\/penosil.com\/es\/producto\/hibrido-rf-hybrifoc-180-sellante-cortafuego\/\" \/>\n<meta property=\"og:site_name\" content=\"Penosil Spain\" \/>\n<meta property=\"article:modified_time\" content=\"2025-10-17T12:54:08+00:00\" \/>\n<meta property=\"og:image\" content=\"https:\/\/penosil.com\/es\/wp-content\/uploads\/sites\/9\/2022\/11\/HYBRIFOC.png\" \/>\n\t<meta property=\"og:image:width\" content=\"387\" \/>\n\t<meta property=\"og:image:height\" content=\"1080\" \/>\n\t<meta property=\"og:image:type\" content=\"image\/png\" \/>\n<meta name=\"twitter:card\" content=\"summary_large_image\" \/>\n<meta name=\"twitter:label1\" content=\"Tiempo de lectura\" \/>\n\t<meta name=\"twitter:data1\" content=\"3 minutos\" \/>\n<script type=\"application\/ld+json\" class=\"yoast-schema-graph\">{\"@context\":\"https:\/\/schema.org\",\"@graph\":[{\"@type\":[\"WebPage\",\"ItemPage\"],\"@id\":\"https:\/\/penosil.com\/es\/producto\/hibrido-rf-hybrifoc-180-sellante-cortafuego\/\",\"url\":\"https:\/\/penosil.com\/es\/producto\/hibrido-rf-hybrifoc-180-sellante-cortafuego\/\",\"name\":\"PENOSIL H\u00edbrido RF Hybrifoc 180 Sellante Cortafuego\",\"isPartOf\":{\"@id\":\"https:\/\/penosil.com\/es\/#website\"},\"primaryImageOfPage\":{\"@id\":\"https:\/\/penosil.com\/es\/producto\/hibrido-rf-hybrifoc-180-sellante-cortafuego\/#primaryimage\"},\"image\":{\"@id\":\"https:\/\/penosil.com\/es\/producto\/hibrido-rf-hybrifoc-180-sellante-cortafuego\/#primaryimage\"},\"thumbnailUrl\":\"https:\/\/penosil.com\/es\/wp-content\/uploads\/sites\/9\/2022\/11\/HYBRIFOC.png\",\"datePublished\":\"2022-11-07T10:15:39+00:00\",\"dateModified\":\"2025-10-17T12:54:08+00:00\",\"description\":\"PENOSIL H\u00edbrido RF Hybrifoc 180 Sellante Cortafuego , resiste el fuego y humos 4 horas. Adhesi\u00f3n multimateriales incluso con superficies h\u00famedas. Pintable.\",\"breadcrumb\":{\"@id\":\"https:\/\/penosil.com\/es\/producto\/hibrido-rf-hybrifoc-180-sellante-cortafuego\/#breadcrumb\"},\"inLanguage\":\"es\",\"potentialAction\":[{\"@type\":\"ReadAction\",\"target\":[\"https:\/\/penosil.com\/es\/producto\/hibrido-rf-hybrifoc-180-sellante-cortafuego\/\"]}]},{\"@type\":\"ImageObject\",\"inLanguage\":\"es\",\"@id\":\"https:\/\/penosil.com\/es\/producto\/hibrido-rf-hybrifoc-180-sellante-cortafuego\/#primaryimage\",\"url\":\"https:\/\/penosil.com\/es\/wp-content\/uploads\/sites\/9\/2022\/11\/HYBRIFOC.png\",\"contentUrl\":\"https:\/\/penosil.com\/es\/wp-content\/uploads\/sites\/9\/2022\/11\/HYBRIFOC.png\",\"width\":387,\"height\":1080},{\"@type\":\"BreadcrumbList\",\"@id\":\"https:\/\/penosil.com\/es\/producto\/hibrido-rf-hybrifoc-180-sellante-cortafuego\/#breadcrumb\",\"itemListElement\":[{\"@type\":\"ListItem\",\"position\":1,\"name\":\"Inicio\",\"item\":\"https:\/\/penosil.com\/es\/\"},{\"@type\":\"ListItem\",\"position\":2,\"name\":\"Productos\",\"item\":\"https:\/\/penosil.com\/es\/productos\/\"},{\"@type\":\"ListItem\",\"position\":3,\"name\":\"Polymero H\u00edbrido RF Hybrifoc 180\"}]},{\"@type\":\"WebSite\",\"@id\":\"https:\/\/penosil.com\/es\/#website\",\"url\":\"https:\/\/penosil.com\/es\/\",\"name\":\"Penosil Spain\",\"description\":\"\",\"potentialAction\":[{\"@type\":\"SearchAction\",\"target\":{\"@type\":\"EntryPoint\",\"urlTemplate\":\"https:\/\/penosil.com\/es\/?s={search_term_string}\"},\"query-input\":{\"@type\":\"PropertyValueSpecification\",\"valueRequired\":true,\"valueName\":\"search_term_string\"}}],\"inLanguage\":\"es\"}]}<\/script>\n<!-- \/ Yoast SEO plugin. -->","yoast_head_json":{"title":"PENOSIL H\u00edbrido RF Hybrifoc 180 Sellante Cortafuego","description":"PENOSIL H\u00edbrido RF Hybrifoc 180 Sellante Cortafuego , resiste el fuego y humos 4 horas. Adhesi\u00f3n multimateriales incluso con superficies h\u00famedas. Pintable.","robots":{"index":"index","follow":"follow","max-snippet":"max-snippet:-1","max-image-preview":"max-image-preview:large","max-video-preview":"max-video-preview:-1"},"canonical":"https:\/\/penosil.com\/es\/producto\/hibrido-rf-hybrifoc-180-sellante-cortafuego\/","og_locale":"es_ES","og_type":"article","og_title":"PENOSIL H\u00edbrido RF Hybrifoc 180 Sellante Cortafuego","og_description":"PENOSIL H\u00edbrido RF Hybrifoc 180 Sellante Cortafuego , resiste el fuego y humos 4 horas. Adhesi\u00f3n multimateriales incluso con superficies h\u00famedas. Pintable.","og_url":"https:\/\/penosil.com\/es\/producto\/hibrido-rf-hybrifoc-180-sellante-cortafuego\/","og_site_name":"Penosil Spain","article_modified_time":"2025-10-17T12:54:08+00:00","og_image":[{"width":387,"height":1080,"url":"https:\/\/penosil.com\/es\/wp-content\/uploads\/sites\/9\/2022\/11\/HYBRIFOC.png","type":"image\/png"}],"twitter_card":"summary_large_image","twitter_misc":{"Tiempo de lectura":"3 minutos"},"schema":{"@context":"https:\/\/schema.org","@graph":[{"@type":["WebPage","ItemPage"],"@id":"https:\/\/penosil.com\/es\/producto\/hibrido-rf-hybrifoc-180-sellante-cortafuego\/","url":"https:\/\/penosil.com\/es\/producto\/hibrido-rf-hybrifoc-180-sellante-cortafuego\/","name":"PENOSIL H\u00edbrido RF Hybrifoc 180 Sellante Cortafuego","isPartOf":{"@id":"https:\/\/penosil.com\/es\/#website"},"primaryImageOfPage":{"@id":"https:\/\/penosil.com\/es\/producto\/hibrido-rf-hybrifoc-180-sellante-cortafuego\/#primaryimage"},"image":{"@id":"https:\/\/penosil.com\/es\/producto\/hibrido-rf-hybrifoc-180-sellante-cortafuego\/#primaryimage"},"thumbnailUrl":"https:\/\/penosil.com\/es\/wp-content\/uploads\/sites\/9\/2022\/11\/HYBRIFOC.png","datePublished":"2022-11-07T10:15:39+00:00","dateModified":"2025-10-17T12:54:08+00:00","description":"PENOSIL H\u00edbrido RF Hybrifoc 180 Sellante Cortafuego , resiste el fuego y humos 4 horas. Adhesi\u00f3n multimateriales incluso con superficies h\u00famedas. Pintable.","breadcrumb":{"@id":"https:\/\/penosil.com\/es\/producto\/hibrido-rf-hybrifoc-180-sellante-cortafuego\/#breadcrumb"},"inLanguage":"es","potentialAction":[{"@type":"ReadAction","target":["https:\/\/penosil.com\/es\/producto\/hibrido-rf-hybrifoc-180-sellante-cortafuego\/"]}]},{"@type":"ImageObject","inLanguage":"es","@id":"https:\/\/penosil.com\/es\/producto\/hibrido-rf-hybrifoc-180-sellante-cortafuego\/#primaryimage","url":"https:\/\/penosil.com\/es\/wp-content\/uploads\/sites\/9\/2022\/11\/HYBRIFOC.png","contentUrl":"https:\/\/penosil.com\/es\/wp-content\/uploads\/sites\/9\/2022\/11\/HYBRIFOC.png","width":387,"height":1080},{"@type":"BreadcrumbList","@id":"https:\/\/penosil.com\/es\/producto\/hibrido-rf-hybrifoc-180-sellante-cortafuego\/#breadcrumb","itemListElement":[{"@type":"ListItem","position":1,"name":"Inicio","item":"https:\/\/penosil.com\/es\/"},{"@type":"ListItem","position":2,"name":"Productos","item":"https:\/\/penosil.com\/es\/productos\/"},{"@type":"ListItem","position":3,"name":"Polymero H\u00edbrido RF Hybrifoc 180"}]},{"@type":"WebSite","@id":"https:\/\/penosil.com\/es\/#website","url":"https:\/\/penosil.com\/es\/","name":"Penosil Spain","description":"","potentialAction":[{"@type":"SearchAction","target":{"@type":"EntryPoint","urlTemplate":"https:\/\/penosil.com\/es\/?s={search_term_string}"},"query-input":{"@type":"PropertyValueSpecification","valueRequired":true,"valueName":"search_term_string"}}],"inLanguage":"es"}]}},"featured_img":"https:\/\/penosil.com\/es\/wp-content\/uploads\/sites\/9\/2022\/11\/HYBRIFOC.png","coauthors":[],"author_meta":{"author_link":"https:\/\/penosil.com\/es\/author\/pedro\/","display_name":"pedro"},"relative_dates":{"created":"Publicado 3 a\u00f1os hace","modified":"Actualizado 6 meses hace"},"absolute_dates":{"created":"Publicado el 11\/07\/2022","modified":"Actualizado el 10\/17\/2025"},"absolute_dates_time":{"created":"Publicado el 11\/07\/2022 10:15 am","modified":"Actualizado el 10\/17\/2025 2:54 pm"},"featured_img_caption":"","tax_additional":{"product_brand":{"linked":[],"unlinked":[],"slug":"product_brand","name":"Marcas"},"product_type":{"linked":["<a href=\"https:\/\/penosil.com\/es\/?taxonomy=product_type&#038;term=variable\" class=\"advgb-post-tax-term\">variable<\/a>"],"unlinked":["<span class=\"advgb-post-tax-term\">variable<\/span>"],"slug":"product_type","name":"Tipo de producto"},"product_visibility":{"linked":["<a href=\"https:\/\/penosil.com\/es\/en\/?taxonomy=product_visibility&#038;term=outofstock\" class=\"advgb-post-tax-term\">outofstock<\/a>"],"unlinked":["<span class=\"advgb-post-tax-term\">outofstock<\/span>"],"slug":"product_visibility","name":"Visibilidad del producto"},"product_cat":{"linked":["<a href=\"https:\/\/penosil.com\/es\/categoria-producto\/areas-de-aplicacion\/\" class=\"advgb-post-tax-term\">\u00c1reas de Aplicaci\u00f3n<\/a>","<a href=\"https:\/\/penosil.com\/es\/categoria-producto\/grupos-de-productos\/\" class=\"advgb-post-tax-term\">Grupos de productos<\/a>","<a href=\"https:\/\/penosil.com\/es\/categoria-producto\/grupos-de-productos\/sellantes\/\" class=\"advgb-post-tax-term\">Sellantes<\/a>","<a href=\"https:\/\/penosil.com\/es\/categoria-producto\/grupos-de-productos\/sellantes\/ms-polimeros-hibridos\/\" class=\"advgb-post-tax-term\">MS \/ Pol\u00edmeros h\u00edbridos<\/a>","<a href=\"https:\/\/penosil.com\/es\/categoria-producto\/areas-de-aplicacion\/resistencia-al-fuego-alta-temperatura\/\" class=\"advgb-post-tax-term\">Resistencia al Fuego y Alta Temperatura<\/a>"],"unlinked":["<span class=\"advgb-post-tax-term\">\u00c1reas de Aplicaci\u00f3n<\/span>","<span class=\"advgb-post-tax-term\">Grupos de productos<\/span>","<span class=\"advgb-post-tax-term\">Sellantes<\/span>","<span class=\"advgb-post-tax-term\">MS \/ Pol\u00edmeros h\u00edbridos<\/span>","<span class=\"advgb-post-tax-term\">Resistencia al Fuego y Alta Temperatura<\/span>"],"slug":"product_cat","name":"Categor\u00edas del producto"},"product_tag":{"linked":[],"unlinked":[],"slug":"product_tag","name":"Etiquetas del producto"},"product_shipping_class":{"linked":[],"unlinked":[],"slug":"product_shipping_class","name":"Clases de env\u00edo del producto"},"pos_product_visibility":{"linked":[],"unlinked":[],"slug":"pos_product_visibility","name":"Visibilidad del producto en el punto de venta"},"pa_color":{"linked":["<a href=\"https:\/\/penosil.com\/es\/?taxonomy=pa_color&#038;term=blanco\" class=\"advgb-post-tax-term\">Blanco<\/a>","<a href=\"https:\/\/penosil.com\/es\/?taxonomy=pa_color&#038;term=gris-g09\" class=\"advgb-post-tax-term\">Gris<\/a>"],"unlinked":["<span class=\"advgb-post-tax-term\">Blanco<\/span>","<span class=\"advgb-post-tax-term\">Gris<\/span>"],"slug":"pa_color","name":"Colores"},"pa_package":{"linked":["<a href=\"https:\/\/penosil.com\/es\/?taxonomy=pa_package&#038;term=cartucho-290-ml\" class=\"advgb-post-tax-term\">Cartucho 290 ml<\/a>"],"unlinked":["<span class=\"advgb-post-tax-term\">Cartucho 290 ml<\/span>"],"slug":"pa_package","name":"Formatos"},"translation_priority":{"linked":["<a href=\"https:\/\/penosil.com\/es\/?taxonomy=translation_priority&#038;term=opcional-es\" class=\"advgb-post-tax-term\">Opcional<\/a>"],"unlinked":["<span class=\"advgb-post-tax-term\">Opcional<\/span>"],"slug":"translation_priority","name":"Prioridades de traducci\u00f3n"}},"series_order":"","_links":{"self":[{"href":"https:\/\/penosil.com\/es\/wp-json\/wp\/v2\/product\/9485","targetHints":{"allow":["GET"]}}],"collection":[{"href":"https:\/\/penosil.com\/es\/wp-json\/wp\/v2\/product"}],"about":[{"href":"https:\/\/penosil.com\/es\/wp-json\/wp\/v2\/types\/product"}],"version-history":[{"count":1,"href":"https:\/\/penosil.com\/es\/wp-json\/wp\/v2\/product\/9485\/revisions"}],"predecessor-version":[{"id":11923,"href":"https:\/\/penosil.com\/es\/wp-json\/wp\/v2\/product\/9485\/revisions\/11923"}],"wp:featuredmedia":[{"embeddable":true,"href":"https:\/\/penosil.com\/es\/wp-json\/wp\/v2\/media\/9665"}],"wp:attachment":[{"href":"https:\/\/penosil.com\/es\/wp-json\/wp\/v2\/media?parent=9485"}],"wp:term":[{"taxonomy":"product_brand","embeddable":true,"href":"https:\/\/penosil.com\/es\/wp-json\/wp\/v2\/product_brand?post=9485"},{"taxonomy":"product_cat","embeddable":true,"href":"https:\/\/penosil.com\/es\/wp-json\/wp\/v2\/product_cat?post=9485"},{"taxonomy":"product_tag","embeddable":true,"href":"https:\/\/penosil.com\/es\/wp-json\/wp\/v2\/product_tag?post=9485"}],"curies":[{"name":"wp","href":"https:\/\/api.w.org\/{rel}","templated":true}]}}