{"id":9495,"date":"2022-11-07T10:15:39","date_gmt":"2022-11-07T10:15:39","guid":{"rendered":"https:\/\/penosil.com\/es\/?post_type=product&#038;p=9495"},"modified":"2026-04-16T01:01:01","modified_gmt":"2026-04-15T23:01:01","slug":"limpiador-pvc-968-limpia-y-desengrasa","status":"publish","type":"product","link":"https:\/\/penosil.com\/es\/producto\/limpiador-pvc-968-limpia-y-desengrasa\/","title":{"rendered":"Limpiador PVC 968"},"content":{"rendered":"<p>PENOSIL Limpiador PVC 968 es un fluido para la limpieza y desengrasado de superficies de PVC antes del encolado, que potencia la fuerza de adhesi\u00f3n de los adhesivos y garantiza una uni\u00f3n perfecta, con secado r\u00e1pido y aplicaci\u00f3n sencilla tanto en interiores como en exteriores.<\/p>\n","protected":false},"excerpt":{"rendered":"PENOSIL Limpiador PVC 968 es un fluido para la limpieza y desengrasado de superficies de PVC antes del encolado, que potencia la fuerza de adhesi\u00f3n de los adhesivos y garantiza una uni\u00f3n perfecta, con secado r\u00e1pido y aplicaci\u00f3n sencilla tanto en interiores como en exteriores.","protected":false},"author":67,"featured_media":17647,"template":"","meta":{"_acf_changed":false,"advgb_blocks_editor_width":"","advgb_blocks_columns_visual_guide":"","footnotes":""},"product_brand":[],"product_cat":[2295,1372,2368,1818,2311],"product_tag":[],"class_list":{"0":"post-9495","1":"product","2":"type-product","3":"status-publish","4":"has-post-thumbnail","6":"product_cat-areas-de-aplicacion","7":"product_cat-grupos-de-productos","8":"product_cat-limpiadores","9":"product_cat-herramientas-y-accesorios","10":"product_cat-limpieza","12":"first","13":"instock","14":"taxable","15":"shipping-taxable","16":"purchasable","17":"product-type-simple"},"acf":[],"yoast_head":"<!-- This site is optimized with the Yoast SEO plugin v27.2 - https:\/\/yoast.com\/product\/yoast-seo-wordpress\/ -->\n<title>PENOSIL Limpiador PVC 968 Limpia y desengrasa juntas de PVC<\/title>\n<meta name=\"description\" content=\"Limpiador PVC 968 es un fluido para la limpieza y desengrasado de tuber\u00edas. Potencia la adhesi\u00f3n y garantiza una uni\u00f3n perfecta. Ver m\u00e1s \u00bb\" \/>\n<meta name=\"robots\" content=\"index, follow, max-snippet:-1, max-image-preview:large, max-video-preview:-1\" \/>\n<link rel=\"canonical\" href=\"https:\/\/penosil.com\/es\/producto\/limpiador-pvc-968-limpia-y-desengrasa\/\" \/>\n<meta property=\"og:locale\" content=\"es_ES\" \/>\n<meta property=\"og:type\" content=\"article\" \/>\n<meta property=\"og:title\" content=\"PENOSIL Limpiador PVC 968 Limpia y desengrasa juntas de PVC\" \/>\n<meta property=\"og:description\" content=\"Limpiador PVC 968 es un fluido para la limpieza y desengrasado de tuber\u00edas. Potencia la adhesi\u00f3n y garantiza una uni\u00f3n perfecta. Ver m\u00e1s \u00bb\" \/>\n<meta property=\"og:url\" content=\"https:\/\/penosil.com\/es\/producto\/limpiador-pvc-968-limpia-y-desengrasa\/\" \/>\n<meta property=\"og:site_name\" content=\"Penosil Spain\" \/>\n<meta property=\"article:modified_time\" content=\"2026-04-15T23:01:01+00:00\" \/>\n<meta property=\"og:image\" content=\"https:\/\/penosil.com\/es\/wp-content\/uploads\/sites\/9\/2022\/11\/Limpiador-PVC-para-juntas-PENOSIL-968.png\" \/>\n\t<meta property=\"og:image:width\" content=\"800\" \/>\n\t<meta property=\"og:image:height\" content=\"1080\" \/>\n\t<meta property=\"og:image:type\" content=\"image\/png\" \/>\n<meta name=\"twitter:card\" content=\"summary_large_image\" \/>\n<meta name=\"twitter:label1\" content=\"Tiempo de lectura\" \/>\n\t<meta name=\"twitter:data1\" content=\"2 minutos\" \/>\n<script type=\"application\/ld+json\" class=\"yoast-schema-graph\">{\"@context\":\"https:\/\/schema.org\",\"@graph\":[{\"@type\":[\"WebPage\",\"ItemPage\"],\"@id\":\"https:\/\/penosil.com\/es\/producto\/limpiador-pvc-968-limpia-y-desengrasa\/\",\"url\":\"https:\/\/penosil.com\/es\/producto\/limpiador-pvc-968-limpia-y-desengrasa\/\",\"name\":\"PENOSIL Limpiador PVC 968 Limpia y desengrasa juntas de PVC\",\"isPartOf\":{\"@id\":\"https:\/\/penosil.com\/es\/#website\"},\"primaryImageOfPage\":{\"@id\":\"https:\/\/penosil.com\/es\/producto\/limpiador-pvc-968-limpia-y-desengrasa\/#primaryimage\"},\"image\":{\"@id\":\"https:\/\/penosil.com\/es\/producto\/limpiador-pvc-968-limpia-y-desengrasa\/#primaryimage\"},\"thumbnailUrl\":\"https:\/\/penosil.com\/es\/wp-content\/uploads\/sites\/9\/2022\/11\/Limpiador-PVC-para-juntas-PENOSIL-968.png\",\"datePublished\":\"2022-11-07T10:15:39+00:00\",\"dateModified\":\"2026-04-15T23:01:01+00:00\",\"description\":\"Limpiador PVC 968 es un fluido para la limpieza y desengrasado de tuber\u00edas. Potencia la adhesi\u00f3n y garantiza una uni\u00f3n perfecta. Ver m\u00e1s \u00bb\",\"breadcrumb\":{\"@id\":\"https:\/\/penosil.com\/es\/producto\/limpiador-pvc-968-limpia-y-desengrasa\/#breadcrumb\"},\"inLanguage\":\"es\",\"potentialAction\":[{\"@type\":\"ReadAction\",\"target\":[\"https:\/\/penosil.com\/es\/producto\/limpiador-pvc-968-limpia-y-desengrasa\/\"]}]},{\"@type\":\"ImageObject\",\"inLanguage\":\"es\",\"@id\":\"https:\/\/penosil.com\/es\/producto\/limpiador-pvc-968-limpia-y-desengrasa\/#primaryimage\",\"url\":\"https:\/\/penosil.com\/es\/wp-content\/uploads\/sites\/9\/2022\/11\/Limpiador-PVC-para-juntas-PENOSIL-968.png\",\"contentUrl\":\"https:\/\/penosil.com\/es\/wp-content\/uploads\/sites\/9\/2022\/11\/Limpiador-PVC-para-juntas-PENOSIL-968.png\",\"width\":800,\"height\":1080,\"caption\":\"Limpiador PVC para juntas PENOSIL 968\"},{\"@type\":\"BreadcrumbList\",\"@id\":\"https:\/\/penosil.com\/es\/producto\/limpiador-pvc-968-limpia-y-desengrasa\/#breadcrumb\",\"itemListElement\":[{\"@type\":\"ListItem\",\"position\":1,\"name\":\"Inicio\",\"item\":\"https:\/\/penosil.com\/es\/\"},{\"@type\":\"ListItem\",\"position\":2,\"name\":\"Productos\",\"item\":\"https:\/\/penosil.com\/es\/productos\/\"},{\"@type\":\"ListItem\",\"position\":3,\"name\":\"Limpiador PVC 968\"}]},{\"@type\":\"WebSite\",\"@id\":\"https:\/\/penosil.com\/es\/#website\",\"url\":\"https:\/\/penosil.com\/es\/\",\"name\":\"Penosil Spain\",\"description\":\"\",\"potentialAction\":[{\"@type\":\"SearchAction\",\"target\":{\"@type\":\"EntryPoint\",\"urlTemplate\":\"https:\/\/penosil.com\/es\/?s={search_term_string}\"},\"query-input\":{\"@type\":\"PropertyValueSpecification\",\"valueRequired\":true,\"valueName\":\"search_term_string\"}}],\"inLanguage\":\"es\"}]}<\/script>\n<!-- \/ Yoast SEO plugin. -->","yoast_head_json":{"title":"PENOSIL Limpiador PVC 968 Limpia y desengrasa juntas de PVC","description":"Limpiador PVC 968 es un fluido para la limpieza y desengrasado de tuber\u00edas. Potencia la adhesi\u00f3n y garantiza una uni\u00f3n perfecta. Ver m\u00e1s \u00bb","robots":{"index":"index","follow":"follow","max-snippet":"max-snippet:-1","max-image-preview":"max-image-preview:large","max-video-preview":"max-video-preview:-1"},"canonical":"https:\/\/penosil.com\/es\/producto\/limpiador-pvc-968-limpia-y-desengrasa\/","og_locale":"es_ES","og_type":"article","og_title":"PENOSIL Limpiador PVC 968 Limpia y desengrasa juntas de PVC","og_description":"Limpiador PVC 968 es un fluido para la limpieza y desengrasado de tuber\u00edas. Potencia la adhesi\u00f3n y garantiza una uni\u00f3n perfecta. Ver m\u00e1s \u00bb","og_url":"https:\/\/penosil.com\/es\/producto\/limpiador-pvc-968-limpia-y-desengrasa\/","og_site_name":"Penosil Spain","article_modified_time":"2026-04-15T23:01:01+00:00","og_image":[{"width":800,"height":1080,"url":"https:\/\/penosil.com\/es\/wp-content\/uploads\/sites\/9\/2022\/11\/Limpiador-PVC-para-juntas-PENOSIL-968.png","type":"image\/png"}],"twitter_card":"summary_large_image","twitter_misc":{"Tiempo de lectura":"2 minutos"},"schema":{"@context":"https:\/\/schema.org","@graph":[{"@type":["WebPage","ItemPage"],"@id":"https:\/\/penosil.com\/es\/producto\/limpiador-pvc-968-limpia-y-desengrasa\/","url":"https:\/\/penosil.com\/es\/producto\/limpiador-pvc-968-limpia-y-desengrasa\/","name":"PENOSIL Limpiador PVC 968 Limpia y desengrasa juntas de PVC","isPartOf":{"@id":"https:\/\/penosil.com\/es\/#website"},"primaryImageOfPage":{"@id":"https:\/\/penosil.com\/es\/producto\/limpiador-pvc-968-limpia-y-desengrasa\/#primaryimage"},"image":{"@id":"https:\/\/penosil.com\/es\/producto\/limpiador-pvc-968-limpia-y-desengrasa\/#primaryimage"},"thumbnailUrl":"https:\/\/penosil.com\/es\/wp-content\/uploads\/sites\/9\/2022\/11\/Limpiador-PVC-para-juntas-PENOSIL-968.png","datePublished":"2022-11-07T10:15:39+00:00","dateModified":"2026-04-15T23:01:01+00:00","description":"Limpiador PVC 968 es un fluido para la limpieza y desengrasado de tuber\u00edas. Potencia la adhesi\u00f3n y garantiza una uni\u00f3n perfecta. Ver m\u00e1s \u00bb","breadcrumb":{"@id":"https:\/\/penosil.com\/es\/producto\/limpiador-pvc-968-limpia-y-desengrasa\/#breadcrumb"},"inLanguage":"es","potentialAction":[{"@type":"ReadAction","target":["https:\/\/penosil.com\/es\/producto\/limpiador-pvc-968-limpia-y-desengrasa\/"]}]},{"@type":"ImageObject","inLanguage":"es","@id":"https:\/\/penosil.com\/es\/producto\/limpiador-pvc-968-limpia-y-desengrasa\/#primaryimage","url":"https:\/\/penosil.com\/es\/wp-content\/uploads\/sites\/9\/2022\/11\/Limpiador-PVC-para-juntas-PENOSIL-968.png","contentUrl":"https:\/\/penosil.com\/es\/wp-content\/uploads\/sites\/9\/2022\/11\/Limpiador-PVC-para-juntas-PENOSIL-968.png","width":800,"height":1080,"caption":"Limpiador PVC para juntas PENOSIL 968"},{"@type":"BreadcrumbList","@id":"https:\/\/penosil.com\/es\/producto\/limpiador-pvc-968-limpia-y-desengrasa\/#breadcrumb","itemListElement":[{"@type":"ListItem","position":1,"name":"Inicio","item":"https:\/\/penosil.com\/es\/"},{"@type":"ListItem","position":2,"name":"Productos","item":"https:\/\/penosil.com\/es\/productos\/"},{"@type":"ListItem","position":3,"name":"Limpiador PVC 968"}]},{"@type":"WebSite","@id":"https:\/\/penosil.com\/es\/#website","url":"https:\/\/penosil.com\/es\/","name":"Penosil Spain","description":"","potentialAction":[{"@type":"SearchAction","target":{"@type":"EntryPoint","urlTemplate":"https:\/\/penosil.com\/es\/?s={search_term_string}"},"query-input":{"@type":"PropertyValueSpecification","valueRequired":true,"valueName":"search_term_string"}}],"inLanguage":"es"}]}},"featured_img":"https:\/\/penosil.com\/es\/wp-content\/uploads\/sites\/9\/2022\/11\/Limpiador-PVC-para-juntas-PENOSIL-968.png","coauthors":[],"author_meta":{"author_link":"https:\/\/penosil.com\/es\/author\/pedro\/","display_name":"pedro"},"relative_dates":{"created":"Publicado 3 a\u00f1os hace","modified":"Actualizado 9 horas hace"},"absolute_dates":{"created":"Publicado el 11\/07\/2022","modified":"Actualizado el 04\/16\/2026"},"absolute_dates_time":{"created":"Publicado el 11\/07\/2022 10:15 am","modified":"Actualizado el 04\/16\/2026 1:01 am"},"featured_img_caption":"Limpiador PVC para juntas PENOSIL 968","tax_additional":{"product_brand":{"linked":[],"unlinked":[],"slug":"product_brand","name":"Marcas"},"product_type":{"linked":["<a href=\"https:\/\/penosil.com\/es\/?taxonomy=product_type&#038;term=simple\" class=\"advgb-post-tax-term\">simple<\/a>"],"unlinked":["<span class=\"advgb-post-tax-term\">simple<\/span>"],"slug":"product_type","name":"Tipo de producto"},"product_visibility":{"linked":[],"unlinked":[],"slug":"product_visibility","name":"Visibilidad del producto"},"product_cat":{"linked":["<a href=\"https:\/\/penosil.com\/es\/categoria-producto\/areas-de-aplicacion\/\" class=\"advgb-post-tax-term\">\u00c1reas de Aplicaci\u00f3n<\/a>","<a href=\"https:\/\/penosil.com\/es\/categoria-producto\/grupos-de-productos\/\" class=\"advgb-post-tax-term\">Grupos de productos<\/a>","<a href=\"https:\/\/penosil.com\/es\/categoria-producto\/grupos-de-productos\/herramientas-y-accesorios\/limpiadores\/\" class=\"advgb-post-tax-term\">Limpiadores<\/a>","<a href=\"https:\/\/penosil.com\/es\/categoria-producto\/grupos-de-productos\/herramientas-y-accesorios\/\" class=\"advgb-post-tax-term\">Herramientas y Limpiadores<\/a>","<a href=\"https:\/\/penosil.com\/es\/categoria-producto\/areas-de-aplicacion\/limpieza\/\" class=\"advgb-post-tax-term\">Limpieza<\/a>"],"unlinked":["<span class=\"advgb-post-tax-term\">\u00c1reas de Aplicaci\u00f3n<\/span>","<span class=\"advgb-post-tax-term\">Grupos de productos<\/span>","<span class=\"advgb-post-tax-term\">Limpiadores<\/span>","<span class=\"advgb-post-tax-term\">Herramientas y Limpiadores<\/span>","<span class=\"advgb-post-tax-term\">Limpieza<\/span>"],"slug":"product_cat","name":"Categor\u00edas del producto"},"product_tag":{"linked":[],"unlinked":[],"slug":"product_tag","name":"Etiquetas del producto"},"product_shipping_class":{"linked":[],"unlinked":[],"slug":"product_shipping_class","name":"Clases de env\u00edo del producto"},"pos_product_visibility":{"linked":[],"unlinked":[],"slug":"pos_product_visibility","name":"Visibilidad del producto en el punto de venta"},"pa_color":{"linked":["<a href=\"https:\/\/penosil.com\/es\/?taxonomy=pa_color&#038;term=transparente\" class=\"advgb-post-tax-term\">Transparente<\/a>"],"unlinked":["<span class=\"advgb-post-tax-term\">Transparente<\/span>"],"slug":"pa_color","name":"Colores"},"pa_package":{"linked":["<a href=\"https:\/\/penosil.com\/es\/?taxonomy=pa_package&#038;term=lata-500-ml\" class=\"advgb-post-tax-term\">Lata 500 ml<\/a>"],"unlinked":["<span class=\"advgb-post-tax-term\">Lata 500 ml<\/span>"],"slug":"pa_package","name":"Formatos"},"translation_priority":{"linked":["<a href=\"https:\/\/penosil.com\/es\/?taxonomy=translation_priority&#038;term=opcional-es\" class=\"advgb-post-tax-term\">Opcional<\/a>"],"unlinked":["<span class=\"advgb-post-tax-term\">Opcional<\/span>"],"slug":"translation_priority","name":"Prioridades de traducci\u00f3n"}},"series_order":"","_links":{"self":[{"href":"https:\/\/penosil.com\/es\/wp-json\/wp\/v2\/product\/9495","targetHints":{"allow":["GET"]}}],"collection":[{"href":"https:\/\/penosil.com\/es\/wp-json\/wp\/v2\/product"}],"about":[{"href":"https:\/\/penosil.com\/es\/wp-json\/wp\/v2\/types\/product"}],"version-history":[{"count":12,"href":"https:\/\/penosil.com\/es\/wp-json\/wp\/v2\/product\/9495\/revisions"}],"predecessor-version":[{"id":17649,"href":"https:\/\/penosil.com\/es\/wp-json\/wp\/v2\/product\/9495\/revisions\/17649"}],"wp:featuredmedia":[{"embeddable":true,"href":"https:\/\/penosil.com\/es\/wp-json\/wp\/v2\/media\/17647"}],"wp:attachment":[{"href":"https:\/\/penosil.com\/es\/wp-json\/wp\/v2\/media?parent=9495"}],"wp:term":[{"taxonomy":"product_brand","embeddable":true,"href":"https:\/\/penosil.com\/es\/wp-json\/wp\/v2\/product_brand?post=9495"},{"taxonomy":"product_cat","embeddable":true,"href":"https:\/\/penosil.com\/es\/wp-json\/wp\/v2\/product_cat?post=9495"},{"taxonomy":"product_tag","embeddable":true,"href":"https:\/\/penosil.com\/es\/wp-json\/wp\/v2\/product_tag?post=9495"}],"curies":[{"name":"wp","href":"https:\/\/api.w.org\/{rel}","templated":true}]}}