{"id":9501,"date":"2022-11-07T10:15:39","date_gmt":"2022-11-07T10:15:39","guid":{"rendered":"https:\/\/penosil.com\/es\/?post_type=product&#038;p=9501"},"modified":"2025-11-26T12:51:00","modified_gmt":"2025-11-26T11:51:00","slug":"fondo-de-junta-pe-450-cordon-para-fondos-de-junta","status":"publish","type":"product","link":"https:\/\/penosil.com\/es\/producto\/fondo-de-junta-pe-450-cordon-para-fondos-de-junta\/","title":{"rendered":"Fondo de Junta PE 450"},"content":{"rendered":"<p>Cord\u00f3n flexible para fondos de junta de relleno de espuma de polietileno de c\u00e9lula cerrada.<\/p>\n","protected":false},"excerpt":{"rendered":"Cord\u00f3n flexible para fondos de junta de relleno de espuma de polietileno de c\u00e9lula cerrada.","protected":false},"author":67,"featured_media":11512,"template":"","meta":{"_acf_changed":false,"advgb_blocks_editor_width":"","advgb_blocks_columns_visual_guide":"","footnotes":""},"product_brand":[],"product_cat":[2298,2295,1372,2307],"product_tag":[],"class_list":{"0":"post-9501","1":"product","2":"type-product","3":"status-publish","4":"has-post-thumbnail","6":"product_cat-construccion","7":"product_cat-areas-de-aplicacion","8":"product_cat-grupos-de-productos","9":"product_cat-cintas-e-band","11":"first","12":"outofstock","13":"taxable","14":"shipping-taxable","15":"purchasable","16":"product-type-variable"},"acf":[],"yoast_head":"<!-- This site is optimized with the Yoast SEO plugin v27.2 - https:\/\/yoast.com\/product\/yoast-seo-wordpress\/ -->\n<title>Fondo de Junta PENOSIL PE 450 Cord\u00f3n para fondos de junta<\/title>\n<meta name=\"description\" content=\"Fondo de Junta PENOSIL PE 450. Cord\u00f3n para fondos de junta flexible que no adhiere a los sellantes convencionales, gran resistencia y nula absorci\u00f3n de agua\" \/>\n<meta name=\"robots\" content=\"index, follow, max-snippet:-1, max-image-preview:large, max-video-preview:-1\" \/>\n<link rel=\"canonical\" href=\"https:\/\/penosil.com\/es\/producto\/fondo-de-junta-pe-450-cordon-para-fondos-de-junta\/\" \/>\n<meta property=\"og:locale\" content=\"es_ES\" \/>\n<meta property=\"og:type\" content=\"article\" \/>\n<meta property=\"og:title\" content=\"Fondo de Junta PENOSIL PE 450 Cord\u00f3n para fondos de junta\" \/>\n<meta property=\"og:description\" content=\"Fondo de Junta PENOSIL PE 450. Cord\u00f3n para fondos de junta flexible que no adhiere a los sellantes convencionales, gran resistencia y nula absorci\u00f3n de agua\" \/>\n<meta property=\"og:url\" content=\"https:\/\/penosil.com\/es\/producto\/fondo-de-junta-pe-450-cordon-para-fondos-de-junta\/\" \/>\n<meta property=\"og:site_name\" content=\"Penosil Spain\" \/>\n<meta property=\"article:modified_time\" content=\"2025-11-26T11:51:00+00:00\" \/>\n<meta property=\"og:image\" content=\"https:\/\/penosil.com\/es\/wp-content\/uploads\/sites\/9\/2022\/11\/Fondo-de-Junta-PE-450-Cordon-para-fondos-de-junta-700x695.png\" \/>\n\t<meta property=\"og:image:width\" content=\"700\" \/>\n\t<meta property=\"og:image:height\" content=\"695\" \/>\n\t<meta property=\"og:image:type\" content=\"image\/png\" \/>\n<meta name=\"twitter:card\" content=\"summary_large_image\" \/>\n<meta name=\"twitter:label1\" content=\"Tiempo de lectura\" \/>\n\t<meta name=\"twitter:data1\" content=\"2 minutos\" \/>\n<script type=\"application\/ld+json\" class=\"yoast-schema-graph\">{\"@context\":\"https:\/\/schema.org\",\"@graph\":[{\"@type\":[\"WebPage\",\"ItemPage\"],\"@id\":\"https:\/\/penosil.com\/es\/producto\/fondo-de-junta-pe-450-cordon-para-fondos-de-junta\/\",\"url\":\"https:\/\/penosil.com\/es\/producto\/fondo-de-junta-pe-450-cordon-para-fondos-de-junta\/\",\"name\":\"Fondo de Junta PENOSIL PE 450 Cord\u00f3n para fondos de junta\",\"isPartOf\":{\"@id\":\"https:\/\/penosil.com\/es\/#website\"},\"primaryImageOfPage\":{\"@id\":\"https:\/\/penosil.com\/es\/producto\/fondo-de-junta-pe-450-cordon-para-fondos-de-junta\/#primaryimage\"},\"image\":{\"@id\":\"https:\/\/penosil.com\/es\/producto\/fondo-de-junta-pe-450-cordon-para-fondos-de-junta\/#primaryimage\"},\"thumbnailUrl\":\"https:\/\/penosil.com\/es\/wp-content\/uploads\/sites\/9\/2022\/11\/Fondo-de-Junta-PE-450-Cordon-para-fondos-de-junta.png\",\"datePublished\":\"2022-11-07T10:15:39+00:00\",\"dateModified\":\"2025-11-26T11:51:00+00:00\",\"description\":\"Fondo de Junta PENOSIL PE 450. Cord\u00f3n para fondos de junta flexible que no adhiere a los sellantes convencionales, gran resistencia y nula absorci\u00f3n de agua\",\"breadcrumb\":{\"@id\":\"https:\/\/penosil.com\/es\/producto\/fondo-de-junta-pe-450-cordon-para-fondos-de-junta\/#breadcrumb\"},\"inLanguage\":\"es\",\"potentialAction\":[{\"@type\":\"ReadAction\",\"target\":[\"https:\/\/penosil.com\/es\/producto\/fondo-de-junta-pe-450-cordon-para-fondos-de-junta\/\"]}]},{\"@type\":\"ImageObject\",\"inLanguage\":\"es\",\"@id\":\"https:\/\/penosil.com\/es\/producto\/fondo-de-junta-pe-450-cordon-para-fondos-de-junta\/#primaryimage\",\"url\":\"https:\/\/penosil.com\/es\/wp-content\/uploads\/sites\/9\/2022\/11\/Fondo-de-Junta-PE-450-Cordon-para-fondos-de-junta.png\",\"contentUrl\":\"https:\/\/penosil.com\/es\/wp-content\/uploads\/sites\/9\/2022\/11\/Fondo-de-Junta-PE-450-Cordon-para-fondos-de-junta.png\",\"width\":2930,\"height\":2909,\"caption\":\"Fondo de Junta PE 450 Cord\u00f3n para fondos de junta\"},{\"@type\":\"BreadcrumbList\",\"@id\":\"https:\/\/penosil.com\/es\/producto\/fondo-de-junta-pe-450-cordon-para-fondos-de-junta\/#breadcrumb\",\"itemListElement\":[{\"@type\":\"ListItem\",\"position\":1,\"name\":\"Inicio\",\"item\":\"https:\/\/penosil.com\/es\/\"},{\"@type\":\"ListItem\",\"position\":2,\"name\":\"Productos\",\"item\":\"https:\/\/penosil.com\/es\/productos\/\"},{\"@type\":\"ListItem\",\"position\":3,\"name\":\"Fondo de Junta PE 450\"}]},{\"@type\":\"WebSite\",\"@id\":\"https:\/\/penosil.com\/es\/#website\",\"url\":\"https:\/\/penosil.com\/es\/\",\"name\":\"Penosil Spain\",\"description\":\"\",\"potentialAction\":[{\"@type\":\"SearchAction\",\"target\":{\"@type\":\"EntryPoint\",\"urlTemplate\":\"https:\/\/penosil.com\/es\/?s={search_term_string}\"},\"query-input\":{\"@type\":\"PropertyValueSpecification\",\"valueRequired\":true,\"valueName\":\"search_term_string\"}}],\"inLanguage\":\"es\"}]}<\/script>\n<!-- \/ Yoast SEO plugin. -->","yoast_head_json":{"title":"Fondo de Junta PENOSIL PE 450 Cord\u00f3n para fondos de junta","description":"Fondo de Junta PENOSIL PE 450. Cord\u00f3n para fondos de junta flexible que no adhiere a los sellantes convencionales, gran resistencia y nula absorci\u00f3n de agua","robots":{"index":"index","follow":"follow","max-snippet":"max-snippet:-1","max-image-preview":"max-image-preview:large","max-video-preview":"max-video-preview:-1"},"canonical":"https:\/\/penosil.com\/es\/producto\/fondo-de-junta-pe-450-cordon-para-fondos-de-junta\/","og_locale":"es_ES","og_type":"article","og_title":"Fondo de Junta PENOSIL PE 450 Cord\u00f3n para fondos de junta","og_description":"Fondo de Junta PENOSIL PE 450. Cord\u00f3n para fondos de junta flexible que no adhiere a los sellantes convencionales, gran resistencia y nula absorci\u00f3n de agua","og_url":"https:\/\/penosil.com\/es\/producto\/fondo-de-junta-pe-450-cordon-para-fondos-de-junta\/","og_site_name":"Penosil Spain","article_modified_time":"2025-11-26T11:51:00+00:00","og_image":[{"width":700,"height":695,"url":"https:\/\/penosil.com\/es\/wp-content\/uploads\/sites\/9\/2022\/11\/Fondo-de-Junta-PE-450-Cordon-para-fondos-de-junta-700x695.png","type":"image\/png"}],"twitter_card":"summary_large_image","twitter_misc":{"Tiempo de lectura":"2 minutos"},"schema":{"@context":"https:\/\/schema.org","@graph":[{"@type":["WebPage","ItemPage"],"@id":"https:\/\/penosil.com\/es\/producto\/fondo-de-junta-pe-450-cordon-para-fondos-de-junta\/","url":"https:\/\/penosil.com\/es\/producto\/fondo-de-junta-pe-450-cordon-para-fondos-de-junta\/","name":"Fondo de Junta PENOSIL PE 450 Cord\u00f3n para fondos de junta","isPartOf":{"@id":"https:\/\/penosil.com\/es\/#website"},"primaryImageOfPage":{"@id":"https:\/\/penosil.com\/es\/producto\/fondo-de-junta-pe-450-cordon-para-fondos-de-junta\/#primaryimage"},"image":{"@id":"https:\/\/penosil.com\/es\/producto\/fondo-de-junta-pe-450-cordon-para-fondos-de-junta\/#primaryimage"},"thumbnailUrl":"https:\/\/penosil.com\/es\/wp-content\/uploads\/sites\/9\/2022\/11\/Fondo-de-Junta-PE-450-Cordon-para-fondos-de-junta.png","datePublished":"2022-11-07T10:15:39+00:00","dateModified":"2025-11-26T11:51:00+00:00","description":"Fondo de Junta PENOSIL PE 450. Cord\u00f3n para fondos de junta flexible que no adhiere a los sellantes convencionales, gran resistencia y nula absorci\u00f3n de agua","breadcrumb":{"@id":"https:\/\/penosil.com\/es\/producto\/fondo-de-junta-pe-450-cordon-para-fondos-de-junta\/#breadcrumb"},"inLanguage":"es","potentialAction":[{"@type":"ReadAction","target":["https:\/\/penosil.com\/es\/producto\/fondo-de-junta-pe-450-cordon-para-fondos-de-junta\/"]}]},{"@type":"ImageObject","inLanguage":"es","@id":"https:\/\/penosil.com\/es\/producto\/fondo-de-junta-pe-450-cordon-para-fondos-de-junta\/#primaryimage","url":"https:\/\/penosil.com\/es\/wp-content\/uploads\/sites\/9\/2022\/11\/Fondo-de-Junta-PE-450-Cordon-para-fondos-de-junta.png","contentUrl":"https:\/\/penosil.com\/es\/wp-content\/uploads\/sites\/9\/2022\/11\/Fondo-de-Junta-PE-450-Cordon-para-fondos-de-junta.png","width":2930,"height":2909,"caption":"Fondo de Junta PE 450 Cord\u00f3n para fondos de junta"},{"@type":"BreadcrumbList","@id":"https:\/\/penosil.com\/es\/producto\/fondo-de-junta-pe-450-cordon-para-fondos-de-junta\/#breadcrumb","itemListElement":[{"@type":"ListItem","position":1,"name":"Inicio","item":"https:\/\/penosil.com\/es\/"},{"@type":"ListItem","position":2,"name":"Productos","item":"https:\/\/penosil.com\/es\/productos\/"},{"@type":"ListItem","position":3,"name":"Fondo de Junta PE 450"}]},{"@type":"WebSite","@id":"https:\/\/penosil.com\/es\/#website","url":"https:\/\/penosil.com\/es\/","name":"Penosil Spain","description":"","potentialAction":[{"@type":"SearchAction","target":{"@type":"EntryPoint","urlTemplate":"https:\/\/penosil.com\/es\/?s={search_term_string}"},"query-input":{"@type":"PropertyValueSpecification","valueRequired":true,"valueName":"search_term_string"}}],"inLanguage":"es"}]}},"featured_img":"https:\/\/penosil.com\/es\/wp-content\/uploads\/sites\/9\/2022\/11\/Fondo-de-Junta-PE-450-Cordon-para-fondos-de-junta.png","coauthors":[],"author_meta":{"author_link":"https:\/\/penosil.com\/es\/author\/pedro\/","display_name":"pedro"},"relative_dates":{"created":"Publicado 3 a\u00f1os hace","modified":"Actualizado 5 meses hace"},"absolute_dates":{"created":"Publicado el 11\/07\/2022","modified":"Actualizado el 11\/26\/2025"},"absolute_dates_time":{"created":"Publicado el 11\/07\/2022 10:15 am","modified":"Actualizado el 11\/26\/2025 12:51 pm"},"featured_img_caption":"Fondo de Junta PE 450 Cord\u00f3n para fondos de junta","tax_additional":{"product_brand":{"linked":[],"unlinked":[],"slug":"product_brand","name":"Marcas"},"product_type":{"linked":["<a href=\"https:\/\/penosil.com\/es\/?taxonomy=product_type&#038;term=variable\" class=\"advgb-post-tax-term\">variable<\/a>"],"unlinked":["<span class=\"advgb-post-tax-term\">variable<\/span>"],"slug":"product_type","name":"Tipo de producto"},"product_visibility":{"linked":["<a href=\"https:\/\/penosil.com\/es\/en\/?taxonomy=product_visibility&#038;term=outofstock\" class=\"advgb-post-tax-term\">outofstock<\/a>"],"unlinked":["<span class=\"advgb-post-tax-term\">outofstock<\/span>"],"slug":"product_visibility","name":"Visibilidad del producto"},"product_cat":{"linked":["<a href=\"https:\/\/penosil.com\/es\/categoria-producto\/areas-de-aplicacion\/construccion\/\" class=\"advgb-post-tax-term\">Construcci\u00f3n<\/a>","<a href=\"https:\/\/penosil.com\/es\/categoria-producto\/areas-de-aplicacion\/\" class=\"advgb-post-tax-term\">\u00c1reas de Aplicaci\u00f3n<\/a>","<a href=\"https:\/\/penosil.com\/es\/categoria-producto\/grupos-de-productos\/\" class=\"advgb-post-tax-term\">Grupos de productos<\/a>","<a href=\"https:\/\/penosil.com\/es\/categoria-producto\/grupos-de-productos\/cintas-e-band\/\" class=\"advgb-post-tax-term\">Cintas E-Band<\/a>"],"unlinked":["<span class=\"advgb-post-tax-term\">Construcci\u00f3n<\/span>","<span class=\"advgb-post-tax-term\">\u00c1reas de Aplicaci\u00f3n<\/span>","<span class=\"advgb-post-tax-term\">Grupos de productos<\/span>","<span class=\"advgb-post-tax-term\">Cintas E-Band<\/span>"],"slug":"product_cat","name":"Categor\u00edas del producto"},"product_tag":{"linked":[],"unlinked":[],"slug":"product_tag","name":"Etiquetas del producto"},"product_shipping_class":{"linked":[],"unlinked":[],"slug":"product_shipping_class","name":"Clases de env\u00edo del producto"},"pos_product_visibility":{"linked":[],"unlinked":[],"slug":"pos_product_visibility","name":"Visibilidad del producto en el punto de venta"},"pa_color":{"linked":["<a href=\"https:\/\/penosil.com\/es\/?taxonomy=pa_color&#038;term=gris-g09\" class=\"advgb-post-tax-term\">Gris<\/a>"],"unlinked":["<span class=\"advgb-post-tax-term\">Gris<\/span>"],"slug":"pa_color","name":"Colores"},"pa_package":{"linked":["<a href=\"https:\/\/penosil.com\/es\/?taxonomy=pa_package&#038;term=6-mm\" class=\"advgb-post-tax-term\">6 mm<\/a>","<a href=\"https:\/\/penosil.com\/es\/?taxonomy=pa_package&#038;term=10-mm\" class=\"advgb-post-tax-term\">10 mm<\/a>","<a href=\"https:\/\/penosil.com\/es\/?taxonomy=pa_package&#038;term=15-mm\" class=\"advgb-post-tax-term\">15 mm<\/a>","<a href=\"https:\/\/penosil.com\/es\/?taxonomy=pa_package&#038;term=20-mm\" class=\"advgb-post-tax-term\">20 mm<\/a>","<a href=\"https:\/\/penosil.com\/es\/?taxonomy=pa_package&#038;term=25-mm\" class=\"advgb-post-tax-term\">25 mm<\/a>","<a href=\"https:\/\/penosil.com\/es\/?taxonomy=pa_package&#038;term=30-mm\" class=\"advgb-post-tax-term\">30 mm<\/a>","<a href=\"https:\/\/penosil.com\/es\/?taxonomy=pa_package&#038;term=40-mm\" class=\"advgb-post-tax-term\">40 mm<\/a>","<a href=\"https:\/\/penosil.com\/es\/?taxonomy=pa_package&#038;term=5-mm\" class=\"advgb-post-tax-term\">5 mm<\/a>"],"unlinked":["<span class=\"advgb-post-tax-term\">6 mm<\/span>","<span class=\"advgb-post-tax-term\">10 mm<\/span>","<span class=\"advgb-post-tax-term\">15 mm<\/span>","<span class=\"advgb-post-tax-term\">20 mm<\/span>","<span class=\"advgb-post-tax-term\">25 mm<\/span>","<span class=\"advgb-post-tax-term\">30 mm<\/span>","<span class=\"advgb-post-tax-term\">40 mm<\/span>","<span class=\"advgb-post-tax-term\">5 mm<\/span>"],"slug":"pa_package","name":"Formatos"},"translation_priority":{"linked":["<a href=\"https:\/\/penosil.com\/es\/?taxonomy=translation_priority&#038;term=opcional-es\" class=\"advgb-post-tax-term\">Opcional<\/a>"],"unlinked":["<span class=\"advgb-post-tax-term\">Opcional<\/span>"],"slug":"translation_priority","name":"Prioridades de traducci\u00f3n"}},"series_order":"","_links":{"self":[{"href":"https:\/\/penosil.com\/es\/wp-json\/wp\/v2\/product\/9501","targetHints":{"allow":["GET"]}}],"collection":[{"href":"https:\/\/penosil.com\/es\/wp-json\/wp\/v2\/product"}],"about":[{"href":"https:\/\/penosil.com\/es\/wp-json\/wp\/v2\/types\/product"}],"version-history":[{"count":1,"href":"https:\/\/penosil.com\/es\/wp-json\/wp\/v2\/product\/9501\/revisions"}],"predecessor-version":[{"id":11917,"href":"https:\/\/penosil.com\/es\/wp-json\/wp\/v2\/product\/9501\/revisions\/11917"}],"wp:featuredmedia":[{"embeddable":true,"href":"https:\/\/penosil.com\/es\/wp-json\/wp\/v2\/media\/11512"}],"wp:attachment":[{"href":"https:\/\/penosil.com\/es\/wp-json\/wp\/v2\/media?parent=9501"}],"wp:term":[{"taxonomy":"product_brand","embeddable":true,"href":"https:\/\/penosil.com\/es\/wp-json\/wp\/v2\/product_brand?post=9501"},{"taxonomy":"product_cat","embeddable":true,"href":"https:\/\/penosil.com\/es\/wp-json\/wp\/v2\/product_cat?post=9501"},{"taxonomy":"product_tag","embeddable":true,"href":"https:\/\/penosil.com\/es\/wp-json\/wp\/v2\/product_tag?post=9501"}],"curies":[{"name":"wp","href":"https:\/\/api.w.org\/{rel}","templated":true}]}}