{"id":9515,"date":"2022-11-07T10:15:39","date_gmt":"2022-11-07T10:15:39","guid":{"rendered":"https:\/\/penosil.com\/es\/?post_type=product&#038;p=9515"},"modified":"2026-04-15T13:01:00","modified_gmt":"2026-04-15T11:01:00","slug":"silicona-acetica-318-juntas-en-acristalamientos","status":"publish","type":"product","link":"https:\/\/penosil.com\/es\/producto\/silicona-acetica-318-juntas-en-acristalamientos\/","title":{"rendered":"Silicona Ac\u00e9tica 318"},"content":{"rendered":"<p>Silicona ac\u00e9tica de altas prestaciones que forma juntas en acristalamientos estancas, el\u00e1sticas y muy resistentes.<\/p>\n","protected":false},"excerpt":{"rendered":"Silicona ac\u00e9tica de altas prestaciones que forma juntas estancas en ventanas, el\u00e1sticas y muy resistentes.","protected":false},"author":67,"featured_media":12053,"template":"","meta":{"_acf_changed":false,"advgb_blocks_editor_width":"","advgb_blocks_columns_visual_guide":"","footnotes":""},"product_brand":[],"product_cat":[2295,2300,1372,1614,1653],"product_tag":[],"class_list":{"0":"post-9515","1":"product","2":"type-product","3":"status-publish","4":"has-post-thumbnail","6":"product_cat-areas-de-aplicacion","7":"product_cat-ventanas-y-puertas","8":"product_cat-grupos-de-productos","9":"product_cat-sellantes","10":"product_cat-siliconas","12":"first","13":"instock","14":"taxable","15":"shipping-taxable","16":"purchasable","17":"product-type-variable"},"acf":[],"yoast_head":"<!-- This site is optimized with the Yoast SEO plugin v27.2 - https:\/\/yoast.com\/product\/yoast-seo-wordpress\/ -->\n<title>PENOSIL Silicona Ac\u00e9tica 318 Juntas en Acristalamientos<\/title>\n<meta name=\"description\" content=\"PENOSIL Silicona Ac\u00e9tica G-15 Juntas en Acristalamientos con alta adhesi\u00f3n a vidrio, buena elasticidad y gran durabilidad. Resiste a las intemperies y UV.\" \/>\n<meta name=\"robots\" content=\"index, follow, max-snippet:-1, max-image-preview:large, max-video-preview:-1\" \/>\n<link rel=\"canonical\" href=\"https:\/\/penosil.com\/es\/producto\/silicona-acetica-318-juntas-en-acristalamientos\/\" \/>\n<meta property=\"og:locale\" content=\"es_ES\" \/>\n<meta property=\"og:type\" content=\"article\" \/>\n<meta property=\"og:title\" content=\"PENOSIL Silicona Ac\u00e9tica 318 Juntas en Acristalamientos\" \/>\n<meta property=\"og:description\" content=\"PENOSIL Silicona Ac\u00e9tica G-15 Juntas en Acristalamientos con alta adhesi\u00f3n a vidrio, buena elasticidad y gran durabilidad. Resiste a las intemperies y UV.\" \/>\n<meta property=\"og:url\" content=\"https:\/\/penosil.com\/es\/producto\/silicona-acetica-318-juntas-en-acristalamientos\/\" \/>\n<meta property=\"og:site_name\" content=\"Penosil Spain\" \/>\n<meta property=\"article:modified_time\" content=\"2026-04-15T11:01:00+00:00\" \/>\n<meta property=\"og:image\" content=\"https:\/\/penosil.com\/es\/wp-content\/uploads\/sites\/9\/2022\/11\/Silicona-Acetica-Penosil-318-Juntas-en-Acristalamientos.png\" \/>\n\t<meta property=\"og:image:width\" content=\"387\" \/>\n\t<meta property=\"og:image:height\" content=\"1080\" \/>\n\t<meta property=\"og:image:type\" content=\"image\/png\" \/>\n<meta name=\"twitter:card\" content=\"summary_large_image\" \/>\n<meta name=\"twitter:label1\" content=\"Tiempo de lectura\" \/>\n\t<meta name=\"twitter:data1\" content=\"4 minutos\" \/>\n<script type=\"application\/ld+json\" class=\"yoast-schema-graph\">{\"@context\":\"https:\/\/schema.org\",\"@graph\":[{\"@type\":[\"WebPage\",\"ItemPage\"],\"@id\":\"https:\/\/penosil.com\/es\/producto\/silicona-acetica-318-juntas-en-acristalamientos\/\",\"url\":\"https:\/\/penosil.com\/es\/producto\/silicona-acetica-318-juntas-en-acristalamientos\/\",\"name\":\"PENOSIL Silicona Ac\u00e9tica 318 Juntas en Acristalamientos\",\"isPartOf\":{\"@id\":\"https:\/\/penosil.com\/es\/#website\"},\"primaryImageOfPage\":{\"@id\":\"https:\/\/penosil.com\/es\/producto\/silicona-acetica-318-juntas-en-acristalamientos\/#primaryimage\"},\"image\":{\"@id\":\"https:\/\/penosil.com\/es\/producto\/silicona-acetica-318-juntas-en-acristalamientos\/#primaryimage\"},\"thumbnailUrl\":\"https:\/\/penosil.com\/es\/wp-content\/uploads\/sites\/9\/2022\/11\/Silicona-Acetica-Penosil-318-Juntas-en-Acristalamientos.png\",\"datePublished\":\"2022-11-07T10:15:39+00:00\",\"dateModified\":\"2026-04-15T11:01:00+00:00\",\"description\":\"PENOSIL Silicona Ac\u00e9tica G-15 Juntas en Acristalamientos con alta adhesi\u00f3n a vidrio, buena elasticidad y gran durabilidad. Resiste a las intemperies y UV.\",\"breadcrumb\":{\"@id\":\"https:\/\/penosil.com\/es\/producto\/silicona-acetica-318-juntas-en-acristalamientos\/#breadcrumb\"},\"inLanguage\":\"es\",\"potentialAction\":[{\"@type\":\"ReadAction\",\"target\":[\"https:\/\/penosil.com\/es\/producto\/silicona-acetica-318-juntas-en-acristalamientos\/\"]}]},{\"@type\":\"ImageObject\",\"inLanguage\":\"es\",\"@id\":\"https:\/\/penosil.com\/es\/producto\/silicona-acetica-318-juntas-en-acristalamientos\/#primaryimage\",\"url\":\"https:\/\/penosil.com\/es\/wp-content\/uploads\/sites\/9\/2022\/11\/Silicona-Acetica-Penosil-318-Juntas-en-Acristalamientos.png\",\"contentUrl\":\"https:\/\/penosil.com\/es\/wp-content\/uploads\/sites\/9\/2022\/11\/Silicona-Acetica-Penosil-318-Juntas-en-Acristalamientos.png\",\"width\":387,\"height\":1080,\"caption\":\"Silicona Ac\u00e9tica Penosil 318 Juntas en Acristalamientos\"},{\"@type\":\"BreadcrumbList\",\"@id\":\"https:\/\/penosil.com\/es\/producto\/silicona-acetica-318-juntas-en-acristalamientos\/#breadcrumb\",\"itemListElement\":[{\"@type\":\"ListItem\",\"position\":1,\"name\":\"Inicio\",\"item\":\"https:\/\/penosil.com\/es\/\"},{\"@type\":\"ListItem\",\"position\":2,\"name\":\"Productos\",\"item\":\"https:\/\/penosil.com\/es\/productos\/\"},{\"@type\":\"ListItem\",\"position\":3,\"name\":\"Silicona Ac\u00e9tica 318\"}]},{\"@type\":\"WebSite\",\"@id\":\"https:\/\/penosil.com\/es\/#website\",\"url\":\"https:\/\/penosil.com\/es\/\",\"name\":\"Penosil Spain\",\"description\":\"\",\"potentialAction\":[{\"@type\":\"SearchAction\",\"target\":{\"@type\":\"EntryPoint\",\"urlTemplate\":\"https:\/\/penosil.com\/es\/?s={search_term_string}\"},\"query-input\":{\"@type\":\"PropertyValueSpecification\",\"valueRequired\":true,\"valueName\":\"search_term_string\"}}],\"inLanguage\":\"es\"}]}<\/script>\n<!-- \/ Yoast SEO plugin. -->","yoast_head_json":{"title":"PENOSIL Silicona Ac\u00e9tica 318 Juntas en Acristalamientos","description":"PENOSIL Silicona Ac\u00e9tica G-15 Juntas en Acristalamientos con alta adhesi\u00f3n a vidrio, buena elasticidad y gran durabilidad. Resiste a las intemperies y UV.","robots":{"index":"index","follow":"follow","max-snippet":"max-snippet:-1","max-image-preview":"max-image-preview:large","max-video-preview":"max-video-preview:-1"},"canonical":"https:\/\/penosil.com\/es\/producto\/silicona-acetica-318-juntas-en-acristalamientos\/","og_locale":"es_ES","og_type":"article","og_title":"PENOSIL Silicona Ac\u00e9tica 318 Juntas en Acristalamientos","og_description":"PENOSIL Silicona Ac\u00e9tica G-15 Juntas en Acristalamientos con alta adhesi\u00f3n a vidrio, buena elasticidad y gran durabilidad. Resiste a las intemperies y UV.","og_url":"https:\/\/penosil.com\/es\/producto\/silicona-acetica-318-juntas-en-acristalamientos\/","og_site_name":"Penosil Spain","article_modified_time":"2026-04-15T11:01:00+00:00","og_image":[{"width":387,"height":1080,"url":"https:\/\/penosil.com\/es\/wp-content\/uploads\/sites\/9\/2022\/11\/Silicona-Acetica-Penosil-318-Juntas-en-Acristalamientos.png","type":"image\/png"}],"twitter_card":"summary_large_image","twitter_misc":{"Tiempo de lectura":"4 minutos"},"schema":{"@context":"https:\/\/schema.org","@graph":[{"@type":["WebPage","ItemPage"],"@id":"https:\/\/penosil.com\/es\/producto\/silicona-acetica-318-juntas-en-acristalamientos\/","url":"https:\/\/penosil.com\/es\/producto\/silicona-acetica-318-juntas-en-acristalamientos\/","name":"PENOSIL Silicona Ac\u00e9tica 318 Juntas en Acristalamientos","isPartOf":{"@id":"https:\/\/penosil.com\/es\/#website"},"primaryImageOfPage":{"@id":"https:\/\/penosil.com\/es\/producto\/silicona-acetica-318-juntas-en-acristalamientos\/#primaryimage"},"image":{"@id":"https:\/\/penosil.com\/es\/producto\/silicona-acetica-318-juntas-en-acristalamientos\/#primaryimage"},"thumbnailUrl":"https:\/\/penosil.com\/es\/wp-content\/uploads\/sites\/9\/2022\/11\/Silicona-Acetica-Penosil-318-Juntas-en-Acristalamientos.png","datePublished":"2022-11-07T10:15:39+00:00","dateModified":"2026-04-15T11:01:00+00:00","description":"PENOSIL Silicona Ac\u00e9tica G-15 Juntas en Acristalamientos con alta adhesi\u00f3n a vidrio, buena elasticidad y gran durabilidad. Resiste a las intemperies y UV.","breadcrumb":{"@id":"https:\/\/penosil.com\/es\/producto\/silicona-acetica-318-juntas-en-acristalamientos\/#breadcrumb"},"inLanguage":"es","potentialAction":[{"@type":"ReadAction","target":["https:\/\/penosil.com\/es\/producto\/silicona-acetica-318-juntas-en-acristalamientos\/"]}]},{"@type":"ImageObject","inLanguage":"es","@id":"https:\/\/penosil.com\/es\/producto\/silicona-acetica-318-juntas-en-acristalamientos\/#primaryimage","url":"https:\/\/penosil.com\/es\/wp-content\/uploads\/sites\/9\/2022\/11\/Silicona-Acetica-Penosil-318-Juntas-en-Acristalamientos.png","contentUrl":"https:\/\/penosil.com\/es\/wp-content\/uploads\/sites\/9\/2022\/11\/Silicona-Acetica-Penosil-318-Juntas-en-Acristalamientos.png","width":387,"height":1080,"caption":"Silicona Ac\u00e9tica Penosil 318 Juntas en Acristalamientos"},{"@type":"BreadcrumbList","@id":"https:\/\/penosil.com\/es\/producto\/silicona-acetica-318-juntas-en-acristalamientos\/#breadcrumb","itemListElement":[{"@type":"ListItem","position":1,"name":"Inicio","item":"https:\/\/penosil.com\/es\/"},{"@type":"ListItem","position":2,"name":"Productos","item":"https:\/\/penosil.com\/es\/productos\/"},{"@type":"ListItem","position":3,"name":"Silicona Ac\u00e9tica 318"}]},{"@type":"WebSite","@id":"https:\/\/penosil.com\/es\/#website","url":"https:\/\/penosil.com\/es\/","name":"Penosil Spain","description":"","potentialAction":[{"@type":"SearchAction","target":{"@type":"EntryPoint","urlTemplate":"https:\/\/penosil.com\/es\/?s={search_term_string}"},"query-input":{"@type":"PropertyValueSpecification","valueRequired":true,"valueName":"search_term_string"}}],"inLanguage":"es"}]}},"featured_img":"https:\/\/penosil.com\/es\/wp-content\/uploads\/sites\/9\/2022\/11\/Silicona-Acetica-Penosil-318-Juntas-en-Acristalamientos.png","coauthors":[],"author_meta":{"author_link":"https:\/\/penosil.com\/es\/author\/pedro\/","display_name":"pedro"},"relative_dates":{"created":"Publicado 3 a\u00f1os hace","modified":"Actualizado 2 horas hace"},"absolute_dates":{"created":"Publicado el 11\/07\/2022","modified":"Actualizado el 04\/15\/2026"},"absolute_dates_time":{"created":"Publicado el 11\/07\/2022 10:15 am","modified":"Actualizado el 04\/15\/2026 1:01 pm"},"featured_img_caption":"","tax_additional":{"product_brand":{"linked":[],"unlinked":[],"slug":"product_brand","name":"Marcas"},"product_type":{"linked":["<a href=\"https:\/\/penosil.com\/es\/?taxonomy=product_type&#038;term=variable\" class=\"advgb-post-tax-term\">variable<\/a>"],"unlinked":["<span class=\"advgb-post-tax-term\">variable<\/span>"],"slug":"product_type","name":"Tipo de producto"},"product_visibility":{"linked":[],"unlinked":[],"slug":"product_visibility","name":"Visibilidad del producto"},"product_cat":{"linked":["<a href=\"https:\/\/penosil.com\/es\/categoria-producto\/areas-de-aplicacion\/\" class=\"advgb-post-tax-term\">\u00c1reas de Aplicaci\u00f3n<\/a>","<a href=\"https:\/\/penosil.com\/es\/categoria-producto\/areas-de-aplicacion\/ventanas-y-puertas\/\" class=\"advgb-post-tax-term\">Ventanas y Puertas<\/a>","<a href=\"https:\/\/penosil.com\/es\/categoria-producto\/grupos-de-productos\/\" class=\"advgb-post-tax-term\">Grupos de productos<\/a>","<a href=\"https:\/\/penosil.com\/es\/categoria-producto\/grupos-de-productos\/sellantes\/\" class=\"advgb-post-tax-term\">Sellantes<\/a>","<a href=\"https:\/\/penosil.com\/es\/categoria-producto\/grupos-de-productos\/sellantes\/siliconas\/\" class=\"advgb-post-tax-term\">Siliconas<\/a>"],"unlinked":["<span class=\"advgb-post-tax-term\">\u00c1reas de Aplicaci\u00f3n<\/span>","<span class=\"advgb-post-tax-term\">Ventanas y Puertas<\/span>","<span class=\"advgb-post-tax-term\">Grupos de productos<\/span>","<span class=\"advgb-post-tax-term\">Sellantes<\/span>","<span class=\"advgb-post-tax-term\">Siliconas<\/span>"],"slug":"product_cat","name":"Categor\u00edas del producto"},"product_tag":{"linked":[],"unlinked":[],"slug":"product_tag","name":"Etiquetas del producto"},"product_shipping_class":{"linked":[],"unlinked":[],"slug":"product_shipping_class","name":"Clases de env\u00edo del producto"},"pos_product_visibility":{"linked":[],"unlinked":[],"slug":"pos_product_visibility","name":"Visibilidad del producto en el punto de venta"},"pa_color":{"linked":["<a href=\"https:\/\/penosil.com\/es\/?taxonomy=pa_color&#038;term=blanco\" class=\"advgb-post-tax-term\">Blanco<\/a>","<a href=\"https:\/\/penosil.com\/es\/?taxonomy=pa_color&#038;term=translucido\" class=\"advgb-post-tax-term\">Transl\u00facido<\/a>"],"unlinked":["<span class=\"advgb-post-tax-term\">Blanco<\/span>","<span class=\"advgb-post-tax-term\">Transl\u00facido<\/span>"],"slug":"pa_color","name":"Colores"},"pa_package":{"linked":["<a href=\"https:\/\/penosil.com\/es\/?taxonomy=pa_package&#038;term=cartucho-300-ml\" class=\"advgb-post-tax-term\">Cartucho 300 ml<\/a>"],"unlinked":["<span class=\"advgb-post-tax-term\">Cartucho 300 ml<\/span>"],"slug":"pa_package","name":"Formatos"},"translation_priority":{"linked":["<a href=\"https:\/\/penosil.com\/es\/?taxonomy=translation_priority&#038;term=opcional-es\" class=\"advgb-post-tax-term\">Opcional<\/a>"],"unlinked":["<span class=\"advgb-post-tax-term\">Opcional<\/span>"],"slug":"translation_priority","name":"Prioridades de traducci\u00f3n"}},"series_order":"","_links":{"self":[{"href":"https:\/\/penosil.com\/es\/wp-json\/wp\/v2\/product\/9515","targetHints":{"allow":["GET"]}}],"collection":[{"href":"https:\/\/penosil.com\/es\/wp-json\/wp\/v2\/product"}],"about":[{"href":"https:\/\/penosil.com\/es\/wp-json\/wp\/v2\/types\/product"}],"version-history":[{"count":10,"href":"https:\/\/penosil.com\/es\/wp-json\/wp\/v2\/product\/9515\/revisions"}],"predecessor-version":[{"id":12908,"href":"https:\/\/penosil.com\/es\/wp-json\/wp\/v2\/product\/9515\/revisions\/12908"}],"wp:featuredmedia":[{"embeddable":true,"href":"https:\/\/penosil.com\/es\/wp-json\/wp\/v2\/media\/12053"}],"wp:attachment":[{"href":"https:\/\/penosil.com\/es\/wp-json\/wp\/v2\/media?parent=9515"}],"wp:term":[{"taxonomy":"product_brand","embeddable":true,"href":"https:\/\/penosil.com\/es\/wp-json\/wp\/v2\/product_brand?post=9515"},{"taxonomy":"product_cat","embeddable":true,"href":"https:\/\/penosil.com\/es\/wp-json\/wp\/v2\/product_cat?post=9515"},{"taxonomy":"product_tag","embeddable":true,"href":"https:\/\/penosil.com\/es\/wp-json\/wp\/v2\/product_tag?post=9515"}],"curies":[{"name":"wp","href":"https:\/\/api.w.org\/{rel}","templated":true}]}}