{"id":9616,"date":"2022-11-15T08:44:03","date_gmt":"2022-11-15T08:44:03","guid":{"rendered":"https:\/\/penosil.com\/es\/?post_type=product&#038;p=9616"},"modified":"2026-02-26T08:35:53","modified_gmt":"2026-02-26T07:35:53","slug":"cinta-adhesiva-1-cara-pe-e-band-480","status":"publish","type":"product","link":"https:\/\/penosil.com\/es\/producto\/cinta-adhesiva-1-cara-pe-e-band-480\/","title":{"rendered":"Cinta Adhesiva 1 Cara PE E-BAND 480"},"content":{"rendered":"<p>Cinta de polietileno de celda cerrada, adhesiva por un lado, formada por una espuma reticulada, con c\u00e9lulas homog\u00e9neas e inertes y un acabado adhesivo de doble cara. Ofrece buena estanquidad al agua y al aire, y buen aislamiento t\u00e9rmico, ac\u00fastico y de ruido de impacto.<\/p>\n","protected":false},"excerpt":{"rendered":"Cinta de polietileno de celda cerrada, adhesiva por un lado, formada por una espuma reticulada, con c\u00e9lulas homog\u00e9neas e inertes y un acabado adhesivo de doble cara. Ofrece buena estanquidad al agua y al aire, y buen aislamiento t\u00e9rmico, ac\u00fastico y de ruido de impacto.","protected":false},"author":67,"featured_media":9633,"template":"","meta":{"_acf_changed":false,"advgb_blocks_editor_width":"","advgb_blocks_columns_visual_guide":"","footnotes":""},"product_brand":[],"product_cat":[2295,2300,1372,2307],"product_tag":[],"class_list":{"0":"post-9616","1":"product","2":"type-product","3":"status-publish","4":"has-post-thumbnail","6":"product_cat-areas-de-aplicacion","7":"product_cat-ventanas-y-puertas","8":"product_cat-grupos-de-productos","9":"product_cat-cintas-e-band","11":"first","12":"outofstock","13":"taxable","14":"shipping-taxable","15":"purchasable","16":"product-type-simple"},"acf":[],"yoast_head":"<!-- This site is optimized with the Yoast SEO plugin v27.2 - https:\/\/yoast.com\/product\/yoast-seo-wordpress\/ -->\n<title>PENOSIL Cinta Adhesiva 1 Cara PE E-BAND 480<\/title>\n<meta name=\"description\" content=\"PENOSIL Cinta Adhesiva 1 Cara PE E-BAND 480. Aislante t\u00e9rmico y ac\u00fastico flexible y resistente. Reduce el consumo eneg\u00e9tico de forma econ\u00f3mica.\" \/>\n<meta name=\"robots\" content=\"index, follow, max-snippet:-1, max-image-preview:large, max-video-preview:-1\" \/>\n<link rel=\"canonical\" href=\"https:\/\/penosil.com\/es\/producto\/cinta-adhesiva-1-cara-pe-e-band-480\/\" \/>\n<meta property=\"og:locale\" content=\"es_ES\" \/>\n<meta property=\"og:type\" content=\"article\" \/>\n<meta property=\"og:title\" content=\"PENOSIL Cinta Adhesiva 1 Cara PE E-BAND 480\" \/>\n<meta property=\"og:description\" content=\"PENOSIL Cinta Adhesiva 1 Cara PE E-BAND 480. Aislante t\u00e9rmico y ac\u00fastico flexible y resistente. Reduce el consumo eneg\u00e9tico de forma econ\u00f3mica.\" \/>\n<meta property=\"og:url\" content=\"https:\/\/penosil.com\/es\/producto\/cinta-adhesiva-1-cara-pe-e-band-480\/\" \/>\n<meta property=\"og:site_name\" content=\"Penosil Spain\" \/>\n<meta property=\"article:modified_time\" content=\"2026-02-26T07:35:53+00:00\" \/>\n<meta property=\"og:image\" content=\"https:\/\/penosil.com\/es\/wp-content\/uploads\/sites\/9\/2022\/11\/e-band-pe.jpg\" \/>\n\t<meta property=\"og:image:width\" content=\"1200\" \/>\n\t<meta property=\"og:image:height\" content=\"1160\" \/>\n\t<meta property=\"og:image:type\" content=\"image\/jpeg\" \/>\n<meta name=\"twitter:card\" content=\"summary_large_image\" \/>\n<meta name=\"twitter:label1\" content=\"Tiempo de lectura\" \/>\n\t<meta name=\"twitter:data1\" content=\"3 minutos\" \/>\n<script type=\"application\/ld+json\" class=\"yoast-schema-graph\">{\"@context\":\"https:\/\/schema.org\",\"@graph\":[{\"@type\":[\"WebPage\",\"ItemPage\"],\"@id\":\"https:\/\/penosil.com\/es\/producto\/cinta-adhesiva-1-cara-pe-e-band-480\/\",\"url\":\"https:\/\/penosil.com\/es\/producto\/cinta-adhesiva-1-cara-pe-e-band-480\/\",\"name\":\"PENOSIL Cinta Adhesiva 1 Cara PE E-BAND 480\",\"isPartOf\":{\"@id\":\"https:\/\/penosil.com\/es\/#website\"},\"primaryImageOfPage\":{\"@id\":\"https:\/\/penosil.com\/es\/producto\/cinta-adhesiva-1-cara-pe-e-band-480\/#primaryimage\"},\"image\":{\"@id\":\"https:\/\/penosil.com\/es\/producto\/cinta-adhesiva-1-cara-pe-e-band-480\/#primaryimage\"},\"thumbnailUrl\":\"https:\/\/penosil.com\/es\/wp-content\/uploads\/sites\/9\/2022\/11\/e-band-pe.jpg\",\"datePublished\":\"2022-11-15T08:44:03+00:00\",\"dateModified\":\"2026-02-26T07:35:53+00:00\",\"description\":\"PENOSIL Cinta Adhesiva 1 Cara PE E-BAND 480. Aislante t\u00e9rmico y ac\u00fastico flexible y resistente. Reduce el consumo eneg\u00e9tico de forma econ\u00f3mica.\",\"breadcrumb\":{\"@id\":\"https:\/\/penosil.com\/es\/producto\/cinta-adhesiva-1-cara-pe-e-band-480\/#breadcrumb\"},\"inLanguage\":\"es\",\"potentialAction\":[{\"@type\":\"ReadAction\",\"target\":[\"https:\/\/penosil.com\/es\/producto\/cinta-adhesiva-1-cara-pe-e-band-480\/\"]}]},{\"@type\":\"ImageObject\",\"inLanguage\":\"es\",\"@id\":\"https:\/\/penosil.com\/es\/producto\/cinta-adhesiva-1-cara-pe-e-band-480\/#primaryimage\",\"url\":\"https:\/\/penosil.com\/es\/wp-content\/uploads\/sites\/9\/2022\/11\/e-band-pe.jpg\",\"contentUrl\":\"https:\/\/penosil.com\/es\/wp-content\/uploads\/sites\/9\/2022\/11\/e-band-pe.jpg\",\"width\":1200,\"height\":1160,\"caption\":\"Cinta Adhesiva 1 Cara PE E-BAND 480\"},{\"@type\":\"BreadcrumbList\",\"@id\":\"https:\/\/penosil.com\/es\/producto\/cinta-adhesiva-1-cara-pe-e-band-480\/#breadcrumb\",\"itemListElement\":[{\"@type\":\"ListItem\",\"position\":1,\"name\":\"Inicio\",\"item\":\"https:\/\/penosil.com\/es\/\"},{\"@type\":\"ListItem\",\"position\":2,\"name\":\"Productos\",\"item\":\"https:\/\/penosil.com\/es\/productos\/\"},{\"@type\":\"ListItem\",\"position\":3,\"name\":\"Cinta Adhesiva 1 Cara PE E-BAND 480\"}]},{\"@type\":\"WebSite\",\"@id\":\"https:\/\/penosil.com\/es\/#website\",\"url\":\"https:\/\/penosil.com\/es\/\",\"name\":\"Penosil Spain\",\"description\":\"\",\"potentialAction\":[{\"@type\":\"SearchAction\",\"target\":{\"@type\":\"EntryPoint\",\"urlTemplate\":\"https:\/\/penosil.com\/es\/?s={search_term_string}\"},\"query-input\":{\"@type\":\"PropertyValueSpecification\",\"valueRequired\":true,\"valueName\":\"search_term_string\"}}],\"inLanguage\":\"es\"}]}<\/script>\n<!-- \/ Yoast SEO plugin. -->","yoast_head_json":{"title":"PENOSIL Cinta Adhesiva 1 Cara PE E-BAND 480","description":"PENOSIL Cinta Adhesiva 1 Cara PE E-BAND 480. Aislante t\u00e9rmico y ac\u00fastico flexible y resistente. Reduce el consumo eneg\u00e9tico de forma econ\u00f3mica.","robots":{"index":"index","follow":"follow","max-snippet":"max-snippet:-1","max-image-preview":"max-image-preview:large","max-video-preview":"max-video-preview:-1"},"canonical":"https:\/\/penosil.com\/es\/producto\/cinta-adhesiva-1-cara-pe-e-band-480\/","og_locale":"es_ES","og_type":"article","og_title":"PENOSIL Cinta Adhesiva 1 Cara PE E-BAND 480","og_description":"PENOSIL Cinta Adhesiva 1 Cara PE E-BAND 480. Aislante t\u00e9rmico y ac\u00fastico flexible y resistente. Reduce el consumo eneg\u00e9tico de forma econ\u00f3mica.","og_url":"https:\/\/penosil.com\/es\/producto\/cinta-adhesiva-1-cara-pe-e-band-480\/","og_site_name":"Penosil Spain","article_modified_time":"2026-02-26T07:35:53+00:00","og_image":[{"width":1200,"height":1160,"url":"https:\/\/penosil.com\/es\/wp-content\/uploads\/sites\/9\/2022\/11\/e-band-pe.jpg","type":"image\/jpeg"}],"twitter_card":"summary_large_image","twitter_misc":{"Tiempo de lectura":"3 minutos"},"schema":{"@context":"https:\/\/schema.org","@graph":[{"@type":["WebPage","ItemPage"],"@id":"https:\/\/penosil.com\/es\/producto\/cinta-adhesiva-1-cara-pe-e-band-480\/","url":"https:\/\/penosil.com\/es\/producto\/cinta-adhesiva-1-cara-pe-e-band-480\/","name":"PENOSIL Cinta Adhesiva 1 Cara PE E-BAND 480","isPartOf":{"@id":"https:\/\/penosil.com\/es\/#website"},"primaryImageOfPage":{"@id":"https:\/\/penosil.com\/es\/producto\/cinta-adhesiva-1-cara-pe-e-band-480\/#primaryimage"},"image":{"@id":"https:\/\/penosil.com\/es\/producto\/cinta-adhesiva-1-cara-pe-e-band-480\/#primaryimage"},"thumbnailUrl":"https:\/\/penosil.com\/es\/wp-content\/uploads\/sites\/9\/2022\/11\/e-band-pe.jpg","datePublished":"2022-11-15T08:44:03+00:00","dateModified":"2026-02-26T07:35:53+00:00","description":"PENOSIL Cinta Adhesiva 1 Cara PE E-BAND 480. Aislante t\u00e9rmico y ac\u00fastico flexible y resistente. Reduce el consumo eneg\u00e9tico de forma econ\u00f3mica.","breadcrumb":{"@id":"https:\/\/penosil.com\/es\/producto\/cinta-adhesiva-1-cara-pe-e-band-480\/#breadcrumb"},"inLanguage":"es","potentialAction":[{"@type":"ReadAction","target":["https:\/\/penosil.com\/es\/producto\/cinta-adhesiva-1-cara-pe-e-band-480\/"]}]},{"@type":"ImageObject","inLanguage":"es","@id":"https:\/\/penosil.com\/es\/producto\/cinta-adhesiva-1-cara-pe-e-band-480\/#primaryimage","url":"https:\/\/penosil.com\/es\/wp-content\/uploads\/sites\/9\/2022\/11\/e-band-pe.jpg","contentUrl":"https:\/\/penosil.com\/es\/wp-content\/uploads\/sites\/9\/2022\/11\/e-band-pe.jpg","width":1200,"height":1160,"caption":"Cinta Adhesiva 1 Cara PE E-BAND 480"},{"@type":"BreadcrumbList","@id":"https:\/\/penosil.com\/es\/producto\/cinta-adhesiva-1-cara-pe-e-band-480\/#breadcrumb","itemListElement":[{"@type":"ListItem","position":1,"name":"Inicio","item":"https:\/\/penosil.com\/es\/"},{"@type":"ListItem","position":2,"name":"Productos","item":"https:\/\/penosil.com\/es\/productos\/"},{"@type":"ListItem","position":3,"name":"Cinta Adhesiva 1 Cara PE E-BAND 480"}]},{"@type":"WebSite","@id":"https:\/\/penosil.com\/es\/#website","url":"https:\/\/penosil.com\/es\/","name":"Penosil Spain","description":"","potentialAction":[{"@type":"SearchAction","target":{"@type":"EntryPoint","urlTemplate":"https:\/\/penosil.com\/es\/?s={search_term_string}"},"query-input":{"@type":"PropertyValueSpecification","valueRequired":true,"valueName":"search_term_string"}}],"inLanguage":"es"}]}},"featured_img":"https:\/\/penosil.com\/es\/wp-content\/uploads\/sites\/9\/2022\/11\/e-band-pe.jpg","coauthors":[],"author_meta":{"author_link":"https:\/\/penosil.com\/es\/author\/pedro\/","display_name":"pedro"},"relative_dates":{"created":"Publicado 3 a\u00f1os hace","modified":"Actualizado 2 meses hace"},"absolute_dates":{"created":"Publicado el 11\/15\/2022","modified":"Actualizado el 02\/26\/2026"},"absolute_dates_time":{"created":"Publicado el 11\/15\/2022 8:44 am","modified":"Actualizado el 02\/26\/2026 8:35 am"},"featured_img_caption":"Cinta Adhesiva 1 Cara PE E-BAND 480","tax_additional":{"product_brand":{"linked":[],"unlinked":[],"slug":"product_brand","name":"Marcas"},"product_type":{"linked":["<a href=\"https:\/\/penosil.com\/es\/?taxonomy=product_type&#038;term=simple\" class=\"advgb-post-tax-term\">simple<\/a>"],"unlinked":["<span class=\"advgb-post-tax-term\">simple<\/span>"],"slug":"product_type","name":"Tipo de producto"},"product_visibility":{"linked":["<a href=\"https:\/\/penosil.com\/es\/en\/?taxonomy=product_visibility&#038;term=outofstock\" class=\"advgb-post-tax-term\">outofstock<\/a>"],"unlinked":["<span class=\"advgb-post-tax-term\">outofstock<\/span>"],"slug":"product_visibility","name":"Visibilidad del producto"},"product_cat":{"linked":["<a href=\"https:\/\/penosil.com\/es\/categoria-producto\/areas-de-aplicacion\/\" class=\"advgb-post-tax-term\">\u00c1reas de Aplicaci\u00f3n<\/a>","<a href=\"https:\/\/penosil.com\/es\/categoria-producto\/areas-de-aplicacion\/ventanas-y-puertas\/\" class=\"advgb-post-tax-term\">Ventanas y Puertas<\/a>","<a href=\"https:\/\/penosil.com\/es\/categoria-producto\/grupos-de-productos\/\" class=\"advgb-post-tax-term\">Grupos de productos<\/a>","<a href=\"https:\/\/penosil.com\/es\/categoria-producto\/grupos-de-productos\/cintas-e-band\/\" class=\"advgb-post-tax-term\">Cintas E-Band<\/a>"],"unlinked":["<span class=\"advgb-post-tax-term\">\u00c1reas de Aplicaci\u00f3n<\/span>","<span class=\"advgb-post-tax-term\">Ventanas y Puertas<\/span>","<span class=\"advgb-post-tax-term\">Grupos de productos<\/span>","<span class=\"advgb-post-tax-term\">Cintas E-Band<\/span>"],"slug":"product_cat","name":"Categor\u00edas del producto"},"product_tag":{"linked":[],"unlinked":[],"slug":"product_tag","name":"Etiquetas del producto"},"product_shipping_class":{"linked":[],"unlinked":[],"slug":"product_shipping_class","name":"Clases de env\u00edo del producto"},"pos_product_visibility":{"linked":[],"unlinked":[],"slug":"pos_product_visibility","name":"Visibilidad del producto en el punto de venta"},"pa_color":{"linked":[],"unlinked":[],"slug":"pa_color","name":"Colores"},"pa_package":{"linked":[],"unlinked":[],"slug":"pa_package","name":"Formatos"},"translation_priority":{"linked":["<a href=\"https:\/\/penosil.com\/es\/?taxonomy=translation_priority&#038;term=opcional-es\" class=\"advgb-post-tax-term\">Opcional<\/a>"],"unlinked":["<span class=\"advgb-post-tax-term\">Opcional<\/span>"],"slug":"translation_priority","name":"Prioridades de traducci\u00f3n"}},"series_order":"","_links":{"self":[{"href":"https:\/\/penosil.com\/es\/wp-json\/wp\/v2\/product\/9616","targetHints":{"allow":["GET"]}}],"collection":[{"href":"https:\/\/penosil.com\/es\/wp-json\/wp\/v2\/product"}],"about":[{"href":"https:\/\/penosil.com\/es\/wp-json\/wp\/v2\/types\/product"}],"version-history":[{"count":4,"href":"https:\/\/penosil.com\/es\/wp-json\/wp\/v2\/product\/9616\/revisions"}],"predecessor-version":[{"id":17672,"href":"https:\/\/penosil.com\/es\/wp-json\/wp\/v2\/product\/9616\/revisions\/17672"}],"wp:featuredmedia":[{"embeddable":true,"href":"https:\/\/penosil.com\/es\/wp-json\/wp\/v2\/media\/9633"}],"wp:attachment":[{"href":"https:\/\/penosil.com\/es\/wp-json\/wp\/v2\/media?parent=9616"}],"wp:term":[{"taxonomy":"product_brand","embeddable":true,"href":"https:\/\/penosil.com\/es\/wp-json\/wp\/v2\/product_brand?post=9616"},{"taxonomy":"product_cat","embeddable":true,"href":"https:\/\/penosil.com\/es\/wp-json\/wp\/v2\/product_cat?post=9616"},{"taxonomy":"product_tag","embeddable":true,"href":"https:\/\/penosil.com\/es\/wp-json\/wp\/v2\/product_tag?post=9616"}],"curies":[{"name":"wp","href":"https:\/\/api.w.org\/{rel}","templated":true}]}}