{"id":24877,"date":"2020-07-08T10:40:19","date_gmt":"2020-07-08T10:40:19","guid":{"rendered":"https:\/\/penosil.com\/et\/?post_type=product&#038;p=24877"},"modified":"2025-02-07T12:47:52","modified_gmt":"2025-02-07T10:47:52","slug":"expanding-tape-600pa","status":"publish","type":"product","link":"https:\/\/penosil.com\/et\/gl_ru\/produkt\/expanding-tape-600pa\/","title":{"rendered":"Expanding Tape 600Pa"},"content":{"rendered":"<p>\u041f\u0440\u0435\u0434\u0432\u0430\u0440\u0438\u0442\u0435\u043b\u044c\u043d\u043e \u0441\u0436\u0430\u0442\u0430\u044f, \u0441\u0430\u043c\u043e\u0440\u0430\u0441\u0448\u0438\u0440\u044f\u044e\u0449\u0430\u044f\u0441\u044f \u044d\u043b\u0430\u0441\u0442\u0438\u0447\u043d\u0430\u044f \u0443\u043f\u043b\u043e\u0442\u043d\u0438\u0442\u0435\u043b\u044c\u043d\u0430\u044f \u043b\u0435\u043d\u0442\u0430-\u0433\u0435\u0440\u043c\u0435\u0442\u0438\u043a, \u0441\u043e\u0437\u0434\u0430\u043d\u043d\u0430\u044f \u0434\u043b\u044f \u0437\u0430\u0449\u0438\u0442\u044b \u0432\u043d\u0435\u0448\u043d\u0438\u0445 \u0444\u0430\u0441\u0430\u0434\u043d\u044b\u0445 \u0448\u0432\u043e\u0432 \u0438 \u0441\u0442\u044b\u043a\u043e\u0432 \u043e\u043a\u043e\u043d\u043d\u044b\u0445 \u0440\u0430\u043c \u043e\u0442 \u0432\u0435\u0442\u0440\u0430, \u0434\u043e\u0436\u0434\u044f \u0438 \u043f\u044b\u043b\u0438. \u041f\u043e\u0441\u043b\u0435 \u0443\u0441\u0442\u0430\u043d\u043e\u0432\u043a\u0438 \u043c\u0430\u0442\u0435\u0440\u0438\u0430\u043b \u0440\u0430\u0441\u0448\u0438\u0440\u044f\u0435\u0442\u0441\u044f, \u0437\u0430\u043f\u043e\u043b\u043d\u044f\u044f \u0437\u0430\u0437\u043e\u0440 \u0438 \u0441\u043e\u0437\u0434\u0430\u0435\u0442 \u043f\u043e\u0441\u0442\u043e\u044f\u043d\u043d\u043e \u044d\u043b\u0430\u0441\u0442\u0438\u0447\u043d\u043e\u0435 \u0438 \u0432\u043e\u0434\u043e\u043d\u0435\u043f\u0440\u043e\u043d\u0438\u0446\u0430\u0435\u043c\u043e\u0435 \u0443\u043f\u043b\u043e\u0442\u043d\u0435\u043d\u0438\u0435.<\/p>\n","protected":false},"excerpt":{"rendered":"\u041f\u0440\u0435\u0434\u0432\u0430\u0440\u0438\u0442\u0435\u043b\u044c\u043d\u043e \u0441\u0436\u0430\u0442\u0430\u044f, \u0441\u0430\u043c\u043e\u0440\u0430\u0441\u0448\u0438\u0440\u044f\u044e\u0449\u0430\u044f\u0441\u044f \u044d\u043b\u0430\u0441\u0442\u0438\u0447\u043d\u0430\u044f \u0443\u043f\u043b\u043e\u0442\u043d\u0438\u0442\u0435\u043b\u044c\u043d\u0430\u044f \u043b\u0435\u043d\u0442\u0430-\u0433\u0435\u0440\u043c\u0435\u0442\u0438\u043a, \u0441\u043e\u0437\u0434\u0430\u043d\u043d\u0430\u044f \u0434\u043b\u044f \u0437\u0430\u0449\u0438\u0442\u044b \u0432\u043d\u0435\u0448\u043d\u0438\u0445 \u0444\u0430\u0441\u0430\u0434\u043d\u044b\u0445 \u0448\u0432\u043e\u0432 \u0438 \u0441\u0442\u044b\u043a\u043e\u0432 \u043e\u043a\u043e\u043d\u043d\u044b\u0445 \u0440\u0430\u043c \u043e\u0442 \u0432\u0435\u0442\u0440\u0430, \u0434\u043e\u0436\u0434\u044f \u0438 \u043f\u044b\u043b\u0438. \u041f\u043e\u0441\u043b\u0435 \u0443\u0441\u0442\u0430\u043d\u043e\u0432\u043a\u0438 \u043c\u0430\u0442\u0435\u0440\u0438\u0430\u043b \u0440\u0430\u0441\u0448\u0438\u0440\u044f\u0435\u0442\u0441\u044f, \u0437\u0430\u043f\u043e\u043b\u043d\u044f\u044f \u0437\u0430\u0437\u043e\u0440 \u0438 \u0441\u043e\u0437\u0434\u0430\u0435\u0442 \u043f\u043e\u0441\u0442\u043e\u044f\u043d\u043d\u043e \u044d\u043b\u0430\u0441\u0442\u0438\u0447\u043d\u043e\u0435 \u0438 \u0432\u043e\u0434\u043e\u043d\u0435\u043f\u0440\u043e\u043d\u0438\u0446\u0430\u0435\u043c\u043e\u0435 \u0443\u043f\u043b\u043e\u0442\u043d\u0435\u043d\u0438\u0435.","protected":false},"author":1,"featured_media":18920,"template":"","meta":{"_acf_changed":false,"advgb_blocks_editor_width":"","advgb_blocks_columns_visual_guide":"","footnotes":""},"product_brand":[],"product_cat":[333,822,1356,2648,2646],"product_tag":[],"class_list":{"0":"post-24877","1":"product","2":"type-product","3":"status-publish","4":"has-post-thumbnail","6":"product_cat-oblasti-primeneniya","7":"product_cat-obshcheye-stroitelstvo","8":"product_cat-gruppa-tovarov","9":"product_cat-2648","10":"product_cat-2646","12":"first","13":"outofstock","14":"taxable","15":"shipping-taxable","16":"purchasable","17":"product-type-variable","18":"has-default-attributes"},"acf":[],"yoast_head":"<!-- This site is optimized with the Yoast SEO plugin v27.2 - https:\/\/yoast.com\/product\/yoast-seo-wordpress\/ -->\n<title>\u0421\u0430\u043c\u043e\u0440\u0430\u0441\u0448\u0438\u0440\u044f\u044e\u0449\u0430\u044f\u0441\u044f \u043b\u0435\u043d\u0442\u0430 PENOSIL Expanding Tape 600<\/title>\n<meta name=\"description\" content=\"PENOSIL Expanding Tape 600 \u0434\u043b\u044f \u0433\u0435\u0440\u043c\u0435\u0442\u0438\u0437\u0430\u0446\u0438\u0438 \u0444\u0430\u0441\u0430\u0434\u043d\u044b\u0445 \u0438 \u043e\u043a\u043e\u043d\u043d\u044b\u0445 \u0448\u0432\u043e\u0432. \u0413\u0435\u0440\u043c\u0435\u0442\u0438\u043a, \u0437\u0430\u0449\u0438\u0449\u0430\u044e\u0449\u0438\u0439 \u043e\u0442 \u0432\u0435\u0442\u0440\u0430, \u0434\u043e\u0436\u0434\u044f \u0438 \u043f\u044b\u043b\u0438. \u041f\u043e\u0434\u0440\u043e\u0431\u043d\u0435\u0435.\" \/>\n<meta name=\"robots\" content=\"index, follow, max-snippet:-1, max-image-preview:large, max-video-preview:-1\" \/>\n<link rel=\"canonical\" href=\"https:\/\/penosil.com\/et\/gl_ru\/produkt\/expanding-tape-600pa\/\" \/>\n<meta property=\"og:locale\" content=\"en_US\" \/>\n<meta property=\"og:type\" content=\"article\" \/>\n<meta property=\"og:title\" content=\"\u0421\u0430\u043c\u043e\u0440\u0430\u0441\u0448\u0438\u0440\u044f\u044e\u0449\u0430\u044f\u0441\u044f \u043b\u0435\u043d\u0442\u0430 PENOSIL Expanding Tape 600\" \/>\n<meta property=\"og:description\" content=\"PENOSIL Expanding Tape 600 \u0434\u043b\u044f \u0433\u0435\u0440\u043c\u0435\u0442\u0438\u0437\u0430\u0446\u0438\u0438 \u0444\u0430\u0441\u0430\u0434\u043d\u044b\u0445 \u0438 \u043e\u043a\u043e\u043d\u043d\u044b\u0445 \u0448\u0432\u043e\u0432. \u0413\u0435\u0440\u043c\u0435\u0442\u0438\u043a, \u0437\u0430\u0449\u0438\u0449\u0430\u044e\u0449\u0438\u0439 \u043e\u0442 \u0432\u0435\u0442\u0440\u0430, \u0434\u043e\u0436\u0434\u044f \u0438 \u043f\u044b\u043b\u0438. \u041f\u043e\u0434\u0440\u043e\u0431\u043d\u0435\u0435.\" \/>\n<meta property=\"og:url\" content=\"https:\/\/penosil.com\/et\/gl_ru\/produkt\/expanding-tape-600pa\/\" \/>\n<meta property=\"og:site_name\" content=\"Penosil Estonia\" \/>\n<meta property=\"article:modified_time\" content=\"2025-02-07T10:47:52+00:00\" \/>\n<meta property=\"og:image\" content=\"https:\/\/penosil.com\/et\/wp-content\/uploads\/sites\/32\/2020\/05\/Penosil_Expanding_tape_600_web.png\" \/>\n\t<meta property=\"og:image:width\" content=\"300\" \/>\n\t<meta property=\"og:image:height\" content=\"785\" \/>\n\t<meta property=\"og:image:type\" content=\"image\/png\" \/>\n<meta name=\"twitter:card\" content=\"summary_large_image\" \/>\n<script type=\"application\/ld+json\" class=\"yoast-schema-graph\">{\"@context\":\"https:\/\/schema.org\",\"@graph\":[{\"@type\":\"WebPage\",\"@id\":\"https:\/\/penosil.com\/et\/gl_ru\/produkt\/expanding-tape-600pa\/\",\"url\":\"https:\/\/penosil.com\/et\/gl_ru\/produkt\/expanding-tape-600pa\/\",\"name\":\"\u0421\u0430\u043c\u043e\u0440\u0430\u0441\u0448\u0438\u0440\u044f\u044e\u0449\u0430\u044f\u0441\u044f \u043b\u0435\u043d\u0442\u0430 PENOSIL Expanding Tape 600\",\"isPartOf\":{\"@id\":\"https:\/\/penosil.com\/et\/#website\"},\"primaryImageOfPage\":{\"@id\":\"https:\/\/penosil.com\/et\/gl_ru\/produkt\/expanding-tape-600pa\/#primaryimage\"},\"image\":{\"@id\":\"https:\/\/penosil.com\/et\/gl_ru\/produkt\/expanding-tape-600pa\/#primaryimage\"},\"thumbnailUrl\":\"https:\/\/penosil.com\/et\/wp-content\/uploads\/sites\/32\/2020\/05\/Penosil_Expanding_tape_600_web.png\",\"datePublished\":\"2020-07-08T10:40:19+00:00\",\"dateModified\":\"2025-02-07T10:47:52+00:00\",\"description\":\"PENOSIL Expanding Tape 600 \u0434\u043b\u044f \u0433\u0435\u0440\u043c\u0435\u0442\u0438\u0437\u0430\u0446\u0438\u0438 \u0444\u0430\u0441\u0430\u0434\u043d\u044b\u0445 \u0438 \u043e\u043a\u043e\u043d\u043d\u044b\u0445 \u0448\u0432\u043e\u0432. \u0413\u0435\u0440\u043c\u0435\u0442\u0438\u043a, \u0437\u0430\u0449\u0438\u0449\u0430\u044e\u0449\u0438\u0439 \u043e\u0442 \u0432\u0435\u0442\u0440\u0430, \u0434\u043e\u0436\u0434\u044f \u0438 \u043f\u044b\u043b\u0438. \u041f\u043e\u0434\u0440\u043e\u0431\u043d\u0435\u0435.\",\"breadcrumb\":{\"@id\":\"https:\/\/penosil.com\/et\/gl_ru\/produkt\/expanding-tape-600pa\/#breadcrumb\"},\"inLanguage\":\"gl-RU\",\"potentialAction\":[{\"@type\":\"ReadAction\",\"target\":[\"https:\/\/penosil.com\/et\/gl_ru\/produkt\/expanding-tape-600pa\/\"]}]},{\"@type\":\"ImageObject\",\"inLanguage\":\"gl-RU\",\"@id\":\"https:\/\/penosil.com\/et\/gl_ru\/produkt\/expanding-tape-600pa\/#primaryimage\",\"url\":\"https:\/\/penosil.com\/et\/wp-content\/uploads\/sites\/32\/2020\/05\/Penosil_Expanding_tape_600_web.png\",\"contentUrl\":\"https:\/\/penosil.com\/et\/wp-content\/uploads\/sites\/32\/2020\/05\/Penosil_Expanding_tape_600_web.png\",\"width\":300,\"height\":785,\"caption\":\"PENOSIL Premium Expanding Tape 600 pa\u0161l\u012bm\u0113jo\u0161a un pa\u0161uzbriesto\u0161a lente\"},{\"@type\":\"BreadcrumbList\",\"@id\":\"https:\/\/penosil.com\/et\/gl_ru\/produkt\/expanding-tape-600pa\/#breadcrumb\",\"itemListElement\":[{\"@type\":\"ListItem\",\"position\":1,\"name\":\"\u0414\u043e\u043c\u0430\u0448\u043d\u044f\u044f \u0441\u0442\u0440\u0430\u043d\u0438\u0446\u0430\",\"item\":\"https:\/\/penosil.com\/et\/gl_ru\/\"},{\"@type\":\"ListItem\",\"position\":2,\"name\":\"\u041f\u0440\u043e\u0434\u0443\u043a\u0446\u0438\u044f\",\"item\":\"https:\/\/penosil.com\/et\/gl_ru\/produktsiya\/\"},{\"@type\":\"ListItem\",\"position\":3,\"name\":\"Expanding Tape 600Pa\"}]},{\"@type\":\"WebSite\",\"@id\":\"https:\/\/penosil.com\/et\/#website\",\"url\":\"https:\/\/penosil.com\/et\/\",\"name\":\"Penosil Estonia\",\"description\":\"\",\"potentialAction\":[{\"@type\":\"SearchAction\",\"target\":{\"@type\":\"EntryPoint\",\"urlTemplate\":\"https:\/\/penosil.com\/et\/?s={search_term_string}\"},\"query-input\":{\"@type\":\"PropertyValueSpecification\",\"valueRequired\":true,\"valueName\":\"search_term_string\"}}],\"inLanguage\":\"gl-RU\"}]}<\/script>\n<!-- \/ Yoast SEO plugin. -->","yoast_head_json":{"title":"\u0421\u0430\u043c\u043e\u0440\u0430\u0441\u0448\u0438\u0440\u044f\u044e\u0449\u0430\u044f\u0441\u044f \u043b\u0435\u043d\u0442\u0430 PENOSIL Expanding Tape 600","description":"PENOSIL Expanding Tape 600 \u0434\u043b\u044f \u0433\u0435\u0440\u043c\u0435\u0442\u0438\u0437\u0430\u0446\u0438\u0438 \u0444\u0430\u0441\u0430\u0434\u043d\u044b\u0445 \u0438 \u043e\u043a\u043e\u043d\u043d\u044b\u0445 \u0448\u0432\u043e\u0432. \u0413\u0435\u0440\u043c\u0435\u0442\u0438\u043a, \u0437\u0430\u0449\u0438\u0449\u0430\u044e\u0449\u0438\u0439 \u043e\u0442 \u0432\u0435\u0442\u0440\u0430, \u0434\u043e\u0436\u0434\u044f \u0438 \u043f\u044b\u043b\u0438. \u041f\u043e\u0434\u0440\u043e\u0431\u043d\u0435\u0435.","robots":{"index":"index","follow":"follow","max-snippet":"max-snippet:-1","max-image-preview":"max-image-preview:large","max-video-preview":"max-video-preview:-1"},"canonical":"https:\/\/penosil.com\/et\/gl_ru\/produkt\/expanding-tape-600pa\/","og_locale":"en_US","og_type":"article","og_title":"\u0421\u0430\u043c\u043e\u0440\u0430\u0441\u0448\u0438\u0440\u044f\u044e\u0449\u0430\u044f\u0441\u044f \u043b\u0435\u043d\u0442\u0430 PENOSIL Expanding Tape 600","og_description":"PENOSIL Expanding Tape 600 \u0434\u043b\u044f \u0433\u0435\u0440\u043c\u0435\u0442\u0438\u0437\u0430\u0446\u0438\u0438 \u0444\u0430\u0441\u0430\u0434\u043d\u044b\u0445 \u0438 \u043e\u043a\u043e\u043d\u043d\u044b\u0445 \u0448\u0432\u043e\u0432. \u0413\u0435\u0440\u043c\u0435\u0442\u0438\u043a, \u0437\u0430\u0449\u0438\u0449\u0430\u044e\u0449\u0438\u0439 \u043e\u0442 \u0432\u0435\u0442\u0440\u0430, \u0434\u043e\u0436\u0434\u044f \u0438 \u043f\u044b\u043b\u0438. \u041f\u043e\u0434\u0440\u043e\u0431\u043d\u0435\u0435.","og_url":"https:\/\/penosil.com\/et\/gl_ru\/produkt\/expanding-tape-600pa\/","og_site_name":"Penosil Estonia","article_modified_time":"2025-02-07T10:47:52+00:00","og_image":[{"width":300,"height":785,"url":"https:\/\/penosil.com\/et\/wp-content\/uploads\/sites\/32\/2020\/05\/Penosil_Expanding_tape_600_web.png","type":"image\/png"}],"twitter_card":"summary_large_image","schema":{"@context":"https:\/\/schema.org","@graph":[{"@type":"WebPage","@id":"https:\/\/penosil.com\/et\/gl_ru\/produkt\/expanding-tape-600pa\/","url":"https:\/\/penosil.com\/et\/gl_ru\/produkt\/expanding-tape-600pa\/","name":"\u0421\u0430\u043c\u043e\u0440\u0430\u0441\u0448\u0438\u0440\u044f\u044e\u0449\u0430\u044f\u0441\u044f \u043b\u0435\u043d\u0442\u0430 PENOSIL Expanding Tape 600","isPartOf":{"@id":"https:\/\/penosil.com\/et\/#website"},"primaryImageOfPage":{"@id":"https:\/\/penosil.com\/et\/gl_ru\/produkt\/expanding-tape-600pa\/#primaryimage"},"image":{"@id":"https:\/\/penosil.com\/et\/gl_ru\/produkt\/expanding-tape-600pa\/#primaryimage"},"thumbnailUrl":"https:\/\/penosil.com\/et\/wp-content\/uploads\/sites\/32\/2020\/05\/Penosil_Expanding_tape_600_web.png","datePublished":"2020-07-08T10:40:19+00:00","dateModified":"2025-02-07T10:47:52+00:00","description":"PENOSIL Expanding Tape 600 \u0434\u043b\u044f \u0433\u0435\u0440\u043c\u0435\u0442\u0438\u0437\u0430\u0446\u0438\u0438 \u0444\u0430\u0441\u0430\u0434\u043d\u044b\u0445 \u0438 \u043e\u043a\u043e\u043d\u043d\u044b\u0445 \u0448\u0432\u043e\u0432. \u0413\u0435\u0440\u043c\u0435\u0442\u0438\u043a, \u0437\u0430\u0449\u0438\u0449\u0430\u044e\u0449\u0438\u0439 \u043e\u0442 \u0432\u0435\u0442\u0440\u0430, \u0434\u043e\u0436\u0434\u044f \u0438 \u043f\u044b\u043b\u0438. \u041f\u043e\u0434\u0440\u043e\u0431\u043d\u0435\u0435.","breadcrumb":{"@id":"https:\/\/penosil.com\/et\/gl_ru\/produkt\/expanding-tape-600pa\/#breadcrumb"},"inLanguage":"gl-RU","potentialAction":[{"@type":"ReadAction","target":["https:\/\/penosil.com\/et\/gl_ru\/produkt\/expanding-tape-600pa\/"]}]},{"@type":"ImageObject","inLanguage":"gl-RU","@id":"https:\/\/penosil.com\/et\/gl_ru\/produkt\/expanding-tape-600pa\/#primaryimage","url":"https:\/\/penosil.com\/et\/wp-content\/uploads\/sites\/32\/2020\/05\/Penosil_Expanding_tape_600_web.png","contentUrl":"https:\/\/penosil.com\/et\/wp-content\/uploads\/sites\/32\/2020\/05\/Penosil_Expanding_tape_600_web.png","width":300,"height":785,"caption":"PENOSIL Premium Expanding Tape 600 pa\u0161l\u012bm\u0113jo\u0161a un pa\u0161uzbriesto\u0161a lente"},{"@type":"BreadcrumbList","@id":"https:\/\/penosil.com\/et\/gl_ru\/produkt\/expanding-tape-600pa\/#breadcrumb","itemListElement":[{"@type":"ListItem","position":1,"name":"\u0414\u043e\u043c\u0430\u0448\u043d\u044f\u044f \u0441\u0442\u0440\u0430\u043d\u0438\u0446\u0430","item":"https:\/\/penosil.com\/et\/gl_ru\/"},{"@type":"ListItem","position":2,"name":"\u041f\u0440\u043e\u0434\u0443\u043a\u0446\u0438\u044f","item":"https:\/\/penosil.com\/et\/gl_ru\/produktsiya\/"},{"@type":"ListItem","position":3,"name":"Expanding Tape 600Pa"}]},{"@type":"WebSite","@id":"https:\/\/penosil.com\/et\/#website","url":"https:\/\/penosil.com\/et\/","name":"Penosil Estonia","description":"","potentialAction":[{"@type":"SearchAction","target":{"@type":"EntryPoint","urlTemplate":"https:\/\/penosil.com\/et\/?s={search_term_string}"},"query-input":{"@type":"PropertyValueSpecification","valueRequired":true,"valueName":"search_term_string"}}],"inLanguage":"gl-RU"}]}},"featured_img":"https:\/\/penosil.com\/et\/wp-content\/uploads\/sites\/32\/2020\/05\/Penosil_Expanding_tape_600_web.png","coauthors":[],"author_meta":{"author_link":"https:\/\/penosil.com\/et\/gl_ru\/author\/reaktiiv-pe\/","display_name":"reaktiiv-pe"},"relative_dates":{"created":"Posted 6 years ago","modified":"Updated 1 year ago"},"absolute_dates":{"created":"Posted on 08\/07\/2020","modified":"Updated on 07\/02\/2025"},"absolute_dates_time":{"created":"Posted on 08\/07\/2020 10:40","modified":"Updated on 07\/02\/2025 12:47"},"featured_img_caption":"","tax_additional":{"product_brand":{"linked":[],"unlinked":[],"slug":"product_brand","name":"Brands"},"product_type":{"linked":["<a href=\"https:\/\/penosil.com\/et\/gl_ru\/?taxonomy=product_type&#038;term=variable\" class=\"advgb-post-tax-term\">variable<\/a>"],"unlinked":["<span class=\"advgb-post-tax-term\">variable<\/span>"],"slug":"product_type","name":"Product type"},"product_visibility":{"linked":["<a href=\"https:\/\/penosil.com\/et\/en\/?taxonomy=product_visibility&#038;term=outofstock\" class=\"advgb-post-tax-term\">outofstock<\/a>"],"unlinked":["<span class=\"advgb-post-tax-term\">outofstock<\/span>"],"slug":"product_visibility","name":"Product visibility"},"product_cat":{"linked":["<a href=\"https:\/\/penosil.com\/et\/gl_ru\/produktsiya\/oblasti-primeneniya\/\" class=\"advgb-post-tax-term\">\u041e\u0431\u043b\u0430\u0441\u0442\u0438 \u043f\u0440\u0438\u043c\u0435\u043d\u0435\u043d\u0438\u044f<\/a>","<a href=\"https:\/\/penosil.com\/et\/gl_ru\/produktsiya\/oblasti-primeneniya\/obshcheye-stroitelstvo\/\" class=\"advgb-post-tax-term\">\u041e\u0431\u0449\u0435\u0435 \u0441\u0442\u0440\u043e\u0438\u0442\u0435\u043b\u044c\u0441\u0442\u0432\u043e<\/a>","<a href=\"https:\/\/penosil.com\/et\/gl_ru\/produktsiya\/gruppa-tovarov\/\" class=\"advgb-post-tax-term\">\u0413\u0440\u0443\u043f\u043f\u0430 \u0442\u043e\u0432\u0430\u0440\u043e\u0432<\/a>","<a href=\"https:\/\/penosil.com\/et\/gl_ru\/produktsiya\/gruppa-tovarov\/%d0%bb%d0%b5%d0%bd%d1%82%d1%8b-%d0%b8-%d0%bc%d0%b5%d0%bc%d0%b1%d1%80%d0%b0%d0%bd%d1%8b\/%d1%81%d0%b0%d0%bc%d0%be%d1%80%d0%b0%d1%81%d1%88%d0%b8%d1%80%d1%8f%d1%8e%d1%89%d0%b8%d0%b5%d1%81%d1%8f-%d0%bb%d0%b5%d0%bd%d1%82%d1%8b\/\" class=\"advgb-post-tax-term\">\u0421\u0430\u043c\u043e\u0440\u0430\u0441\u0448\u0438\u0440\u044f\u044e\u0449\u0438\u0435\u0441\u044f \u043b\u0435\u043d\u0442\u044b<\/a>","<a href=\"https:\/\/penosil.com\/et\/gl_ru\/produktsiya\/gruppa-tovarov\/%d0%bb%d0%b5%d0%bd%d1%82%d1%8b-%d0%b8-%d0%bc%d0%b5%d0%bc%d0%b1%d1%80%d0%b0%d0%bd%d1%8b\/\" class=\"advgb-post-tax-term\">\u041b\u0435\u043d\u0442\u044b \u0438 \u043c\u0435\u043c\u0431\u0440\u0430\u043d\u044b<\/a>"],"unlinked":["<span class=\"advgb-post-tax-term\">\u041e\u0431\u043b\u0430\u0441\u0442\u0438 \u043f\u0440\u0438\u043c\u0435\u043d\u0435\u043d\u0438\u044f<\/span>","<span class=\"advgb-post-tax-term\">\u041e\u0431\u0449\u0435\u0435 \u0441\u0442\u0440\u043e\u0438\u0442\u0435\u043b\u044c\u0441\u0442\u0432\u043e<\/span>","<span class=\"advgb-post-tax-term\">\u0413\u0440\u0443\u043f\u043f\u0430 \u0442\u043e\u0432\u0430\u0440\u043e\u0432<\/span>","<span class=\"advgb-post-tax-term\">\u0421\u0430\u043c\u043e\u0440\u0430\u0441\u0448\u0438\u0440\u044f\u044e\u0449\u0438\u0435\u0441\u044f \u043b\u0435\u043d\u0442\u044b<\/span>","<span class=\"advgb-post-tax-term\">\u041b\u0435\u043d\u0442\u044b \u0438 \u043c\u0435\u043c\u0431\u0440\u0430\u043d\u044b<\/span>"],"slug":"product_cat","name":"Product categories"},"product_tag":{"linked":[],"unlinked":[],"slug":"product_tag","name":"Product tags"},"product_shipping_class":{"linked":[],"unlinked":[],"slug":"product_shipping_class","name":"Product shipping classes"},"pos_product_visibility":{"linked":[],"unlinked":[],"slug":"pos_product_visibility","name":"POS Product visibility"},"pa_color":{"linked":["<a href=\"https:\/\/penosil.com\/et\/gl_ru\/?taxonomy=pa_color&#038;term=chernyy\" class=\"advgb-post-tax-term\">\u0447\u0435\u0440\u043d\u044b\u0439<\/a>"],"unlinked":["<span class=\"advgb-post-tax-term\">\u0447\u0435\u0440\u043d\u044b\u0439<\/span>"],"slug":"pa_color","name":"Product Colour"},"pa_diameter":{"linked":[],"unlinked":[],"slug":"pa_diameter","name":"Product Diameter"},"pa_package":{"linked":["<a href=\"https:\/\/penosil.com\/et\/gl_ru\/?taxonomy=pa_package&#038;term=15-8-12mm-43m-%d1%80%d1%83%d0%bb%d0%be%d0%bd\" class=\"advgb-post-tax-term\">15\/8-12mm, 4,3m \u0440\u0443\u043b\u043e\u043d<\/a>"],"unlinked":["<span class=\"advgb-post-tax-term\">15\/8-12mm, 4,3m \u0440\u0443\u043b\u043e\u043d<\/span>"],"slug":"pa_package","name":"Product Package"},"pa_roll":{"linked":[],"unlinked":[],"slug":"pa_roll","name":"Product Roll"},"pa_widths":{"linked":[],"unlinked":[],"slug":"pa_widths","name":"Product Widths"},"translation_priority":{"linked":["<a href=\"https:\/\/penosil.com\/et\/gl_ru\/?taxonomy=translation_priority&#038;term=optional-gl_ru\" class=\"advgb-post-tax-term\">Optional<\/a>"],"unlinked":["<span class=\"advgb-post-tax-term\">Optional<\/span>"],"slug":"translation_priority","name":"Translation Priorities"}},"series_order":"","_links":{"self":[{"href":"https:\/\/penosil.com\/et\/gl_ru\/wp-json\/wp\/v2\/product\/24877","targetHints":{"allow":["GET"]}}],"collection":[{"href":"https:\/\/penosil.com\/et\/gl_ru\/wp-json\/wp\/v2\/product"}],"about":[{"href":"https:\/\/penosil.com\/et\/gl_ru\/wp-json\/wp\/v2\/types\/product"}],"version-history":[{"count":5,"href":"https:\/\/penosil.com\/et\/gl_ru\/wp-json\/wp\/v2\/product\/24877\/revisions"}],"predecessor-version":[{"id":33511,"href":"https:\/\/penosil.com\/et\/gl_ru\/wp-json\/wp\/v2\/product\/24877\/revisions\/33511"}],"wp:featuredmedia":[{"embeddable":true,"href":"https:\/\/penosil.com\/et\/gl_ru\/wp-json\/wp\/v2\/media\/18920"}],"wp:attachment":[{"href":"https:\/\/penosil.com\/et\/gl_ru\/wp-json\/wp\/v2\/media?parent=24877"}],"wp:term":[{"taxonomy":"product_brand","embeddable":true,"href":"https:\/\/penosil.com\/et\/gl_ru\/wp-json\/wp\/v2\/product_brand?post=24877"},{"taxonomy":"product_cat","embeddable":true,"href":"https:\/\/penosil.com\/et\/gl_ru\/wp-json\/wp\/v2\/product_cat?post=24877"},{"taxonomy":"product_tag","embeddable":true,"href":"https:\/\/penosil.com\/et\/gl_ru\/wp-json\/wp\/v2\/product_tag?post=24877"}],"curies":[{"name":"wp","href":"https:\/\/api.w.org\/{rel}","templated":true}]}}