{"id":24957,"date":"2020-07-09T05:34:16","date_gmt":"2020-07-09T05:34:16","guid":{"rendered":"https:\/\/penosil.com\/et\/?post_type=product&#038;p=24957"},"modified":"2026-02-09T10:46:43","modified_gmt":"2026-02-09T08:46:43","slug":"firestop-silicone-331","status":"publish","type":"product","link":"https:\/\/penosil.com\/et\/gl_ru\/produkt\/firestop-silicone-331\/","title":{"rendered":"FireStop Silicone 331"},"content":{"rendered":"<p>\u041d\u0435\u0439\u0442\u0440\u0430\u043b\u044c\u043d\u043e-\u043e\u0442\u0432\u0435\u0440\u0436\u0434\u0430\u0435\u043c\u044b\u0439 \u0441\u0438\u043b\u0438\u043a\u043e\u043d\u043e\u0432\u044b\u0439 \u0433\u0435\u0440\u043c\u0435\u0442\u0438\u043a \u0441 \u043f\u043e\u0432\u044b\u0448\u0435\u043d\u043d\u043e\u0439 \u043e\u0433\u043d\u0435\u0441\u0442\u043e\u0439\u043a\u043e\u0441\u0442\u044c\u044e \u0434\u043b\u044f \u0437\u0430\u043f\u043e\u043b\u043d\u0435\u043d\u0438\u044f \u0448\u0432\u043e\u0432, \u043f\u043e\u0434\u0432\u0435\u0440\u0436\u0435\u043d\u043d\u044b\u0445 \u0432\u043e\u0437\u0434\u0435\u0439\u0441\u0442\u0432\u0438\u044e \u043e\u0433\u043d\u044f.<\/p>\n","protected":false},"excerpt":{"rendered":"\u041d\u0435\u0439\u0442\u0440\u0430\u043b\u044c\u043d\u043e-\u043e\u0442\u0432\u0435\u0440\u0436\u0434\u0430\u0435\u043c\u044b\u0439 \u0441\u0438\u043b\u0438\u043a\u043e\u043d\u043e\u0432\u044b\u0439 \u0433\u0435\u0440\u043c\u0435\u0442\u0438\u043a \u0441 \u043f\u043e\u0432\u044b\u0448\u0435\u043d\u043d\u043e\u0439 \u043e\u0433\u043d\u0435\u0441\u0442\u043e\u0439\u043a\u043e\u0441\u0442\u044c\u044e \u0434\u043b\u044f \u0437\u0430\u043f\u043e\u043b\u043d\u0435\u043d\u0438\u044f \u0448\u0432\u043e\u0432, \u043f\u043e\u0434\u0432\u0435\u0440\u0436\u0435\u043d\u043d\u044b\u0445 \u0432\u043e\u0437\u0434\u0435\u0439\u0441\u0442\u0432\u0438\u044e \u043e\u0433\u043d\u044f.","protected":false},"author":1,"featured_media":29731,"template":"","meta":{"_acf_changed":false,"advgb_blocks_editor_width":"","advgb_blocks_columns_visual_guide":"","footnotes":""},"product_brand":[],"product_cat":[333,2641,1356,1603,655],"product_tag":[],"class_list":{"0":"post-24957","1":"product","2":"type-product","3":"status-publish","4":"has-post-thumbnail","6":"product_cat-oblasti-primeneniya","7":"product_cat-2641","8":"product_cat-gruppa-tovarov","9":"product_cat-germetiki","10":"product_cat-obespecheniye-ognestoykosti-kley","12":"first","13":"instock","14":"taxable","15":"shipping-taxable","16":"purchasable","17":"product-type-variable","18":"has-default-attributes"},"acf":[],"yoast_head":"<!-- This site is optimized with the Yoast SEO plugin v27.2 - https:\/\/yoast.com\/product\/yoast-seo-wordpress\/ -->\n<title>\u0421\u0438\u043b\u0438\u043a\u043e\u043d \u0434\u043b\u044f \u043e\u0433\u043d\u0435\u0443\u043f\u043e\u0440\u043d\u044b\u0445 \u0440\u0430\u0431\u043e\u0442 PENOSIL FireStop Silicone 331<\/title>\n<meta name=\"description\" content=\"PENOSIL FireStop Silicone 331 \u0441\u0438\u043b\u0438\u043a\u043e\u043d\u043e\u0432\u044b\u0439 \u0433\u0435\u0440\u043c\u0435\u0442\u0438\u043a \u0441 \u043f\u043e\u0432\u044b\u0448\u0435\u043d\u043d\u043e\u0439 \u043e\u0433\u043d\u0435\u0441\u0442\u043e\u0439\u043a\u043e\u0441\u0442\u044c\u044e. \u0412\u044b\u0434\u0435\u0440\u0436\u0438\u0432\u0430\u0435\u0442 \u043e\u0433\u043e\u043d\u044c \u0434\u043e 4 \u0447\u0430\u0441\u043e\u0432. \u041f\u043e\u0434\u0440\u043e\u0431\u043d\u0435\u0435!\" \/>\n<meta name=\"robots\" content=\"index, follow, max-snippet:-1, max-image-preview:large, max-video-preview:-1\" \/>\n<link rel=\"canonical\" href=\"https:\/\/penosil.com\/et\/gl_ru\/produkt\/firestop-silicone-331\/\" \/>\n<meta property=\"og:locale\" content=\"en_US\" \/>\n<meta property=\"og:type\" content=\"article\" \/>\n<meta property=\"og:title\" content=\"\u0421\u0438\u043b\u0438\u043a\u043e\u043d \u0434\u043b\u044f \u043e\u0433\u043d\u0435\u0443\u043f\u043e\u0440\u043d\u044b\u0445 \u0440\u0430\u0431\u043e\u0442 PENOSIL FireStop Silicone 331\" \/>\n<meta property=\"og:description\" content=\"PENOSIL FireStop Silicone 331 \u0441\u0438\u043b\u0438\u043a\u043e\u043d\u043e\u0432\u044b\u0439 \u0433\u0435\u0440\u043c\u0435\u0442\u0438\u043a \u0441 \u043f\u043e\u0432\u044b\u0448\u0435\u043d\u043d\u043e\u0439 \u043e\u0433\u043d\u0435\u0441\u0442\u043e\u0439\u043a\u043e\u0441\u0442\u044c\u044e. \u0412\u044b\u0434\u0435\u0440\u0436\u0438\u0432\u0430\u0435\u0442 \u043e\u0433\u043e\u043d\u044c \u0434\u043e 4 \u0447\u0430\u0441\u043e\u0432. \u041f\u043e\u0434\u0440\u043e\u0431\u043d\u0435\u0435!\" \/>\n<meta property=\"og:url\" content=\"https:\/\/penosil.com\/et\/gl_ru\/produkt\/firestop-silicone-331\/\" \/>\n<meta property=\"og:site_name\" content=\"Penosil Estonia\" \/>\n<meta property=\"article:modified_time\" content=\"2026-02-09T08:46:43+00:00\" \/>\n<meta property=\"og:image\" content=\"https:\/\/penosil.com\/et\/wp-content\/uploads\/sites\/32\/2020\/06\/331_Firestop_Silicone_331_EE_FI-700x1955.png\" \/>\n\t<meta property=\"og:image:width\" content=\"700\" \/>\n\t<meta property=\"og:image:height\" content=\"1955\" \/>\n\t<meta property=\"og:image:type\" content=\"image\/png\" \/>\n<meta name=\"twitter:card\" content=\"summary_large_image\" \/>\n<script type=\"application\/ld+json\" class=\"yoast-schema-graph\">{\"@context\":\"https:\/\/schema.org\",\"@graph\":[{\"@type\":\"WebPage\",\"@id\":\"https:\/\/penosil.com\/et\/gl_ru\/produkt\/firestop-silicone-331\/\",\"url\":\"https:\/\/penosil.com\/et\/gl_ru\/produkt\/firestop-silicone-331\/\",\"name\":\"\u0421\u0438\u043b\u0438\u043a\u043e\u043d \u0434\u043b\u044f \u043e\u0433\u043d\u0435\u0443\u043f\u043e\u0440\u043d\u044b\u0445 \u0440\u0430\u0431\u043e\u0442 PENOSIL FireStop Silicone 331\",\"isPartOf\":{\"@id\":\"https:\/\/penosil.com\/et\/#website\"},\"primaryImageOfPage\":{\"@id\":\"https:\/\/penosil.com\/et\/gl_ru\/produkt\/firestop-silicone-331\/#primaryimage\"},\"image\":{\"@id\":\"https:\/\/penosil.com\/et\/gl_ru\/produkt\/firestop-silicone-331\/#primaryimage\"},\"thumbnailUrl\":\"https:\/\/penosil.com\/et\/wp-content\/uploads\/sites\/32\/2020\/06\/331_Firestop_Silicone_331_EE_FI.png\",\"datePublished\":\"2020-07-09T05:34:16+00:00\",\"dateModified\":\"2026-02-09T08:46:43+00:00\",\"description\":\"PENOSIL FireStop Silicone 331 \u0441\u0438\u043b\u0438\u043a\u043e\u043d\u043e\u0432\u044b\u0439 \u0433\u0435\u0440\u043c\u0435\u0442\u0438\u043a \u0441 \u043f\u043e\u0432\u044b\u0448\u0435\u043d\u043d\u043e\u0439 \u043e\u0433\u043d\u0435\u0441\u0442\u043e\u0439\u043a\u043e\u0441\u0442\u044c\u044e. \u0412\u044b\u0434\u0435\u0440\u0436\u0438\u0432\u0430\u0435\u0442 \u043e\u0433\u043e\u043d\u044c \u0434\u043e 4 \u0447\u0430\u0441\u043e\u0432. \u041f\u043e\u0434\u0440\u043e\u0431\u043d\u0435\u0435!\",\"breadcrumb\":{\"@id\":\"https:\/\/penosil.com\/et\/gl_ru\/produkt\/firestop-silicone-331\/#breadcrumb\"},\"inLanguage\":\"gl-RU\",\"potentialAction\":[{\"@type\":\"ReadAction\",\"target\":[\"https:\/\/penosil.com\/et\/gl_ru\/produkt\/firestop-silicone-331\/\"]}]},{\"@type\":\"ImageObject\",\"inLanguage\":\"gl-RU\",\"@id\":\"https:\/\/penosil.com\/et\/gl_ru\/produkt\/firestop-silicone-331\/#primaryimage\",\"url\":\"https:\/\/penosil.com\/et\/wp-content\/uploads\/sites\/32\/2020\/06\/331_Firestop_Silicone_331_EE_FI.png\",\"contentUrl\":\"https:\/\/penosil.com\/et\/wp-content\/uploads\/sites\/32\/2020\/06\/331_Firestop_Silicone_331_EE_FI.png\",\"width\":870,\"height\":2430,\"caption\":\"FireStop Silicone 331 neutraalne silikoon tulet\u00f5kke t\u00f6\u00f6deks\"},{\"@type\":\"BreadcrumbList\",\"@id\":\"https:\/\/penosil.com\/et\/gl_ru\/produkt\/firestop-silicone-331\/#breadcrumb\",\"itemListElement\":[{\"@type\":\"ListItem\",\"position\":1,\"name\":\"\u0414\u043e\u043c\u0430\u0448\u043d\u044f\u044f \u0441\u0442\u0440\u0430\u043d\u0438\u0446\u0430\",\"item\":\"https:\/\/penosil.com\/et\/gl_ru\/\"},{\"@type\":\"ListItem\",\"position\":2,\"name\":\"\u041f\u0440\u043e\u0434\u0443\u043a\u0446\u0438\u044f\",\"item\":\"https:\/\/penosil.com\/et\/gl_ru\/produktsiya\/\"},{\"@type\":\"ListItem\",\"position\":3,\"name\":\"FireStop Silicone 331\"}]},{\"@type\":\"WebSite\",\"@id\":\"https:\/\/penosil.com\/et\/#website\",\"url\":\"https:\/\/penosil.com\/et\/\",\"name\":\"Penosil Estonia\",\"description\":\"\",\"potentialAction\":[{\"@type\":\"SearchAction\",\"target\":{\"@type\":\"EntryPoint\",\"urlTemplate\":\"https:\/\/penosil.com\/et\/?s={search_term_string}\"},\"query-input\":{\"@type\":\"PropertyValueSpecification\",\"valueRequired\":true,\"valueName\":\"search_term_string\"}}],\"inLanguage\":\"gl-RU\"}]}<\/script>\n<!-- \/ Yoast SEO plugin. -->","yoast_head_json":{"title":"\u0421\u0438\u043b\u0438\u043a\u043e\u043d \u0434\u043b\u044f \u043e\u0433\u043d\u0435\u0443\u043f\u043e\u0440\u043d\u044b\u0445 \u0440\u0430\u0431\u043e\u0442 PENOSIL FireStop Silicone 331","description":"PENOSIL FireStop Silicone 331 \u0441\u0438\u043b\u0438\u043a\u043e\u043d\u043e\u0432\u044b\u0439 \u0433\u0435\u0440\u043c\u0435\u0442\u0438\u043a \u0441 \u043f\u043e\u0432\u044b\u0448\u0435\u043d\u043d\u043e\u0439 \u043e\u0433\u043d\u0435\u0441\u0442\u043e\u0439\u043a\u043e\u0441\u0442\u044c\u044e. \u0412\u044b\u0434\u0435\u0440\u0436\u0438\u0432\u0430\u0435\u0442 \u043e\u0433\u043e\u043d\u044c \u0434\u043e 4 \u0447\u0430\u0441\u043e\u0432. \u041f\u043e\u0434\u0440\u043e\u0431\u043d\u0435\u0435!","robots":{"index":"index","follow":"follow","max-snippet":"max-snippet:-1","max-image-preview":"max-image-preview:large","max-video-preview":"max-video-preview:-1"},"canonical":"https:\/\/penosil.com\/et\/gl_ru\/produkt\/firestop-silicone-331\/","og_locale":"en_US","og_type":"article","og_title":"\u0421\u0438\u043b\u0438\u043a\u043e\u043d \u0434\u043b\u044f \u043e\u0433\u043d\u0435\u0443\u043f\u043e\u0440\u043d\u044b\u0445 \u0440\u0430\u0431\u043e\u0442 PENOSIL FireStop Silicone 331","og_description":"PENOSIL FireStop Silicone 331 \u0441\u0438\u043b\u0438\u043a\u043e\u043d\u043e\u0432\u044b\u0439 \u0433\u0435\u0440\u043c\u0435\u0442\u0438\u043a \u0441 \u043f\u043e\u0432\u044b\u0448\u0435\u043d\u043d\u043e\u0439 \u043e\u0433\u043d\u0435\u0441\u0442\u043e\u0439\u043a\u043e\u0441\u0442\u044c\u044e. \u0412\u044b\u0434\u0435\u0440\u0436\u0438\u0432\u0430\u0435\u0442 \u043e\u0433\u043e\u043d\u044c \u0434\u043e 4 \u0447\u0430\u0441\u043e\u0432. \u041f\u043e\u0434\u0440\u043e\u0431\u043d\u0435\u0435!","og_url":"https:\/\/penosil.com\/et\/gl_ru\/produkt\/firestop-silicone-331\/","og_site_name":"Penosil Estonia","article_modified_time":"2026-02-09T08:46:43+00:00","og_image":[{"width":700,"height":1955,"url":"https:\/\/penosil.com\/et\/wp-content\/uploads\/sites\/32\/2020\/06\/331_Firestop_Silicone_331_EE_FI-700x1955.png","type":"image\/png"}],"twitter_card":"summary_large_image","schema":{"@context":"https:\/\/schema.org","@graph":[{"@type":"WebPage","@id":"https:\/\/penosil.com\/et\/gl_ru\/produkt\/firestop-silicone-331\/","url":"https:\/\/penosil.com\/et\/gl_ru\/produkt\/firestop-silicone-331\/","name":"\u0421\u0438\u043b\u0438\u043a\u043e\u043d \u0434\u043b\u044f \u043e\u0433\u043d\u0435\u0443\u043f\u043e\u0440\u043d\u044b\u0445 \u0440\u0430\u0431\u043e\u0442 PENOSIL FireStop Silicone 331","isPartOf":{"@id":"https:\/\/penosil.com\/et\/#website"},"primaryImageOfPage":{"@id":"https:\/\/penosil.com\/et\/gl_ru\/produkt\/firestop-silicone-331\/#primaryimage"},"image":{"@id":"https:\/\/penosil.com\/et\/gl_ru\/produkt\/firestop-silicone-331\/#primaryimage"},"thumbnailUrl":"https:\/\/penosil.com\/et\/wp-content\/uploads\/sites\/32\/2020\/06\/331_Firestop_Silicone_331_EE_FI.png","datePublished":"2020-07-09T05:34:16+00:00","dateModified":"2026-02-09T08:46:43+00:00","description":"PENOSIL FireStop Silicone 331 \u0441\u0438\u043b\u0438\u043a\u043e\u043d\u043e\u0432\u044b\u0439 \u0433\u0435\u0440\u043c\u0435\u0442\u0438\u043a \u0441 \u043f\u043e\u0432\u044b\u0448\u0435\u043d\u043d\u043e\u0439 \u043e\u0433\u043d\u0435\u0441\u0442\u043e\u0439\u043a\u043e\u0441\u0442\u044c\u044e. \u0412\u044b\u0434\u0435\u0440\u0436\u0438\u0432\u0430\u0435\u0442 \u043e\u0433\u043e\u043d\u044c \u0434\u043e 4 \u0447\u0430\u0441\u043e\u0432. \u041f\u043e\u0434\u0440\u043e\u0431\u043d\u0435\u0435!","breadcrumb":{"@id":"https:\/\/penosil.com\/et\/gl_ru\/produkt\/firestop-silicone-331\/#breadcrumb"},"inLanguage":"gl-RU","potentialAction":[{"@type":"ReadAction","target":["https:\/\/penosil.com\/et\/gl_ru\/produkt\/firestop-silicone-331\/"]}]},{"@type":"ImageObject","inLanguage":"gl-RU","@id":"https:\/\/penosil.com\/et\/gl_ru\/produkt\/firestop-silicone-331\/#primaryimage","url":"https:\/\/penosil.com\/et\/wp-content\/uploads\/sites\/32\/2020\/06\/331_Firestop_Silicone_331_EE_FI.png","contentUrl":"https:\/\/penosil.com\/et\/wp-content\/uploads\/sites\/32\/2020\/06\/331_Firestop_Silicone_331_EE_FI.png","width":870,"height":2430,"caption":"FireStop Silicone 331 neutraalne silikoon tulet\u00f5kke t\u00f6\u00f6deks"},{"@type":"BreadcrumbList","@id":"https:\/\/penosil.com\/et\/gl_ru\/produkt\/firestop-silicone-331\/#breadcrumb","itemListElement":[{"@type":"ListItem","position":1,"name":"\u0414\u043e\u043c\u0430\u0448\u043d\u044f\u044f \u0441\u0442\u0440\u0430\u043d\u0438\u0446\u0430","item":"https:\/\/penosil.com\/et\/gl_ru\/"},{"@type":"ListItem","position":2,"name":"\u041f\u0440\u043e\u0434\u0443\u043a\u0446\u0438\u044f","item":"https:\/\/penosil.com\/et\/gl_ru\/produktsiya\/"},{"@type":"ListItem","position":3,"name":"FireStop Silicone 331"}]},{"@type":"WebSite","@id":"https:\/\/penosil.com\/et\/#website","url":"https:\/\/penosil.com\/et\/","name":"Penosil Estonia","description":"","potentialAction":[{"@type":"SearchAction","target":{"@type":"EntryPoint","urlTemplate":"https:\/\/penosil.com\/et\/?s={search_term_string}"},"query-input":{"@type":"PropertyValueSpecification","valueRequired":true,"valueName":"search_term_string"}}],"inLanguage":"gl-RU"}]}},"featured_img":"https:\/\/penosil.com\/et\/wp-content\/uploads\/sites\/32\/2020\/06\/331_Firestop_Silicone_331_EE_FI.png","coauthors":[],"author_meta":{"author_link":"https:\/\/penosil.com\/et\/gl_ru\/author\/reaktiiv-pe\/","display_name":"reaktiiv-pe"},"relative_dates":{"created":"Posted 6 years ago","modified":"Updated 2 months ago"},"absolute_dates":{"created":"Posted on 09\/07\/2020","modified":"Updated on 09\/02\/2026"},"absolute_dates_time":{"created":"Posted on 09\/07\/2020 05:34","modified":"Updated on 09\/02\/2026 10:46"},"featured_img_caption":"","tax_additional":{"product_brand":{"linked":[],"unlinked":[],"slug":"product_brand","name":"Brands"},"product_type":{"linked":["<a href=\"https:\/\/penosil.com\/et\/gl_ru\/?taxonomy=product_type&#038;term=variable\" class=\"advgb-post-tax-term\">variable<\/a>"],"unlinked":["<span class=\"advgb-post-tax-term\">variable<\/span>"],"slug":"product_type","name":"Product type"},"product_visibility":{"linked":[],"unlinked":[],"slug":"product_visibility","name":"Product visibility"},"product_cat":{"linked":["<a href=\"https:\/\/penosil.com\/et\/gl_ru\/produktsiya\/oblasti-primeneniya\/\" class=\"advgb-post-tax-term\">\u041e\u0431\u043b\u0430\u0441\u0442\u0438 \u043f\u0440\u0438\u043c\u0435\u043d\u0435\u043d\u0438\u044f<\/a>","<a href=\"https:\/\/penosil.com\/et\/gl_ru\/produktsiya\/gruppa-tovarov\/germetiki\/%d0%bd%d0%b5%d0%b9%d1%82%d1%80%d0%b0%d0%bb%d1%8c%d0%bd%d1%8b%d0%b5-%d1%81%d0%b8%d0%bb%d0%b8%d0%ba%d0%be%d0%bd%d0%be%d0%b2%d1%8b%d0%b5-%d0%b3%d0%b5%d1%80%d0%bc%d0%b5%d1%82%d0%b8%d0%ba%d0%b8\/\" class=\"advgb-post-tax-term\">\u041d\u0435\u0439\u0442\u0440\u0430\u043b\u044c\u043d\u044b\u0435 \u0441\u0438\u043b\u0438\u043a\u043e\u043d\u043e\u0432\u044b\u0435 \u0433\u0435\u0440\u043c\u0435\u0442\u0438\u043a\u0438<\/a>","<a href=\"https:\/\/penosil.com\/et\/gl_ru\/produktsiya\/gruppa-tovarov\/\" class=\"advgb-post-tax-term\">\u0413\u0440\u0443\u043f\u043f\u0430 \u0442\u043e\u0432\u0430\u0440\u043e\u0432<\/a>","<a href=\"https:\/\/penosil.com\/et\/gl_ru\/produktsiya\/gruppa-tovarov\/germetiki\/\" class=\"advgb-post-tax-term\">\u0413\u0435\u0440\u043c\u0435\u0442\u0438\u043a\u0438 \u0438 \u043c\u0430\u0441\u0442\u0438\u043a\u0438<\/a>","<a href=\"https:\/\/penosil.com\/et\/gl_ru\/produktsiya\/oblasti-primeneniya\/obespecheniye-ognestoykosti-kley\/\" class=\"advgb-post-tax-term\">\u041e\u0431\u0435\u0441\u043f\u0435\u0447\u0435\u043d\u0438\u0435 \u043e\u0433\u043d\u0435\u0441\u0442\u043e\u0439\u043a\u043e\u0441\u0442\u0438<\/a>"],"unlinked":["<span class=\"advgb-post-tax-term\">\u041e\u0431\u043b\u0430\u0441\u0442\u0438 \u043f\u0440\u0438\u043c\u0435\u043d\u0435\u043d\u0438\u044f<\/span>","<span class=\"advgb-post-tax-term\">\u041d\u0435\u0439\u0442\u0440\u0430\u043b\u044c\u043d\u044b\u0435 \u0441\u0438\u043b\u0438\u043a\u043e\u043d\u043e\u0432\u044b\u0435 \u0433\u0435\u0440\u043c\u0435\u0442\u0438\u043a\u0438<\/span>","<span class=\"advgb-post-tax-term\">\u0413\u0440\u0443\u043f\u043f\u0430 \u0442\u043e\u0432\u0430\u0440\u043e\u0432<\/span>","<span class=\"advgb-post-tax-term\">\u0413\u0435\u0440\u043c\u0435\u0442\u0438\u043a\u0438 \u0438 \u043c\u0430\u0441\u0442\u0438\u043a\u0438<\/span>","<span class=\"advgb-post-tax-term\">\u041e\u0431\u0435\u0441\u043f\u0435\u0447\u0435\u043d\u0438\u0435 \u043e\u0433\u043d\u0435\u0441\u0442\u043e\u0439\u043a\u043e\u0441\u0442\u0438<\/span>"],"slug":"product_cat","name":"Product categories"},"product_tag":{"linked":[],"unlinked":[],"slug":"product_tag","name":"Product tags"},"product_shipping_class":{"linked":[],"unlinked":[],"slug":"product_shipping_class","name":"Product shipping classes"},"pos_product_visibility":{"linked":[],"unlinked":[],"slug":"pos_product_visibility","name":"POS Product visibility"},"pa_color":{"linked":["<a href=\"https:\/\/penosil.com\/et\/gl_ru\/?taxonomy=pa_color&#038;term=seryy\" class=\"advgb-post-tax-term\">\u0421\u0435\u0440\u044b\u0439<\/a>","<a href=\"https:\/\/penosil.com\/et\/gl_ru\/?taxonomy=pa_color&#038;term=beliyy\" class=\"advgb-post-tax-term\">\u0411\u0435\u043b\u044b\u0439<\/a>"],"unlinked":["<span class=\"advgb-post-tax-term\">\u0421\u0435\u0440\u044b\u0439<\/span>","<span class=\"advgb-post-tax-term\">\u0411\u0435\u043b\u044b\u0439<\/span>"],"slug":"pa_color","name":"Product Colour"},"pa_diameter":{"linked":[],"unlinked":[],"slug":"pa_diameter","name":"Product Diameter"},"pa_package":{"linked":["<a href=\"https:\/\/penosil.com\/et\/gl_ru\/?taxonomy=pa_package&#038;term=600-ml-gl_ru\" class=\"advgb-post-tax-term\">600 ml<\/a>","<a href=\"https:\/\/penosil.com\/et\/gl_ru\/?taxonomy=pa_package&#038;term=300-ml-gl_ru\" class=\"advgb-post-tax-term\">300 ml<\/a>"],"unlinked":["<span class=\"advgb-post-tax-term\">600 ml<\/span>","<span class=\"advgb-post-tax-term\">300 ml<\/span>"],"slug":"pa_package","name":"Product Package"},"pa_roll":{"linked":[],"unlinked":[],"slug":"pa_roll","name":"Product Roll"},"pa_widths":{"linked":[],"unlinked":[],"slug":"pa_widths","name":"Product Widths"},"translation_priority":{"linked":["<a href=\"https:\/\/penosil.com\/et\/gl_ru\/?taxonomy=translation_priority&#038;term=optional-gl_ru\" class=\"advgb-post-tax-term\">Optional<\/a>"],"unlinked":["<span class=\"advgb-post-tax-term\">Optional<\/span>"],"slug":"translation_priority","name":"Translation Priorities"}},"series_order":"","_links":{"self":[{"href":"https:\/\/penosil.com\/et\/gl_ru\/wp-json\/wp\/v2\/product\/24957","targetHints":{"allow":["GET"]}}],"collection":[{"href":"https:\/\/penosil.com\/et\/gl_ru\/wp-json\/wp\/v2\/product"}],"about":[{"href":"https:\/\/penosil.com\/et\/gl_ru\/wp-json\/wp\/v2\/types\/product"}],"version-history":[{"count":7,"href":"https:\/\/penosil.com\/et\/gl_ru\/wp-json\/wp\/v2\/product\/24957\/revisions"}],"predecessor-version":[{"id":33623,"href":"https:\/\/penosil.com\/et\/gl_ru\/wp-json\/wp\/v2\/product\/24957\/revisions\/33623"}],"wp:featuredmedia":[{"embeddable":true,"href":"https:\/\/penosil.com\/et\/gl_ru\/wp-json\/wp\/v2\/media\/29731"}],"wp:attachment":[{"href":"https:\/\/penosil.com\/et\/gl_ru\/wp-json\/wp\/v2\/media?parent=24957"}],"wp:term":[{"taxonomy":"product_brand","embeddable":true,"href":"https:\/\/penosil.com\/et\/gl_ru\/wp-json\/wp\/v2\/product_brand?post=24957"},{"taxonomy":"product_cat","embeddable":true,"href":"https:\/\/penosil.com\/et\/gl_ru\/wp-json\/wp\/v2\/product_cat?post=24957"},{"taxonomy":"product_tag","embeddable":true,"href":"https:\/\/penosil.com\/et\/gl_ru\/wp-json\/wp\/v2\/product_tag?post=24957"}],"curies":[{"name":"wp","href":"https:\/\/api.w.org\/{rel}","templated":true}]}}